{"id":59879,"date":"2026-05-06T15:28:40","date_gmt":"2026-05-06T13:28:40","guid":{"rendered":"https:\/\/www.koonings.com\/product\/cosmobella-8228-sl64\/"},"modified":"2026-02-16T14:43:42","modified_gmt":"2026-02-16T13:43:42","slug":"cosmobella-8228-sl64","status":"publish","type":"product","link":"https:\/\/www.koonings.com\/fr\/product\/cosmobella-8228-sl64\/","title":{"rendered":"Cosmobella 8228 + SL64"},"content":{"rendered":"<p>Le mod\u00e8le sexy 8228 pr\u00e9sente un corsage en forme de c\u0153ur avec de d\u00e9licates bretelles spaghetti et une dentelle perl\u00e9e complexe. La jupe trap\u00e8ze sans effort brille dans un tulle chatoyant. Compl\u00e9tez le look avec des manches \u00e9piscopales ou optez pour un mod\u00e8le \u00e0 \u00e9paules d\u00e9couvertes \u00e0 l&#8217;effet captivant de cape. Les manches d\u00e9tachables SL63 et SL64 (vendues s\u00e9par\u00e9ment) sont des ajouts \u00e0 la robe.   <\/p>\n","protected":false},"featured_media":55768,"template":"","meta":{"_acf_changed":false,"ghostkit_customizer_options":"","ghostkit_custom_css":"","ghostkit_custom_js_head":"","ghostkit_custom_js_foot":"","ghostkit_typography":""},"productdetails":[376,378,381],"productneck":[355],"productcolor":[393,392],"maat":[],"productsupplier":[400],"productsleeve":[359],"productcategory":[18],"productsilhouette":[384],"productstyle":[366,370],"class_list":["post-59879","product","type-product","status-publish","has-post-thumbnail","hentry","productdetails-376","productdetails-378","productdetails-381","productneck-355","productcolor-393","productcolor-392","productsupplier-cosmobella","productsleeve-359","productcategory-trouwjurken","productsilhouette-384","productstyle-366","productstyle-370"],"acf":[],"yoast_head":"<!-- This site is optimized with the Yoast SEO plugin v27.3 - https:\/\/yoast.com\/product\/yoast-seo-wordpress\/ -->\n<title>Cosmobella 8228 + SL64 | Koonings<\/title>\n<meta name=\"description\" content=\"Le mod\u00e8le sexy 8228 pr\u00e9sente un corsage en forme de c\u0153ur avec de d\u00e9licates bretelles spaghetti et une dentelle perl\u00e9e complexe. La jupe trap\u00e8ze sans effort brille dans un tulle chatoyant. Compl\u00e9tez le look avec des manches \u00e9piscopales ou optez pour un mod\u00e8le \u00e0 \u00e9paules d\u00e9couvertes \u00e0 l&#039;effet captivant de cape. Les manches d\u00e9tachables SL63 et SL64 (vendues s\u00e9par\u00e9ment) sont des ajouts \u00e0 la robe.\" \/>\n<meta name=\"robots\" content=\"index, follow, max-snippet:-1, max-image-preview:large, max-video-preview:-1\" \/>\n<link rel=\"canonical\" href=\"https:\/\/www.koonings.com\/fr\/product\/cosmobella-8228-sl64\/\" \/>\n<meta property=\"og:locale\" content=\"fr_FR\" \/>\n<meta property=\"og:type\" content=\"article\" \/>\n<meta property=\"og:title\" content=\"Cosmobella 8228 + SL64 | Koonings\" \/>\n<meta property=\"og:description\" content=\"Le mod\u00e8le sexy 8228 pr\u00e9sente un corsage en forme de c\u0153ur avec de d\u00e9licates bretelles spaghetti et une dentelle perl\u00e9e complexe. La jupe trap\u00e8ze sans effort brille dans un tulle chatoyant. Compl\u00e9tez le look avec des manches \u00e9piscopales ou optez pour un mod\u00e8le \u00e0 \u00e9paules d\u00e9couvertes \u00e0 l&#039;effet captivant de cape. Les manches d\u00e9tachables SL63 et SL64 (vendues s\u00e9par\u00e9ment) sont des ajouts \u00e0 la robe.\" \/>\n<meta property=\"og:url\" content=\"https:\/\/www.koonings.com\/fr\/product\/cosmobella-8228-sl64\/\" \/>\n<meta property=\"og:site_name\" content=\"Koonings\" \/>\n<meta property=\"article:publisher\" content=\"https:\/\/www.facebook.com\/kooningstheweddingpalace\" \/>\n<meta property=\"og:image\" content=\"https:\/\/www.koonings.com\/wp-content\/uploads\/2024\/11\/49143_fefb6aacfed6ff782bb30cbe7a2db051fc480f32167e1bfaccda9d76d189f85455301a02-scaled.jpeg\" \/>\n\t<meta property=\"og:image:width\" content=\"1813\" \/>\n\t<meta property=\"og:image:height\" content=\"2560\" \/>\n\t<meta property=\"og:image:type\" content=\"image\/jpeg\" \/>\n<meta name=\"twitter:card\" content=\"summary_large_image\" \/>\n<script type=\"application\/ld+json\" class=\"yoast-schema-graph\">{\"@context\":\"https:\\\/\\\/schema.org\",\"@graph\":[{\"@type\":\"WebPage\",\"@id\":\"https:\\\/\\\/www.koonings.com\\\/fr\\\/product\\\/cosmobella-8228-sl64\\\/\",\"url\":\"https:\\\/\\\/www.koonings.com\\\/fr\\\/product\\\/cosmobella-8228-sl64\\\/\",\"name\":\"Cosmobella 8228 + SL64 | Koonings\",\"isPartOf\":{\"@id\":\"https:\\\/\\\/www.koonings.com\\\/fr\\\/#website\"},\"primaryImageOfPage\":{\"@id\":\"https:\\\/\\\/www.koonings.com\\\/fr\\\/product\\\/cosmobella-8228-sl64\\\/#primaryimage\"},\"image\":{\"@id\":\"https:\\\/\\\/www.koonings.com\\\/fr\\\/product\\\/cosmobella-8228-sl64\\\/#primaryimage\"},\"thumbnailUrl\":\"https:\\\/\\\/www.koonings.com\\\/wp-content\\\/uploads\\\/2024\\\/11\\\/49143_fefb6aacfed6ff782bb30cbe7a2db051fc480f32167e1bfaccda9d76d189f85455301a02-scaled.jpeg\",\"datePublished\":\"2026-05-06T13:28:40+00:00\",\"description\":\"Le mod\u00e8le sexy 8228 pr\u00e9sente un corsage en forme de c\u0153ur avec de d\u00e9licates bretelles spaghetti et une dentelle perl\u00e9e complexe. La jupe trap\u00e8ze sans effort brille dans un tulle chatoyant. Compl\u00e9tez le look avec des manches \u00e9piscopales ou optez pour un mod\u00e8le \u00e0 \u00e9paules d\u00e9couvertes \u00e0 l'effet captivant de cape. Les manches d\u00e9tachables SL63 et SL64 (vendues s\u00e9par\u00e9ment) sont des ajouts \u00e0 la robe.\",\"breadcrumb\":{\"@id\":\"https:\\\/\\\/www.koonings.com\\\/fr\\\/product\\\/cosmobella-8228-sl64\\\/#breadcrumb\"},\"inLanguage\":\"fr-FR\",\"potentialAction\":[{\"@type\":\"ReadAction\",\"target\":[\"https:\\\/\\\/www.koonings.com\\\/fr\\\/product\\\/cosmobella-8228-sl64\\\/\"]}]},{\"@type\":\"ImageObject\",\"inLanguage\":\"fr-FR\",\"@id\":\"https:\\\/\\\/www.koonings.com\\\/fr\\\/product\\\/cosmobella-8228-sl64\\\/#primaryimage\",\"url\":\"https:\\\/\\\/www.koonings.com\\\/wp-content\\\/uploads\\\/2024\\\/11\\\/49143_fefb6aacfed6ff782bb30cbe7a2db051fc480f32167e1bfaccda9d76d189f85455301a02-scaled.jpeg\",\"contentUrl\":\"https:\\\/\\\/www.koonings.com\\\/wp-content\\\/uploads\\\/2024\\\/11\\\/49143_fefb6aacfed6ff782bb30cbe7a2db051fc480f32167e1bfaccda9d76d189f85455301a02-scaled.jpeg\",\"width\":1813,\"height\":2560},{\"@type\":\"BreadcrumbList\",\"@id\":\"https:\\\/\\\/www.koonings.com\\\/fr\\\/product\\\/cosmobella-8228-sl64\\\/#breadcrumb\",\"itemListElement\":[{\"@type\":\"ListItem\",\"position\":1,\"name\":\"Home\",\"item\":\"https:\\\/\\\/www.koonings.com\\\/fr\\\/\"},{\"@type\":\"ListItem\",\"position\":2,\"name\":\"Cosmobella 8228 + SL64\"}]},{\"@type\":\"WebSite\",\"@id\":\"https:\\\/\\\/www.koonings.com\\\/fr\\\/#website\",\"url\":\"https:\\\/\\\/www.koonings.com\\\/fr\\\/\",\"name\":\"Koonings\",\"description\":\"De grootste bruidsmodewinkel ter wereld\",\"publisher\":{\"@id\":\"https:\\\/\\\/www.koonings.com\\\/fr\\\/#organization\"},\"potentialAction\":[{\"@type\":\"SearchAction\",\"target\":{\"@type\":\"EntryPoint\",\"urlTemplate\":\"https:\\\/\\\/www.koonings.com\\\/fr\\\/?s={search_term_string}\"},\"query-input\":{\"@type\":\"PropertyValueSpecification\",\"valueRequired\":true,\"valueName\":\"search_term_string\"}}],\"inLanguage\":\"fr-FR\"},{\"@type\":\"Organization\",\"@id\":\"https:\\\/\\\/www.koonings.com\\\/fr\\\/#organization\",\"name\":\"Koonings\",\"url\":\"https:\\\/\\\/www.koonings.com\\\/fr\\\/\",\"logo\":{\"@type\":\"ImageObject\",\"inLanguage\":\"fr-FR\",\"@id\":\"https:\\\/\\\/www.koonings.com\\\/fr\\\/#\\\/schema\\\/logo\\\/image\\\/\",\"url\":\"https:\\\/\\\/www.koonings.com\\\/wp-content\\\/uploads\\\/2024\\\/07\\\/logo.png\",\"contentUrl\":\"https:\\\/\\\/www.koonings.com\\\/wp-content\\\/uploads\\\/2024\\\/07\\\/logo.png\",\"width\":600,\"height\":428,\"caption\":\"Koonings\"},\"image\":{\"@id\":\"https:\\\/\\\/www.koonings.com\\\/fr\\\/#\\\/schema\\\/logo\\\/image\\\/\"},\"sameAs\":[\"https:\\\/\\\/www.facebook.com\\\/kooningstheweddingpalace\",\"https:\\\/\\\/www.instagram.com\\\/kooningstheweddingpalace\",\"https:\\\/\\\/www.pinterest.com\\\/koonings\",\"https:\\\/\\\/www.youtube.com\\\/kooningstheweddingpalace\"]}]}<\/script>\n<!-- \/ Yoast SEO plugin. -->","yoast_head_json":{"title":"Cosmobella 8228 + SL64 | Koonings","description":"Le mod\u00e8le sexy 8228 pr\u00e9sente un corsage en forme de c\u0153ur avec de d\u00e9licates bretelles spaghetti et une dentelle perl\u00e9e complexe. La jupe trap\u00e8ze sans effort brille dans un tulle chatoyant. Compl\u00e9tez le look avec des manches \u00e9piscopales ou optez pour un mod\u00e8le \u00e0 \u00e9paules d\u00e9couvertes \u00e0 l'effet captivant de cape. Les manches d\u00e9tachables SL63 et SL64 (vendues s\u00e9par\u00e9ment) sont des ajouts \u00e0 la robe.","robots":{"index":"index","follow":"follow","max-snippet":"max-snippet:-1","max-image-preview":"max-image-preview:large","max-video-preview":"max-video-preview:-1"},"canonical":"https:\/\/www.koonings.com\/fr\/product\/cosmobella-8228-sl64\/","og_locale":"fr_FR","og_type":"article","og_title":"Cosmobella 8228 + SL64 | Koonings","og_description":"Le mod\u00e8le sexy 8228 pr\u00e9sente un corsage en forme de c\u0153ur avec de d\u00e9licates bretelles spaghetti et une dentelle perl\u00e9e complexe. La jupe trap\u00e8ze sans effort brille dans un tulle chatoyant. Compl\u00e9tez le look avec des manches \u00e9piscopales ou optez pour un mod\u00e8le \u00e0 \u00e9paules d\u00e9couvertes \u00e0 l'effet captivant de cape. Les manches d\u00e9tachables SL63 et SL64 (vendues s\u00e9par\u00e9ment) sont des ajouts \u00e0 la robe.","og_url":"https:\/\/www.koonings.com\/fr\/product\/cosmobella-8228-sl64\/","og_site_name":"Koonings","article_publisher":"https:\/\/www.facebook.com\/kooningstheweddingpalace","og_image":[{"width":1813,"height":2560,"url":"https:\/\/www.koonings.com\/wp-content\/uploads\/2024\/11\/49143_fefb6aacfed6ff782bb30cbe7a2db051fc480f32167e1bfaccda9d76d189f85455301a02-scaled.jpeg","type":"image\/jpeg"}],"twitter_card":"summary_large_image","schema":{"@context":"https:\/\/schema.org","@graph":[{"@type":"WebPage","@id":"https:\/\/www.koonings.com\/fr\/product\/cosmobella-8228-sl64\/","url":"https:\/\/www.koonings.com\/fr\/product\/cosmobella-8228-sl64\/","name":"Cosmobella 8228 + SL64 | Koonings","isPartOf":{"@id":"https:\/\/www.koonings.com\/fr\/#website"},"primaryImageOfPage":{"@id":"https:\/\/www.koonings.com\/fr\/product\/cosmobella-8228-sl64\/#primaryimage"},"image":{"@id":"https:\/\/www.koonings.com\/fr\/product\/cosmobella-8228-sl64\/#primaryimage"},"thumbnailUrl":"https:\/\/www.koonings.com\/wp-content\/uploads\/2024\/11\/49143_fefb6aacfed6ff782bb30cbe7a2db051fc480f32167e1bfaccda9d76d189f85455301a02-scaled.jpeg","datePublished":"2026-05-06T13:28:40+00:00","description":"Le mod\u00e8le sexy 8228 pr\u00e9sente un corsage en forme de c\u0153ur avec de d\u00e9licates bretelles spaghetti et une dentelle perl\u00e9e complexe. La jupe trap\u00e8ze sans effort brille dans un tulle chatoyant. Compl\u00e9tez le look avec des manches \u00e9piscopales ou optez pour un mod\u00e8le \u00e0 \u00e9paules d\u00e9couvertes \u00e0 l'effet captivant de cape. Les manches d\u00e9tachables SL63 et SL64 (vendues s\u00e9par\u00e9ment) sont des ajouts \u00e0 la robe.","breadcrumb":{"@id":"https:\/\/www.koonings.com\/fr\/product\/cosmobella-8228-sl64\/#breadcrumb"},"inLanguage":"fr-FR","potentialAction":[{"@type":"ReadAction","target":["https:\/\/www.koonings.com\/fr\/product\/cosmobella-8228-sl64\/"]}]},{"@type":"ImageObject","inLanguage":"fr-FR","@id":"https:\/\/www.koonings.com\/fr\/product\/cosmobella-8228-sl64\/#primaryimage","url":"https:\/\/www.koonings.com\/wp-content\/uploads\/2024\/11\/49143_fefb6aacfed6ff782bb30cbe7a2db051fc480f32167e1bfaccda9d76d189f85455301a02-scaled.jpeg","contentUrl":"https:\/\/www.koonings.com\/wp-content\/uploads\/2024\/11\/49143_fefb6aacfed6ff782bb30cbe7a2db051fc480f32167e1bfaccda9d76d189f85455301a02-scaled.jpeg","width":1813,"height":2560},{"@type":"BreadcrumbList","@id":"https:\/\/www.koonings.com\/fr\/product\/cosmobella-8228-sl64\/#breadcrumb","itemListElement":[{"@type":"ListItem","position":1,"name":"Home","item":"https:\/\/www.koonings.com\/fr\/"},{"@type":"ListItem","position":2,"name":"Cosmobella 8228 + SL64"}]},{"@type":"WebSite","@id":"https:\/\/www.koonings.com\/fr\/#website","url":"https:\/\/www.koonings.com\/fr\/","name":"Koonings","description":"De grootste bruidsmodewinkel ter wereld","publisher":{"@id":"https:\/\/www.koonings.com\/fr\/#organization"},"potentialAction":[{"@type":"SearchAction","target":{"@type":"EntryPoint","urlTemplate":"https:\/\/www.koonings.com\/fr\/?s={search_term_string}"},"query-input":{"@type":"PropertyValueSpecification","valueRequired":true,"valueName":"search_term_string"}}],"inLanguage":"fr-FR"},{"@type":"Organization","@id":"https:\/\/www.koonings.com\/fr\/#organization","name":"Koonings","url":"https:\/\/www.koonings.com\/fr\/","logo":{"@type":"ImageObject","inLanguage":"fr-FR","@id":"https:\/\/www.koonings.com\/fr\/#\/schema\/logo\/image\/","url":"https:\/\/www.koonings.com\/wp-content\/uploads\/2024\/07\/logo.png","contentUrl":"https:\/\/www.koonings.com\/wp-content\/uploads\/2024\/07\/logo.png","width":600,"height":428,"caption":"Koonings"},"image":{"@id":"https:\/\/www.koonings.com\/fr\/#\/schema\/logo\/image\/"},"sameAs":["https:\/\/www.facebook.com\/kooningstheweddingpalace","https:\/\/www.instagram.com\/kooningstheweddingpalace","https:\/\/www.pinterest.com\/koonings","https:\/\/www.youtube.com\/kooningstheweddingpalace"]}]}},"_links":{"self":[{"href":"https:\/\/www.koonings.com\/fr\/wp-json\/wp\/v2\/product\/59879","targetHints":{"allow":["GET"]}}],"collection":[{"href":"https:\/\/www.koonings.com\/fr\/wp-json\/wp\/v2\/product"}],"about":[{"href":"https:\/\/www.koonings.com\/fr\/wp-json\/wp\/v2\/types\/product"}],"wp:featuredmedia":[{"embeddable":true,"href":"https:\/\/www.koonings.com\/fr\/wp-json\/wp\/v2\/media\/55768"}],"wp:attachment":[{"href":"https:\/\/www.koonings.com\/fr\/wp-json\/wp\/v2\/media?parent=59879"}],"wp:term":[{"taxonomy":"productdetails","embeddable":true,"href":"https:\/\/www.koonings.com\/fr\/wp-json\/wp\/v2\/productdetails?post=59879"},{"taxonomy":"productneck","embeddable":true,"href":"https:\/\/www.koonings.com\/fr\/wp-json\/wp\/v2\/productneck?post=59879"},{"taxonomy":"productcolor","embeddable":true,"href":"https:\/\/www.koonings.com\/fr\/wp-json\/wp\/v2\/productcolor?post=59879"},{"taxonomy":"maat","embeddable":true,"href":"https:\/\/www.koonings.com\/fr\/wp-json\/wp\/v2\/maat?post=59879"},{"taxonomy":"productsupplier","embeddable":true,"href":"https:\/\/www.koonings.com\/fr\/wp-json\/wp\/v2\/productsupplier?post=59879"},{"taxonomy":"productsleeve","embeddable":true,"href":"https:\/\/www.koonings.com\/fr\/wp-json\/wp\/v2\/productsleeve?post=59879"},{"taxonomy":"productcategory","embeddable":true,"href":"https:\/\/www.koonings.com\/fr\/wp-json\/wp\/v2\/productcategory?post=59879"},{"taxonomy":"productsilhouette","embeddable":true,"href":"https:\/\/www.koonings.com\/fr\/wp-json\/wp\/v2\/productsilhouette?post=59879"},{"taxonomy":"productstyle","embeddable":true,"href":"https:\/\/www.koonings.com\/fr\/wp-json\/wp\/v2\/productstyle?post=59879"}],"curies":[{"name":"wp","href":"https:\/\/api.w.org\/{rel}","templated":true}]}}