{"id":59869,"date":"2026-04-28T18:28:29","date_gmt":"2026-04-28T16:28:29","guid":{"rendered":"https:\/\/www.koonings.com\/product\/cosmobella-8216-sl59\/"},"modified":"2025-06-05T13:30:01","modified_gmt":"2025-06-05T11:30:01","slug":"cosmobella-8216-sl59","status":"publish","type":"product","link":"https:\/\/www.koonings.com\/fr\/product\/cosmobella-8216-sl59\/","title":{"rendered":"Cosmobella 8216 + SL59"},"content":{"rendered":"<p>Un corsage s\u00e9duisant avec une d\u00e9licate dentelle florale et des os visibles dans le dos. Possibilit\u00e9 d&#8217;opter pour des manches d\u00e9collet\u00e9es ou des manches \u00e9piscopales amovibles. Jupe en tulle l\u00e9ger pour une allure a\u00e9rienne. Les manches d\u00e9tachables SL59 et SL60 (vendues s\u00e9par\u00e9ment) compl\u00e8tent la robe.   <\/p>\n","protected":false},"featured_media":55849,"template":"","meta":{"_acf_changed":false,"ghostkit_customizer_options":"","ghostkit_custom_css":"","ghostkit_custom_js_head":"","ghostkit_custom_js_foot":"","ghostkit_typography":""},"productdetails":[376,381],"productneck":[354,356],"productcolor":[393,392],"maat":[],"productsupplier":[400],"productsleeve":[359],"productcategory":[18],"productsilhouette":[384],"productstyle":[366],"class_list":["post-59869","product","type-product","status-publish","has-post-thumbnail","hentry","productdetails-376","productdetails-381","productneck-354","productneck-356","productcolor-393","productcolor-392","productsupplier-cosmobella","productsleeve-359","productcategory-trouwjurken","productsilhouette-384","productstyle-366"],"acf":[],"yoast_head":"<!-- This site is optimized with the Yoast SEO plugin v27.3 - https:\/\/yoast.com\/product\/yoast-seo-wordpress\/ -->\n<title>Cosmobella 8216 + SL59 | Koonings<\/title>\n<meta name=\"description\" content=\"Un corsage s\u00e9duisant avec une d\u00e9licate dentelle florale et des os visibles dans le dos. Possibilit\u00e9 d&#039;opter pour des manches d\u00e9collet\u00e9es ou des manches \u00e9piscopales amovibles. Jupe en tulle l\u00e9ger pour une allure a\u00e9rienne. Les manches d\u00e9tachables SL59 et SL60 (vendues s\u00e9par\u00e9ment) compl\u00e8tent la robe.\" \/>\n<meta name=\"robots\" content=\"index, follow, max-snippet:-1, max-image-preview:large, max-video-preview:-1\" \/>\n<link rel=\"canonical\" href=\"https:\/\/www.koonings.com\/fr\/product\/cosmobella-8216-sl59\/\" \/>\n<meta property=\"og:locale\" content=\"fr_FR\" \/>\n<meta property=\"og:type\" content=\"article\" \/>\n<meta property=\"og:title\" content=\"Cosmobella 8216 + SL59 | Koonings\" \/>\n<meta property=\"og:description\" content=\"Un corsage s\u00e9duisant avec une d\u00e9licate dentelle florale et des os visibles dans le dos. Possibilit\u00e9 d&#039;opter pour des manches d\u00e9collet\u00e9es ou des manches \u00e9piscopales amovibles. Jupe en tulle l\u00e9ger pour une allure a\u00e9rienne. Les manches d\u00e9tachables SL59 et SL60 (vendues s\u00e9par\u00e9ment) compl\u00e8tent la robe.\" \/>\n<meta property=\"og:url\" content=\"https:\/\/www.koonings.com\/fr\/product\/cosmobella-8216-sl59\/\" \/>\n<meta property=\"og:site_name\" content=\"Koonings\" \/>\n<meta property=\"article:publisher\" content=\"https:\/\/www.facebook.com\/kooningstheweddingpalace\" \/>\n<meta property=\"og:image\" content=\"https:\/\/www.koonings.com\/wp-content\/uploads\/2024\/11\/49148_c537fb3ea7c479071731e5c5ba5928ccb42ba10c77f224958def26b7de0e68a65a166592-scaled.jpeg\" \/>\n\t<meta property=\"og:image:width\" content=\"1814\" \/>\n\t<meta property=\"og:image:height\" content=\"2560\" \/>\n\t<meta property=\"og:image:type\" content=\"image\/jpeg\" \/>\n<meta name=\"twitter:card\" content=\"summary_large_image\" \/>\n<script type=\"application\/ld+json\" class=\"yoast-schema-graph\">{\"@context\":\"https:\\\/\\\/schema.org\",\"@graph\":[{\"@type\":\"WebPage\",\"@id\":\"https:\\\/\\\/www.koonings.com\\\/fr\\\/product\\\/cosmobella-8216-sl59\\\/\",\"url\":\"https:\\\/\\\/www.koonings.com\\\/fr\\\/product\\\/cosmobella-8216-sl59\\\/\",\"name\":\"Cosmobella 8216 + SL59 | Koonings\",\"isPartOf\":{\"@id\":\"https:\\\/\\\/www.koonings.com\\\/fr\\\/#website\"},\"primaryImageOfPage\":{\"@id\":\"https:\\\/\\\/www.koonings.com\\\/fr\\\/product\\\/cosmobella-8216-sl59\\\/#primaryimage\"},\"image\":{\"@id\":\"https:\\\/\\\/www.koonings.com\\\/fr\\\/product\\\/cosmobella-8216-sl59\\\/#primaryimage\"},\"thumbnailUrl\":\"https:\\\/\\\/www.koonings.com\\\/wp-content\\\/uploads\\\/2024\\\/11\\\/49148_c537fb3ea7c479071731e5c5ba5928ccb42ba10c77f224958def26b7de0e68a65a166592-scaled.jpeg\",\"datePublished\":\"2026-04-28T16:28:29+00:00\",\"description\":\"Un corsage s\u00e9duisant avec une d\u00e9licate dentelle florale et des os visibles dans le dos. Possibilit\u00e9 d'opter pour des manches d\u00e9collet\u00e9es ou des manches \u00e9piscopales amovibles. Jupe en tulle l\u00e9ger pour une allure a\u00e9rienne. Les manches d\u00e9tachables SL59 et SL60 (vendues s\u00e9par\u00e9ment) compl\u00e8tent la robe.\",\"breadcrumb\":{\"@id\":\"https:\\\/\\\/www.koonings.com\\\/fr\\\/product\\\/cosmobella-8216-sl59\\\/#breadcrumb\"},\"inLanguage\":\"fr-FR\",\"potentialAction\":[{\"@type\":\"ReadAction\",\"target\":[\"https:\\\/\\\/www.koonings.com\\\/fr\\\/product\\\/cosmobella-8216-sl59\\\/\"]}]},{\"@type\":\"ImageObject\",\"inLanguage\":\"fr-FR\",\"@id\":\"https:\\\/\\\/www.koonings.com\\\/fr\\\/product\\\/cosmobella-8216-sl59\\\/#primaryimage\",\"url\":\"https:\\\/\\\/www.koonings.com\\\/wp-content\\\/uploads\\\/2024\\\/11\\\/49148_c537fb3ea7c479071731e5c5ba5928ccb42ba10c77f224958def26b7de0e68a65a166592-scaled.jpeg\",\"contentUrl\":\"https:\\\/\\\/www.koonings.com\\\/wp-content\\\/uploads\\\/2024\\\/11\\\/49148_c537fb3ea7c479071731e5c5ba5928ccb42ba10c77f224958def26b7de0e68a65a166592-scaled.jpeg\",\"width\":1814,\"height\":2560},{\"@type\":\"BreadcrumbList\",\"@id\":\"https:\\\/\\\/www.koonings.com\\\/fr\\\/product\\\/cosmobella-8216-sl59\\\/#breadcrumb\",\"itemListElement\":[{\"@type\":\"ListItem\",\"position\":1,\"name\":\"Home\",\"item\":\"https:\\\/\\\/www.koonings.com\\\/fr\\\/\"},{\"@type\":\"ListItem\",\"position\":2,\"name\":\"Cosmobella 8216 + SL59\"}]},{\"@type\":\"WebSite\",\"@id\":\"https:\\\/\\\/www.koonings.com\\\/fr\\\/#website\",\"url\":\"https:\\\/\\\/www.koonings.com\\\/fr\\\/\",\"name\":\"Koonings\",\"description\":\"De grootste bruidsmodewinkel ter wereld\",\"publisher\":{\"@id\":\"https:\\\/\\\/www.koonings.com\\\/fr\\\/#organization\"},\"potentialAction\":[{\"@type\":\"SearchAction\",\"target\":{\"@type\":\"EntryPoint\",\"urlTemplate\":\"https:\\\/\\\/www.koonings.com\\\/fr\\\/?s={search_term_string}\"},\"query-input\":{\"@type\":\"PropertyValueSpecification\",\"valueRequired\":true,\"valueName\":\"search_term_string\"}}],\"inLanguage\":\"fr-FR\"},{\"@type\":\"Organization\",\"@id\":\"https:\\\/\\\/www.koonings.com\\\/fr\\\/#organization\",\"name\":\"Koonings\",\"url\":\"https:\\\/\\\/www.koonings.com\\\/fr\\\/\",\"logo\":{\"@type\":\"ImageObject\",\"inLanguage\":\"fr-FR\",\"@id\":\"https:\\\/\\\/www.koonings.com\\\/fr\\\/#\\\/schema\\\/logo\\\/image\\\/\",\"url\":\"https:\\\/\\\/www.koonings.com\\\/wp-content\\\/uploads\\\/2024\\\/07\\\/logo.png\",\"contentUrl\":\"https:\\\/\\\/www.koonings.com\\\/wp-content\\\/uploads\\\/2024\\\/07\\\/logo.png\",\"width\":600,\"height\":428,\"caption\":\"Koonings\"},\"image\":{\"@id\":\"https:\\\/\\\/www.koonings.com\\\/fr\\\/#\\\/schema\\\/logo\\\/image\\\/\"},\"sameAs\":[\"https:\\\/\\\/www.facebook.com\\\/kooningstheweddingpalace\",\"https:\\\/\\\/www.instagram.com\\\/kooningstheweddingpalace\",\"https:\\\/\\\/www.pinterest.com\\\/koonings\",\"https:\\\/\\\/www.youtube.com\\\/kooningstheweddingpalace\"]}]}<\/script>\n<!-- \/ Yoast SEO plugin. -->","yoast_head_json":{"title":"Cosmobella 8216 + SL59 | Koonings","description":"Un corsage s\u00e9duisant avec une d\u00e9licate dentelle florale et des os visibles dans le dos. Possibilit\u00e9 d'opter pour des manches d\u00e9collet\u00e9es ou des manches \u00e9piscopales amovibles. Jupe en tulle l\u00e9ger pour une allure a\u00e9rienne. Les manches d\u00e9tachables SL59 et SL60 (vendues s\u00e9par\u00e9ment) compl\u00e8tent la robe.","robots":{"index":"index","follow":"follow","max-snippet":"max-snippet:-1","max-image-preview":"max-image-preview:large","max-video-preview":"max-video-preview:-1"},"canonical":"https:\/\/www.koonings.com\/fr\/product\/cosmobella-8216-sl59\/","og_locale":"fr_FR","og_type":"article","og_title":"Cosmobella 8216 + SL59 | Koonings","og_description":"Un corsage s\u00e9duisant avec une d\u00e9licate dentelle florale et des os visibles dans le dos. Possibilit\u00e9 d'opter pour des manches d\u00e9collet\u00e9es ou des manches \u00e9piscopales amovibles. Jupe en tulle l\u00e9ger pour une allure a\u00e9rienne. Les manches d\u00e9tachables SL59 et SL60 (vendues s\u00e9par\u00e9ment) compl\u00e8tent la robe.","og_url":"https:\/\/www.koonings.com\/fr\/product\/cosmobella-8216-sl59\/","og_site_name":"Koonings","article_publisher":"https:\/\/www.facebook.com\/kooningstheweddingpalace","og_image":[{"width":1814,"height":2560,"url":"https:\/\/www.koonings.com\/wp-content\/uploads\/2024\/11\/49148_c537fb3ea7c479071731e5c5ba5928ccb42ba10c77f224958def26b7de0e68a65a166592-scaled.jpeg","type":"image\/jpeg"}],"twitter_card":"summary_large_image","schema":{"@context":"https:\/\/schema.org","@graph":[{"@type":"WebPage","@id":"https:\/\/www.koonings.com\/fr\/product\/cosmobella-8216-sl59\/","url":"https:\/\/www.koonings.com\/fr\/product\/cosmobella-8216-sl59\/","name":"Cosmobella 8216 + SL59 | Koonings","isPartOf":{"@id":"https:\/\/www.koonings.com\/fr\/#website"},"primaryImageOfPage":{"@id":"https:\/\/www.koonings.com\/fr\/product\/cosmobella-8216-sl59\/#primaryimage"},"image":{"@id":"https:\/\/www.koonings.com\/fr\/product\/cosmobella-8216-sl59\/#primaryimage"},"thumbnailUrl":"https:\/\/www.koonings.com\/wp-content\/uploads\/2024\/11\/49148_c537fb3ea7c479071731e5c5ba5928ccb42ba10c77f224958def26b7de0e68a65a166592-scaled.jpeg","datePublished":"2026-04-28T16:28:29+00:00","description":"Un corsage s\u00e9duisant avec une d\u00e9licate dentelle florale et des os visibles dans le dos. Possibilit\u00e9 d'opter pour des manches d\u00e9collet\u00e9es ou des manches \u00e9piscopales amovibles. Jupe en tulle l\u00e9ger pour une allure a\u00e9rienne. Les manches d\u00e9tachables SL59 et SL60 (vendues s\u00e9par\u00e9ment) compl\u00e8tent la robe.","breadcrumb":{"@id":"https:\/\/www.koonings.com\/fr\/product\/cosmobella-8216-sl59\/#breadcrumb"},"inLanguage":"fr-FR","potentialAction":[{"@type":"ReadAction","target":["https:\/\/www.koonings.com\/fr\/product\/cosmobella-8216-sl59\/"]}]},{"@type":"ImageObject","inLanguage":"fr-FR","@id":"https:\/\/www.koonings.com\/fr\/product\/cosmobella-8216-sl59\/#primaryimage","url":"https:\/\/www.koonings.com\/wp-content\/uploads\/2024\/11\/49148_c537fb3ea7c479071731e5c5ba5928ccb42ba10c77f224958def26b7de0e68a65a166592-scaled.jpeg","contentUrl":"https:\/\/www.koonings.com\/wp-content\/uploads\/2024\/11\/49148_c537fb3ea7c479071731e5c5ba5928ccb42ba10c77f224958def26b7de0e68a65a166592-scaled.jpeg","width":1814,"height":2560},{"@type":"BreadcrumbList","@id":"https:\/\/www.koonings.com\/fr\/product\/cosmobella-8216-sl59\/#breadcrumb","itemListElement":[{"@type":"ListItem","position":1,"name":"Home","item":"https:\/\/www.koonings.com\/fr\/"},{"@type":"ListItem","position":2,"name":"Cosmobella 8216 + SL59"}]},{"@type":"WebSite","@id":"https:\/\/www.koonings.com\/fr\/#website","url":"https:\/\/www.koonings.com\/fr\/","name":"Koonings","description":"De grootste bruidsmodewinkel ter wereld","publisher":{"@id":"https:\/\/www.koonings.com\/fr\/#organization"},"potentialAction":[{"@type":"SearchAction","target":{"@type":"EntryPoint","urlTemplate":"https:\/\/www.koonings.com\/fr\/?s={search_term_string}"},"query-input":{"@type":"PropertyValueSpecification","valueRequired":true,"valueName":"search_term_string"}}],"inLanguage":"fr-FR"},{"@type":"Organization","@id":"https:\/\/www.koonings.com\/fr\/#organization","name":"Koonings","url":"https:\/\/www.koonings.com\/fr\/","logo":{"@type":"ImageObject","inLanguage":"fr-FR","@id":"https:\/\/www.koonings.com\/fr\/#\/schema\/logo\/image\/","url":"https:\/\/www.koonings.com\/wp-content\/uploads\/2024\/07\/logo.png","contentUrl":"https:\/\/www.koonings.com\/wp-content\/uploads\/2024\/07\/logo.png","width":600,"height":428,"caption":"Koonings"},"image":{"@id":"https:\/\/www.koonings.com\/fr\/#\/schema\/logo\/image\/"},"sameAs":["https:\/\/www.facebook.com\/kooningstheweddingpalace","https:\/\/www.instagram.com\/kooningstheweddingpalace","https:\/\/www.pinterest.com\/koonings","https:\/\/www.youtube.com\/kooningstheweddingpalace"]}]}},"_links":{"self":[{"href":"https:\/\/www.koonings.com\/fr\/wp-json\/wp\/v2\/product\/59869","targetHints":{"allow":["GET"]}}],"collection":[{"href":"https:\/\/www.koonings.com\/fr\/wp-json\/wp\/v2\/product"}],"about":[{"href":"https:\/\/www.koonings.com\/fr\/wp-json\/wp\/v2\/types\/product"}],"wp:featuredmedia":[{"embeddable":true,"href":"https:\/\/www.koonings.com\/fr\/wp-json\/wp\/v2\/media\/55849"}],"wp:attachment":[{"href":"https:\/\/www.koonings.com\/fr\/wp-json\/wp\/v2\/media?parent=59869"}],"wp:term":[{"taxonomy":"productdetails","embeddable":true,"href":"https:\/\/www.koonings.com\/fr\/wp-json\/wp\/v2\/productdetails?post=59869"},{"taxonomy":"productneck","embeddable":true,"href":"https:\/\/www.koonings.com\/fr\/wp-json\/wp\/v2\/productneck?post=59869"},{"taxonomy":"productcolor","embeddable":true,"href":"https:\/\/www.koonings.com\/fr\/wp-json\/wp\/v2\/productcolor?post=59869"},{"taxonomy":"maat","embeddable":true,"href":"https:\/\/www.koonings.com\/fr\/wp-json\/wp\/v2\/maat?post=59869"},{"taxonomy":"productsupplier","embeddable":true,"href":"https:\/\/www.koonings.com\/fr\/wp-json\/wp\/v2\/productsupplier?post=59869"},{"taxonomy":"productsleeve","embeddable":true,"href":"https:\/\/www.koonings.com\/fr\/wp-json\/wp\/v2\/productsleeve?post=59869"},{"taxonomy":"productcategory","embeddable":true,"href":"https:\/\/www.koonings.com\/fr\/wp-json\/wp\/v2\/productcategory?post=59869"},{"taxonomy":"productsilhouette","embeddable":true,"href":"https:\/\/www.koonings.com\/fr\/wp-json\/wp\/v2\/productsilhouette?post=59869"},{"taxonomy":"productstyle","embeddable":true,"href":"https:\/\/www.koonings.com\/fr\/wp-json\/wp\/v2\/productstyle?post=59869"}],"curies":[{"name":"wp","href":"https:\/\/api.w.org\/{rel}","templated":true}]}}