{"id":59858,"date":"2026-04-28T18:28:31","date_gmt":"2026-04-28T16:28:31","guid":{"rendered":"https:\/\/www.koonings.com\/product\/cosmobella-8215\/"},"modified":"2025-06-05T13:28:10","modified_gmt":"2025-06-05T11:28:10","slug":"cosmobella-8215","status":"publish","type":"product","link":"https:\/\/www.koonings.com\/fr\/product\/cosmobella-8215\/","title":{"rendered":"Cosmobella 8215"},"content":{"rendered":"<p>La Cosmobella 8215 est une robe de mari\u00e9e enchanteresse qui respire la romance et l&#8217;\u00e9l\u00e9gance. Fabriqu\u00e9e en organza, cette robe pr\u00e9sente un magnifique haut en dentelle avec des paillettes, compl\u00e9t\u00e9 par une couche suppl\u00e9mentaire de tulle \u00e0 paillettes. Elle pr\u00e9sente un d\u00e9collet\u00e9 en V sophistiqu\u00e9, des bretelles \u00e9troites et un dos rond \u00e9l\u00e9gant et subtil. Cette combinaison parfaite cr\u00e9e un look intemporel et sophistiqu\u00e9. La Cosmobella 8215 est disponible exclusivement chez Koonings The Wedding Palace, o\u00f9 vous pouvez compter sur le meilleur de la mode nuptiale et du service.    <\/p>\n","protected":false},"featured_media":55921,"template":"","meta":{"_acf_changed":false,"ghostkit_customizer_options":"","ghostkit_custom_css":"","ghostkit_custom_js_head":"","ghostkit_custom_js_foot":"","ghostkit_typography":""},"productdetails":[376,381],"productneck":[355],"productcolor":[393,392],"maat":[],"productsupplier":[400],"productsleeve":[362],"productcategory":[18],"productsilhouette":[384],"productstyle":[366],"class_list":["post-59858","product","type-product","status-publish","has-post-thumbnail","hentry","productdetails-376","productdetails-381","productneck-355","productcolor-393","productcolor-392","productsupplier-cosmobella","productsleeve-362","productcategory-trouwjurken","productsilhouette-384","productstyle-366"],"acf":[],"yoast_head":"<!-- This site is optimized with the Yoast SEO plugin v27.3 - https:\/\/yoast.com\/product\/yoast-seo-wordpress\/ -->\n<title>Cosmobella 8215 | Koonings<\/title>\n<meta name=\"description\" content=\"La Cosmobella 8215 est une robe de mari\u00e9e enchanteresse qui respire la romance et l&#039;\u00e9l\u00e9gance. Fabriqu\u00e9e en organza, cette robe pr\u00e9sente un magnifique haut en dentelle avec des paillettes, compl\u00e9t\u00e9 par une couche suppl\u00e9mentaire de tulle \u00e0 paillettes. Elle pr\u00e9sente un d\u00e9collet\u00e9 en V sophistiqu\u00e9, des bretelles \u00e9troites et un dos rond \u00e9l\u00e9gant et subtil. Cette combinaison parfaite cr\u00e9e un look intemporel et sophistiqu\u00e9. La Cosmobella 8215 est disponible exclusivement chez Koonings The Wedding Palace, o\u00f9 vous pouvez compter sur le meilleur de la mode nuptiale et du service.\" \/>\n<meta name=\"robots\" content=\"index, follow, max-snippet:-1, max-image-preview:large, max-video-preview:-1\" \/>\n<link rel=\"canonical\" href=\"https:\/\/www.koonings.com\/fr\/product\/cosmobella-8215\/\" \/>\n<meta property=\"og:locale\" content=\"fr_FR\" \/>\n<meta property=\"og:type\" content=\"article\" \/>\n<meta property=\"og:title\" content=\"Cosmobella 8215 | Koonings\" \/>\n<meta property=\"og:description\" content=\"La Cosmobella 8215 est une robe de mari\u00e9e enchanteresse qui respire la romance et l&#039;\u00e9l\u00e9gance. Fabriqu\u00e9e en organza, cette robe pr\u00e9sente un magnifique haut en dentelle avec des paillettes, compl\u00e9t\u00e9 par une couche suppl\u00e9mentaire de tulle \u00e0 paillettes. Elle pr\u00e9sente un d\u00e9collet\u00e9 en V sophistiqu\u00e9, des bretelles \u00e9troites et un dos rond \u00e9l\u00e9gant et subtil. Cette combinaison parfaite cr\u00e9e un look intemporel et sophistiqu\u00e9. La Cosmobella 8215 est disponible exclusivement chez Koonings The Wedding Palace, o\u00f9 vous pouvez compter sur le meilleur de la mode nuptiale et du service.\" \/>\n<meta property=\"og:url\" content=\"https:\/\/www.koonings.com\/fr\/product\/cosmobella-8215\/\" \/>\n<meta property=\"og:site_name\" content=\"Koonings\" \/>\n<meta property=\"article:publisher\" content=\"https:\/\/www.facebook.com\/kooningstheweddingpalace\" \/>\n<meta property=\"og:image\" content=\"https:\/\/www.koonings.com\/wp-content\/uploads\/2024\/11\/49152_d48303fdf612a7163f7e2ab3f3f9cac7fe27ad90385b3920cfc4238171f373857f479f42-scaled.jpeg\" \/>\n\t<meta property=\"og:image:width\" content=\"1812\" \/>\n\t<meta property=\"og:image:height\" content=\"2560\" \/>\n\t<meta property=\"og:image:type\" content=\"image\/jpeg\" \/>\n<meta name=\"twitter:card\" content=\"summary_large_image\" \/>\n<script type=\"application\/ld+json\" class=\"yoast-schema-graph\">{\"@context\":\"https:\\\/\\\/schema.org\",\"@graph\":[{\"@type\":\"WebPage\",\"@id\":\"https:\\\/\\\/www.koonings.com\\\/fr\\\/product\\\/cosmobella-8215\\\/\",\"url\":\"https:\\\/\\\/www.koonings.com\\\/fr\\\/product\\\/cosmobella-8215\\\/\",\"name\":\"Cosmobella 8215 | Koonings\",\"isPartOf\":{\"@id\":\"https:\\\/\\\/www.koonings.com\\\/fr\\\/#website\"},\"primaryImageOfPage\":{\"@id\":\"https:\\\/\\\/www.koonings.com\\\/fr\\\/product\\\/cosmobella-8215\\\/#primaryimage\"},\"image\":{\"@id\":\"https:\\\/\\\/www.koonings.com\\\/fr\\\/product\\\/cosmobella-8215\\\/#primaryimage\"},\"thumbnailUrl\":\"https:\\\/\\\/www.koonings.com\\\/wp-content\\\/uploads\\\/2024\\\/11\\\/49152_d48303fdf612a7163f7e2ab3f3f9cac7fe27ad90385b3920cfc4238171f373857f479f42-scaled.jpeg\",\"datePublished\":\"2026-04-28T16:28:31+00:00\",\"description\":\"La Cosmobella 8215 est une robe de mari\u00e9e enchanteresse qui respire la romance et l'\u00e9l\u00e9gance. Fabriqu\u00e9e en organza, cette robe pr\u00e9sente un magnifique haut en dentelle avec des paillettes, compl\u00e9t\u00e9 par une couche suppl\u00e9mentaire de tulle \u00e0 paillettes. Elle pr\u00e9sente un d\u00e9collet\u00e9 en V sophistiqu\u00e9, des bretelles \u00e9troites et un dos rond \u00e9l\u00e9gant et subtil. Cette combinaison parfaite cr\u00e9e un look intemporel et sophistiqu\u00e9. La Cosmobella 8215 est disponible exclusivement chez Koonings The Wedding Palace, o\u00f9 vous pouvez compter sur le meilleur de la mode nuptiale et du service.\",\"breadcrumb\":{\"@id\":\"https:\\\/\\\/www.koonings.com\\\/fr\\\/product\\\/cosmobella-8215\\\/#breadcrumb\"},\"inLanguage\":\"fr-FR\",\"potentialAction\":[{\"@type\":\"ReadAction\",\"target\":[\"https:\\\/\\\/www.koonings.com\\\/fr\\\/product\\\/cosmobella-8215\\\/\"]}]},{\"@type\":\"ImageObject\",\"inLanguage\":\"fr-FR\",\"@id\":\"https:\\\/\\\/www.koonings.com\\\/fr\\\/product\\\/cosmobella-8215\\\/#primaryimage\",\"url\":\"https:\\\/\\\/www.koonings.com\\\/wp-content\\\/uploads\\\/2024\\\/11\\\/49152_d48303fdf612a7163f7e2ab3f3f9cac7fe27ad90385b3920cfc4238171f373857f479f42-scaled.jpeg\",\"contentUrl\":\"https:\\\/\\\/www.koonings.com\\\/wp-content\\\/uploads\\\/2024\\\/11\\\/49152_d48303fdf612a7163f7e2ab3f3f9cac7fe27ad90385b3920cfc4238171f373857f479f42-scaled.jpeg\",\"width\":1812,\"height\":2560},{\"@type\":\"BreadcrumbList\",\"@id\":\"https:\\\/\\\/www.koonings.com\\\/fr\\\/product\\\/cosmobella-8215\\\/#breadcrumb\",\"itemListElement\":[{\"@type\":\"ListItem\",\"position\":1,\"name\":\"Home\",\"item\":\"https:\\\/\\\/www.koonings.com\\\/fr\\\/\"},{\"@type\":\"ListItem\",\"position\":2,\"name\":\"Cosmobella 8215\"}]},{\"@type\":\"WebSite\",\"@id\":\"https:\\\/\\\/www.koonings.com\\\/fr\\\/#website\",\"url\":\"https:\\\/\\\/www.koonings.com\\\/fr\\\/\",\"name\":\"Koonings\",\"description\":\"De grootste bruidsmodewinkel ter wereld\",\"publisher\":{\"@id\":\"https:\\\/\\\/www.koonings.com\\\/fr\\\/#organization\"},\"potentialAction\":[{\"@type\":\"SearchAction\",\"target\":{\"@type\":\"EntryPoint\",\"urlTemplate\":\"https:\\\/\\\/www.koonings.com\\\/fr\\\/?s={search_term_string}\"},\"query-input\":{\"@type\":\"PropertyValueSpecification\",\"valueRequired\":true,\"valueName\":\"search_term_string\"}}],\"inLanguage\":\"fr-FR\"},{\"@type\":\"Organization\",\"@id\":\"https:\\\/\\\/www.koonings.com\\\/fr\\\/#organization\",\"name\":\"Koonings\",\"url\":\"https:\\\/\\\/www.koonings.com\\\/fr\\\/\",\"logo\":{\"@type\":\"ImageObject\",\"inLanguage\":\"fr-FR\",\"@id\":\"https:\\\/\\\/www.koonings.com\\\/fr\\\/#\\\/schema\\\/logo\\\/image\\\/\",\"url\":\"https:\\\/\\\/www.koonings.com\\\/wp-content\\\/uploads\\\/2024\\\/07\\\/logo.png\",\"contentUrl\":\"https:\\\/\\\/www.koonings.com\\\/wp-content\\\/uploads\\\/2024\\\/07\\\/logo.png\",\"width\":600,\"height\":428,\"caption\":\"Koonings\"},\"image\":{\"@id\":\"https:\\\/\\\/www.koonings.com\\\/fr\\\/#\\\/schema\\\/logo\\\/image\\\/\"},\"sameAs\":[\"https:\\\/\\\/www.facebook.com\\\/kooningstheweddingpalace\",\"https:\\\/\\\/www.instagram.com\\\/kooningstheweddingpalace\",\"https:\\\/\\\/www.pinterest.com\\\/koonings\",\"https:\\\/\\\/www.youtube.com\\\/kooningstheweddingpalace\"]}]}<\/script>\n<!-- \/ Yoast SEO plugin. -->","yoast_head_json":{"title":"Cosmobella 8215 | Koonings","description":"La Cosmobella 8215 est une robe de mari\u00e9e enchanteresse qui respire la romance et l'\u00e9l\u00e9gance. Fabriqu\u00e9e en organza, cette robe pr\u00e9sente un magnifique haut en dentelle avec des paillettes, compl\u00e9t\u00e9 par une couche suppl\u00e9mentaire de tulle \u00e0 paillettes. Elle pr\u00e9sente un d\u00e9collet\u00e9 en V sophistiqu\u00e9, des bretelles \u00e9troites et un dos rond \u00e9l\u00e9gant et subtil. Cette combinaison parfaite cr\u00e9e un look intemporel et sophistiqu\u00e9. La Cosmobella 8215 est disponible exclusivement chez Koonings The Wedding Palace, o\u00f9 vous pouvez compter sur le meilleur de la mode nuptiale et du service.","robots":{"index":"index","follow":"follow","max-snippet":"max-snippet:-1","max-image-preview":"max-image-preview:large","max-video-preview":"max-video-preview:-1"},"canonical":"https:\/\/www.koonings.com\/fr\/product\/cosmobella-8215\/","og_locale":"fr_FR","og_type":"article","og_title":"Cosmobella 8215 | Koonings","og_description":"La Cosmobella 8215 est une robe de mari\u00e9e enchanteresse qui respire la romance et l'\u00e9l\u00e9gance. Fabriqu\u00e9e en organza, cette robe pr\u00e9sente un magnifique haut en dentelle avec des paillettes, compl\u00e9t\u00e9 par une couche suppl\u00e9mentaire de tulle \u00e0 paillettes. Elle pr\u00e9sente un d\u00e9collet\u00e9 en V sophistiqu\u00e9, des bretelles \u00e9troites et un dos rond \u00e9l\u00e9gant et subtil. Cette combinaison parfaite cr\u00e9e un look intemporel et sophistiqu\u00e9. La Cosmobella 8215 est disponible exclusivement chez Koonings The Wedding Palace, o\u00f9 vous pouvez compter sur le meilleur de la mode nuptiale et du service.","og_url":"https:\/\/www.koonings.com\/fr\/product\/cosmobella-8215\/","og_site_name":"Koonings","article_publisher":"https:\/\/www.facebook.com\/kooningstheweddingpalace","og_image":[{"width":1812,"height":2560,"url":"https:\/\/www.koonings.com\/wp-content\/uploads\/2024\/11\/49152_d48303fdf612a7163f7e2ab3f3f9cac7fe27ad90385b3920cfc4238171f373857f479f42-scaled.jpeg","type":"image\/jpeg"}],"twitter_card":"summary_large_image","schema":{"@context":"https:\/\/schema.org","@graph":[{"@type":"WebPage","@id":"https:\/\/www.koonings.com\/fr\/product\/cosmobella-8215\/","url":"https:\/\/www.koonings.com\/fr\/product\/cosmobella-8215\/","name":"Cosmobella 8215 | Koonings","isPartOf":{"@id":"https:\/\/www.koonings.com\/fr\/#website"},"primaryImageOfPage":{"@id":"https:\/\/www.koonings.com\/fr\/product\/cosmobella-8215\/#primaryimage"},"image":{"@id":"https:\/\/www.koonings.com\/fr\/product\/cosmobella-8215\/#primaryimage"},"thumbnailUrl":"https:\/\/www.koonings.com\/wp-content\/uploads\/2024\/11\/49152_d48303fdf612a7163f7e2ab3f3f9cac7fe27ad90385b3920cfc4238171f373857f479f42-scaled.jpeg","datePublished":"2026-04-28T16:28:31+00:00","description":"La Cosmobella 8215 est une robe de mari\u00e9e enchanteresse qui respire la romance et l'\u00e9l\u00e9gance. Fabriqu\u00e9e en organza, cette robe pr\u00e9sente un magnifique haut en dentelle avec des paillettes, compl\u00e9t\u00e9 par une couche suppl\u00e9mentaire de tulle \u00e0 paillettes. Elle pr\u00e9sente un d\u00e9collet\u00e9 en V sophistiqu\u00e9, des bretelles \u00e9troites et un dos rond \u00e9l\u00e9gant et subtil. Cette combinaison parfaite cr\u00e9e un look intemporel et sophistiqu\u00e9. La Cosmobella 8215 est disponible exclusivement chez Koonings The Wedding Palace, o\u00f9 vous pouvez compter sur le meilleur de la mode nuptiale et du service.","breadcrumb":{"@id":"https:\/\/www.koonings.com\/fr\/product\/cosmobella-8215\/#breadcrumb"},"inLanguage":"fr-FR","potentialAction":[{"@type":"ReadAction","target":["https:\/\/www.koonings.com\/fr\/product\/cosmobella-8215\/"]}]},{"@type":"ImageObject","inLanguage":"fr-FR","@id":"https:\/\/www.koonings.com\/fr\/product\/cosmobella-8215\/#primaryimage","url":"https:\/\/www.koonings.com\/wp-content\/uploads\/2024\/11\/49152_d48303fdf612a7163f7e2ab3f3f9cac7fe27ad90385b3920cfc4238171f373857f479f42-scaled.jpeg","contentUrl":"https:\/\/www.koonings.com\/wp-content\/uploads\/2024\/11\/49152_d48303fdf612a7163f7e2ab3f3f9cac7fe27ad90385b3920cfc4238171f373857f479f42-scaled.jpeg","width":1812,"height":2560},{"@type":"BreadcrumbList","@id":"https:\/\/www.koonings.com\/fr\/product\/cosmobella-8215\/#breadcrumb","itemListElement":[{"@type":"ListItem","position":1,"name":"Home","item":"https:\/\/www.koonings.com\/fr\/"},{"@type":"ListItem","position":2,"name":"Cosmobella 8215"}]},{"@type":"WebSite","@id":"https:\/\/www.koonings.com\/fr\/#website","url":"https:\/\/www.koonings.com\/fr\/","name":"Koonings","description":"De grootste bruidsmodewinkel ter wereld","publisher":{"@id":"https:\/\/www.koonings.com\/fr\/#organization"},"potentialAction":[{"@type":"SearchAction","target":{"@type":"EntryPoint","urlTemplate":"https:\/\/www.koonings.com\/fr\/?s={search_term_string}"},"query-input":{"@type":"PropertyValueSpecification","valueRequired":true,"valueName":"search_term_string"}}],"inLanguage":"fr-FR"},{"@type":"Organization","@id":"https:\/\/www.koonings.com\/fr\/#organization","name":"Koonings","url":"https:\/\/www.koonings.com\/fr\/","logo":{"@type":"ImageObject","inLanguage":"fr-FR","@id":"https:\/\/www.koonings.com\/fr\/#\/schema\/logo\/image\/","url":"https:\/\/www.koonings.com\/wp-content\/uploads\/2024\/07\/logo.png","contentUrl":"https:\/\/www.koonings.com\/wp-content\/uploads\/2024\/07\/logo.png","width":600,"height":428,"caption":"Koonings"},"image":{"@id":"https:\/\/www.koonings.com\/fr\/#\/schema\/logo\/image\/"},"sameAs":["https:\/\/www.facebook.com\/kooningstheweddingpalace","https:\/\/www.instagram.com\/kooningstheweddingpalace","https:\/\/www.pinterest.com\/koonings","https:\/\/www.youtube.com\/kooningstheweddingpalace"]}]}},"_links":{"self":[{"href":"https:\/\/www.koonings.com\/fr\/wp-json\/wp\/v2\/product\/59858","targetHints":{"allow":["GET"]}}],"collection":[{"href":"https:\/\/www.koonings.com\/fr\/wp-json\/wp\/v2\/product"}],"about":[{"href":"https:\/\/www.koonings.com\/fr\/wp-json\/wp\/v2\/types\/product"}],"wp:featuredmedia":[{"embeddable":true,"href":"https:\/\/www.koonings.com\/fr\/wp-json\/wp\/v2\/media\/55921"}],"wp:attachment":[{"href":"https:\/\/www.koonings.com\/fr\/wp-json\/wp\/v2\/media?parent=59858"}],"wp:term":[{"taxonomy":"productdetails","embeddable":true,"href":"https:\/\/www.koonings.com\/fr\/wp-json\/wp\/v2\/productdetails?post=59858"},{"taxonomy":"productneck","embeddable":true,"href":"https:\/\/www.koonings.com\/fr\/wp-json\/wp\/v2\/productneck?post=59858"},{"taxonomy":"productcolor","embeddable":true,"href":"https:\/\/www.koonings.com\/fr\/wp-json\/wp\/v2\/productcolor?post=59858"},{"taxonomy":"maat","embeddable":true,"href":"https:\/\/www.koonings.com\/fr\/wp-json\/wp\/v2\/maat?post=59858"},{"taxonomy":"productsupplier","embeddable":true,"href":"https:\/\/www.koonings.com\/fr\/wp-json\/wp\/v2\/productsupplier?post=59858"},{"taxonomy":"productsleeve","embeddable":true,"href":"https:\/\/www.koonings.com\/fr\/wp-json\/wp\/v2\/productsleeve?post=59858"},{"taxonomy":"productcategory","embeddable":true,"href":"https:\/\/www.koonings.com\/fr\/wp-json\/wp\/v2\/productcategory?post=59858"},{"taxonomy":"productsilhouette","embeddable":true,"href":"https:\/\/www.koonings.com\/fr\/wp-json\/wp\/v2\/productsilhouette?post=59858"},{"taxonomy":"productstyle","embeddable":true,"href":"https:\/\/www.koonings.com\/fr\/wp-json\/wp\/v2\/productstyle?post=59858"}],"curies":[{"name":"wp","href":"https:\/\/api.w.org\/{rel}","templated":true}]}}