{"id":59839,"date":"2026-04-28T18:28:35","date_gmt":"2026-04-28T16:28:35","guid":{"rendered":"https:\/\/www.koonings.com\/product\/michela-ferriero-naiade\/"},"modified":"2025-06-05T13:27:14","modified_gmt":"2025-06-05T11:27:14","slug":"michela-ferriero-naiade","status":"publish","type":"product","link":"https:\/\/www.koonings.com\/fr\/product\/michela-ferriero-naiade\/","title":{"rendered":"Michela Ferriero Naiade"},"content":{"rendered":"<p>Robe sir\u00e8ne fran\u00e7aise en dentelle Chantilly avec motif floral en dessous en tissu diamant transparent pour lui donner une touche pr\u00e9cieuse, encolure qui s&#8217;enroule sur l&#8217;os sup\u00e9rieur du bras (encolure hum\u00e9rale) qui caresse les \u00e9paules avec des lisi\u00e8res soulignant le savoir-faire et l&#8217;originalit\u00e9 de la dentelle. Pour la rendre encore plus glamour, il y a les manches amovibles avec des boutons en cristal. Pour la transformer et la rendre plus pr\u00e9cieuse, des accessoires assortis avec un collier en dentelle et des colliers Swarovski soulignent le d\u00e9collet\u00e9 et le transforment avec une encolure \u00e0 l&#8217;am\u00e9ricaine. Et pour compl\u00e9ter le look, nous avons ajout\u00e9 une ceinture asym\u00e9trique en organza avec des queues pour rendre l&#8217;all\u00e9e de l&#8217;\u00e9glise plus excitante et ajouter une touche chic \u00e0 l&#8217;ensemble de la robe.   <\/p>\n","protected":false},"featured_media":56030,"template":"","meta":{"_acf_changed":false,"ghostkit_customizer_options":"","ghostkit_custom_css":"","ghostkit_custom_js_head":"","ghostkit_custom_js_foot":"","ghostkit_typography":""},"productdetails":[379,377,376],"productneck":[356],"productcolor":[393,392],"maat":[],"productsupplier":[445],"productsleeve":[357],"productcategory":[18],"productsilhouette":[387],"productstyle":[369,366,370],"class_list":["post-59839","product","type-product","status-publish","has-post-thumbnail","hentry","productdetails-379","productdetails-377","productdetails-376","productneck-356","productcolor-393","productcolor-392","productsupplier-michela-ferriero","productsleeve-357","productcategory-trouwjurken","productsilhouette-387","productstyle-369","productstyle-366","productstyle-370"],"acf":[],"yoast_head":"<!-- This site is optimized with the Yoast SEO plugin v27.3 - https:\/\/yoast.com\/product\/yoast-seo-wordpress\/ -->\n<title>Michela Ferriero Naiade | Koonings<\/title>\n<meta name=\"description\" content=\"Robe sir\u00e8ne fran\u00e7aise en dentelle Chantilly avec motif floral en dessous en tissu diamant transparent pour lui donner une touche pr\u00e9cieuse, encolure qui s&#039;enroule sur l&#039;os sup\u00e9rieur du bras (encolure hum\u00e9rale) qui caresse les \u00e9paules avec des lisi\u00e8res soulignant le savoir-faire et l&#039;originalit\u00e9 de la dentelle. Pour la rendre encore plus glamour, il y a les manches amovibles avec des boutons en cristal. Pour la transformer et la rendre plus pr\u00e9cieuse, des accessoires assortis avec un collier en dentelle et des colliers Swarovski soulignent le d\u00e9collet\u00e9 et le transforment avec une encolure \u00e0 l&#039;am\u00e9ricaine. Et pour compl\u00e9ter le look, nous avons ajout\u00e9 une ceinture asym\u00e9trique en organza avec des queues pour rendre l&#039;all\u00e9e de l&#039;\u00e9glise plus excitante et ajouter une touche chic \u00e0 l&#039;ensemble de la robe.\" \/>\n<meta name=\"robots\" content=\"index, follow, max-snippet:-1, max-image-preview:large, max-video-preview:-1\" \/>\n<link rel=\"canonical\" href=\"https:\/\/www.koonings.com\/fr\/product\/michela-ferriero-naiade\/\" \/>\n<meta property=\"og:locale\" content=\"fr_FR\" \/>\n<meta property=\"og:type\" content=\"article\" \/>\n<meta property=\"og:title\" content=\"Michela Ferriero Naiade | Koonings\" \/>\n<meta property=\"og:description\" content=\"Robe sir\u00e8ne fran\u00e7aise en dentelle Chantilly avec motif floral en dessous en tissu diamant transparent pour lui donner une touche pr\u00e9cieuse, encolure qui s&#039;enroule sur l&#039;os sup\u00e9rieur du bras (encolure hum\u00e9rale) qui caresse les \u00e9paules avec des lisi\u00e8res soulignant le savoir-faire et l&#039;originalit\u00e9 de la dentelle. Pour la rendre encore plus glamour, il y a les manches amovibles avec des boutons en cristal. Pour la transformer et la rendre plus pr\u00e9cieuse, des accessoires assortis avec un collier en dentelle et des colliers Swarovski soulignent le d\u00e9collet\u00e9 et le transforment avec une encolure \u00e0 l&#039;am\u00e9ricaine. Et pour compl\u00e9ter le look, nous avons ajout\u00e9 une ceinture asym\u00e9trique en organza avec des queues pour rendre l&#039;all\u00e9e de l&#039;\u00e9glise plus excitante et ajouter une touche chic \u00e0 l&#039;ensemble de la robe.\" \/>\n<meta property=\"og:url\" content=\"https:\/\/www.koonings.com\/fr\/product\/michela-ferriero-naiade\/\" \/>\n<meta property=\"og:site_name\" content=\"Koonings\" \/>\n<meta property=\"article:publisher\" content=\"https:\/\/www.facebook.com\/kooningstheweddingpalace\" \/>\n<meta property=\"og:image\" content=\"https:\/\/www.koonings.com\/wp-content\/uploads\/2024\/11\/49176_ec4e8aa2835641b04a6185f2c50b7547d7093354963485a27309cc182ca54d2a55b9fda4-scaled.jpeg\" \/>\n\t<meta property=\"og:image:width\" content=\"1809\" \/>\n\t<meta property=\"og:image:height\" content=\"2560\" \/>\n\t<meta property=\"og:image:type\" content=\"image\/jpeg\" \/>\n<meta name=\"twitter:card\" content=\"summary_large_image\" \/>\n<meta name=\"twitter:label1\" content=\"Dur\u00e9e de lecture estim\u00e9e\" \/>\n\t<meta name=\"twitter:data1\" content=\"1 minute\" \/>\n<script type=\"application\/ld+json\" class=\"yoast-schema-graph\">{\"@context\":\"https:\\\/\\\/schema.org\",\"@graph\":[{\"@type\":\"WebPage\",\"@id\":\"https:\\\/\\\/www.koonings.com\\\/fr\\\/product\\\/michela-ferriero-naiade\\\/\",\"url\":\"https:\\\/\\\/www.koonings.com\\\/fr\\\/product\\\/michela-ferriero-naiade\\\/\",\"name\":\"Michela Ferriero Naiade | Koonings\",\"isPartOf\":{\"@id\":\"https:\\\/\\\/www.koonings.com\\\/fr\\\/#website\"},\"primaryImageOfPage\":{\"@id\":\"https:\\\/\\\/www.koonings.com\\\/fr\\\/product\\\/michela-ferriero-naiade\\\/#primaryimage\"},\"image\":{\"@id\":\"https:\\\/\\\/www.koonings.com\\\/fr\\\/product\\\/michela-ferriero-naiade\\\/#primaryimage\"},\"thumbnailUrl\":\"https:\\\/\\\/www.koonings.com\\\/wp-content\\\/uploads\\\/2024\\\/11\\\/49176_ec4e8aa2835641b04a6185f2c50b7547d7093354963485a27309cc182ca54d2a55b9fda4-scaled.jpeg\",\"datePublished\":\"2026-04-28T16:28:35+00:00\",\"description\":\"Robe sir\u00e8ne fran\u00e7aise en dentelle Chantilly avec motif floral en dessous en tissu diamant transparent pour lui donner une touche pr\u00e9cieuse, encolure qui s'enroule sur l'os sup\u00e9rieur du bras (encolure hum\u00e9rale) qui caresse les \u00e9paules avec des lisi\u00e8res soulignant le savoir-faire et l'originalit\u00e9 de la dentelle. Pour la rendre encore plus glamour, il y a les manches amovibles avec des boutons en cristal. Pour la transformer et la rendre plus pr\u00e9cieuse, des accessoires assortis avec un collier en dentelle et des colliers Swarovski soulignent le d\u00e9collet\u00e9 et le transforment avec une encolure \u00e0 l'am\u00e9ricaine. Et pour compl\u00e9ter le look, nous avons ajout\u00e9 une ceinture asym\u00e9trique en organza avec des queues pour rendre l'all\u00e9e de l'\u00e9glise plus excitante et ajouter une touche chic \u00e0 l'ensemble de la robe.\",\"breadcrumb\":{\"@id\":\"https:\\\/\\\/www.koonings.com\\\/fr\\\/product\\\/michela-ferriero-naiade\\\/#breadcrumb\"},\"inLanguage\":\"fr-FR\",\"potentialAction\":[{\"@type\":\"ReadAction\",\"target\":[\"https:\\\/\\\/www.koonings.com\\\/fr\\\/product\\\/michela-ferriero-naiade\\\/\"]}]},{\"@type\":\"ImageObject\",\"inLanguage\":\"fr-FR\",\"@id\":\"https:\\\/\\\/www.koonings.com\\\/fr\\\/product\\\/michela-ferriero-naiade\\\/#primaryimage\",\"url\":\"https:\\\/\\\/www.koonings.com\\\/wp-content\\\/uploads\\\/2024\\\/11\\\/49176_ec4e8aa2835641b04a6185f2c50b7547d7093354963485a27309cc182ca54d2a55b9fda4-scaled.jpeg\",\"contentUrl\":\"https:\\\/\\\/www.koonings.com\\\/wp-content\\\/uploads\\\/2024\\\/11\\\/49176_ec4e8aa2835641b04a6185f2c50b7547d7093354963485a27309cc182ca54d2a55b9fda4-scaled.jpeg\",\"width\":1809,\"height\":2560},{\"@type\":\"BreadcrumbList\",\"@id\":\"https:\\\/\\\/www.koonings.com\\\/fr\\\/product\\\/michela-ferriero-naiade\\\/#breadcrumb\",\"itemListElement\":[{\"@type\":\"ListItem\",\"position\":1,\"name\":\"Home\",\"item\":\"https:\\\/\\\/www.koonings.com\\\/fr\\\/\"},{\"@type\":\"ListItem\",\"position\":2,\"name\":\"Michela Ferriero Naiade\"}]},{\"@type\":\"WebSite\",\"@id\":\"https:\\\/\\\/www.koonings.com\\\/fr\\\/#website\",\"url\":\"https:\\\/\\\/www.koonings.com\\\/fr\\\/\",\"name\":\"Koonings\",\"description\":\"De grootste bruidsmodewinkel ter wereld\",\"publisher\":{\"@id\":\"https:\\\/\\\/www.koonings.com\\\/fr\\\/#organization\"},\"potentialAction\":[{\"@type\":\"SearchAction\",\"target\":{\"@type\":\"EntryPoint\",\"urlTemplate\":\"https:\\\/\\\/www.koonings.com\\\/fr\\\/?s={search_term_string}\"},\"query-input\":{\"@type\":\"PropertyValueSpecification\",\"valueRequired\":true,\"valueName\":\"search_term_string\"}}],\"inLanguage\":\"fr-FR\"},{\"@type\":\"Organization\",\"@id\":\"https:\\\/\\\/www.koonings.com\\\/fr\\\/#organization\",\"name\":\"Koonings\",\"url\":\"https:\\\/\\\/www.koonings.com\\\/fr\\\/\",\"logo\":{\"@type\":\"ImageObject\",\"inLanguage\":\"fr-FR\",\"@id\":\"https:\\\/\\\/www.koonings.com\\\/fr\\\/#\\\/schema\\\/logo\\\/image\\\/\",\"url\":\"https:\\\/\\\/www.koonings.com\\\/wp-content\\\/uploads\\\/2024\\\/07\\\/logo.png\",\"contentUrl\":\"https:\\\/\\\/www.koonings.com\\\/wp-content\\\/uploads\\\/2024\\\/07\\\/logo.png\",\"width\":600,\"height\":428,\"caption\":\"Koonings\"},\"image\":{\"@id\":\"https:\\\/\\\/www.koonings.com\\\/fr\\\/#\\\/schema\\\/logo\\\/image\\\/\"},\"sameAs\":[\"https:\\\/\\\/www.facebook.com\\\/kooningstheweddingpalace\",\"https:\\\/\\\/www.instagram.com\\\/kooningstheweddingpalace\",\"https:\\\/\\\/www.pinterest.com\\\/koonings\",\"https:\\\/\\\/www.youtube.com\\\/kooningstheweddingpalace\"]}]}<\/script>\n<!-- \/ Yoast SEO plugin. -->","yoast_head_json":{"title":"Michela Ferriero Naiade | Koonings","description":"Robe sir\u00e8ne fran\u00e7aise en dentelle Chantilly avec motif floral en dessous en tissu diamant transparent pour lui donner une touche pr\u00e9cieuse, encolure qui s'enroule sur l'os sup\u00e9rieur du bras (encolure hum\u00e9rale) qui caresse les \u00e9paules avec des lisi\u00e8res soulignant le savoir-faire et l'originalit\u00e9 de la dentelle. Pour la rendre encore plus glamour, il y a les manches amovibles avec des boutons en cristal. Pour la transformer et la rendre plus pr\u00e9cieuse, des accessoires assortis avec un collier en dentelle et des colliers Swarovski soulignent le d\u00e9collet\u00e9 et le transforment avec une encolure \u00e0 l'am\u00e9ricaine. Et pour compl\u00e9ter le look, nous avons ajout\u00e9 une ceinture asym\u00e9trique en organza avec des queues pour rendre l'all\u00e9e de l'\u00e9glise plus excitante et ajouter une touche chic \u00e0 l'ensemble de la robe.","robots":{"index":"index","follow":"follow","max-snippet":"max-snippet:-1","max-image-preview":"max-image-preview:large","max-video-preview":"max-video-preview:-1"},"canonical":"https:\/\/www.koonings.com\/fr\/product\/michela-ferriero-naiade\/","og_locale":"fr_FR","og_type":"article","og_title":"Michela Ferriero Naiade | Koonings","og_description":"Robe sir\u00e8ne fran\u00e7aise en dentelle Chantilly avec motif floral en dessous en tissu diamant transparent pour lui donner une touche pr\u00e9cieuse, encolure qui s'enroule sur l'os sup\u00e9rieur du bras (encolure hum\u00e9rale) qui caresse les \u00e9paules avec des lisi\u00e8res soulignant le savoir-faire et l'originalit\u00e9 de la dentelle. Pour la rendre encore plus glamour, il y a les manches amovibles avec des boutons en cristal. Pour la transformer et la rendre plus pr\u00e9cieuse, des accessoires assortis avec un collier en dentelle et des colliers Swarovski soulignent le d\u00e9collet\u00e9 et le transforment avec une encolure \u00e0 l'am\u00e9ricaine. Et pour compl\u00e9ter le look, nous avons ajout\u00e9 une ceinture asym\u00e9trique en organza avec des queues pour rendre l'all\u00e9e de l'\u00e9glise plus excitante et ajouter une touche chic \u00e0 l'ensemble de la robe.","og_url":"https:\/\/www.koonings.com\/fr\/product\/michela-ferriero-naiade\/","og_site_name":"Koonings","article_publisher":"https:\/\/www.facebook.com\/kooningstheweddingpalace","og_image":[{"width":1809,"height":2560,"url":"https:\/\/www.koonings.com\/wp-content\/uploads\/2024\/11\/49176_ec4e8aa2835641b04a6185f2c50b7547d7093354963485a27309cc182ca54d2a55b9fda4-scaled.jpeg","type":"image\/jpeg"}],"twitter_card":"summary_large_image","twitter_misc":{"Dur\u00e9e de lecture estim\u00e9e":"1 minute"},"schema":{"@context":"https:\/\/schema.org","@graph":[{"@type":"WebPage","@id":"https:\/\/www.koonings.com\/fr\/product\/michela-ferriero-naiade\/","url":"https:\/\/www.koonings.com\/fr\/product\/michela-ferriero-naiade\/","name":"Michela Ferriero Naiade | Koonings","isPartOf":{"@id":"https:\/\/www.koonings.com\/fr\/#website"},"primaryImageOfPage":{"@id":"https:\/\/www.koonings.com\/fr\/product\/michela-ferriero-naiade\/#primaryimage"},"image":{"@id":"https:\/\/www.koonings.com\/fr\/product\/michela-ferriero-naiade\/#primaryimage"},"thumbnailUrl":"https:\/\/www.koonings.com\/wp-content\/uploads\/2024\/11\/49176_ec4e8aa2835641b04a6185f2c50b7547d7093354963485a27309cc182ca54d2a55b9fda4-scaled.jpeg","datePublished":"2026-04-28T16:28:35+00:00","description":"Robe sir\u00e8ne fran\u00e7aise en dentelle Chantilly avec motif floral en dessous en tissu diamant transparent pour lui donner une touche pr\u00e9cieuse, encolure qui s'enroule sur l'os sup\u00e9rieur du bras (encolure hum\u00e9rale) qui caresse les \u00e9paules avec des lisi\u00e8res soulignant le savoir-faire et l'originalit\u00e9 de la dentelle. Pour la rendre encore plus glamour, il y a les manches amovibles avec des boutons en cristal. Pour la transformer et la rendre plus pr\u00e9cieuse, des accessoires assortis avec un collier en dentelle et des colliers Swarovski soulignent le d\u00e9collet\u00e9 et le transforment avec une encolure \u00e0 l'am\u00e9ricaine. Et pour compl\u00e9ter le look, nous avons ajout\u00e9 une ceinture asym\u00e9trique en organza avec des queues pour rendre l'all\u00e9e de l'\u00e9glise plus excitante et ajouter une touche chic \u00e0 l'ensemble de la robe.","breadcrumb":{"@id":"https:\/\/www.koonings.com\/fr\/product\/michela-ferriero-naiade\/#breadcrumb"},"inLanguage":"fr-FR","potentialAction":[{"@type":"ReadAction","target":["https:\/\/www.koonings.com\/fr\/product\/michela-ferriero-naiade\/"]}]},{"@type":"ImageObject","inLanguage":"fr-FR","@id":"https:\/\/www.koonings.com\/fr\/product\/michela-ferriero-naiade\/#primaryimage","url":"https:\/\/www.koonings.com\/wp-content\/uploads\/2024\/11\/49176_ec4e8aa2835641b04a6185f2c50b7547d7093354963485a27309cc182ca54d2a55b9fda4-scaled.jpeg","contentUrl":"https:\/\/www.koonings.com\/wp-content\/uploads\/2024\/11\/49176_ec4e8aa2835641b04a6185f2c50b7547d7093354963485a27309cc182ca54d2a55b9fda4-scaled.jpeg","width":1809,"height":2560},{"@type":"BreadcrumbList","@id":"https:\/\/www.koonings.com\/fr\/product\/michela-ferriero-naiade\/#breadcrumb","itemListElement":[{"@type":"ListItem","position":1,"name":"Home","item":"https:\/\/www.koonings.com\/fr\/"},{"@type":"ListItem","position":2,"name":"Michela Ferriero Naiade"}]},{"@type":"WebSite","@id":"https:\/\/www.koonings.com\/fr\/#website","url":"https:\/\/www.koonings.com\/fr\/","name":"Koonings","description":"De grootste bruidsmodewinkel ter wereld","publisher":{"@id":"https:\/\/www.koonings.com\/fr\/#organization"},"potentialAction":[{"@type":"SearchAction","target":{"@type":"EntryPoint","urlTemplate":"https:\/\/www.koonings.com\/fr\/?s={search_term_string}"},"query-input":{"@type":"PropertyValueSpecification","valueRequired":true,"valueName":"search_term_string"}}],"inLanguage":"fr-FR"},{"@type":"Organization","@id":"https:\/\/www.koonings.com\/fr\/#organization","name":"Koonings","url":"https:\/\/www.koonings.com\/fr\/","logo":{"@type":"ImageObject","inLanguage":"fr-FR","@id":"https:\/\/www.koonings.com\/fr\/#\/schema\/logo\/image\/","url":"https:\/\/www.koonings.com\/wp-content\/uploads\/2024\/07\/logo.png","contentUrl":"https:\/\/www.koonings.com\/wp-content\/uploads\/2024\/07\/logo.png","width":600,"height":428,"caption":"Koonings"},"image":{"@id":"https:\/\/www.koonings.com\/fr\/#\/schema\/logo\/image\/"},"sameAs":["https:\/\/www.facebook.com\/kooningstheweddingpalace","https:\/\/www.instagram.com\/kooningstheweddingpalace","https:\/\/www.pinterest.com\/koonings","https:\/\/www.youtube.com\/kooningstheweddingpalace"]}]}},"_links":{"self":[{"href":"https:\/\/www.koonings.com\/fr\/wp-json\/wp\/v2\/product\/59839","targetHints":{"allow":["GET"]}}],"collection":[{"href":"https:\/\/www.koonings.com\/fr\/wp-json\/wp\/v2\/product"}],"about":[{"href":"https:\/\/www.koonings.com\/fr\/wp-json\/wp\/v2\/types\/product"}],"wp:featuredmedia":[{"embeddable":true,"href":"https:\/\/www.koonings.com\/fr\/wp-json\/wp\/v2\/media\/56030"}],"wp:attachment":[{"href":"https:\/\/www.koonings.com\/fr\/wp-json\/wp\/v2\/media?parent=59839"}],"wp:term":[{"taxonomy":"productdetails","embeddable":true,"href":"https:\/\/www.koonings.com\/fr\/wp-json\/wp\/v2\/productdetails?post=59839"},{"taxonomy":"productneck","embeddable":true,"href":"https:\/\/www.koonings.com\/fr\/wp-json\/wp\/v2\/productneck?post=59839"},{"taxonomy":"productcolor","embeddable":true,"href":"https:\/\/www.koonings.com\/fr\/wp-json\/wp\/v2\/productcolor?post=59839"},{"taxonomy":"maat","embeddable":true,"href":"https:\/\/www.koonings.com\/fr\/wp-json\/wp\/v2\/maat?post=59839"},{"taxonomy":"productsupplier","embeddable":true,"href":"https:\/\/www.koonings.com\/fr\/wp-json\/wp\/v2\/productsupplier?post=59839"},{"taxonomy":"productsleeve","embeddable":true,"href":"https:\/\/www.koonings.com\/fr\/wp-json\/wp\/v2\/productsleeve?post=59839"},{"taxonomy":"productcategory","embeddable":true,"href":"https:\/\/www.koonings.com\/fr\/wp-json\/wp\/v2\/productcategory?post=59839"},{"taxonomy":"productsilhouette","embeddable":true,"href":"https:\/\/www.koonings.com\/fr\/wp-json\/wp\/v2\/productsilhouette?post=59839"},{"taxonomy":"productstyle","embeddable":true,"href":"https:\/\/www.koonings.com\/fr\/wp-json\/wp\/v2\/productstyle?post=59839"}],"curies":[{"name":"wp","href":"https:\/\/api.w.org\/{rel}","templated":true}]}}