{"id":59833,"date":"2025-12-15T00:46:28","date_gmt":"2025-12-14T23:46:28","guid":{"rendered":"https:\/\/www.koonings.com\/product\/enzoani-blue-collection-pia-2\/"},"modified":"2026-02-03T19:22:24","modified_gmt":"2026-02-03T18:22:24","slug":"enzoani-blue-collection-pia-2","status":"publish","type":"product","link":"https:\/\/www.koonings.com\/fr\/product\/enzoani-blue-collection-pia-2\/","title":{"rendered":"Enzoani Collection bleue Pia"},"content":{"rendered":"<p>Aussi douce que possible et d&#8217;une allure ind\u00e9niable, cette silhouette moderne de type A ne manquera pas de vous s\u00e9duire. Elle est orn\u00e9e d&#8217;appliques personnalis\u00e9es avec un motif 3D en forme de vigne, plac\u00e9es le long du corsage illusion avec une coupe en V et flottant le long de la jupe scintillante, associ\u00e9e \u00e0 une \u00e9charpe asym\u00e9trique en tulle (qui est d\u00e9tachable !) De magnifiques d\u00e9tails et du tulle forment un effet de cascade. La jupe de r\u00eave. De douces couches de tulle, des paillettes \u00e9parses et des mailles transparentes ajoutent encore plus de sophistication sexy \u00e0 cette robe fendue, tandis qu&#8217;un dos corset\u00e9 encadr\u00e9 de dentelle est le d\u00e9tail le plus fin pour compl\u00e9ter le look.   <\/p>\n","protected":false},"featured_media":56055,"template":"","meta":{"_acf_changed":false,"ghostkit_customizer_options":"","ghostkit_custom_css":"","ghostkit_custom_js_head":"","ghostkit_custom_js_foot":"","ghostkit_typography":""},"productdetails":[378,381],"productneck":[354,355],"productcolor":[393,392],"maat":[],"productsupplier":[405],"productsleeve":[],"productcategory":[18],"productsilhouette":[384],"productstyle":[366],"class_list":["post-59833","product","type-product","status-publish","has-post-thumbnail","hentry","productdetails-378","productdetails-381","productneck-354","productneck-355","productcolor-393","productcolor-392","productsupplier-enzoani-blue-collection","productcategory-trouwjurken","productsilhouette-384","productstyle-366"],"acf":[],"yoast_head":"<!-- This site is optimized with the Yoast SEO plugin v27.3 - https:\/\/yoast.com\/product\/yoast-seo-wordpress\/ -->\n<title>Enzoani Collection bleue Pia | Koonings<\/title>\n<meta name=\"description\" content=\"Aussi douce que possible et d&#039;une allure ind\u00e9niable, cette silhouette moderne de type A ne manquera pas de vous s\u00e9duire. Elle est orn\u00e9e d&#039;appliques personnalis\u00e9es avec un motif 3D en forme de vigne, plac\u00e9es le long du corsage illusion avec une coupe en V et flottant le long de la jupe scintillante, associ\u00e9e \u00e0 une \u00e9charpe asym\u00e9trique en tulle (qui est d\u00e9tachable !) De magnifiques d\u00e9tails et du tulle forment un effet de cascade. La jupe de r\u00eave. De douces couches de tulle, des paillettes \u00e9parses et des mailles transparentes ajoutent encore plus de sophistication sexy \u00e0 cette robe fendue, tandis qu&#039;un dos corset\u00e9 encadr\u00e9 de dentelle est le d\u00e9tail le plus fin pour compl\u00e9ter le look.\" \/>\n<meta name=\"robots\" content=\"index, follow, max-snippet:-1, max-image-preview:large, max-video-preview:-1\" \/>\n<link rel=\"canonical\" href=\"https:\/\/www.koonings.com\/fr\/product\/enzoani-blue-collection-pia-2\/\" \/>\n<meta property=\"og:locale\" content=\"fr_FR\" \/>\n<meta property=\"og:type\" content=\"article\" \/>\n<meta property=\"og:title\" content=\"Enzoani Collection bleue Pia | Koonings\" \/>\n<meta property=\"og:description\" content=\"Aussi douce que possible et d&#039;une allure ind\u00e9niable, cette silhouette moderne de type A ne manquera pas de vous s\u00e9duire. Elle est orn\u00e9e d&#039;appliques personnalis\u00e9es avec un motif 3D en forme de vigne, plac\u00e9es le long du corsage illusion avec une coupe en V et flottant le long de la jupe scintillante, associ\u00e9e \u00e0 une \u00e9charpe asym\u00e9trique en tulle (qui est d\u00e9tachable !) De magnifiques d\u00e9tails et du tulle forment un effet de cascade. La jupe de r\u00eave. De douces couches de tulle, des paillettes \u00e9parses et des mailles transparentes ajoutent encore plus de sophistication sexy \u00e0 cette robe fendue, tandis qu&#039;un dos corset\u00e9 encadr\u00e9 de dentelle est le d\u00e9tail le plus fin pour compl\u00e9ter le look.\" \/>\n<meta property=\"og:url\" content=\"https:\/\/www.koonings.com\/fr\/product\/enzoani-blue-collection-pia-2\/\" \/>\n<meta property=\"og:site_name\" content=\"Koonings\" \/>\n<meta property=\"article:publisher\" content=\"https:\/\/www.facebook.com\/kooningstheweddingpalace\" \/>\n<meta property=\"article:modified_time\" content=\"2026-02-03T18:22:24+00:00\" \/>\n<meta property=\"og:image\" content=\"https:\/\/www.koonings.com\/wp-content\/uploads\/2024\/11\/49184_a761a9ad58cd5c0901a576277ddaa97c7c2706e6214aac2914ebfe33ead3acecf8c1ee2a.jpeg\" \/>\n\t<meta property=\"og:image:width\" content=\"1035\" \/>\n\t<meta property=\"og:image:height\" content=\"1380\" \/>\n\t<meta property=\"og:image:type\" content=\"image\/jpeg\" \/>\n<meta name=\"twitter:card\" content=\"summary_large_image\" \/>\n<meta name=\"twitter:label1\" content=\"Dur\u00e9e de lecture estim\u00e9e\" \/>\n\t<meta name=\"twitter:data1\" content=\"1 minute\" \/>\n<script type=\"application\/ld+json\" class=\"yoast-schema-graph\">{\"@context\":\"https:\\\/\\\/schema.org\",\"@graph\":[{\"@type\":\"WebPage\",\"@id\":\"https:\\\/\\\/www.koonings.com\\\/fr\\\/product\\\/enzoani-blue-collection-pia-2\\\/\",\"url\":\"https:\\\/\\\/www.koonings.com\\\/fr\\\/product\\\/enzoani-blue-collection-pia-2\\\/\",\"name\":\"Enzoani Collection bleue Pia | Koonings\",\"isPartOf\":{\"@id\":\"https:\\\/\\\/www.koonings.com\\\/fr\\\/#website\"},\"primaryImageOfPage\":{\"@id\":\"https:\\\/\\\/www.koonings.com\\\/fr\\\/product\\\/enzoani-blue-collection-pia-2\\\/#primaryimage\"},\"image\":{\"@id\":\"https:\\\/\\\/www.koonings.com\\\/fr\\\/product\\\/enzoani-blue-collection-pia-2\\\/#primaryimage\"},\"thumbnailUrl\":\"https:\\\/\\\/www.koonings.com\\\/wp-content\\\/uploads\\\/2024\\\/11\\\/49184_a761a9ad58cd5c0901a576277ddaa97c7c2706e6214aac2914ebfe33ead3acecf8c1ee2a.jpeg\",\"datePublished\":\"2025-12-14T23:46:28+00:00\",\"dateModified\":\"2026-02-03T18:22:24+00:00\",\"description\":\"Aussi douce que possible et d'une allure ind\u00e9niable, cette silhouette moderne de type A ne manquera pas de vous s\u00e9duire. Elle est orn\u00e9e d'appliques personnalis\u00e9es avec un motif 3D en forme de vigne, plac\u00e9es le long du corsage illusion avec une coupe en V et flottant le long de la jupe scintillante, associ\u00e9e \u00e0 une \u00e9charpe asym\u00e9trique en tulle (qui est d\u00e9tachable !) De magnifiques d\u00e9tails et du tulle forment un effet de cascade. La jupe de r\u00eave. De douces couches de tulle, des paillettes \u00e9parses et des mailles transparentes ajoutent encore plus de sophistication sexy \u00e0 cette robe fendue, tandis qu'un dos corset\u00e9 encadr\u00e9 de dentelle est le d\u00e9tail le plus fin pour compl\u00e9ter le look.\",\"breadcrumb\":{\"@id\":\"https:\\\/\\\/www.koonings.com\\\/fr\\\/product\\\/enzoani-blue-collection-pia-2\\\/#breadcrumb\"},\"inLanguage\":\"fr-FR\",\"potentialAction\":[{\"@type\":\"ReadAction\",\"target\":[\"https:\\\/\\\/www.koonings.com\\\/fr\\\/product\\\/enzoani-blue-collection-pia-2\\\/\"]}]},{\"@type\":\"ImageObject\",\"inLanguage\":\"fr-FR\",\"@id\":\"https:\\\/\\\/www.koonings.com\\\/fr\\\/product\\\/enzoani-blue-collection-pia-2\\\/#primaryimage\",\"url\":\"https:\\\/\\\/www.koonings.com\\\/wp-content\\\/uploads\\\/2024\\\/11\\\/49184_a761a9ad58cd5c0901a576277ddaa97c7c2706e6214aac2914ebfe33ead3acecf8c1ee2a.jpeg\",\"contentUrl\":\"https:\\\/\\\/www.koonings.com\\\/wp-content\\\/uploads\\\/2024\\\/11\\\/49184_a761a9ad58cd5c0901a576277ddaa97c7c2706e6214aac2914ebfe33ead3acecf8c1ee2a.jpeg\",\"width\":1035,\"height\":1380},{\"@type\":\"BreadcrumbList\",\"@id\":\"https:\\\/\\\/www.koonings.com\\\/fr\\\/product\\\/enzoani-blue-collection-pia-2\\\/#breadcrumb\",\"itemListElement\":[{\"@type\":\"ListItem\",\"position\":1,\"name\":\"Home\",\"item\":\"https:\\\/\\\/www.koonings.com\\\/fr\\\/\"},{\"@type\":\"ListItem\",\"position\":2,\"name\":\"Enzoani Collection bleue Pia\"}]},{\"@type\":\"WebSite\",\"@id\":\"https:\\\/\\\/www.koonings.com\\\/fr\\\/#website\",\"url\":\"https:\\\/\\\/www.koonings.com\\\/fr\\\/\",\"name\":\"Koonings\",\"description\":\"De grootste bruidsmodewinkel ter wereld\",\"publisher\":{\"@id\":\"https:\\\/\\\/www.koonings.com\\\/fr\\\/#organization\"},\"potentialAction\":[{\"@type\":\"SearchAction\",\"target\":{\"@type\":\"EntryPoint\",\"urlTemplate\":\"https:\\\/\\\/www.koonings.com\\\/fr\\\/?s={search_term_string}\"},\"query-input\":{\"@type\":\"PropertyValueSpecification\",\"valueRequired\":true,\"valueName\":\"search_term_string\"}}],\"inLanguage\":\"fr-FR\"},{\"@type\":\"Organization\",\"@id\":\"https:\\\/\\\/www.koonings.com\\\/fr\\\/#organization\",\"name\":\"Koonings\",\"url\":\"https:\\\/\\\/www.koonings.com\\\/fr\\\/\",\"logo\":{\"@type\":\"ImageObject\",\"inLanguage\":\"fr-FR\",\"@id\":\"https:\\\/\\\/www.koonings.com\\\/fr\\\/#\\\/schema\\\/logo\\\/image\\\/\",\"url\":\"https:\\\/\\\/www.koonings.com\\\/wp-content\\\/uploads\\\/2024\\\/07\\\/logo.png\",\"contentUrl\":\"https:\\\/\\\/www.koonings.com\\\/wp-content\\\/uploads\\\/2024\\\/07\\\/logo.png\",\"width\":600,\"height\":428,\"caption\":\"Koonings\"},\"image\":{\"@id\":\"https:\\\/\\\/www.koonings.com\\\/fr\\\/#\\\/schema\\\/logo\\\/image\\\/\"},\"sameAs\":[\"https:\\\/\\\/www.facebook.com\\\/kooningstheweddingpalace\",\"https:\\\/\\\/www.instagram.com\\\/kooningstheweddingpalace\",\"https:\\\/\\\/www.pinterest.com\\\/koonings\",\"https:\\\/\\\/www.youtube.com\\\/kooningstheweddingpalace\"]}]}<\/script>\n<!-- \/ Yoast SEO plugin. -->","yoast_head_json":{"title":"Enzoani Collection bleue Pia | Koonings","description":"Aussi douce que possible et d'une allure ind\u00e9niable, cette silhouette moderne de type A ne manquera pas de vous s\u00e9duire. Elle est orn\u00e9e d'appliques personnalis\u00e9es avec un motif 3D en forme de vigne, plac\u00e9es le long du corsage illusion avec une coupe en V et flottant le long de la jupe scintillante, associ\u00e9e \u00e0 une \u00e9charpe asym\u00e9trique en tulle (qui est d\u00e9tachable !) De magnifiques d\u00e9tails et du tulle forment un effet de cascade. La jupe de r\u00eave. De douces couches de tulle, des paillettes \u00e9parses et des mailles transparentes ajoutent encore plus de sophistication sexy \u00e0 cette robe fendue, tandis qu'un dos corset\u00e9 encadr\u00e9 de dentelle est le d\u00e9tail le plus fin pour compl\u00e9ter le look.","robots":{"index":"index","follow":"follow","max-snippet":"max-snippet:-1","max-image-preview":"max-image-preview:large","max-video-preview":"max-video-preview:-1"},"canonical":"https:\/\/www.koonings.com\/fr\/product\/enzoani-blue-collection-pia-2\/","og_locale":"fr_FR","og_type":"article","og_title":"Enzoani Collection bleue Pia | Koonings","og_description":"Aussi douce que possible et d'une allure ind\u00e9niable, cette silhouette moderne de type A ne manquera pas de vous s\u00e9duire. Elle est orn\u00e9e d'appliques personnalis\u00e9es avec un motif 3D en forme de vigne, plac\u00e9es le long du corsage illusion avec une coupe en V et flottant le long de la jupe scintillante, associ\u00e9e \u00e0 une \u00e9charpe asym\u00e9trique en tulle (qui est d\u00e9tachable !) De magnifiques d\u00e9tails et du tulle forment un effet de cascade. La jupe de r\u00eave. De douces couches de tulle, des paillettes \u00e9parses et des mailles transparentes ajoutent encore plus de sophistication sexy \u00e0 cette robe fendue, tandis qu'un dos corset\u00e9 encadr\u00e9 de dentelle est le d\u00e9tail le plus fin pour compl\u00e9ter le look.","og_url":"https:\/\/www.koonings.com\/fr\/product\/enzoani-blue-collection-pia-2\/","og_site_name":"Koonings","article_publisher":"https:\/\/www.facebook.com\/kooningstheweddingpalace","article_modified_time":"2026-02-03T18:22:24+00:00","og_image":[{"width":1035,"height":1380,"url":"https:\/\/www.koonings.com\/wp-content\/uploads\/2024\/11\/49184_a761a9ad58cd5c0901a576277ddaa97c7c2706e6214aac2914ebfe33ead3acecf8c1ee2a.jpeg","type":"image\/jpeg"}],"twitter_card":"summary_large_image","twitter_misc":{"Dur\u00e9e de lecture estim\u00e9e":"1 minute"},"schema":{"@context":"https:\/\/schema.org","@graph":[{"@type":"WebPage","@id":"https:\/\/www.koonings.com\/fr\/product\/enzoani-blue-collection-pia-2\/","url":"https:\/\/www.koonings.com\/fr\/product\/enzoani-blue-collection-pia-2\/","name":"Enzoani Collection bleue Pia | Koonings","isPartOf":{"@id":"https:\/\/www.koonings.com\/fr\/#website"},"primaryImageOfPage":{"@id":"https:\/\/www.koonings.com\/fr\/product\/enzoani-blue-collection-pia-2\/#primaryimage"},"image":{"@id":"https:\/\/www.koonings.com\/fr\/product\/enzoani-blue-collection-pia-2\/#primaryimage"},"thumbnailUrl":"https:\/\/www.koonings.com\/wp-content\/uploads\/2024\/11\/49184_a761a9ad58cd5c0901a576277ddaa97c7c2706e6214aac2914ebfe33ead3acecf8c1ee2a.jpeg","datePublished":"2025-12-14T23:46:28+00:00","dateModified":"2026-02-03T18:22:24+00:00","description":"Aussi douce que possible et d'une allure ind\u00e9niable, cette silhouette moderne de type A ne manquera pas de vous s\u00e9duire. Elle est orn\u00e9e d'appliques personnalis\u00e9es avec un motif 3D en forme de vigne, plac\u00e9es le long du corsage illusion avec une coupe en V et flottant le long de la jupe scintillante, associ\u00e9e \u00e0 une \u00e9charpe asym\u00e9trique en tulle (qui est d\u00e9tachable !) De magnifiques d\u00e9tails et du tulle forment un effet de cascade. La jupe de r\u00eave. De douces couches de tulle, des paillettes \u00e9parses et des mailles transparentes ajoutent encore plus de sophistication sexy \u00e0 cette robe fendue, tandis qu'un dos corset\u00e9 encadr\u00e9 de dentelle est le d\u00e9tail le plus fin pour compl\u00e9ter le look.","breadcrumb":{"@id":"https:\/\/www.koonings.com\/fr\/product\/enzoani-blue-collection-pia-2\/#breadcrumb"},"inLanguage":"fr-FR","potentialAction":[{"@type":"ReadAction","target":["https:\/\/www.koonings.com\/fr\/product\/enzoani-blue-collection-pia-2\/"]}]},{"@type":"ImageObject","inLanguage":"fr-FR","@id":"https:\/\/www.koonings.com\/fr\/product\/enzoani-blue-collection-pia-2\/#primaryimage","url":"https:\/\/www.koonings.com\/wp-content\/uploads\/2024\/11\/49184_a761a9ad58cd5c0901a576277ddaa97c7c2706e6214aac2914ebfe33ead3acecf8c1ee2a.jpeg","contentUrl":"https:\/\/www.koonings.com\/wp-content\/uploads\/2024\/11\/49184_a761a9ad58cd5c0901a576277ddaa97c7c2706e6214aac2914ebfe33ead3acecf8c1ee2a.jpeg","width":1035,"height":1380},{"@type":"BreadcrumbList","@id":"https:\/\/www.koonings.com\/fr\/product\/enzoani-blue-collection-pia-2\/#breadcrumb","itemListElement":[{"@type":"ListItem","position":1,"name":"Home","item":"https:\/\/www.koonings.com\/fr\/"},{"@type":"ListItem","position":2,"name":"Enzoani Collection bleue Pia"}]},{"@type":"WebSite","@id":"https:\/\/www.koonings.com\/fr\/#website","url":"https:\/\/www.koonings.com\/fr\/","name":"Koonings","description":"De grootste bruidsmodewinkel ter wereld","publisher":{"@id":"https:\/\/www.koonings.com\/fr\/#organization"},"potentialAction":[{"@type":"SearchAction","target":{"@type":"EntryPoint","urlTemplate":"https:\/\/www.koonings.com\/fr\/?s={search_term_string}"},"query-input":{"@type":"PropertyValueSpecification","valueRequired":true,"valueName":"search_term_string"}}],"inLanguage":"fr-FR"},{"@type":"Organization","@id":"https:\/\/www.koonings.com\/fr\/#organization","name":"Koonings","url":"https:\/\/www.koonings.com\/fr\/","logo":{"@type":"ImageObject","inLanguage":"fr-FR","@id":"https:\/\/www.koonings.com\/fr\/#\/schema\/logo\/image\/","url":"https:\/\/www.koonings.com\/wp-content\/uploads\/2024\/07\/logo.png","contentUrl":"https:\/\/www.koonings.com\/wp-content\/uploads\/2024\/07\/logo.png","width":600,"height":428,"caption":"Koonings"},"image":{"@id":"https:\/\/www.koonings.com\/fr\/#\/schema\/logo\/image\/"},"sameAs":["https:\/\/www.facebook.com\/kooningstheweddingpalace","https:\/\/www.instagram.com\/kooningstheweddingpalace","https:\/\/www.pinterest.com\/koonings","https:\/\/www.youtube.com\/kooningstheweddingpalace"]}]}},"_links":{"self":[{"href":"https:\/\/www.koonings.com\/fr\/wp-json\/wp\/v2\/product\/59833","targetHints":{"allow":["GET"]}}],"collection":[{"href":"https:\/\/www.koonings.com\/fr\/wp-json\/wp\/v2\/product"}],"about":[{"href":"https:\/\/www.koonings.com\/fr\/wp-json\/wp\/v2\/types\/product"}],"wp:featuredmedia":[{"embeddable":true,"href":"https:\/\/www.koonings.com\/fr\/wp-json\/wp\/v2\/media\/56055"}],"wp:attachment":[{"href":"https:\/\/www.koonings.com\/fr\/wp-json\/wp\/v2\/media?parent=59833"}],"wp:term":[{"taxonomy":"productdetails","embeddable":true,"href":"https:\/\/www.koonings.com\/fr\/wp-json\/wp\/v2\/productdetails?post=59833"},{"taxonomy":"productneck","embeddable":true,"href":"https:\/\/www.koonings.com\/fr\/wp-json\/wp\/v2\/productneck?post=59833"},{"taxonomy":"productcolor","embeddable":true,"href":"https:\/\/www.koonings.com\/fr\/wp-json\/wp\/v2\/productcolor?post=59833"},{"taxonomy":"maat","embeddable":true,"href":"https:\/\/www.koonings.com\/fr\/wp-json\/wp\/v2\/maat?post=59833"},{"taxonomy":"productsupplier","embeddable":true,"href":"https:\/\/www.koonings.com\/fr\/wp-json\/wp\/v2\/productsupplier?post=59833"},{"taxonomy":"productsleeve","embeddable":true,"href":"https:\/\/www.koonings.com\/fr\/wp-json\/wp\/v2\/productsleeve?post=59833"},{"taxonomy":"productcategory","embeddable":true,"href":"https:\/\/www.koonings.com\/fr\/wp-json\/wp\/v2\/productcategory?post=59833"},{"taxonomy":"productsilhouette","embeddable":true,"href":"https:\/\/www.koonings.com\/fr\/wp-json\/wp\/v2\/productsilhouette?post=59833"},{"taxonomy":"productstyle","embeddable":true,"href":"https:\/\/www.koonings.com\/fr\/wp-json\/wp\/v2\/productstyle?post=59833"}],"curies":[{"name":"wp","href":"https:\/\/api.w.org\/{rel}","templated":true}]}}