{"id":59823,"date":"2026-05-06T15:28:53","date_gmt":"2026-05-06T13:28:53","guid":{"rendered":"https:\/\/www.koonings.com\/product\/viktor-and-rolf-vrm434\/"},"modified":"2026-02-16T14:43:48","modified_gmt":"2026-02-16T13:43:48","slug":"viktor-and-rolf-vrm434","status":"publish","type":"product","link":"https:\/\/www.koonings.com\/fr\/product\/viktor-and-rolf-vrm434\/","title":{"rendered":"Viktor et Rolf VRM434"},"content":{"rendered":"<p>La robe Viktor &amp; Rolf VRM434 est une robe de mari\u00e9e majestueuse qui respire le luxe et la sophistication \u00e0 l&#8217;\u00e9tat pur. Le design est un m\u00e9lange parfait de beaut\u00e9 classique et d&#8217;\u00e9l\u00e9ments d&#8217;avant-garde, avec des formes sculpturales et des d\u00e9tails audacieux qui conf\u00e8rent \u00e0 la robe un look unique. Les tissus luxueux tombent magnifiquement sur le corps, tandis que les finitions d\u00e9taill\u00e9es cr\u00e9ent un effet \u00e0 couper le souffle. Que ce soit avec des accents volumineux spectaculaires ou des d\u00e9tails subtils et sophistiqu\u00e9s, la VRM434 offre un look moderne et intemporel. Exclusivement disponible chez Koonings The Wedding Palace, cette robe est id\u00e9ale pour la mari\u00e9e qui recherche quelque chose d&#8217;exclusif, avec un flair audacieux et un impact inoubliable sur son grand jour.    <\/p>\n","protected":false},"featured_media":56162,"template":"","meta":{"_acf_changed":false,"ghostkit_customizer_options":"","ghostkit_custom_css":"","ghostkit_custom_js_head":"","ghostkit_custom_js_foot":"","ghostkit_typography":""},"productdetails":[],"productneck":[350],"productcolor":[392],"maat":[],"productsupplier":[440],"productsleeve":[362],"productcategory":[18],"productsilhouette":[389],"productstyle":[367,369],"class_list":["post-59823","product","type-product","status-publish","has-post-thumbnail","hentry","productneck-350","productcolor-392","productsupplier-viktor-and-rolf","productsleeve-362","productcategory-trouwjurken","productsilhouette-389","productstyle-367","productstyle-369"],"acf":[],"yoast_head":"<!-- This site is optimized with the Yoast SEO plugin v27.3 - https:\/\/yoast.com\/product\/yoast-seo-wordpress\/ -->\n<title>Viktor et Rolf VRM434 | Koonings<\/title>\n<meta name=\"description\" content=\"La robe Viktor &amp; Rolf VRM434 est une robe de mari\u00e9e majestueuse qui respire le luxe et la sophistication \u00e0 l&#039;\u00e9tat pur. Le design est un m\u00e9lange parfait de beaut\u00e9 classique et d&#039;\u00e9l\u00e9ments d&#039;avant-garde, avec des formes sculpturales et des d\u00e9tails audacieux qui conf\u00e8rent \u00e0 la robe un look unique. Les tissus luxueux tombent magnifiquement sur le corps, tandis que les finitions d\u00e9taill\u00e9es cr\u00e9ent un effet \u00e0 couper le souffle. Que ce soit avec des accents volumineux spectaculaires ou des d\u00e9tails subtils et sophistiqu\u00e9s, la VRM434 offre un look moderne et intemporel. Exclusivement disponible chez Koonings The Wedding Palace, cette robe est id\u00e9ale pour la mari\u00e9e qui recherche quelque chose d&#039;exclusif, avec un flair audacieux et un impact inoubliable sur son grand jour.\" \/>\n<meta name=\"robots\" content=\"index, follow, max-snippet:-1, max-image-preview:large, max-video-preview:-1\" \/>\n<link rel=\"canonical\" href=\"https:\/\/www.koonings.com\/fr\/product\/viktor-and-rolf-vrm434\/\" \/>\n<meta property=\"og:locale\" content=\"fr_FR\" \/>\n<meta property=\"og:type\" content=\"article\" \/>\n<meta property=\"og:title\" content=\"Viktor et Rolf VRM434 | Koonings\" \/>\n<meta property=\"og:description\" content=\"La robe Viktor &amp; Rolf VRM434 est une robe de mari\u00e9e majestueuse qui respire le luxe et la sophistication \u00e0 l&#039;\u00e9tat pur. Le design est un m\u00e9lange parfait de beaut\u00e9 classique et d&#039;\u00e9l\u00e9ments d&#039;avant-garde, avec des formes sculpturales et des d\u00e9tails audacieux qui conf\u00e8rent \u00e0 la robe un look unique. Les tissus luxueux tombent magnifiquement sur le corps, tandis que les finitions d\u00e9taill\u00e9es cr\u00e9ent un effet \u00e0 couper le souffle. Que ce soit avec des accents volumineux spectaculaires ou des d\u00e9tails subtils et sophistiqu\u00e9s, la VRM434 offre un look moderne et intemporel. Exclusivement disponible chez Koonings The Wedding Palace, cette robe est id\u00e9ale pour la mari\u00e9e qui recherche quelque chose d&#039;exclusif, avec un flair audacieux et un impact inoubliable sur son grand jour.\" \/>\n<meta property=\"og:url\" content=\"https:\/\/www.koonings.com\/fr\/product\/viktor-and-rolf-vrm434\/\" \/>\n<meta property=\"og:site_name\" content=\"Koonings\" \/>\n<meta property=\"article:publisher\" content=\"https:\/\/www.facebook.com\/kooningstheweddingpalace\" \/>\n<meta property=\"og:image\" content=\"https:\/\/www.koonings.com\/wp-content\/uploads\/2024\/11\/49191_e05fe9c22ffe11733e49d99bdeb9396492e3da8431a8871261e92060487cf9f2f3f85def-scaled.jpeg\" \/>\n\t<meta property=\"og:image:width\" content=\"1808\" \/>\n\t<meta property=\"og:image:height\" content=\"2560\" \/>\n\t<meta property=\"og:image:type\" content=\"image\/jpeg\" \/>\n<meta name=\"twitter:card\" content=\"summary_large_image\" \/>\n<meta name=\"twitter:label1\" content=\"Dur\u00e9e de lecture estim\u00e9e\" \/>\n\t<meta name=\"twitter:data1\" content=\"1 minute\" \/>\n<script type=\"application\/ld+json\" class=\"yoast-schema-graph\">{\"@context\":\"https:\\\/\\\/schema.org\",\"@graph\":[{\"@type\":\"WebPage\",\"@id\":\"https:\\\/\\\/www.koonings.com\\\/fr\\\/product\\\/viktor-and-rolf-vrm434\\\/\",\"url\":\"https:\\\/\\\/www.koonings.com\\\/fr\\\/product\\\/viktor-and-rolf-vrm434\\\/\",\"name\":\"Viktor et Rolf VRM434 | Koonings\",\"isPartOf\":{\"@id\":\"https:\\\/\\\/www.koonings.com\\\/fr\\\/#website\"},\"primaryImageOfPage\":{\"@id\":\"https:\\\/\\\/www.koonings.com\\\/fr\\\/product\\\/viktor-and-rolf-vrm434\\\/#primaryimage\"},\"image\":{\"@id\":\"https:\\\/\\\/www.koonings.com\\\/fr\\\/product\\\/viktor-and-rolf-vrm434\\\/#primaryimage\"},\"thumbnailUrl\":\"https:\\\/\\\/www.koonings.com\\\/wp-content\\\/uploads\\\/2024\\\/11\\\/49191_e05fe9c22ffe11733e49d99bdeb9396492e3da8431a8871261e92060487cf9f2f3f85def-scaled.jpeg\",\"datePublished\":\"2026-05-06T13:28:53+00:00\",\"description\":\"La robe Viktor & Rolf VRM434 est une robe de mari\u00e9e majestueuse qui respire le luxe et la sophistication \u00e0 l'\u00e9tat pur. Le design est un m\u00e9lange parfait de beaut\u00e9 classique et d'\u00e9l\u00e9ments d'avant-garde, avec des formes sculpturales et des d\u00e9tails audacieux qui conf\u00e8rent \u00e0 la robe un look unique. Les tissus luxueux tombent magnifiquement sur le corps, tandis que les finitions d\u00e9taill\u00e9es cr\u00e9ent un effet \u00e0 couper le souffle. Que ce soit avec des accents volumineux spectaculaires ou des d\u00e9tails subtils et sophistiqu\u00e9s, la VRM434 offre un look moderne et intemporel. Exclusivement disponible chez Koonings The Wedding Palace, cette robe est id\u00e9ale pour la mari\u00e9e qui recherche quelque chose d'exclusif, avec un flair audacieux et un impact inoubliable sur son grand jour.\",\"breadcrumb\":{\"@id\":\"https:\\\/\\\/www.koonings.com\\\/fr\\\/product\\\/viktor-and-rolf-vrm434\\\/#breadcrumb\"},\"inLanguage\":\"fr-FR\",\"potentialAction\":[{\"@type\":\"ReadAction\",\"target\":[\"https:\\\/\\\/www.koonings.com\\\/fr\\\/product\\\/viktor-and-rolf-vrm434\\\/\"]}]},{\"@type\":\"ImageObject\",\"inLanguage\":\"fr-FR\",\"@id\":\"https:\\\/\\\/www.koonings.com\\\/fr\\\/product\\\/viktor-and-rolf-vrm434\\\/#primaryimage\",\"url\":\"https:\\\/\\\/www.koonings.com\\\/wp-content\\\/uploads\\\/2024\\\/11\\\/49191_e05fe9c22ffe11733e49d99bdeb9396492e3da8431a8871261e92060487cf9f2f3f85def-scaled.jpeg\",\"contentUrl\":\"https:\\\/\\\/www.koonings.com\\\/wp-content\\\/uploads\\\/2024\\\/11\\\/49191_e05fe9c22ffe11733e49d99bdeb9396492e3da8431a8871261e92060487cf9f2f3f85def-scaled.jpeg\",\"width\":1808,\"height\":2560},{\"@type\":\"BreadcrumbList\",\"@id\":\"https:\\\/\\\/www.koonings.com\\\/fr\\\/product\\\/viktor-and-rolf-vrm434\\\/#breadcrumb\",\"itemListElement\":[{\"@type\":\"ListItem\",\"position\":1,\"name\":\"Home\",\"item\":\"https:\\\/\\\/www.koonings.com\\\/fr\\\/\"},{\"@type\":\"ListItem\",\"position\":2,\"name\":\"Viktor et Rolf VRM434\"}]},{\"@type\":\"WebSite\",\"@id\":\"https:\\\/\\\/www.koonings.com\\\/fr\\\/#website\",\"url\":\"https:\\\/\\\/www.koonings.com\\\/fr\\\/\",\"name\":\"Koonings\",\"description\":\"De grootste bruidsmodewinkel ter wereld\",\"publisher\":{\"@id\":\"https:\\\/\\\/www.koonings.com\\\/fr\\\/#organization\"},\"potentialAction\":[{\"@type\":\"SearchAction\",\"target\":{\"@type\":\"EntryPoint\",\"urlTemplate\":\"https:\\\/\\\/www.koonings.com\\\/fr\\\/?s={search_term_string}\"},\"query-input\":{\"@type\":\"PropertyValueSpecification\",\"valueRequired\":true,\"valueName\":\"search_term_string\"}}],\"inLanguage\":\"fr-FR\"},{\"@type\":\"Organization\",\"@id\":\"https:\\\/\\\/www.koonings.com\\\/fr\\\/#organization\",\"name\":\"Koonings\",\"url\":\"https:\\\/\\\/www.koonings.com\\\/fr\\\/\",\"logo\":{\"@type\":\"ImageObject\",\"inLanguage\":\"fr-FR\",\"@id\":\"https:\\\/\\\/www.koonings.com\\\/fr\\\/#\\\/schema\\\/logo\\\/image\\\/\",\"url\":\"https:\\\/\\\/www.koonings.com\\\/wp-content\\\/uploads\\\/2024\\\/07\\\/logo.png\",\"contentUrl\":\"https:\\\/\\\/www.koonings.com\\\/wp-content\\\/uploads\\\/2024\\\/07\\\/logo.png\",\"width\":600,\"height\":428,\"caption\":\"Koonings\"},\"image\":{\"@id\":\"https:\\\/\\\/www.koonings.com\\\/fr\\\/#\\\/schema\\\/logo\\\/image\\\/\"},\"sameAs\":[\"https:\\\/\\\/www.facebook.com\\\/kooningstheweddingpalace\",\"https:\\\/\\\/www.instagram.com\\\/kooningstheweddingpalace\",\"https:\\\/\\\/www.pinterest.com\\\/koonings\",\"https:\\\/\\\/www.youtube.com\\\/kooningstheweddingpalace\"]}]}<\/script>\n<!-- \/ Yoast SEO plugin. -->","yoast_head_json":{"title":"Viktor et Rolf VRM434 | Koonings","description":"La robe Viktor & Rolf VRM434 est une robe de mari\u00e9e majestueuse qui respire le luxe et la sophistication \u00e0 l'\u00e9tat pur. Le design est un m\u00e9lange parfait de beaut\u00e9 classique et d'\u00e9l\u00e9ments d'avant-garde, avec des formes sculpturales et des d\u00e9tails audacieux qui conf\u00e8rent \u00e0 la robe un look unique. Les tissus luxueux tombent magnifiquement sur le corps, tandis que les finitions d\u00e9taill\u00e9es cr\u00e9ent un effet \u00e0 couper le souffle. Que ce soit avec des accents volumineux spectaculaires ou des d\u00e9tails subtils et sophistiqu\u00e9s, la VRM434 offre un look moderne et intemporel. Exclusivement disponible chez Koonings The Wedding Palace, cette robe est id\u00e9ale pour la mari\u00e9e qui recherche quelque chose d'exclusif, avec un flair audacieux et un impact inoubliable sur son grand jour.","robots":{"index":"index","follow":"follow","max-snippet":"max-snippet:-1","max-image-preview":"max-image-preview:large","max-video-preview":"max-video-preview:-1"},"canonical":"https:\/\/www.koonings.com\/fr\/product\/viktor-and-rolf-vrm434\/","og_locale":"fr_FR","og_type":"article","og_title":"Viktor et Rolf VRM434 | Koonings","og_description":"La robe Viktor & Rolf VRM434 est une robe de mari\u00e9e majestueuse qui respire le luxe et la sophistication \u00e0 l'\u00e9tat pur. Le design est un m\u00e9lange parfait de beaut\u00e9 classique et d'\u00e9l\u00e9ments d'avant-garde, avec des formes sculpturales et des d\u00e9tails audacieux qui conf\u00e8rent \u00e0 la robe un look unique. Les tissus luxueux tombent magnifiquement sur le corps, tandis que les finitions d\u00e9taill\u00e9es cr\u00e9ent un effet \u00e0 couper le souffle. Que ce soit avec des accents volumineux spectaculaires ou des d\u00e9tails subtils et sophistiqu\u00e9s, la VRM434 offre un look moderne et intemporel. Exclusivement disponible chez Koonings The Wedding Palace, cette robe est id\u00e9ale pour la mari\u00e9e qui recherche quelque chose d'exclusif, avec un flair audacieux et un impact inoubliable sur son grand jour.","og_url":"https:\/\/www.koonings.com\/fr\/product\/viktor-and-rolf-vrm434\/","og_site_name":"Koonings","article_publisher":"https:\/\/www.facebook.com\/kooningstheweddingpalace","og_image":[{"width":1808,"height":2560,"url":"https:\/\/www.koonings.com\/wp-content\/uploads\/2024\/11\/49191_e05fe9c22ffe11733e49d99bdeb9396492e3da8431a8871261e92060487cf9f2f3f85def-scaled.jpeg","type":"image\/jpeg"}],"twitter_card":"summary_large_image","twitter_misc":{"Dur\u00e9e de lecture estim\u00e9e":"1 minute"},"schema":{"@context":"https:\/\/schema.org","@graph":[{"@type":"WebPage","@id":"https:\/\/www.koonings.com\/fr\/product\/viktor-and-rolf-vrm434\/","url":"https:\/\/www.koonings.com\/fr\/product\/viktor-and-rolf-vrm434\/","name":"Viktor et Rolf VRM434 | Koonings","isPartOf":{"@id":"https:\/\/www.koonings.com\/fr\/#website"},"primaryImageOfPage":{"@id":"https:\/\/www.koonings.com\/fr\/product\/viktor-and-rolf-vrm434\/#primaryimage"},"image":{"@id":"https:\/\/www.koonings.com\/fr\/product\/viktor-and-rolf-vrm434\/#primaryimage"},"thumbnailUrl":"https:\/\/www.koonings.com\/wp-content\/uploads\/2024\/11\/49191_e05fe9c22ffe11733e49d99bdeb9396492e3da8431a8871261e92060487cf9f2f3f85def-scaled.jpeg","datePublished":"2026-05-06T13:28:53+00:00","description":"La robe Viktor & Rolf VRM434 est une robe de mari\u00e9e majestueuse qui respire le luxe et la sophistication \u00e0 l'\u00e9tat pur. Le design est un m\u00e9lange parfait de beaut\u00e9 classique et d'\u00e9l\u00e9ments d'avant-garde, avec des formes sculpturales et des d\u00e9tails audacieux qui conf\u00e8rent \u00e0 la robe un look unique. Les tissus luxueux tombent magnifiquement sur le corps, tandis que les finitions d\u00e9taill\u00e9es cr\u00e9ent un effet \u00e0 couper le souffle. Que ce soit avec des accents volumineux spectaculaires ou des d\u00e9tails subtils et sophistiqu\u00e9s, la VRM434 offre un look moderne et intemporel. Exclusivement disponible chez Koonings The Wedding Palace, cette robe est id\u00e9ale pour la mari\u00e9e qui recherche quelque chose d'exclusif, avec un flair audacieux et un impact inoubliable sur son grand jour.","breadcrumb":{"@id":"https:\/\/www.koonings.com\/fr\/product\/viktor-and-rolf-vrm434\/#breadcrumb"},"inLanguage":"fr-FR","potentialAction":[{"@type":"ReadAction","target":["https:\/\/www.koonings.com\/fr\/product\/viktor-and-rolf-vrm434\/"]}]},{"@type":"ImageObject","inLanguage":"fr-FR","@id":"https:\/\/www.koonings.com\/fr\/product\/viktor-and-rolf-vrm434\/#primaryimage","url":"https:\/\/www.koonings.com\/wp-content\/uploads\/2024\/11\/49191_e05fe9c22ffe11733e49d99bdeb9396492e3da8431a8871261e92060487cf9f2f3f85def-scaled.jpeg","contentUrl":"https:\/\/www.koonings.com\/wp-content\/uploads\/2024\/11\/49191_e05fe9c22ffe11733e49d99bdeb9396492e3da8431a8871261e92060487cf9f2f3f85def-scaled.jpeg","width":1808,"height":2560},{"@type":"BreadcrumbList","@id":"https:\/\/www.koonings.com\/fr\/product\/viktor-and-rolf-vrm434\/#breadcrumb","itemListElement":[{"@type":"ListItem","position":1,"name":"Home","item":"https:\/\/www.koonings.com\/fr\/"},{"@type":"ListItem","position":2,"name":"Viktor et Rolf VRM434"}]},{"@type":"WebSite","@id":"https:\/\/www.koonings.com\/fr\/#website","url":"https:\/\/www.koonings.com\/fr\/","name":"Koonings","description":"De grootste bruidsmodewinkel ter wereld","publisher":{"@id":"https:\/\/www.koonings.com\/fr\/#organization"},"potentialAction":[{"@type":"SearchAction","target":{"@type":"EntryPoint","urlTemplate":"https:\/\/www.koonings.com\/fr\/?s={search_term_string}"},"query-input":{"@type":"PropertyValueSpecification","valueRequired":true,"valueName":"search_term_string"}}],"inLanguage":"fr-FR"},{"@type":"Organization","@id":"https:\/\/www.koonings.com\/fr\/#organization","name":"Koonings","url":"https:\/\/www.koonings.com\/fr\/","logo":{"@type":"ImageObject","inLanguage":"fr-FR","@id":"https:\/\/www.koonings.com\/fr\/#\/schema\/logo\/image\/","url":"https:\/\/www.koonings.com\/wp-content\/uploads\/2024\/07\/logo.png","contentUrl":"https:\/\/www.koonings.com\/wp-content\/uploads\/2024\/07\/logo.png","width":600,"height":428,"caption":"Koonings"},"image":{"@id":"https:\/\/www.koonings.com\/fr\/#\/schema\/logo\/image\/"},"sameAs":["https:\/\/www.facebook.com\/kooningstheweddingpalace","https:\/\/www.instagram.com\/kooningstheweddingpalace","https:\/\/www.pinterest.com\/koonings","https:\/\/www.youtube.com\/kooningstheweddingpalace"]}]}},"_links":{"self":[{"href":"https:\/\/www.koonings.com\/fr\/wp-json\/wp\/v2\/product\/59823","targetHints":{"allow":["GET"]}}],"collection":[{"href":"https:\/\/www.koonings.com\/fr\/wp-json\/wp\/v2\/product"}],"about":[{"href":"https:\/\/www.koonings.com\/fr\/wp-json\/wp\/v2\/types\/product"}],"wp:featuredmedia":[{"embeddable":true,"href":"https:\/\/www.koonings.com\/fr\/wp-json\/wp\/v2\/media\/56162"}],"wp:attachment":[{"href":"https:\/\/www.koonings.com\/fr\/wp-json\/wp\/v2\/media?parent=59823"}],"wp:term":[{"taxonomy":"productdetails","embeddable":true,"href":"https:\/\/www.koonings.com\/fr\/wp-json\/wp\/v2\/productdetails?post=59823"},{"taxonomy":"productneck","embeddable":true,"href":"https:\/\/www.koonings.com\/fr\/wp-json\/wp\/v2\/productneck?post=59823"},{"taxonomy":"productcolor","embeddable":true,"href":"https:\/\/www.koonings.com\/fr\/wp-json\/wp\/v2\/productcolor?post=59823"},{"taxonomy":"maat","embeddable":true,"href":"https:\/\/www.koonings.com\/fr\/wp-json\/wp\/v2\/maat?post=59823"},{"taxonomy":"productsupplier","embeddable":true,"href":"https:\/\/www.koonings.com\/fr\/wp-json\/wp\/v2\/productsupplier?post=59823"},{"taxonomy":"productsleeve","embeddable":true,"href":"https:\/\/www.koonings.com\/fr\/wp-json\/wp\/v2\/productsleeve?post=59823"},{"taxonomy":"productcategory","embeddable":true,"href":"https:\/\/www.koonings.com\/fr\/wp-json\/wp\/v2\/productcategory?post=59823"},{"taxonomy":"productsilhouette","embeddable":true,"href":"https:\/\/www.koonings.com\/fr\/wp-json\/wp\/v2\/productsilhouette?post=59823"},{"taxonomy":"productstyle","embeddable":true,"href":"https:\/\/www.koonings.com\/fr\/wp-json\/wp\/v2\/productstyle?post=59823"}],"curies":[{"name":"wp","href":"https:\/\/api.w.org\/{rel}","templated":true}]}}