{"id":59818,"date":"2025-12-15T00:46:32","date_gmt":"2025-12-14T23:46:32","guid":{"rendered":"https:\/\/www.koonings.com\/product\/viktor-and-rolf-vrm423\/"},"modified":"2026-02-03T19:23:45","modified_gmt":"2026-02-03T18:23:45","slug":"viktor-and-rolf-vrm423","status":"publish","type":"product","link":"https:\/\/www.koonings.com\/fr\/product\/viktor-and-rolf-vrm423\/","title":{"rendered":"Viktor et Rolf VRM423"},"content":{"rendered":"<p>La Viktor &amp; Rolf VRM423 est une robe de mari\u00e9e \u00e0 couper le souffle qui trouve l&#8217;\u00e9quilibre parfait entre le luxe et le style avant-gardiste. Cette robe est un v\u00e9ritable chef-d&#8217;\u0153uvre, avec des d\u00e9tails raffin\u00e9s et une silhouette sculpturale qui met merveilleusement en valeur les formes f\u00e9minines. Fabriqu\u00e9e \u00e0 partir de tissus luxueux, la robe allie des techniques modernes \u00e0 une beaut\u00e9 intemporelle. Avec des \u00e9l\u00e9ments audacieux, tels qu&#8217;une coupe unique ou des accents volumineux, la VRM423 d\u00e9gage une allure \u00e0 la fois audacieuse et sophistiqu\u00e9e. Cette robe est id\u00e9ale pour les mari\u00e9es qui veulent non seulement se sentir belles, mais aussi se faire remarquer le jour de leur mariage. Exclusivement disponible chez Koonings The Wedding Palace, cette robe est un choix parfait pour la mari\u00e9e qui recherche quelque chose d&#8217;unique et d&#8217;extraordinaire.     <\/p>\n","protected":false},"featured_media":56171,"template":"","meta":{"_acf_changed":false,"ghostkit_customizer_options":"","ghostkit_custom_css":"","ghostkit_custom_js_head":"","ghostkit_custom_js_foot":"","ghostkit_typography":""},"productdetails":[],"productneck":[352],"productcolor":[392],"maat":[],"productsupplier":[440],"productsleeve":[359],"productcategory":[18],"productsilhouette":[384],"productstyle":[367,371],"class_list":["post-59818","product","type-product","status-publish","has-post-thumbnail","hentry","productneck-352","productcolor-392","productsupplier-viktor-and-rolf","productsleeve-359","productcategory-trouwjurken","productsilhouette-384","productstyle-367","productstyle-371"],"acf":[],"yoast_head":"<!-- This site is optimized with the Yoast SEO plugin v27.3 - https:\/\/yoast.com\/product\/yoast-seo-wordpress\/ -->\n<title>Viktor et Rolf VRM423 | Koonings<\/title>\n<meta name=\"description\" content=\"La Viktor &amp; Rolf VRM423 est une robe de mari\u00e9e \u00e0 couper le souffle qui trouve l&#039;\u00e9quilibre parfait entre le luxe et le style avant-gardiste. Cette robe est un v\u00e9ritable chef-d&#039;\u0153uvre, avec des d\u00e9tails raffin\u00e9s et une silhouette sculpturale qui met merveilleusement en valeur les formes f\u00e9minines. Fabriqu\u00e9e \u00e0 partir de tissus luxueux, la robe allie des techniques modernes \u00e0 une beaut\u00e9 intemporelle. Avec des \u00e9l\u00e9ments audacieux, tels qu&#039;une coupe unique ou des accents volumineux, la VRM423 d\u00e9gage une allure \u00e0 la fois audacieuse et sophistiqu\u00e9e. Cette robe est id\u00e9ale pour les mari\u00e9es qui veulent non seulement se sentir belles, mais aussi se faire remarquer le jour de leur mariage. Exclusivement disponible chez Koonings The Wedding Palace, cette robe est un choix parfait pour la mari\u00e9e qui recherche quelque chose d&#039;unique et d&#039;extraordinaire.\" \/>\n<meta name=\"robots\" content=\"index, follow, max-snippet:-1, max-image-preview:large, max-video-preview:-1\" \/>\n<link rel=\"canonical\" href=\"https:\/\/www.koonings.com\/fr\/product\/viktor-and-rolf-vrm423\/\" \/>\n<meta property=\"og:locale\" content=\"fr_FR\" \/>\n<meta property=\"og:type\" content=\"article\" \/>\n<meta property=\"og:title\" content=\"Viktor et Rolf VRM423 | Koonings\" \/>\n<meta property=\"og:description\" content=\"La Viktor &amp; Rolf VRM423 est une robe de mari\u00e9e \u00e0 couper le souffle qui trouve l&#039;\u00e9quilibre parfait entre le luxe et le style avant-gardiste. Cette robe est un v\u00e9ritable chef-d&#039;\u0153uvre, avec des d\u00e9tails raffin\u00e9s et une silhouette sculpturale qui met merveilleusement en valeur les formes f\u00e9minines. Fabriqu\u00e9e \u00e0 partir de tissus luxueux, la robe allie des techniques modernes \u00e0 une beaut\u00e9 intemporelle. Avec des \u00e9l\u00e9ments audacieux, tels qu&#039;une coupe unique ou des accents volumineux, la VRM423 d\u00e9gage une allure \u00e0 la fois audacieuse et sophistiqu\u00e9e. Cette robe est id\u00e9ale pour les mari\u00e9es qui veulent non seulement se sentir belles, mais aussi se faire remarquer le jour de leur mariage. Exclusivement disponible chez Koonings The Wedding Palace, cette robe est un choix parfait pour la mari\u00e9e qui recherche quelque chose d&#039;unique et d&#039;extraordinaire.\" \/>\n<meta property=\"og:url\" content=\"https:\/\/www.koonings.com\/fr\/product\/viktor-and-rolf-vrm423\/\" \/>\n<meta property=\"og:site_name\" content=\"Koonings\" \/>\n<meta property=\"article:publisher\" content=\"https:\/\/www.facebook.com\/kooningstheweddingpalace\" \/>\n<meta property=\"article:modified_time\" content=\"2026-02-03T18:23:45+00:00\" \/>\n<meta property=\"og:image\" content=\"https:\/\/www.koonings.com\/wp-content\/uploads\/2024\/11\/49192_651f1feaa11e1e5d47d5d89441861a700c41ac8d6627a042625591611b1e238501119985-scaled.jpeg\" \/>\n\t<meta property=\"og:image:width\" content=\"1809\" \/>\n\t<meta property=\"og:image:height\" content=\"2560\" \/>\n\t<meta property=\"og:image:type\" content=\"image\/jpeg\" \/>\n<meta name=\"twitter:card\" content=\"summary_large_image\" \/>\n<meta name=\"twitter:label1\" content=\"Dur\u00e9e de lecture estim\u00e9e\" \/>\n\t<meta name=\"twitter:data1\" content=\"1 minute\" \/>\n<script type=\"application\/ld+json\" class=\"yoast-schema-graph\">{\"@context\":\"https:\\\/\\\/schema.org\",\"@graph\":[{\"@type\":\"WebPage\",\"@id\":\"https:\\\/\\\/www.koonings.com\\\/fr\\\/product\\\/viktor-and-rolf-vrm423\\\/\",\"url\":\"https:\\\/\\\/www.koonings.com\\\/fr\\\/product\\\/viktor-and-rolf-vrm423\\\/\",\"name\":\"Viktor et Rolf VRM423 | Koonings\",\"isPartOf\":{\"@id\":\"https:\\\/\\\/www.koonings.com\\\/fr\\\/#website\"},\"primaryImageOfPage\":{\"@id\":\"https:\\\/\\\/www.koonings.com\\\/fr\\\/product\\\/viktor-and-rolf-vrm423\\\/#primaryimage\"},\"image\":{\"@id\":\"https:\\\/\\\/www.koonings.com\\\/fr\\\/product\\\/viktor-and-rolf-vrm423\\\/#primaryimage\"},\"thumbnailUrl\":\"https:\\\/\\\/www.koonings.com\\\/wp-content\\\/uploads\\\/2024\\\/11\\\/49192_651f1feaa11e1e5d47d5d89441861a700c41ac8d6627a042625591611b1e238501119985-scaled.jpeg\",\"datePublished\":\"2025-12-14T23:46:32+00:00\",\"dateModified\":\"2026-02-03T18:23:45+00:00\",\"description\":\"La Viktor & Rolf VRM423 est une robe de mari\u00e9e \u00e0 couper le souffle qui trouve l'\u00e9quilibre parfait entre le luxe et le style avant-gardiste. Cette robe est un v\u00e9ritable chef-d'\u0153uvre, avec des d\u00e9tails raffin\u00e9s et une silhouette sculpturale qui met merveilleusement en valeur les formes f\u00e9minines. Fabriqu\u00e9e \u00e0 partir de tissus luxueux, la robe allie des techniques modernes \u00e0 une beaut\u00e9 intemporelle. Avec des \u00e9l\u00e9ments audacieux, tels qu'une coupe unique ou des accents volumineux, la VRM423 d\u00e9gage une allure \u00e0 la fois audacieuse et sophistiqu\u00e9e. Cette robe est id\u00e9ale pour les mari\u00e9es qui veulent non seulement se sentir belles, mais aussi se faire remarquer le jour de leur mariage. Exclusivement disponible chez Koonings The Wedding Palace, cette robe est un choix parfait pour la mari\u00e9e qui recherche quelque chose d'unique et d'extraordinaire.\",\"breadcrumb\":{\"@id\":\"https:\\\/\\\/www.koonings.com\\\/fr\\\/product\\\/viktor-and-rolf-vrm423\\\/#breadcrumb\"},\"inLanguage\":\"fr-FR\",\"potentialAction\":[{\"@type\":\"ReadAction\",\"target\":[\"https:\\\/\\\/www.koonings.com\\\/fr\\\/product\\\/viktor-and-rolf-vrm423\\\/\"]}]},{\"@type\":\"ImageObject\",\"inLanguage\":\"fr-FR\",\"@id\":\"https:\\\/\\\/www.koonings.com\\\/fr\\\/product\\\/viktor-and-rolf-vrm423\\\/#primaryimage\",\"url\":\"https:\\\/\\\/www.koonings.com\\\/wp-content\\\/uploads\\\/2024\\\/11\\\/49192_651f1feaa11e1e5d47d5d89441861a700c41ac8d6627a042625591611b1e238501119985-scaled.jpeg\",\"contentUrl\":\"https:\\\/\\\/www.koonings.com\\\/wp-content\\\/uploads\\\/2024\\\/11\\\/49192_651f1feaa11e1e5d47d5d89441861a700c41ac8d6627a042625591611b1e238501119985-scaled.jpeg\",\"width\":1809,\"height\":2560},{\"@type\":\"BreadcrumbList\",\"@id\":\"https:\\\/\\\/www.koonings.com\\\/fr\\\/product\\\/viktor-and-rolf-vrm423\\\/#breadcrumb\",\"itemListElement\":[{\"@type\":\"ListItem\",\"position\":1,\"name\":\"Home\",\"item\":\"https:\\\/\\\/www.koonings.com\\\/fr\\\/\"},{\"@type\":\"ListItem\",\"position\":2,\"name\":\"Viktor et Rolf VRM423\"}]},{\"@type\":\"WebSite\",\"@id\":\"https:\\\/\\\/www.koonings.com\\\/fr\\\/#website\",\"url\":\"https:\\\/\\\/www.koonings.com\\\/fr\\\/\",\"name\":\"Koonings\",\"description\":\"De grootste bruidsmodewinkel ter wereld\",\"publisher\":{\"@id\":\"https:\\\/\\\/www.koonings.com\\\/fr\\\/#organization\"},\"potentialAction\":[{\"@type\":\"SearchAction\",\"target\":{\"@type\":\"EntryPoint\",\"urlTemplate\":\"https:\\\/\\\/www.koonings.com\\\/fr\\\/?s={search_term_string}\"},\"query-input\":{\"@type\":\"PropertyValueSpecification\",\"valueRequired\":true,\"valueName\":\"search_term_string\"}}],\"inLanguage\":\"fr-FR\"},{\"@type\":\"Organization\",\"@id\":\"https:\\\/\\\/www.koonings.com\\\/fr\\\/#organization\",\"name\":\"Koonings\",\"url\":\"https:\\\/\\\/www.koonings.com\\\/fr\\\/\",\"logo\":{\"@type\":\"ImageObject\",\"inLanguage\":\"fr-FR\",\"@id\":\"https:\\\/\\\/www.koonings.com\\\/fr\\\/#\\\/schema\\\/logo\\\/image\\\/\",\"url\":\"https:\\\/\\\/www.koonings.com\\\/wp-content\\\/uploads\\\/2024\\\/07\\\/logo.png\",\"contentUrl\":\"https:\\\/\\\/www.koonings.com\\\/wp-content\\\/uploads\\\/2024\\\/07\\\/logo.png\",\"width\":600,\"height\":428,\"caption\":\"Koonings\"},\"image\":{\"@id\":\"https:\\\/\\\/www.koonings.com\\\/fr\\\/#\\\/schema\\\/logo\\\/image\\\/\"},\"sameAs\":[\"https:\\\/\\\/www.facebook.com\\\/kooningstheweddingpalace\",\"https:\\\/\\\/www.instagram.com\\\/kooningstheweddingpalace\",\"https:\\\/\\\/www.pinterest.com\\\/koonings\",\"https:\\\/\\\/www.youtube.com\\\/kooningstheweddingpalace\"]}]}<\/script>\n<!-- \/ Yoast SEO plugin. -->","yoast_head_json":{"title":"Viktor et Rolf VRM423 | Koonings","description":"La Viktor & Rolf VRM423 est une robe de mari\u00e9e \u00e0 couper le souffle qui trouve l'\u00e9quilibre parfait entre le luxe et le style avant-gardiste. Cette robe est un v\u00e9ritable chef-d'\u0153uvre, avec des d\u00e9tails raffin\u00e9s et une silhouette sculpturale qui met merveilleusement en valeur les formes f\u00e9minines. Fabriqu\u00e9e \u00e0 partir de tissus luxueux, la robe allie des techniques modernes \u00e0 une beaut\u00e9 intemporelle. Avec des \u00e9l\u00e9ments audacieux, tels qu'une coupe unique ou des accents volumineux, la VRM423 d\u00e9gage une allure \u00e0 la fois audacieuse et sophistiqu\u00e9e. Cette robe est id\u00e9ale pour les mari\u00e9es qui veulent non seulement se sentir belles, mais aussi se faire remarquer le jour de leur mariage. Exclusivement disponible chez Koonings The Wedding Palace, cette robe est un choix parfait pour la mari\u00e9e qui recherche quelque chose d'unique et d'extraordinaire.","robots":{"index":"index","follow":"follow","max-snippet":"max-snippet:-1","max-image-preview":"max-image-preview:large","max-video-preview":"max-video-preview:-1"},"canonical":"https:\/\/www.koonings.com\/fr\/product\/viktor-and-rolf-vrm423\/","og_locale":"fr_FR","og_type":"article","og_title":"Viktor et Rolf VRM423 | Koonings","og_description":"La Viktor & Rolf VRM423 est une robe de mari\u00e9e \u00e0 couper le souffle qui trouve l'\u00e9quilibre parfait entre le luxe et le style avant-gardiste. Cette robe est un v\u00e9ritable chef-d'\u0153uvre, avec des d\u00e9tails raffin\u00e9s et une silhouette sculpturale qui met merveilleusement en valeur les formes f\u00e9minines. Fabriqu\u00e9e \u00e0 partir de tissus luxueux, la robe allie des techniques modernes \u00e0 une beaut\u00e9 intemporelle. Avec des \u00e9l\u00e9ments audacieux, tels qu'une coupe unique ou des accents volumineux, la VRM423 d\u00e9gage une allure \u00e0 la fois audacieuse et sophistiqu\u00e9e. Cette robe est id\u00e9ale pour les mari\u00e9es qui veulent non seulement se sentir belles, mais aussi se faire remarquer le jour de leur mariage. Exclusivement disponible chez Koonings The Wedding Palace, cette robe est un choix parfait pour la mari\u00e9e qui recherche quelque chose d'unique et d'extraordinaire.","og_url":"https:\/\/www.koonings.com\/fr\/product\/viktor-and-rolf-vrm423\/","og_site_name":"Koonings","article_publisher":"https:\/\/www.facebook.com\/kooningstheweddingpalace","article_modified_time":"2026-02-03T18:23:45+00:00","og_image":[{"width":1809,"height":2560,"url":"https:\/\/www.koonings.com\/wp-content\/uploads\/2024\/11\/49192_651f1feaa11e1e5d47d5d89441861a700c41ac8d6627a042625591611b1e238501119985-scaled.jpeg","type":"image\/jpeg"}],"twitter_card":"summary_large_image","twitter_misc":{"Dur\u00e9e de lecture estim\u00e9e":"1 minute"},"schema":{"@context":"https:\/\/schema.org","@graph":[{"@type":"WebPage","@id":"https:\/\/www.koonings.com\/fr\/product\/viktor-and-rolf-vrm423\/","url":"https:\/\/www.koonings.com\/fr\/product\/viktor-and-rolf-vrm423\/","name":"Viktor et Rolf VRM423 | Koonings","isPartOf":{"@id":"https:\/\/www.koonings.com\/fr\/#website"},"primaryImageOfPage":{"@id":"https:\/\/www.koonings.com\/fr\/product\/viktor-and-rolf-vrm423\/#primaryimage"},"image":{"@id":"https:\/\/www.koonings.com\/fr\/product\/viktor-and-rolf-vrm423\/#primaryimage"},"thumbnailUrl":"https:\/\/www.koonings.com\/wp-content\/uploads\/2024\/11\/49192_651f1feaa11e1e5d47d5d89441861a700c41ac8d6627a042625591611b1e238501119985-scaled.jpeg","datePublished":"2025-12-14T23:46:32+00:00","dateModified":"2026-02-03T18:23:45+00:00","description":"La Viktor & Rolf VRM423 est une robe de mari\u00e9e \u00e0 couper le souffle qui trouve l'\u00e9quilibre parfait entre le luxe et le style avant-gardiste. Cette robe est un v\u00e9ritable chef-d'\u0153uvre, avec des d\u00e9tails raffin\u00e9s et une silhouette sculpturale qui met merveilleusement en valeur les formes f\u00e9minines. Fabriqu\u00e9e \u00e0 partir de tissus luxueux, la robe allie des techniques modernes \u00e0 une beaut\u00e9 intemporelle. Avec des \u00e9l\u00e9ments audacieux, tels qu'une coupe unique ou des accents volumineux, la VRM423 d\u00e9gage une allure \u00e0 la fois audacieuse et sophistiqu\u00e9e. Cette robe est id\u00e9ale pour les mari\u00e9es qui veulent non seulement se sentir belles, mais aussi se faire remarquer le jour de leur mariage. Exclusivement disponible chez Koonings The Wedding Palace, cette robe est un choix parfait pour la mari\u00e9e qui recherche quelque chose d'unique et d'extraordinaire.","breadcrumb":{"@id":"https:\/\/www.koonings.com\/fr\/product\/viktor-and-rolf-vrm423\/#breadcrumb"},"inLanguage":"fr-FR","potentialAction":[{"@type":"ReadAction","target":["https:\/\/www.koonings.com\/fr\/product\/viktor-and-rolf-vrm423\/"]}]},{"@type":"ImageObject","inLanguage":"fr-FR","@id":"https:\/\/www.koonings.com\/fr\/product\/viktor-and-rolf-vrm423\/#primaryimage","url":"https:\/\/www.koonings.com\/wp-content\/uploads\/2024\/11\/49192_651f1feaa11e1e5d47d5d89441861a700c41ac8d6627a042625591611b1e238501119985-scaled.jpeg","contentUrl":"https:\/\/www.koonings.com\/wp-content\/uploads\/2024\/11\/49192_651f1feaa11e1e5d47d5d89441861a700c41ac8d6627a042625591611b1e238501119985-scaled.jpeg","width":1809,"height":2560},{"@type":"BreadcrumbList","@id":"https:\/\/www.koonings.com\/fr\/product\/viktor-and-rolf-vrm423\/#breadcrumb","itemListElement":[{"@type":"ListItem","position":1,"name":"Home","item":"https:\/\/www.koonings.com\/fr\/"},{"@type":"ListItem","position":2,"name":"Viktor et Rolf VRM423"}]},{"@type":"WebSite","@id":"https:\/\/www.koonings.com\/fr\/#website","url":"https:\/\/www.koonings.com\/fr\/","name":"Koonings","description":"De grootste bruidsmodewinkel ter wereld","publisher":{"@id":"https:\/\/www.koonings.com\/fr\/#organization"},"potentialAction":[{"@type":"SearchAction","target":{"@type":"EntryPoint","urlTemplate":"https:\/\/www.koonings.com\/fr\/?s={search_term_string}"},"query-input":{"@type":"PropertyValueSpecification","valueRequired":true,"valueName":"search_term_string"}}],"inLanguage":"fr-FR"},{"@type":"Organization","@id":"https:\/\/www.koonings.com\/fr\/#organization","name":"Koonings","url":"https:\/\/www.koonings.com\/fr\/","logo":{"@type":"ImageObject","inLanguage":"fr-FR","@id":"https:\/\/www.koonings.com\/fr\/#\/schema\/logo\/image\/","url":"https:\/\/www.koonings.com\/wp-content\/uploads\/2024\/07\/logo.png","contentUrl":"https:\/\/www.koonings.com\/wp-content\/uploads\/2024\/07\/logo.png","width":600,"height":428,"caption":"Koonings"},"image":{"@id":"https:\/\/www.koonings.com\/fr\/#\/schema\/logo\/image\/"},"sameAs":["https:\/\/www.facebook.com\/kooningstheweddingpalace","https:\/\/www.instagram.com\/kooningstheweddingpalace","https:\/\/www.pinterest.com\/koonings","https:\/\/www.youtube.com\/kooningstheweddingpalace"]}]}},"_links":{"self":[{"href":"https:\/\/www.koonings.com\/fr\/wp-json\/wp\/v2\/product\/59818","targetHints":{"allow":["GET"]}}],"collection":[{"href":"https:\/\/www.koonings.com\/fr\/wp-json\/wp\/v2\/product"}],"about":[{"href":"https:\/\/www.koonings.com\/fr\/wp-json\/wp\/v2\/types\/product"}],"wp:featuredmedia":[{"embeddable":true,"href":"https:\/\/www.koonings.com\/fr\/wp-json\/wp\/v2\/media\/56171"}],"wp:attachment":[{"href":"https:\/\/www.koonings.com\/fr\/wp-json\/wp\/v2\/media?parent=59818"}],"wp:term":[{"taxonomy":"productdetails","embeddable":true,"href":"https:\/\/www.koonings.com\/fr\/wp-json\/wp\/v2\/productdetails?post=59818"},{"taxonomy":"productneck","embeddable":true,"href":"https:\/\/www.koonings.com\/fr\/wp-json\/wp\/v2\/productneck?post=59818"},{"taxonomy":"productcolor","embeddable":true,"href":"https:\/\/www.koonings.com\/fr\/wp-json\/wp\/v2\/productcolor?post=59818"},{"taxonomy":"maat","embeddable":true,"href":"https:\/\/www.koonings.com\/fr\/wp-json\/wp\/v2\/maat?post=59818"},{"taxonomy":"productsupplier","embeddable":true,"href":"https:\/\/www.koonings.com\/fr\/wp-json\/wp\/v2\/productsupplier?post=59818"},{"taxonomy":"productsleeve","embeddable":true,"href":"https:\/\/www.koonings.com\/fr\/wp-json\/wp\/v2\/productsleeve?post=59818"},{"taxonomy":"productcategory","embeddable":true,"href":"https:\/\/www.koonings.com\/fr\/wp-json\/wp\/v2\/productcategory?post=59818"},{"taxonomy":"productsilhouette","embeddable":true,"href":"https:\/\/www.koonings.com\/fr\/wp-json\/wp\/v2\/productsilhouette?post=59818"},{"taxonomy":"productstyle","embeddable":true,"href":"https:\/\/www.koonings.com\/fr\/wp-json\/wp\/v2\/productstyle?post=59818"}],"curies":[{"name":"wp","href":"https:\/\/api.w.org\/{rel}","templated":true}]}}