{"id":59812,"date":"2026-04-28T18:28:41","date_gmt":"2026-04-28T16:28:41","guid":{"rendered":"https:\/\/www.koonings.com\/product\/viktor-and-rolf-vrm426\/"},"modified":"2025-06-05T13:29:11","modified_gmt":"2025-06-05T11:29:11","slug":"viktor-and-rolf-vrm426","status":"publish","type":"product","link":"https:\/\/www.koonings.com\/fr\/product\/viktor-and-rolf-vrm426\/","title":{"rendered":"Viktor and Rolf VRM426"},"content":{"rendered":"<p>Les robes de mari\u00e9e Viktor &amp; Rolf, disponibles exclusivement chez Koonings The Wedding Palace, sont connues pour leur qualit\u00e9 couture, leurs designs audacieux et leur savoir-faire exceptionnel. R\u00e9put\u00e9e internationalement pour son approche avant-gardiste de la mode, la maison de couture transpose de mani\u00e8re unique cette vision au monde de la mode nuptiale. Ses robes de mari\u00e9e associent des tissus luxueux \u00e0 des formes sculpturales et \u00e0 des d\u00e9tails spectaculaires, faisant de chaque robe une \u0153uvre d&#8217;art en soi.  <\/p>\n<p>Les cr\u00e9ations de Viktor &amp; Rolf sont souvent d\u00e9taill\u00e9es et utilisent des techniques et des textures innovantes, \u00e0 la fois modernes et intemporelles. Ce qui rend ces robes si sp\u00e9ciales, c&#8217;est la combinaison de la sophistication et de l&#8217;audace. Qu&#8217;elles soient dot\u00e9es d&#8217;un n\u0153ud surdimensionn\u00e9, de d\u00e9tails volumineux prononc\u00e9s ou d&#8217;une coupe sp\u00e9ciale, les robes de mari\u00e9e Viktor &amp; Rolf sont id\u00e9ales pour les mari\u00e9es qui recherchent quelque chose d&#8217;unique et d&#8217;exclusif. Elles sont con\u00e7ues pour la mari\u00e9e qui veut non seulement se sentir belle, mais aussi se faire remarquer le jour de son mariage.   <\/p>\n","protected":false},"featured_media":56180,"template":"","meta":{"_acf_changed":false,"ghostkit_customizer_options":"","ghostkit_custom_css":"","ghostkit_custom_js_head":"","ghostkit_custom_js_foot":"","ghostkit_typography":""},"productdetails":[379],"productneck":[350],"productcolor":[392],"maat":[],"productsupplier":[440],"productsleeve":[361],"productcategory":[18],"productsilhouette":[386],"productstyle":[367,370],"class_list":["post-59812","product","type-product","status-publish","has-post-thumbnail","hentry","productdetails-379","productneck-350","productcolor-392","productsupplier-viktor-and-rolf","productsleeve-361","productcategory-trouwjurken","productsilhouette-386","productstyle-367","productstyle-370"],"acf":[],"yoast_head":"<!-- This site is optimized with the Yoast SEO plugin v27.3 - https:\/\/yoast.com\/product\/yoast-seo-wordpress\/ -->\n<title>Viktor and Rolf VRM426 | Koonings<\/title>\n<meta name=\"description\" content=\"Les robes de mari\u00e9e Viktor &amp; Rolf, disponibles exclusivement chez Koonings The Wedding Palace, sont connues pour leur qualit\u00e9 couture, leurs designs audacieux et leur savoir-faire exceptionnel. R\u00e9put\u00e9e internationalement pour son approche avant-gardiste de la mode, la maison de couture transpose de mani\u00e8re unique cette vision au monde de la mode nuptiale. Ses robes de mari\u00e9e associent des tissus luxueux \u00e0 des formes sculpturales et \u00e0 des d\u00e9tails spectaculaires, faisant de chaque robe une \u0153uvre d&#039;art en soi. Les cr\u00e9ations de Viktor &amp; Rolf sont souvent d\u00e9taill\u00e9es et utilisent des techniques et des textures innovantes, \u00e0 la fois modernes et intemporelles. Ce qui rend ces robes si sp\u00e9ciales, c&#039;est la combinaison de la sophistication et de l&#039;audace. Qu&#039;elles soient dot\u00e9es d&#039;un n\u0153ud surdimensionn\u00e9, de d\u00e9tails volumineux prononc\u00e9s ou d&#039;une coupe sp\u00e9ciale, les robes de mari\u00e9e Viktor &amp; Rolf sont id\u00e9ales pour les mari\u00e9es qui recherchent quelque chose d&#039;unique et d&#039;exclusif. Elles sont con\u00e7ues pour la mari\u00e9e qui veut non seulement se sentir belle, mais aussi se faire remarquer le jour de son mariage.\" \/>\n<meta name=\"robots\" content=\"index, follow, max-snippet:-1, max-image-preview:large, max-video-preview:-1\" \/>\n<link rel=\"canonical\" href=\"https:\/\/www.koonings.com\/fr\/product\/viktor-and-rolf-vrm426\/\" \/>\n<meta property=\"og:locale\" content=\"fr_FR\" \/>\n<meta property=\"og:type\" content=\"article\" \/>\n<meta property=\"og:title\" content=\"Viktor and Rolf VRM426 | Koonings\" \/>\n<meta property=\"og:description\" content=\"Les robes de mari\u00e9e Viktor &amp; Rolf, disponibles exclusivement chez Koonings The Wedding Palace, sont connues pour leur qualit\u00e9 couture, leurs designs audacieux et leur savoir-faire exceptionnel. R\u00e9put\u00e9e internationalement pour son approche avant-gardiste de la mode, la maison de couture transpose de mani\u00e8re unique cette vision au monde de la mode nuptiale. Ses robes de mari\u00e9e associent des tissus luxueux \u00e0 des formes sculpturales et \u00e0 des d\u00e9tails spectaculaires, faisant de chaque robe une \u0153uvre d&#039;art en soi. Les cr\u00e9ations de Viktor &amp; Rolf sont souvent d\u00e9taill\u00e9es et utilisent des techniques et des textures innovantes, \u00e0 la fois modernes et intemporelles. Ce qui rend ces robes si sp\u00e9ciales, c&#039;est la combinaison de la sophistication et de l&#039;audace. Qu&#039;elles soient dot\u00e9es d&#039;un n\u0153ud surdimensionn\u00e9, de d\u00e9tails volumineux prononc\u00e9s ou d&#039;une coupe sp\u00e9ciale, les robes de mari\u00e9e Viktor &amp; Rolf sont id\u00e9ales pour les mari\u00e9es qui recherchent quelque chose d&#039;unique et d&#039;exclusif. Elles sont con\u00e7ues pour la mari\u00e9e qui veut non seulement se sentir belle, mais aussi se faire remarquer le jour de son mariage.\" \/>\n<meta property=\"og:url\" content=\"https:\/\/www.koonings.com\/fr\/product\/viktor-and-rolf-vrm426\/\" \/>\n<meta property=\"og:site_name\" content=\"Koonings\" \/>\n<meta property=\"article:publisher\" content=\"https:\/\/www.facebook.com\/kooningstheweddingpalace\" \/>\n<meta property=\"og:image\" content=\"https:\/\/www.koonings.com\/wp-content\/uploads\/2024\/11\/49193_79518e683d125d11a710ae62825eeff7f37bb79779497e32de36a53dfc550be132fdcd84-scaled.jpeg\" \/>\n\t<meta property=\"og:image:width\" content=\"1812\" \/>\n\t<meta property=\"og:image:height\" content=\"2560\" \/>\n\t<meta property=\"og:image:type\" content=\"image\/jpeg\" \/>\n<meta name=\"twitter:card\" content=\"summary_large_image\" \/>\n<meta name=\"twitter:label1\" content=\"Dur\u00e9e de lecture estim\u00e9e\" \/>\n\t<meta name=\"twitter:data1\" content=\"1 minute\" \/>\n<script type=\"application\/ld+json\" class=\"yoast-schema-graph\">{\"@context\":\"https:\\\/\\\/schema.org\",\"@graph\":[{\"@type\":\"WebPage\",\"@id\":\"https:\\\/\\\/www.koonings.com\\\/fr\\\/product\\\/viktor-and-rolf-vrm426\\\/\",\"url\":\"https:\\\/\\\/www.koonings.com\\\/fr\\\/product\\\/viktor-and-rolf-vrm426\\\/\",\"name\":\"Viktor and Rolf VRM426 | Koonings\",\"isPartOf\":{\"@id\":\"https:\\\/\\\/www.koonings.com\\\/fr\\\/#website\"},\"primaryImageOfPage\":{\"@id\":\"https:\\\/\\\/www.koonings.com\\\/fr\\\/product\\\/viktor-and-rolf-vrm426\\\/#primaryimage\"},\"image\":{\"@id\":\"https:\\\/\\\/www.koonings.com\\\/fr\\\/product\\\/viktor-and-rolf-vrm426\\\/#primaryimage\"},\"thumbnailUrl\":\"https:\\\/\\\/www.koonings.com\\\/wp-content\\\/uploads\\\/2024\\\/11\\\/49193_79518e683d125d11a710ae62825eeff7f37bb79779497e32de36a53dfc550be132fdcd84-scaled.jpeg\",\"datePublished\":\"2026-04-28T16:28:41+00:00\",\"description\":\"Les robes de mari\u00e9e Viktor & Rolf, disponibles exclusivement chez Koonings The Wedding Palace, sont connues pour leur qualit\u00e9 couture, leurs designs audacieux et leur savoir-faire exceptionnel. R\u00e9put\u00e9e internationalement pour son approche avant-gardiste de la mode, la maison de couture transpose de mani\u00e8re unique cette vision au monde de la mode nuptiale. Ses robes de mari\u00e9e associent des tissus luxueux \u00e0 des formes sculpturales et \u00e0 des d\u00e9tails spectaculaires, faisant de chaque robe une \u0153uvre d'art en soi. Les cr\u00e9ations de Viktor & Rolf sont souvent d\u00e9taill\u00e9es et utilisent des techniques et des textures innovantes, \u00e0 la fois modernes et intemporelles. Ce qui rend ces robes si sp\u00e9ciales, c'est la combinaison de la sophistication et de l'audace. Qu'elles soient dot\u00e9es d'un n\u0153ud surdimensionn\u00e9, de d\u00e9tails volumineux prononc\u00e9s ou d'une coupe sp\u00e9ciale, les robes de mari\u00e9e Viktor & Rolf sont id\u00e9ales pour les mari\u00e9es qui recherchent quelque chose d'unique et d'exclusif. Elles sont con\u00e7ues pour la mari\u00e9e qui veut non seulement se sentir belle, mais aussi se faire remarquer le jour de son mariage.\",\"breadcrumb\":{\"@id\":\"https:\\\/\\\/www.koonings.com\\\/fr\\\/product\\\/viktor-and-rolf-vrm426\\\/#breadcrumb\"},\"inLanguage\":\"fr-FR\",\"potentialAction\":[{\"@type\":\"ReadAction\",\"target\":[\"https:\\\/\\\/www.koonings.com\\\/fr\\\/product\\\/viktor-and-rolf-vrm426\\\/\"]}]},{\"@type\":\"ImageObject\",\"inLanguage\":\"fr-FR\",\"@id\":\"https:\\\/\\\/www.koonings.com\\\/fr\\\/product\\\/viktor-and-rolf-vrm426\\\/#primaryimage\",\"url\":\"https:\\\/\\\/www.koonings.com\\\/wp-content\\\/uploads\\\/2024\\\/11\\\/49193_79518e683d125d11a710ae62825eeff7f37bb79779497e32de36a53dfc550be132fdcd84-scaled.jpeg\",\"contentUrl\":\"https:\\\/\\\/www.koonings.com\\\/wp-content\\\/uploads\\\/2024\\\/11\\\/49193_79518e683d125d11a710ae62825eeff7f37bb79779497e32de36a53dfc550be132fdcd84-scaled.jpeg\",\"width\":1812,\"height\":2560},{\"@type\":\"BreadcrumbList\",\"@id\":\"https:\\\/\\\/www.koonings.com\\\/fr\\\/product\\\/viktor-and-rolf-vrm426\\\/#breadcrumb\",\"itemListElement\":[{\"@type\":\"ListItem\",\"position\":1,\"name\":\"Home\",\"item\":\"https:\\\/\\\/www.koonings.com\\\/fr\\\/\"},{\"@type\":\"ListItem\",\"position\":2,\"name\":\"Viktor and Rolf VRM426\"}]},{\"@type\":\"WebSite\",\"@id\":\"https:\\\/\\\/www.koonings.com\\\/fr\\\/#website\",\"url\":\"https:\\\/\\\/www.koonings.com\\\/fr\\\/\",\"name\":\"Koonings\",\"description\":\"De grootste bruidsmodewinkel ter wereld\",\"publisher\":{\"@id\":\"https:\\\/\\\/www.koonings.com\\\/fr\\\/#organization\"},\"potentialAction\":[{\"@type\":\"SearchAction\",\"target\":{\"@type\":\"EntryPoint\",\"urlTemplate\":\"https:\\\/\\\/www.koonings.com\\\/fr\\\/?s={search_term_string}\"},\"query-input\":{\"@type\":\"PropertyValueSpecification\",\"valueRequired\":true,\"valueName\":\"search_term_string\"}}],\"inLanguage\":\"fr-FR\"},{\"@type\":\"Organization\",\"@id\":\"https:\\\/\\\/www.koonings.com\\\/fr\\\/#organization\",\"name\":\"Koonings\",\"url\":\"https:\\\/\\\/www.koonings.com\\\/fr\\\/\",\"logo\":{\"@type\":\"ImageObject\",\"inLanguage\":\"fr-FR\",\"@id\":\"https:\\\/\\\/www.koonings.com\\\/fr\\\/#\\\/schema\\\/logo\\\/image\\\/\",\"url\":\"https:\\\/\\\/www.koonings.com\\\/wp-content\\\/uploads\\\/2024\\\/07\\\/logo.png\",\"contentUrl\":\"https:\\\/\\\/www.koonings.com\\\/wp-content\\\/uploads\\\/2024\\\/07\\\/logo.png\",\"width\":600,\"height\":428,\"caption\":\"Koonings\"},\"image\":{\"@id\":\"https:\\\/\\\/www.koonings.com\\\/fr\\\/#\\\/schema\\\/logo\\\/image\\\/\"},\"sameAs\":[\"https:\\\/\\\/www.facebook.com\\\/kooningstheweddingpalace\",\"https:\\\/\\\/www.instagram.com\\\/kooningstheweddingpalace\",\"https:\\\/\\\/www.pinterest.com\\\/koonings\",\"https:\\\/\\\/www.youtube.com\\\/kooningstheweddingpalace\"]}]}<\/script>\n<!-- \/ Yoast SEO plugin. -->","yoast_head_json":{"title":"Viktor and Rolf VRM426 | Koonings","description":"Les robes de mari\u00e9e Viktor & Rolf, disponibles exclusivement chez Koonings The Wedding Palace, sont connues pour leur qualit\u00e9 couture, leurs designs audacieux et leur savoir-faire exceptionnel. R\u00e9put\u00e9e internationalement pour son approche avant-gardiste de la mode, la maison de couture transpose de mani\u00e8re unique cette vision au monde de la mode nuptiale. Ses robes de mari\u00e9e associent des tissus luxueux \u00e0 des formes sculpturales et \u00e0 des d\u00e9tails spectaculaires, faisant de chaque robe une \u0153uvre d'art en soi. Les cr\u00e9ations de Viktor & Rolf sont souvent d\u00e9taill\u00e9es et utilisent des techniques et des textures innovantes, \u00e0 la fois modernes et intemporelles. Ce qui rend ces robes si sp\u00e9ciales, c'est la combinaison de la sophistication et de l'audace. Qu'elles soient dot\u00e9es d'un n\u0153ud surdimensionn\u00e9, de d\u00e9tails volumineux prononc\u00e9s ou d'une coupe sp\u00e9ciale, les robes de mari\u00e9e Viktor & Rolf sont id\u00e9ales pour les mari\u00e9es qui recherchent quelque chose d'unique et d'exclusif. Elles sont con\u00e7ues pour la mari\u00e9e qui veut non seulement se sentir belle, mais aussi se faire remarquer le jour de son mariage.","robots":{"index":"index","follow":"follow","max-snippet":"max-snippet:-1","max-image-preview":"max-image-preview:large","max-video-preview":"max-video-preview:-1"},"canonical":"https:\/\/www.koonings.com\/fr\/product\/viktor-and-rolf-vrm426\/","og_locale":"fr_FR","og_type":"article","og_title":"Viktor and Rolf VRM426 | Koonings","og_description":"Les robes de mari\u00e9e Viktor & Rolf, disponibles exclusivement chez Koonings The Wedding Palace, sont connues pour leur qualit\u00e9 couture, leurs designs audacieux et leur savoir-faire exceptionnel. R\u00e9put\u00e9e internationalement pour son approche avant-gardiste de la mode, la maison de couture transpose de mani\u00e8re unique cette vision au monde de la mode nuptiale. Ses robes de mari\u00e9e associent des tissus luxueux \u00e0 des formes sculpturales et \u00e0 des d\u00e9tails spectaculaires, faisant de chaque robe une \u0153uvre d'art en soi. Les cr\u00e9ations de Viktor & Rolf sont souvent d\u00e9taill\u00e9es et utilisent des techniques et des textures innovantes, \u00e0 la fois modernes et intemporelles. Ce qui rend ces robes si sp\u00e9ciales, c'est la combinaison de la sophistication et de l'audace. Qu'elles soient dot\u00e9es d'un n\u0153ud surdimensionn\u00e9, de d\u00e9tails volumineux prononc\u00e9s ou d'une coupe sp\u00e9ciale, les robes de mari\u00e9e Viktor & Rolf sont id\u00e9ales pour les mari\u00e9es qui recherchent quelque chose d'unique et d'exclusif. Elles sont con\u00e7ues pour la mari\u00e9e qui veut non seulement se sentir belle, mais aussi se faire remarquer le jour de son mariage.","og_url":"https:\/\/www.koonings.com\/fr\/product\/viktor-and-rolf-vrm426\/","og_site_name":"Koonings","article_publisher":"https:\/\/www.facebook.com\/kooningstheweddingpalace","og_image":[{"width":1812,"height":2560,"url":"https:\/\/www.koonings.com\/wp-content\/uploads\/2024\/11\/49193_79518e683d125d11a710ae62825eeff7f37bb79779497e32de36a53dfc550be132fdcd84-scaled.jpeg","type":"image\/jpeg"}],"twitter_card":"summary_large_image","twitter_misc":{"Dur\u00e9e de lecture estim\u00e9e":"1 minute"},"schema":{"@context":"https:\/\/schema.org","@graph":[{"@type":"WebPage","@id":"https:\/\/www.koonings.com\/fr\/product\/viktor-and-rolf-vrm426\/","url":"https:\/\/www.koonings.com\/fr\/product\/viktor-and-rolf-vrm426\/","name":"Viktor and Rolf VRM426 | Koonings","isPartOf":{"@id":"https:\/\/www.koonings.com\/fr\/#website"},"primaryImageOfPage":{"@id":"https:\/\/www.koonings.com\/fr\/product\/viktor-and-rolf-vrm426\/#primaryimage"},"image":{"@id":"https:\/\/www.koonings.com\/fr\/product\/viktor-and-rolf-vrm426\/#primaryimage"},"thumbnailUrl":"https:\/\/www.koonings.com\/wp-content\/uploads\/2024\/11\/49193_79518e683d125d11a710ae62825eeff7f37bb79779497e32de36a53dfc550be132fdcd84-scaled.jpeg","datePublished":"2026-04-28T16:28:41+00:00","description":"Les robes de mari\u00e9e Viktor & Rolf, disponibles exclusivement chez Koonings The Wedding Palace, sont connues pour leur qualit\u00e9 couture, leurs designs audacieux et leur savoir-faire exceptionnel. R\u00e9put\u00e9e internationalement pour son approche avant-gardiste de la mode, la maison de couture transpose de mani\u00e8re unique cette vision au monde de la mode nuptiale. Ses robes de mari\u00e9e associent des tissus luxueux \u00e0 des formes sculpturales et \u00e0 des d\u00e9tails spectaculaires, faisant de chaque robe une \u0153uvre d'art en soi. Les cr\u00e9ations de Viktor & Rolf sont souvent d\u00e9taill\u00e9es et utilisent des techniques et des textures innovantes, \u00e0 la fois modernes et intemporelles. Ce qui rend ces robes si sp\u00e9ciales, c'est la combinaison de la sophistication et de l'audace. Qu'elles soient dot\u00e9es d'un n\u0153ud surdimensionn\u00e9, de d\u00e9tails volumineux prononc\u00e9s ou d'une coupe sp\u00e9ciale, les robes de mari\u00e9e Viktor & Rolf sont id\u00e9ales pour les mari\u00e9es qui recherchent quelque chose d'unique et d'exclusif. Elles sont con\u00e7ues pour la mari\u00e9e qui veut non seulement se sentir belle, mais aussi se faire remarquer le jour de son mariage.","breadcrumb":{"@id":"https:\/\/www.koonings.com\/fr\/product\/viktor-and-rolf-vrm426\/#breadcrumb"},"inLanguage":"fr-FR","potentialAction":[{"@type":"ReadAction","target":["https:\/\/www.koonings.com\/fr\/product\/viktor-and-rolf-vrm426\/"]}]},{"@type":"ImageObject","inLanguage":"fr-FR","@id":"https:\/\/www.koonings.com\/fr\/product\/viktor-and-rolf-vrm426\/#primaryimage","url":"https:\/\/www.koonings.com\/wp-content\/uploads\/2024\/11\/49193_79518e683d125d11a710ae62825eeff7f37bb79779497e32de36a53dfc550be132fdcd84-scaled.jpeg","contentUrl":"https:\/\/www.koonings.com\/wp-content\/uploads\/2024\/11\/49193_79518e683d125d11a710ae62825eeff7f37bb79779497e32de36a53dfc550be132fdcd84-scaled.jpeg","width":1812,"height":2560},{"@type":"BreadcrumbList","@id":"https:\/\/www.koonings.com\/fr\/product\/viktor-and-rolf-vrm426\/#breadcrumb","itemListElement":[{"@type":"ListItem","position":1,"name":"Home","item":"https:\/\/www.koonings.com\/fr\/"},{"@type":"ListItem","position":2,"name":"Viktor and Rolf VRM426"}]},{"@type":"WebSite","@id":"https:\/\/www.koonings.com\/fr\/#website","url":"https:\/\/www.koonings.com\/fr\/","name":"Koonings","description":"De grootste bruidsmodewinkel ter wereld","publisher":{"@id":"https:\/\/www.koonings.com\/fr\/#organization"},"potentialAction":[{"@type":"SearchAction","target":{"@type":"EntryPoint","urlTemplate":"https:\/\/www.koonings.com\/fr\/?s={search_term_string}"},"query-input":{"@type":"PropertyValueSpecification","valueRequired":true,"valueName":"search_term_string"}}],"inLanguage":"fr-FR"},{"@type":"Organization","@id":"https:\/\/www.koonings.com\/fr\/#organization","name":"Koonings","url":"https:\/\/www.koonings.com\/fr\/","logo":{"@type":"ImageObject","inLanguage":"fr-FR","@id":"https:\/\/www.koonings.com\/fr\/#\/schema\/logo\/image\/","url":"https:\/\/www.koonings.com\/wp-content\/uploads\/2024\/07\/logo.png","contentUrl":"https:\/\/www.koonings.com\/wp-content\/uploads\/2024\/07\/logo.png","width":600,"height":428,"caption":"Koonings"},"image":{"@id":"https:\/\/www.koonings.com\/fr\/#\/schema\/logo\/image\/"},"sameAs":["https:\/\/www.facebook.com\/kooningstheweddingpalace","https:\/\/www.instagram.com\/kooningstheweddingpalace","https:\/\/www.pinterest.com\/koonings","https:\/\/www.youtube.com\/kooningstheweddingpalace"]}]}},"_links":{"self":[{"href":"https:\/\/www.koonings.com\/fr\/wp-json\/wp\/v2\/product\/59812","targetHints":{"allow":["GET"]}}],"collection":[{"href":"https:\/\/www.koonings.com\/fr\/wp-json\/wp\/v2\/product"}],"about":[{"href":"https:\/\/www.koonings.com\/fr\/wp-json\/wp\/v2\/types\/product"}],"wp:featuredmedia":[{"embeddable":true,"href":"https:\/\/www.koonings.com\/fr\/wp-json\/wp\/v2\/media\/56180"}],"wp:attachment":[{"href":"https:\/\/www.koonings.com\/fr\/wp-json\/wp\/v2\/media?parent=59812"}],"wp:term":[{"taxonomy":"productdetails","embeddable":true,"href":"https:\/\/www.koonings.com\/fr\/wp-json\/wp\/v2\/productdetails?post=59812"},{"taxonomy":"productneck","embeddable":true,"href":"https:\/\/www.koonings.com\/fr\/wp-json\/wp\/v2\/productneck?post=59812"},{"taxonomy":"productcolor","embeddable":true,"href":"https:\/\/www.koonings.com\/fr\/wp-json\/wp\/v2\/productcolor?post=59812"},{"taxonomy":"maat","embeddable":true,"href":"https:\/\/www.koonings.com\/fr\/wp-json\/wp\/v2\/maat?post=59812"},{"taxonomy":"productsupplier","embeddable":true,"href":"https:\/\/www.koonings.com\/fr\/wp-json\/wp\/v2\/productsupplier?post=59812"},{"taxonomy":"productsleeve","embeddable":true,"href":"https:\/\/www.koonings.com\/fr\/wp-json\/wp\/v2\/productsleeve?post=59812"},{"taxonomy":"productcategory","embeddable":true,"href":"https:\/\/www.koonings.com\/fr\/wp-json\/wp\/v2\/productcategory?post=59812"},{"taxonomy":"productsilhouette","embeddable":true,"href":"https:\/\/www.koonings.com\/fr\/wp-json\/wp\/v2\/productsilhouette?post=59812"},{"taxonomy":"productstyle","embeddable":true,"href":"https:\/\/www.koonings.com\/fr\/wp-json\/wp\/v2\/productstyle?post=59812"}],"curies":[{"name":"wp","href":"https:\/\/api.w.org\/{rel}","templated":true}]}}