{"id":59782,"date":"2024-11-18T15:48:04","date_gmt":"2024-11-18T14:48:04","guid":{"rendered":"https:\/\/www.koonings.com\/product\/ladybird-beauty-lb125bi1-2\/"},"modified":"2026-02-03T19:00:50","modified_gmt":"2026-02-03T18:00:50","slug":"ladybird-beauty-lb125bi1-2","status":"publish","type":"product","link":"https:\/\/www.koonings.com\/fr\/product\/ladybird-beauty-lb125bi1-2\/","title":{"rendered":"Ladybird Beauty LB125BI1"},"content":{"rendered":"<p>Ce mod\u00e8le long en tulle apporte une touche audacieuse \u00e0 la silhouette classique de princesse. L&#8217;essentiel r\u00e9side dans le corset, qui pr\u00e9sente un d\u00e9sossage marqu\u00e9 et un d\u00e9collet\u00e9 en c\u0153ur. De la dentelle brod\u00e9e et des d\u00e9tails paillet\u00e9s compl\u00e8tent le mod\u00e8le, avec de fines bretelles orn\u00e9es de bijoux qui laissent le dos d\u00e9couvert.  <\/p>\n","protected":false},"featured_media":53045,"template":"","meta":{"_acf_changed":false,"ghostkit_customizer_options":"","ghostkit_custom_css":"","ghostkit_custom_js_head":"","ghostkit_custom_js_foot":"","ghostkit_typography":""},"productdetails":[377,381],"productneck":[355],"productcolor":[392],"maat":[],"productsupplier":[437],"productsleeve":[359],"productcategory":[18],"productsilhouette":[388],"productstyle":[372],"class_list":["post-59782","product","type-product","status-publish","has-post-thumbnail","hentry","productdetails-377","productdetails-381","productneck-355","productcolor-392","productsupplier-ladybird","productsleeve-359","productcategory-trouwjurken","productsilhouette-388","productstyle-372"],"acf":[],"yoast_head":"<!-- This site is optimized with the Yoast SEO plugin v27.3 - https:\/\/yoast.com\/product\/yoast-seo-wordpress\/ -->\n<title>Ladybird Beauty LB125BI1 | Koonings<\/title>\n<meta name=\"description\" content=\"Ce mod\u00e8le long en tulle apporte une touche audacieuse \u00e0 la silhouette classique de princesse. L&#039;essentiel r\u00e9side dans le corset, qui pr\u00e9sente un d\u00e9sossage marqu\u00e9 et un d\u00e9collet\u00e9 en c\u0153ur. De la dentelle brod\u00e9e et des d\u00e9tails paillet\u00e9s compl\u00e8tent le mod\u00e8le, avec de fines bretelles orn\u00e9es de bijoux qui laissent le dos d\u00e9couvert.\" \/>\n<meta name=\"robots\" content=\"index, follow, max-snippet:-1, max-image-preview:large, max-video-preview:-1\" \/>\n<link rel=\"canonical\" href=\"https:\/\/www.koonings.com\/fr\/product\/ladybird-beauty-lb125bi1-2\/\" \/>\n<meta property=\"og:locale\" content=\"fr_FR\" \/>\n<meta property=\"og:type\" content=\"article\" \/>\n<meta property=\"og:title\" content=\"Ladybird Beauty LB125BI1 | Koonings\" \/>\n<meta property=\"og:description\" content=\"Ce mod\u00e8le long en tulle apporte une touche audacieuse \u00e0 la silhouette classique de princesse. L&#039;essentiel r\u00e9side dans le corset, qui pr\u00e9sente un d\u00e9sossage marqu\u00e9 et un d\u00e9collet\u00e9 en c\u0153ur. De la dentelle brod\u00e9e et des d\u00e9tails paillet\u00e9s compl\u00e8tent le mod\u00e8le, avec de fines bretelles orn\u00e9es de bijoux qui laissent le dos d\u00e9couvert.\" \/>\n<meta property=\"og:url\" content=\"https:\/\/www.koonings.com\/fr\/product\/ladybird-beauty-lb125bi1-2\/\" \/>\n<meta property=\"og:site_name\" content=\"Koonings\" \/>\n<meta property=\"article:publisher\" content=\"https:\/\/www.facebook.com\/kooningstheweddingpalace\" \/>\n<meta property=\"article:modified_time\" content=\"2026-02-03T18:00:50+00:00\" \/>\n<meta property=\"og:image\" content=\"https:\/\/www.koonings.com\/wp-content\/uploads\/2024\/11\/48920_d14da82577d1529c4ccda1b11d379719614dac816c65f27ba122136e5d3e0a4f7b823742-scaled.jpeg\" \/>\n\t<meta property=\"og:image:width\" content=\"1814\" \/>\n\t<meta property=\"og:image:height\" content=\"2560\" \/>\n\t<meta property=\"og:image:type\" content=\"image\/jpeg\" \/>\n<meta name=\"twitter:card\" content=\"summary_large_image\" \/>\n<script type=\"application\/ld+json\" class=\"yoast-schema-graph\">{\"@context\":\"https:\\\/\\\/schema.org\",\"@graph\":[{\"@type\":\"WebPage\",\"@id\":\"https:\\\/\\\/www.koonings.com\\\/fr\\\/product\\\/ladybird-beauty-lb125bi1-2\\\/\",\"url\":\"https:\\\/\\\/www.koonings.com\\\/fr\\\/product\\\/ladybird-beauty-lb125bi1-2\\\/\",\"name\":\"Ladybird Beauty LB125BI1 | Koonings\",\"isPartOf\":{\"@id\":\"https:\\\/\\\/www.koonings.com\\\/fr\\\/#website\"},\"primaryImageOfPage\":{\"@id\":\"https:\\\/\\\/www.koonings.com\\\/fr\\\/product\\\/ladybird-beauty-lb125bi1-2\\\/#primaryimage\"},\"image\":{\"@id\":\"https:\\\/\\\/www.koonings.com\\\/fr\\\/product\\\/ladybird-beauty-lb125bi1-2\\\/#primaryimage\"},\"thumbnailUrl\":\"https:\\\/\\\/www.koonings.com\\\/wp-content\\\/uploads\\\/2024\\\/11\\\/48920_d14da82577d1529c4ccda1b11d379719614dac816c65f27ba122136e5d3e0a4f7b823742-scaled.jpeg\",\"datePublished\":\"2024-11-18T14:48:04+00:00\",\"dateModified\":\"2026-02-03T18:00:50+00:00\",\"description\":\"Ce mod\u00e8le long en tulle apporte une touche audacieuse \u00e0 la silhouette classique de princesse. L'essentiel r\u00e9side dans le corset, qui pr\u00e9sente un d\u00e9sossage marqu\u00e9 et un d\u00e9collet\u00e9 en c\u0153ur. De la dentelle brod\u00e9e et des d\u00e9tails paillet\u00e9s compl\u00e8tent le mod\u00e8le, avec de fines bretelles orn\u00e9es de bijoux qui laissent le dos d\u00e9couvert.\",\"breadcrumb\":{\"@id\":\"https:\\\/\\\/www.koonings.com\\\/fr\\\/product\\\/ladybird-beauty-lb125bi1-2\\\/#breadcrumb\"},\"inLanguage\":\"fr-FR\",\"potentialAction\":[{\"@type\":\"ReadAction\",\"target\":[\"https:\\\/\\\/www.koonings.com\\\/fr\\\/product\\\/ladybird-beauty-lb125bi1-2\\\/\"]}]},{\"@type\":\"ImageObject\",\"inLanguage\":\"fr-FR\",\"@id\":\"https:\\\/\\\/www.koonings.com\\\/fr\\\/product\\\/ladybird-beauty-lb125bi1-2\\\/#primaryimage\",\"url\":\"https:\\\/\\\/www.koonings.com\\\/wp-content\\\/uploads\\\/2024\\\/11\\\/48920_d14da82577d1529c4ccda1b11d379719614dac816c65f27ba122136e5d3e0a4f7b823742-scaled.jpeg\",\"contentUrl\":\"https:\\\/\\\/www.koonings.com\\\/wp-content\\\/uploads\\\/2024\\\/11\\\/48920_d14da82577d1529c4ccda1b11d379719614dac816c65f27ba122136e5d3e0a4f7b823742-scaled.jpeg\",\"width\":1814,\"height\":2560},{\"@type\":\"BreadcrumbList\",\"@id\":\"https:\\\/\\\/www.koonings.com\\\/fr\\\/product\\\/ladybird-beauty-lb125bi1-2\\\/#breadcrumb\",\"itemListElement\":[{\"@type\":\"ListItem\",\"position\":1,\"name\":\"Home\",\"item\":\"https:\\\/\\\/www.koonings.com\\\/fr\\\/\"},{\"@type\":\"ListItem\",\"position\":2,\"name\":\"Ladybird Beauty LB125BI1\"}]},{\"@type\":\"WebSite\",\"@id\":\"https:\\\/\\\/www.koonings.com\\\/fr\\\/#website\",\"url\":\"https:\\\/\\\/www.koonings.com\\\/fr\\\/\",\"name\":\"Koonings\",\"description\":\"De grootste bruidsmodewinkel ter wereld\",\"publisher\":{\"@id\":\"https:\\\/\\\/www.koonings.com\\\/fr\\\/#organization\"},\"potentialAction\":[{\"@type\":\"SearchAction\",\"target\":{\"@type\":\"EntryPoint\",\"urlTemplate\":\"https:\\\/\\\/www.koonings.com\\\/fr\\\/?s={search_term_string}\"},\"query-input\":{\"@type\":\"PropertyValueSpecification\",\"valueRequired\":true,\"valueName\":\"search_term_string\"}}],\"inLanguage\":\"fr-FR\"},{\"@type\":\"Organization\",\"@id\":\"https:\\\/\\\/www.koonings.com\\\/fr\\\/#organization\",\"name\":\"Koonings\",\"url\":\"https:\\\/\\\/www.koonings.com\\\/fr\\\/\",\"logo\":{\"@type\":\"ImageObject\",\"inLanguage\":\"fr-FR\",\"@id\":\"https:\\\/\\\/www.koonings.com\\\/fr\\\/#\\\/schema\\\/logo\\\/image\\\/\",\"url\":\"https:\\\/\\\/www.koonings.com\\\/wp-content\\\/uploads\\\/2024\\\/07\\\/logo.png\",\"contentUrl\":\"https:\\\/\\\/www.koonings.com\\\/wp-content\\\/uploads\\\/2024\\\/07\\\/logo.png\",\"width\":600,\"height\":428,\"caption\":\"Koonings\"},\"image\":{\"@id\":\"https:\\\/\\\/www.koonings.com\\\/fr\\\/#\\\/schema\\\/logo\\\/image\\\/\"},\"sameAs\":[\"https:\\\/\\\/www.facebook.com\\\/kooningstheweddingpalace\",\"https:\\\/\\\/www.instagram.com\\\/kooningstheweddingpalace\",\"https:\\\/\\\/www.pinterest.com\\\/koonings\",\"https:\\\/\\\/www.youtube.com\\\/kooningstheweddingpalace\"]}]}<\/script>\n<!-- \/ Yoast SEO plugin. -->","yoast_head_json":{"title":"Ladybird Beauty LB125BI1 | Koonings","description":"Ce mod\u00e8le long en tulle apporte une touche audacieuse \u00e0 la silhouette classique de princesse. L'essentiel r\u00e9side dans le corset, qui pr\u00e9sente un d\u00e9sossage marqu\u00e9 et un d\u00e9collet\u00e9 en c\u0153ur. De la dentelle brod\u00e9e et des d\u00e9tails paillet\u00e9s compl\u00e8tent le mod\u00e8le, avec de fines bretelles orn\u00e9es de bijoux qui laissent le dos d\u00e9couvert.","robots":{"index":"index","follow":"follow","max-snippet":"max-snippet:-1","max-image-preview":"max-image-preview:large","max-video-preview":"max-video-preview:-1"},"canonical":"https:\/\/www.koonings.com\/fr\/product\/ladybird-beauty-lb125bi1-2\/","og_locale":"fr_FR","og_type":"article","og_title":"Ladybird Beauty LB125BI1 | Koonings","og_description":"Ce mod\u00e8le long en tulle apporte une touche audacieuse \u00e0 la silhouette classique de princesse. L'essentiel r\u00e9side dans le corset, qui pr\u00e9sente un d\u00e9sossage marqu\u00e9 et un d\u00e9collet\u00e9 en c\u0153ur. De la dentelle brod\u00e9e et des d\u00e9tails paillet\u00e9s compl\u00e8tent le mod\u00e8le, avec de fines bretelles orn\u00e9es de bijoux qui laissent le dos d\u00e9couvert.","og_url":"https:\/\/www.koonings.com\/fr\/product\/ladybird-beauty-lb125bi1-2\/","og_site_name":"Koonings","article_publisher":"https:\/\/www.facebook.com\/kooningstheweddingpalace","article_modified_time":"2026-02-03T18:00:50+00:00","og_image":[{"width":1814,"height":2560,"url":"https:\/\/www.koonings.com\/wp-content\/uploads\/2024\/11\/48920_d14da82577d1529c4ccda1b11d379719614dac816c65f27ba122136e5d3e0a4f7b823742-scaled.jpeg","type":"image\/jpeg"}],"twitter_card":"summary_large_image","schema":{"@context":"https:\/\/schema.org","@graph":[{"@type":"WebPage","@id":"https:\/\/www.koonings.com\/fr\/product\/ladybird-beauty-lb125bi1-2\/","url":"https:\/\/www.koonings.com\/fr\/product\/ladybird-beauty-lb125bi1-2\/","name":"Ladybird Beauty LB125BI1 | Koonings","isPartOf":{"@id":"https:\/\/www.koonings.com\/fr\/#website"},"primaryImageOfPage":{"@id":"https:\/\/www.koonings.com\/fr\/product\/ladybird-beauty-lb125bi1-2\/#primaryimage"},"image":{"@id":"https:\/\/www.koonings.com\/fr\/product\/ladybird-beauty-lb125bi1-2\/#primaryimage"},"thumbnailUrl":"https:\/\/www.koonings.com\/wp-content\/uploads\/2024\/11\/48920_d14da82577d1529c4ccda1b11d379719614dac816c65f27ba122136e5d3e0a4f7b823742-scaled.jpeg","datePublished":"2024-11-18T14:48:04+00:00","dateModified":"2026-02-03T18:00:50+00:00","description":"Ce mod\u00e8le long en tulle apporte une touche audacieuse \u00e0 la silhouette classique de princesse. L'essentiel r\u00e9side dans le corset, qui pr\u00e9sente un d\u00e9sossage marqu\u00e9 et un d\u00e9collet\u00e9 en c\u0153ur. De la dentelle brod\u00e9e et des d\u00e9tails paillet\u00e9s compl\u00e8tent le mod\u00e8le, avec de fines bretelles orn\u00e9es de bijoux qui laissent le dos d\u00e9couvert.","breadcrumb":{"@id":"https:\/\/www.koonings.com\/fr\/product\/ladybird-beauty-lb125bi1-2\/#breadcrumb"},"inLanguage":"fr-FR","potentialAction":[{"@type":"ReadAction","target":["https:\/\/www.koonings.com\/fr\/product\/ladybird-beauty-lb125bi1-2\/"]}]},{"@type":"ImageObject","inLanguage":"fr-FR","@id":"https:\/\/www.koonings.com\/fr\/product\/ladybird-beauty-lb125bi1-2\/#primaryimage","url":"https:\/\/www.koonings.com\/wp-content\/uploads\/2024\/11\/48920_d14da82577d1529c4ccda1b11d379719614dac816c65f27ba122136e5d3e0a4f7b823742-scaled.jpeg","contentUrl":"https:\/\/www.koonings.com\/wp-content\/uploads\/2024\/11\/48920_d14da82577d1529c4ccda1b11d379719614dac816c65f27ba122136e5d3e0a4f7b823742-scaled.jpeg","width":1814,"height":2560},{"@type":"BreadcrumbList","@id":"https:\/\/www.koonings.com\/fr\/product\/ladybird-beauty-lb125bi1-2\/#breadcrumb","itemListElement":[{"@type":"ListItem","position":1,"name":"Home","item":"https:\/\/www.koonings.com\/fr\/"},{"@type":"ListItem","position":2,"name":"Ladybird Beauty LB125BI1"}]},{"@type":"WebSite","@id":"https:\/\/www.koonings.com\/fr\/#website","url":"https:\/\/www.koonings.com\/fr\/","name":"Koonings","description":"De grootste bruidsmodewinkel ter wereld","publisher":{"@id":"https:\/\/www.koonings.com\/fr\/#organization"},"potentialAction":[{"@type":"SearchAction","target":{"@type":"EntryPoint","urlTemplate":"https:\/\/www.koonings.com\/fr\/?s={search_term_string}"},"query-input":{"@type":"PropertyValueSpecification","valueRequired":true,"valueName":"search_term_string"}}],"inLanguage":"fr-FR"},{"@type":"Organization","@id":"https:\/\/www.koonings.com\/fr\/#organization","name":"Koonings","url":"https:\/\/www.koonings.com\/fr\/","logo":{"@type":"ImageObject","inLanguage":"fr-FR","@id":"https:\/\/www.koonings.com\/fr\/#\/schema\/logo\/image\/","url":"https:\/\/www.koonings.com\/wp-content\/uploads\/2024\/07\/logo.png","contentUrl":"https:\/\/www.koonings.com\/wp-content\/uploads\/2024\/07\/logo.png","width":600,"height":428,"caption":"Koonings"},"image":{"@id":"https:\/\/www.koonings.com\/fr\/#\/schema\/logo\/image\/"},"sameAs":["https:\/\/www.facebook.com\/kooningstheweddingpalace","https:\/\/www.instagram.com\/kooningstheweddingpalace","https:\/\/www.pinterest.com\/koonings","https:\/\/www.youtube.com\/kooningstheweddingpalace"]}]}},"_links":{"self":[{"href":"https:\/\/www.koonings.com\/fr\/wp-json\/wp\/v2\/product\/59782","targetHints":{"allow":["GET"]}}],"collection":[{"href":"https:\/\/www.koonings.com\/fr\/wp-json\/wp\/v2\/product"}],"about":[{"href":"https:\/\/www.koonings.com\/fr\/wp-json\/wp\/v2\/types\/product"}],"wp:featuredmedia":[{"embeddable":true,"href":"https:\/\/www.koonings.com\/fr\/wp-json\/wp\/v2\/media\/53045"}],"wp:attachment":[{"href":"https:\/\/www.koonings.com\/fr\/wp-json\/wp\/v2\/media?parent=59782"}],"wp:term":[{"taxonomy":"productdetails","embeddable":true,"href":"https:\/\/www.koonings.com\/fr\/wp-json\/wp\/v2\/productdetails?post=59782"},{"taxonomy":"productneck","embeddable":true,"href":"https:\/\/www.koonings.com\/fr\/wp-json\/wp\/v2\/productneck?post=59782"},{"taxonomy":"productcolor","embeddable":true,"href":"https:\/\/www.koonings.com\/fr\/wp-json\/wp\/v2\/productcolor?post=59782"},{"taxonomy":"maat","embeddable":true,"href":"https:\/\/www.koonings.com\/fr\/wp-json\/wp\/v2\/maat?post=59782"},{"taxonomy":"productsupplier","embeddable":true,"href":"https:\/\/www.koonings.com\/fr\/wp-json\/wp\/v2\/productsupplier?post=59782"},{"taxonomy":"productsleeve","embeddable":true,"href":"https:\/\/www.koonings.com\/fr\/wp-json\/wp\/v2\/productsleeve?post=59782"},{"taxonomy":"productcategory","embeddable":true,"href":"https:\/\/www.koonings.com\/fr\/wp-json\/wp\/v2\/productcategory?post=59782"},{"taxonomy":"productsilhouette","embeddable":true,"href":"https:\/\/www.koonings.com\/fr\/wp-json\/wp\/v2\/productsilhouette?post=59782"},{"taxonomy":"productstyle","embeddable":true,"href":"https:\/\/www.koonings.com\/fr\/wp-json\/wp\/v2\/productstyle?post=59782"}],"curies":[{"name":"wp","href":"https:\/\/api.w.org\/{rel}","templated":true}]}}