{"id":59775,"date":"2024-11-18T15:48:04","date_gmt":"2024-11-18T14:48:04","guid":{"rendered":"https:\/\/www.koonings.com\/product\/modeca-dory-2\/"},"modified":"2026-02-03T19:00:59","modified_gmt":"2026-02-03T18:00:59","slug":"modeca-dory-2","status":"publish","type":"product","link":"https:\/\/www.koonings.com\/fr\/product\/modeca-dory-2\/","title":{"rendered":"Modeca Dory"},"content":{"rendered":"<p>D\u00e9marquez-vous dans cette robe de mari\u00e9e sophistiqu\u00e9e aux d\u00e9tails de dentelle modernes. La jupe en satin extensible est subtilement fendue, offrant \u00e0 la fois \u00e9l\u00e9gance et libert\u00e9 de mouvement. De d\u00e9licates fleurs en 3D ornent le d\u00e9collet\u00e9 illusion et sont soigneusement plac\u00e9es sur le corsage et les manches capuchon. Le dos pr\u00e9sente une ouverture flatteuse, gracieusement d\u00e9cor\u00e9e d&#8217;un n\u0153ud en tulle.   <\/p>\n","protected":false},"featured_media":53066,"template":"","meta":{"_acf_changed":false,"ghostkit_customizer_options":"","ghostkit_custom_css":"","ghostkit_custom_js_head":"","ghostkit_custom_js_foot":"","ghostkit_typography":""},"productdetails":[379,378],"productneck":[356],"productcolor":[393,392],"maat":[],"productsupplier":[434],"productsleeve":[359],"productcategory":[18],"productsilhouette":[384,389],"productstyle":[370],"class_list":["post-59775","product","type-product","status-publish","has-post-thumbnail","hentry","productdetails-379","productdetails-378","productneck-356","productcolor-393","productcolor-392","productsupplier-modeca","productsleeve-359","productcategory-trouwjurken","productsilhouette-384","productsilhouette-389","productstyle-370"],"acf":[],"yoast_head":"<!-- This site is optimized with the Yoast SEO plugin v27.3 - https:\/\/yoast.com\/product\/yoast-seo-wordpress\/ -->\n<title>Modeca Dory | Koonings<\/title>\n<meta name=\"description\" content=\"D\u00e9marquez-vous dans cette robe de mari\u00e9e sophistiqu\u00e9e aux d\u00e9tails de dentelle modernes. La jupe en satin extensible est subtilement fendue, offrant \u00e0 la fois \u00e9l\u00e9gance et libert\u00e9 de mouvement. De d\u00e9licates fleurs en 3D ornent le d\u00e9collet\u00e9 illusion et sont soigneusement plac\u00e9es sur le corsage et les manches capuchon. Le dos pr\u00e9sente une ouverture flatteuse, gracieusement d\u00e9cor\u00e9e d&#039;un n\u0153ud en tulle.\" \/>\n<meta name=\"robots\" content=\"index, follow, max-snippet:-1, max-image-preview:large, max-video-preview:-1\" \/>\n<link rel=\"canonical\" href=\"https:\/\/www.koonings.com\/fr\/product\/modeca-dory-2\/\" \/>\n<meta property=\"og:locale\" content=\"fr_FR\" \/>\n<meta property=\"og:type\" content=\"article\" \/>\n<meta property=\"og:title\" content=\"Modeca Dory | Koonings\" \/>\n<meta property=\"og:description\" content=\"D\u00e9marquez-vous dans cette robe de mari\u00e9e sophistiqu\u00e9e aux d\u00e9tails de dentelle modernes. La jupe en satin extensible est subtilement fendue, offrant \u00e0 la fois \u00e9l\u00e9gance et libert\u00e9 de mouvement. De d\u00e9licates fleurs en 3D ornent le d\u00e9collet\u00e9 illusion et sont soigneusement plac\u00e9es sur le corsage et les manches capuchon. Le dos pr\u00e9sente une ouverture flatteuse, gracieusement d\u00e9cor\u00e9e d&#039;un n\u0153ud en tulle.\" \/>\n<meta property=\"og:url\" content=\"https:\/\/www.koonings.com\/fr\/product\/modeca-dory-2\/\" \/>\n<meta property=\"og:site_name\" content=\"Koonings\" \/>\n<meta property=\"article:publisher\" content=\"https:\/\/www.facebook.com\/kooningstheweddingpalace\" \/>\n<meta property=\"article:modified_time\" content=\"2026-02-03T18:00:59+00:00\" \/>\n<meta property=\"og:image\" content=\"https:\/\/www.koonings.com\/wp-content\/uploads\/2024\/11\/48922_04c7a7fa97e4c3c67577339e74734280fdd2f9900d1270576a74a0a678519e71c43fbbd8.jpeg\" \/>\n\t<meta property=\"og:image:width\" content=\"710\" \/>\n\t<meta property=\"og:image:height\" content=\"1004\" \/>\n\t<meta property=\"og:image:type\" content=\"image\/jpeg\" \/>\n<meta name=\"twitter:card\" content=\"summary_large_image\" \/>\n<script type=\"application\/ld+json\" class=\"yoast-schema-graph\">{\"@context\":\"https:\\\/\\\/schema.org\",\"@graph\":[{\"@type\":\"WebPage\",\"@id\":\"https:\\\/\\\/www.koonings.com\\\/fr\\\/product\\\/modeca-dory-2\\\/\",\"url\":\"https:\\\/\\\/www.koonings.com\\\/fr\\\/product\\\/modeca-dory-2\\\/\",\"name\":\"Modeca Dory | Koonings\",\"isPartOf\":{\"@id\":\"https:\\\/\\\/www.koonings.com\\\/fr\\\/#website\"},\"primaryImageOfPage\":{\"@id\":\"https:\\\/\\\/www.koonings.com\\\/fr\\\/product\\\/modeca-dory-2\\\/#primaryimage\"},\"image\":{\"@id\":\"https:\\\/\\\/www.koonings.com\\\/fr\\\/product\\\/modeca-dory-2\\\/#primaryimage\"},\"thumbnailUrl\":\"https:\\\/\\\/www.koonings.com\\\/wp-content\\\/uploads\\\/2024\\\/11\\\/48922_04c7a7fa97e4c3c67577339e74734280fdd2f9900d1270576a74a0a678519e71c43fbbd8.jpeg\",\"datePublished\":\"2024-11-18T14:48:04+00:00\",\"dateModified\":\"2026-02-03T18:00:59+00:00\",\"description\":\"D\u00e9marquez-vous dans cette robe de mari\u00e9e sophistiqu\u00e9e aux d\u00e9tails de dentelle modernes. La jupe en satin extensible est subtilement fendue, offrant \u00e0 la fois \u00e9l\u00e9gance et libert\u00e9 de mouvement. De d\u00e9licates fleurs en 3D ornent le d\u00e9collet\u00e9 illusion et sont soigneusement plac\u00e9es sur le corsage et les manches capuchon. Le dos pr\u00e9sente une ouverture flatteuse, gracieusement d\u00e9cor\u00e9e d'un n\u0153ud en tulle.\",\"breadcrumb\":{\"@id\":\"https:\\\/\\\/www.koonings.com\\\/fr\\\/product\\\/modeca-dory-2\\\/#breadcrumb\"},\"inLanguage\":\"fr-FR\",\"potentialAction\":[{\"@type\":\"ReadAction\",\"target\":[\"https:\\\/\\\/www.koonings.com\\\/fr\\\/product\\\/modeca-dory-2\\\/\"]}]},{\"@type\":\"ImageObject\",\"inLanguage\":\"fr-FR\",\"@id\":\"https:\\\/\\\/www.koonings.com\\\/fr\\\/product\\\/modeca-dory-2\\\/#primaryimage\",\"url\":\"https:\\\/\\\/www.koonings.com\\\/wp-content\\\/uploads\\\/2024\\\/11\\\/48922_04c7a7fa97e4c3c67577339e74734280fdd2f9900d1270576a74a0a678519e71c43fbbd8.jpeg\",\"contentUrl\":\"https:\\\/\\\/www.koonings.com\\\/wp-content\\\/uploads\\\/2024\\\/11\\\/48922_04c7a7fa97e4c3c67577339e74734280fdd2f9900d1270576a74a0a678519e71c43fbbd8.jpeg\",\"width\":710,\"height\":1004},{\"@type\":\"BreadcrumbList\",\"@id\":\"https:\\\/\\\/www.koonings.com\\\/fr\\\/product\\\/modeca-dory-2\\\/#breadcrumb\",\"itemListElement\":[{\"@type\":\"ListItem\",\"position\":1,\"name\":\"Home\",\"item\":\"https:\\\/\\\/www.koonings.com\\\/fr\\\/\"},{\"@type\":\"ListItem\",\"position\":2,\"name\":\"Modeca Dory\"}]},{\"@type\":\"WebSite\",\"@id\":\"https:\\\/\\\/www.koonings.com\\\/fr\\\/#website\",\"url\":\"https:\\\/\\\/www.koonings.com\\\/fr\\\/\",\"name\":\"Koonings\",\"description\":\"De grootste bruidsmodewinkel ter wereld\",\"publisher\":{\"@id\":\"https:\\\/\\\/www.koonings.com\\\/fr\\\/#organization\"},\"potentialAction\":[{\"@type\":\"SearchAction\",\"target\":{\"@type\":\"EntryPoint\",\"urlTemplate\":\"https:\\\/\\\/www.koonings.com\\\/fr\\\/?s={search_term_string}\"},\"query-input\":{\"@type\":\"PropertyValueSpecification\",\"valueRequired\":true,\"valueName\":\"search_term_string\"}}],\"inLanguage\":\"fr-FR\"},{\"@type\":\"Organization\",\"@id\":\"https:\\\/\\\/www.koonings.com\\\/fr\\\/#organization\",\"name\":\"Koonings\",\"url\":\"https:\\\/\\\/www.koonings.com\\\/fr\\\/\",\"logo\":{\"@type\":\"ImageObject\",\"inLanguage\":\"fr-FR\",\"@id\":\"https:\\\/\\\/www.koonings.com\\\/fr\\\/#\\\/schema\\\/logo\\\/image\\\/\",\"url\":\"https:\\\/\\\/www.koonings.com\\\/wp-content\\\/uploads\\\/2024\\\/07\\\/logo.png\",\"contentUrl\":\"https:\\\/\\\/www.koonings.com\\\/wp-content\\\/uploads\\\/2024\\\/07\\\/logo.png\",\"width\":600,\"height\":428,\"caption\":\"Koonings\"},\"image\":{\"@id\":\"https:\\\/\\\/www.koonings.com\\\/fr\\\/#\\\/schema\\\/logo\\\/image\\\/\"},\"sameAs\":[\"https:\\\/\\\/www.facebook.com\\\/kooningstheweddingpalace\",\"https:\\\/\\\/www.instagram.com\\\/kooningstheweddingpalace\",\"https:\\\/\\\/www.pinterest.com\\\/koonings\",\"https:\\\/\\\/www.youtube.com\\\/kooningstheweddingpalace\"]}]}<\/script>\n<!-- \/ Yoast SEO plugin. -->","yoast_head_json":{"title":"Modeca Dory | Koonings","description":"D\u00e9marquez-vous dans cette robe de mari\u00e9e sophistiqu\u00e9e aux d\u00e9tails de dentelle modernes. La jupe en satin extensible est subtilement fendue, offrant \u00e0 la fois \u00e9l\u00e9gance et libert\u00e9 de mouvement. De d\u00e9licates fleurs en 3D ornent le d\u00e9collet\u00e9 illusion et sont soigneusement plac\u00e9es sur le corsage et les manches capuchon. Le dos pr\u00e9sente une ouverture flatteuse, gracieusement d\u00e9cor\u00e9e d'un n\u0153ud en tulle.","robots":{"index":"index","follow":"follow","max-snippet":"max-snippet:-1","max-image-preview":"max-image-preview:large","max-video-preview":"max-video-preview:-1"},"canonical":"https:\/\/www.koonings.com\/fr\/product\/modeca-dory-2\/","og_locale":"fr_FR","og_type":"article","og_title":"Modeca Dory | Koonings","og_description":"D\u00e9marquez-vous dans cette robe de mari\u00e9e sophistiqu\u00e9e aux d\u00e9tails de dentelle modernes. La jupe en satin extensible est subtilement fendue, offrant \u00e0 la fois \u00e9l\u00e9gance et libert\u00e9 de mouvement. De d\u00e9licates fleurs en 3D ornent le d\u00e9collet\u00e9 illusion et sont soigneusement plac\u00e9es sur le corsage et les manches capuchon. Le dos pr\u00e9sente une ouverture flatteuse, gracieusement d\u00e9cor\u00e9e d'un n\u0153ud en tulle.","og_url":"https:\/\/www.koonings.com\/fr\/product\/modeca-dory-2\/","og_site_name":"Koonings","article_publisher":"https:\/\/www.facebook.com\/kooningstheweddingpalace","article_modified_time":"2026-02-03T18:00:59+00:00","og_image":[{"width":710,"height":1004,"url":"https:\/\/www.koonings.com\/wp-content\/uploads\/2024\/11\/48922_04c7a7fa97e4c3c67577339e74734280fdd2f9900d1270576a74a0a678519e71c43fbbd8.jpeg","type":"image\/jpeg"}],"twitter_card":"summary_large_image","schema":{"@context":"https:\/\/schema.org","@graph":[{"@type":"WebPage","@id":"https:\/\/www.koonings.com\/fr\/product\/modeca-dory-2\/","url":"https:\/\/www.koonings.com\/fr\/product\/modeca-dory-2\/","name":"Modeca Dory | Koonings","isPartOf":{"@id":"https:\/\/www.koonings.com\/fr\/#website"},"primaryImageOfPage":{"@id":"https:\/\/www.koonings.com\/fr\/product\/modeca-dory-2\/#primaryimage"},"image":{"@id":"https:\/\/www.koonings.com\/fr\/product\/modeca-dory-2\/#primaryimage"},"thumbnailUrl":"https:\/\/www.koonings.com\/wp-content\/uploads\/2024\/11\/48922_04c7a7fa97e4c3c67577339e74734280fdd2f9900d1270576a74a0a678519e71c43fbbd8.jpeg","datePublished":"2024-11-18T14:48:04+00:00","dateModified":"2026-02-03T18:00:59+00:00","description":"D\u00e9marquez-vous dans cette robe de mari\u00e9e sophistiqu\u00e9e aux d\u00e9tails de dentelle modernes. La jupe en satin extensible est subtilement fendue, offrant \u00e0 la fois \u00e9l\u00e9gance et libert\u00e9 de mouvement. De d\u00e9licates fleurs en 3D ornent le d\u00e9collet\u00e9 illusion et sont soigneusement plac\u00e9es sur le corsage et les manches capuchon. Le dos pr\u00e9sente une ouverture flatteuse, gracieusement d\u00e9cor\u00e9e d'un n\u0153ud en tulle.","breadcrumb":{"@id":"https:\/\/www.koonings.com\/fr\/product\/modeca-dory-2\/#breadcrumb"},"inLanguage":"fr-FR","potentialAction":[{"@type":"ReadAction","target":["https:\/\/www.koonings.com\/fr\/product\/modeca-dory-2\/"]}]},{"@type":"ImageObject","inLanguage":"fr-FR","@id":"https:\/\/www.koonings.com\/fr\/product\/modeca-dory-2\/#primaryimage","url":"https:\/\/www.koonings.com\/wp-content\/uploads\/2024\/11\/48922_04c7a7fa97e4c3c67577339e74734280fdd2f9900d1270576a74a0a678519e71c43fbbd8.jpeg","contentUrl":"https:\/\/www.koonings.com\/wp-content\/uploads\/2024\/11\/48922_04c7a7fa97e4c3c67577339e74734280fdd2f9900d1270576a74a0a678519e71c43fbbd8.jpeg","width":710,"height":1004},{"@type":"BreadcrumbList","@id":"https:\/\/www.koonings.com\/fr\/product\/modeca-dory-2\/#breadcrumb","itemListElement":[{"@type":"ListItem","position":1,"name":"Home","item":"https:\/\/www.koonings.com\/fr\/"},{"@type":"ListItem","position":2,"name":"Modeca Dory"}]},{"@type":"WebSite","@id":"https:\/\/www.koonings.com\/fr\/#website","url":"https:\/\/www.koonings.com\/fr\/","name":"Koonings","description":"De grootste bruidsmodewinkel ter wereld","publisher":{"@id":"https:\/\/www.koonings.com\/fr\/#organization"},"potentialAction":[{"@type":"SearchAction","target":{"@type":"EntryPoint","urlTemplate":"https:\/\/www.koonings.com\/fr\/?s={search_term_string}"},"query-input":{"@type":"PropertyValueSpecification","valueRequired":true,"valueName":"search_term_string"}}],"inLanguage":"fr-FR"},{"@type":"Organization","@id":"https:\/\/www.koonings.com\/fr\/#organization","name":"Koonings","url":"https:\/\/www.koonings.com\/fr\/","logo":{"@type":"ImageObject","inLanguage":"fr-FR","@id":"https:\/\/www.koonings.com\/fr\/#\/schema\/logo\/image\/","url":"https:\/\/www.koonings.com\/wp-content\/uploads\/2024\/07\/logo.png","contentUrl":"https:\/\/www.koonings.com\/wp-content\/uploads\/2024\/07\/logo.png","width":600,"height":428,"caption":"Koonings"},"image":{"@id":"https:\/\/www.koonings.com\/fr\/#\/schema\/logo\/image\/"},"sameAs":["https:\/\/www.facebook.com\/kooningstheweddingpalace","https:\/\/www.instagram.com\/kooningstheweddingpalace","https:\/\/www.pinterest.com\/koonings","https:\/\/www.youtube.com\/kooningstheweddingpalace"]}]}},"_links":{"self":[{"href":"https:\/\/www.koonings.com\/fr\/wp-json\/wp\/v2\/product\/59775","targetHints":{"allow":["GET"]}}],"collection":[{"href":"https:\/\/www.koonings.com\/fr\/wp-json\/wp\/v2\/product"}],"about":[{"href":"https:\/\/www.koonings.com\/fr\/wp-json\/wp\/v2\/types\/product"}],"wp:featuredmedia":[{"embeddable":true,"href":"https:\/\/www.koonings.com\/fr\/wp-json\/wp\/v2\/media\/53066"}],"wp:attachment":[{"href":"https:\/\/www.koonings.com\/fr\/wp-json\/wp\/v2\/media?parent=59775"}],"wp:term":[{"taxonomy":"productdetails","embeddable":true,"href":"https:\/\/www.koonings.com\/fr\/wp-json\/wp\/v2\/productdetails?post=59775"},{"taxonomy":"productneck","embeddable":true,"href":"https:\/\/www.koonings.com\/fr\/wp-json\/wp\/v2\/productneck?post=59775"},{"taxonomy":"productcolor","embeddable":true,"href":"https:\/\/www.koonings.com\/fr\/wp-json\/wp\/v2\/productcolor?post=59775"},{"taxonomy":"maat","embeddable":true,"href":"https:\/\/www.koonings.com\/fr\/wp-json\/wp\/v2\/maat?post=59775"},{"taxonomy":"productsupplier","embeddable":true,"href":"https:\/\/www.koonings.com\/fr\/wp-json\/wp\/v2\/productsupplier?post=59775"},{"taxonomy":"productsleeve","embeddable":true,"href":"https:\/\/www.koonings.com\/fr\/wp-json\/wp\/v2\/productsleeve?post=59775"},{"taxonomy":"productcategory","embeddable":true,"href":"https:\/\/www.koonings.com\/fr\/wp-json\/wp\/v2\/productcategory?post=59775"},{"taxonomy":"productsilhouette","embeddable":true,"href":"https:\/\/www.koonings.com\/fr\/wp-json\/wp\/v2\/productsilhouette?post=59775"},{"taxonomy":"productstyle","embeddable":true,"href":"https:\/\/www.koonings.com\/fr\/wp-json\/wp\/v2\/productstyle?post=59775"}],"curies":[{"name":"wp","href":"https:\/\/api.w.org\/{rel}","templated":true}]}}