{"id":59769,"date":"2024-11-18T15:48:07","date_gmt":"2024-11-18T14:48:07","guid":{"rendered":"https:\/\/www.koonings.com\/product\/ladybird-durin-lb125bp1-2\/"},"modified":"2026-02-03T19:01:12","modified_gmt":"2026-02-03T18:01:12","slug":"ladybird-durin-lb125bp1-2","status":"publish","type":"product","link":"https:\/\/www.koonings.com\/fr\/product\/ladybird-durin-lb125bp1-2\/","title":{"rendered":"Ladybird Durin LB125BP1"},"content":{"rendered":"<p>Cette robe d\u00e9gage une impression \u00e9th\u00e9r\u00e9e, gr\u00e2ce \u00e0 l&#8217;a\u00e9ration du corsage sans manches orn\u00e9 de dentelle et de perles ressemblant \u00e0 des feuilles, tandis que la spectaculaire jupe en tulle scintille d&#8217;appliques paillet\u00e9es. Elle pr\u00e9sente un d\u00e9collet\u00e9 en V flatteur dans le dos. <\/p>\n","protected":false},"featured_media":53137,"template":"","meta":{"_acf_changed":false,"ghostkit_customizer_options":"","ghostkit_custom_css":"","ghostkit_custom_js_head":"","ghostkit_custom_js_foot":"","ghostkit_typography":""},"productdetails":[377,376,381],"productneck":[356],"productcolor":[392],"maat":[],"productsupplier":[437],"productsleeve":[359],"productcategory":[18],"productsilhouette":[388],"productstyle":[372],"class_list":["post-59769","product","type-product","status-publish","has-post-thumbnail","hentry","productdetails-377","productdetails-376","productdetails-381","productneck-356","productcolor-392","productsupplier-ladybird","productsleeve-359","productcategory-trouwjurken","productsilhouette-388","productstyle-372"],"acf":[],"yoast_head":"<!-- This site is optimized with the Yoast SEO plugin v27.3 - https:\/\/yoast.com\/product\/yoast-seo-wordpress\/ -->\n<title>Ladybird Durin LB125BP1 | Koonings<\/title>\n<meta name=\"description\" content=\"Cette robe d\u00e9gage une impression \u00e9th\u00e9r\u00e9e, gr\u00e2ce \u00e0 l&#039;a\u00e9ration du corsage sans manches orn\u00e9 de dentelle et de perles ressemblant \u00e0 des feuilles, tandis que la spectaculaire jupe en tulle scintille d&#039;appliques paillet\u00e9es. Elle pr\u00e9sente un d\u00e9collet\u00e9 en V flatteur dans le dos.\" \/>\n<meta name=\"robots\" content=\"index, follow, max-snippet:-1, max-image-preview:large, max-video-preview:-1\" \/>\n<link rel=\"canonical\" href=\"https:\/\/www.koonings.com\/fr\/product\/ladybird-durin-lb125bp1-2\/\" \/>\n<meta property=\"og:locale\" content=\"fr_FR\" \/>\n<meta property=\"og:type\" content=\"article\" \/>\n<meta property=\"og:title\" content=\"Ladybird Durin LB125BP1 | Koonings\" \/>\n<meta property=\"og:description\" content=\"Cette robe d\u00e9gage une impression \u00e9th\u00e9r\u00e9e, gr\u00e2ce \u00e0 l&#039;a\u00e9ration du corsage sans manches orn\u00e9 de dentelle et de perles ressemblant \u00e0 des feuilles, tandis que la spectaculaire jupe en tulle scintille d&#039;appliques paillet\u00e9es. Elle pr\u00e9sente un d\u00e9collet\u00e9 en V flatteur dans le dos.\" \/>\n<meta property=\"og:url\" content=\"https:\/\/www.koonings.com\/fr\/product\/ladybird-durin-lb125bp1-2\/\" \/>\n<meta property=\"og:site_name\" content=\"Koonings\" \/>\n<meta property=\"article:publisher\" content=\"https:\/\/www.facebook.com\/kooningstheweddingpalace\" \/>\n<meta property=\"article:modified_time\" content=\"2026-02-03T18:01:12+00:00\" \/>\n<meta property=\"og:image\" content=\"https:\/\/www.koonings.com\/wp-content\/uploads\/2024\/11\/48927_44c3f6ed8a9a812cfbe8bcc649b0e5f503cd14f004e370bf3b292348b1667e967eaf5048-scaled.jpeg\" \/>\n\t<meta property=\"og:image:width\" content=\"1811\" \/>\n\t<meta property=\"og:image:height\" content=\"2560\" \/>\n\t<meta property=\"og:image:type\" content=\"image\/jpeg\" \/>\n<meta name=\"twitter:card\" content=\"summary_large_image\" \/>\n<script type=\"application\/ld+json\" class=\"yoast-schema-graph\">{\"@context\":\"https:\\\/\\\/schema.org\",\"@graph\":[{\"@type\":\"WebPage\",\"@id\":\"https:\\\/\\\/www.koonings.com\\\/fr\\\/product\\\/ladybird-durin-lb125bp1-2\\\/\",\"url\":\"https:\\\/\\\/www.koonings.com\\\/fr\\\/product\\\/ladybird-durin-lb125bp1-2\\\/\",\"name\":\"Ladybird Durin LB125BP1 | Koonings\",\"isPartOf\":{\"@id\":\"https:\\\/\\\/www.koonings.com\\\/fr\\\/#website\"},\"primaryImageOfPage\":{\"@id\":\"https:\\\/\\\/www.koonings.com\\\/fr\\\/product\\\/ladybird-durin-lb125bp1-2\\\/#primaryimage\"},\"image\":{\"@id\":\"https:\\\/\\\/www.koonings.com\\\/fr\\\/product\\\/ladybird-durin-lb125bp1-2\\\/#primaryimage\"},\"thumbnailUrl\":\"https:\\\/\\\/www.koonings.com\\\/wp-content\\\/uploads\\\/2024\\\/11\\\/48927_44c3f6ed8a9a812cfbe8bcc649b0e5f503cd14f004e370bf3b292348b1667e967eaf5048-scaled.jpeg\",\"datePublished\":\"2024-11-18T14:48:07+00:00\",\"dateModified\":\"2026-02-03T18:01:12+00:00\",\"description\":\"Cette robe d\u00e9gage une impression \u00e9th\u00e9r\u00e9e, gr\u00e2ce \u00e0 l'a\u00e9ration du corsage sans manches orn\u00e9 de dentelle et de perles ressemblant \u00e0 des feuilles, tandis que la spectaculaire jupe en tulle scintille d'appliques paillet\u00e9es. Elle pr\u00e9sente un d\u00e9collet\u00e9 en V flatteur dans le dos.\",\"breadcrumb\":{\"@id\":\"https:\\\/\\\/www.koonings.com\\\/fr\\\/product\\\/ladybird-durin-lb125bp1-2\\\/#breadcrumb\"},\"inLanguage\":\"fr-FR\",\"potentialAction\":[{\"@type\":\"ReadAction\",\"target\":[\"https:\\\/\\\/www.koonings.com\\\/fr\\\/product\\\/ladybird-durin-lb125bp1-2\\\/\"]}]},{\"@type\":\"ImageObject\",\"inLanguage\":\"fr-FR\",\"@id\":\"https:\\\/\\\/www.koonings.com\\\/fr\\\/product\\\/ladybird-durin-lb125bp1-2\\\/#primaryimage\",\"url\":\"https:\\\/\\\/www.koonings.com\\\/wp-content\\\/uploads\\\/2024\\\/11\\\/48927_44c3f6ed8a9a812cfbe8bcc649b0e5f503cd14f004e370bf3b292348b1667e967eaf5048-scaled.jpeg\",\"contentUrl\":\"https:\\\/\\\/www.koonings.com\\\/wp-content\\\/uploads\\\/2024\\\/11\\\/48927_44c3f6ed8a9a812cfbe8bcc649b0e5f503cd14f004e370bf3b292348b1667e967eaf5048-scaled.jpeg\",\"width\":1811,\"height\":2560},{\"@type\":\"BreadcrumbList\",\"@id\":\"https:\\\/\\\/www.koonings.com\\\/fr\\\/product\\\/ladybird-durin-lb125bp1-2\\\/#breadcrumb\",\"itemListElement\":[{\"@type\":\"ListItem\",\"position\":1,\"name\":\"Home\",\"item\":\"https:\\\/\\\/www.koonings.com\\\/fr\\\/\"},{\"@type\":\"ListItem\",\"position\":2,\"name\":\"Ladybird Durin LB125BP1\"}]},{\"@type\":\"WebSite\",\"@id\":\"https:\\\/\\\/www.koonings.com\\\/fr\\\/#website\",\"url\":\"https:\\\/\\\/www.koonings.com\\\/fr\\\/\",\"name\":\"Koonings\",\"description\":\"De grootste bruidsmodewinkel ter wereld\",\"publisher\":{\"@id\":\"https:\\\/\\\/www.koonings.com\\\/fr\\\/#organization\"},\"potentialAction\":[{\"@type\":\"SearchAction\",\"target\":{\"@type\":\"EntryPoint\",\"urlTemplate\":\"https:\\\/\\\/www.koonings.com\\\/fr\\\/?s={search_term_string}\"},\"query-input\":{\"@type\":\"PropertyValueSpecification\",\"valueRequired\":true,\"valueName\":\"search_term_string\"}}],\"inLanguage\":\"fr-FR\"},{\"@type\":\"Organization\",\"@id\":\"https:\\\/\\\/www.koonings.com\\\/fr\\\/#organization\",\"name\":\"Koonings\",\"url\":\"https:\\\/\\\/www.koonings.com\\\/fr\\\/\",\"logo\":{\"@type\":\"ImageObject\",\"inLanguage\":\"fr-FR\",\"@id\":\"https:\\\/\\\/www.koonings.com\\\/fr\\\/#\\\/schema\\\/logo\\\/image\\\/\",\"url\":\"https:\\\/\\\/www.koonings.com\\\/wp-content\\\/uploads\\\/2024\\\/07\\\/logo.png\",\"contentUrl\":\"https:\\\/\\\/www.koonings.com\\\/wp-content\\\/uploads\\\/2024\\\/07\\\/logo.png\",\"width\":600,\"height\":428,\"caption\":\"Koonings\"},\"image\":{\"@id\":\"https:\\\/\\\/www.koonings.com\\\/fr\\\/#\\\/schema\\\/logo\\\/image\\\/\"},\"sameAs\":[\"https:\\\/\\\/www.facebook.com\\\/kooningstheweddingpalace\",\"https:\\\/\\\/www.instagram.com\\\/kooningstheweddingpalace\",\"https:\\\/\\\/www.pinterest.com\\\/koonings\",\"https:\\\/\\\/www.youtube.com\\\/kooningstheweddingpalace\"]}]}<\/script>\n<!-- \/ Yoast SEO plugin. -->","yoast_head_json":{"title":"Ladybird Durin LB125BP1 | Koonings","description":"Cette robe d\u00e9gage une impression \u00e9th\u00e9r\u00e9e, gr\u00e2ce \u00e0 l'a\u00e9ration du corsage sans manches orn\u00e9 de dentelle et de perles ressemblant \u00e0 des feuilles, tandis que la spectaculaire jupe en tulle scintille d'appliques paillet\u00e9es. Elle pr\u00e9sente un d\u00e9collet\u00e9 en V flatteur dans le dos.","robots":{"index":"index","follow":"follow","max-snippet":"max-snippet:-1","max-image-preview":"max-image-preview:large","max-video-preview":"max-video-preview:-1"},"canonical":"https:\/\/www.koonings.com\/fr\/product\/ladybird-durin-lb125bp1-2\/","og_locale":"fr_FR","og_type":"article","og_title":"Ladybird Durin LB125BP1 | Koonings","og_description":"Cette robe d\u00e9gage une impression \u00e9th\u00e9r\u00e9e, gr\u00e2ce \u00e0 l'a\u00e9ration du corsage sans manches orn\u00e9 de dentelle et de perles ressemblant \u00e0 des feuilles, tandis que la spectaculaire jupe en tulle scintille d'appliques paillet\u00e9es. Elle pr\u00e9sente un d\u00e9collet\u00e9 en V flatteur dans le dos.","og_url":"https:\/\/www.koonings.com\/fr\/product\/ladybird-durin-lb125bp1-2\/","og_site_name":"Koonings","article_publisher":"https:\/\/www.facebook.com\/kooningstheweddingpalace","article_modified_time":"2026-02-03T18:01:12+00:00","og_image":[{"width":1811,"height":2560,"url":"https:\/\/www.koonings.com\/wp-content\/uploads\/2024\/11\/48927_44c3f6ed8a9a812cfbe8bcc649b0e5f503cd14f004e370bf3b292348b1667e967eaf5048-scaled.jpeg","type":"image\/jpeg"}],"twitter_card":"summary_large_image","schema":{"@context":"https:\/\/schema.org","@graph":[{"@type":"WebPage","@id":"https:\/\/www.koonings.com\/fr\/product\/ladybird-durin-lb125bp1-2\/","url":"https:\/\/www.koonings.com\/fr\/product\/ladybird-durin-lb125bp1-2\/","name":"Ladybird Durin LB125BP1 | Koonings","isPartOf":{"@id":"https:\/\/www.koonings.com\/fr\/#website"},"primaryImageOfPage":{"@id":"https:\/\/www.koonings.com\/fr\/product\/ladybird-durin-lb125bp1-2\/#primaryimage"},"image":{"@id":"https:\/\/www.koonings.com\/fr\/product\/ladybird-durin-lb125bp1-2\/#primaryimage"},"thumbnailUrl":"https:\/\/www.koonings.com\/wp-content\/uploads\/2024\/11\/48927_44c3f6ed8a9a812cfbe8bcc649b0e5f503cd14f004e370bf3b292348b1667e967eaf5048-scaled.jpeg","datePublished":"2024-11-18T14:48:07+00:00","dateModified":"2026-02-03T18:01:12+00:00","description":"Cette robe d\u00e9gage une impression \u00e9th\u00e9r\u00e9e, gr\u00e2ce \u00e0 l'a\u00e9ration du corsage sans manches orn\u00e9 de dentelle et de perles ressemblant \u00e0 des feuilles, tandis que la spectaculaire jupe en tulle scintille d'appliques paillet\u00e9es. Elle pr\u00e9sente un d\u00e9collet\u00e9 en V flatteur dans le dos.","breadcrumb":{"@id":"https:\/\/www.koonings.com\/fr\/product\/ladybird-durin-lb125bp1-2\/#breadcrumb"},"inLanguage":"fr-FR","potentialAction":[{"@type":"ReadAction","target":["https:\/\/www.koonings.com\/fr\/product\/ladybird-durin-lb125bp1-2\/"]}]},{"@type":"ImageObject","inLanguage":"fr-FR","@id":"https:\/\/www.koonings.com\/fr\/product\/ladybird-durin-lb125bp1-2\/#primaryimage","url":"https:\/\/www.koonings.com\/wp-content\/uploads\/2024\/11\/48927_44c3f6ed8a9a812cfbe8bcc649b0e5f503cd14f004e370bf3b292348b1667e967eaf5048-scaled.jpeg","contentUrl":"https:\/\/www.koonings.com\/wp-content\/uploads\/2024\/11\/48927_44c3f6ed8a9a812cfbe8bcc649b0e5f503cd14f004e370bf3b292348b1667e967eaf5048-scaled.jpeg","width":1811,"height":2560},{"@type":"BreadcrumbList","@id":"https:\/\/www.koonings.com\/fr\/product\/ladybird-durin-lb125bp1-2\/#breadcrumb","itemListElement":[{"@type":"ListItem","position":1,"name":"Home","item":"https:\/\/www.koonings.com\/fr\/"},{"@type":"ListItem","position":2,"name":"Ladybird Durin LB125BP1"}]},{"@type":"WebSite","@id":"https:\/\/www.koonings.com\/fr\/#website","url":"https:\/\/www.koonings.com\/fr\/","name":"Koonings","description":"De grootste bruidsmodewinkel ter wereld","publisher":{"@id":"https:\/\/www.koonings.com\/fr\/#organization"},"potentialAction":[{"@type":"SearchAction","target":{"@type":"EntryPoint","urlTemplate":"https:\/\/www.koonings.com\/fr\/?s={search_term_string}"},"query-input":{"@type":"PropertyValueSpecification","valueRequired":true,"valueName":"search_term_string"}}],"inLanguage":"fr-FR"},{"@type":"Organization","@id":"https:\/\/www.koonings.com\/fr\/#organization","name":"Koonings","url":"https:\/\/www.koonings.com\/fr\/","logo":{"@type":"ImageObject","inLanguage":"fr-FR","@id":"https:\/\/www.koonings.com\/fr\/#\/schema\/logo\/image\/","url":"https:\/\/www.koonings.com\/wp-content\/uploads\/2024\/07\/logo.png","contentUrl":"https:\/\/www.koonings.com\/wp-content\/uploads\/2024\/07\/logo.png","width":600,"height":428,"caption":"Koonings"},"image":{"@id":"https:\/\/www.koonings.com\/fr\/#\/schema\/logo\/image\/"},"sameAs":["https:\/\/www.facebook.com\/kooningstheweddingpalace","https:\/\/www.instagram.com\/kooningstheweddingpalace","https:\/\/www.pinterest.com\/koonings","https:\/\/www.youtube.com\/kooningstheweddingpalace"]}]}},"_links":{"self":[{"href":"https:\/\/www.koonings.com\/fr\/wp-json\/wp\/v2\/product\/59769","targetHints":{"allow":["GET"]}}],"collection":[{"href":"https:\/\/www.koonings.com\/fr\/wp-json\/wp\/v2\/product"}],"about":[{"href":"https:\/\/www.koonings.com\/fr\/wp-json\/wp\/v2\/types\/product"}],"wp:featuredmedia":[{"embeddable":true,"href":"https:\/\/www.koonings.com\/fr\/wp-json\/wp\/v2\/media\/53137"}],"wp:attachment":[{"href":"https:\/\/www.koonings.com\/fr\/wp-json\/wp\/v2\/media?parent=59769"}],"wp:term":[{"taxonomy":"productdetails","embeddable":true,"href":"https:\/\/www.koonings.com\/fr\/wp-json\/wp\/v2\/productdetails?post=59769"},{"taxonomy":"productneck","embeddable":true,"href":"https:\/\/www.koonings.com\/fr\/wp-json\/wp\/v2\/productneck?post=59769"},{"taxonomy":"productcolor","embeddable":true,"href":"https:\/\/www.koonings.com\/fr\/wp-json\/wp\/v2\/productcolor?post=59769"},{"taxonomy":"maat","embeddable":true,"href":"https:\/\/www.koonings.com\/fr\/wp-json\/wp\/v2\/maat?post=59769"},{"taxonomy":"productsupplier","embeddable":true,"href":"https:\/\/www.koonings.com\/fr\/wp-json\/wp\/v2\/productsupplier?post=59769"},{"taxonomy":"productsleeve","embeddable":true,"href":"https:\/\/www.koonings.com\/fr\/wp-json\/wp\/v2\/productsleeve?post=59769"},{"taxonomy":"productcategory","embeddable":true,"href":"https:\/\/www.koonings.com\/fr\/wp-json\/wp\/v2\/productcategory?post=59769"},{"taxonomy":"productsilhouette","embeddable":true,"href":"https:\/\/www.koonings.com\/fr\/wp-json\/wp\/v2\/productsilhouette?post=59769"},{"taxonomy":"productstyle","embeddable":true,"href":"https:\/\/www.koonings.com\/fr\/wp-json\/wp\/v2\/productstyle?post=59769"}],"curies":[{"name":"wp","href":"https:\/\/api.w.org\/{rel}","templated":true}]}}