{"id":59748,"date":"2026-04-28T18:28:07","date_gmt":"2026-04-28T16:28:07","guid":{"rendered":"https:\/\/www.koonings.com\/product\/elysee-lucida\/"},"modified":"2026-02-16T14:43:15","modified_gmt":"2026-02-16T13:43:15","slug":"elysee-lucida","status":"publish","type":"product","link":"https:\/\/www.koonings.com\/fr\/product\/elysee-lucida\/","title":{"rendered":"Elysee Lucida"},"content":{"rendered":"<p>Pour toutes les amoureuses de robes de mari\u00e9e en dentelle, le mod\u00e8le Lucida est fait pour vous ! Avec une \u00e9tincelante dentelle florale brod\u00e9e ornant la silhouette colonne classique, cette robe de mari\u00e9e sexy brille \u00e9galement avec de d\u00e9licates bretelles perl\u00e9es menant au dos profond et \u00e0 un profond d\u00e9collet\u00e9 illusion. Cette beaut\u00e9 pr\u00e9sente \u00e9galement une nouvelle version longue de la ligne d&#8217;ourlet \u00e0 double forme caract\u00e9ristique d&#8217;\u00c9LYS\u00c9E pour cr\u00e9er un look de mari\u00e9e tout \u00e0 fait captivant.  <\/p>\n","protected":false},"featured_media":53300,"template":"","meta":{"_acf_changed":false,"ghostkit_customizer_options":"","ghostkit_custom_css":"","ghostkit_custom_js_head":"","ghostkit_custom_js_foot":"","ghostkit_typography":""},"productdetails":[379,376,381],"productneck":[356],"productcolor":[393,392],"maat":[],"productsupplier":[427],"productsleeve":[359],"productcategory":[18],"productsilhouette":[387],"productstyle":[371,366],"class_list":["post-59748","product","type-product","status-publish","has-post-thumbnail","hentry","productdetails-379","productdetails-376","productdetails-381","productneck-356","productcolor-393","productcolor-392","productsupplier-elysee","productsleeve-359","productcategory-trouwjurken","productsilhouette-387","productstyle-371","productstyle-366"],"acf":[],"yoast_head":"<!-- This site is optimized with the Yoast SEO plugin v27.3 - https:\/\/yoast.com\/product\/yoast-seo-wordpress\/ -->\n<title>Elysee Lucida | Koonings<\/title>\n<meta name=\"description\" content=\"Pour toutes les amoureuses de robes de mari\u00e9e en dentelle, le mod\u00e8le Lucida est fait pour vous ! Avec une \u00e9tincelante dentelle florale brod\u00e9e ornant la silhouette colonne classique, cette robe de mari\u00e9e sexy brille \u00e9galement avec de d\u00e9licates bretelles perl\u00e9es menant au dos profond et \u00e0 un profond d\u00e9collet\u00e9 illusion. Cette beaut\u00e9 pr\u00e9sente \u00e9galement une nouvelle version longue de la ligne d&#039;ourlet \u00e0 double forme caract\u00e9ristique d&#039;\u00c9LYS\u00c9E pour cr\u00e9er un look de mari\u00e9e tout \u00e0 fait captivant.\" \/>\n<meta name=\"robots\" content=\"index, follow, max-snippet:-1, max-image-preview:large, max-video-preview:-1\" \/>\n<link rel=\"canonical\" href=\"https:\/\/www.koonings.com\/fr\/product\/elysee-lucida\/\" \/>\n<meta property=\"og:locale\" content=\"fr_FR\" \/>\n<meta property=\"og:type\" content=\"article\" \/>\n<meta property=\"og:title\" content=\"Elysee Lucida | Koonings\" \/>\n<meta property=\"og:description\" content=\"Pour toutes les amoureuses de robes de mari\u00e9e en dentelle, le mod\u00e8le Lucida est fait pour vous ! Avec une \u00e9tincelante dentelle florale brod\u00e9e ornant la silhouette colonne classique, cette robe de mari\u00e9e sexy brille \u00e9galement avec de d\u00e9licates bretelles perl\u00e9es menant au dos profond et \u00e0 un profond d\u00e9collet\u00e9 illusion. Cette beaut\u00e9 pr\u00e9sente \u00e9galement une nouvelle version longue de la ligne d&#039;ourlet \u00e0 double forme caract\u00e9ristique d&#039;\u00c9LYS\u00c9E pour cr\u00e9er un look de mari\u00e9e tout \u00e0 fait captivant.\" \/>\n<meta property=\"og:url\" content=\"https:\/\/www.koonings.com\/fr\/product\/elysee-lucida\/\" \/>\n<meta property=\"og:site_name\" content=\"Koonings\" \/>\n<meta property=\"article:publisher\" content=\"https:\/\/www.facebook.com\/kooningstheweddingpalace\" \/>\n<meta property=\"og:image\" content=\"https:\/\/www.koonings.com\/wp-content\/uploads\/2024\/11\/48941_dbcb4d9f329f2040d1859b8c489721ac30f9d5627a0aa41989296962d712139959155581.jpeg\" \/>\n\t<meta property=\"og:image:width\" content=\"1064\" \/>\n\t<meta property=\"og:image:height\" content=\"1418\" \/>\n\t<meta property=\"og:image:type\" content=\"image\/jpeg\" \/>\n<meta name=\"twitter:card\" content=\"summary_large_image\" \/>\n<script type=\"application\/ld+json\" class=\"yoast-schema-graph\">{\"@context\":\"https:\\\/\\\/schema.org\",\"@graph\":[{\"@type\":\"WebPage\",\"@id\":\"https:\\\/\\\/www.koonings.com\\\/fr\\\/product\\\/elysee-lucida\\\/\",\"url\":\"https:\\\/\\\/www.koonings.com\\\/fr\\\/product\\\/elysee-lucida\\\/\",\"name\":\"Elysee Lucida | Koonings\",\"isPartOf\":{\"@id\":\"https:\\\/\\\/www.koonings.com\\\/fr\\\/#website\"},\"primaryImageOfPage\":{\"@id\":\"https:\\\/\\\/www.koonings.com\\\/fr\\\/product\\\/elysee-lucida\\\/#primaryimage\"},\"image\":{\"@id\":\"https:\\\/\\\/www.koonings.com\\\/fr\\\/product\\\/elysee-lucida\\\/#primaryimage\"},\"thumbnailUrl\":\"https:\\\/\\\/www.koonings.com\\\/wp-content\\\/uploads\\\/2024\\\/11\\\/48941_dbcb4d9f329f2040d1859b8c489721ac30f9d5627a0aa41989296962d712139959155581.jpeg\",\"datePublished\":\"2026-04-28T16:28:07+00:00\",\"description\":\"Pour toutes les amoureuses de robes de mari\u00e9e en dentelle, le mod\u00e8le Lucida est fait pour vous ! Avec une \u00e9tincelante dentelle florale brod\u00e9e ornant la silhouette colonne classique, cette robe de mari\u00e9e sexy brille \u00e9galement avec de d\u00e9licates bretelles perl\u00e9es menant au dos profond et \u00e0 un profond d\u00e9collet\u00e9 illusion. Cette beaut\u00e9 pr\u00e9sente \u00e9galement une nouvelle version longue de la ligne d'ourlet \u00e0 double forme caract\u00e9ristique d'\u00c9LYS\u00c9E pour cr\u00e9er un look de mari\u00e9e tout \u00e0 fait captivant.\",\"breadcrumb\":{\"@id\":\"https:\\\/\\\/www.koonings.com\\\/fr\\\/product\\\/elysee-lucida\\\/#breadcrumb\"},\"inLanguage\":\"fr-FR\",\"potentialAction\":[{\"@type\":\"ReadAction\",\"target\":[\"https:\\\/\\\/www.koonings.com\\\/fr\\\/product\\\/elysee-lucida\\\/\"]}]},{\"@type\":\"ImageObject\",\"inLanguage\":\"fr-FR\",\"@id\":\"https:\\\/\\\/www.koonings.com\\\/fr\\\/product\\\/elysee-lucida\\\/#primaryimage\",\"url\":\"https:\\\/\\\/www.koonings.com\\\/wp-content\\\/uploads\\\/2024\\\/11\\\/48941_dbcb4d9f329f2040d1859b8c489721ac30f9d5627a0aa41989296962d712139959155581.jpeg\",\"contentUrl\":\"https:\\\/\\\/www.koonings.com\\\/wp-content\\\/uploads\\\/2024\\\/11\\\/48941_dbcb4d9f329f2040d1859b8c489721ac30f9d5627a0aa41989296962d712139959155581.jpeg\",\"width\":1064,\"height\":1418},{\"@type\":\"BreadcrumbList\",\"@id\":\"https:\\\/\\\/www.koonings.com\\\/fr\\\/product\\\/elysee-lucida\\\/#breadcrumb\",\"itemListElement\":[{\"@type\":\"ListItem\",\"position\":1,\"name\":\"Home\",\"item\":\"https:\\\/\\\/www.koonings.com\\\/fr\\\/\"},{\"@type\":\"ListItem\",\"position\":2,\"name\":\"Elysee Lucida\"}]},{\"@type\":\"WebSite\",\"@id\":\"https:\\\/\\\/www.koonings.com\\\/fr\\\/#website\",\"url\":\"https:\\\/\\\/www.koonings.com\\\/fr\\\/\",\"name\":\"Koonings\",\"description\":\"De grootste bruidsmodewinkel ter wereld\",\"publisher\":{\"@id\":\"https:\\\/\\\/www.koonings.com\\\/fr\\\/#organization\"},\"potentialAction\":[{\"@type\":\"SearchAction\",\"target\":{\"@type\":\"EntryPoint\",\"urlTemplate\":\"https:\\\/\\\/www.koonings.com\\\/fr\\\/?s={search_term_string}\"},\"query-input\":{\"@type\":\"PropertyValueSpecification\",\"valueRequired\":true,\"valueName\":\"search_term_string\"}}],\"inLanguage\":\"fr-FR\"},{\"@type\":\"Organization\",\"@id\":\"https:\\\/\\\/www.koonings.com\\\/fr\\\/#organization\",\"name\":\"Koonings\",\"url\":\"https:\\\/\\\/www.koonings.com\\\/fr\\\/\",\"logo\":{\"@type\":\"ImageObject\",\"inLanguage\":\"fr-FR\",\"@id\":\"https:\\\/\\\/www.koonings.com\\\/fr\\\/#\\\/schema\\\/logo\\\/image\\\/\",\"url\":\"https:\\\/\\\/www.koonings.com\\\/wp-content\\\/uploads\\\/2024\\\/07\\\/logo.png\",\"contentUrl\":\"https:\\\/\\\/www.koonings.com\\\/wp-content\\\/uploads\\\/2024\\\/07\\\/logo.png\",\"width\":600,\"height\":428,\"caption\":\"Koonings\"},\"image\":{\"@id\":\"https:\\\/\\\/www.koonings.com\\\/fr\\\/#\\\/schema\\\/logo\\\/image\\\/\"},\"sameAs\":[\"https:\\\/\\\/www.facebook.com\\\/kooningstheweddingpalace\",\"https:\\\/\\\/www.instagram.com\\\/kooningstheweddingpalace\",\"https:\\\/\\\/www.pinterest.com\\\/koonings\",\"https:\\\/\\\/www.youtube.com\\\/kooningstheweddingpalace\"]}]}<\/script>\n<!-- \/ Yoast SEO plugin. -->","yoast_head_json":{"title":"Elysee Lucida | Koonings","description":"Pour toutes les amoureuses de robes de mari\u00e9e en dentelle, le mod\u00e8le Lucida est fait pour vous ! Avec une \u00e9tincelante dentelle florale brod\u00e9e ornant la silhouette colonne classique, cette robe de mari\u00e9e sexy brille \u00e9galement avec de d\u00e9licates bretelles perl\u00e9es menant au dos profond et \u00e0 un profond d\u00e9collet\u00e9 illusion. Cette beaut\u00e9 pr\u00e9sente \u00e9galement une nouvelle version longue de la ligne d'ourlet \u00e0 double forme caract\u00e9ristique d'\u00c9LYS\u00c9E pour cr\u00e9er un look de mari\u00e9e tout \u00e0 fait captivant.","robots":{"index":"index","follow":"follow","max-snippet":"max-snippet:-1","max-image-preview":"max-image-preview:large","max-video-preview":"max-video-preview:-1"},"canonical":"https:\/\/www.koonings.com\/fr\/product\/elysee-lucida\/","og_locale":"fr_FR","og_type":"article","og_title":"Elysee Lucida | Koonings","og_description":"Pour toutes les amoureuses de robes de mari\u00e9e en dentelle, le mod\u00e8le Lucida est fait pour vous ! Avec une \u00e9tincelante dentelle florale brod\u00e9e ornant la silhouette colonne classique, cette robe de mari\u00e9e sexy brille \u00e9galement avec de d\u00e9licates bretelles perl\u00e9es menant au dos profond et \u00e0 un profond d\u00e9collet\u00e9 illusion. Cette beaut\u00e9 pr\u00e9sente \u00e9galement une nouvelle version longue de la ligne d'ourlet \u00e0 double forme caract\u00e9ristique d'\u00c9LYS\u00c9E pour cr\u00e9er un look de mari\u00e9e tout \u00e0 fait captivant.","og_url":"https:\/\/www.koonings.com\/fr\/product\/elysee-lucida\/","og_site_name":"Koonings","article_publisher":"https:\/\/www.facebook.com\/kooningstheweddingpalace","og_image":[{"width":1064,"height":1418,"url":"https:\/\/www.koonings.com\/wp-content\/uploads\/2024\/11\/48941_dbcb4d9f329f2040d1859b8c489721ac30f9d5627a0aa41989296962d712139959155581.jpeg","type":"image\/jpeg"}],"twitter_card":"summary_large_image","schema":{"@context":"https:\/\/schema.org","@graph":[{"@type":"WebPage","@id":"https:\/\/www.koonings.com\/fr\/product\/elysee-lucida\/","url":"https:\/\/www.koonings.com\/fr\/product\/elysee-lucida\/","name":"Elysee Lucida | Koonings","isPartOf":{"@id":"https:\/\/www.koonings.com\/fr\/#website"},"primaryImageOfPage":{"@id":"https:\/\/www.koonings.com\/fr\/product\/elysee-lucida\/#primaryimage"},"image":{"@id":"https:\/\/www.koonings.com\/fr\/product\/elysee-lucida\/#primaryimage"},"thumbnailUrl":"https:\/\/www.koonings.com\/wp-content\/uploads\/2024\/11\/48941_dbcb4d9f329f2040d1859b8c489721ac30f9d5627a0aa41989296962d712139959155581.jpeg","datePublished":"2026-04-28T16:28:07+00:00","description":"Pour toutes les amoureuses de robes de mari\u00e9e en dentelle, le mod\u00e8le Lucida est fait pour vous ! Avec une \u00e9tincelante dentelle florale brod\u00e9e ornant la silhouette colonne classique, cette robe de mari\u00e9e sexy brille \u00e9galement avec de d\u00e9licates bretelles perl\u00e9es menant au dos profond et \u00e0 un profond d\u00e9collet\u00e9 illusion. Cette beaut\u00e9 pr\u00e9sente \u00e9galement une nouvelle version longue de la ligne d'ourlet \u00e0 double forme caract\u00e9ristique d'\u00c9LYS\u00c9E pour cr\u00e9er un look de mari\u00e9e tout \u00e0 fait captivant.","breadcrumb":{"@id":"https:\/\/www.koonings.com\/fr\/product\/elysee-lucida\/#breadcrumb"},"inLanguage":"fr-FR","potentialAction":[{"@type":"ReadAction","target":["https:\/\/www.koonings.com\/fr\/product\/elysee-lucida\/"]}]},{"@type":"ImageObject","inLanguage":"fr-FR","@id":"https:\/\/www.koonings.com\/fr\/product\/elysee-lucida\/#primaryimage","url":"https:\/\/www.koonings.com\/wp-content\/uploads\/2024\/11\/48941_dbcb4d9f329f2040d1859b8c489721ac30f9d5627a0aa41989296962d712139959155581.jpeg","contentUrl":"https:\/\/www.koonings.com\/wp-content\/uploads\/2024\/11\/48941_dbcb4d9f329f2040d1859b8c489721ac30f9d5627a0aa41989296962d712139959155581.jpeg","width":1064,"height":1418},{"@type":"BreadcrumbList","@id":"https:\/\/www.koonings.com\/fr\/product\/elysee-lucida\/#breadcrumb","itemListElement":[{"@type":"ListItem","position":1,"name":"Home","item":"https:\/\/www.koonings.com\/fr\/"},{"@type":"ListItem","position":2,"name":"Elysee Lucida"}]},{"@type":"WebSite","@id":"https:\/\/www.koonings.com\/fr\/#website","url":"https:\/\/www.koonings.com\/fr\/","name":"Koonings","description":"De grootste bruidsmodewinkel ter wereld","publisher":{"@id":"https:\/\/www.koonings.com\/fr\/#organization"},"potentialAction":[{"@type":"SearchAction","target":{"@type":"EntryPoint","urlTemplate":"https:\/\/www.koonings.com\/fr\/?s={search_term_string}"},"query-input":{"@type":"PropertyValueSpecification","valueRequired":true,"valueName":"search_term_string"}}],"inLanguage":"fr-FR"},{"@type":"Organization","@id":"https:\/\/www.koonings.com\/fr\/#organization","name":"Koonings","url":"https:\/\/www.koonings.com\/fr\/","logo":{"@type":"ImageObject","inLanguage":"fr-FR","@id":"https:\/\/www.koonings.com\/fr\/#\/schema\/logo\/image\/","url":"https:\/\/www.koonings.com\/wp-content\/uploads\/2024\/07\/logo.png","contentUrl":"https:\/\/www.koonings.com\/wp-content\/uploads\/2024\/07\/logo.png","width":600,"height":428,"caption":"Koonings"},"image":{"@id":"https:\/\/www.koonings.com\/fr\/#\/schema\/logo\/image\/"},"sameAs":["https:\/\/www.facebook.com\/kooningstheweddingpalace","https:\/\/www.instagram.com\/kooningstheweddingpalace","https:\/\/www.pinterest.com\/koonings","https:\/\/www.youtube.com\/kooningstheweddingpalace"]}]}},"_links":{"self":[{"href":"https:\/\/www.koonings.com\/fr\/wp-json\/wp\/v2\/product\/59748","targetHints":{"allow":["GET"]}}],"collection":[{"href":"https:\/\/www.koonings.com\/fr\/wp-json\/wp\/v2\/product"}],"about":[{"href":"https:\/\/www.koonings.com\/fr\/wp-json\/wp\/v2\/types\/product"}],"wp:featuredmedia":[{"embeddable":true,"href":"https:\/\/www.koonings.com\/fr\/wp-json\/wp\/v2\/media\/53300"}],"wp:attachment":[{"href":"https:\/\/www.koonings.com\/fr\/wp-json\/wp\/v2\/media?parent=59748"}],"wp:term":[{"taxonomy":"productdetails","embeddable":true,"href":"https:\/\/www.koonings.com\/fr\/wp-json\/wp\/v2\/productdetails?post=59748"},{"taxonomy":"productneck","embeddable":true,"href":"https:\/\/www.koonings.com\/fr\/wp-json\/wp\/v2\/productneck?post=59748"},{"taxonomy":"productcolor","embeddable":true,"href":"https:\/\/www.koonings.com\/fr\/wp-json\/wp\/v2\/productcolor?post=59748"},{"taxonomy":"maat","embeddable":true,"href":"https:\/\/www.koonings.com\/fr\/wp-json\/wp\/v2\/maat?post=59748"},{"taxonomy":"productsupplier","embeddable":true,"href":"https:\/\/www.koonings.com\/fr\/wp-json\/wp\/v2\/productsupplier?post=59748"},{"taxonomy":"productsleeve","embeddable":true,"href":"https:\/\/www.koonings.com\/fr\/wp-json\/wp\/v2\/productsleeve?post=59748"},{"taxonomy":"productcategory","embeddable":true,"href":"https:\/\/www.koonings.com\/fr\/wp-json\/wp\/v2\/productcategory?post=59748"},{"taxonomy":"productsilhouette","embeddable":true,"href":"https:\/\/www.koonings.com\/fr\/wp-json\/wp\/v2\/productsilhouette?post=59748"},{"taxonomy":"productstyle","embeddable":true,"href":"https:\/\/www.koonings.com\/fr\/wp-json\/wp\/v2\/productstyle?post=59748"}],"curies":[{"name":"wp","href":"https:\/\/api.w.org\/{rel}","templated":true}]}}