{"id":59743,"date":"2024-11-18T15:48:14","date_gmt":"2024-11-18T14:48:14","guid":{"rendered":"https:\/\/www.koonings.com\/product\/ladybird-nayu-lb125cb1-2\/"},"modified":"2026-02-03T19:02:20","modified_gmt":"2026-02-03T18:02:20","slug":"ladybird-nayu-lb125cb1-2","status":"publish","type":"product","link":"https:\/\/www.koonings.com\/fr\/product\/ladybird-nayu-lb125cb1-2\/","title":{"rendered":"Ladybird Nayu LB125CB1"},"content":{"rendered":"<p>Le romantisme \u00e0 l&#8217;\u00e9tat pur : ce mod\u00e8le princesse en tulle et dentelle. Le corsage pr\u00e9sente un magnifique col \u00e0 chevauchement avec des broderies de dentelle et des ornements en perles. La jupe, quant \u00e0 elle, s&#8217;\u00e9coule en un jeu de volants ondul\u00e9s \u00e0 partir des hanches.  <\/p>\n","protected":false},"featured_media":53309,"template":"","meta":{"_acf_changed":false,"ghostkit_customizer_options":"","ghostkit_custom_css":"","ghostkit_custom_js_head":"","ghostkit_custom_js_foot":"","ghostkit_typography":""},"productdetails":[376],"productneck":[356],"productcolor":[392],"maat":[],"productsupplier":[437],"productsleeve":[359],"productcategory":[18],"productsilhouette":[388],"productstyle":[366],"class_list":["post-59743","product","type-product","status-publish","has-post-thumbnail","hentry","productdetails-376","productneck-356","productcolor-392","productsupplier-ladybird","productsleeve-359","productcategory-trouwjurken","productsilhouette-388","productstyle-366"],"acf":[],"yoast_head":"<!-- This site is optimized with the Yoast SEO plugin v27.3 - https:\/\/yoast.com\/product\/yoast-seo-wordpress\/ -->\n<title>Ladybird Nayu LB125CB1 | Koonings<\/title>\n<meta name=\"description\" content=\"Le romantisme \u00e0 l&#039;\u00e9tat pur : ce mod\u00e8le princesse en tulle et dentelle. Le corsage pr\u00e9sente un magnifique col \u00e0 chevauchement avec des broderies de dentelle et des ornements en perles. La jupe, quant \u00e0 elle, s&#039;\u00e9coule en un jeu de volants ondul\u00e9s \u00e0 partir des hanches.\" \/>\n<meta name=\"robots\" content=\"index, follow, max-snippet:-1, max-image-preview:large, max-video-preview:-1\" \/>\n<link rel=\"canonical\" href=\"https:\/\/www.koonings.com\/fr\/product\/ladybird-nayu-lb125cb1-2\/\" \/>\n<meta property=\"og:locale\" content=\"fr_FR\" \/>\n<meta property=\"og:type\" content=\"article\" \/>\n<meta property=\"og:title\" content=\"Ladybird Nayu LB125CB1 | Koonings\" \/>\n<meta property=\"og:description\" content=\"Le romantisme \u00e0 l&#039;\u00e9tat pur : ce mod\u00e8le princesse en tulle et dentelle. Le corsage pr\u00e9sente un magnifique col \u00e0 chevauchement avec des broderies de dentelle et des ornements en perles. La jupe, quant \u00e0 elle, s&#039;\u00e9coule en un jeu de volants ondul\u00e9s \u00e0 partir des hanches.\" \/>\n<meta property=\"og:url\" content=\"https:\/\/www.koonings.com\/fr\/product\/ladybird-nayu-lb125cb1-2\/\" \/>\n<meta property=\"og:site_name\" content=\"Koonings\" \/>\n<meta property=\"article:publisher\" content=\"https:\/\/www.facebook.com\/kooningstheweddingpalace\" \/>\n<meta property=\"article:modified_time\" content=\"2026-02-03T18:02:20+00:00\" \/>\n<meta property=\"og:image\" content=\"https:\/\/www.koonings.com\/wp-content\/uploads\/2024\/11\/48943_ec6f6bd1b3f27ada4f2541b7e10150db78afeb94047b83fcdf0b43998d8b632e76cccdca-scaled.jpeg\" \/>\n\t<meta property=\"og:image:width\" content=\"1812\" \/>\n\t<meta property=\"og:image:height\" content=\"2560\" \/>\n\t<meta property=\"og:image:type\" content=\"image\/jpeg\" \/>\n<meta name=\"twitter:card\" content=\"summary_large_image\" \/>\n<script type=\"application\/ld+json\" class=\"yoast-schema-graph\">{\"@context\":\"https:\\\/\\\/schema.org\",\"@graph\":[{\"@type\":\"WebPage\",\"@id\":\"https:\\\/\\\/www.koonings.com\\\/fr\\\/product\\\/ladybird-nayu-lb125cb1-2\\\/\",\"url\":\"https:\\\/\\\/www.koonings.com\\\/fr\\\/product\\\/ladybird-nayu-lb125cb1-2\\\/\",\"name\":\"Ladybird Nayu LB125CB1 | Koonings\",\"isPartOf\":{\"@id\":\"https:\\\/\\\/www.koonings.com\\\/fr\\\/#website\"},\"primaryImageOfPage\":{\"@id\":\"https:\\\/\\\/www.koonings.com\\\/fr\\\/product\\\/ladybird-nayu-lb125cb1-2\\\/#primaryimage\"},\"image\":{\"@id\":\"https:\\\/\\\/www.koonings.com\\\/fr\\\/product\\\/ladybird-nayu-lb125cb1-2\\\/#primaryimage\"},\"thumbnailUrl\":\"https:\\\/\\\/www.koonings.com\\\/wp-content\\\/uploads\\\/2024\\\/11\\\/48943_ec6f6bd1b3f27ada4f2541b7e10150db78afeb94047b83fcdf0b43998d8b632e76cccdca-scaled.jpeg\",\"datePublished\":\"2024-11-18T14:48:14+00:00\",\"dateModified\":\"2026-02-03T18:02:20+00:00\",\"description\":\"Le romantisme \u00e0 l'\u00e9tat pur : ce mod\u00e8le princesse en tulle et dentelle. Le corsage pr\u00e9sente un magnifique col \u00e0 chevauchement avec des broderies de dentelle et des ornements en perles. La jupe, quant \u00e0 elle, s'\u00e9coule en un jeu de volants ondul\u00e9s \u00e0 partir des hanches.\",\"breadcrumb\":{\"@id\":\"https:\\\/\\\/www.koonings.com\\\/fr\\\/product\\\/ladybird-nayu-lb125cb1-2\\\/#breadcrumb\"},\"inLanguage\":\"fr-FR\",\"potentialAction\":[{\"@type\":\"ReadAction\",\"target\":[\"https:\\\/\\\/www.koonings.com\\\/fr\\\/product\\\/ladybird-nayu-lb125cb1-2\\\/\"]}]},{\"@type\":\"ImageObject\",\"inLanguage\":\"fr-FR\",\"@id\":\"https:\\\/\\\/www.koonings.com\\\/fr\\\/product\\\/ladybird-nayu-lb125cb1-2\\\/#primaryimage\",\"url\":\"https:\\\/\\\/www.koonings.com\\\/wp-content\\\/uploads\\\/2024\\\/11\\\/48943_ec6f6bd1b3f27ada4f2541b7e10150db78afeb94047b83fcdf0b43998d8b632e76cccdca-scaled.jpeg\",\"contentUrl\":\"https:\\\/\\\/www.koonings.com\\\/wp-content\\\/uploads\\\/2024\\\/11\\\/48943_ec6f6bd1b3f27ada4f2541b7e10150db78afeb94047b83fcdf0b43998d8b632e76cccdca-scaled.jpeg\",\"width\":1812,\"height\":2560},{\"@type\":\"BreadcrumbList\",\"@id\":\"https:\\\/\\\/www.koonings.com\\\/fr\\\/product\\\/ladybird-nayu-lb125cb1-2\\\/#breadcrumb\",\"itemListElement\":[{\"@type\":\"ListItem\",\"position\":1,\"name\":\"Home\",\"item\":\"https:\\\/\\\/www.koonings.com\\\/fr\\\/\"},{\"@type\":\"ListItem\",\"position\":2,\"name\":\"Ladybird Nayu LB125CB1\"}]},{\"@type\":\"WebSite\",\"@id\":\"https:\\\/\\\/www.koonings.com\\\/fr\\\/#website\",\"url\":\"https:\\\/\\\/www.koonings.com\\\/fr\\\/\",\"name\":\"Koonings\",\"description\":\"De grootste bruidsmodewinkel ter wereld\",\"publisher\":{\"@id\":\"https:\\\/\\\/www.koonings.com\\\/fr\\\/#organization\"},\"potentialAction\":[{\"@type\":\"SearchAction\",\"target\":{\"@type\":\"EntryPoint\",\"urlTemplate\":\"https:\\\/\\\/www.koonings.com\\\/fr\\\/?s={search_term_string}\"},\"query-input\":{\"@type\":\"PropertyValueSpecification\",\"valueRequired\":true,\"valueName\":\"search_term_string\"}}],\"inLanguage\":\"fr-FR\"},{\"@type\":\"Organization\",\"@id\":\"https:\\\/\\\/www.koonings.com\\\/fr\\\/#organization\",\"name\":\"Koonings\",\"url\":\"https:\\\/\\\/www.koonings.com\\\/fr\\\/\",\"logo\":{\"@type\":\"ImageObject\",\"inLanguage\":\"fr-FR\",\"@id\":\"https:\\\/\\\/www.koonings.com\\\/fr\\\/#\\\/schema\\\/logo\\\/image\\\/\",\"url\":\"https:\\\/\\\/www.koonings.com\\\/wp-content\\\/uploads\\\/2024\\\/07\\\/logo.png\",\"contentUrl\":\"https:\\\/\\\/www.koonings.com\\\/wp-content\\\/uploads\\\/2024\\\/07\\\/logo.png\",\"width\":600,\"height\":428,\"caption\":\"Koonings\"},\"image\":{\"@id\":\"https:\\\/\\\/www.koonings.com\\\/fr\\\/#\\\/schema\\\/logo\\\/image\\\/\"},\"sameAs\":[\"https:\\\/\\\/www.facebook.com\\\/kooningstheweddingpalace\",\"https:\\\/\\\/www.instagram.com\\\/kooningstheweddingpalace\",\"https:\\\/\\\/www.pinterest.com\\\/koonings\",\"https:\\\/\\\/www.youtube.com\\\/kooningstheweddingpalace\"]}]}<\/script>\n<!-- \/ Yoast SEO plugin. -->","yoast_head_json":{"title":"Ladybird Nayu LB125CB1 | Koonings","description":"Le romantisme \u00e0 l'\u00e9tat pur : ce mod\u00e8le princesse en tulle et dentelle. Le corsage pr\u00e9sente un magnifique col \u00e0 chevauchement avec des broderies de dentelle et des ornements en perles. La jupe, quant \u00e0 elle, s'\u00e9coule en un jeu de volants ondul\u00e9s \u00e0 partir des hanches.","robots":{"index":"index","follow":"follow","max-snippet":"max-snippet:-1","max-image-preview":"max-image-preview:large","max-video-preview":"max-video-preview:-1"},"canonical":"https:\/\/www.koonings.com\/fr\/product\/ladybird-nayu-lb125cb1-2\/","og_locale":"fr_FR","og_type":"article","og_title":"Ladybird Nayu LB125CB1 | Koonings","og_description":"Le romantisme \u00e0 l'\u00e9tat pur : ce mod\u00e8le princesse en tulle et dentelle. Le corsage pr\u00e9sente un magnifique col \u00e0 chevauchement avec des broderies de dentelle et des ornements en perles. La jupe, quant \u00e0 elle, s'\u00e9coule en un jeu de volants ondul\u00e9s \u00e0 partir des hanches.","og_url":"https:\/\/www.koonings.com\/fr\/product\/ladybird-nayu-lb125cb1-2\/","og_site_name":"Koonings","article_publisher":"https:\/\/www.facebook.com\/kooningstheweddingpalace","article_modified_time":"2026-02-03T18:02:20+00:00","og_image":[{"width":1812,"height":2560,"url":"https:\/\/www.koonings.com\/wp-content\/uploads\/2024\/11\/48943_ec6f6bd1b3f27ada4f2541b7e10150db78afeb94047b83fcdf0b43998d8b632e76cccdca-scaled.jpeg","type":"image\/jpeg"}],"twitter_card":"summary_large_image","schema":{"@context":"https:\/\/schema.org","@graph":[{"@type":"WebPage","@id":"https:\/\/www.koonings.com\/fr\/product\/ladybird-nayu-lb125cb1-2\/","url":"https:\/\/www.koonings.com\/fr\/product\/ladybird-nayu-lb125cb1-2\/","name":"Ladybird Nayu LB125CB1 | Koonings","isPartOf":{"@id":"https:\/\/www.koonings.com\/fr\/#website"},"primaryImageOfPage":{"@id":"https:\/\/www.koonings.com\/fr\/product\/ladybird-nayu-lb125cb1-2\/#primaryimage"},"image":{"@id":"https:\/\/www.koonings.com\/fr\/product\/ladybird-nayu-lb125cb1-2\/#primaryimage"},"thumbnailUrl":"https:\/\/www.koonings.com\/wp-content\/uploads\/2024\/11\/48943_ec6f6bd1b3f27ada4f2541b7e10150db78afeb94047b83fcdf0b43998d8b632e76cccdca-scaled.jpeg","datePublished":"2024-11-18T14:48:14+00:00","dateModified":"2026-02-03T18:02:20+00:00","description":"Le romantisme \u00e0 l'\u00e9tat pur : ce mod\u00e8le princesse en tulle et dentelle. Le corsage pr\u00e9sente un magnifique col \u00e0 chevauchement avec des broderies de dentelle et des ornements en perles. La jupe, quant \u00e0 elle, s'\u00e9coule en un jeu de volants ondul\u00e9s \u00e0 partir des hanches.","breadcrumb":{"@id":"https:\/\/www.koonings.com\/fr\/product\/ladybird-nayu-lb125cb1-2\/#breadcrumb"},"inLanguage":"fr-FR","potentialAction":[{"@type":"ReadAction","target":["https:\/\/www.koonings.com\/fr\/product\/ladybird-nayu-lb125cb1-2\/"]}]},{"@type":"ImageObject","inLanguage":"fr-FR","@id":"https:\/\/www.koonings.com\/fr\/product\/ladybird-nayu-lb125cb1-2\/#primaryimage","url":"https:\/\/www.koonings.com\/wp-content\/uploads\/2024\/11\/48943_ec6f6bd1b3f27ada4f2541b7e10150db78afeb94047b83fcdf0b43998d8b632e76cccdca-scaled.jpeg","contentUrl":"https:\/\/www.koonings.com\/wp-content\/uploads\/2024\/11\/48943_ec6f6bd1b3f27ada4f2541b7e10150db78afeb94047b83fcdf0b43998d8b632e76cccdca-scaled.jpeg","width":1812,"height":2560},{"@type":"BreadcrumbList","@id":"https:\/\/www.koonings.com\/fr\/product\/ladybird-nayu-lb125cb1-2\/#breadcrumb","itemListElement":[{"@type":"ListItem","position":1,"name":"Home","item":"https:\/\/www.koonings.com\/fr\/"},{"@type":"ListItem","position":2,"name":"Ladybird Nayu LB125CB1"}]},{"@type":"WebSite","@id":"https:\/\/www.koonings.com\/fr\/#website","url":"https:\/\/www.koonings.com\/fr\/","name":"Koonings","description":"De grootste bruidsmodewinkel ter wereld","publisher":{"@id":"https:\/\/www.koonings.com\/fr\/#organization"},"potentialAction":[{"@type":"SearchAction","target":{"@type":"EntryPoint","urlTemplate":"https:\/\/www.koonings.com\/fr\/?s={search_term_string}"},"query-input":{"@type":"PropertyValueSpecification","valueRequired":true,"valueName":"search_term_string"}}],"inLanguage":"fr-FR"},{"@type":"Organization","@id":"https:\/\/www.koonings.com\/fr\/#organization","name":"Koonings","url":"https:\/\/www.koonings.com\/fr\/","logo":{"@type":"ImageObject","inLanguage":"fr-FR","@id":"https:\/\/www.koonings.com\/fr\/#\/schema\/logo\/image\/","url":"https:\/\/www.koonings.com\/wp-content\/uploads\/2024\/07\/logo.png","contentUrl":"https:\/\/www.koonings.com\/wp-content\/uploads\/2024\/07\/logo.png","width":600,"height":428,"caption":"Koonings"},"image":{"@id":"https:\/\/www.koonings.com\/fr\/#\/schema\/logo\/image\/"},"sameAs":["https:\/\/www.facebook.com\/kooningstheweddingpalace","https:\/\/www.instagram.com\/kooningstheweddingpalace","https:\/\/www.pinterest.com\/koonings","https:\/\/www.youtube.com\/kooningstheweddingpalace"]}]}},"_links":{"self":[{"href":"https:\/\/www.koonings.com\/fr\/wp-json\/wp\/v2\/product\/59743","targetHints":{"allow":["GET"]}}],"collection":[{"href":"https:\/\/www.koonings.com\/fr\/wp-json\/wp\/v2\/product"}],"about":[{"href":"https:\/\/www.koonings.com\/fr\/wp-json\/wp\/v2\/types\/product"}],"wp:featuredmedia":[{"embeddable":true,"href":"https:\/\/www.koonings.com\/fr\/wp-json\/wp\/v2\/media\/53309"}],"wp:attachment":[{"href":"https:\/\/www.koonings.com\/fr\/wp-json\/wp\/v2\/media?parent=59743"}],"wp:term":[{"taxonomy":"productdetails","embeddable":true,"href":"https:\/\/www.koonings.com\/fr\/wp-json\/wp\/v2\/productdetails?post=59743"},{"taxonomy":"productneck","embeddable":true,"href":"https:\/\/www.koonings.com\/fr\/wp-json\/wp\/v2\/productneck?post=59743"},{"taxonomy":"productcolor","embeddable":true,"href":"https:\/\/www.koonings.com\/fr\/wp-json\/wp\/v2\/productcolor?post=59743"},{"taxonomy":"maat","embeddable":true,"href":"https:\/\/www.koonings.com\/fr\/wp-json\/wp\/v2\/maat?post=59743"},{"taxonomy":"productsupplier","embeddable":true,"href":"https:\/\/www.koonings.com\/fr\/wp-json\/wp\/v2\/productsupplier?post=59743"},{"taxonomy":"productsleeve","embeddable":true,"href":"https:\/\/www.koonings.com\/fr\/wp-json\/wp\/v2\/productsleeve?post=59743"},{"taxonomy":"productcategory","embeddable":true,"href":"https:\/\/www.koonings.com\/fr\/wp-json\/wp\/v2\/productcategory?post=59743"},{"taxonomy":"productsilhouette","embeddable":true,"href":"https:\/\/www.koonings.com\/fr\/wp-json\/wp\/v2\/productsilhouette?post=59743"},{"taxonomy":"productstyle","embeddable":true,"href":"https:\/\/www.koonings.com\/fr\/wp-json\/wp\/v2\/productstyle?post=59743"}],"curies":[{"name":"wp","href":"https:\/\/api.w.org\/{rel}","templated":true}]}}