{"id":59734,"date":"2024-11-18T15:48:19","date_gmt":"2024-11-18T14:48:19","guid":{"rendered":"https:\/\/www.koonings.com\/product\/elysee-faith-2\/"},"modified":"2026-02-03T19:02:59","modified_gmt":"2026-02-03T18:02:59","slug":"elysee-faith-2","status":"publish","type":"product","link":"https:\/\/www.koonings.com\/fr\/product\/elysee-faith-2\/","title":{"rendered":"Elysee Faith"},"content":{"rendered":"<p>Appel \u00e0 toutes nos reines des paillettes ! Model Faith est l\u00e0 pour faire briller votre journ\u00e9e sp\u00e9ciale. Cette robe de mari\u00e9e chatoyante de ligne A pr\u00e9sente un corsage enchanteur avec une dentelle g\u00e9om\u00e9trique frappante, une dentelle brod\u00e9e avec des fleurs en organza et des appliques florales perl\u00e9es, ainsi que d&#8217;\u00e9l\u00e9gantes manches longues d\u00e9tachables assorties. Le dos de r\u00eave du corset de tulle ajoute un \u00e9l\u00e9ment doux et \u00e9th\u00e9r\u00e9 \u00e0 la brillance glamour. La jupe en tulle souple et tulle paillet\u00e9 est \u00e9galement tr\u00e8s fendue pour un look ultra-romantique et sexy.<\/p>\n","protected":false},"featured_media":53422,"template":"","meta":{"_acf_changed":false,"ghostkit_customizer_options":"","ghostkit_custom_css":"","ghostkit_custom_js_head":"","ghostkit_custom_js_foot":"","ghostkit_typography":""},"productdetails":[379,377,376,378,381],"productneck":[354,356],"productcolor":[393,392],"maat":[],"productsupplier":[427],"productsleeve":[],"productcategory":[18],"productsilhouette":[384,389],"productstyle":[366,370],"class_list":["post-59734","product","type-product","status-publish","has-post-thumbnail","hentry","productdetails-379","productdetails-377","productdetails-376","productdetails-378","productdetails-381","productneck-354","productneck-356","productcolor-393","productcolor-392","productsupplier-elysee","productcategory-trouwjurken","productsilhouette-384","productsilhouette-389","productstyle-366","productstyle-370"],"acf":[],"yoast_head":"<!-- This site is optimized with the Yoast SEO plugin v27.3 - https:\/\/yoast.com\/product\/yoast-seo-wordpress\/ -->\n<title>Elysee Faith | Koonings<\/title>\n<meta name=\"description\" content=\"Appel \u00e0 toutes nos reines des paillettes ! Model Faith est l\u00e0 pour faire briller votre journ\u00e9e sp\u00e9ciale. Cette robe de mari\u00e9e chatoyante de ligne A pr\u00e9sente un corsage enchanteur avec une dentelle g\u00e9om\u00e9trique frappante, une dentelle brod\u00e9e avec des fleurs en organza et des appliques florales perl\u00e9es, ainsi que d&#039;\u00e9l\u00e9gantes manches longues d\u00e9tachables assorties. Le dos de r\u00eave du corset de tulle ajoute un \u00e9l\u00e9ment doux et \u00e9th\u00e9r\u00e9 \u00e0 la brillance glamour. La jupe en tulle souple et tulle paillet\u00e9 est \u00e9galement tr\u00e8s fendue pour un look ultra-romantique et sexy.\" \/>\n<meta name=\"robots\" content=\"index, follow, max-snippet:-1, max-image-preview:large, max-video-preview:-1\" \/>\n<link rel=\"canonical\" href=\"https:\/\/www.koonings.com\/fr\/product\/elysee-faith-2\/\" \/>\n<meta property=\"og:locale\" content=\"fr_FR\" \/>\n<meta property=\"og:type\" content=\"article\" \/>\n<meta property=\"og:title\" content=\"Elysee Faith | Koonings\" \/>\n<meta property=\"og:description\" content=\"Appel \u00e0 toutes nos reines des paillettes ! Model Faith est l\u00e0 pour faire briller votre journ\u00e9e sp\u00e9ciale. Cette robe de mari\u00e9e chatoyante de ligne A pr\u00e9sente un corsage enchanteur avec une dentelle g\u00e9om\u00e9trique frappante, une dentelle brod\u00e9e avec des fleurs en organza et des appliques florales perl\u00e9es, ainsi que d&#039;\u00e9l\u00e9gantes manches longues d\u00e9tachables assorties. Le dos de r\u00eave du corset de tulle ajoute un \u00e9l\u00e9ment doux et \u00e9th\u00e9r\u00e9 \u00e0 la brillance glamour. La jupe en tulle souple et tulle paillet\u00e9 est \u00e9galement tr\u00e8s fendue pour un look ultra-romantique et sexy.\" \/>\n<meta property=\"og:url\" content=\"https:\/\/www.koonings.com\/fr\/product\/elysee-faith-2\/\" \/>\n<meta property=\"og:site_name\" content=\"Koonings\" \/>\n<meta property=\"article:publisher\" content=\"https:\/\/www.facebook.com\/kooningstheweddingpalace\" \/>\n<meta property=\"article:modified_time\" content=\"2026-02-03T18:02:59+00:00\" \/>\n<meta property=\"og:image\" content=\"https:\/\/www.koonings.com\/wp-content\/uploads\/2024\/11\/48951_60bc5646aeeede7dd4b062a374fd36f3efc4705169a2011a23097174c3b008eb4092454a.jpeg\" \/>\n\t<meta property=\"og:image:width\" content=\"1035\" \/>\n\t<meta property=\"og:image:height\" content=\"1380\" \/>\n\t<meta property=\"og:image:type\" content=\"image\/jpeg\" \/>\n<meta name=\"twitter:card\" content=\"summary_large_image\" \/>\n<meta name=\"twitter:label1\" content=\"Dur\u00e9e de lecture estim\u00e9e\" \/>\n\t<meta name=\"twitter:data1\" content=\"1 minute\" \/>\n<script type=\"application\/ld+json\" class=\"yoast-schema-graph\">{\"@context\":\"https:\\\/\\\/schema.org\",\"@graph\":[{\"@type\":\"WebPage\",\"@id\":\"https:\\\/\\\/www.koonings.com\\\/fr\\\/product\\\/elysee-faith-2\\\/\",\"url\":\"https:\\\/\\\/www.koonings.com\\\/fr\\\/product\\\/elysee-faith-2\\\/\",\"name\":\"Elysee Faith | Koonings\",\"isPartOf\":{\"@id\":\"https:\\\/\\\/www.koonings.com\\\/fr\\\/#website\"},\"primaryImageOfPage\":{\"@id\":\"https:\\\/\\\/www.koonings.com\\\/fr\\\/product\\\/elysee-faith-2\\\/#primaryimage\"},\"image\":{\"@id\":\"https:\\\/\\\/www.koonings.com\\\/fr\\\/product\\\/elysee-faith-2\\\/#primaryimage\"},\"thumbnailUrl\":\"https:\\\/\\\/www.koonings.com\\\/wp-content\\\/uploads\\\/2024\\\/11\\\/48951_60bc5646aeeede7dd4b062a374fd36f3efc4705169a2011a23097174c3b008eb4092454a.jpeg\",\"datePublished\":\"2024-11-18T14:48:19+00:00\",\"dateModified\":\"2026-02-03T18:02:59+00:00\",\"description\":\"Appel \u00e0 toutes nos reines des paillettes ! Model Faith est l\u00e0 pour faire briller votre journ\u00e9e sp\u00e9ciale. Cette robe de mari\u00e9e chatoyante de ligne A pr\u00e9sente un corsage enchanteur avec une dentelle g\u00e9om\u00e9trique frappante, une dentelle brod\u00e9e avec des fleurs en organza et des appliques florales perl\u00e9es, ainsi que d'\u00e9l\u00e9gantes manches longues d\u00e9tachables assorties. Le dos de r\u00eave du corset de tulle ajoute un \u00e9l\u00e9ment doux et \u00e9th\u00e9r\u00e9 \u00e0 la brillance glamour. La jupe en tulle souple et tulle paillet\u00e9 est \u00e9galement tr\u00e8s fendue pour un look ultra-romantique et sexy.\",\"breadcrumb\":{\"@id\":\"https:\\\/\\\/www.koonings.com\\\/fr\\\/product\\\/elysee-faith-2\\\/#breadcrumb\"},\"inLanguage\":\"fr-FR\",\"potentialAction\":[{\"@type\":\"ReadAction\",\"target\":[\"https:\\\/\\\/www.koonings.com\\\/fr\\\/product\\\/elysee-faith-2\\\/\"]}]},{\"@type\":\"ImageObject\",\"inLanguage\":\"fr-FR\",\"@id\":\"https:\\\/\\\/www.koonings.com\\\/fr\\\/product\\\/elysee-faith-2\\\/#primaryimage\",\"url\":\"https:\\\/\\\/www.koonings.com\\\/wp-content\\\/uploads\\\/2024\\\/11\\\/48951_60bc5646aeeede7dd4b062a374fd36f3efc4705169a2011a23097174c3b008eb4092454a.jpeg\",\"contentUrl\":\"https:\\\/\\\/www.koonings.com\\\/wp-content\\\/uploads\\\/2024\\\/11\\\/48951_60bc5646aeeede7dd4b062a374fd36f3efc4705169a2011a23097174c3b008eb4092454a.jpeg\",\"width\":1035,\"height\":1380},{\"@type\":\"BreadcrumbList\",\"@id\":\"https:\\\/\\\/www.koonings.com\\\/fr\\\/product\\\/elysee-faith-2\\\/#breadcrumb\",\"itemListElement\":[{\"@type\":\"ListItem\",\"position\":1,\"name\":\"Home\",\"item\":\"https:\\\/\\\/www.koonings.com\\\/fr\\\/\"},{\"@type\":\"ListItem\",\"position\":2,\"name\":\"Elysee Faith\"}]},{\"@type\":\"WebSite\",\"@id\":\"https:\\\/\\\/www.koonings.com\\\/fr\\\/#website\",\"url\":\"https:\\\/\\\/www.koonings.com\\\/fr\\\/\",\"name\":\"Koonings\",\"description\":\"De grootste bruidsmodewinkel ter wereld\",\"publisher\":{\"@id\":\"https:\\\/\\\/www.koonings.com\\\/fr\\\/#organization\"},\"potentialAction\":[{\"@type\":\"SearchAction\",\"target\":{\"@type\":\"EntryPoint\",\"urlTemplate\":\"https:\\\/\\\/www.koonings.com\\\/fr\\\/?s={search_term_string}\"},\"query-input\":{\"@type\":\"PropertyValueSpecification\",\"valueRequired\":true,\"valueName\":\"search_term_string\"}}],\"inLanguage\":\"fr-FR\"},{\"@type\":\"Organization\",\"@id\":\"https:\\\/\\\/www.koonings.com\\\/fr\\\/#organization\",\"name\":\"Koonings\",\"url\":\"https:\\\/\\\/www.koonings.com\\\/fr\\\/\",\"logo\":{\"@type\":\"ImageObject\",\"inLanguage\":\"fr-FR\",\"@id\":\"https:\\\/\\\/www.koonings.com\\\/fr\\\/#\\\/schema\\\/logo\\\/image\\\/\",\"url\":\"https:\\\/\\\/www.koonings.com\\\/wp-content\\\/uploads\\\/2024\\\/07\\\/logo.png\",\"contentUrl\":\"https:\\\/\\\/www.koonings.com\\\/wp-content\\\/uploads\\\/2024\\\/07\\\/logo.png\",\"width\":600,\"height\":428,\"caption\":\"Koonings\"},\"image\":{\"@id\":\"https:\\\/\\\/www.koonings.com\\\/fr\\\/#\\\/schema\\\/logo\\\/image\\\/\"},\"sameAs\":[\"https:\\\/\\\/www.facebook.com\\\/kooningstheweddingpalace\",\"https:\\\/\\\/www.instagram.com\\\/kooningstheweddingpalace\",\"https:\\\/\\\/www.pinterest.com\\\/koonings\",\"https:\\\/\\\/www.youtube.com\\\/kooningstheweddingpalace\"]}]}<\/script>\n<!-- \/ Yoast SEO plugin. -->","yoast_head_json":{"title":"Elysee Faith | Koonings","description":"Appel \u00e0 toutes nos reines des paillettes ! Model Faith est l\u00e0 pour faire briller votre journ\u00e9e sp\u00e9ciale. Cette robe de mari\u00e9e chatoyante de ligne A pr\u00e9sente un corsage enchanteur avec une dentelle g\u00e9om\u00e9trique frappante, une dentelle brod\u00e9e avec des fleurs en organza et des appliques florales perl\u00e9es, ainsi que d'\u00e9l\u00e9gantes manches longues d\u00e9tachables assorties. Le dos de r\u00eave du corset de tulle ajoute un \u00e9l\u00e9ment doux et \u00e9th\u00e9r\u00e9 \u00e0 la brillance glamour. La jupe en tulle souple et tulle paillet\u00e9 est \u00e9galement tr\u00e8s fendue pour un look ultra-romantique et sexy.","robots":{"index":"index","follow":"follow","max-snippet":"max-snippet:-1","max-image-preview":"max-image-preview:large","max-video-preview":"max-video-preview:-1"},"canonical":"https:\/\/www.koonings.com\/fr\/product\/elysee-faith-2\/","og_locale":"fr_FR","og_type":"article","og_title":"Elysee Faith | Koonings","og_description":"Appel \u00e0 toutes nos reines des paillettes ! Model Faith est l\u00e0 pour faire briller votre journ\u00e9e sp\u00e9ciale. Cette robe de mari\u00e9e chatoyante de ligne A pr\u00e9sente un corsage enchanteur avec une dentelle g\u00e9om\u00e9trique frappante, une dentelle brod\u00e9e avec des fleurs en organza et des appliques florales perl\u00e9es, ainsi que d'\u00e9l\u00e9gantes manches longues d\u00e9tachables assorties. Le dos de r\u00eave du corset de tulle ajoute un \u00e9l\u00e9ment doux et \u00e9th\u00e9r\u00e9 \u00e0 la brillance glamour. La jupe en tulle souple et tulle paillet\u00e9 est \u00e9galement tr\u00e8s fendue pour un look ultra-romantique et sexy.","og_url":"https:\/\/www.koonings.com\/fr\/product\/elysee-faith-2\/","og_site_name":"Koonings","article_publisher":"https:\/\/www.facebook.com\/kooningstheweddingpalace","article_modified_time":"2026-02-03T18:02:59+00:00","og_image":[{"width":1035,"height":1380,"url":"https:\/\/www.koonings.com\/wp-content\/uploads\/2024\/11\/48951_60bc5646aeeede7dd4b062a374fd36f3efc4705169a2011a23097174c3b008eb4092454a.jpeg","type":"image\/jpeg"}],"twitter_card":"summary_large_image","twitter_misc":{"Dur\u00e9e de lecture estim\u00e9e":"1 minute"},"schema":{"@context":"https:\/\/schema.org","@graph":[{"@type":"WebPage","@id":"https:\/\/www.koonings.com\/fr\/product\/elysee-faith-2\/","url":"https:\/\/www.koonings.com\/fr\/product\/elysee-faith-2\/","name":"Elysee Faith | Koonings","isPartOf":{"@id":"https:\/\/www.koonings.com\/fr\/#website"},"primaryImageOfPage":{"@id":"https:\/\/www.koonings.com\/fr\/product\/elysee-faith-2\/#primaryimage"},"image":{"@id":"https:\/\/www.koonings.com\/fr\/product\/elysee-faith-2\/#primaryimage"},"thumbnailUrl":"https:\/\/www.koonings.com\/wp-content\/uploads\/2024\/11\/48951_60bc5646aeeede7dd4b062a374fd36f3efc4705169a2011a23097174c3b008eb4092454a.jpeg","datePublished":"2024-11-18T14:48:19+00:00","dateModified":"2026-02-03T18:02:59+00:00","description":"Appel \u00e0 toutes nos reines des paillettes ! Model Faith est l\u00e0 pour faire briller votre journ\u00e9e sp\u00e9ciale. Cette robe de mari\u00e9e chatoyante de ligne A pr\u00e9sente un corsage enchanteur avec une dentelle g\u00e9om\u00e9trique frappante, une dentelle brod\u00e9e avec des fleurs en organza et des appliques florales perl\u00e9es, ainsi que d'\u00e9l\u00e9gantes manches longues d\u00e9tachables assorties. Le dos de r\u00eave du corset de tulle ajoute un \u00e9l\u00e9ment doux et \u00e9th\u00e9r\u00e9 \u00e0 la brillance glamour. La jupe en tulle souple et tulle paillet\u00e9 est \u00e9galement tr\u00e8s fendue pour un look ultra-romantique et sexy.","breadcrumb":{"@id":"https:\/\/www.koonings.com\/fr\/product\/elysee-faith-2\/#breadcrumb"},"inLanguage":"fr-FR","potentialAction":[{"@type":"ReadAction","target":["https:\/\/www.koonings.com\/fr\/product\/elysee-faith-2\/"]}]},{"@type":"ImageObject","inLanguage":"fr-FR","@id":"https:\/\/www.koonings.com\/fr\/product\/elysee-faith-2\/#primaryimage","url":"https:\/\/www.koonings.com\/wp-content\/uploads\/2024\/11\/48951_60bc5646aeeede7dd4b062a374fd36f3efc4705169a2011a23097174c3b008eb4092454a.jpeg","contentUrl":"https:\/\/www.koonings.com\/wp-content\/uploads\/2024\/11\/48951_60bc5646aeeede7dd4b062a374fd36f3efc4705169a2011a23097174c3b008eb4092454a.jpeg","width":1035,"height":1380},{"@type":"BreadcrumbList","@id":"https:\/\/www.koonings.com\/fr\/product\/elysee-faith-2\/#breadcrumb","itemListElement":[{"@type":"ListItem","position":1,"name":"Home","item":"https:\/\/www.koonings.com\/fr\/"},{"@type":"ListItem","position":2,"name":"Elysee Faith"}]},{"@type":"WebSite","@id":"https:\/\/www.koonings.com\/fr\/#website","url":"https:\/\/www.koonings.com\/fr\/","name":"Koonings","description":"De grootste bruidsmodewinkel ter wereld","publisher":{"@id":"https:\/\/www.koonings.com\/fr\/#organization"},"potentialAction":[{"@type":"SearchAction","target":{"@type":"EntryPoint","urlTemplate":"https:\/\/www.koonings.com\/fr\/?s={search_term_string}"},"query-input":{"@type":"PropertyValueSpecification","valueRequired":true,"valueName":"search_term_string"}}],"inLanguage":"fr-FR"},{"@type":"Organization","@id":"https:\/\/www.koonings.com\/fr\/#organization","name":"Koonings","url":"https:\/\/www.koonings.com\/fr\/","logo":{"@type":"ImageObject","inLanguage":"fr-FR","@id":"https:\/\/www.koonings.com\/fr\/#\/schema\/logo\/image\/","url":"https:\/\/www.koonings.com\/wp-content\/uploads\/2024\/07\/logo.png","contentUrl":"https:\/\/www.koonings.com\/wp-content\/uploads\/2024\/07\/logo.png","width":600,"height":428,"caption":"Koonings"},"image":{"@id":"https:\/\/www.koonings.com\/fr\/#\/schema\/logo\/image\/"},"sameAs":["https:\/\/www.facebook.com\/kooningstheweddingpalace","https:\/\/www.instagram.com\/kooningstheweddingpalace","https:\/\/www.pinterest.com\/koonings","https:\/\/www.youtube.com\/kooningstheweddingpalace"]}]}},"_links":{"self":[{"href":"https:\/\/www.koonings.com\/fr\/wp-json\/wp\/v2\/product\/59734","targetHints":{"allow":["GET"]}}],"collection":[{"href":"https:\/\/www.koonings.com\/fr\/wp-json\/wp\/v2\/product"}],"about":[{"href":"https:\/\/www.koonings.com\/fr\/wp-json\/wp\/v2\/types\/product"}],"wp:featuredmedia":[{"embeddable":true,"href":"https:\/\/www.koonings.com\/fr\/wp-json\/wp\/v2\/media\/53422"}],"wp:attachment":[{"href":"https:\/\/www.koonings.com\/fr\/wp-json\/wp\/v2\/media?parent=59734"}],"wp:term":[{"taxonomy":"productdetails","embeddable":true,"href":"https:\/\/www.koonings.com\/fr\/wp-json\/wp\/v2\/productdetails?post=59734"},{"taxonomy":"productneck","embeddable":true,"href":"https:\/\/www.koonings.com\/fr\/wp-json\/wp\/v2\/productneck?post=59734"},{"taxonomy":"productcolor","embeddable":true,"href":"https:\/\/www.koonings.com\/fr\/wp-json\/wp\/v2\/productcolor?post=59734"},{"taxonomy":"maat","embeddable":true,"href":"https:\/\/www.koonings.com\/fr\/wp-json\/wp\/v2\/maat?post=59734"},{"taxonomy":"productsupplier","embeddable":true,"href":"https:\/\/www.koonings.com\/fr\/wp-json\/wp\/v2\/productsupplier?post=59734"},{"taxonomy":"productsleeve","embeddable":true,"href":"https:\/\/www.koonings.com\/fr\/wp-json\/wp\/v2\/productsleeve?post=59734"},{"taxonomy":"productcategory","embeddable":true,"href":"https:\/\/www.koonings.com\/fr\/wp-json\/wp\/v2\/productcategory?post=59734"},{"taxonomy":"productsilhouette","embeddable":true,"href":"https:\/\/www.koonings.com\/fr\/wp-json\/wp\/v2\/productsilhouette?post=59734"},{"taxonomy":"productstyle","embeddable":true,"href":"https:\/\/www.koonings.com\/fr\/wp-json\/wp\/v2\/productstyle?post=59734"}],"curies":[{"name":"wp","href":"https:\/\/api.w.org\/{rel}","templated":true}]}}