{"id":59720,"date":"2026-04-14T16:28:52","date_gmt":"2026-04-14T14:28:52","guid":{"rendered":"https:\/\/www.koonings.com\/product\/elysee-feliciana-2\/"},"modified":"2026-02-16T14:43:17","modified_gmt":"2026-02-16T13:43:17","slug":"elysee-feliciana-2","status":"publish","type":"product","link":"https:\/\/www.koonings.com\/fr\/product\/elysee-feliciana-2\/","title":{"rendered":"Elysee Feliciana"},"content":{"rendered":"<p>Le mod\u00e8le Feliciana respire l&#8217;\u00e9l\u00e9gance intemporelle avec sa dentelle Mikado 3D \u00e0 feuilles et sa dentelle florale perl\u00e9e qui descend du superbe corsage \u00e0 encolure en V jusqu&#8217;\u00e0 la tra\u00eene en tulle \u00e9tincelante. Cette robe de mari\u00e9e sir\u00e8ne pr\u00e9sente \u00e9galement des d\u00e9coupes illusion \u00e0 couper le souffle sur le c\u00f4t\u00e9, ce qui vous donne l&#8217;air soign\u00e9 le jour J ! <\/p>\n","protected":false},"featured_media":53502,"template":"","meta":{"_acf_changed":false,"ghostkit_customizer_options":"","ghostkit_custom_css":"","ghostkit_custom_js_head":"","ghostkit_custom_js_foot":"","ghostkit_typography":""},"productdetails":[379,376,381],"productneck":[356],"productcolor":[393,392],"maat":[],"productsupplier":[427],"productsleeve":[359],"productcategory":[18],"productsilhouette":[387],"productstyle":[366,370],"class_list":["post-59720","product","type-product","status-publish","has-post-thumbnail","hentry","productdetails-379","productdetails-376","productdetails-381","productneck-356","productcolor-393","productcolor-392","productsupplier-elysee","productsleeve-359","productcategory-trouwjurken","productsilhouette-387","productstyle-366","productstyle-370"],"acf":[],"yoast_head":"<!-- This site is optimized with the Yoast SEO plugin v27.3 - https:\/\/yoast.com\/product\/yoast-seo-wordpress\/ -->\n<title>Elysee Feliciana | Koonings<\/title>\n<meta name=\"description\" content=\"Le mod\u00e8le Feliciana respire l&#039;\u00e9l\u00e9gance intemporelle avec sa dentelle Mikado 3D \u00e0 feuilles et sa dentelle florale perl\u00e9e qui descend du superbe corsage \u00e0 encolure en V jusqu&#039;\u00e0 la tra\u00eene en tulle \u00e9tincelante. Cette robe de mari\u00e9e sir\u00e8ne pr\u00e9sente \u00e9galement des d\u00e9coupes illusion \u00e0 couper le souffle sur le c\u00f4t\u00e9, ce qui vous donne l&#039;air soign\u00e9 le jour J !\" \/>\n<meta name=\"robots\" content=\"index, follow, max-snippet:-1, max-image-preview:large, max-video-preview:-1\" \/>\n<link rel=\"canonical\" href=\"https:\/\/www.koonings.com\/fr\/product\/elysee-feliciana-2\/\" \/>\n<meta property=\"og:locale\" content=\"fr_FR\" \/>\n<meta property=\"og:type\" content=\"article\" \/>\n<meta property=\"og:title\" content=\"Elysee Feliciana | Koonings\" \/>\n<meta property=\"og:description\" content=\"Le mod\u00e8le Feliciana respire l&#039;\u00e9l\u00e9gance intemporelle avec sa dentelle Mikado 3D \u00e0 feuilles et sa dentelle florale perl\u00e9e qui descend du superbe corsage \u00e0 encolure en V jusqu&#039;\u00e0 la tra\u00eene en tulle \u00e9tincelante. Cette robe de mari\u00e9e sir\u00e8ne pr\u00e9sente \u00e9galement des d\u00e9coupes illusion \u00e0 couper le souffle sur le c\u00f4t\u00e9, ce qui vous donne l&#039;air soign\u00e9 le jour J !\" \/>\n<meta property=\"og:url\" content=\"https:\/\/www.koonings.com\/fr\/product\/elysee-feliciana-2\/\" \/>\n<meta property=\"og:site_name\" content=\"Koonings\" \/>\n<meta property=\"article:publisher\" content=\"https:\/\/www.facebook.com\/kooningstheweddingpalace\" \/>\n<meta property=\"og:image\" content=\"https:\/\/www.koonings.com\/wp-content\/uploads\/2024\/11\/48957_e99d268f35fe463c7090bc86c9360a3b41def547853fd8d6f48a2c57450a4e752a2a88ce.jpeg\" \/>\n\t<meta property=\"og:image:width\" content=\"1035\" \/>\n\t<meta property=\"og:image:height\" content=\"1380\" \/>\n\t<meta property=\"og:image:type\" content=\"image\/jpeg\" \/>\n<meta name=\"twitter:card\" content=\"summary_large_image\" \/>\n<script type=\"application\/ld+json\" class=\"yoast-schema-graph\">{\"@context\":\"https:\\\/\\\/schema.org\",\"@graph\":[{\"@type\":\"WebPage\",\"@id\":\"https:\\\/\\\/www.koonings.com\\\/fr\\\/product\\\/elysee-feliciana-2\\\/\",\"url\":\"https:\\\/\\\/www.koonings.com\\\/fr\\\/product\\\/elysee-feliciana-2\\\/\",\"name\":\"Elysee Feliciana | Koonings\",\"isPartOf\":{\"@id\":\"https:\\\/\\\/www.koonings.com\\\/fr\\\/#website\"},\"primaryImageOfPage\":{\"@id\":\"https:\\\/\\\/www.koonings.com\\\/fr\\\/product\\\/elysee-feliciana-2\\\/#primaryimage\"},\"image\":{\"@id\":\"https:\\\/\\\/www.koonings.com\\\/fr\\\/product\\\/elysee-feliciana-2\\\/#primaryimage\"},\"thumbnailUrl\":\"https:\\\/\\\/www.koonings.com\\\/wp-content\\\/uploads\\\/2024\\\/11\\\/48957_e99d268f35fe463c7090bc86c9360a3b41def547853fd8d6f48a2c57450a4e752a2a88ce.jpeg\",\"datePublished\":\"2026-04-14T14:28:52+00:00\",\"description\":\"Le mod\u00e8le Feliciana respire l'\u00e9l\u00e9gance intemporelle avec sa dentelle Mikado 3D \u00e0 feuilles et sa dentelle florale perl\u00e9e qui descend du superbe corsage \u00e0 encolure en V jusqu'\u00e0 la tra\u00eene en tulle \u00e9tincelante. Cette robe de mari\u00e9e sir\u00e8ne pr\u00e9sente \u00e9galement des d\u00e9coupes illusion \u00e0 couper le souffle sur le c\u00f4t\u00e9, ce qui vous donne l'air soign\u00e9 le jour J !\",\"breadcrumb\":{\"@id\":\"https:\\\/\\\/www.koonings.com\\\/fr\\\/product\\\/elysee-feliciana-2\\\/#breadcrumb\"},\"inLanguage\":\"fr-FR\",\"potentialAction\":[{\"@type\":\"ReadAction\",\"target\":[\"https:\\\/\\\/www.koonings.com\\\/fr\\\/product\\\/elysee-feliciana-2\\\/\"]}]},{\"@type\":\"ImageObject\",\"inLanguage\":\"fr-FR\",\"@id\":\"https:\\\/\\\/www.koonings.com\\\/fr\\\/product\\\/elysee-feliciana-2\\\/#primaryimage\",\"url\":\"https:\\\/\\\/www.koonings.com\\\/wp-content\\\/uploads\\\/2024\\\/11\\\/48957_e99d268f35fe463c7090bc86c9360a3b41def547853fd8d6f48a2c57450a4e752a2a88ce.jpeg\",\"contentUrl\":\"https:\\\/\\\/www.koonings.com\\\/wp-content\\\/uploads\\\/2024\\\/11\\\/48957_e99d268f35fe463c7090bc86c9360a3b41def547853fd8d6f48a2c57450a4e752a2a88ce.jpeg\",\"width\":1035,\"height\":1380},{\"@type\":\"BreadcrumbList\",\"@id\":\"https:\\\/\\\/www.koonings.com\\\/fr\\\/product\\\/elysee-feliciana-2\\\/#breadcrumb\",\"itemListElement\":[{\"@type\":\"ListItem\",\"position\":1,\"name\":\"Home\",\"item\":\"https:\\\/\\\/www.koonings.com\\\/fr\\\/\"},{\"@type\":\"ListItem\",\"position\":2,\"name\":\"Elysee Feliciana\"}]},{\"@type\":\"WebSite\",\"@id\":\"https:\\\/\\\/www.koonings.com\\\/fr\\\/#website\",\"url\":\"https:\\\/\\\/www.koonings.com\\\/fr\\\/\",\"name\":\"Koonings\",\"description\":\"De grootste bruidsmodewinkel ter wereld\",\"publisher\":{\"@id\":\"https:\\\/\\\/www.koonings.com\\\/fr\\\/#organization\"},\"potentialAction\":[{\"@type\":\"SearchAction\",\"target\":{\"@type\":\"EntryPoint\",\"urlTemplate\":\"https:\\\/\\\/www.koonings.com\\\/fr\\\/?s={search_term_string}\"},\"query-input\":{\"@type\":\"PropertyValueSpecification\",\"valueRequired\":true,\"valueName\":\"search_term_string\"}}],\"inLanguage\":\"fr-FR\"},{\"@type\":\"Organization\",\"@id\":\"https:\\\/\\\/www.koonings.com\\\/fr\\\/#organization\",\"name\":\"Koonings\",\"url\":\"https:\\\/\\\/www.koonings.com\\\/fr\\\/\",\"logo\":{\"@type\":\"ImageObject\",\"inLanguage\":\"fr-FR\",\"@id\":\"https:\\\/\\\/www.koonings.com\\\/fr\\\/#\\\/schema\\\/logo\\\/image\\\/\",\"url\":\"https:\\\/\\\/www.koonings.com\\\/wp-content\\\/uploads\\\/2024\\\/07\\\/logo.png\",\"contentUrl\":\"https:\\\/\\\/www.koonings.com\\\/wp-content\\\/uploads\\\/2024\\\/07\\\/logo.png\",\"width\":600,\"height\":428,\"caption\":\"Koonings\"},\"image\":{\"@id\":\"https:\\\/\\\/www.koonings.com\\\/fr\\\/#\\\/schema\\\/logo\\\/image\\\/\"},\"sameAs\":[\"https:\\\/\\\/www.facebook.com\\\/kooningstheweddingpalace\",\"https:\\\/\\\/www.instagram.com\\\/kooningstheweddingpalace\",\"https:\\\/\\\/www.pinterest.com\\\/koonings\",\"https:\\\/\\\/www.youtube.com\\\/kooningstheweddingpalace\"]}]}<\/script>\n<!-- \/ Yoast SEO plugin. -->","yoast_head_json":{"title":"Elysee Feliciana | Koonings","description":"Le mod\u00e8le Feliciana respire l'\u00e9l\u00e9gance intemporelle avec sa dentelle Mikado 3D \u00e0 feuilles et sa dentelle florale perl\u00e9e qui descend du superbe corsage \u00e0 encolure en V jusqu'\u00e0 la tra\u00eene en tulle \u00e9tincelante. Cette robe de mari\u00e9e sir\u00e8ne pr\u00e9sente \u00e9galement des d\u00e9coupes illusion \u00e0 couper le souffle sur le c\u00f4t\u00e9, ce qui vous donne l'air soign\u00e9 le jour J !","robots":{"index":"index","follow":"follow","max-snippet":"max-snippet:-1","max-image-preview":"max-image-preview:large","max-video-preview":"max-video-preview:-1"},"canonical":"https:\/\/www.koonings.com\/fr\/product\/elysee-feliciana-2\/","og_locale":"fr_FR","og_type":"article","og_title":"Elysee Feliciana | Koonings","og_description":"Le mod\u00e8le Feliciana respire l'\u00e9l\u00e9gance intemporelle avec sa dentelle Mikado 3D \u00e0 feuilles et sa dentelle florale perl\u00e9e qui descend du superbe corsage \u00e0 encolure en V jusqu'\u00e0 la tra\u00eene en tulle \u00e9tincelante. Cette robe de mari\u00e9e sir\u00e8ne pr\u00e9sente \u00e9galement des d\u00e9coupes illusion \u00e0 couper le souffle sur le c\u00f4t\u00e9, ce qui vous donne l'air soign\u00e9 le jour J !","og_url":"https:\/\/www.koonings.com\/fr\/product\/elysee-feliciana-2\/","og_site_name":"Koonings","article_publisher":"https:\/\/www.facebook.com\/kooningstheweddingpalace","og_image":[{"width":1035,"height":1380,"url":"https:\/\/www.koonings.com\/wp-content\/uploads\/2024\/11\/48957_e99d268f35fe463c7090bc86c9360a3b41def547853fd8d6f48a2c57450a4e752a2a88ce.jpeg","type":"image\/jpeg"}],"twitter_card":"summary_large_image","schema":{"@context":"https:\/\/schema.org","@graph":[{"@type":"WebPage","@id":"https:\/\/www.koonings.com\/fr\/product\/elysee-feliciana-2\/","url":"https:\/\/www.koonings.com\/fr\/product\/elysee-feliciana-2\/","name":"Elysee Feliciana | Koonings","isPartOf":{"@id":"https:\/\/www.koonings.com\/fr\/#website"},"primaryImageOfPage":{"@id":"https:\/\/www.koonings.com\/fr\/product\/elysee-feliciana-2\/#primaryimage"},"image":{"@id":"https:\/\/www.koonings.com\/fr\/product\/elysee-feliciana-2\/#primaryimage"},"thumbnailUrl":"https:\/\/www.koonings.com\/wp-content\/uploads\/2024\/11\/48957_e99d268f35fe463c7090bc86c9360a3b41def547853fd8d6f48a2c57450a4e752a2a88ce.jpeg","datePublished":"2026-04-14T14:28:52+00:00","description":"Le mod\u00e8le Feliciana respire l'\u00e9l\u00e9gance intemporelle avec sa dentelle Mikado 3D \u00e0 feuilles et sa dentelle florale perl\u00e9e qui descend du superbe corsage \u00e0 encolure en V jusqu'\u00e0 la tra\u00eene en tulle \u00e9tincelante. Cette robe de mari\u00e9e sir\u00e8ne pr\u00e9sente \u00e9galement des d\u00e9coupes illusion \u00e0 couper le souffle sur le c\u00f4t\u00e9, ce qui vous donne l'air soign\u00e9 le jour J !","breadcrumb":{"@id":"https:\/\/www.koonings.com\/fr\/product\/elysee-feliciana-2\/#breadcrumb"},"inLanguage":"fr-FR","potentialAction":[{"@type":"ReadAction","target":["https:\/\/www.koonings.com\/fr\/product\/elysee-feliciana-2\/"]}]},{"@type":"ImageObject","inLanguage":"fr-FR","@id":"https:\/\/www.koonings.com\/fr\/product\/elysee-feliciana-2\/#primaryimage","url":"https:\/\/www.koonings.com\/wp-content\/uploads\/2024\/11\/48957_e99d268f35fe463c7090bc86c9360a3b41def547853fd8d6f48a2c57450a4e752a2a88ce.jpeg","contentUrl":"https:\/\/www.koonings.com\/wp-content\/uploads\/2024\/11\/48957_e99d268f35fe463c7090bc86c9360a3b41def547853fd8d6f48a2c57450a4e752a2a88ce.jpeg","width":1035,"height":1380},{"@type":"BreadcrumbList","@id":"https:\/\/www.koonings.com\/fr\/product\/elysee-feliciana-2\/#breadcrumb","itemListElement":[{"@type":"ListItem","position":1,"name":"Home","item":"https:\/\/www.koonings.com\/fr\/"},{"@type":"ListItem","position":2,"name":"Elysee Feliciana"}]},{"@type":"WebSite","@id":"https:\/\/www.koonings.com\/fr\/#website","url":"https:\/\/www.koonings.com\/fr\/","name":"Koonings","description":"De grootste bruidsmodewinkel ter wereld","publisher":{"@id":"https:\/\/www.koonings.com\/fr\/#organization"},"potentialAction":[{"@type":"SearchAction","target":{"@type":"EntryPoint","urlTemplate":"https:\/\/www.koonings.com\/fr\/?s={search_term_string}"},"query-input":{"@type":"PropertyValueSpecification","valueRequired":true,"valueName":"search_term_string"}}],"inLanguage":"fr-FR"},{"@type":"Organization","@id":"https:\/\/www.koonings.com\/fr\/#organization","name":"Koonings","url":"https:\/\/www.koonings.com\/fr\/","logo":{"@type":"ImageObject","inLanguage":"fr-FR","@id":"https:\/\/www.koonings.com\/fr\/#\/schema\/logo\/image\/","url":"https:\/\/www.koonings.com\/wp-content\/uploads\/2024\/07\/logo.png","contentUrl":"https:\/\/www.koonings.com\/wp-content\/uploads\/2024\/07\/logo.png","width":600,"height":428,"caption":"Koonings"},"image":{"@id":"https:\/\/www.koonings.com\/fr\/#\/schema\/logo\/image\/"},"sameAs":["https:\/\/www.facebook.com\/kooningstheweddingpalace","https:\/\/www.instagram.com\/kooningstheweddingpalace","https:\/\/www.pinterest.com\/koonings","https:\/\/www.youtube.com\/kooningstheweddingpalace"]}]}},"_links":{"self":[{"href":"https:\/\/www.koonings.com\/fr\/wp-json\/wp\/v2\/product\/59720","targetHints":{"allow":["GET"]}}],"collection":[{"href":"https:\/\/www.koonings.com\/fr\/wp-json\/wp\/v2\/product"}],"about":[{"href":"https:\/\/www.koonings.com\/fr\/wp-json\/wp\/v2\/types\/product"}],"wp:featuredmedia":[{"embeddable":true,"href":"https:\/\/www.koonings.com\/fr\/wp-json\/wp\/v2\/media\/53502"}],"wp:attachment":[{"href":"https:\/\/www.koonings.com\/fr\/wp-json\/wp\/v2\/media?parent=59720"}],"wp:term":[{"taxonomy":"productdetails","embeddable":true,"href":"https:\/\/www.koonings.com\/fr\/wp-json\/wp\/v2\/productdetails?post=59720"},{"taxonomy":"productneck","embeddable":true,"href":"https:\/\/www.koonings.com\/fr\/wp-json\/wp\/v2\/productneck?post=59720"},{"taxonomy":"productcolor","embeddable":true,"href":"https:\/\/www.koonings.com\/fr\/wp-json\/wp\/v2\/productcolor?post=59720"},{"taxonomy":"maat","embeddable":true,"href":"https:\/\/www.koonings.com\/fr\/wp-json\/wp\/v2\/maat?post=59720"},{"taxonomy":"productsupplier","embeddable":true,"href":"https:\/\/www.koonings.com\/fr\/wp-json\/wp\/v2\/productsupplier?post=59720"},{"taxonomy":"productsleeve","embeddable":true,"href":"https:\/\/www.koonings.com\/fr\/wp-json\/wp\/v2\/productsleeve?post=59720"},{"taxonomy":"productcategory","embeddable":true,"href":"https:\/\/www.koonings.com\/fr\/wp-json\/wp\/v2\/productcategory?post=59720"},{"taxonomy":"productsilhouette","embeddable":true,"href":"https:\/\/www.koonings.com\/fr\/wp-json\/wp\/v2\/productsilhouette?post=59720"},{"taxonomy":"productstyle","embeddable":true,"href":"https:\/\/www.koonings.com\/fr\/wp-json\/wp\/v2\/productstyle?post=59720"}],"curies":[{"name":"wp","href":"https:\/\/api.w.org\/{rel}","templated":true}]}}