{"id":59716,"date":"2026-04-21T18:28:51","date_gmt":"2026-04-21T16:28:51","guid":{"rendered":"https:\/\/www.koonings.com\/product\/enzoani-blue-collection-sage-l\/"},"modified":"2025-06-05T13:23:36","modified_gmt":"2025-06-05T11:23:36","slug":"enzoani-blue-collection-sage-l","status":"publish","type":"product","link":"https:\/\/www.koonings.com\/fr\/product\/enzoani-blue-collection-sage-l\/","title":{"rendered":"Enzoani Blue collection Sage-L"},"content":{"rendered":"<p>Embrassez l&#8217;\u00e9l\u00e9gance classique avec la robe de mari\u00e9e SAGE, une robe de mari\u00e9e de ligne A qui pr\u00e9sente des appliques florales Mikado 3D avec des perles sur une dentelle g\u00e9om\u00e9trique perl\u00e9e unique qui tombe doucement sur la silhouette pour cr\u00e9er une silhouette flatteuse. Le d\u00e9collet\u00e9 en V profond est assorti aux d\u00e9coupes lat\u00e9rales du corsage, tandis que la jupe est un r\u00eave de conte de f\u00e9es, compos\u00e9e de couches de tulle doux et de tulle paillet\u00e9, avec une fente haute en forme de peekaboo. <\/p>\n","protected":false},"featured_media":54239,"template":"","meta":{"_acf_changed":false,"ghostkit_customizer_options":"","ghostkit_custom_css":"","ghostkit_custom_js_head":"","ghostkit_custom_js_foot":"","ghostkit_typography":""},"productdetails":[379,380,376],"productneck":[356],"productcolor":[392],"maat":[],"productsupplier":[405],"productsleeve":[359],"productcategory":[18],"productsilhouette":[384],"productstyle":[369],"class_list":["post-59716","product","type-product","status-publish","has-post-thumbnail","hentry","productdetails-379","productdetails-380","productdetails-376","productneck-356","productcolor-392","productsupplier-enzoani-blue-collection","productsleeve-359","productcategory-trouwjurken","productsilhouette-384","productstyle-369"],"acf":[],"yoast_head":"<!-- This site is optimized with the Yoast SEO plugin v27.3 - https:\/\/yoast.com\/product\/yoast-seo-wordpress\/ -->\n<title>Enzoani Blue collection Sage-L | Koonings<\/title>\n<meta name=\"description\" content=\"Embrassez l&#039;\u00e9l\u00e9gance classique avec la robe de mari\u00e9e SAGE, une robe de mari\u00e9e de ligne A qui pr\u00e9sente des appliques florales Mikado 3D avec des perles sur une dentelle g\u00e9om\u00e9trique perl\u00e9e unique qui tombe doucement sur la silhouette pour cr\u00e9er une silhouette flatteuse. Le d\u00e9collet\u00e9 en V profond est assorti aux d\u00e9coupes lat\u00e9rales du corsage, tandis que la jupe est un r\u00eave de conte de f\u00e9es, compos\u00e9e de couches de tulle doux et de tulle paillet\u00e9, avec une fente haute en forme de peekaboo.\" \/>\n<meta name=\"robots\" content=\"index, follow, max-snippet:-1, max-image-preview:large, max-video-preview:-1\" \/>\n<link rel=\"canonical\" href=\"https:\/\/www.koonings.com\/fr\/product\/enzoani-blue-collection-sage-l\/\" \/>\n<meta property=\"og:locale\" content=\"fr_FR\" \/>\n<meta property=\"og:type\" content=\"article\" \/>\n<meta property=\"og:title\" content=\"Enzoani Blue collection Sage-L | Koonings\" \/>\n<meta property=\"og:description\" content=\"Embrassez l&#039;\u00e9l\u00e9gance classique avec la robe de mari\u00e9e SAGE, une robe de mari\u00e9e de ligne A qui pr\u00e9sente des appliques florales Mikado 3D avec des perles sur une dentelle g\u00e9om\u00e9trique perl\u00e9e unique qui tombe doucement sur la silhouette pour cr\u00e9er une silhouette flatteuse. Le d\u00e9collet\u00e9 en V profond est assorti aux d\u00e9coupes lat\u00e9rales du corsage, tandis que la jupe est un r\u00eave de conte de f\u00e9es, compos\u00e9e de couches de tulle doux et de tulle paillet\u00e9, avec une fente haute en forme de peekaboo.\" \/>\n<meta property=\"og:url\" content=\"https:\/\/www.koonings.com\/fr\/product\/enzoani-blue-collection-sage-l\/\" \/>\n<meta property=\"og:site_name\" content=\"Koonings\" \/>\n<meta property=\"article:publisher\" content=\"https:\/\/www.facebook.com\/kooningstheweddingpalace\" \/>\n<meta property=\"og:image\" content=\"https:\/\/www.koonings.com\/wp-content\/uploads\/2024\/11\/49022_570deb0670354fa4b21fe0023b2c1d25352c6b2a7453fc2c5c9567ed789d850b9f8102dc.jpeg\" \/>\n\t<meta property=\"og:image:width\" content=\"962\" \/>\n\t<meta property=\"og:image:height\" content=\"1361\" \/>\n\t<meta property=\"og:image:type\" content=\"image\/jpeg\" \/>\n<meta name=\"twitter:card\" content=\"summary_large_image\" \/>\n<script type=\"application\/ld+json\" class=\"yoast-schema-graph\">{\"@context\":\"https:\\\/\\\/schema.org\",\"@graph\":[{\"@type\":\"WebPage\",\"@id\":\"https:\\\/\\\/www.koonings.com\\\/fr\\\/product\\\/enzoani-blue-collection-sage-l\\\/\",\"url\":\"https:\\\/\\\/www.koonings.com\\\/fr\\\/product\\\/enzoani-blue-collection-sage-l\\\/\",\"name\":\"Enzoani Blue collection Sage-L | Koonings\",\"isPartOf\":{\"@id\":\"https:\\\/\\\/www.koonings.com\\\/fr\\\/#website\"},\"primaryImageOfPage\":{\"@id\":\"https:\\\/\\\/www.koonings.com\\\/fr\\\/product\\\/enzoani-blue-collection-sage-l\\\/#primaryimage\"},\"image\":{\"@id\":\"https:\\\/\\\/www.koonings.com\\\/fr\\\/product\\\/enzoani-blue-collection-sage-l\\\/#primaryimage\"},\"thumbnailUrl\":\"https:\\\/\\\/www.koonings.com\\\/wp-content\\\/uploads\\\/2024\\\/11\\\/49022_570deb0670354fa4b21fe0023b2c1d25352c6b2a7453fc2c5c9567ed789d850b9f8102dc.jpeg\",\"datePublished\":\"2026-04-21T16:28:51+00:00\",\"description\":\"Embrassez l'\u00e9l\u00e9gance classique avec la robe de mari\u00e9e SAGE, une robe de mari\u00e9e de ligne A qui pr\u00e9sente des appliques florales Mikado 3D avec des perles sur une dentelle g\u00e9om\u00e9trique perl\u00e9e unique qui tombe doucement sur la silhouette pour cr\u00e9er une silhouette flatteuse. Le d\u00e9collet\u00e9 en V profond est assorti aux d\u00e9coupes lat\u00e9rales du corsage, tandis que la jupe est un r\u00eave de conte de f\u00e9es, compos\u00e9e de couches de tulle doux et de tulle paillet\u00e9, avec une fente haute en forme de peekaboo.\",\"breadcrumb\":{\"@id\":\"https:\\\/\\\/www.koonings.com\\\/fr\\\/product\\\/enzoani-blue-collection-sage-l\\\/#breadcrumb\"},\"inLanguage\":\"fr-FR\",\"potentialAction\":[{\"@type\":\"ReadAction\",\"target\":[\"https:\\\/\\\/www.koonings.com\\\/fr\\\/product\\\/enzoani-blue-collection-sage-l\\\/\"]}]},{\"@type\":\"ImageObject\",\"inLanguage\":\"fr-FR\",\"@id\":\"https:\\\/\\\/www.koonings.com\\\/fr\\\/product\\\/enzoani-blue-collection-sage-l\\\/#primaryimage\",\"url\":\"https:\\\/\\\/www.koonings.com\\\/wp-content\\\/uploads\\\/2024\\\/11\\\/49022_570deb0670354fa4b21fe0023b2c1d25352c6b2a7453fc2c5c9567ed789d850b9f8102dc.jpeg\",\"contentUrl\":\"https:\\\/\\\/www.koonings.com\\\/wp-content\\\/uploads\\\/2024\\\/11\\\/49022_570deb0670354fa4b21fe0023b2c1d25352c6b2a7453fc2c5c9567ed789d850b9f8102dc.jpeg\",\"width\":962,\"height\":1361},{\"@type\":\"BreadcrumbList\",\"@id\":\"https:\\\/\\\/www.koonings.com\\\/fr\\\/product\\\/enzoani-blue-collection-sage-l\\\/#breadcrumb\",\"itemListElement\":[{\"@type\":\"ListItem\",\"position\":1,\"name\":\"Home\",\"item\":\"https:\\\/\\\/www.koonings.com\\\/fr\\\/\"},{\"@type\":\"ListItem\",\"position\":2,\"name\":\"Enzoani Blue collection Sage-L\"}]},{\"@type\":\"WebSite\",\"@id\":\"https:\\\/\\\/www.koonings.com\\\/fr\\\/#website\",\"url\":\"https:\\\/\\\/www.koonings.com\\\/fr\\\/\",\"name\":\"Koonings\",\"description\":\"De grootste bruidsmodewinkel ter wereld\",\"publisher\":{\"@id\":\"https:\\\/\\\/www.koonings.com\\\/fr\\\/#organization\"},\"potentialAction\":[{\"@type\":\"SearchAction\",\"target\":{\"@type\":\"EntryPoint\",\"urlTemplate\":\"https:\\\/\\\/www.koonings.com\\\/fr\\\/?s={search_term_string}\"},\"query-input\":{\"@type\":\"PropertyValueSpecification\",\"valueRequired\":true,\"valueName\":\"search_term_string\"}}],\"inLanguage\":\"fr-FR\"},{\"@type\":\"Organization\",\"@id\":\"https:\\\/\\\/www.koonings.com\\\/fr\\\/#organization\",\"name\":\"Koonings\",\"url\":\"https:\\\/\\\/www.koonings.com\\\/fr\\\/\",\"logo\":{\"@type\":\"ImageObject\",\"inLanguage\":\"fr-FR\",\"@id\":\"https:\\\/\\\/www.koonings.com\\\/fr\\\/#\\\/schema\\\/logo\\\/image\\\/\",\"url\":\"https:\\\/\\\/www.koonings.com\\\/wp-content\\\/uploads\\\/2024\\\/07\\\/logo.png\",\"contentUrl\":\"https:\\\/\\\/www.koonings.com\\\/wp-content\\\/uploads\\\/2024\\\/07\\\/logo.png\",\"width\":600,\"height\":428,\"caption\":\"Koonings\"},\"image\":{\"@id\":\"https:\\\/\\\/www.koonings.com\\\/fr\\\/#\\\/schema\\\/logo\\\/image\\\/\"},\"sameAs\":[\"https:\\\/\\\/www.facebook.com\\\/kooningstheweddingpalace\",\"https:\\\/\\\/www.instagram.com\\\/kooningstheweddingpalace\",\"https:\\\/\\\/www.pinterest.com\\\/koonings\",\"https:\\\/\\\/www.youtube.com\\\/kooningstheweddingpalace\"]}]}<\/script>\n<!-- \/ Yoast SEO plugin. -->","yoast_head_json":{"title":"Enzoani Blue collection Sage-L | Koonings","description":"Embrassez l'\u00e9l\u00e9gance classique avec la robe de mari\u00e9e SAGE, une robe de mari\u00e9e de ligne A qui pr\u00e9sente des appliques florales Mikado 3D avec des perles sur une dentelle g\u00e9om\u00e9trique perl\u00e9e unique qui tombe doucement sur la silhouette pour cr\u00e9er une silhouette flatteuse. Le d\u00e9collet\u00e9 en V profond est assorti aux d\u00e9coupes lat\u00e9rales du corsage, tandis que la jupe est un r\u00eave de conte de f\u00e9es, compos\u00e9e de couches de tulle doux et de tulle paillet\u00e9, avec une fente haute en forme de peekaboo.","robots":{"index":"index","follow":"follow","max-snippet":"max-snippet:-1","max-image-preview":"max-image-preview:large","max-video-preview":"max-video-preview:-1"},"canonical":"https:\/\/www.koonings.com\/fr\/product\/enzoani-blue-collection-sage-l\/","og_locale":"fr_FR","og_type":"article","og_title":"Enzoani Blue collection Sage-L | Koonings","og_description":"Embrassez l'\u00e9l\u00e9gance classique avec la robe de mari\u00e9e SAGE, une robe de mari\u00e9e de ligne A qui pr\u00e9sente des appliques florales Mikado 3D avec des perles sur une dentelle g\u00e9om\u00e9trique perl\u00e9e unique qui tombe doucement sur la silhouette pour cr\u00e9er une silhouette flatteuse. Le d\u00e9collet\u00e9 en V profond est assorti aux d\u00e9coupes lat\u00e9rales du corsage, tandis que la jupe est un r\u00eave de conte de f\u00e9es, compos\u00e9e de couches de tulle doux et de tulle paillet\u00e9, avec une fente haute en forme de peekaboo.","og_url":"https:\/\/www.koonings.com\/fr\/product\/enzoani-blue-collection-sage-l\/","og_site_name":"Koonings","article_publisher":"https:\/\/www.facebook.com\/kooningstheweddingpalace","og_image":[{"width":962,"height":1361,"url":"https:\/\/www.koonings.com\/wp-content\/uploads\/2024\/11\/49022_570deb0670354fa4b21fe0023b2c1d25352c6b2a7453fc2c5c9567ed789d850b9f8102dc.jpeg","type":"image\/jpeg"}],"twitter_card":"summary_large_image","schema":{"@context":"https:\/\/schema.org","@graph":[{"@type":"WebPage","@id":"https:\/\/www.koonings.com\/fr\/product\/enzoani-blue-collection-sage-l\/","url":"https:\/\/www.koonings.com\/fr\/product\/enzoani-blue-collection-sage-l\/","name":"Enzoani Blue collection Sage-L | Koonings","isPartOf":{"@id":"https:\/\/www.koonings.com\/fr\/#website"},"primaryImageOfPage":{"@id":"https:\/\/www.koonings.com\/fr\/product\/enzoani-blue-collection-sage-l\/#primaryimage"},"image":{"@id":"https:\/\/www.koonings.com\/fr\/product\/enzoani-blue-collection-sage-l\/#primaryimage"},"thumbnailUrl":"https:\/\/www.koonings.com\/wp-content\/uploads\/2024\/11\/49022_570deb0670354fa4b21fe0023b2c1d25352c6b2a7453fc2c5c9567ed789d850b9f8102dc.jpeg","datePublished":"2026-04-21T16:28:51+00:00","description":"Embrassez l'\u00e9l\u00e9gance classique avec la robe de mari\u00e9e SAGE, une robe de mari\u00e9e de ligne A qui pr\u00e9sente des appliques florales Mikado 3D avec des perles sur une dentelle g\u00e9om\u00e9trique perl\u00e9e unique qui tombe doucement sur la silhouette pour cr\u00e9er une silhouette flatteuse. Le d\u00e9collet\u00e9 en V profond est assorti aux d\u00e9coupes lat\u00e9rales du corsage, tandis que la jupe est un r\u00eave de conte de f\u00e9es, compos\u00e9e de couches de tulle doux et de tulle paillet\u00e9, avec une fente haute en forme de peekaboo.","breadcrumb":{"@id":"https:\/\/www.koonings.com\/fr\/product\/enzoani-blue-collection-sage-l\/#breadcrumb"},"inLanguage":"fr-FR","potentialAction":[{"@type":"ReadAction","target":["https:\/\/www.koonings.com\/fr\/product\/enzoani-blue-collection-sage-l\/"]}]},{"@type":"ImageObject","inLanguage":"fr-FR","@id":"https:\/\/www.koonings.com\/fr\/product\/enzoani-blue-collection-sage-l\/#primaryimage","url":"https:\/\/www.koonings.com\/wp-content\/uploads\/2024\/11\/49022_570deb0670354fa4b21fe0023b2c1d25352c6b2a7453fc2c5c9567ed789d850b9f8102dc.jpeg","contentUrl":"https:\/\/www.koonings.com\/wp-content\/uploads\/2024\/11\/49022_570deb0670354fa4b21fe0023b2c1d25352c6b2a7453fc2c5c9567ed789d850b9f8102dc.jpeg","width":962,"height":1361},{"@type":"BreadcrumbList","@id":"https:\/\/www.koonings.com\/fr\/product\/enzoani-blue-collection-sage-l\/#breadcrumb","itemListElement":[{"@type":"ListItem","position":1,"name":"Home","item":"https:\/\/www.koonings.com\/fr\/"},{"@type":"ListItem","position":2,"name":"Enzoani Blue collection Sage-L"}]},{"@type":"WebSite","@id":"https:\/\/www.koonings.com\/fr\/#website","url":"https:\/\/www.koonings.com\/fr\/","name":"Koonings","description":"De grootste bruidsmodewinkel ter wereld","publisher":{"@id":"https:\/\/www.koonings.com\/fr\/#organization"},"potentialAction":[{"@type":"SearchAction","target":{"@type":"EntryPoint","urlTemplate":"https:\/\/www.koonings.com\/fr\/?s={search_term_string}"},"query-input":{"@type":"PropertyValueSpecification","valueRequired":true,"valueName":"search_term_string"}}],"inLanguage":"fr-FR"},{"@type":"Organization","@id":"https:\/\/www.koonings.com\/fr\/#organization","name":"Koonings","url":"https:\/\/www.koonings.com\/fr\/","logo":{"@type":"ImageObject","inLanguage":"fr-FR","@id":"https:\/\/www.koonings.com\/fr\/#\/schema\/logo\/image\/","url":"https:\/\/www.koonings.com\/wp-content\/uploads\/2024\/07\/logo.png","contentUrl":"https:\/\/www.koonings.com\/wp-content\/uploads\/2024\/07\/logo.png","width":600,"height":428,"caption":"Koonings"},"image":{"@id":"https:\/\/www.koonings.com\/fr\/#\/schema\/logo\/image\/"},"sameAs":["https:\/\/www.facebook.com\/kooningstheweddingpalace","https:\/\/www.instagram.com\/kooningstheweddingpalace","https:\/\/www.pinterest.com\/koonings","https:\/\/www.youtube.com\/kooningstheweddingpalace"]}]}},"_links":{"self":[{"href":"https:\/\/www.koonings.com\/fr\/wp-json\/wp\/v2\/product\/59716","targetHints":{"allow":["GET"]}}],"collection":[{"href":"https:\/\/www.koonings.com\/fr\/wp-json\/wp\/v2\/product"}],"about":[{"href":"https:\/\/www.koonings.com\/fr\/wp-json\/wp\/v2\/types\/product"}],"wp:featuredmedia":[{"embeddable":true,"href":"https:\/\/www.koonings.com\/fr\/wp-json\/wp\/v2\/media\/54239"}],"wp:attachment":[{"href":"https:\/\/www.koonings.com\/fr\/wp-json\/wp\/v2\/media?parent=59716"}],"wp:term":[{"taxonomy":"productdetails","embeddable":true,"href":"https:\/\/www.koonings.com\/fr\/wp-json\/wp\/v2\/productdetails?post=59716"},{"taxonomy":"productneck","embeddable":true,"href":"https:\/\/www.koonings.com\/fr\/wp-json\/wp\/v2\/productneck?post=59716"},{"taxonomy":"productcolor","embeddable":true,"href":"https:\/\/www.koonings.com\/fr\/wp-json\/wp\/v2\/productcolor?post=59716"},{"taxonomy":"maat","embeddable":true,"href":"https:\/\/www.koonings.com\/fr\/wp-json\/wp\/v2\/maat?post=59716"},{"taxonomy":"productsupplier","embeddable":true,"href":"https:\/\/www.koonings.com\/fr\/wp-json\/wp\/v2\/productsupplier?post=59716"},{"taxonomy":"productsleeve","embeddable":true,"href":"https:\/\/www.koonings.com\/fr\/wp-json\/wp\/v2\/productsleeve?post=59716"},{"taxonomy":"productcategory","embeddable":true,"href":"https:\/\/www.koonings.com\/fr\/wp-json\/wp\/v2\/productcategory?post=59716"},{"taxonomy":"productsilhouette","embeddable":true,"href":"https:\/\/www.koonings.com\/fr\/wp-json\/wp\/v2\/productsilhouette?post=59716"},{"taxonomy":"productstyle","embeddable":true,"href":"https:\/\/www.koonings.com\/fr\/wp-json\/wp\/v2\/productstyle?post=59716"}],"curies":[{"name":"wp","href":"https:\/\/api.w.org\/{rel}","templated":true}]}}