{"id":59714,"date":"2025-07-10T12:42:47","date_gmt":"2025-07-10T10:42:47","guid":{"rendered":"https:\/\/www.koonings.com\/product\/white-one-by-st-patrick-pao-w1125ax1\/"},"modified":"2025-06-05T13:23:39","modified_gmt":"2025-06-05T11:23:39","slug":"white-one-by-st-patrick-pao-w1125ax1","status":"publish","type":"product","link":"https:\/\/www.koonings.com\/fr\/product\/white-one-by-st-patrick-pao-w1125ax1\/","title":{"rendered":"White One by St. Patrick Pao W1125AX1"},"content":{"rendered":"<p>PAO est une robe aux d\u00e9tails fascinants. R\u00e9alis\u00e9e en tulle avec des d\u00e9tails de dentelle et des strass, elle pr\u00e9sente des d\u00e9tails diaphanes \u00e9vocateurs qui cr\u00e9ent un effet de tatouage dans le dos, un corsage couvert de broderies, une \u00e9l\u00e9gante manche capuchon et une taille prononc\u00e9e d&#8217;o\u00f9 tombe une belle jupe en ligne A qui flatte tous les types de silhouettes. <\/p>\n","protected":false},"featured_media":54214,"template":"","meta":{"_acf_changed":false,"ghostkit_customizer_options":"","ghostkit_custom_css":"","ghostkit_custom_js_head":"","ghostkit_custom_js_foot":"","ghostkit_typography":""},"productdetails":[381],"productneck":[355],"productcolor":[393,392],"maat":[],"productsupplier":[420],"productsleeve":[359],"productcategory":[18],"productsilhouette":[384],"productstyle":[366],"class_list":["post-59714","product","type-product","status-publish","has-post-thumbnail","hentry","productdetails-381","productneck-355","productcolor-393","productcolor-392","productsupplier-white-one-by-st-patrick","productsleeve-359","productcategory-trouwjurken","productsilhouette-384","productstyle-366"],"acf":[],"yoast_head":"<!-- This site is optimized with the Yoast SEO plugin v27.3 - https:\/\/yoast.com\/product\/yoast-seo-wordpress\/ -->\n<title>White One by St. Patrick Pao W1125AX1 | Koonings<\/title>\n<meta name=\"description\" content=\"PAO est une robe aux d\u00e9tails fascinants. R\u00e9alis\u00e9e en tulle avec des d\u00e9tails de dentelle et des strass, elle pr\u00e9sente des d\u00e9tails diaphanes \u00e9vocateurs qui cr\u00e9ent un effet de tatouage dans le dos, un corsage couvert de broderies, une \u00e9l\u00e9gante manche capuchon et une taille prononc\u00e9e d&#039;o\u00f9 tombe une belle jupe en ligne A qui flatte tous les types de silhouettes.\" \/>\n<meta name=\"robots\" content=\"index, follow, max-snippet:-1, max-image-preview:large, max-video-preview:-1\" \/>\n<link rel=\"canonical\" href=\"https:\/\/www.koonings.com\/fr\/product\/white-one-by-st-patrick-pao-w1125ax1\/\" \/>\n<meta property=\"og:locale\" content=\"fr_FR\" \/>\n<meta property=\"og:type\" content=\"article\" \/>\n<meta property=\"og:title\" content=\"White One by St. Patrick Pao W1125AX1 | Koonings\" \/>\n<meta property=\"og:description\" content=\"PAO est une robe aux d\u00e9tails fascinants. R\u00e9alis\u00e9e en tulle avec des d\u00e9tails de dentelle et des strass, elle pr\u00e9sente des d\u00e9tails diaphanes \u00e9vocateurs qui cr\u00e9ent un effet de tatouage dans le dos, un corsage couvert de broderies, une \u00e9l\u00e9gante manche capuchon et une taille prononc\u00e9e d&#039;o\u00f9 tombe une belle jupe en ligne A qui flatte tous les types de silhouettes.\" \/>\n<meta property=\"og:url\" content=\"https:\/\/www.koonings.com\/fr\/product\/white-one-by-st-patrick-pao-w1125ax1\/\" \/>\n<meta property=\"og:site_name\" content=\"Koonings\" \/>\n<meta property=\"article:publisher\" content=\"https:\/\/www.facebook.com\/kooningstheweddingpalace\" \/>\n<meta property=\"og:image\" content=\"https:\/\/www.koonings.com\/wp-content\/uploads\/2024\/11\/49015_c78833e08867f99d506f9992b8508cb85283ea39f2b23947c16b39a4d7dbcfad8c98b6dd.jpeg\" \/>\n\t<meta property=\"og:image:width\" content=\"677\" \/>\n\t<meta property=\"og:image:height\" content=\"956\" \/>\n\t<meta property=\"og:image:type\" content=\"image\/jpeg\" \/>\n<meta name=\"twitter:card\" content=\"summary_large_image\" \/>\n<script type=\"application\/ld+json\" class=\"yoast-schema-graph\">{\"@context\":\"https:\\\/\\\/schema.org\",\"@graph\":[{\"@type\":\"WebPage\",\"@id\":\"https:\\\/\\\/www.koonings.com\\\/fr\\\/product\\\/white-one-by-st-patrick-pao-w1125ax1\\\/\",\"url\":\"https:\\\/\\\/www.koonings.com\\\/fr\\\/product\\\/white-one-by-st-patrick-pao-w1125ax1\\\/\",\"name\":\"White One by St. Patrick Pao W1125AX1 | Koonings\",\"isPartOf\":{\"@id\":\"https:\\\/\\\/www.koonings.com\\\/fr\\\/#website\"},\"primaryImageOfPage\":{\"@id\":\"https:\\\/\\\/www.koonings.com\\\/fr\\\/product\\\/white-one-by-st-patrick-pao-w1125ax1\\\/#primaryimage\"},\"image\":{\"@id\":\"https:\\\/\\\/www.koonings.com\\\/fr\\\/product\\\/white-one-by-st-patrick-pao-w1125ax1\\\/#primaryimage\"},\"thumbnailUrl\":\"https:\\\/\\\/www.koonings.com\\\/wp-content\\\/uploads\\\/2024\\\/11\\\/49015_c78833e08867f99d506f9992b8508cb85283ea39f2b23947c16b39a4d7dbcfad8c98b6dd.jpeg\",\"datePublished\":\"2025-07-10T10:42:47+00:00\",\"description\":\"PAO est une robe aux d\u00e9tails fascinants. R\u00e9alis\u00e9e en tulle avec des d\u00e9tails de dentelle et des strass, elle pr\u00e9sente des d\u00e9tails diaphanes \u00e9vocateurs qui cr\u00e9ent un effet de tatouage dans le dos, un corsage couvert de broderies, une \u00e9l\u00e9gante manche capuchon et une taille prononc\u00e9e d'o\u00f9 tombe une belle jupe en ligne A qui flatte tous les types de silhouettes.\",\"breadcrumb\":{\"@id\":\"https:\\\/\\\/www.koonings.com\\\/fr\\\/product\\\/white-one-by-st-patrick-pao-w1125ax1\\\/#breadcrumb\"},\"inLanguage\":\"fr-FR\",\"potentialAction\":[{\"@type\":\"ReadAction\",\"target\":[\"https:\\\/\\\/www.koonings.com\\\/fr\\\/product\\\/white-one-by-st-patrick-pao-w1125ax1\\\/\"]}]},{\"@type\":\"ImageObject\",\"inLanguage\":\"fr-FR\",\"@id\":\"https:\\\/\\\/www.koonings.com\\\/fr\\\/product\\\/white-one-by-st-patrick-pao-w1125ax1\\\/#primaryimage\",\"url\":\"https:\\\/\\\/www.koonings.com\\\/wp-content\\\/uploads\\\/2024\\\/11\\\/49015_c78833e08867f99d506f9992b8508cb85283ea39f2b23947c16b39a4d7dbcfad8c98b6dd.jpeg\",\"contentUrl\":\"https:\\\/\\\/www.koonings.com\\\/wp-content\\\/uploads\\\/2024\\\/11\\\/49015_c78833e08867f99d506f9992b8508cb85283ea39f2b23947c16b39a4d7dbcfad8c98b6dd.jpeg\",\"width\":677,\"height\":956},{\"@type\":\"BreadcrumbList\",\"@id\":\"https:\\\/\\\/www.koonings.com\\\/fr\\\/product\\\/white-one-by-st-patrick-pao-w1125ax1\\\/#breadcrumb\",\"itemListElement\":[{\"@type\":\"ListItem\",\"position\":1,\"name\":\"Home\",\"item\":\"https:\\\/\\\/www.koonings.com\\\/fr\\\/\"},{\"@type\":\"ListItem\",\"position\":2,\"name\":\"White One by St. Patrick Pao W1125AX1\"}]},{\"@type\":\"WebSite\",\"@id\":\"https:\\\/\\\/www.koonings.com\\\/fr\\\/#website\",\"url\":\"https:\\\/\\\/www.koonings.com\\\/fr\\\/\",\"name\":\"Koonings\",\"description\":\"De grootste bruidsmodewinkel ter wereld\",\"publisher\":{\"@id\":\"https:\\\/\\\/www.koonings.com\\\/fr\\\/#organization\"},\"potentialAction\":[{\"@type\":\"SearchAction\",\"target\":{\"@type\":\"EntryPoint\",\"urlTemplate\":\"https:\\\/\\\/www.koonings.com\\\/fr\\\/?s={search_term_string}\"},\"query-input\":{\"@type\":\"PropertyValueSpecification\",\"valueRequired\":true,\"valueName\":\"search_term_string\"}}],\"inLanguage\":\"fr-FR\"},{\"@type\":\"Organization\",\"@id\":\"https:\\\/\\\/www.koonings.com\\\/fr\\\/#organization\",\"name\":\"Koonings\",\"url\":\"https:\\\/\\\/www.koonings.com\\\/fr\\\/\",\"logo\":{\"@type\":\"ImageObject\",\"inLanguage\":\"fr-FR\",\"@id\":\"https:\\\/\\\/www.koonings.com\\\/fr\\\/#\\\/schema\\\/logo\\\/image\\\/\",\"url\":\"https:\\\/\\\/www.koonings.com\\\/wp-content\\\/uploads\\\/2024\\\/07\\\/logo.png\",\"contentUrl\":\"https:\\\/\\\/www.koonings.com\\\/wp-content\\\/uploads\\\/2024\\\/07\\\/logo.png\",\"width\":600,\"height\":428,\"caption\":\"Koonings\"},\"image\":{\"@id\":\"https:\\\/\\\/www.koonings.com\\\/fr\\\/#\\\/schema\\\/logo\\\/image\\\/\"},\"sameAs\":[\"https:\\\/\\\/www.facebook.com\\\/kooningstheweddingpalace\",\"https:\\\/\\\/www.instagram.com\\\/kooningstheweddingpalace\",\"https:\\\/\\\/www.pinterest.com\\\/koonings\",\"https:\\\/\\\/www.youtube.com\\\/kooningstheweddingpalace\"]}]}<\/script>\n<!-- \/ Yoast SEO plugin. -->","yoast_head_json":{"title":"White One by St. Patrick Pao W1125AX1 | Koonings","description":"PAO est une robe aux d\u00e9tails fascinants. R\u00e9alis\u00e9e en tulle avec des d\u00e9tails de dentelle et des strass, elle pr\u00e9sente des d\u00e9tails diaphanes \u00e9vocateurs qui cr\u00e9ent un effet de tatouage dans le dos, un corsage couvert de broderies, une \u00e9l\u00e9gante manche capuchon et une taille prononc\u00e9e d'o\u00f9 tombe une belle jupe en ligne A qui flatte tous les types de silhouettes.","robots":{"index":"index","follow":"follow","max-snippet":"max-snippet:-1","max-image-preview":"max-image-preview:large","max-video-preview":"max-video-preview:-1"},"canonical":"https:\/\/www.koonings.com\/fr\/product\/white-one-by-st-patrick-pao-w1125ax1\/","og_locale":"fr_FR","og_type":"article","og_title":"White One by St. Patrick Pao W1125AX1 | Koonings","og_description":"PAO est une robe aux d\u00e9tails fascinants. R\u00e9alis\u00e9e en tulle avec des d\u00e9tails de dentelle et des strass, elle pr\u00e9sente des d\u00e9tails diaphanes \u00e9vocateurs qui cr\u00e9ent un effet de tatouage dans le dos, un corsage couvert de broderies, une \u00e9l\u00e9gante manche capuchon et une taille prononc\u00e9e d'o\u00f9 tombe une belle jupe en ligne A qui flatte tous les types de silhouettes.","og_url":"https:\/\/www.koonings.com\/fr\/product\/white-one-by-st-patrick-pao-w1125ax1\/","og_site_name":"Koonings","article_publisher":"https:\/\/www.facebook.com\/kooningstheweddingpalace","og_image":[{"width":677,"height":956,"url":"https:\/\/www.koonings.com\/wp-content\/uploads\/2024\/11\/49015_c78833e08867f99d506f9992b8508cb85283ea39f2b23947c16b39a4d7dbcfad8c98b6dd.jpeg","type":"image\/jpeg"}],"twitter_card":"summary_large_image","schema":{"@context":"https:\/\/schema.org","@graph":[{"@type":"WebPage","@id":"https:\/\/www.koonings.com\/fr\/product\/white-one-by-st-patrick-pao-w1125ax1\/","url":"https:\/\/www.koonings.com\/fr\/product\/white-one-by-st-patrick-pao-w1125ax1\/","name":"White One by St. Patrick Pao W1125AX1 | Koonings","isPartOf":{"@id":"https:\/\/www.koonings.com\/fr\/#website"},"primaryImageOfPage":{"@id":"https:\/\/www.koonings.com\/fr\/product\/white-one-by-st-patrick-pao-w1125ax1\/#primaryimage"},"image":{"@id":"https:\/\/www.koonings.com\/fr\/product\/white-one-by-st-patrick-pao-w1125ax1\/#primaryimage"},"thumbnailUrl":"https:\/\/www.koonings.com\/wp-content\/uploads\/2024\/11\/49015_c78833e08867f99d506f9992b8508cb85283ea39f2b23947c16b39a4d7dbcfad8c98b6dd.jpeg","datePublished":"2025-07-10T10:42:47+00:00","description":"PAO est une robe aux d\u00e9tails fascinants. R\u00e9alis\u00e9e en tulle avec des d\u00e9tails de dentelle et des strass, elle pr\u00e9sente des d\u00e9tails diaphanes \u00e9vocateurs qui cr\u00e9ent un effet de tatouage dans le dos, un corsage couvert de broderies, une \u00e9l\u00e9gante manche capuchon et une taille prononc\u00e9e d'o\u00f9 tombe une belle jupe en ligne A qui flatte tous les types de silhouettes.","breadcrumb":{"@id":"https:\/\/www.koonings.com\/fr\/product\/white-one-by-st-patrick-pao-w1125ax1\/#breadcrumb"},"inLanguage":"fr-FR","potentialAction":[{"@type":"ReadAction","target":["https:\/\/www.koonings.com\/fr\/product\/white-one-by-st-patrick-pao-w1125ax1\/"]}]},{"@type":"ImageObject","inLanguage":"fr-FR","@id":"https:\/\/www.koonings.com\/fr\/product\/white-one-by-st-patrick-pao-w1125ax1\/#primaryimage","url":"https:\/\/www.koonings.com\/wp-content\/uploads\/2024\/11\/49015_c78833e08867f99d506f9992b8508cb85283ea39f2b23947c16b39a4d7dbcfad8c98b6dd.jpeg","contentUrl":"https:\/\/www.koonings.com\/wp-content\/uploads\/2024\/11\/49015_c78833e08867f99d506f9992b8508cb85283ea39f2b23947c16b39a4d7dbcfad8c98b6dd.jpeg","width":677,"height":956},{"@type":"BreadcrumbList","@id":"https:\/\/www.koonings.com\/fr\/product\/white-one-by-st-patrick-pao-w1125ax1\/#breadcrumb","itemListElement":[{"@type":"ListItem","position":1,"name":"Home","item":"https:\/\/www.koonings.com\/fr\/"},{"@type":"ListItem","position":2,"name":"White One by St. Patrick Pao W1125AX1"}]},{"@type":"WebSite","@id":"https:\/\/www.koonings.com\/fr\/#website","url":"https:\/\/www.koonings.com\/fr\/","name":"Koonings","description":"De grootste bruidsmodewinkel ter wereld","publisher":{"@id":"https:\/\/www.koonings.com\/fr\/#organization"},"potentialAction":[{"@type":"SearchAction","target":{"@type":"EntryPoint","urlTemplate":"https:\/\/www.koonings.com\/fr\/?s={search_term_string}"},"query-input":{"@type":"PropertyValueSpecification","valueRequired":true,"valueName":"search_term_string"}}],"inLanguage":"fr-FR"},{"@type":"Organization","@id":"https:\/\/www.koonings.com\/fr\/#organization","name":"Koonings","url":"https:\/\/www.koonings.com\/fr\/","logo":{"@type":"ImageObject","inLanguage":"fr-FR","@id":"https:\/\/www.koonings.com\/fr\/#\/schema\/logo\/image\/","url":"https:\/\/www.koonings.com\/wp-content\/uploads\/2024\/07\/logo.png","contentUrl":"https:\/\/www.koonings.com\/wp-content\/uploads\/2024\/07\/logo.png","width":600,"height":428,"caption":"Koonings"},"image":{"@id":"https:\/\/www.koonings.com\/fr\/#\/schema\/logo\/image\/"},"sameAs":["https:\/\/www.facebook.com\/kooningstheweddingpalace","https:\/\/www.instagram.com\/kooningstheweddingpalace","https:\/\/www.pinterest.com\/koonings","https:\/\/www.youtube.com\/kooningstheweddingpalace"]}]}},"_links":{"self":[{"href":"https:\/\/www.koonings.com\/fr\/wp-json\/wp\/v2\/product\/59714","targetHints":{"allow":["GET"]}}],"collection":[{"href":"https:\/\/www.koonings.com\/fr\/wp-json\/wp\/v2\/product"}],"about":[{"href":"https:\/\/www.koonings.com\/fr\/wp-json\/wp\/v2\/types\/product"}],"wp:featuredmedia":[{"embeddable":true,"href":"https:\/\/www.koonings.com\/fr\/wp-json\/wp\/v2\/media\/54214"}],"wp:attachment":[{"href":"https:\/\/www.koonings.com\/fr\/wp-json\/wp\/v2\/media?parent=59714"}],"wp:term":[{"taxonomy":"productdetails","embeddable":true,"href":"https:\/\/www.koonings.com\/fr\/wp-json\/wp\/v2\/productdetails?post=59714"},{"taxonomy":"productneck","embeddable":true,"href":"https:\/\/www.koonings.com\/fr\/wp-json\/wp\/v2\/productneck?post=59714"},{"taxonomy":"productcolor","embeddable":true,"href":"https:\/\/www.koonings.com\/fr\/wp-json\/wp\/v2\/productcolor?post=59714"},{"taxonomy":"maat","embeddable":true,"href":"https:\/\/www.koonings.com\/fr\/wp-json\/wp\/v2\/maat?post=59714"},{"taxonomy":"productsupplier","embeddable":true,"href":"https:\/\/www.koonings.com\/fr\/wp-json\/wp\/v2\/productsupplier?post=59714"},{"taxonomy":"productsleeve","embeddable":true,"href":"https:\/\/www.koonings.com\/fr\/wp-json\/wp\/v2\/productsleeve?post=59714"},{"taxonomy":"productcategory","embeddable":true,"href":"https:\/\/www.koonings.com\/fr\/wp-json\/wp\/v2\/productcategory?post=59714"},{"taxonomy":"productsilhouette","embeddable":true,"href":"https:\/\/www.koonings.com\/fr\/wp-json\/wp\/v2\/productsilhouette?post=59714"},{"taxonomy":"productstyle","embeddable":true,"href":"https:\/\/www.koonings.com\/fr\/wp-json\/wp\/v2\/productstyle?post=59714"}],"curies":[{"name":"wp","href":"https:\/\/api.w.org\/{rel}","templated":true}]}}