{"id":59706,"date":"2026-05-06T15:28:21","date_gmt":"2026-05-06T13:28:21","guid":{"rendered":"https:\/\/www.koonings.com\/product\/enzoani-blue-collection-seng-l\/"},"modified":"2025-06-05T13:23:35","modified_gmt":"2025-06-05T11:23:35","slug":"enzoani-blue-collection-seng-l","status":"publish","type":"product","link":"https:\/\/www.koonings.com\/fr\/product\/enzoani-blue-collection-seng-l\/","title":{"rendered":"Enzoani Blue collection Seng-L"},"content":{"rendered":"<p>Pr\u00e9parez-vous \u00e0 \u00eatre enchant\u00e9e par la robe Seng, orn\u00e9e d&#8217;applications florales en 3D en mikado et organza perl\u00e9, cr\u00e9ant un chef-d&#8217;\u0153uvre dimensionnel qui respire l&#8217;opulence et la sophistication. Le corsage au profond d\u00e9collet\u00e9 en V souligne le d\u00e9collet\u00e9 avec allure, tandis que le dos ouvert ajoute une touche de drame et de romantisme. Fabriqu\u00e9e en cr\u00eape luxueux, la jupe tombe \u00e9l\u00e9gamment et offre une silhouette \u00e9lanc\u00e9e qui compl\u00e8te les d\u00e9tails g\u00e9om\u00e9triques complexes de la dentelle avec des perles au-dessus, faisant de cette robe une v\u00e9ritable attraction pour la mari\u00e9e moderne.  <\/p>\n","protected":false},"featured_media":54285,"template":"","meta":{"_acf_changed":false,"ghostkit_customizer_options":"","ghostkit_custom_css":"","ghostkit_custom_js_head":"","ghostkit_custom_js_foot":"","ghostkit_typography":""},"productdetails":[376,383],"productneck":[356],"productcolor":[393,392],"maat":[],"productsupplier":[405],"productsleeve":[359],"productcategory":[18],"productsilhouette":[384],"productstyle":[371],"class_list":["post-59706","product","type-product","status-publish","has-post-thumbnail","hentry","productdetails-376","productdetails-383","productneck-356","productcolor-393","productcolor-392","productsupplier-enzoani-blue-collection","productsleeve-359","productcategory-trouwjurken","productsilhouette-384","productstyle-371"],"acf":[],"yoast_head":"<!-- This site is optimized with the Yoast SEO plugin v27.3 - https:\/\/yoast.com\/product\/yoast-seo-wordpress\/ -->\n<title>Enzoani Blue collection Seng-L | Koonings<\/title>\n<meta name=\"description\" content=\"Pr\u00e9parez-vous \u00e0 \u00eatre enchant\u00e9e par la robe Seng, orn\u00e9e d&#039;applications florales en 3D en mikado et organza perl\u00e9, cr\u00e9ant un chef-d&#039;\u0153uvre dimensionnel qui respire l&#039;opulence et la sophistication. Le corsage au profond d\u00e9collet\u00e9 en V souligne le d\u00e9collet\u00e9 avec allure, tandis que le dos ouvert ajoute une touche de drame et de romantisme. Fabriqu\u00e9e en cr\u00eape luxueux, la jupe tombe \u00e9l\u00e9gamment et offre une silhouette \u00e9lanc\u00e9e qui compl\u00e8te les d\u00e9tails g\u00e9om\u00e9triques complexes de la dentelle avec des perles au-dessus, faisant de cette robe une v\u00e9ritable attraction pour la mari\u00e9e moderne.\" \/>\n<meta name=\"robots\" content=\"index, follow, max-snippet:-1, max-image-preview:large, max-video-preview:-1\" \/>\n<link rel=\"canonical\" href=\"https:\/\/www.koonings.com\/fr\/product\/enzoani-blue-collection-seng-l\/\" \/>\n<meta property=\"og:locale\" content=\"fr_FR\" \/>\n<meta property=\"og:type\" content=\"article\" \/>\n<meta property=\"og:title\" content=\"Enzoani Blue collection Seng-L | Koonings\" \/>\n<meta property=\"og:description\" content=\"Pr\u00e9parez-vous \u00e0 \u00eatre enchant\u00e9e par la robe Seng, orn\u00e9e d&#039;applications florales en 3D en mikado et organza perl\u00e9, cr\u00e9ant un chef-d&#039;\u0153uvre dimensionnel qui respire l&#039;opulence et la sophistication. Le corsage au profond d\u00e9collet\u00e9 en V souligne le d\u00e9collet\u00e9 avec allure, tandis que le dos ouvert ajoute une touche de drame et de romantisme. Fabriqu\u00e9e en cr\u00eape luxueux, la jupe tombe \u00e9l\u00e9gamment et offre une silhouette \u00e9lanc\u00e9e qui compl\u00e8te les d\u00e9tails g\u00e9om\u00e9triques complexes de la dentelle avec des perles au-dessus, faisant de cette robe une v\u00e9ritable attraction pour la mari\u00e9e moderne.\" \/>\n<meta property=\"og:url\" content=\"https:\/\/www.koonings.com\/fr\/product\/enzoani-blue-collection-seng-l\/\" \/>\n<meta property=\"og:site_name\" content=\"Koonings\" \/>\n<meta property=\"article:publisher\" content=\"https:\/\/www.facebook.com\/kooningstheweddingpalace\" \/>\n<meta property=\"og:image\" content=\"https:\/\/www.koonings.com\/wp-content\/uploads\/2024\/11\/49030_21f2d9745d7fc16854bf235fd45809c534f1e0020be80b40bcdaa5fa5b7cae13a1c7d312.jpeg\" \/>\n\t<meta property=\"og:image:width\" content=\"959\" \/>\n\t<meta property=\"og:image:height\" content=\"1358\" \/>\n\t<meta property=\"og:image:type\" content=\"image\/jpeg\" \/>\n<meta name=\"twitter:card\" content=\"summary_large_image\" \/>\n<meta name=\"twitter:label1\" content=\"Dur\u00e9e de lecture estim\u00e9e\" \/>\n\t<meta name=\"twitter:data1\" content=\"1 minute\" \/>\n<script type=\"application\/ld+json\" class=\"yoast-schema-graph\">{\"@context\":\"https:\\\/\\\/schema.org\",\"@graph\":[{\"@type\":\"WebPage\",\"@id\":\"https:\\\/\\\/www.koonings.com\\\/fr\\\/product\\\/enzoani-blue-collection-seng-l\\\/\",\"url\":\"https:\\\/\\\/www.koonings.com\\\/fr\\\/product\\\/enzoani-blue-collection-seng-l\\\/\",\"name\":\"Enzoani Blue collection Seng-L | Koonings\",\"isPartOf\":{\"@id\":\"https:\\\/\\\/www.koonings.com\\\/fr\\\/#website\"},\"primaryImageOfPage\":{\"@id\":\"https:\\\/\\\/www.koonings.com\\\/fr\\\/product\\\/enzoani-blue-collection-seng-l\\\/#primaryimage\"},\"image\":{\"@id\":\"https:\\\/\\\/www.koonings.com\\\/fr\\\/product\\\/enzoani-blue-collection-seng-l\\\/#primaryimage\"},\"thumbnailUrl\":\"https:\\\/\\\/www.koonings.com\\\/wp-content\\\/uploads\\\/2024\\\/11\\\/49030_21f2d9745d7fc16854bf235fd45809c534f1e0020be80b40bcdaa5fa5b7cae13a1c7d312.jpeg\",\"datePublished\":\"2026-05-06T13:28:21+00:00\",\"description\":\"Pr\u00e9parez-vous \u00e0 \u00eatre enchant\u00e9e par la robe Seng, orn\u00e9e d'applications florales en 3D en mikado et organza perl\u00e9, cr\u00e9ant un chef-d'\u0153uvre dimensionnel qui respire l'opulence et la sophistication. Le corsage au profond d\u00e9collet\u00e9 en V souligne le d\u00e9collet\u00e9 avec allure, tandis que le dos ouvert ajoute une touche de drame et de romantisme. Fabriqu\u00e9e en cr\u00eape luxueux, la jupe tombe \u00e9l\u00e9gamment et offre une silhouette \u00e9lanc\u00e9e qui compl\u00e8te les d\u00e9tails g\u00e9om\u00e9triques complexes de la dentelle avec des perles au-dessus, faisant de cette robe une v\u00e9ritable attraction pour la mari\u00e9e moderne.\",\"breadcrumb\":{\"@id\":\"https:\\\/\\\/www.koonings.com\\\/fr\\\/product\\\/enzoani-blue-collection-seng-l\\\/#breadcrumb\"},\"inLanguage\":\"fr-FR\",\"potentialAction\":[{\"@type\":\"ReadAction\",\"target\":[\"https:\\\/\\\/www.koonings.com\\\/fr\\\/product\\\/enzoani-blue-collection-seng-l\\\/\"]}]},{\"@type\":\"ImageObject\",\"inLanguage\":\"fr-FR\",\"@id\":\"https:\\\/\\\/www.koonings.com\\\/fr\\\/product\\\/enzoani-blue-collection-seng-l\\\/#primaryimage\",\"url\":\"https:\\\/\\\/www.koonings.com\\\/wp-content\\\/uploads\\\/2024\\\/11\\\/49030_21f2d9745d7fc16854bf235fd45809c534f1e0020be80b40bcdaa5fa5b7cae13a1c7d312.jpeg\",\"contentUrl\":\"https:\\\/\\\/www.koonings.com\\\/wp-content\\\/uploads\\\/2024\\\/11\\\/49030_21f2d9745d7fc16854bf235fd45809c534f1e0020be80b40bcdaa5fa5b7cae13a1c7d312.jpeg\",\"width\":959,\"height\":1358},{\"@type\":\"BreadcrumbList\",\"@id\":\"https:\\\/\\\/www.koonings.com\\\/fr\\\/product\\\/enzoani-blue-collection-seng-l\\\/#breadcrumb\",\"itemListElement\":[{\"@type\":\"ListItem\",\"position\":1,\"name\":\"Home\",\"item\":\"https:\\\/\\\/www.koonings.com\\\/fr\\\/\"},{\"@type\":\"ListItem\",\"position\":2,\"name\":\"Enzoani Blue collection Seng-L\"}]},{\"@type\":\"WebSite\",\"@id\":\"https:\\\/\\\/www.koonings.com\\\/fr\\\/#website\",\"url\":\"https:\\\/\\\/www.koonings.com\\\/fr\\\/\",\"name\":\"Koonings\",\"description\":\"De grootste bruidsmodewinkel ter wereld\",\"publisher\":{\"@id\":\"https:\\\/\\\/www.koonings.com\\\/fr\\\/#organization\"},\"potentialAction\":[{\"@type\":\"SearchAction\",\"target\":{\"@type\":\"EntryPoint\",\"urlTemplate\":\"https:\\\/\\\/www.koonings.com\\\/fr\\\/?s={search_term_string}\"},\"query-input\":{\"@type\":\"PropertyValueSpecification\",\"valueRequired\":true,\"valueName\":\"search_term_string\"}}],\"inLanguage\":\"fr-FR\"},{\"@type\":\"Organization\",\"@id\":\"https:\\\/\\\/www.koonings.com\\\/fr\\\/#organization\",\"name\":\"Koonings\",\"url\":\"https:\\\/\\\/www.koonings.com\\\/fr\\\/\",\"logo\":{\"@type\":\"ImageObject\",\"inLanguage\":\"fr-FR\",\"@id\":\"https:\\\/\\\/www.koonings.com\\\/fr\\\/#\\\/schema\\\/logo\\\/image\\\/\",\"url\":\"https:\\\/\\\/www.koonings.com\\\/wp-content\\\/uploads\\\/2024\\\/07\\\/logo.png\",\"contentUrl\":\"https:\\\/\\\/www.koonings.com\\\/wp-content\\\/uploads\\\/2024\\\/07\\\/logo.png\",\"width\":600,\"height\":428,\"caption\":\"Koonings\"},\"image\":{\"@id\":\"https:\\\/\\\/www.koonings.com\\\/fr\\\/#\\\/schema\\\/logo\\\/image\\\/\"},\"sameAs\":[\"https:\\\/\\\/www.facebook.com\\\/kooningstheweddingpalace\",\"https:\\\/\\\/www.instagram.com\\\/kooningstheweddingpalace\",\"https:\\\/\\\/www.pinterest.com\\\/koonings\",\"https:\\\/\\\/www.youtube.com\\\/kooningstheweddingpalace\"]}]}<\/script>\n<!-- \/ Yoast SEO plugin. -->","yoast_head_json":{"title":"Enzoani Blue collection Seng-L | Koonings","description":"Pr\u00e9parez-vous \u00e0 \u00eatre enchant\u00e9e par la robe Seng, orn\u00e9e d'applications florales en 3D en mikado et organza perl\u00e9, cr\u00e9ant un chef-d'\u0153uvre dimensionnel qui respire l'opulence et la sophistication. Le corsage au profond d\u00e9collet\u00e9 en V souligne le d\u00e9collet\u00e9 avec allure, tandis que le dos ouvert ajoute une touche de drame et de romantisme. Fabriqu\u00e9e en cr\u00eape luxueux, la jupe tombe \u00e9l\u00e9gamment et offre une silhouette \u00e9lanc\u00e9e qui compl\u00e8te les d\u00e9tails g\u00e9om\u00e9triques complexes de la dentelle avec des perles au-dessus, faisant de cette robe une v\u00e9ritable attraction pour la mari\u00e9e moderne.","robots":{"index":"index","follow":"follow","max-snippet":"max-snippet:-1","max-image-preview":"max-image-preview:large","max-video-preview":"max-video-preview:-1"},"canonical":"https:\/\/www.koonings.com\/fr\/product\/enzoani-blue-collection-seng-l\/","og_locale":"fr_FR","og_type":"article","og_title":"Enzoani Blue collection Seng-L | Koonings","og_description":"Pr\u00e9parez-vous \u00e0 \u00eatre enchant\u00e9e par la robe Seng, orn\u00e9e d'applications florales en 3D en mikado et organza perl\u00e9, cr\u00e9ant un chef-d'\u0153uvre dimensionnel qui respire l'opulence et la sophistication. Le corsage au profond d\u00e9collet\u00e9 en V souligne le d\u00e9collet\u00e9 avec allure, tandis que le dos ouvert ajoute une touche de drame et de romantisme. Fabriqu\u00e9e en cr\u00eape luxueux, la jupe tombe \u00e9l\u00e9gamment et offre une silhouette \u00e9lanc\u00e9e qui compl\u00e8te les d\u00e9tails g\u00e9om\u00e9triques complexes de la dentelle avec des perles au-dessus, faisant de cette robe une v\u00e9ritable attraction pour la mari\u00e9e moderne.","og_url":"https:\/\/www.koonings.com\/fr\/product\/enzoani-blue-collection-seng-l\/","og_site_name":"Koonings","article_publisher":"https:\/\/www.facebook.com\/kooningstheweddingpalace","og_image":[{"width":959,"height":1358,"url":"https:\/\/www.koonings.com\/wp-content\/uploads\/2024\/11\/49030_21f2d9745d7fc16854bf235fd45809c534f1e0020be80b40bcdaa5fa5b7cae13a1c7d312.jpeg","type":"image\/jpeg"}],"twitter_card":"summary_large_image","twitter_misc":{"Dur\u00e9e de lecture estim\u00e9e":"1 minute"},"schema":{"@context":"https:\/\/schema.org","@graph":[{"@type":"WebPage","@id":"https:\/\/www.koonings.com\/fr\/product\/enzoani-blue-collection-seng-l\/","url":"https:\/\/www.koonings.com\/fr\/product\/enzoani-blue-collection-seng-l\/","name":"Enzoani Blue collection Seng-L | Koonings","isPartOf":{"@id":"https:\/\/www.koonings.com\/fr\/#website"},"primaryImageOfPage":{"@id":"https:\/\/www.koonings.com\/fr\/product\/enzoani-blue-collection-seng-l\/#primaryimage"},"image":{"@id":"https:\/\/www.koonings.com\/fr\/product\/enzoani-blue-collection-seng-l\/#primaryimage"},"thumbnailUrl":"https:\/\/www.koonings.com\/wp-content\/uploads\/2024\/11\/49030_21f2d9745d7fc16854bf235fd45809c534f1e0020be80b40bcdaa5fa5b7cae13a1c7d312.jpeg","datePublished":"2026-05-06T13:28:21+00:00","description":"Pr\u00e9parez-vous \u00e0 \u00eatre enchant\u00e9e par la robe Seng, orn\u00e9e d'applications florales en 3D en mikado et organza perl\u00e9, cr\u00e9ant un chef-d'\u0153uvre dimensionnel qui respire l'opulence et la sophistication. Le corsage au profond d\u00e9collet\u00e9 en V souligne le d\u00e9collet\u00e9 avec allure, tandis que le dos ouvert ajoute une touche de drame et de romantisme. Fabriqu\u00e9e en cr\u00eape luxueux, la jupe tombe \u00e9l\u00e9gamment et offre une silhouette \u00e9lanc\u00e9e qui compl\u00e8te les d\u00e9tails g\u00e9om\u00e9triques complexes de la dentelle avec des perles au-dessus, faisant de cette robe une v\u00e9ritable attraction pour la mari\u00e9e moderne.","breadcrumb":{"@id":"https:\/\/www.koonings.com\/fr\/product\/enzoani-blue-collection-seng-l\/#breadcrumb"},"inLanguage":"fr-FR","potentialAction":[{"@type":"ReadAction","target":["https:\/\/www.koonings.com\/fr\/product\/enzoani-blue-collection-seng-l\/"]}]},{"@type":"ImageObject","inLanguage":"fr-FR","@id":"https:\/\/www.koonings.com\/fr\/product\/enzoani-blue-collection-seng-l\/#primaryimage","url":"https:\/\/www.koonings.com\/wp-content\/uploads\/2024\/11\/49030_21f2d9745d7fc16854bf235fd45809c534f1e0020be80b40bcdaa5fa5b7cae13a1c7d312.jpeg","contentUrl":"https:\/\/www.koonings.com\/wp-content\/uploads\/2024\/11\/49030_21f2d9745d7fc16854bf235fd45809c534f1e0020be80b40bcdaa5fa5b7cae13a1c7d312.jpeg","width":959,"height":1358},{"@type":"BreadcrumbList","@id":"https:\/\/www.koonings.com\/fr\/product\/enzoani-blue-collection-seng-l\/#breadcrumb","itemListElement":[{"@type":"ListItem","position":1,"name":"Home","item":"https:\/\/www.koonings.com\/fr\/"},{"@type":"ListItem","position":2,"name":"Enzoani Blue collection Seng-L"}]},{"@type":"WebSite","@id":"https:\/\/www.koonings.com\/fr\/#website","url":"https:\/\/www.koonings.com\/fr\/","name":"Koonings","description":"De grootste bruidsmodewinkel ter wereld","publisher":{"@id":"https:\/\/www.koonings.com\/fr\/#organization"},"potentialAction":[{"@type":"SearchAction","target":{"@type":"EntryPoint","urlTemplate":"https:\/\/www.koonings.com\/fr\/?s={search_term_string}"},"query-input":{"@type":"PropertyValueSpecification","valueRequired":true,"valueName":"search_term_string"}}],"inLanguage":"fr-FR"},{"@type":"Organization","@id":"https:\/\/www.koonings.com\/fr\/#organization","name":"Koonings","url":"https:\/\/www.koonings.com\/fr\/","logo":{"@type":"ImageObject","inLanguage":"fr-FR","@id":"https:\/\/www.koonings.com\/fr\/#\/schema\/logo\/image\/","url":"https:\/\/www.koonings.com\/wp-content\/uploads\/2024\/07\/logo.png","contentUrl":"https:\/\/www.koonings.com\/wp-content\/uploads\/2024\/07\/logo.png","width":600,"height":428,"caption":"Koonings"},"image":{"@id":"https:\/\/www.koonings.com\/fr\/#\/schema\/logo\/image\/"},"sameAs":["https:\/\/www.facebook.com\/kooningstheweddingpalace","https:\/\/www.instagram.com\/kooningstheweddingpalace","https:\/\/www.pinterest.com\/koonings","https:\/\/www.youtube.com\/kooningstheweddingpalace"]}]}},"_links":{"self":[{"href":"https:\/\/www.koonings.com\/fr\/wp-json\/wp\/v2\/product\/59706","targetHints":{"allow":["GET"]}}],"collection":[{"href":"https:\/\/www.koonings.com\/fr\/wp-json\/wp\/v2\/product"}],"about":[{"href":"https:\/\/www.koonings.com\/fr\/wp-json\/wp\/v2\/types\/product"}],"wp:featuredmedia":[{"embeddable":true,"href":"https:\/\/www.koonings.com\/fr\/wp-json\/wp\/v2\/media\/54285"}],"wp:attachment":[{"href":"https:\/\/www.koonings.com\/fr\/wp-json\/wp\/v2\/media?parent=59706"}],"wp:term":[{"taxonomy":"productdetails","embeddable":true,"href":"https:\/\/www.koonings.com\/fr\/wp-json\/wp\/v2\/productdetails?post=59706"},{"taxonomy":"productneck","embeddable":true,"href":"https:\/\/www.koonings.com\/fr\/wp-json\/wp\/v2\/productneck?post=59706"},{"taxonomy":"productcolor","embeddable":true,"href":"https:\/\/www.koonings.com\/fr\/wp-json\/wp\/v2\/productcolor?post=59706"},{"taxonomy":"maat","embeddable":true,"href":"https:\/\/www.koonings.com\/fr\/wp-json\/wp\/v2\/maat?post=59706"},{"taxonomy":"productsupplier","embeddable":true,"href":"https:\/\/www.koonings.com\/fr\/wp-json\/wp\/v2\/productsupplier?post=59706"},{"taxonomy":"productsleeve","embeddable":true,"href":"https:\/\/www.koonings.com\/fr\/wp-json\/wp\/v2\/productsleeve?post=59706"},{"taxonomy":"productcategory","embeddable":true,"href":"https:\/\/www.koonings.com\/fr\/wp-json\/wp\/v2\/productcategory?post=59706"},{"taxonomy":"productsilhouette","embeddable":true,"href":"https:\/\/www.koonings.com\/fr\/wp-json\/wp\/v2\/productsilhouette?post=59706"},{"taxonomy":"productstyle","embeddable":true,"href":"https:\/\/www.koonings.com\/fr\/wp-json\/wp\/v2\/productstyle?post=59706"}],"curies":[{"name":"wp","href":"https:\/\/api.w.org\/{rel}","templated":true}]}}