{"id":59687,"date":"2024-11-18T15:48:26","date_gmt":"2024-11-18T14:48:26","guid":{"rendered":"https:\/\/www.koonings.com\/product\/le-papillon-by-modeca-elias\/"},"modified":"2026-02-03T19:04:07","modified_gmt":"2026-02-03T18:04:07","slug":"le-papillon-by-modeca-elias","status":"publish","type":"product","link":"https:\/\/www.koonings.com\/fr\/product\/le-papillon-by-modeca-elias\/","title":{"rendered":"Le Papillon par Modeca Elias"},"content":{"rendered":"<p>Voici Elias, une robe enchanteresse de type A-line con\u00e7ue pour voler votre c\u0153ur. Le corsage illusion est orn\u00e9 de dentelle complexe, de perles et de paillettes, ajoutant la quantit\u00e9 parfaite d&#8217;\u00e9clat \u00e0 ce look de mari\u00e9e. Compl\u00e9t\u00e9e par une jupe en tulle \u00e9tincelante et un dos en V d\u00e9licat, cette robe est une vision de beaut\u00e9 intemporelle, parfaite pour la mari\u00e9e en qu\u00eate de romantisme et de sophistication pour son grand jour. Cette robe est \u00e9galement disponible en tulle uni &#8211; Elias-A.   <\/p>\n","protected":false},"featured_media":53620,"template":"","meta":{"_acf_changed":false,"ghostkit_customizer_options":"","ghostkit_custom_css":"","ghostkit_custom_js_head":"","ghostkit_custom_js_foot":"","ghostkit_typography":""},"productdetails":[381],"productneck":[356],"productcolor":[393,392],"maat":[],"productsupplier":[411],"productsleeve":[359],"productcategory":[18],"productsilhouette":[384],"productstyle":[366],"class_list":["post-59687","product","type-product","status-publish","has-post-thumbnail","hentry","productdetails-381","productneck-356","productcolor-393","productcolor-392","productsupplier-le-papillon-by-modeca","productsleeve-359","productcategory-trouwjurken","productsilhouette-384","productstyle-366"],"acf":[],"yoast_head":"<!-- This site is optimized with the Yoast SEO plugin v27.3 - https:\/\/yoast.com\/product\/yoast-seo-wordpress\/ -->\n<title>Le Papillon par Modeca Elias | Koonings<\/title>\n<meta name=\"description\" content=\"Voici Elias, une robe enchanteresse de type A-line con\u00e7ue pour voler votre c\u0153ur. Le corsage illusion est orn\u00e9 de dentelle complexe, de perles et de paillettes, ajoutant la quantit\u00e9 parfaite d&#039;\u00e9clat \u00e0 ce look de mari\u00e9e. Compl\u00e9t\u00e9e par une jupe en tulle \u00e9tincelante et un dos en V d\u00e9licat, cette robe est une vision de beaut\u00e9 intemporelle, parfaite pour la mari\u00e9e en qu\u00eate de romantisme et de sophistication pour son grand jour. Cette robe est \u00e9galement disponible en tulle uni - Elias-A.\" \/>\n<meta name=\"robots\" content=\"index, follow, max-snippet:-1, max-image-preview:large, max-video-preview:-1\" \/>\n<link rel=\"canonical\" href=\"https:\/\/www.koonings.com\/fr\/product\/le-papillon-by-modeca-elias\/\" \/>\n<meta property=\"og:locale\" content=\"fr_FR\" \/>\n<meta property=\"og:type\" content=\"article\" \/>\n<meta property=\"og:title\" content=\"Le Papillon par Modeca Elias | Koonings\" \/>\n<meta property=\"og:description\" content=\"Voici Elias, une robe enchanteresse de type A-line con\u00e7ue pour voler votre c\u0153ur. Le corsage illusion est orn\u00e9 de dentelle complexe, de perles et de paillettes, ajoutant la quantit\u00e9 parfaite d&#039;\u00e9clat \u00e0 ce look de mari\u00e9e. Compl\u00e9t\u00e9e par une jupe en tulle \u00e9tincelante et un dos en V d\u00e9licat, cette robe est une vision de beaut\u00e9 intemporelle, parfaite pour la mari\u00e9e en qu\u00eate de romantisme et de sophistication pour son grand jour. Cette robe est \u00e9galement disponible en tulle uni - Elias-A.\" \/>\n<meta property=\"og:url\" content=\"https:\/\/www.koonings.com\/fr\/product\/le-papillon-by-modeca-elias\/\" \/>\n<meta property=\"og:site_name\" content=\"Koonings\" \/>\n<meta property=\"article:publisher\" content=\"https:\/\/www.facebook.com\/kooningstheweddingpalace\" \/>\n<meta property=\"article:modified_time\" content=\"2026-02-03T18:04:07+00:00\" \/>\n<meta property=\"og:image\" content=\"https:\/\/www.koonings.com\/wp-content\/uploads\/2024\/11\/48965_a359285c1b7e3d630fa2444a77d5e8967bc3072f8be427deac0992a510f3294ed1c2dc47.jpeg\" \/>\n\t<meta property=\"og:image:width\" content=\"824\" \/>\n\t<meta property=\"og:image:height\" content=\"1166\" \/>\n\t<meta property=\"og:image:type\" content=\"image\/jpeg\" \/>\n<meta name=\"twitter:card\" content=\"summary_large_image\" \/>\n<script type=\"application\/ld+json\" class=\"yoast-schema-graph\">{\"@context\":\"https:\\\/\\\/schema.org\",\"@graph\":[{\"@type\":\"WebPage\",\"@id\":\"https:\\\/\\\/www.koonings.com\\\/fr\\\/product\\\/le-papillon-by-modeca-elias\\\/\",\"url\":\"https:\\\/\\\/www.koonings.com\\\/fr\\\/product\\\/le-papillon-by-modeca-elias\\\/\",\"name\":\"Le Papillon par Modeca Elias | Koonings\",\"isPartOf\":{\"@id\":\"https:\\\/\\\/www.koonings.com\\\/fr\\\/#website\"},\"primaryImageOfPage\":{\"@id\":\"https:\\\/\\\/www.koonings.com\\\/fr\\\/product\\\/le-papillon-by-modeca-elias\\\/#primaryimage\"},\"image\":{\"@id\":\"https:\\\/\\\/www.koonings.com\\\/fr\\\/product\\\/le-papillon-by-modeca-elias\\\/#primaryimage\"},\"thumbnailUrl\":\"https:\\\/\\\/www.koonings.com\\\/wp-content\\\/uploads\\\/2024\\\/11\\\/48965_a359285c1b7e3d630fa2444a77d5e8967bc3072f8be427deac0992a510f3294ed1c2dc47.jpeg\",\"datePublished\":\"2024-11-18T14:48:26+00:00\",\"dateModified\":\"2026-02-03T18:04:07+00:00\",\"description\":\"Voici Elias, une robe enchanteresse de type A-line con\u00e7ue pour voler votre c\u0153ur. Le corsage illusion est orn\u00e9 de dentelle complexe, de perles et de paillettes, ajoutant la quantit\u00e9 parfaite d'\u00e9clat \u00e0 ce look de mari\u00e9e. Compl\u00e9t\u00e9e par une jupe en tulle \u00e9tincelante et un dos en V d\u00e9licat, cette robe est une vision de beaut\u00e9 intemporelle, parfaite pour la mari\u00e9e en qu\u00eate de romantisme et de sophistication pour son grand jour. Cette robe est \u00e9galement disponible en tulle uni - Elias-A.\",\"breadcrumb\":{\"@id\":\"https:\\\/\\\/www.koonings.com\\\/fr\\\/product\\\/le-papillon-by-modeca-elias\\\/#breadcrumb\"},\"inLanguage\":\"fr-FR\",\"potentialAction\":[{\"@type\":\"ReadAction\",\"target\":[\"https:\\\/\\\/www.koonings.com\\\/fr\\\/product\\\/le-papillon-by-modeca-elias\\\/\"]}]},{\"@type\":\"ImageObject\",\"inLanguage\":\"fr-FR\",\"@id\":\"https:\\\/\\\/www.koonings.com\\\/fr\\\/product\\\/le-papillon-by-modeca-elias\\\/#primaryimage\",\"url\":\"https:\\\/\\\/www.koonings.com\\\/wp-content\\\/uploads\\\/2024\\\/11\\\/48965_a359285c1b7e3d630fa2444a77d5e8967bc3072f8be427deac0992a510f3294ed1c2dc47.jpeg\",\"contentUrl\":\"https:\\\/\\\/www.koonings.com\\\/wp-content\\\/uploads\\\/2024\\\/11\\\/48965_a359285c1b7e3d630fa2444a77d5e8967bc3072f8be427deac0992a510f3294ed1c2dc47.jpeg\",\"width\":824,\"height\":1166},{\"@type\":\"BreadcrumbList\",\"@id\":\"https:\\\/\\\/www.koonings.com\\\/fr\\\/product\\\/le-papillon-by-modeca-elias\\\/#breadcrumb\",\"itemListElement\":[{\"@type\":\"ListItem\",\"position\":1,\"name\":\"Home\",\"item\":\"https:\\\/\\\/www.koonings.com\\\/fr\\\/\"},{\"@type\":\"ListItem\",\"position\":2,\"name\":\"Le Papillon par Modeca Elias\"}]},{\"@type\":\"WebSite\",\"@id\":\"https:\\\/\\\/www.koonings.com\\\/fr\\\/#website\",\"url\":\"https:\\\/\\\/www.koonings.com\\\/fr\\\/\",\"name\":\"Koonings\",\"description\":\"De grootste bruidsmodewinkel ter wereld\",\"publisher\":{\"@id\":\"https:\\\/\\\/www.koonings.com\\\/fr\\\/#organization\"},\"potentialAction\":[{\"@type\":\"SearchAction\",\"target\":{\"@type\":\"EntryPoint\",\"urlTemplate\":\"https:\\\/\\\/www.koonings.com\\\/fr\\\/?s={search_term_string}\"},\"query-input\":{\"@type\":\"PropertyValueSpecification\",\"valueRequired\":true,\"valueName\":\"search_term_string\"}}],\"inLanguage\":\"fr-FR\"},{\"@type\":\"Organization\",\"@id\":\"https:\\\/\\\/www.koonings.com\\\/fr\\\/#organization\",\"name\":\"Koonings\",\"url\":\"https:\\\/\\\/www.koonings.com\\\/fr\\\/\",\"logo\":{\"@type\":\"ImageObject\",\"inLanguage\":\"fr-FR\",\"@id\":\"https:\\\/\\\/www.koonings.com\\\/fr\\\/#\\\/schema\\\/logo\\\/image\\\/\",\"url\":\"https:\\\/\\\/www.koonings.com\\\/wp-content\\\/uploads\\\/2024\\\/07\\\/logo.png\",\"contentUrl\":\"https:\\\/\\\/www.koonings.com\\\/wp-content\\\/uploads\\\/2024\\\/07\\\/logo.png\",\"width\":600,\"height\":428,\"caption\":\"Koonings\"},\"image\":{\"@id\":\"https:\\\/\\\/www.koonings.com\\\/fr\\\/#\\\/schema\\\/logo\\\/image\\\/\"},\"sameAs\":[\"https:\\\/\\\/www.facebook.com\\\/kooningstheweddingpalace\",\"https:\\\/\\\/www.instagram.com\\\/kooningstheweddingpalace\",\"https:\\\/\\\/www.pinterest.com\\\/koonings\",\"https:\\\/\\\/www.youtube.com\\\/kooningstheweddingpalace\"]}]}<\/script>\n<!-- \/ Yoast SEO plugin. -->","yoast_head_json":{"title":"Le Papillon par Modeca Elias | Koonings","description":"Voici Elias, une robe enchanteresse de type A-line con\u00e7ue pour voler votre c\u0153ur. Le corsage illusion est orn\u00e9 de dentelle complexe, de perles et de paillettes, ajoutant la quantit\u00e9 parfaite d'\u00e9clat \u00e0 ce look de mari\u00e9e. Compl\u00e9t\u00e9e par une jupe en tulle \u00e9tincelante et un dos en V d\u00e9licat, cette robe est une vision de beaut\u00e9 intemporelle, parfaite pour la mari\u00e9e en qu\u00eate de romantisme et de sophistication pour son grand jour. Cette robe est \u00e9galement disponible en tulle uni - Elias-A.","robots":{"index":"index","follow":"follow","max-snippet":"max-snippet:-1","max-image-preview":"max-image-preview:large","max-video-preview":"max-video-preview:-1"},"canonical":"https:\/\/www.koonings.com\/fr\/product\/le-papillon-by-modeca-elias\/","og_locale":"fr_FR","og_type":"article","og_title":"Le Papillon par Modeca Elias | Koonings","og_description":"Voici Elias, une robe enchanteresse de type A-line con\u00e7ue pour voler votre c\u0153ur. Le corsage illusion est orn\u00e9 de dentelle complexe, de perles et de paillettes, ajoutant la quantit\u00e9 parfaite d'\u00e9clat \u00e0 ce look de mari\u00e9e. Compl\u00e9t\u00e9e par une jupe en tulle \u00e9tincelante et un dos en V d\u00e9licat, cette robe est une vision de beaut\u00e9 intemporelle, parfaite pour la mari\u00e9e en qu\u00eate de romantisme et de sophistication pour son grand jour. Cette robe est \u00e9galement disponible en tulle uni - Elias-A.","og_url":"https:\/\/www.koonings.com\/fr\/product\/le-papillon-by-modeca-elias\/","og_site_name":"Koonings","article_publisher":"https:\/\/www.facebook.com\/kooningstheweddingpalace","article_modified_time":"2026-02-03T18:04:07+00:00","og_image":[{"width":824,"height":1166,"url":"https:\/\/www.koonings.com\/wp-content\/uploads\/2024\/11\/48965_a359285c1b7e3d630fa2444a77d5e8967bc3072f8be427deac0992a510f3294ed1c2dc47.jpeg","type":"image\/jpeg"}],"twitter_card":"summary_large_image","schema":{"@context":"https:\/\/schema.org","@graph":[{"@type":"WebPage","@id":"https:\/\/www.koonings.com\/fr\/product\/le-papillon-by-modeca-elias\/","url":"https:\/\/www.koonings.com\/fr\/product\/le-papillon-by-modeca-elias\/","name":"Le Papillon par Modeca Elias | Koonings","isPartOf":{"@id":"https:\/\/www.koonings.com\/fr\/#website"},"primaryImageOfPage":{"@id":"https:\/\/www.koonings.com\/fr\/product\/le-papillon-by-modeca-elias\/#primaryimage"},"image":{"@id":"https:\/\/www.koonings.com\/fr\/product\/le-papillon-by-modeca-elias\/#primaryimage"},"thumbnailUrl":"https:\/\/www.koonings.com\/wp-content\/uploads\/2024\/11\/48965_a359285c1b7e3d630fa2444a77d5e8967bc3072f8be427deac0992a510f3294ed1c2dc47.jpeg","datePublished":"2024-11-18T14:48:26+00:00","dateModified":"2026-02-03T18:04:07+00:00","description":"Voici Elias, une robe enchanteresse de type A-line con\u00e7ue pour voler votre c\u0153ur. Le corsage illusion est orn\u00e9 de dentelle complexe, de perles et de paillettes, ajoutant la quantit\u00e9 parfaite d'\u00e9clat \u00e0 ce look de mari\u00e9e. Compl\u00e9t\u00e9e par une jupe en tulle \u00e9tincelante et un dos en V d\u00e9licat, cette robe est une vision de beaut\u00e9 intemporelle, parfaite pour la mari\u00e9e en qu\u00eate de romantisme et de sophistication pour son grand jour. Cette robe est \u00e9galement disponible en tulle uni - Elias-A.","breadcrumb":{"@id":"https:\/\/www.koonings.com\/fr\/product\/le-papillon-by-modeca-elias\/#breadcrumb"},"inLanguage":"fr-FR","potentialAction":[{"@type":"ReadAction","target":["https:\/\/www.koonings.com\/fr\/product\/le-papillon-by-modeca-elias\/"]}]},{"@type":"ImageObject","inLanguage":"fr-FR","@id":"https:\/\/www.koonings.com\/fr\/product\/le-papillon-by-modeca-elias\/#primaryimage","url":"https:\/\/www.koonings.com\/wp-content\/uploads\/2024\/11\/48965_a359285c1b7e3d630fa2444a77d5e8967bc3072f8be427deac0992a510f3294ed1c2dc47.jpeg","contentUrl":"https:\/\/www.koonings.com\/wp-content\/uploads\/2024\/11\/48965_a359285c1b7e3d630fa2444a77d5e8967bc3072f8be427deac0992a510f3294ed1c2dc47.jpeg","width":824,"height":1166},{"@type":"BreadcrumbList","@id":"https:\/\/www.koonings.com\/fr\/product\/le-papillon-by-modeca-elias\/#breadcrumb","itemListElement":[{"@type":"ListItem","position":1,"name":"Home","item":"https:\/\/www.koonings.com\/fr\/"},{"@type":"ListItem","position":2,"name":"Le Papillon par Modeca Elias"}]},{"@type":"WebSite","@id":"https:\/\/www.koonings.com\/fr\/#website","url":"https:\/\/www.koonings.com\/fr\/","name":"Koonings","description":"De grootste bruidsmodewinkel ter wereld","publisher":{"@id":"https:\/\/www.koonings.com\/fr\/#organization"},"potentialAction":[{"@type":"SearchAction","target":{"@type":"EntryPoint","urlTemplate":"https:\/\/www.koonings.com\/fr\/?s={search_term_string}"},"query-input":{"@type":"PropertyValueSpecification","valueRequired":true,"valueName":"search_term_string"}}],"inLanguage":"fr-FR"},{"@type":"Organization","@id":"https:\/\/www.koonings.com\/fr\/#organization","name":"Koonings","url":"https:\/\/www.koonings.com\/fr\/","logo":{"@type":"ImageObject","inLanguage":"fr-FR","@id":"https:\/\/www.koonings.com\/fr\/#\/schema\/logo\/image\/","url":"https:\/\/www.koonings.com\/wp-content\/uploads\/2024\/07\/logo.png","contentUrl":"https:\/\/www.koonings.com\/wp-content\/uploads\/2024\/07\/logo.png","width":600,"height":428,"caption":"Koonings"},"image":{"@id":"https:\/\/www.koonings.com\/fr\/#\/schema\/logo\/image\/"},"sameAs":["https:\/\/www.facebook.com\/kooningstheweddingpalace","https:\/\/www.instagram.com\/kooningstheweddingpalace","https:\/\/www.pinterest.com\/koonings","https:\/\/www.youtube.com\/kooningstheweddingpalace"]}]}},"_links":{"self":[{"href":"https:\/\/www.koonings.com\/fr\/wp-json\/wp\/v2\/product\/59687","targetHints":{"allow":["GET"]}}],"collection":[{"href":"https:\/\/www.koonings.com\/fr\/wp-json\/wp\/v2\/product"}],"about":[{"href":"https:\/\/www.koonings.com\/fr\/wp-json\/wp\/v2\/types\/product"}],"wp:featuredmedia":[{"embeddable":true,"href":"https:\/\/www.koonings.com\/fr\/wp-json\/wp\/v2\/media\/53620"}],"wp:attachment":[{"href":"https:\/\/www.koonings.com\/fr\/wp-json\/wp\/v2\/media?parent=59687"}],"wp:term":[{"taxonomy":"productdetails","embeddable":true,"href":"https:\/\/www.koonings.com\/fr\/wp-json\/wp\/v2\/productdetails?post=59687"},{"taxonomy":"productneck","embeddable":true,"href":"https:\/\/www.koonings.com\/fr\/wp-json\/wp\/v2\/productneck?post=59687"},{"taxonomy":"productcolor","embeddable":true,"href":"https:\/\/www.koonings.com\/fr\/wp-json\/wp\/v2\/productcolor?post=59687"},{"taxonomy":"maat","embeddable":true,"href":"https:\/\/www.koonings.com\/fr\/wp-json\/wp\/v2\/maat?post=59687"},{"taxonomy":"productsupplier","embeddable":true,"href":"https:\/\/www.koonings.com\/fr\/wp-json\/wp\/v2\/productsupplier?post=59687"},{"taxonomy":"productsleeve","embeddable":true,"href":"https:\/\/www.koonings.com\/fr\/wp-json\/wp\/v2\/productsleeve?post=59687"},{"taxonomy":"productcategory","embeddable":true,"href":"https:\/\/www.koonings.com\/fr\/wp-json\/wp\/v2\/productcategory?post=59687"},{"taxonomy":"productsilhouette","embeddable":true,"href":"https:\/\/www.koonings.com\/fr\/wp-json\/wp\/v2\/productsilhouette?post=59687"},{"taxonomy":"productstyle","embeddable":true,"href":"https:\/\/www.koonings.com\/fr\/wp-json\/wp\/v2\/productstyle?post=59687"}],"curies":[{"name":"wp","href":"https:\/\/api.w.org\/{rel}","templated":true}]}}