{"id":59670,"date":"2025-07-10T12:42:39","date_gmt":"2025-07-10T10:42:39","guid":{"rendered":"https:\/\/www.koonings.com\/product\/le-papillon-by-modeca-eloise\/"},"modified":"2026-02-03T19:04:36","modified_gmt":"2026-02-03T18:04:36","slug":"le-papillon-by-modeca-eloise","status":"publish","type":"product","link":"https:\/\/www.koonings.com\/fr\/product\/le-papillon-by-modeca-eloise\/","title":{"rendered":"Le Papillon par Modeca Eloise"},"content":{"rendered":"<p>La robe de mari\u00e9e d&#8217;Elo\u00efse est une vision de romantisme intemporel et d&#8217;\u00e9l\u00e9gance gracieuse. Cette robe \u00e0 la silhouette trapue est dot\u00e9e d&#8217;une jupe en tulle \u00e9tincelante et d&#8217;un corsage d\u00e9cor\u00e9 d&#8217;une d\u00e9licate dentelle paillet\u00e9e. De charmants n\u0153uds de tulle ornent les \u00e9paules, conf\u00e9rant \u00e0 ce mod\u00e8le un charme ludique et romantique. Cette robe est \u00e9galement disponible en tulle uni &#8211; Eloise-A.   <\/p>\n","protected":false},"featured_media":53721,"template":"","meta":{"_acf_changed":false,"ghostkit_customizer_options":"","ghostkit_custom_css":"","ghostkit_custom_js_head":"","ghostkit_custom_js_foot":"","ghostkit_typography":""},"productdetails":[376,381],"productneck":[356],"productcolor":[393,392],"maat":[],"productsupplier":[411],"productsleeve":[359],"productcategory":[18],"productsilhouette":[384],"productstyle":[366,370],"class_list":["post-59670","product","type-product","status-publish","has-post-thumbnail","hentry","productdetails-376","productdetails-381","productneck-356","productcolor-393","productcolor-392","productsupplier-le-papillon-by-modeca","productsleeve-359","productcategory-trouwjurken","productsilhouette-384","productstyle-366","productstyle-370"],"acf":[],"yoast_head":"<!-- This site is optimized with the Yoast SEO plugin v27.3 - https:\/\/yoast.com\/product\/yoast-seo-wordpress\/ -->\n<title>Le Papillon par Modeca Eloise | Koonings<\/title>\n<meta name=\"description\" content=\"La robe de mari\u00e9e d&#039;Elo\u00efse est une vision de romantisme intemporel et d&#039;\u00e9l\u00e9gance gracieuse. Cette robe \u00e0 la silhouette trapue est dot\u00e9e d&#039;une jupe en tulle \u00e9tincelante et d&#039;un corsage d\u00e9cor\u00e9 d&#039;une d\u00e9licate dentelle paillet\u00e9e. De charmants n\u0153uds de tulle ornent les \u00e9paules, conf\u00e9rant \u00e0 ce mod\u00e8le un charme ludique et romantique. Cette robe est \u00e9galement disponible en tulle uni - Eloise-A.\" \/>\n<meta name=\"robots\" content=\"index, follow, max-snippet:-1, max-image-preview:large, max-video-preview:-1\" \/>\n<link rel=\"canonical\" href=\"https:\/\/www.koonings.com\/fr\/product\/le-papillon-by-modeca-eloise\/\" \/>\n<meta property=\"og:locale\" content=\"fr_FR\" \/>\n<meta property=\"og:type\" content=\"article\" \/>\n<meta property=\"og:title\" content=\"Le Papillon par Modeca Eloise | Koonings\" \/>\n<meta property=\"og:description\" content=\"La robe de mari\u00e9e d&#039;Elo\u00efse est une vision de romantisme intemporel et d&#039;\u00e9l\u00e9gance gracieuse. Cette robe \u00e0 la silhouette trapue est dot\u00e9e d&#039;une jupe en tulle \u00e9tincelante et d&#039;un corsage d\u00e9cor\u00e9 d&#039;une d\u00e9licate dentelle paillet\u00e9e. De charmants n\u0153uds de tulle ornent les \u00e9paules, conf\u00e9rant \u00e0 ce mod\u00e8le un charme ludique et romantique. Cette robe est \u00e9galement disponible en tulle uni - Eloise-A.\" \/>\n<meta property=\"og:url\" content=\"https:\/\/www.koonings.com\/fr\/product\/le-papillon-by-modeca-eloise\/\" \/>\n<meta property=\"og:site_name\" content=\"Koonings\" \/>\n<meta property=\"article:publisher\" content=\"https:\/\/www.facebook.com\/kooningstheweddingpalace\" \/>\n<meta property=\"article:modified_time\" content=\"2026-02-03T18:04:36+00:00\" \/>\n<meta property=\"og:image\" content=\"https:\/\/www.koonings.com\/wp-content\/uploads\/2024\/11\/48972_25436f530a62e11e2d9a4ceb157a961d6bf3004ce573ab042dc7269614612b1de8ddcf8a.jpeg\" \/>\n\t<meta property=\"og:image:width\" content=\"770\" \/>\n\t<meta property=\"og:image:height\" content=\"1090\" \/>\n\t<meta property=\"og:image:type\" content=\"image\/jpeg\" \/>\n<meta name=\"twitter:card\" content=\"summary_large_image\" \/>\n<script type=\"application\/ld+json\" class=\"yoast-schema-graph\">{\"@context\":\"https:\\\/\\\/schema.org\",\"@graph\":[{\"@type\":\"WebPage\",\"@id\":\"https:\\\/\\\/www.koonings.com\\\/fr\\\/product\\\/le-papillon-by-modeca-eloise\\\/\",\"url\":\"https:\\\/\\\/www.koonings.com\\\/fr\\\/product\\\/le-papillon-by-modeca-eloise\\\/\",\"name\":\"Le Papillon par Modeca Eloise | Koonings\",\"isPartOf\":{\"@id\":\"https:\\\/\\\/www.koonings.com\\\/fr\\\/#website\"},\"primaryImageOfPage\":{\"@id\":\"https:\\\/\\\/www.koonings.com\\\/fr\\\/product\\\/le-papillon-by-modeca-eloise\\\/#primaryimage\"},\"image\":{\"@id\":\"https:\\\/\\\/www.koonings.com\\\/fr\\\/product\\\/le-papillon-by-modeca-eloise\\\/#primaryimage\"},\"thumbnailUrl\":\"https:\\\/\\\/www.koonings.com\\\/wp-content\\\/uploads\\\/2024\\\/11\\\/48972_25436f530a62e11e2d9a4ceb157a961d6bf3004ce573ab042dc7269614612b1de8ddcf8a.jpeg\",\"datePublished\":\"2025-07-10T10:42:39+00:00\",\"dateModified\":\"2026-02-03T18:04:36+00:00\",\"description\":\"La robe de mari\u00e9e d'Elo\u00efse est une vision de romantisme intemporel et d'\u00e9l\u00e9gance gracieuse. Cette robe \u00e0 la silhouette trapue est dot\u00e9e d'une jupe en tulle \u00e9tincelante et d'un corsage d\u00e9cor\u00e9 d'une d\u00e9licate dentelle paillet\u00e9e. De charmants n\u0153uds de tulle ornent les \u00e9paules, conf\u00e9rant \u00e0 ce mod\u00e8le un charme ludique et romantique. Cette robe est \u00e9galement disponible en tulle uni - Eloise-A.\",\"breadcrumb\":{\"@id\":\"https:\\\/\\\/www.koonings.com\\\/fr\\\/product\\\/le-papillon-by-modeca-eloise\\\/#breadcrumb\"},\"inLanguage\":\"fr-FR\",\"potentialAction\":[{\"@type\":\"ReadAction\",\"target\":[\"https:\\\/\\\/www.koonings.com\\\/fr\\\/product\\\/le-papillon-by-modeca-eloise\\\/\"]}]},{\"@type\":\"ImageObject\",\"inLanguage\":\"fr-FR\",\"@id\":\"https:\\\/\\\/www.koonings.com\\\/fr\\\/product\\\/le-papillon-by-modeca-eloise\\\/#primaryimage\",\"url\":\"https:\\\/\\\/www.koonings.com\\\/wp-content\\\/uploads\\\/2024\\\/11\\\/48972_25436f530a62e11e2d9a4ceb157a961d6bf3004ce573ab042dc7269614612b1de8ddcf8a.jpeg\",\"contentUrl\":\"https:\\\/\\\/www.koonings.com\\\/wp-content\\\/uploads\\\/2024\\\/11\\\/48972_25436f530a62e11e2d9a4ceb157a961d6bf3004ce573ab042dc7269614612b1de8ddcf8a.jpeg\",\"width\":770,\"height\":1090},{\"@type\":\"BreadcrumbList\",\"@id\":\"https:\\\/\\\/www.koonings.com\\\/fr\\\/product\\\/le-papillon-by-modeca-eloise\\\/#breadcrumb\",\"itemListElement\":[{\"@type\":\"ListItem\",\"position\":1,\"name\":\"Home\",\"item\":\"https:\\\/\\\/www.koonings.com\\\/fr\\\/\"},{\"@type\":\"ListItem\",\"position\":2,\"name\":\"Le Papillon par Modeca Eloise\"}]},{\"@type\":\"WebSite\",\"@id\":\"https:\\\/\\\/www.koonings.com\\\/fr\\\/#website\",\"url\":\"https:\\\/\\\/www.koonings.com\\\/fr\\\/\",\"name\":\"Koonings\",\"description\":\"De grootste bruidsmodewinkel ter wereld\",\"publisher\":{\"@id\":\"https:\\\/\\\/www.koonings.com\\\/fr\\\/#organization\"},\"potentialAction\":[{\"@type\":\"SearchAction\",\"target\":{\"@type\":\"EntryPoint\",\"urlTemplate\":\"https:\\\/\\\/www.koonings.com\\\/fr\\\/?s={search_term_string}\"},\"query-input\":{\"@type\":\"PropertyValueSpecification\",\"valueRequired\":true,\"valueName\":\"search_term_string\"}}],\"inLanguage\":\"fr-FR\"},{\"@type\":\"Organization\",\"@id\":\"https:\\\/\\\/www.koonings.com\\\/fr\\\/#organization\",\"name\":\"Koonings\",\"url\":\"https:\\\/\\\/www.koonings.com\\\/fr\\\/\",\"logo\":{\"@type\":\"ImageObject\",\"inLanguage\":\"fr-FR\",\"@id\":\"https:\\\/\\\/www.koonings.com\\\/fr\\\/#\\\/schema\\\/logo\\\/image\\\/\",\"url\":\"https:\\\/\\\/www.koonings.com\\\/wp-content\\\/uploads\\\/2024\\\/07\\\/logo.png\",\"contentUrl\":\"https:\\\/\\\/www.koonings.com\\\/wp-content\\\/uploads\\\/2024\\\/07\\\/logo.png\",\"width\":600,\"height\":428,\"caption\":\"Koonings\"},\"image\":{\"@id\":\"https:\\\/\\\/www.koonings.com\\\/fr\\\/#\\\/schema\\\/logo\\\/image\\\/\"},\"sameAs\":[\"https:\\\/\\\/www.facebook.com\\\/kooningstheweddingpalace\",\"https:\\\/\\\/www.instagram.com\\\/kooningstheweddingpalace\",\"https:\\\/\\\/www.pinterest.com\\\/koonings\",\"https:\\\/\\\/www.youtube.com\\\/kooningstheweddingpalace\"]}]}<\/script>\n<!-- \/ Yoast SEO plugin. -->","yoast_head_json":{"title":"Le Papillon par Modeca Eloise | Koonings","description":"La robe de mari\u00e9e d'Elo\u00efse est une vision de romantisme intemporel et d'\u00e9l\u00e9gance gracieuse. Cette robe \u00e0 la silhouette trapue est dot\u00e9e d'une jupe en tulle \u00e9tincelante et d'un corsage d\u00e9cor\u00e9 d'une d\u00e9licate dentelle paillet\u00e9e. De charmants n\u0153uds de tulle ornent les \u00e9paules, conf\u00e9rant \u00e0 ce mod\u00e8le un charme ludique et romantique. Cette robe est \u00e9galement disponible en tulle uni - Eloise-A.","robots":{"index":"index","follow":"follow","max-snippet":"max-snippet:-1","max-image-preview":"max-image-preview:large","max-video-preview":"max-video-preview:-1"},"canonical":"https:\/\/www.koonings.com\/fr\/product\/le-papillon-by-modeca-eloise\/","og_locale":"fr_FR","og_type":"article","og_title":"Le Papillon par Modeca Eloise | Koonings","og_description":"La robe de mari\u00e9e d'Elo\u00efse est une vision de romantisme intemporel et d'\u00e9l\u00e9gance gracieuse. Cette robe \u00e0 la silhouette trapue est dot\u00e9e d'une jupe en tulle \u00e9tincelante et d'un corsage d\u00e9cor\u00e9 d'une d\u00e9licate dentelle paillet\u00e9e. De charmants n\u0153uds de tulle ornent les \u00e9paules, conf\u00e9rant \u00e0 ce mod\u00e8le un charme ludique et romantique. Cette robe est \u00e9galement disponible en tulle uni - Eloise-A.","og_url":"https:\/\/www.koonings.com\/fr\/product\/le-papillon-by-modeca-eloise\/","og_site_name":"Koonings","article_publisher":"https:\/\/www.facebook.com\/kooningstheweddingpalace","article_modified_time":"2026-02-03T18:04:36+00:00","og_image":[{"width":770,"height":1090,"url":"https:\/\/www.koonings.com\/wp-content\/uploads\/2024\/11\/48972_25436f530a62e11e2d9a4ceb157a961d6bf3004ce573ab042dc7269614612b1de8ddcf8a.jpeg","type":"image\/jpeg"}],"twitter_card":"summary_large_image","schema":{"@context":"https:\/\/schema.org","@graph":[{"@type":"WebPage","@id":"https:\/\/www.koonings.com\/fr\/product\/le-papillon-by-modeca-eloise\/","url":"https:\/\/www.koonings.com\/fr\/product\/le-papillon-by-modeca-eloise\/","name":"Le Papillon par Modeca Eloise | Koonings","isPartOf":{"@id":"https:\/\/www.koonings.com\/fr\/#website"},"primaryImageOfPage":{"@id":"https:\/\/www.koonings.com\/fr\/product\/le-papillon-by-modeca-eloise\/#primaryimage"},"image":{"@id":"https:\/\/www.koonings.com\/fr\/product\/le-papillon-by-modeca-eloise\/#primaryimage"},"thumbnailUrl":"https:\/\/www.koonings.com\/wp-content\/uploads\/2024\/11\/48972_25436f530a62e11e2d9a4ceb157a961d6bf3004ce573ab042dc7269614612b1de8ddcf8a.jpeg","datePublished":"2025-07-10T10:42:39+00:00","dateModified":"2026-02-03T18:04:36+00:00","description":"La robe de mari\u00e9e d'Elo\u00efse est une vision de romantisme intemporel et d'\u00e9l\u00e9gance gracieuse. Cette robe \u00e0 la silhouette trapue est dot\u00e9e d'une jupe en tulle \u00e9tincelante et d'un corsage d\u00e9cor\u00e9 d'une d\u00e9licate dentelle paillet\u00e9e. De charmants n\u0153uds de tulle ornent les \u00e9paules, conf\u00e9rant \u00e0 ce mod\u00e8le un charme ludique et romantique. Cette robe est \u00e9galement disponible en tulle uni - Eloise-A.","breadcrumb":{"@id":"https:\/\/www.koonings.com\/fr\/product\/le-papillon-by-modeca-eloise\/#breadcrumb"},"inLanguage":"fr-FR","potentialAction":[{"@type":"ReadAction","target":["https:\/\/www.koonings.com\/fr\/product\/le-papillon-by-modeca-eloise\/"]}]},{"@type":"ImageObject","inLanguage":"fr-FR","@id":"https:\/\/www.koonings.com\/fr\/product\/le-papillon-by-modeca-eloise\/#primaryimage","url":"https:\/\/www.koonings.com\/wp-content\/uploads\/2024\/11\/48972_25436f530a62e11e2d9a4ceb157a961d6bf3004ce573ab042dc7269614612b1de8ddcf8a.jpeg","contentUrl":"https:\/\/www.koonings.com\/wp-content\/uploads\/2024\/11\/48972_25436f530a62e11e2d9a4ceb157a961d6bf3004ce573ab042dc7269614612b1de8ddcf8a.jpeg","width":770,"height":1090},{"@type":"BreadcrumbList","@id":"https:\/\/www.koonings.com\/fr\/product\/le-papillon-by-modeca-eloise\/#breadcrumb","itemListElement":[{"@type":"ListItem","position":1,"name":"Home","item":"https:\/\/www.koonings.com\/fr\/"},{"@type":"ListItem","position":2,"name":"Le Papillon par Modeca Eloise"}]},{"@type":"WebSite","@id":"https:\/\/www.koonings.com\/fr\/#website","url":"https:\/\/www.koonings.com\/fr\/","name":"Koonings","description":"De grootste bruidsmodewinkel ter wereld","publisher":{"@id":"https:\/\/www.koonings.com\/fr\/#organization"},"potentialAction":[{"@type":"SearchAction","target":{"@type":"EntryPoint","urlTemplate":"https:\/\/www.koonings.com\/fr\/?s={search_term_string}"},"query-input":{"@type":"PropertyValueSpecification","valueRequired":true,"valueName":"search_term_string"}}],"inLanguage":"fr-FR"},{"@type":"Organization","@id":"https:\/\/www.koonings.com\/fr\/#organization","name":"Koonings","url":"https:\/\/www.koonings.com\/fr\/","logo":{"@type":"ImageObject","inLanguage":"fr-FR","@id":"https:\/\/www.koonings.com\/fr\/#\/schema\/logo\/image\/","url":"https:\/\/www.koonings.com\/wp-content\/uploads\/2024\/07\/logo.png","contentUrl":"https:\/\/www.koonings.com\/wp-content\/uploads\/2024\/07\/logo.png","width":600,"height":428,"caption":"Koonings"},"image":{"@id":"https:\/\/www.koonings.com\/fr\/#\/schema\/logo\/image\/"},"sameAs":["https:\/\/www.facebook.com\/kooningstheweddingpalace","https:\/\/www.instagram.com\/kooningstheweddingpalace","https:\/\/www.pinterest.com\/koonings","https:\/\/www.youtube.com\/kooningstheweddingpalace"]}]}},"_links":{"self":[{"href":"https:\/\/www.koonings.com\/fr\/wp-json\/wp\/v2\/product\/59670","targetHints":{"allow":["GET"]}}],"collection":[{"href":"https:\/\/www.koonings.com\/fr\/wp-json\/wp\/v2\/product"}],"about":[{"href":"https:\/\/www.koonings.com\/fr\/wp-json\/wp\/v2\/types\/product"}],"wp:featuredmedia":[{"embeddable":true,"href":"https:\/\/www.koonings.com\/fr\/wp-json\/wp\/v2\/media\/53721"}],"wp:attachment":[{"href":"https:\/\/www.koonings.com\/fr\/wp-json\/wp\/v2\/media?parent=59670"}],"wp:term":[{"taxonomy":"productdetails","embeddable":true,"href":"https:\/\/www.koonings.com\/fr\/wp-json\/wp\/v2\/productdetails?post=59670"},{"taxonomy":"productneck","embeddable":true,"href":"https:\/\/www.koonings.com\/fr\/wp-json\/wp\/v2\/productneck?post=59670"},{"taxonomy":"productcolor","embeddable":true,"href":"https:\/\/www.koonings.com\/fr\/wp-json\/wp\/v2\/productcolor?post=59670"},{"taxonomy":"maat","embeddable":true,"href":"https:\/\/www.koonings.com\/fr\/wp-json\/wp\/v2\/maat?post=59670"},{"taxonomy":"productsupplier","embeddable":true,"href":"https:\/\/www.koonings.com\/fr\/wp-json\/wp\/v2\/productsupplier?post=59670"},{"taxonomy":"productsleeve","embeddable":true,"href":"https:\/\/www.koonings.com\/fr\/wp-json\/wp\/v2\/productsleeve?post=59670"},{"taxonomy":"productcategory","embeddable":true,"href":"https:\/\/www.koonings.com\/fr\/wp-json\/wp\/v2\/productcategory?post=59670"},{"taxonomy":"productsilhouette","embeddable":true,"href":"https:\/\/www.koonings.com\/fr\/wp-json\/wp\/v2\/productsilhouette?post=59670"},{"taxonomy":"productstyle","embeddable":true,"href":"https:\/\/www.koonings.com\/fr\/wp-json\/wp\/v2\/productstyle?post=59670"}],"curies":[{"name":"wp","href":"https:\/\/api.w.org\/{rel}","templated":true}]}}