{"id":59630,"date":"2024-11-18T15:48:40","date_gmt":"2024-11-18T14:48:40","guid":{"rendered":"https:\/\/www.koonings.com\/product\/modeca-curves-dasha-c-2\/"},"modified":"2026-02-03T19:07:30","modified_gmt":"2026-02-03T18:07:30","slug":"modeca-curves-dasha-c-2","status":"publish","type":"product","link":"https:\/\/www.koonings.com\/fr\/product\/modeca-curves-dasha-c-2\/","title":{"rendered":"Modeca Curves Dasha-C"},"content":{"rendered":"<p>La ravissante robe Dasha-C est un chef-d&#8217;\u0153uvre intemporel de la ligne A pour les mari\u00e9es romantiques avec des courbes. La pi\u00e8ce ma\u00eetresse de ce mod\u00e8le \u00e9th\u00e9r\u00e9 est l&#8217;\u00e9tonnante encolure carr\u00e9e, qui apporte une touche de modernit\u00e9 \u00e0 une silhouette classique. Orn\u00e9 d&#8217;une d\u00e9licate dentelle florale en 3D, le corsage respire la f\u00e9minit\u00e9 et le charme. Cette robe se termine par des manches volantes d\u00e9tachables pour une couverture suppl\u00e9mentaire.   <\/p>\n","protected":false},"featured_media":54003,"template":"","meta":{"_acf_changed":false,"ghostkit_customizer_options":"","ghostkit_custom_css":"","ghostkit_custom_js_head":"","ghostkit_custom_js_foot":"","ghostkit_typography":""},"productdetails":[378,381],"productneck":[352],"productcolor":[393,392],"maat":[375],"productsupplier":[439],"productsleeve":[359],"productcategory":[18],"productsilhouette":[384],"productstyle":[366],"class_list":["post-59630","product","type-product","status-publish","has-post-thumbnail","hentry","productdetails-378","productdetails-381","productneck-352","productcolor-393","productcolor-392","maat-375","productsupplier-modeca-curves","productsleeve-359","productcategory-trouwjurken","productsilhouette-384","productstyle-366"],"acf":[],"yoast_head":"<!-- This site is optimized with the Yoast SEO plugin v27.3 - https:\/\/yoast.com\/product\/yoast-seo-wordpress\/ -->\n<title>Modeca Curves Dasha-C | Koonings<\/title>\n<meta name=\"description\" content=\"La ravissante robe Dasha-C est un chef-d&#039;\u0153uvre intemporel de la ligne A pour les mari\u00e9es romantiques avec des courbes. La pi\u00e8ce ma\u00eetresse de ce mod\u00e8le \u00e9th\u00e9r\u00e9 est l&#039;\u00e9tonnante encolure carr\u00e9e, qui apporte une touche de modernit\u00e9 \u00e0 une silhouette classique. Orn\u00e9 d&#039;une d\u00e9licate dentelle florale en 3D, le corsage respire la f\u00e9minit\u00e9 et le charme. Cette robe se termine par des manches volantes amovibles pour une couverture suppl\u00e9mentaire.\" \/>\n<meta name=\"robots\" content=\"index, follow, max-snippet:-1, max-image-preview:large, max-video-preview:-1\" \/>\n<link rel=\"canonical\" href=\"https:\/\/www.koonings.com\/fr\/product\/modeca-curves-dasha-c-2\/\" \/>\n<meta property=\"og:locale\" content=\"fr_FR\" \/>\n<meta property=\"og:type\" content=\"article\" \/>\n<meta property=\"og:title\" content=\"Modeca Curves Dasha-C | Koonings\" \/>\n<meta property=\"og:description\" content=\"La ravissante robe Dasha-C est un chef-d&#039;\u0153uvre intemporel de la ligne A pour les mari\u00e9es romantiques avec des courbes. La pi\u00e8ce ma\u00eetresse de ce mod\u00e8le \u00e9th\u00e9r\u00e9 est l&#039;\u00e9tonnante encolure carr\u00e9e, qui apporte une touche de modernit\u00e9 \u00e0 une silhouette classique. Orn\u00e9 d&#039;une d\u00e9licate dentelle florale en 3D, le corsage respire la f\u00e9minit\u00e9 et le charme. Cette robe se termine par des manches volantes amovibles pour une couverture suppl\u00e9mentaire.\" \/>\n<meta property=\"og:url\" content=\"https:\/\/www.koonings.com\/fr\/product\/modeca-curves-dasha-c-2\/\" \/>\n<meta property=\"og:site_name\" content=\"Koonings\" \/>\n<meta property=\"article:publisher\" content=\"https:\/\/www.facebook.com\/kooningstheweddingpalace\" \/>\n<meta property=\"article:modified_time\" content=\"2026-02-03T18:07:30+00:00\" \/>\n<meta property=\"og:image\" content=\"https:\/\/www.koonings.com\/wp-content\/uploads\/2024\/11\/48994_4c1d71da1827be671e8332de9f66ff9b70d6cea6e8e72ec56270d2679dfdfefdfd7c6419.jpeg\" \/>\n\t<meta property=\"og:image:width\" content=\"753\" \/>\n\t<meta property=\"og:image:height\" content=\"1065\" \/>\n\t<meta property=\"og:image:type\" content=\"image\/jpeg\" \/>\n<meta name=\"twitter:card\" content=\"summary_large_image\" \/>\n<script type=\"application\/ld+json\" class=\"yoast-schema-graph\">{\"@context\":\"https:\\\/\\\/schema.org\",\"@graph\":[{\"@type\":\"WebPage\",\"@id\":\"https:\\\/\\\/www.koonings.com\\\/fr\\\/product\\\/modeca-curves-dasha-c-2\\\/\",\"url\":\"https:\\\/\\\/www.koonings.com\\\/fr\\\/product\\\/modeca-curves-dasha-c-2\\\/\",\"name\":\"Modeca Curves Dasha-C | Koonings\",\"isPartOf\":{\"@id\":\"https:\\\/\\\/www.koonings.com\\\/fr\\\/#website\"},\"primaryImageOfPage\":{\"@id\":\"https:\\\/\\\/www.koonings.com\\\/fr\\\/product\\\/modeca-curves-dasha-c-2\\\/#primaryimage\"},\"image\":{\"@id\":\"https:\\\/\\\/www.koonings.com\\\/fr\\\/product\\\/modeca-curves-dasha-c-2\\\/#primaryimage\"},\"thumbnailUrl\":\"https:\\\/\\\/www.koonings.com\\\/wp-content\\\/uploads\\\/2024\\\/11\\\/48994_4c1d71da1827be671e8332de9f66ff9b70d6cea6e8e72ec56270d2679dfdfefdfd7c6419.jpeg\",\"datePublished\":\"2024-11-18T14:48:40+00:00\",\"dateModified\":\"2026-02-03T18:07:30+00:00\",\"description\":\"La ravissante robe Dasha-C est un chef-d'\u0153uvre intemporel de la ligne A pour les mari\u00e9es romantiques avec des courbes. La pi\u00e8ce ma\u00eetresse de ce mod\u00e8le \u00e9th\u00e9r\u00e9 est l'\u00e9tonnante encolure carr\u00e9e, qui apporte une touche de modernit\u00e9 \u00e0 une silhouette classique. Orn\u00e9 d'une d\u00e9licate dentelle florale en 3D, le corsage respire la f\u00e9minit\u00e9 et le charme. Cette robe se termine par des manches volantes amovibles pour une couverture suppl\u00e9mentaire.\",\"breadcrumb\":{\"@id\":\"https:\\\/\\\/www.koonings.com\\\/fr\\\/product\\\/modeca-curves-dasha-c-2\\\/#breadcrumb\"},\"inLanguage\":\"fr-FR\",\"potentialAction\":[{\"@type\":\"ReadAction\",\"target\":[\"https:\\\/\\\/www.koonings.com\\\/fr\\\/product\\\/modeca-curves-dasha-c-2\\\/\"]}]},{\"@type\":\"ImageObject\",\"inLanguage\":\"fr-FR\",\"@id\":\"https:\\\/\\\/www.koonings.com\\\/fr\\\/product\\\/modeca-curves-dasha-c-2\\\/#primaryimage\",\"url\":\"https:\\\/\\\/www.koonings.com\\\/wp-content\\\/uploads\\\/2024\\\/11\\\/48994_4c1d71da1827be671e8332de9f66ff9b70d6cea6e8e72ec56270d2679dfdfefdfd7c6419.jpeg\",\"contentUrl\":\"https:\\\/\\\/www.koonings.com\\\/wp-content\\\/uploads\\\/2024\\\/11\\\/48994_4c1d71da1827be671e8332de9f66ff9b70d6cea6e8e72ec56270d2679dfdfefdfd7c6419.jpeg\",\"width\":753,\"height\":1065},{\"@type\":\"BreadcrumbList\",\"@id\":\"https:\\\/\\\/www.koonings.com\\\/fr\\\/product\\\/modeca-curves-dasha-c-2\\\/#breadcrumb\",\"itemListElement\":[{\"@type\":\"ListItem\",\"position\":1,\"name\":\"Home\",\"item\":\"https:\\\/\\\/www.koonings.com\\\/fr\\\/\"},{\"@type\":\"ListItem\",\"position\":2,\"name\":\"Modeca Curves Dasha-C\"}]},{\"@type\":\"WebSite\",\"@id\":\"https:\\\/\\\/www.koonings.com\\\/fr\\\/#website\",\"url\":\"https:\\\/\\\/www.koonings.com\\\/fr\\\/\",\"name\":\"Koonings\",\"description\":\"De grootste bruidsmodewinkel ter wereld\",\"publisher\":{\"@id\":\"https:\\\/\\\/www.koonings.com\\\/fr\\\/#organization\"},\"potentialAction\":[{\"@type\":\"SearchAction\",\"target\":{\"@type\":\"EntryPoint\",\"urlTemplate\":\"https:\\\/\\\/www.koonings.com\\\/fr\\\/?s={search_term_string}\"},\"query-input\":{\"@type\":\"PropertyValueSpecification\",\"valueRequired\":true,\"valueName\":\"search_term_string\"}}],\"inLanguage\":\"fr-FR\"},{\"@type\":\"Organization\",\"@id\":\"https:\\\/\\\/www.koonings.com\\\/fr\\\/#organization\",\"name\":\"Koonings\",\"url\":\"https:\\\/\\\/www.koonings.com\\\/fr\\\/\",\"logo\":{\"@type\":\"ImageObject\",\"inLanguage\":\"fr-FR\",\"@id\":\"https:\\\/\\\/www.koonings.com\\\/fr\\\/#\\\/schema\\\/logo\\\/image\\\/\",\"url\":\"https:\\\/\\\/www.koonings.com\\\/wp-content\\\/uploads\\\/2024\\\/07\\\/logo.png\",\"contentUrl\":\"https:\\\/\\\/www.koonings.com\\\/wp-content\\\/uploads\\\/2024\\\/07\\\/logo.png\",\"width\":600,\"height\":428,\"caption\":\"Koonings\"},\"image\":{\"@id\":\"https:\\\/\\\/www.koonings.com\\\/fr\\\/#\\\/schema\\\/logo\\\/image\\\/\"},\"sameAs\":[\"https:\\\/\\\/www.facebook.com\\\/kooningstheweddingpalace\",\"https:\\\/\\\/www.instagram.com\\\/kooningstheweddingpalace\",\"https:\\\/\\\/www.pinterest.com\\\/koonings\",\"https:\\\/\\\/www.youtube.com\\\/kooningstheweddingpalace\"]}]}<\/script>\n<!-- \/ Yoast SEO plugin. -->","yoast_head_json":{"title":"Modeca Curves Dasha-C | Koonings","description":"La ravissante robe Dasha-C est un chef-d'\u0153uvre intemporel de la ligne A pour les mari\u00e9es romantiques avec des courbes. La pi\u00e8ce ma\u00eetresse de ce mod\u00e8le \u00e9th\u00e9r\u00e9 est l'\u00e9tonnante encolure carr\u00e9e, qui apporte une touche de modernit\u00e9 \u00e0 une silhouette classique. Orn\u00e9 d'une d\u00e9licate dentelle florale en 3D, le corsage respire la f\u00e9minit\u00e9 et le charme. Cette robe se termine par des manches volantes amovibles pour une couverture suppl\u00e9mentaire.","robots":{"index":"index","follow":"follow","max-snippet":"max-snippet:-1","max-image-preview":"max-image-preview:large","max-video-preview":"max-video-preview:-1"},"canonical":"https:\/\/www.koonings.com\/fr\/product\/modeca-curves-dasha-c-2\/","og_locale":"fr_FR","og_type":"article","og_title":"Modeca Curves Dasha-C | Koonings","og_description":"La ravissante robe Dasha-C est un chef-d'\u0153uvre intemporel de la ligne A pour les mari\u00e9es romantiques avec des courbes. La pi\u00e8ce ma\u00eetresse de ce mod\u00e8le \u00e9th\u00e9r\u00e9 est l'\u00e9tonnante encolure carr\u00e9e, qui apporte une touche de modernit\u00e9 \u00e0 une silhouette classique. Orn\u00e9 d'une d\u00e9licate dentelle florale en 3D, le corsage respire la f\u00e9minit\u00e9 et le charme. Cette robe se termine par des manches volantes amovibles pour une couverture suppl\u00e9mentaire.","og_url":"https:\/\/www.koonings.com\/fr\/product\/modeca-curves-dasha-c-2\/","og_site_name":"Koonings","article_publisher":"https:\/\/www.facebook.com\/kooningstheweddingpalace","article_modified_time":"2026-02-03T18:07:30+00:00","og_image":[{"width":753,"height":1065,"url":"https:\/\/www.koonings.com\/wp-content\/uploads\/2024\/11\/48994_4c1d71da1827be671e8332de9f66ff9b70d6cea6e8e72ec56270d2679dfdfefdfd7c6419.jpeg","type":"image\/jpeg"}],"twitter_card":"summary_large_image","schema":{"@context":"https:\/\/schema.org","@graph":[{"@type":"WebPage","@id":"https:\/\/www.koonings.com\/fr\/product\/modeca-curves-dasha-c-2\/","url":"https:\/\/www.koonings.com\/fr\/product\/modeca-curves-dasha-c-2\/","name":"Modeca Curves Dasha-C | Koonings","isPartOf":{"@id":"https:\/\/www.koonings.com\/fr\/#website"},"primaryImageOfPage":{"@id":"https:\/\/www.koonings.com\/fr\/product\/modeca-curves-dasha-c-2\/#primaryimage"},"image":{"@id":"https:\/\/www.koonings.com\/fr\/product\/modeca-curves-dasha-c-2\/#primaryimage"},"thumbnailUrl":"https:\/\/www.koonings.com\/wp-content\/uploads\/2024\/11\/48994_4c1d71da1827be671e8332de9f66ff9b70d6cea6e8e72ec56270d2679dfdfefdfd7c6419.jpeg","datePublished":"2024-11-18T14:48:40+00:00","dateModified":"2026-02-03T18:07:30+00:00","description":"La ravissante robe Dasha-C est un chef-d'\u0153uvre intemporel de la ligne A pour les mari\u00e9es romantiques avec des courbes. La pi\u00e8ce ma\u00eetresse de ce mod\u00e8le \u00e9th\u00e9r\u00e9 est l'\u00e9tonnante encolure carr\u00e9e, qui apporte une touche de modernit\u00e9 \u00e0 une silhouette classique. Orn\u00e9 d'une d\u00e9licate dentelle florale en 3D, le corsage respire la f\u00e9minit\u00e9 et le charme. Cette robe se termine par des manches volantes amovibles pour une couverture suppl\u00e9mentaire.","breadcrumb":{"@id":"https:\/\/www.koonings.com\/fr\/product\/modeca-curves-dasha-c-2\/#breadcrumb"},"inLanguage":"fr-FR","potentialAction":[{"@type":"ReadAction","target":["https:\/\/www.koonings.com\/fr\/product\/modeca-curves-dasha-c-2\/"]}]},{"@type":"ImageObject","inLanguage":"fr-FR","@id":"https:\/\/www.koonings.com\/fr\/product\/modeca-curves-dasha-c-2\/#primaryimage","url":"https:\/\/www.koonings.com\/wp-content\/uploads\/2024\/11\/48994_4c1d71da1827be671e8332de9f66ff9b70d6cea6e8e72ec56270d2679dfdfefdfd7c6419.jpeg","contentUrl":"https:\/\/www.koonings.com\/wp-content\/uploads\/2024\/11\/48994_4c1d71da1827be671e8332de9f66ff9b70d6cea6e8e72ec56270d2679dfdfefdfd7c6419.jpeg","width":753,"height":1065},{"@type":"BreadcrumbList","@id":"https:\/\/www.koonings.com\/fr\/product\/modeca-curves-dasha-c-2\/#breadcrumb","itemListElement":[{"@type":"ListItem","position":1,"name":"Home","item":"https:\/\/www.koonings.com\/fr\/"},{"@type":"ListItem","position":2,"name":"Modeca Curves Dasha-C"}]},{"@type":"WebSite","@id":"https:\/\/www.koonings.com\/fr\/#website","url":"https:\/\/www.koonings.com\/fr\/","name":"Koonings","description":"De grootste bruidsmodewinkel ter wereld","publisher":{"@id":"https:\/\/www.koonings.com\/fr\/#organization"},"potentialAction":[{"@type":"SearchAction","target":{"@type":"EntryPoint","urlTemplate":"https:\/\/www.koonings.com\/fr\/?s={search_term_string}"},"query-input":{"@type":"PropertyValueSpecification","valueRequired":true,"valueName":"search_term_string"}}],"inLanguage":"fr-FR"},{"@type":"Organization","@id":"https:\/\/www.koonings.com\/fr\/#organization","name":"Koonings","url":"https:\/\/www.koonings.com\/fr\/","logo":{"@type":"ImageObject","inLanguage":"fr-FR","@id":"https:\/\/www.koonings.com\/fr\/#\/schema\/logo\/image\/","url":"https:\/\/www.koonings.com\/wp-content\/uploads\/2024\/07\/logo.png","contentUrl":"https:\/\/www.koonings.com\/wp-content\/uploads\/2024\/07\/logo.png","width":600,"height":428,"caption":"Koonings"},"image":{"@id":"https:\/\/www.koonings.com\/fr\/#\/schema\/logo\/image\/"},"sameAs":["https:\/\/www.facebook.com\/kooningstheweddingpalace","https:\/\/www.instagram.com\/kooningstheweddingpalace","https:\/\/www.pinterest.com\/koonings","https:\/\/www.youtube.com\/kooningstheweddingpalace"]}]}},"_links":{"self":[{"href":"https:\/\/www.koonings.com\/fr\/wp-json\/wp\/v2\/product\/59630","targetHints":{"allow":["GET"]}}],"collection":[{"href":"https:\/\/www.koonings.com\/fr\/wp-json\/wp\/v2\/product"}],"about":[{"href":"https:\/\/www.koonings.com\/fr\/wp-json\/wp\/v2\/types\/product"}],"wp:featuredmedia":[{"embeddable":true,"href":"https:\/\/www.koonings.com\/fr\/wp-json\/wp\/v2\/media\/54003"}],"wp:attachment":[{"href":"https:\/\/www.koonings.com\/fr\/wp-json\/wp\/v2\/media?parent=59630"}],"wp:term":[{"taxonomy":"productdetails","embeddable":true,"href":"https:\/\/www.koonings.com\/fr\/wp-json\/wp\/v2\/productdetails?post=59630"},{"taxonomy":"productneck","embeddable":true,"href":"https:\/\/www.koonings.com\/fr\/wp-json\/wp\/v2\/productneck?post=59630"},{"taxonomy":"productcolor","embeddable":true,"href":"https:\/\/www.koonings.com\/fr\/wp-json\/wp\/v2\/productcolor?post=59630"},{"taxonomy":"maat","embeddable":true,"href":"https:\/\/www.koonings.com\/fr\/wp-json\/wp\/v2\/maat?post=59630"},{"taxonomy":"productsupplier","embeddable":true,"href":"https:\/\/www.koonings.com\/fr\/wp-json\/wp\/v2\/productsupplier?post=59630"},{"taxonomy":"productsleeve","embeddable":true,"href":"https:\/\/www.koonings.com\/fr\/wp-json\/wp\/v2\/productsleeve?post=59630"},{"taxonomy":"productcategory","embeddable":true,"href":"https:\/\/www.koonings.com\/fr\/wp-json\/wp\/v2\/productcategory?post=59630"},{"taxonomy":"productsilhouette","embeddable":true,"href":"https:\/\/www.koonings.com\/fr\/wp-json\/wp\/v2\/productsilhouette?post=59630"},{"taxonomy":"productstyle","embeddable":true,"href":"https:\/\/www.koonings.com\/fr\/wp-json\/wp\/v2\/productstyle?post=59630"}],"curies":[{"name":"wp","href":"https:\/\/api.w.org\/{rel}","templated":true}]}}