{"id":59601,"date":"2025-07-10T12:42:44","date_gmt":"2025-07-10T10:42:44","guid":{"rendered":"https:\/\/www.koonings.com\/product\/white-one-by-st-patrick-kenji-w1125aq1\/"},"modified":"2025-06-05T13:28:37","modified_gmt":"2025-06-05T11:28:37","slug":"white-one-by-st-patrick-kenji-w1125aq1","status":"publish","type":"product","link":"https:\/\/www.koonings.com\/fr\/product\/white-one-by-st-patrick-kenji-w1125aq1\/","title":{"rendered":"White One by St. Patrick Kenji W1125AQ1"},"content":{"rendered":"<p>KENJI est une robe de mari\u00e9e princesse romantique compos\u00e9e d&#8217;un corsage avec de la dentelle brod\u00e9e et des strass, d&#8217;un d\u00e9collet\u00e9 en V sur le devant, de d\u00e9tails transparents sur les c\u00f4t\u00e9s et d&#8217;une coupe profonde dans le dos. La jupe se compose de plusieurs couches de tulle qui flatteront les mouvements de la mari\u00e9e lors de son jour le plus sp\u00e9cial. <\/p>\n","protected":false},"featured_media":54143,"template":"","meta":{"_acf_changed":false,"ghostkit_customizer_options":"","ghostkit_custom_css":"","ghostkit_custom_js_head":"","ghostkit_custom_js_foot":"","ghostkit_typography":""},"productdetails":[381],"productneck":[356],"productcolor":[392],"maat":[],"productsupplier":[420],"productsleeve":[359],"productcategory":[18],"productsilhouette":[388],"productstyle":[372,366],"class_list":["post-59601","product","type-product","status-publish","has-post-thumbnail","hentry","productdetails-381","productneck-356","productcolor-392","productsupplier-white-one-by-st-patrick","productsleeve-359","productcategory-trouwjurken","productsilhouette-388","productstyle-372","productstyle-366"],"acf":[],"yoast_head":"<!-- This site is optimized with the Yoast SEO plugin v27.3 - https:\/\/yoast.com\/product\/yoast-seo-wordpress\/ -->\n<title>White One by St. Patrick Kenji W1125AQ1 | Koonings<\/title>\n<meta name=\"description\" content=\"KENJI est une robe de mari\u00e9e princesse romantique compos\u00e9e d&#039;un corsage avec de la dentelle brod\u00e9e et des strass, d&#039;un d\u00e9collet\u00e9 en V sur le devant, de d\u00e9tails transparents sur les c\u00f4t\u00e9s et d&#039;une coupe profonde dans le dos. La jupe se compose de plusieurs couches de tulle qui flatteront les mouvements de la mari\u00e9e lors de son jour le plus sp\u00e9cial.\" \/>\n<meta name=\"robots\" content=\"index, follow, max-snippet:-1, max-image-preview:large, max-video-preview:-1\" \/>\n<link rel=\"canonical\" href=\"https:\/\/www.koonings.com\/fr\/product\/white-one-by-st-patrick-kenji-w1125aq1\/\" \/>\n<meta property=\"og:locale\" content=\"fr_FR\" \/>\n<meta property=\"og:type\" content=\"article\" \/>\n<meta property=\"og:title\" content=\"White One by St. Patrick Kenji W1125AQ1 | Koonings\" \/>\n<meta property=\"og:description\" content=\"KENJI est une robe de mari\u00e9e princesse romantique compos\u00e9e d&#039;un corsage avec de la dentelle brod\u00e9e et des strass, d&#039;un d\u00e9collet\u00e9 en V sur le devant, de d\u00e9tails transparents sur les c\u00f4t\u00e9s et d&#039;une coupe profonde dans le dos. La jupe se compose de plusieurs couches de tulle qui flatteront les mouvements de la mari\u00e9e lors de son jour le plus sp\u00e9cial.\" \/>\n<meta property=\"og:url\" content=\"https:\/\/www.koonings.com\/fr\/product\/white-one-by-st-patrick-kenji-w1125aq1\/\" \/>\n<meta property=\"og:site_name\" content=\"Koonings\" \/>\n<meta property=\"article:publisher\" content=\"https:\/\/www.facebook.com\/kooningstheweddingpalace\" \/>\n<meta property=\"og:image\" content=\"https:\/\/www.koonings.com\/wp-content\/uploads\/2024\/11\/49009_cf9300a7f3c8ef6f836241efc1663c54090048630318f6ab128a7f73822451be2fffa057.jpeg\" \/>\n\t<meta property=\"og:image:width\" content=\"694\" \/>\n\t<meta property=\"og:image:height\" content=\"982\" \/>\n\t<meta property=\"og:image:type\" content=\"image\/jpeg\" \/>\n<meta name=\"twitter:card\" content=\"summary_large_image\" \/>\n<script type=\"application\/ld+json\" class=\"yoast-schema-graph\">{\"@context\":\"https:\\\/\\\/schema.org\",\"@graph\":[{\"@type\":\"WebPage\",\"@id\":\"https:\\\/\\\/www.koonings.com\\\/fr\\\/product\\\/white-one-by-st-patrick-kenji-w1125aq1\\\/\",\"url\":\"https:\\\/\\\/www.koonings.com\\\/fr\\\/product\\\/white-one-by-st-patrick-kenji-w1125aq1\\\/\",\"name\":\"White One by St. Patrick Kenji W1125AQ1 | Koonings\",\"isPartOf\":{\"@id\":\"https:\\\/\\\/www.koonings.com\\\/fr\\\/#website\"},\"primaryImageOfPage\":{\"@id\":\"https:\\\/\\\/www.koonings.com\\\/fr\\\/product\\\/white-one-by-st-patrick-kenji-w1125aq1\\\/#primaryimage\"},\"image\":{\"@id\":\"https:\\\/\\\/www.koonings.com\\\/fr\\\/product\\\/white-one-by-st-patrick-kenji-w1125aq1\\\/#primaryimage\"},\"thumbnailUrl\":\"https:\\\/\\\/www.koonings.com\\\/wp-content\\\/uploads\\\/2024\\\/11\\\/49009_cf9300a7f3c8ef6f836241efc1663c54090048630318f6ab128a7f73822451be2fffa057.jpeg\",\"datePublished\":\"2025-07-10T10:42:44+00:00\",\"description\":\"KENJI est une robe de mari\u00e9e princesse romantique compos\u00e9e d'un corsage avec de la dentelle brod\u00e9e et des strass, d'un d\u00e9collet\u00e9 en V sur le devant, de d\u00e9tails transparents sur les c\u00f4t\u00e9s et d'une coupe profonde dans le dos. La jupe se compose de plusieurs couches de tulle qui flatteront les mouvements de la mari\u00e9e lors de son jour le plus sp\u00e9cial.\",\"breadcrumb\":{\"@id\":\"https:\\\/\\\/www.koonings.com\\\/fr\\\/product\\\/white-one-by-st-patrick-kenji-w1125aq1\\\/#breadcrumb\"},\"inLanguage\":\"fr-FR\",\"potentialAction\":[{\"@type\":\"ReadAction\",\"target\":[\"https:\\\/\\\/www.koonings.com\\\/fr\\\/product\\\/white-one-by-st-patrick-kenji-w1125aq1\\\/\"]}]},{\"@type\":\"ImageObject\",\"inLanguage\":\"fr-FR\",\"@id\":\"https:\\\/\\\/www.koonings.com\\\/fr\\\/product\\\/white-one-by-st-patrick-kenji-w1125aq1\\\/#primaryimage\",\"url\":\"https:\\\/\\\/www.koonings.com\\\/wp-content\\\/uploads\\\/2024\\\/11\\\/49009_cf9300a7f3c8ef6f836241efc1663c54090048630318f6ab128a7f73822451be2fffa057.jpeg\",\"contentUrl\":\"https:\\\/\\\/www.koonings.com\\\/wp-content\\\/uploads\\\/2024\\\/11\\\/49009_cf9300a7f3c8ef6f836241efc1663c54090048630318f6ab128a7f73822451be2fffa057.jpeg\",\"width\":694,\"height\":982},{\"@type\":\"BreadcrumbList\",\"@id\":\"https:\\\/\\\/www.koonings.com\\\/fr\\\/product\\\/white-one-by-st-patrick-kenji-w1125aq1\\\/#breadcrumb\",\"itemListElement\":[{\"@type\":\"ListItem\",\"position\":1,\"name\":\"Home\",\"item\":\"https:\\\/\\\/www.koonings.com\\\/fr\\\/\"},{\"@type\":\"ListItem\",\"position\":2,\"name\":\"White One by St. Patrick Kenji W1125AQ1\"}]},{\"@type\":\"WebSite\",\"@id\":\"https:\\\/\\\/www.koonings.com\\\/fr\\\/#website\",\"url\":\"https:\\\/\\\/www.koonings.com\\\/fr\\\/\",\"name\":\"Koonings\",\"description\":\"De grootste bruidsmodewinkel ter wereld\",\"publisher\":{\"@id\":\"https:\\\/\\\/www.koonings.com\\\/fr\\\/#organization\"},\"potentialAction\":[{\"@type\":\"SearchAction\",\"target\":{\"@type\":\"EntryPoint\",\"urlTemplate\":\"https:\\\/\\\/www.koonings.com\\\/fr\\\/?s={search_term_string}\"},\"query-input\":{\"@type\":\"PropertyValueSpecification\",\"valueRequired\":true,\"valueName\":\"search_term_string\"}}],\"inLanguage\":\"fr-FR\"},{\"@type\":\"Organization\",\"@id\":\"https:\\\/\\\/www.koonings.com\\\/fr\\\/#organization\",\"name\":\"Koonings\",\"url\":\"https:\\\/\\\/www.koonings.com\\\/fr\\\/\",\"logo\":{\"@type\":\"ImageObject\",\"inLanguage\":\"fr-FR\",\"@id\":\"https:\\\/\\\/www.koonings.com\\\/fr\\\/#\\\/schema\\\/logo\\\/image\\\/\",\"url\":\"https:\\\/\\\/www.koonings.com\\\/wp-content\\\/uploads\\\/2024\\\/07\\\/logo.png\",\"contentUrl\":\"https:\\\/\\\/www.koonings.com\\\/wp-content\\\/uploads\\\/2024\\\/07\\\/logo.png\",\"width\":600,\"height\":428,\"caption\":\"Koonings\"},\"image\":{\"@id\":\"https:\\\/\\\/www.koonings.com\\\/fr\\\/#\\\/schema\\\/logo\\\/image\\\/\"},\"sameAs\":[\"https:\\\/\\\/www.facebook.com\\\/kooningstheweddingpalace\",\"https:\\\/\\\/www.instagram.com\\\/kooningstheweddingpalace\",\"https:\\\/\\\/www.pinterest.com\\\/koonings\",\"https:\\\/\\\/www.youtube.com\\\/kooningstheweddingpalace\"]}]}<\/script>\n<!-- \/ Yoast SEO plugin. -->","yoast_head_json":{"title":"White One by St. Patrick Kenji W1125AQ1 | Koonings","description":"KENJI est une robe de mari\u00e9e princesse romantique compos\u00e9e d'un corsage avec de la dentelle brod\u00e9e et des strass, d'un d\u00e9collet\u00e9 en V sur le devant, de d\u00e9tails transparents sur les c\u00f4t\u00e9s et d'une coupe profonde dans le dos. La jupe se compose de plusieurs couches de tulle qui flatteront les mouvements de la mari\u00e9e lors de son jour le plus sp\u00e9cial.","robots":{"index":"index","follow":"follow","max-snippet":"max-snippet:-1","max-image-preview":"max-image-preview:large","max-video-preview":"max-video-preview:-1"},"canonical":"https:\/\/www.koonings.com\/fr\/product\/white-one-by-st-patrick-kenji-w1125aq1\/","og_locale":"fr_FR","og_type":"article","og_title":"White One by St. Patrick Kenji W1125AQ1 | Koonings","og_description":"KENJI est une robe de mari\u00e9e princesse romantique compos\u00e9e d'un corsage avec de la dentelle brod\u00e9e et des strass, d'un d\u00e9collet\u00e9 en V sur le devant, de d\u00e9tails transparents sur les c\u00f4t\u00e9s et d'une coupe profonde dans le dos. La jupe se compose de plusieurs couches de tulle qui flatteront les mouvements de la mari\u00e9e lors de son jour le plus sp\u00e9cial.","og_url":"https:\/\/www.koonings.com\/fr\/product\/white-one-by-st-patrick-kenji-w1125aq1\/","og_site_name":"Koonings","article_publisher":"https:\/\/www.facebook.com\/kooningstheweddingpalace","og_image":[{"width":694,"height":982,"url":"https:\/\/www.koonings.com\/wp-content\/uploads\/2024\/11\/49009_cf9300a7f3c8ef6f836241efc1663c54090048630318f6ab128a7f73822451be2fffa057.jpeg","type":"image\/jpeg"}],"twitter_card":"summary_large_image","schema":{"@context":"https:\/\/schema.org","@graph":[{"@type":"WebPage","@id":"https:\/\/www.koonings.com\/fr\/product\/white-one-by-st-patrick-kenji-w1125aq1\/","url":"https:\/\/www.koonings.com\/fr\/product\/white-one-by-st-patrick-kenji-w1125aq1\/","name":"White One by St. Patrick Kenji W1125AQ1 | Koonings","isPartOf":{"@id":"https:\/\/www.koonings.com\/fr\/#website"},"primaryImageOfPage":{"@id":"https:\/\/www.koonings.com\/fr\/product\/white-one-by-st-patrick-kenji-w1125aq1\/#primaryimage"},"image":{"@id":"https:\/\/www.koonings.com\/fr\/product\/white-one-by-st-patrick-kenji-w1125aq1\/#primaryimage"},"thumbnailUrl":"https:\/\/www.koonings.com\/wp-content\/uploads\/2024\/11\/49009_cf9300a7f3c8ef6f836241efc1663c54090048630318f6ab128a7f73822451be2fffa057.jpeg","datePublished":"2025-07-10T10:42:44+00:00","description":"KENJI est une robe de mari\u00e9e princesse romantique compos\u00e9e d'un corsage avec de la dentelle brod\u00e9e et des strass, d'un d\u00e9collet\u00e9 en V sur le devant, de d\u00e9tails transparents sur les c\u00f4t\u00e9s et d'une coupe profonde dans le dos. La jupe se compose de plusieurs couches de tulle qui flatteront les mouvements de la mari\u00e9e lors de son jour le plus sp\u00e9cial.","breadcrumb":{"@id":"https:\/\/www.koonings.com\/fr\/product\/white-one-by-st-patrick-kenji-w1125aq1\/#breadcrumb"},"inLanguage":"fr-FR","potentialAction":[{"@type":"ReadAction","target":["https:\/\/www.koonings.com\/fr\/product\/white-one-by-st-patrick-kenji-w1125aq1\/"]}]},{"@type":"ImageObject","inLanguage":"fr-FR","@id":"https:\/\/www.koonings.com\/fr\/product\/white-one-by-st-patrick-kenji-w1125aq1\/#primaryimage","url":"https:\/\/www.koonings.com\/wp-content\/uploads\/2024\/11\/49009_cf9300a7f3c8ef6f836241efc1663c54090048630318f6ab128a7f73822451be2fffa057.jpeg","contentUrl":"https:\/\/www.koonings.com\/wp-content\/uploads\/2024\/11\/49009_cf9300a7f3c8ef6f836241efc1663c54090048630318f6ab128a7f73822451be2fffa057.jpeg","width":694,"height":982},{"@type":"BreadcrumbList","@id":"https:\/\/www.koonings.com\/fr\/product\/white-one-by-st-patrick-kenji-w1125aq1\/#breadcrumb","itemListElement":[{"@type":"ListItem","position":1,"name":"Home","item":"https:\/\/www.koonings.com\/fr\/"},{"@type":"ListItem","position":2,"name":"White One by St. Patrick Kenji W1125AQ1"}]},{"@type":"WebSite","@id":"https:\/\/www.koonings.com\/fr\/#website","url":"https:\/\/www.koonings.com\/fr\/","name":"Koonings","description":"De grootste bruidsmodewinkel ter wereld","publisher":{"@id":"https:\/\/www.koonings.com\/fr\/#organization"},"potentialAction":[{"@type":"SearchAction","target":{"@type":"EntryPoint","urlTemplate":"https:\/\/www.koonings.com\/fr\/?s={search_term_string}"},"query-input":{"@type":"PropertyValueSpecification","valueRequired":true,"valueName":"search_term_string"}}],"inLanguage":"fr-FR"},{"@type":"Organization","@id":"https:\/\/www.koonings.com\/fr\/#organization","name":"Koonings","url":"https:\/\/www.koonings.com\/fr\/","logo":{"@type":"ImageObject","inLanguage":"fr-FR","@id":"https:\/\/www.koonings.com\/fr\/#\/schema\/logo\/image\/","url":"https:\/\/www.koonings.com\/wp-content\/uploads\/2024\/07\/logo.png","contentUrl":"https:\/\/www.koonings.com\/wp-content\/uploads\/2024\/07\/logo.png","width":600,"height":428,"caption":"Koonings"},"image":{"@id":"https:\/\/www.koonings.com\/fr\/#\/schema\/logo\/image\/"},"sameAs":["https:\/\/www.facebook.com\/kooningstheweddingpalace","https:\/\/www.instagram.com\/kooningstheweddingpalace","https:\/\/www.pinterest.com\/koonings","https:\/\/www.youtube.com\/kooningstheweddingpalace"]}]}},"_links":{"self":[{"href":"https:\/\/www.koonings.com\/fr\/wp-json\/wp\/v2\/product\/59601","targetHints":{"allow":["GET"]}}],"collection":[{"href":"https:\/\/www.koonings.com\/fr\/wp-json\/wp\/v2\/product"}],"about":[{"href":"https:\/\/www.koonings.com\/fr\/wp-json\/wp\/v2\/types\/product"}],"wp:featuredmedia":[{"embeddable":true,"href":"https:\/\/www.koonings.com\/fr\/wp-json\/wp\/v2\/media\/54143"}],"wp:attachment":[{"href":"https:\/\/www.koonings.com\/fr\/wp-json\/wp\/v2\/media?parent=59601"}],"wp:term":[{"taxonomy":"productdetails","embeddable":true,"href":"https:\/\/www.koonings.com\/fr\/wp-json\/wp\/v2\/productdetails?post=59601"},{"taxonomy":"productneck","embeddable":true,"href":"https:\/\/www.koonings.com\/fr\/wp-json\/wp\/v2\/productneck?post=59601"},{"taxonomy":"productcolor","embeddable":true,"href":"https:\/\/www.koonings.com\/fr\/wp-json\/wp\/v2\/productcolor?post=59601"},{"taxonomy":"maat","embeddable":true,"href":"https:\/\/www.koonings.com\/fr\/wp-json\/wp\/v2\/maat?post=59601"},{"taxonomy":"productsupplier","embeddable":true,"href":"https:\/\/www.koonings.com\/fr\/wp-json\/wp\/v2\/productsupplier?post=59601"},{"taxonomy":"productsleeve","embeddable":true,"href":"https:\/\/www.koonings.com\/fr\/wp-json\/wp\/v2\/productsleeve?post=59601"},{"taxonomy":"productcategory","embeddable":true,"href":"https:\/\/www.koonings.com\/fr\/wp-json\/wp\/v2\/productcategory?post=59601"},{"taxonomy":"productsilhouette","embeddable":true,"href":"https:\/\/www.koonings.com\/fr\/wp-json\/wp\/v2\/productsilhouette?post=59601"},{"taxonomy":"productstyle","embeddable":true,"href":"https:\/\/www.koonings.com\/fr\/wp-json\/wp\/v2\/productstyle?post=59601"}],"curies":[{"name":"wp","href":"https:\/\/api.w.org\/{rel}","templated":true}]}}