{"id":59589,"date":"2026-05-06T15:26:30","date_gmt":"2026-05-06T13:26:30","guid":{"rendered":"https:\/\/www.koonings.com\/product\/enzoani-blue-collection-samara\/"},"modified":"2025-06-05T13:28:29","modified_gmt":"2025-06-05T11:28:29","slug":"enzoani-blue-collection-samara","status":"publish","type":"product","link":"https:\/\/www.koonings.com\/fr\/product\/enzoani-blue-collection-samara\/","title":{"rendered":"Enzoani Blue collection Samara"},"content":{"rendered":"<p>Cette robe de mari\u00e9e en stretch avec fourreau en georgette, SAMARA, rayonne d&#8217;un romantisme moderne. Son corsage structur\u00e9 et sans bretelles est agr\u00e9ment\u00e9 de volants subtils qui lui conf\u00e8rent une coupe flatteuse. La dentelle perl\u00e9e g\u00e9om\u00e9trique qui orne le c\u00f4t\u00e9 de la robe ajoute une touche d&#8217;allure contemporaine, faisant de cet ensemble un choix parfait pour la mari\u00e9e qui recherche une sophistication chic avec une touche d&#8217;\u00e9clat. <\/p>\n","protected":false},"featured_media":50663,"template":"","meta":{"_acf_changed":false,"ghostkit_customizer_options":"","ghostkit_custom_css":"","ghostkit_custom_js_head":"","ghostkit_custom_js_foot":"","ghostkit_typography":""},"productdetails":[377,376,381],"productneck":[352,354],"productcolor":[392],"maat":[],"productsupplier":[405],"productsleeve":[],"productcategory":[18],"productsilhouette":[387],"productstyle":[366],"class_list":["post-59589","product","type-product","status-publish","has-post-thumbnail","hentry","productdetails-377","productdetails-376","productdetails-381","productneck-352","productneck-354","productcolor-392","productsupplier-enzoani-blue-collection","productcategory-trouwjurken","productsilhouette-387","productstyle-366"],"acf":[],"yoast_head":"<!-- This site is optimized with the Yoast SEO plugin v27.3 - https:\/\/yoast.com\/product\/yoast-seo-wordpress\/ -->\n<title>Enzoani Blue collection Samara | Koonings<\/title>\n<meta name=\"description\" content=\"Cette robe de mari\u00e9e en stretch avec fourreau en georgette, SAMARA, rayonne d&#039;un romantisme moderne. Son corsage structur\u00e9 et sans bretelles est agr\u00e9ment\u00e9 de volants subtils qui lui conf\u00e8rent une coupe flatteuse. La dentelle perl\u00e9e g\u00e9om\u00e9trique qui orne le c\u00f4t\u00e9 de la robe ajoute une touche d&#039;allure contemporaine, faisant de cet ensemble un choix parfait pour la mari\u00e9e qui recherche une sophistication chic avec une touche d&#039;\u00e9clat.\" \/>\n<meta name=\"robots\" content=\"index, follow, max-snippet:-1, max-image-preview:large, max-video-preview:-1\" \/>\n<link rel=\"canonical\" href=\"https:\/\/www.koonings.com\/fr\/product\/enzoani-blue-collection-samara\/\" \/>\n<meta property=\"og:locale\" content=\"fr_FR\" \/>\n<meta property=\"og:type\" content=\"article\" \/>\n<meta property=\"og:title\" content=\"Enzoani Blue collection Samara | Koonings\" \/>\n<meta property=\"og:description\" content=\"Cette robe de mari\u00e9e en stretch avec fourreau en georgette, SAMARA, rayonne d&#039;un romantisme moderne. Son corsage structur\u00e9 et sans bretelles est agr\u00e9ment\u00e9 de volants subtils qui lui conf\u00e8rent une coupe flatteuse. La dentelle perl\u00e9e g\u00e9om\u00e9trique qui orne le c\u00f4t\u00e9 de la robe ajoute une touche d&#039;allure contemporaine, faisant de cet ensemble un choix parfait pour la mari\u00e9e qui recherche une sophistication chic avec une touche d&#039;\u00e9clat.\" \/>\n<meta property=\"og:url\" content=\"https:\/\/www.koonings.com\/fr\/product\/enzoani-blue-collection-samara\/\" \/>\n<meta property=\"og:site_name\" content=\"Koonings\" \/>\n<meta property=\"article:publisher\" content=\"https:\/\/www.facebook.com\/kooningstheweddingpalace\" \/>\n<meta property=\"og:image\" content=\"https:\/\/www.koonings.com\/wp-content\/uploads\/2024\/11\/41156_bd83e277ac7b40257f0cc22b66f2be8845aeed726b5b6fa9c63a2f8214e9efa925f7f847.jpeg\" \/>\n\t<meta property=\"og:image:width\" content=\"1035\" \/>\n\t<meta property=\"og:image:height\" content=\"1380\" \/>\n\t<meta property=\"og:image:type\" content=\"image\/jpeg\" \/>\n<meta name=\"twitter:card\" content=\"summary_large_image\" \/>\n<script type=\"application\/ld+json\" class=\"yoast-schema-graph\">{\"@context\":\"https:\\\/\\\/schema.org\",\"@graph\":[{\"@type\":\"WebPage\",\"@id\":\"https:\\\/\\\/www.koonings.com\\\/fr\\\/product\\\/enzoani-blue-collection-samara\\\/\",\"url\":\"https:\\\/\\\/www.koonings.com\\\/fr\\\/product\\\/enzoani-blue-collection-samara\\\/\",\"name\":\"Enzoani Blue collection Samara | Koonings\",\"isPartOf\":{\"@id\":\"https:\\\/\\\/www.koonings.com\\\/fr\\\/#website\"},\"primaryImageOfPage\":{\"@id\":\"https:\\\/\\\/www.koonings.com\\\/fr\\\/product\\\/enzoani-blue-collection-samara\\\/#primaryimage\"},\"image\":{\"@id\":\"https:\\\/\\\/www.koonings.com\\\/fr\\\/product\\\/enzoani-blue-collection-samara\\\/#primaryimage\"},\"thumbnailUrl\":\"https:\\\/\\\/www.koonings.com\\\/wp-content\\\/uploads\\\/2024\\\/11\\\/41156_bd83e277ac7b40257f0cc22b66f2be8845aeed726b5b6fa9c63a2f8214e9efa925f7f847.jpeg\",\"datePublished\":\"2026-05-06T13:26:30+00:00\",\"description\":\"Cette robe de mari\u00e9e en stretch avec fourreau en georgette, SAMARA, rayonne d'un romantisme moderne. Son corsage structur\u00e9 et sans bretelles est agr\u00e9ment\u00e9 de volants subtils qui lui conf\u00e8rent une coupe flatteuse. La dentelle perl\u00e9e g\u00e9om\u00e9trique qui orne le c\u00f4t\u00e9 de la robe ajoute une touche d'allure contemporaine, faisant de cet ensemble un choix parfait pour la mari\u00e9e qui recherche une sophistication chic avec une touche d'\u00e9clat.\",\"breadcrumb\":{\"@id\":\"https:\\\/\\\/www.koonings.com\\\/fr\\\/product\\\/enzoani-blue-collection-samara\\\/#breadcrumb\"},\"inLanguage\":\"fr-FR\",\"potentialAction\":[{\"@type\":\"ReadAction\",\"target\":[\"https:\\\/\\\/www.koonings.com\\\/fr\\\/product\\\/enzoani-blue-collection-samara\\\/\"]}]},{\"@type\":\"ImageObject\",\"inLanguage\":\"fr-FR\",\"@id\":\"https:\\\/\\\/www.koonings.com\\\/fr\\\/product\\\/enzoani-blue-collection-samara\\\/#primaryimage\",\"url\":\"https:\\\/\\\/www.koonings.com\\\/wp-content\\\/uploads\\\/2024\\\/11\\\/41156_bd83e277ac7b40257f0cc22b66f2be8845aeed726b5b6fa9c63a2f8214e9efa925f7f847.jpeg\",\"contentUrl\":\"https:\\\/\\\/www.koonings.com\\\/wp-content\\\/uploads\\\/2024\\\/11\\\/41156_bd83e277ac7b40257f0cc22b66f2be8845aeed726b5b6fa9c63a2f8214e9efa925f7f847.jpeg\",\"width\":1035,\"height\":1380},{\"@type\":\"BreadcrumbList\",\"@id\":\"https:\\\/\\\/www.koonings.com\\\/fr\\\/product\\\/enzoani-blue-collection-samara\\\/#breadcrumb\",\"itemListElement\":[{\"@type\":\"ListItem\",\"position\":1,\"name\":\"Home\",\"item\":\"https:\\\/\\\/www.koonings.com\\\/fr\\\/\"},{\"@type\":\"ListItem\",\"position\":2,\"name\":\"Enzoani Blue collection Samara\"}]},{\"@type\":\"WebSite\",\"@id\":\"https:\\\/\\\/www.koonings.com\\\/fr\\\/#website\",\"url\":\"https:\\\/\\\/www.koonings.com\\\/fr\\\/\",\"name\":\"Koonings\",\"description\":\"De grootste bruidsmodewinkel ter wereld\",\"publisher\":{\"@id\":\"https:\\\/\\\/www.koonings.com\\\/fr\\\/#organization\"},\"potentialAction\":[{\"@type\":\"SearchAction\",\"target\":{\"@type\":\"EntryPoint\",\"urlTemplate\":\"https:\\\/\\\/www.koonings.com\\\/fr\\\/?s={search_term_string}\"},\"query-input\":{\"@type\":\"PropertyValueSpecification\",\"valueRequired\":true,\"valueName\":\"search_term_string\"}}],\"inLanguage\":\"fr-FR\"},{\"@type\":\"Organization\",\"@id\":\"https:\\\/\\\/www.koonings.com\\\/fr\\\/#organization\",\"name\":\"Koonings\",\"url\":\"https:\\\/\\\/www.koonings.com\\\/fr\\\/\",\"logo\":{\"@type\":\"ImageObject\",\"inLanguage\":\"fr-FR\",\"@id\":\"https:\\\/\\\/www.koonings.com\\\/fr\\\/#\\\/schema\\\/logo\\\/image\\\/\",\"url\":\"https:\\\/\\\/www.koonings.com\\\/wp-content\\\/uploads\\\/2024\\\/07\\\/logo.png\",\"contentUrl\":\"https:\\\/\\\/www.koonings.com\\\/wp-content\\\/uploads\\\/2024\\\/07\\\/logo.png\",\"width\":600,\"height\":428,\"caption\":\"Koonings\"},\"image\":{\"@id\":\"https:\\\/\\\/www.koonings.com\\\/fr\\\/#\\\/schema\\\/logo\\\/image\\\/\"},\"sameAs\":[\"https:\\\/\\\/www.facebook.com\\\/kooningstheweddingpalace\",\"https:\\\/\\\/www.instagram.com\\\/kooningstheweddingpalace\",\"https:\\\/\\\/www.pinterest.com\\\/koonings\",\"https:\\\/\\\/www.youtube.com\\\/kooningstheweddingpalace\"]}]}<\/script>\n<!-- \/ Yoast SEO plugin. -->","yoast_head_json":{"title":"Enzoani Blue collection Samara | Koonings","description":"Cette robe de mari\u00e9e en stretch avec fourreau en georgette, SAMARA, rayonne d'un romantisme moderne. Son corsage structur\u00e9 et sans bretelles est agr\u00e9ment\u00e9 de volants subtils qui lui conf\u00e8rent une coupe flatteuse. La dentelle perl\u00e9e g\u00e9om\u00e9trique qui orne le c\u00f4t\u00e9 de la robe ajoute une touche d'allure contemporaine, faisant de cet ensemble un choix parfait pour la mari\u00e9e qui recherche une sophistication chic avec une touche d'\u00e9clat.","robots":{"index":"index","follow":"follow","max-snippet":"max-snippet:-1","max-image-preview":"max-image-preview:large","max-video-preview":"max-video-preview:-1"},"canonical":"https:\/\/www.koonings.com\/fr\/product\/enzoani-blue-collection-samara\/","og_locale":"fr_FR","og_type":"article","og_title":"Enzoani Blue collection Samara | Koonings","og_description":"Cette robe de mari\u00e9e en stretch avec fourreau en georgette, SAMARA, rayonne d'un romantisme moderne. Son corsage structur\u00e9 et sans bretelles est agr\u00e9ment\u00e9 de volants subtils qui lui conf\u00e8rent une coupe flatteuse. La dentelle perl\u00e9e g\u00e9om\u00e9trique qui orne le c\u00f4t\u00e9 de la robe ajoute une touche d'allure contemporaine, faisant de cet ensemble un choix parfait pour la mari\u00e9e qui recherche une sophistication chic avec une touche d'\u00e9clat.","og_url":"https:\/\/www.koonings.com\/fr\/product\/enzoani-blue-collection-samara\/","og_site_name":"Koonings","article_publisher":"https:\/\/www.facebook.com\/kooningstheweddingpalace","og_image":[{"width":1035,"height":1380,"url":"https:\/\/www.koonings.com\/wp-content\/uploads\/2024\/11\/41156_bd83e277ac7b40257f0cc22b66f2be8845aeed726b5b6fa9c63a2f8214e9efa925f7f847.jpeg","type":"image\/jpeg"}],"twitter_card":"summary_large_image","schema":{"@context":"https:\/\/schema.org","@graph":[{"@type":"WebPage","@id":"https:\/\/www.koonings.com\/fr\/product\/enzoani-blue-collection-samara\/","url":"https:\/\/www.koonings.com\/fr\/product\/enzoani-blue-collection-samara\/","name":"Enzoani Blue collection Samara | Koonings","isPartOf":{"@id":"https:\/\/www.koonings.com\/fr\/#website"},"primaryImageOfPage":{"@id":"https:\/\/www.koonings.com\/fr\/product\/enzoani-blue-collection-samara\/#primaryimage"},"image":{"@id":"https:\/\/www.koonings.com\/fr\/product\/enzoani-blue-collection-samara\/#primaryimage"},"thumbnailUrl":"https:\/\/www.koonings.com\/wp-content\/uploads\/2024\/11\/41156_bd83e277ac7b40257f0cc22b66f2be8845aeed726b5b6fa9c63a2f8214e9efa925f7f847.jpeg","datePublished":"2026-05-06T13:26:30+00:00","description":"Cette robe de mari\u00e9e en stretch avec fourreau en georgette, SAMARA, rayonne d'un romantisme moderne. Son corsage structur\u00e9 et sans bretelles est agr\u00e9ment\u00e9 de volants subtils qui lui conf\u00e8rent une coupe flatteuse. La dentelle perl\u00e9e g\u00e9om\u00e9trique qui orne le c\u00f4t\u00e9 de la robe ajoute une touche d'allure contemporaine, faisant de cet ensemble un choix parfait pour la mari\u00e9e qui recherche une sophistication chic avec une touche d'\u00e9clat.","breadcrumb":{"@id":"https:\/\/www.koonings.com\/fr\/product\/enzoani-blue-collection-samara\/#breadcrumb"},"inLanguage":"fr-FR","potentialAction":[{"@type":"ReadAction","target":["https:\/\/www.koonings.com\/fr\/product\/enzoani-blue-collection-samara\/"]}]},{"@type":"ImageObject","inLanguage":"fr-FR","@id":"https:\/\/www.koonings.com\/fr\/product\/enzoani-blue-collection-samara\/#primaryimage","url":"https:\/\/www.koonings.com\/wp-content\/uploads\/2024\/11\/41156_bd83e277ac7b40257f0cc22b66f2be8845aeed726b5b6fa9c63a2f8214e9efa925f7f847.jpeg","contentUrl":"https:\/\/www.koonings.com\/wp-content\/uploads\/2024\/11\/41156_bd83e277ac7b40257f0cc22b66f2be8845aeed726b5b6fa9c63a2f8214e9efa925f7f847.jpeg","width":1035,"height":1380},{"@type":"BreadcrumbList","@id":"https:\/\/www.koonings.com\/fr\/product\/enzoani-blue-collection-samara\/#breadcrumb","itemListElement":[{"@type":"ListItem","position":1,"name":"Home","item":"https:\/\/www.koonings.com\/fr\/"},{"@type":"ListItem","position":2,"name":"Enzoani Blue collection Samara"}]},{"@type":"WebSite","@id":"https:\/\/www.koonings.com\/fr\/#website","url":"https:\/\/www.koonings.com\/fr\/","name":"Koonings","description":"De grootste bruidsmodewinkel ter wereld","publisher":{"@id":"https:\/\/www.koonings.com\/fr\/#organization"},"potentialAction":[{"@type":"SearchAction","target":{"@type":"EntryPoint","urlTemplate":"https:\/\/www.koonings.com\/fr\/?s={search_term_string}"},"query-input":{"@type":"PropertyValueSpecification","valueRequired":true,"valueName":"search_term_string"}}],"inLanguage":"fr-FR"},{"@type":"Organization","@id":"https:\/\/www.koonings.com\/fr\/#organization","name":"Koonings","url":"https:\/\/www.koonings.com\/fr\/","logo":{"@type":"ImageObject","inLanguage":"fr-FR","@id":"https:\/\/www.koonings.com\/fr\/#\/schema\/logo\/image\/","url":"https:\/\/www.koonings.com\/wp-content\/uploads\/2024\/07\/logo.png","contentUrl":"https:\/\/www.koonings.com\/wp-content\/uploads\/2024\/07\/logo.png","width":600,"height":428,"caption":"Koonings"},"image":{"@id":"https:\/\/www.koonings.com\/fr\/#\/schema\/logo\/image\/"},"sameAs":["https:\/\/www.facebook.com\/kooningstheweddingpalace","https:\/\/www.instagram.com\/kooningstheweddingpalace","https:\/\/www.pinterest.com\/koonings","https:\/\/www.youtube.com\/kooningstheweddingpalace"]}]}},"_links":{"self":[{"href":"https:\/\/www.koonings.com\/fr\/wp-json\/wp\/v2\/product\/59589","targetHints":{"allow":["GET"]}}],"collection":[{"href":"https:\/\/www.koonings.com\/fr\/wp-json\/wp\/v2\/product"}],"about":[{"href":"https:\/\/www.koonings.com\/fr\/wp-json\/wp\/v2\/types\/product"}],"wp:featuredmedia":[{"embeddable":true,"href":"https:\/\/www.koonings.com\/fr\/wp-json\/wp\/v2\/media\/50663"}],"wp:attachment":[{"href":"https:\/\/www.koonings.com\/fr\/wp-json\/wp\/v2\/media?parent=59589"}],"wp:term":[{"taxonomy":"productdetails","embeddable":true,"href":"https:\/\/www.koonings.com\/fr\/wp-json\/wp\/v2\/productdetails?post=59589"},{"taxonomy":"productneck","embeddable":true,"href":"https:\/\/www.koonings.com\/fr\/wp-json\/wp\/v2\/productneck?post=59589"},{"taxonomy":"productcolor","embeddable":true,"href":"https:\/\/www.koonings.com\/fr\/wp-json\/wp\/v2\/productcolor?post=59589"},{"taxonomy":"maat","embeddable":true,"href":"https:\/\/www.koonings.com\/fr\/wp-json\/wp\/v2\/maat?post=59589"},{"taxonomy":"productsupplier","embeddable":true,"href":"https:\/\/www.koonings.com\/fr\/wp-json\/wp\/v2\/productsupplier?post=59589"},{"taxonomy":"productsleeve","embeddable":true,"href":"https:\/\/www.koonings.com\/fr\/wp-json\/wp\/v2\/productsleeve?post=59589"},{"taxonomy":"productcategory","embeddable":true,"href":"https:\/\/www.koonings.com\/fr\/wp-json\/wp\/v2\/productcategory?post=59589"},{"taxonomy":"productsilhouette","embeddable":true,"href":"https:\/\/www.koonings.com\/fr\/wp-json\/wp\/v2\/productsilhouette?post=59589"},{"taxonomy":"productstyle","embeddable":true,"href":"https:\/\/www.koonings.com\/fr\/wp-json\/wp\/v2\/productstyle?post=59589"}],"curies":[{"name":"wp","href":"https:\/\/api.w.org\/{rel}","templated":true}]}}