{"id":59582,"date":"2026-04-10T16:27:00","date_gmt":"2026-04-10T14:27:00","guid":{"rendered":"https:\/\/www.koonings.com\/product\/enzoani-blue-collection-samantha\/"},"modified":"2025-06-05T13:30:42","modified_gmt":"2025-06-05T11:30:42","slug":"enzoani-blue-collection-samantha","status":"publish","type":"product","link":"https:\/\/www.koonings.com\/fr\/product\/enzoani-blue-collection-samantha\/","title":{"rendered":"Enzoani Blue collection Samantha"},"content":{"rendered":"<p>Faites-vous remarquer avec Samantha, une robe sir\u00e8ne dont le corsage en dentelle botanique perl\u00e9e cr\u00e9e un look \u00e9poustouflant avec ses motifs complexes et ses d\u00e9tails d\u00e9licats. La jupe en georgette extensible enveloppe le corps aux bons endroits et souligne vos courbes avec \u00e9l\u00e9gance et sophistication. Lors de votre grande entr\u00e9e, la tra\u00eene orn\u00e9e de dentelle botanique ajoute une touche d&#8217;opulence et de romantisme, vous faisant vous sentir royale lors de votre journ\u00e9e sp\u00e9ciale.  <\/p>\n","protected":false},"featured_media":50730,"template":"","meta":{"_acf_changed":false,"ghostkit_customizer_options":"","ghostkit_custom_css":"","ghostkit_custom_js_head":"","ghostkit_custom_js_foot":"","ghostkit_typography":""},"productdetails":[380,376],"productneck":[356],"productcolor":[393,392],"maat":[],"productsupplier":[405],"productsleeve":[359],"productcategory":[18],"productsilhouette":[387],"productstyle":[366],"class_list":["post-59582","product","type-product","status-publish","has-post-thumbnail","hentry","productdetails-380","productdetails-376","productneck-356","productcolor-393","productcolor-392","productsupplier-enzoani-blue-collection","productsleeve-359","productcategory-trouwjurken","productsilhouette-387","productstyle-366"],"acf":[],"yoast_head":"<!-- This site is optimized with the Yoast SEO plugin v27.3 - https:\/\/yoast.com\/product\/yoast-seo-wordpress\/ -->\n<title>Enzoani Blue collection Samantha | Koonings<\/title>\n<meta name=\"description\" content=\"Faites-vous remarquer avec Samantha, une robe sir\u00e8ne dont le corsage en dentelle botanique perl\u00e9e cr\u00e9e un look \u00e9poustouflant avec ses motifs complexes et ses d\u00e9tails d\u00e9licats. La jupe en georgette extensible enveloppe le corps aux bons endroits et souligne vos courbes avec \u00e9l\u00e9gance et sophistication. Lors de votre grande entr\u00e9e, la tra\u00eene orn\u00e9e de dentelle botanique ajoute une touche d&#039;opulence et de romantisme, vous faisant vous sentir royale lors de votre journ\u00e9e sp\u00e9ciale.\" \/>\n<meta name=\"robots\" content=\"index, follow, max-snippet:-1, max-image-preview:large, max-video-preview:-1\" \/>\n<link rel=\"canonical\" href=\"https:\/\/www.koonings.com\/fr\/product\/enzoani-blue-collection-samantha\/\" \/>\n<meta property=\"og:locale\" content=\"fr_FR\" \/>\n<meta property=\"og:type\" content=\"article\" \/>\n<meta property=\"og:title\" content=\"Enzoani Blue collection Samantha | Koonings\" \/>\n<meta property=\"og:description\" content=\"Faites-vous remarquer avec Samantha, une robe sir\u00e8ne dont le corsage en dentelle botanique perl\u00e9e cr\u00e9e un look \u00e9poustouflant avec ses motifs complexes et ses d\u00e9tails d\u00e9licats. La jupe en georgette extensible enveloppe le corps aux bons endroits et souligne vos courbes avec \u00e9l\u00e9gance et sophistication. Lors de votre grande entr\u00e9e, la tra\u00eene orn\u00e9e de dentelle botanique ajoute une touche d&#039;opulence et de romantisme, vous faisant vous sentir royale lors de votre journ\u00e9e sp\u00e9ciale.\" \/>\n<meta property=\"og:url\" content=\"https:\/\/www.koonings.com\/fr\/product\/enzoani-blue-collection-samantha\/\" \/>\n<meta property=\"og:site_name\" content=\"Koonings\" \/>\n<meta property=\"article:publisher\" content=\"https:\/\/www.facebook.com\/kooningstheweddingpalace\" \/>\n<meta property=\"og:image\" content=\"https:\/\/www.koonings.com\/wp-content\/uploads\/2024\/11\/41159_7617275ad75e2979f2e9209116ae0dea3341f276f6eaec3ace2258d6872ded698975d5a4.jpeg\" \/>\n\t<meta property=\"og:image:width\" content=\"965\" \/>\n\t<meta property=\"og:image:height\" content=\"1367\" \/>\n\t<meta property=\"og:image:type\" content=\"image\/jpeg\" \/>\n<meta name=\"twitter:card\" content=\"summary_large_image\" \/>\n<script type=\"application\/ld+json\" class=\"yoast-schema-graph\">{\"@context\":\"https:\\\/\\\/schema.org\",\"@graph\":[{\"@type\":\"WebPage\",\"@id\":\"https:\\\/\\\/www.koonings.com\\\/fr\\\/product\\\/enzoani-blue-collection-samantha\\\/\",\"url\":\"https:\\\/\\\/www.koonings.com\\\/fr\\\/product\\\/enzoani-blue-collection-samantha\\\/\",\"name\":\"Enzoani Blue collection Samantha | Koonings\",\"isPartOf\":{\"@id\":\"https:\\\/\\\/www.koonings.com\\\/fr\\\/#website\"},\"primaryImageOfPage\":{\"@id\":\"https:\\\/\\\/www.koonings.com\\\/fr\\\/product\\\/enzoani-blue-collection-samantha\\\/#primaryimage\"},\"image\":{\"@id\":\"https:\\\/\\\/www.koonings.com\\\/fr\\\/product\\\/enzoani-blue-collection-samantha\\\/#primaryimage\"},\"thumbnailUrl\":\"https:\\\/\\\/www.koonings.com\\\/wp-content\\\/uploads\\\/2024\\\/11\\\/41159_7617275ad75e2979f2e9209116ae0dea3341f276f6eaec3ace2258d6872ded698975d5a4.jpeg\",\"datePublished\":\"2026-04-10T14:27:00+00:00\",\"description\":\"Faites-vous remarquer avec Samantha, une robe sir\u00e8ne dont le corsage en dentelle botanique perl\u00e9e cr\u00e9e un look \u00e9poustouflant avec ses motifs complexes et ses d\u00e9tails d\u00e9licats. La jupe en georgette extensible enveloppe le corps aux bons endroits et souligne vos courbes avec \u00e9l\u00e9gance et sophistication. Lors de votre grande entr\u00e9e, la tra\u00eene orn\u00e9e de dentelle botanique ajoute une touche d'opulence et de romantisme, vous faisant vous sentir royale lors de votre journ\u00e9e sp\u00e9ciale.\",\"breadcrumb\":{\"@id\":\"https:\\\/\\\/www.koonings.com\\\/fr\\\/product\\\/enzoani-blue-collection-samantha\\\/#breadcrumb\"},\"inLanguage\":\"fr-FR\",\"potentialAction\":[{\"@type\":\"ReadAction\",\"target\":[\"https:\\\/\\\/www.koonings.com\\\/fr\\\/product\\\/enzoani-blue-collection-samantha\\\/\"]}]},{\"@type\":\"ImageObject\",\"inLanguage\":\"fr-FR\",\"@id\":\"https:\\\/\\\/www.koonings.com\\\/fr\\\/product\\\/enzoani-blue-collection-samantha\\\/#primaryimage\",\"url\":\"https:\\\/\\\/www.koonings.com\\\/wp-content\\\/uploads\\\/2024\\\/11\\\/41159_7617275ad75e2979f2e9209116ae0dea3341f276f6eaec3ace2258d6872ded698975d5a4.jpeg\",\"contentUrl\":\"https:\\\/\\\/www.koonings.com\\\/wp-content\\\/uploads\\\/2024\\\/11\\\/41159_7617275ad75e2979f2e9209116ae0dea3341f276f6eaec3ace2258d6872ded698975d5a4.jpeg\",\"width\":965,\"height\":1367},{\"@type\":\"BreadcrumbList\",\"@id\":\"https:\\\/\\\/www.koonings.com\\\/fr\\\/product\\\/enzoani-blue-collection-samantha\\\/#breadcrumb\",\"itemListElement\":[{\"@type\":\"ListItem\",\"position\":1,\"name\":\"Home\",\"item\":\"https:\\\/\\\/www.koonings.com\\\/fr\\\/\"},{\"@type\":\"ListItem\",\"position\":2,\"name\":\"Enzoani Blue collection Samantha\"}]},{\"@type\":\"WebSite\",\"@id\":\"https:\\\/\\\/www.koonings.com\\\/fr\\\/#website\",\"url\":\"https:\\\/\\\/www.koonings.com\\\/fr\\\/\",\"name\":\"Koonings\",\"description\":\"De grootste bruidsmodewinkel ter wereld\",\"publisher\":{\"@id\":\"https:\\\/\\\/www.koonings.com\\\/fr\\\/#organization\"},\"potentialAction\":[{\"@type\":\"SearchAction\",\"target\":{\"@type\":\"EntryPoint\",\"urlTemplate\":\"https:\\\/\\\/www.koonings.com\\\/fr\\\/?s={search_term_string}\"},\"query-input\":{\"@type\":\"PropertyValueSpecification\",\"valueRequired\":true,\"valueName\":\"search_term_string\"}}],\"inLanguage\":\"fr-FR\"},{\"@type\":\"Organization\",\"@id\":\"https:\\\/\\\/www.koonings.com\\\/fr\\\/#organization\",\"name\":\"Koonings\",\"url\":\"https:\\\/\\\/www.koonings.com\\\/fr\\\/\",\"logo\":{\"@type\":\"ImageObject\",\"inLanguage\":\"fr-FR\",\"@id\":\"https:\\\/\\\/www.koonings.com\\\/fr\\\/#\\\/schema\\\/logo\\\/image\\\/\",\"url\":\"https:\\\/\\\/www.koonings.com\\\/wp-content\\\/uploads\\\/2024\\\/07\\\/logo.png\",\"contentUrl\":\"https:\\\/\\\/www.koonings.com\\\/wp-content\\\/uploads\\\/2024\\\/07\\\/logo.png\",\"width\":600,\"height\":428,\"caption\":\"Koonings\"},\"image\":{\"@id\":\"https:\\\/\\\/www.koonings.com\\\/fr\\\/#\\\/schema\\\/logo\\\/image\\\/\"},\"sameAs\":[\"https:\\\/\\\/www.facebook.com\\\/kooningstheweddingpalace\",\"https:\\\/\\\/www.instagram.com\\\/kooningstheweddingpalace\",\"https:\\\/\\\/www.pinterest.com\\\/koonings\",\"https:\\\/\\\/www.youtube.com\\\/kooningstheweddingpalace\"]}]}<\/script>\n<!-- \/ Yoast SEO plugin. -->","yoast_head_json":{"title":"Enzoani Blue collection Samantha | Koonings","description":"Faites-vous remarquer avec Samantha, une robe sir\u00e8ne dont le corsage en dentelle botanique perl\u00e9e cr\u00e9e un look \u00e9poustouflant avec ses motifs complexes et ses d\u00e9tails d\u00e9licats. La jupe en georgette extensible enveloppe le corps aux bons endroits et souligne vos courbes avec \u00e9l\u00e9gance et sophistication. Lors de votre grande entr\u00e9e, la tra\u00eene orn\u00e9e de dentelle botanique ajoute une touche d'opulence et de romantisme, vous faisant vous sentir royale lors de votre journ\u00e9e sp\u00e9ciale.","robots":{"index":"index","follow":"follow","max-snippet":"max-snippet:-1","max-image-preview":"max-image-preview:large","max-video-preview":"max-video-preview:-1"},"canonical":"https:\/\/www.koonings.com\/fr\/product\/enzoani-blue-collection-samantha\/","og_locale":"fr_FR","og_type":"article","og_title":"Enzoani Blue collection Samantha | Koonings","og_description":"Faites-vous remarquer avec Samantha, une robe sir\u00e8ne dont le corsage en dentelle botanique perl\u00e9e cr\u00e9e un look \u00e9poustouflant avec ses motifs complexes et ses d\u00e9tails d\u00e9licats. La jupe en georgette extensible enveloppe le corps aux bons endroits et souligne vos courbes avec \u00e9l\u00e9gance et sophistication. Lors de votre grande entr\u00e9e, la tra\u00eene orn\u00e9e de dentelle botanique ajoute une touche d'opulence et de romantisme, vous faisant vous sentir royale lors de votre journ\u00e9e sp\u00e9ciale.","og_url":"https:\/\/www.koonings.com\/fr\/product\/enzoani-blue-collection-samantha\/","og_site_name":"Koonings","article_publisher":"https:\/\/www.facebook.com\/kooningstheweddingpalace","og_image":[{"width":965,"height":1367,"url":"https:\/\/www.koonings.com\/wp-content\/uploads\/2024\/11\/41159_7617275ad75e2979f2e9209116ae0dea3341f276f6eaec3ace2258d6872ded698975d5a4.jpeg","type":"image\/jpeg"}],"twitter_card":"summary_large_image","schema":{"@context":"https:\/\/schema.org","@graph":[{"@type":"WebPage","@id":"https:\/\/www.koonings.com\/fr\/product\/enzoani-blue-collection-samantha\/","url":"https:\/\/www.koonings.com\/fr\/product\/enzoani-blue-collection-samantha\/","name":"Enzoani Blue collection Samantha | Koonings","isPartOf":{"@id":"https:\/\/www.koonings.com\/fr\/#website"},"primaryImageOfPage":{"@id":"https:\/\/www.koonings.com\/fr\/product\/enzoani-blue-collection-samantha\/#primaryimage"},"image":{"@id":"https:\/\/www.koonings.com\/fr\/product\/enzoani-blue-collection-samantha\/#primaryimage"},"thumbnailUrl":"https:\/\/www.koonings.com\/wp-content\/uploads\/2024\/11\/41159_7617275ad75e2979f2e9209116ae0dea3341f276f6eaec3ace2258d6872ded698975d5a4.jpeg","datePublished":"2026-04-10T14:27:00+00:00","description":"Faites-vous remarquer avec Samantha, une robe sir\u00e8ne dont le corsage en dentelle botanique perl\u00e9e cr\u00e9e un look \u00e9poustouflant avec ses motifs complexes et ses d\u00e9tails d\u00e9licats. La jupe en georgette extensible enveloppe le corps aux bons endroits et souligne vos courbes avec \u00e9l\u00e9gance et sophistication. Lors de votre grande entr\u00e9e, la tra\u00eene orn\u00e9e de dentelle botanique ajoute une touche d'opulence et de romantisme, vous faisant vous sentir royale lors de votre journ\u00e9e sp\u00e9ciale.","breadcrumb":{"@id":"https:\/\/www.koonings.com\/fr\/product\/enzoani-blue-collection-samantha\/#breadcrumb"},"inLanguage":"fr-FR","potentialAction":[{"@type":"ReadAction","target":["https:\/\/www.koonings.com\/fr\/product\/enzoani-blue-collection-samantha\/"]}]},{"@type":"ImageObject","inLanguage":"fr-FR","@id":"https:\/\/www.koonings.com\/fr\/product\/enzoani-blue-collection-samantha\/#primaryimage","url":"https:\/\/www.koonings.com\/wp-content\/uploads\/2024\/11\/41159_7617275ad75e2979f2e9209116ae0dea3341f276f6eaec3ace2258d6872ded698975d5a4.jpeg","contentUrl":"https:\/\/www.koonings.com\/wp-content\/uploads\/2024\/11\/41159_7617275ad75e2979f2e9209116ae0dea3341f276f6eaec3ace2258d6872ded698975d5a4.jpeg","width":965,"height":1367},{"@type":"BreadcrumbList","@id":"https:\/\/www.koonings.com\/fr\/product\/enzoani-blue-collection-samantha\/#breadcrumb","itemListElement":[{"@type":"ListItem","position":1,"name":"Home","item":"https:\/\/www.koonings.com\/fr\/"},{"@type":"ListItem","position":2,"name":"Enzoani Blue collection Samantha"}]},{"@type":"WebSite","@id":"https:\/\/www.koonings.com\/fr\/#website","url":"https:\/\/www.koonings.com\/fr\/","name":"Koonings","description":"De grootste bruidsmodewinkel ter wereld","publisher":{"@id":"https:\/\/www.koonings.com\/fr\/#organization"},"potentialAction":[{"@type":"SearchAction","target":{"@type":"EntryPoint","urlTemplate":"https:\/\/www.koonings.com\/fr\/?s={search_term_string}"},"query-input":{"@type":"PropertyValueSpecification","valueRequired":true,"valueName":"search_term_string"}}],"inLanguage":"fr-FR"},{"@type":"Organization","@id":"https:\/\/www.koonings.com\/fr\/#organization","name":"Koonings","url":"https:\/\/www.koonings.com\/fr\/","logo":{"@type":"ImageObject","inLanguage":"fr-FR","@id":"https:\/\/www.koonings.com\/fr\/#\/schema\/logo\/image\/","url":"https:\/\/www.koonings.com\/wp-content\/uploads\/2024\/07\/logo.png","contentUrl":"https:\/\/www.koonings.com\/wp-content\/uploads\/2024\/07\/logo.png","width":600,"height":428,"caption":"Koonings"},"image":{"@id":"https:\/\/www.koonings.com\/fr\/#\/schema\/logo\/image\/"},"sameAs":["https:\/\/www.facebook.com\/kooningstheweddingpalace","https:\/\/www.instagram.com\/kooningstheweddingpalace","https:\/\/www.pinterest.com\/koonings","https:\/\/www.youtube.com\/kooningstheweddingpalace"]}]}},"_links":{"self":[{"href":"https:\/\/www.koonings.com\/fr\/wp-json\/wp\/v2\/product\/59582","targetHints":{"allow":["GET"]}}],"collection":[{"href":"https:\/\/www.koonings.com\/fr\/wp-json\/wp\/v2\/product"}],"about":[{"href":"https:\/\/www.koonings.com\/fr\/wp-json\/wp\/v2\/types\/product"}],"wp:featuredmedia":[{"embeddable":true,"href":"https:\/\/www.koonings.com\/fr\/wp-json\/wp\/v2\/media\/50730"}],"wp:attachment":[{"href":"https:\/\/www.koonings.com\/fr\/wp-json\/wp\/v2\/media?parent=59582"}],"wp:term":[{"taxonomy":"productdetails","embeddable":true,"href":"https:\/\/www.koonings.com\/fr\/wp-json\/wp\/v2\/productdetails?post=59582"},{"taxonomy":"productneck","embeddable":true,"href":"https:\/\/www.koonings.com\/fr\/wp-json\/wp\/v2\/productneck?post=59582"},{"taxonomy":"productcolor","embeddable":true,"href":"https:\/\/www.koonings.com\/fr\/wp-json\/wp\/v2\/productcolor?post=59582"},{"taxonomy":"maat","embeddable":true,"href":"https:\/\/www.koonings.com\/fr\/wp-json\/wp\/v2\/maat?post=59582"},{"taxonomy":"productsupplier","embeddable":true,"href":"https:\/\/www.koonings.com\/fr\/wp-json\/wp\/v2\/productsupplier?post=59582"},{"taxonomy":"productsleeve","embeddable":true,"href":"https:\/\/www.koonings.com\/fr\/wp-json\/wp\/v2\/productsleeve?post=59582"},{"taxonomy":"productcategory","embeddable":true,"href":"https:\/\/www.koonings.com\/fr\/wp-json\/wp\/v2\/productcategory?post=59582"},{"taxonomy":"productsilhouette","embeddable":true,"href":"https:\/\/www.koonings.com\/fr\/wp-json\/wp\/v2\/productsilhouette?post=59582"},{"taxonomy":"productstyle","embeddable":true,"href":"https:\/\/www.koonings.com\/fr\/wp-json\/wp\/v2\/productstyle?post=59582"}],"curies":[{"name":"wp","href":"https:\/\/api.w.org\/{rel}","templated":true}]}}