{"id":59560,"date":"2026-04-28T18:26:21","date_gmt":"2026-04-28T16:26:21","guid":{"rendered":"https:\/\/www.koonings.com\/product\/enzoani-blue-collection-shakira\/"},"modified":"2025-06-05T13:31:00","modified_gmt":"2025-06-05T11:31:00","slug":"enzoani-blue-collection-shakira","status":"publish","type":"product","link":"https:\/\/www.koonings.com\/fr\/product\/enzoani-blue-collection-shakira\/","title":{"rendered":"Enzoani Blue collection Shakira"},"content":{"rendered":"<p>Orn\u00e9e de p\u00e9tales de paillettes perl\u00e9es, de dentelle florale brod\u00e9e et de dentelle perl\u00e9e g\u00e9om\u00e9trique dansant le long du corsage jusqu&#8217;\u00e0 la tra\u00eene allong\u00e9e, cette robe de mari\u00e9e sir\u00e8ne exsude une sophistication et un charme magnifiques, parfaits pour la mari\u00e9e recherchant un m\u00e9lange d&#8217;\u00e9l\u00e9ments classiques et modernes. Les jolies bretelles amovibles en tulle au niveau des \u00e9paules garantissent la polyvalence, tandis que le corset illusion dans le dos avec des d\u00e9tails de n\u0153uds en tulle doux ne manquera pas d&#8217;impressionner vos invit\u00e9s lorsque vous descendrez l&#8217;all\u00e9e. <\/p>\n","protected":false},"featured_media":50917,"template":"","meta":{"_acf_changed":false,"ghostkit_customizer_options":"","ghostkit_custom_css":"","ghostkit_custom_js_head":"","ghostkit_custom_js_foot":"","ghostkit_typography":""},"productdetails":[379,377,376,381],"productneck":[355],"productcolor":[393,392],"maat":[],"productsupplier":[405],"productsleeve":[],"productcategory":[18],"productsilhouette":[387],"productstyle":[366],"class_list":["post-59560","product","type-product","status-publish","has-post-thumbnail","hentry","productdetails-379","productdetails-377","productdetails-376","productdetails-381","productneck-355","productcolor-393","productcolor-392","productsupplier-enzoani-blue-collection","productcategory-trouwjurken","productsilhouette-387","productstyle-366"],"acf":[],"yoast_head":"<!-- This site is optimized with the Yoast SEO plugin v27.3 - https:\/\/yoast.com\/product\/yoast-seo-wordpress\/ -->\n<title>Enzoani Blue collection Shakira | Koonings<\/title>\n<meta name=\"description\" content=\"Orn\u00e9e de p\u00e9tales de paillettes perl\u00e9es, de dentelle florale brod\u00e9e et de dentelle perl\u00e9e g\u00e9om\u00e9trique dansant le long du corsage jusqu&#039;\u00e0 la tra\u00eene allong\u00e9e, cette robe de mari\u00e9e sir\u00e8ne exsude une sophistication et un charme magnifiques, parfaits pour la mari\u00e9e recherchant un m\u00e9lange d&#039;\u00e9l\u00e9ments classiques et modernes. Les jolies bretelles amovibles en tulle au niveau des \u00e9paules garantissent la polyvalence, tandis que le corset illusion dans le dos avec des d\u00e9tails de n\u0153uds en tulle doux ne manquera pas d&#039;impressionner vos invit\u00e9s lorsque vous descendrez l&#039;all\u00e9e.\" \/>\n<meta name=\"robots\" content=\"index, follow, max-snippet:-1, max-image-preview:large, max-video-preview:-1\" \/>\n<link rel=\"canonical\" href=\"https:\/\/www.koonings.com\/fr\/product\/enzoani-blue-collection-shakira\/\" \/>\n<meta property=\"og:locale\" content=\"fr_FR\" \/>\n<meta property=\"og:type\" content=\"article\" \/>\n<meta property=\"og:title\" content=\"Enzoani Blue collection Shakira | Koonings\" \/>\n<meta property=\"og:description\" content=\"Orn\u00e9e de p\u00e9tales de paillettes perl\u00e9es, de dentelle florale brod\u00e9e et de dentelle perl\u00e9e g\u00e9om\u00e9trique dansant le long du corsage jusqu&#039;\u00e0 la tra\u00eene allong\u00e9e, cette robe de mari\u00e9e sir\u00e8ne exsude une sophistication et un charme magnifiques, parfaits pour la mari\u00e9e recherchant un m\u00e9lange d&#039;\u00e9l\u00e9ments classiques et modernes. Les jolies bretelles amovibles en tulle au niveau des \u00e9paules garantissent la polyvalence, tandis que le corset illusion dans le dos avec des d\u00e9tails de n\u0153uds en tulle doux ne manquera pas d&#039;impressionner vos invit\u00e9s lorsque vous descendrez l&#039;all\u00e9e.\" \/>\n<meta property=\"og:url\" content=\"https:\/\/www.koonings.com\/fr\/product\/enzoani-blue-collection-shakira\/\" \/>\n<meta property=\"og:site_name\" content=\"Koonings\" \/>\n<meta property=\"article:publisher\" content=\"https:\/\/www.facebook.com\/kooningstheweddingpalace\" \/>\n<meta property=\"og:image\" content=\"https:\/\/www.koonings.com\/wp-content\/uploads\/2024\/11\/41166_496afae6d667d741266b06f29b685b9b385a1ba454ebae3e4f2556a95a2e66fb55b2c0cf.jpeg\" \/>\n\t<meta property=\"og:image:width\" content=\"939\" \/>\n\t<meta property=\"og:image:height\" content=\"1327\" \/>\n\t<meta property=\"og:image:type\" content=\"image\/jpeg\" \/>\n<meta name=\"twitter:card\" content=\"summary_large_image\" \/>\n<meta name=\"twitter:label1\" content=\"Dur\u00e9e de lecture estim\u00e9e\" \/>\n\t<meta name=\"twitter:data1\" content=\"1 minute\" \/>\n<script type=\"application\/ld+json\" class=\"yoast-schema-graph\">{\"@context\":\"https:\\\/\\\/schema.org\",\"@graph\":[{\"@type\":\"WebPage\",\"@id\":\"https:\\\/\\\/www.koonings.com\\\/fr\\\/product\\\/enzoani-blue-collection-shakira\\\/\",\"url\":\"https:\\\/\\\/www.koonings.com\\\/fr\\\/product\\\/enzoani-blue-collection-shakira\\\/\",\"name\":\"Enzoani Blue collection Shakira | Koonings\",\"isPartOf\":{\"@id\":\"https:\\\/\\\/www.koonings.com\\\/fr\\\/#website\"},\"primaryImageOfPage\":{\"@id\":\"https:\\\/\\\/www.koonings.com\\\/fr\\\/product\\\/enzoani-blue-collection-shakira\\\/#primaryimage\"},\"image\":{\"@id\":\"https:\\\/\\\/www.koonings.com\\\/fr\\\/product\\\/enzoani-blue-collection-shakira\\\/#primaryimage\"},\"thumbnailUrl\":\"https:\\\/\\\/www.koonings.com\\\/wp-content\\\/uploads\\\/2024\\\/11\\\/41166_496afae6d667d741266b06f29b685b9b385a1ba454ebae3e4f2556a95a2e66fb55b2c0cf.jpeg\",\"datePublished\":\"2026-04-28T16:26:21+00:00\",\"description\":\"Orn\u00e9e de p\u00e9tales de paillettes perl\u00e9es, de dentelle florale brod\u00e9e et de dentelle perl\u00e9e g\u00e9om\u00e9trique dansant le long du corsage jusqu'\u00e0 la tra\u00eene allong\u00e9e, cette robe de mari\u00e9e sir\u00e8ne exsude une sophistication et un charme magnifiques, parfaits pour la mari\u00e9e recherchant un m\u00e9lange d'\u00e9l\u00e9ments classiques et modernes. Les jolies bretelles amovibles en tulle au niveau des \u00e9paules garantissent la polyvalence, tandis que le corset illusion dans le dos avec des d\u00e9tails de n\u0153uds en tulle doux ne manquera pas d'impressionner vos invit\u00e9s lorsque vous descendrez l'all\u00e9e.\",\"breadcrumb\":{\"@id\":\"https:\\\/\\\/www.koonings.com\\\/fr\\\/product\\\/enzoani-blue-collection-shakira\\\/#breadcrumb\"},\"inLanguage\":\"fr-FR\",\"potentialAction\":[{\"@type\":\"ReadAction\",\"target\":[\"https:\\\/\\\/www.koonings.com\\\/fr\\\/product\\\/enzoani-blue-collection-shakira\\\/\"]}]},{\"@type\":\"ImageObject\",\"inLanguage\":\"fr-FR\",\"@id\":\"https:\\\/\\\/www.koonings.com\\\/fr\\\/product\\\/enzoani-blue-collection-shakira\\\/#primaryimage\",\"url\":\"https:\\\/\\\/www.koonings.com\\\/wp-content\\\/uploads\\\/2024\\\/11\\\/41166_496afae6d667d741266b06f29b685b9b385a1ba454ebae3e4f2556a95a2e66fb55b2c0cf.jpeg\",\"contentUrl\":\"https:\\\/\\\/www.koonings.com\\\/wp-content\\\/uploads\\\/2024\\\/11\\\/41166_496afae6d667d741266b06f29b685b9b385a1ba454ebae3e4f2556a95a2e66fb55b2c0cf.jpeg\",\"width\":939,\"height\":1327},{\"@type\":\"BreadcrumbList\",\"@id\":\"https:\\\/\\\/www.koonings.com\\\/fr\\\/product\\\/enzoani-blue-collection-shakira\\\/#breadcrumb\",\"itemListElement\":[{\"@type\":\"ListItem\",\"position\":1,\"name\":\"Home\",\"item\":\"https:\\\/\\\/www.koonings.com\\\/fr\\\/\"},{\"@type\":\"ListItem\",\"position\":2,\"name\":\"Enzoani Blue collection Shakira\"}]},{\"@type\":\"WebSite\",\"@id\":\"https:\\\/\\\/www.koonings.com\\\/fr\\\/#website\",\"url\":\"https:\\\/\\\/www.koonings.com\\\/fr\\\/\",\"name\":\"Koonings\",\"description\":\"De grootste bruidsmodewinkel ter wereld\",\"publisher\":{\"@id\":\"https:\\\/\\\/www.koonings.com\\\/fr\\\/#organization\"},\"potentialAction\":[{\"@type\":\"SearchAction\",\"target\":{\"@type\":\"EntryPoint\",\"urlTemplate\":\"https:\\\/\\\/www.koonings.com\\\/fr\\\/?s={search_term_string}\"},\"query-input\":{\"@type\":\"PropertyValueSpecification\",\"valueRequired\":true,\"valueName\":\"search_term_string\"}}],\"inLanguage\":\"fr-FR\"},{\"@type\":\"Organization\",\"@id\":\"https:\\\/\\\/www.koonings.com\\\/fr\\\/#organization\",\"name\":\"Koonings\",\"url\":\"https:\\\/\\\/www.koonings.com\\\/fr\\\/\",\"logo\":{\"@type\":\"ImageObject\",\"inLanguage\":\"fr-FR\",\"@id\":\"https:\\\/\\\/www.koonings.com\\\/fr\\\/#\\\/schema\\\/logo\\\/image\\\/\",\"url\":\"https:\\\/\\\/www.koonings.com\\\/wp-content\\\/uploads\\\/2024\\\/07\\\/logo.png\",\"contentUrl\":\"https:\\\/\\\/www.koonings.com\\\/wp-content\\\/uploads\\\/2024\\\/07\\\/logo.png\",\"width\":600,\"height\":428,\"caption\":\"Koonings\"},\"image\":{\"@id\":\"https:\\\/\\\/www.koonings.com\\\/fr\\\/#\\\/schema\\\/logo\\\/image\\\/\"},\"sameAs\":[\"https:\\\/\\\/www.facebook.com\\\/kooningstheweddingpalace\",\"https:\\\/\\\/www.instagram.com\\\/kooningstheweddingpalace\",\"https:\\\/\\\/www.pinterest.com\\\/koonings\",\"https:\\\/\\\/www.youtube.com\\\/kooningstheweddingpalace\"]}]}<\/script>\n<!-- \/ Yoast SEO plugin. -->","yoast_head_json":{"title":"Enzoani Blue collection Shakira | Koonings","description":"Orn\u00e9e de p\u00e9tales de paillettes perl\u00e9es, de dentelle florale brod\u00e9e et de dentelle perl\u00e9e g\u00e9om\u00e9trique dansant le long du corsage jusqu'\u00e0 la tra\u00eene allong\u00e9e, cette robe de mari\u00e9e sir\u00e8ne exsude une sophistication et un charme magnifiques, parfaits pour la mari\u00e9e recherchant un m\u00e9lange d'\u00e9l\u00e9ments classiques et modernes. Les jolies bretelles amovibles en tulle au niveau des \u00e9paules garantissent la polyvalence, tandis que le corset illusion dans le dos avec des d\u00e9tails de n\u0153uds en tulle doux ne manquera pas d'impressionner vos invit\u00e9s lorsque vous descendrez l'all\u00e9e.","robots":{"index":"index","follow":"follow","max-snippet":"max-snippet:-1","max-image-preview":"max-image-preview:large","max-video-preview":"max-video-preview:-1"},"canonical":"https:\/\/www.koonings.com\/fr\/product\/enzoani-blue-collection-shakira\/","og_locale":"fr_FR","og_type":"article","og_title":"Enzoani Blue collection Shakira | Koonings","og_description":"Orn\u00e9e de p\u00e9tales de paillettes perl\u00e9es, de dentelle florale brod\u00e9e et de dentelle perl\u00e9e g\u00e9om\u00e9trique dansant le long du corsage jusqu'\u00e0 la tra\u00eene allong\u00e9e, cette robe de mari\u00e9e sir\u00e8ne exsude une sophistication et un charme magnifiques, parfaits pour la mari\u00e9e recherchant un m\u00e9lange d'\u00e9l\u00e9ments classiques et modernes. Les jolies bretelles amovibles en tulle au niveau des \u00e9paules garantissent la polyvalence, tandis que le corset illusion dans le dos avec des d\u00e9tails de n\u0153uds en tulle doux ne manquera pas d'impressionner vos invit\u00e9s lorsque vous descendrez l'all\u00e9e.","og_url":"https:\/\/www.koonings.com\/fr\/product\/enzoani-blue-collection-shakira\/","og_site_name":"Koonings","article_publisher":"https:\/\/www.facebook.com\/kooningstheweddingpalace","og_image":[{"width":939,"height":1327,"url":"https:\/\/www.koonings.com\/wp-content\/uploads\/2024\/11\/41166_496afae6d667d741266b06f29b685b9b385a1ba454ebae3e4f2556a95a2e66fb55b2c0cf.jpeg","type":"image\/jpeg"}],"twitter_card":"summary_large_image","twitter_misc":{"Dur\u00e9e de lecture estim\u00e9e":"1 minute"},"schema":{"@context":"https:\/\/schema.org","@graph":[{"@type":"WebPage","@id":"https:\/\/www.koonings.com\/fr\/product\/enzoani-blue-collection-shakira\/","url":"https:\/\/www.koonings.com\/fr\/product\/enzoani-blue-collection-shakira\/","name":"Enzoani Blue collection Shakira | Koonings","isPartOf":{"@id":"https:\/\/www.koonings.com\/fr\/#website"},"primaryImageOfPage":{"@id":"https:\/\/www.koonings.com\/fr\/product\/enzoani-blue-collection-shakira\/#primaryimage"},"image":{"@id":"https:\/\/www.koonings.com\/fr\/product\/enzoani-blue-collection-shakira\/#primaryimage"},"thumbnailUrl":"https:\/\/www.koonings.com\/wp-content\/uploads\/2024\/11\/41166_496afae6d667d741266b06f29b685b9b385a1ba454ebae3e4f2556a95a2e66fb55b2c0cf.jpeg","datePublished":"2026-04-28T16:26:21+00:00","description":"Orn\u00e9e de p\u00e9tales de paillettes perl\u00e9es, de dentelle florale brod\u00e9e et de dentelle perl\u00e9e g\u00e9om\u00e9trique dansant le long du corsage jusqu'\u00e0 la tra\u00eene allong\u00e9e, cette robe de mari\u00e9e sir\u00e8ne exsude une sophistication et un charme magnifiques, parfaits pour la mari\u00e9e recherchant un m\u00e9lange d'\u00e9l\u00e9ments classiques et modernes. Les jolies bretelles amovibles en tulle au niveau des \u00e9paules garantissent la polyvalence, tandis que le corset illusion dans le dos avec des d\u00e9tails de n\u0153uds en tulle doux ne manquera pas d'impressionner vos invit\u00e9s lorsque vous descendrez l'all\u00e9e.","breadcrumb":{"@id":"https:\/\/www.koonings.com\/fr\/product\/enzoani-blue-collection-shakira\/#breadcrumb"},"inLanguage":"fr-FR","potentialAction":[{"@type":"ReadAction","target":["https:\/\/www.koonings.com\/fr\/product\/enzoani-blue-collection-shakira\/"]}]},{"@type":"ImageObject","inLanguage":"fr-FR","@id":"https:\/\/www.koonings.com\/fr\/product\/enzoani-blue-collection-shakira\/#primaryimage","url":"https:\/\/www.koonings.com\/wp-content\/uploads\/2024\/11\/41166_496afae6d667d741266b06f29b685b9b385a1ba454ebae3e4f2556a95a2e66fb55b2c0cf.jpeg","contentUrl":"https:\/\/www.koonings.com\/wp-content\/uploads\/2024\/11\/41166_496afae6d667d741266b06f29b685b9b385a1ba454ebae3e4f2556a95a2e66fb55b2c0cf.jpeg","width":939,"height":1327},{"@type":"BreadcrumbList","@id":"https:\/\/www.koonings.com\/fr\/product\/enzoani-blue-collection-shakira\/#breadcrumb","itemListElement":[{"@type":"ListItem","position":1,"name":"Home","item":"https:\/\/www.koonings.com\/fr\/"},{"@type":"ListItem","position":2,"name":"Enzoani Blue collection Shakira"}]},{"@type":"WebSite","@id":"https:\/\/www.koonings.com\/fr\/#website","url":"https:\/\/www.koonings.com\/fr\/","name":"Koonings","description":"De grootste bruidsmodewinkel ter wereld","publisher":{"@id":"https:\/\/www.koonings.com\/fr\/#organization"},"potentialAction":[{"@type":"SearchAction","target":{"@type":"EntryPoint","urlTemplate":"https:\/\/www.koonings.com\/fr\/?s={search_term_string}"},"query-input":{"@type":"PropertyValueSpecification","valueRequired":true,"valueName":"search_term_string"}}],"inLanguage":"fr-FR"},{"@type":"Organization","@id":"https:\/\/www.koonings.com\/fr\/#organization","name":"Koonings","url":"https:\/\/www.koonings.com\/fr\/","logo":{"@type":"ImageObject","inLanguage":"fr-FR","@id":"https:\/\/www.koonings.com\/fr\/#\/schema\/logo\/image\/","url":"https:\/\/www.koonings.com\/wp-content\/uploads\/2024\/07\/logo.png","contentUrl":"https:\/\/www.koonings.com\/wp-content\/uploads\/2024\/07\/logo.png","width":600,"height":428,"caption":"Koonings"},"image":{"@id":"https:\/\/www.koonings.com\/fr\/#\/schema\/logo\/image\/"},"sameAs":["https:\/\/www.facebook.com\/kooningstheweddingpalace","https:\/\/www.instagram.com\/kooningstheweddingpalace","https:\/\/www.pinterest.com\/koonings","https:\/\/www.youtube.com\/kooningstheweddingpalace"]}]}},"_links":{"self":[{"href":"https:\/\/www.koonings.com\/fr\/wp-json\/wp\/v2\/product\/59560","targetHints":{"allow":["GET"]}}],"collection":[{"href":"https:\/\/www.koonings.com\/fr\/wp-json\/wp\/v2\/product"}],"about":[{"href":"https:\/\/www.koonings.com\/fr\/wp-json\/wp\/v2\/types\/product"}],"wp:featuredmedia":[{"embeddable":true,"href":"https:\/\/www.koonings.com\/fr\/wp-json\/wp\/v2\/media\/50917"}],"wp:attachment":[{"href":"https:\/\/www.koonings.com\/fr\/wp-json\/wp\/v2\/media?parent=59560"}],"wp:term":[{"taxonomy":"productdetails","embeddable":true,"href":"https:\/\/www.koonings.com\/fr\/wp-json\/wp\/v2\/productdetails?post=59560"},{"taxonomy":"productneck","embeddable":true,"href":"https:\/\/www.koonings.com\/fr\/wp-json\/wp\/v2\/productneck?post=59560"},{"taxonomy":"productcolor","embeddable":true,"href":"https:\/\/www.koonings.com\/fr\/wp-json\/wp\/v2\/productcolor?post=59560"},{"taxonomy":"maat","embeddable":true,"href":"https:\/\/www.koonings.com\/fr\/wp-json\/wp\/v2\/maat?post=59560"},{"taxonomy":"productsupplier","embeddable":true,"href":"https:\/\/www.koonings.com\/fr\/wp-json\/wp\/v2\/productsupplier?post=59560"},{"taxonomy":"productsleeve","embeddable":true,"href":"https:\/\/www.koonings.com\/fr\/wp-json\/wp\/v2\/productsleeve?post=59560"},{"taxonomy":"productcategory","embeddable":true,"href":"https:\/\/www.koonings.com\/fr\/wp-json\/wp\/v2\/productcategory?post=59560"},{"taxonomy":"productsilhouette","embeddable":true,"href":"https:\/\/www.koonings.com\/fr\/wp-json\/wp\/v2\/productsilhouette?post=59560"},{"taxonomy":"productstyle","embeddable":true,"href":"https:\/\/www.koonings.com\/fr\/wp-json\/wp\/v2\/productstyle?post=59560"}],"curies":[{"name":"wp","href":"https:\/\/api.w.org\/{rel}","templated":true}]}}