{"id":59557,"date":"2025-12-15T00:40:55","date_gmt":"2025-12-14T23:40:55","guid":{"rendered":"https:\/\/www.koonings.com\/product\/enzoani-blue-collection-sidney-l\/"},"modified":"2026-02-03T18:53:18","modified_gmt":"2026-02-03T17:53:18","slug":"enzoani-blue-collection-sidney-l","status":"publish","type":"product","link":"https:\/\/www.koonings.com\/fr\/product\/enzoani-blue-collection-sidney-l\/","title":{"rendered":"Enzoani Collection bleue Sidney-L"},"content":{"rendered":"<p>La robe SIDNEY respire l&#8217;\u00e9l\u00e9gance intemporelle. Cette robe de mari\u00e9e sir\u00e8ne est orn\u00e9e d&#8217;une dentelle plumetis avec perles et d&#8217;appliques de fleurs Mikado 3D avec perles qui enveloppent le corsage avant de retomber en une magnifique tra\u00eene, pour une entr\u00e9e m\u00e9morable dans votre journ\u00e9e sp\u00e9ciale. Les p\u00e9tales en paillettes et le tulle paillet\u00e9 font de cette robe un r\u00eave magnifique.  <\/p>\n","protected":false},"featured_media":50971,"template":"","meta":{"_acf_changed":false,"ghostkit_customizer_options":"","ghostkit_custom_css":"","ghostkit_custom_js_head":"","ghostkit_custom_js_foot":"","ghostkit_typography":""},"productdetails":[379,377,376,381],"productneck":[355],"productcolor":[393,392],"maat":[],"productsupplier":[405],"productsleeve":[359],"productcategory":[18],"productsilhouette":[387],"productstyle":[366],"class_list":["post-59557","product","type-product","status-publish","has-post-thumbnail","hentry","productdetails-379","productdetails-377","productdetails-376","productdetails-381","productneck-355","productcolor-393","productcolor-392","productsupplier-enzoani-blue-collection","productsleeve-359","productcategory-trouwjurken","productsilhouette-387","productstyle-366"],"acf":[],"yoast_head":"<!-- This site is optimized with the Yoast SEO plugin v27.3 - https:\/\/yoast.com\/product\/yoast-seo-wordpress\/ -->\n<title>Enzoani Collection bleue Sidney-L | Koonings<\/title>\n<meta name=\"description\" content=\"La robe SIDNEY respire l&#039;\u00e9l\u00e9gance intemporelle. Cette robe de mari\u00e9e sir\u00e8ne est orn\u00e9e d&#039;une dentelle plumetis avec perles et d&#039;appliques de fleurs Mikado 3D avec perles qui enveloppent le corsage avant de retomber en une magnifique tra\u00eene, pour une entr\u00e9e m\u00e9morable dans votre journ\u00e9e sp\u00e9ciale. Les p\u00e9tales en paillettes et le tulle paillet\u00e9 font de cette robe un r\u00eave magnifique.\" \/>\n<meta name=\"robots\" content=\"index, follow, max-snippet:-1, max-image-preview:large, max-video-preview:-1\" \/>\n<link rel=\"canonical\" href=\"https:\/\/www.koonings.com\/fr\/product\/enzoani-blue-collection-sidney-l\/\" \/>\n<meta property=\"og:locale\" content=\"fr_FR\" \/>\n<meta property=\"og:type\" content=\"article\" \/>\n<meta property=\"og:title\" content=\"Enzoani Collection bleue Sidney-L | Koonings\" \/>\n<meta property=\"og:description\" content=\"La robe SIDNEY respire l&#039;\u00e9l\u00e9gance intemporelle. Cette robe de mari\u00e9e sir\u00e8ne est orn\u00e9e d&#039;une dentelle plumetis avec perles et d&#039;appliques de fleurs Mikado 3D avec perles qui enveloppent le corsage avant de retomber en une magnifique tra\u00eene, pour une entr\u00e9e m\u00e9morable dans votre journ\u00e9e sp\u00e9ciale. Les p\u00e9tales en paillettes et le tulle paillet\u00e9 font de cette robe un r\u00eave magnifique.\" \/>\n<meta property=\"og:url\" content=\"https:\/\/www.koonings.com\/fr\/product\/enzoani-blue-collection-sidney-l\/\" \/>\n<meta property=\"og:site_name\" content=\"Koonings\" \/>\n<meta property=\"article:publisher\" content=\"https:\/\/www.facebook.com\/kooningstheweddingpalace\" \/>\n<meta property=\"article:modified_time\" content=\"2026-02-03T17:53:18+00:00\" \/>\n<meta property=\"og:image\" content=\"https:\/\/www.koonings.com\/wp-content\/uploads\/2024\/11\/41175_238e3919e81ea8359139b4065e64807193fadd07081adb532aaea991dbed3115222aaa49.jpeg\" \/>\n\t<meta property=\"og:image:width\" content=\"1035\" \/>\n\t<meta property=\"og:image:height\" content=\"1380\" \/>\n\t<meta property=\"og:image:type\" content=\"image\/jpeg\" \/>\n<meta name=\"twitter:card\" content=\"summary_large_image\" \/>\n<script type=\"application\/ld+json\" class=\"yoast-schema-graph\">{\"@context\":\"https:\\\/\\\/schema.org\",\"@graph\":[{\"@type\":\"WebPage\",\"@id\":\"https:\\\/\\\/www.koonings.com\\\/fr\\\/product\\\/enzoani-blue-collection-sidney-l\\\/\",\"url\":\"https:\\\/\\\/www.koonings.com\\\/fr\\\/product\\\/enzoani-blue-collection-sidney-l\\\/\",\"name\":\"Enzoani Collection bleue Sidney-L | Koonings\",\"isPartOf\":{\"@id\":\"https:\\\/\\\/www.koonings.com\\\/fr\\\/#website\"},\"primaryImageOfPage\":{\"@id\":\"https:\\\/\\\/www.koonings.com\\\/fr\\\/product\\\/enzoani-blue-collection-sidney-l\\\/#primaryimage\"},\"image\":{\"@id\":\"https:\\\/\\\/www.koonings.com\\\/fr\\\/product\\\/enzoani-blue-collection-sidney-l\\\/#primaryimage\"},\"thumbnailUrl\":\"https:\\\/\\\/www.koonings.com\\\/wp-content\\\/uploads\\\/2024\\\/11\\\/41175_238e3919e81ea8359139b4065e64807193fadd07081adb532aaea991dbed3115222aaa49.jpeg\",\"datePublished\":\"2025-12-14T23:40:55+00:00\",\"dateModified\":\"2026-02-03T17:53:18+00:00\",\"description\":\"La robe SIDNEY respire l'\u00e9l\u00e9gance intemporelle. Cette robe de mari\u00e9e sir\u00e8ne est orn\u00e9e d'une dentelle plumetis avec perles et d'appliques de fleurs Mikado 3D avec perles qui enveloppent le corsage avant de retomber en une magnifique tra\u00eene, pour une entr\u00e9e m\u00e9morable dans votre journ\u00e9e sp\u00e9ciale. Les p\u00e9tales en paillettes et le tulle paillet\u00e9 font de cette robe un r\u00eave magnifique.\",\"breadcrumb\":{\"@id\":\"https:\\\/\\\/www.koonings.com\\\/fr\\\/product\\\/enzoani-blue-collection-sidney-l\\\/#breadcrumb\"},\"inLanguage\":\"fr-FR\",\"potentialAction\":[{\"@type\":\"ReadAction\",\"target\":[\"https:\\\/\\\/www.koonings.com\\\/fr\\\/product\\\/enzoani-blue-collection-sidney-l\\\/\"]}]},{\"@type\":\"ImageObject\",\"inLanguage\":\"fr-FR\",\"@id\":\"https:\\\/\\\/www.koonings.com\\\/fr\\\/product\\\/enzoani-blue-collection-sidney-l\\\/#primaryimage\",\"url\":\"https:\\\/\\\/www.koonings.com\\\/wp-content\\\/uploads\\\/2024\\\/11\\\/41175_238e3919e81ea8359139b4065e64807193fadd07081adb532aaea991dbed3115222aaa49.jpeg\",\"contentUrl\":\"https:\\\/\\\/www.koonings.com\\\/wp-content\\\/uploads\\\/2024\\\/11\\\/41175_238e3919e81ea8359139b4065e64807193fadd07081adb532aaea991dbed3115222aaa49.jpeg\",\"width\":1035,\"height\":1380},{\"@type\":\"BreadcrumbList\",\"@id\":\"https:\\\/\\\/www.koonings.com\\\/fr\\\/product\\\/enzoani-blue-collection-sidney-l\\\/#breadcrumb\",\"itemListElement\":[{\"@type\":\"ListItem\",\"position\":1,\"name\":\"Home\",\"item\":\"https:\\\/\\\/www.koonings.com\\\/fr\\\/\"},{\"@type\":\"ListItem\",\"position\":2,\"name\":\"Enzoani Collection bleue Sidney-L\"}]},{\"@type\":\"WebSite\",\"@id\":\"https:\\\/\\\/www.koonings.com\\\/fr\\\/#website\",\"url\":\"https:\\\/\\\/www.koonings.com\\\/fr\\\/\",\"name\":\"Koonings\",\"description\":\"De grootste bruidsmodewinkel ter wereld\",\"publisher\":{\"@id\":\"https:\\\/\\\/www.koonings.com\\\/fr\\\/#organization\"},\"potentialAction\":[{\"@type\":\"SearchAction\",\"target\":{\"@type\":\"EntryPoint\",\"urlTemplate\":\"https:\\\/\\\/www.koonings.com\\\/fr\\\/?s={search_term_string}\"},\"query-input\":{\"@type\":\"PropertyValueSpecification\",\"valueRequired\":true,\"valueName\":\"search_term_string\"}}],\"inLanguage\":\"fr-FR\"},{\"@type\":\"Organization\",\"@id\":\"https:\\\/\\\/www.koonings.com\\\/fr\\\/#organization\",\"name\":\"Koonings\",\"url\":\"https:\\\/\\\/www.koonings.com\\\/fr\\\/\",\"logo\":{\"@type\":\"ImageObject\",\"inLanguage\":\"fr-FR\",\"@id\":\"https:\\\/\\\/www.koonings.com\\\/fr\\\/#\\\/schema\\\/logo\\\/image\\\/\",\"url\":\"https:\\\/\\\/www.koonings.com\\\/wp-content\\\/uploads\\\/2024\\\/07\\\/logo.png\",\"contentUrl\":\"https:\\\/\\\/www.koonings.com\\\/wp-content\\\/uploads\\\/2024\\\/07\\\/logo.png\",\"width\":600,\"height\":428,\"caption\":\"Koonings\"},\"image\":{\"@id\":\"https:\\\/\\\/www.koonings.com\\\/fr\\\/#\\\/schema\\\/logo\\\/image\\\/\"},\"sameAs\":[\"https:\\\/\\\/www.facebook.com\\\/kooningstheweddingpalace\",\"https:\\\/\\\/www.instagram.com\\\/kooningstheweddingpalace\",\"https:\\\/\\\/www.pinterest.com\\\/koonings\",\"https:\\\/\\\/www.youtube.com\\\/kooningstheweddingpalace\"]}]}<\/script>\n<!-- \/ Yoast SEO plugin. -->","yoast_head_json":{"title":"Enzoani Collection bleue Sidney-L | Koonings","description":"La robe SIDNEY respire l'\u00e9l\u00e9gance intemporelle. Cette robe de mari\u00e9e sir\u00e8ne est orn\u00e9e d'une dentelle plumetis avec perles et d'appliques de fleurs Mikado 3D avec perles qui enveloppent le corsage avant de retomber en une magnifique tra\u00eene, pour une entr\u00e9e m\u00e9morable dans votre journ\u00e9e sp\u00e9ciale. Les p\u00e9tales en paillettes et le tulle paillet\u00e9 font de cette robe un r\u00eave magnifique.","robots":{"index":"index","follow":"follow","max-snippet":"max-snippet:-1","max-image-preview":"max-image-preview:large","max-video-preview":"max-video-preview:-1"},"canonical":"https:\/\/www.koonings.com\/fr\/product\/enzoani-blue-collection-sidney-l\/","og_locale":"fr_FR","og_type":"article","og_title":"Enzoani Collection bleue Sidney-L | Koonings","og_description":"La robe SIDNEY respire l'\u00e9l\u00e9gance intemporelle. Cette robe de mari\u00e9e sir\u00e8ne est orn\u00e9e d'une dentelle plumetis avec perles et d'appliques de fleurs Mikado 3D avec perles qui enveloppent le corsage avant de retomber en une magnifique tra\u00eene, pour une entr\u00e9e m\u00e9morable dans votre journ\u00e9e sp\u00e9ciale. Les p\u00e9tales en paillettes et le tulle paillet\u00e9 font de cette robe un r\u00eave magnifique.","og_url":"https:\/\/www.koonings.com\/fr\/product\/enzoani-blue-collection-sidney-l\/","og_site_name":"Koonings","article_publisher":"https:\/\/www.facebook.com\/kooningstheweddingpalace","article_modified_time":"2026-02-03T17:53:18+00:00","og_image":[{"width":1035,"height":1380,"url":"https:\/\/www.koonings.com\/wp-content\/uploads\/2024\/11\/41175_238e3919e81ea8359139b4065e64807193fadd07081adb532aaea991dbed3115222aaa49.jpeg","type":"image\/jpeg"}],"twitter_card":"summary_large_image","schema":{"@context":"https:\/\/schema.org","@graph":[{"@type":"WebPage","@id":"https:\/\/www.koonings.com\/fr\/product\/enzoani-blue-collection-sidney-l\/","url":"https:\/\/www.koonings.com\/fr\/product\/enzoani-blue-collection-sidney-l\/","name":"Enzoani Collection bleue Sidney-L | Koonings","isPartOf":{"@id":"https:\/\/www.koonings.com\/fr\/#website"},"primaryImageOfPage":{"@id":"https:\/\/www.koonings.com\/fr\/product\/enzoani-blue-collection-sidney-l\/#primaryimage"},"image":{"@id":"https:\/\/www.koonings.com\/fr\/product\/enzoani-blue-collection-sidney-l\/#primaryimage"},"thumbnailUrl":"https:\/\/www.koonings.com\/wp-content\/uploads\/2024\/11\/41175_238e3919e81ea8359139b4065e64807193fadd07081adb532aaea991dbed3115222aaa49.jpeg","datePublished":"2025-12-14T23:40:55+00:00","dateModified":"2026-02-03T17:53:18+00:00","description":"La robe SIDNEY respire l'\u00e9l\u00e9gance intemporelle. Cette robe de mari\u00e9e sir\u00e8ne est orn\u00e9e d'une dentelle plumetis avec perles et d'appliques de fleurs Mikado 3D avec perles qui enveloppent le corsage avant de retomber en une magnifique tra\u00eene, pour une entr\u00e9e m\u00e9morable dans votre journ\u00e9e sp\u00e9ciale. Les p\u00e9tales en paillettes et le tulle paillet\u00e9 font de cette robe un r\u00eave magnifique.","breadcrumb":{"@id":"https:\/\/www.koonings.com\/fr\/product\/enzoani-blue-collection-sidney-l\/#breadcrumb"},"inLanguage":"fr-FR","potentialAction":[{"@type":"ReadAction","target":["https:\/\/www.koonings.com\/fr\/product\/enzoani-blue-collection-sidney-l\/"]}]},{"@type":"ImageObject","inLanguage":"fr-FR","@id":"https:\/\/www.koonings.com\/fr\/product\/enzoani-blue-collection-sidney-l\/#primaryimage","url":"https:\/\/www.koonings.com\/wp-content\/uploads\/2024\/11\/41175_238e3919e81ea8359139b4065e64807193fadd07081adb532aaea991dbed3115222aaa49.jpeg","contentUrl":"https:\/\/www.koonings.com\/wp-content\/uploads\/2024\/11\/41175_238e3919e81ea8359139b4065e64807193fadd07081adb532aaea991dbed3115222aaa49.jpeg","width":1035,"height":1380},{"@type":"BreadcrumbList","@id":"https:\/\/www.koonings.com\/fr\/product\/enzoani-blue-collection-sidney-l\/#breadcrumb","itemListElement":[{"@type":"ListItem","position":1,"name":"Home","item":"https:\/\/www.koonings.com\/fr\/"},{"@type":"ListItem","position":2,"name":"Enzoani Collection bleue Sidney-L"}]},{"@type":"WebSite","@id":"https:\/\/www.koonings.com\/fr\/#website","url":"https:\/\/www.koonings.com\/fr\/","name":"Koonings","description":"De grootste bruidsmodewinkel ter wereld","publisher":{"@id":"https:\/\/www.koonings.com\/fr\/#organization"},"potentialAction":[{"@type":"SearchAction","target":{"@type":"EntryPoint","urlTemplate":"https:\/\/www.koonings.com\/fr\/?s={search_term_string}"},"query-input":{"@type":"PropertyValueSpecification","valueRequired":true,"valueName":"search_term_string"}}],"inLanguage":"fr-FR"},{"@type":"Organization","@id":"https:\/\/www.koonings.com\/fr\/#organization","name":"Koonings","url":"https:\/\/www.koonings.com\/fr\/","logo":{"@type":"ImageObject","inLanguage":"fr-FR","@id":"https:\/\/www.koonings.com\/fr\/#\/schema\/logo\/image\/","url":"https:\/\/www.koonings.com\/wp-content\/uploads\/2024\/07\/logo.png","contentUrl":"https:\/\/www.koonings.com\/wp-content\/uploads\/2024\/07\/logo.png","width":600,"height":428,"caption":"Koonings"},"image":{"@id":"https:\/\/www.koonings.com\/fr\/#\/schema\/logo\/image\/"},"sameAs":["https:\/\/www.facebook.com\/kooningstheweddingpalace","https:\/\/www.instagram.com\/kooningstheweddingpalace","https:\/\/www.pinterest.com\/koonings","https:\/\/www.youtube.com\/kooningstheweddingpalace"]}]}},"_links":{"self":[{"href":"https:\/\/www.koonings.com\/fr\/wp-json\/wp\/v2\/product\/59557","targetHints":{"allow":["GET"]}}],"collection":[{"href":"https:\/\/www.koonings.com\/fr\/wp-json\/wp\/v2\/product"}],"about":[{"href":"https:\/\/www.koonings.com\/fr\/wp-json\/wp\/v2\/types\/product"}],"wp:featuredmedia":[{"embeddable":true,"href":"https:\/\/www.koonings.com\/fr\/wp-json\/wp\/v2\/media\/50971"}],"wp:attachment":[{"href":"https:\/\/www.koonings.com\/fr\/wp-json\/wp\/v2\/media?parent=59557"}],"wp:term":[{"taxonomy":"productdetails","embeddable":true,"href":"https:\/\/www.koonings.com\/fr\/wp-json\/wp\/v2\/productdetails?post=59557"},{"taxonomy":"productneck","embeddable":true,"href":"https:\/\/www.koonings.com\/fr\/wp-json\/wp\/v2\/productneck?post=59557"},{"taxonomy":"productcolor","embeddable":true,"href":"https:\/\/www.koonings.com\/fr\/wp-json\/wp\/v2\/productcolor?post=59557"},{"taxonomy":"maat","embeddable":true,"href":"https:\/\/www.koonings.com\/fr\/wp-json\/wp\/v2\/maat?post=59557"},{"taxonomy":"productsupplier","embeddable":true,"href":"https:\/\/www.koonings.com\/fr\/wp-json\/wp\/v2\/productsupplier?post=59557"},{"taxonomy":"productsleeve","embeddable":true,"href":"https:\/\/www.koonings.com\/fr\/wp-json\/wp\/v2\/productsleeve?post=59557"},{"taxonomy":"productcategory","embeddable":true,"href":"https:\/\/www.koonings.com\/fr\/wp-json\/wp\/v2\/productcategory?post=59557"},{"taxonomy":"productsilhouette","embeddable":true,"href":"https:\/\/www.koonings.com\/fr\/wp-json\/wp\/v2\/productsilhouette?post=59557"},{"taxonomy":"productstyle","embeddable":true,"href":"https:\/\/www.koonings.com\/fr\/wp-json\/wp\/v2\/productstyle?post=59557"}],"curies":[{"name":"wp","href":"https:\/\/api.w.org\/{rel}","templated":true}]}}