{"id":59553,"date":"2026-05-06T15:26:37","date_gmt":"2026-05-06T13:26:37","guid":{"rendered":"https:\/\/www.koonings.com\/product\/enzoani-blue-collection-stasia-l\/"},"modified":"2025-06-05T13:30:48","modified_gmt":"2025-06-05T11:30:48","slug":"enzoani-blue-collection-stasia-l","status":"publish","type":"product","link":"https:\/\/www.koonings.com\/fr\/product\/enzoani-blue-collection-stasia-l\/","title":{"rendered":"Enzoani Blue collection Stasia-L"},"content":{"rendered":"<p>R\u00e9v\u00e9lez l&#8217;incarnation de la beaut\u00e9 nuptiale avec notre ravissante robe STASIA, fabriqu\u00e9e \u00e0 partir d&#8217;appliques florales Mikado 3D, de dentelle florale brod\u00e9e, de douce dentelle de Chantilly et de tulle moelleux. Le d\u00e9collet\u00e9 classique en c\u0153ur et les d\u00e9licates bretelles amovibles cr\u00e9ent une silhouette enchanteresse, vous donnant l&#8217;impression d&#8217;\u00eatre une vision d&#8217;\u00e9l\u00e9gance le jour de votre mariage. <\/p>\n","protected":false},"featured_media":50938,"template":"","meta":{"_acf_changed":false,"ghostkit_customizer_options":"","ghostkit_custom_css":"","ghostkit_custom_js_head":"","ghostkit_custom_js_foot":"","ghostkit_typography":""},"productdetails":[379,376,381],"productneck":[355],"productcolor":[393,392],"maat":[],"productsupplier":[405],"productsleeve":[],"productcategory":[18],"productsilhouette":[387],"productstyle":[366],"class_list":["post-59553","product","type-product","status-publish","has-post-thumbnail","hentry","productdetails-379","productdetails-376","productdetails-381","productneck-355","productcolor-393","productcolor-392","productsupplier-enzoani-blue-collection","productcategory-trouwjurken","productsilhouette-387","productstyle-366"],"acf":[],"yoast_head":"<!-- This site is optimized with the Yoast SEO plugin v27.3 - https:\/\/yoast.com\/product\/yoast-seo-wordpress\/ -->\n<title>Enzoani Blue collection Stasia-L | Koonings<\/title>\n<meta name=\"description\" content=\"R\u00e9v\u00e9lez l&#039;incarnation de la beaut\u00e9 nuptiale avec notre ravissante robe STASIA, fabriqu\u00e9e \u00e0 partir d&#039;appliques florales Mikado 3D, de dentelle florale brod\u00e9e, de douce dentelle de Chantilly et de tulle moelleux. Le d\u00e9collet\u00e9 classique en c\u0153ur et les d\u00e9licates bretelles amovibles cr\u00e9ent une silhouette enchanteresse, vous donnant l&#039;impression d&#039;\u00eatre une vision d&#039;\u00e9l\u00e9gance le jour de votre mariage.\" \/>\n<meta name=\"robots\" content=\"index, follow, max-snippet:-1, max-image-preview:large, max-video-preview:-1\" \/>\n<link rel=\"canonical\" href=\"https:\/\/www.koonings.com\/fr\/product\/enzoani-blue-collection-stasia-l\/\" \/>\n<meta property=\"og:locale\" content=\"fr_FR\" \/>\n<meta property=\"og:type\" content=\"article\" \/>\n<meta property=\"og:title\" content=\"Enzoani Blue collection Stasia-L | Koonings\" \/>\n<meta property=\"og:description\" content=\"R\u00e9v\u00e9lez l&#039;incarnation de la beaut\u00e9 nuptiale avec notre ravissante robe STASIA, fabriqu\u00e9e \u00e0 partir d&#039;appliques florales Mikado 3D, de dentelle florale brod\u00e9e, de douce dentelle de Chantilly et de tulle moelleux. Le d\u00e9collet\u00e9 classique en c\u0153ur et les d\u00e9licates bretelles amovibles cr\u00e9ent une silhouette enchanteresse, vous donnant l&#039;impression d&#039;\u00eatre une vision d&#039;\u00e9l\u00e9gance le jour de votre mariage.\" \/>\n<meta property=\"og:url\" content=\"https:\/\/www.koonings.com\/fr\/product\/enzoani-blue-collection-stasia-l\/\" \/>\n<meta property=\"og:site_name\" content=\"Koonings\" \/>\n<meta property=\"article:publisher\" content=\"https:\/\/www.facebook.com\/kooningstheweddingpalace\" \/>\n<meta property=\"og:image\" content=\"https:\/\/www.koonings.com\/wp-content\/uploads\/2024\/11\/41174_e200f44cd2710437f28812762652b9ff96bcc0949528134f4e8c7911535628b7dee7b19d.jpeg\" \/>\n\t<meta property=\"og:image:width\" content=\"1035\" \/>\n\t<meta property=\"og:image:height\" content=\"1380\" \/>\n\t<meta property=\"og:image:type\" content=\"image\/jpeg\" \/>\n<meta name=\"twitter:card\" content=\"summary_large_image\" \/>\n<script type=\"application\/ld+json\" class=\"yoast-schema-graph\">{\"@context\":\"https:\\\/\\\/schema.org\",\"@graph\":[{\"@type\":\"WebPage\",\"@id\":\"https:\\\/\\\/www.koonings.com\\\/fr\\\/product\\\/enzoani-blue-collection-stasia-l\\\/\",\"url\":\"https:\\\/\\\/www.koonings.com\\\/fr\\\/product\\\/enzoani-blue-collection-stasia-l\\\/\",\"name\":\"Enzoani Blue collection Stasia-L | Koonings\",\"isPartOf\":{\"@id\":\"https:\\\/\\\/www.koonings.com\\\/fr\\\/#website\"},\"primaryImageOfPage\":{\"@id\":\"https:\\\/\\\/www.koonings.com\\\/fr\\\/product\\\/enzoani-blue-collection-stasia-l\\\/#primaryimage\"},\"image\":{\"@id\":\"https:\\\/\\\/www.koonings.com\\\/fr\\\/product\\\/enzoani-blue-collection-stasia-l\\\/#primaryimage\"},\"thumbnailUrl\":\"https:\\\/\\\/www.koonings.com\\\/wp-content\\\/uploads\\\/2024\\\/11\\\/41174_e200f44cd2710437f28812762652b9ff96bcc0949528134f4e8c7911535628b7dee7b19d.jpeg\",\"datePublished\":\"2026-05-06T13:26:37+00:00\",\"description\":\"R\u00e9v\u00e9lez l'incarnation de la beaut\u00e9 nuptiale avec notre ravissante robe STASIA, fabriqu\u00e9e \u00e0 partir d'appliques florales Mikado 3D, de dentelle florale brod\u00e9e, de douce dentelle de Chantilly et de tulle moelleux. Le d\u00e9collet\u00e9 classique en c\u0153ur et les d\u00e9licates bretelles amovibles cr\u00e9ent une silhouette enchanteresse, vous donnant l'impression d'\u00eatre une vision d'\u00e9l\u00e9gance le jour de votre mariage.\",\"breadcrumb\":{\"@id\":\"https:\\\/\\\/www.koonings.com\\\/fr\\\/product\\\/enzoani-blue-collection-stasia-l\\\/#breadcrumb\"},\"inLanguage\":\"fr-FR\",\"potentialAction\":[{\"@type\":\"ReadAction\",\"target\":[\"https:\\\/\\\/www.koonings.com\\\/fr\\\/product\\\/enzoani-blue-collection-stasia-l\\\/\"]}]},{\"@type\":\"ImageObject\",\"inLanguage\":\"fr-FR\",\"@id\":\"https:\\\/\\\/www.koonings.com\\\/fr\\\/product\\\/enzoani-blue-collection-stasia-l\\\/#primaryimage\",\"url\":\"https:\\\/\\\/www.koonings.com\\\/wp-content\\\/uploads\\\/2024\\\/11\\\/41174_e200f44cd2710437f28812762652b9ff96bcc0949528134f4e8c7911535628b7dee7b19d.jpeg\",\"contentUrl\":\"https:\\\/\\\/www.koonings.com\\\/wp-content\\\/uploads\\\/2024\\\/11\\\/41174_e200f44cd2710437f28812762652b9ff96bcc0949528134f4e8c7911535628b7dee7b19d.jpeg\",\"width\":1035,\"height\":1380},{\"@type\":\"BreadcrumbList\",\"@id\":\"https:\\\/\\\/www.koonings.com\\\/fr\\\/product\\\/enzoani-blue-collection-stasia-l\\\/#breadcrumb\",\"itemListElement\":[{\"@type\":\"ListItem\",\"position\":1,\"name\":\"Home\",\"item\":\"https:\\\/\\\/www.koonings.com\\\/fr\\\/\"},{\"@type\":\"ListItem\",\"position\":2,\"name\":\"Enzoani Blue collection Stasia-L\"}]},{\"@type\":\"WebSite\",\"@id\":\"https:\\\/\\\/www.koonings.com\\\/fr\\\/#website\",\"url\":\"https:\\\/\\\/www.koonings.com\\\/fr\\\/\",\"name\":\"Koonings\",\"description\":\"De grootste bruidsmodewinkel ter wereld\",\"publisher\":{\"@id\":\"https:\\\/\\\/www.koonings.com\\\/fr\\\/#organization\"},\"potentialAction\":[{\"@type\":\"SearchAction\",\"target\":{\"@type\":\"EntryPoint\",\"urlTemplate\":\"https:\\\/\\\/www.koonings.com\\\/fr\\\/?s={search_term_string}\"},\"query-input\":{\"@type\":\"PropertyValueSpecification\",\"valueRequired\":true,\"valueName\":\"search_term_string\"}}],\"inLanguage\":\"fr-FR\"},{\"@type\":\"Organization\",\"@id\":\"https:\\\/\\\/www.koonings.com\\\/fr\\\/#organization\",\"name\":\"Koonings\",\"url\":\"https:\\\/\\\/www.koonings.com\\\/fr\\\/\",\"logo\":{\"@type\":\"ImageObject\",\"inLanguage\":\"fr-FR\",\"@id\":\"https:\\\/\\\/www.koonings.com\\\/fr\\\/#\\\/schema\\\/logo\\\/image\\\/\",\"url\":\"https:\\\/\\\/www.koonings.com\\\/wp-content\\\/uploads\\\/2024\\\/07\\\/logo.png\",\"contentUrl\":\"https:\\\/\\\/www.koonings.com\\\/wp-content\\\/uploads\\\/2024\\\/07\\\/logo.png\",\"width\":600,\"height\":428,\"caption\":\"Koonings\"},\"image\":{\"@id\":\"https:\\\/\\\/www.koonings.com\\\/fr\\\/#\\\/schema\\\/logo\\\/image\\\/\"},\"sameAs\":[\"https:\\\/\\\/www.facebook.com\\\/kooningstheweddingpalace\",\"https:\\\/\\\/www.instagram.com\\\/kooningstheweddingpalace\",\"https:\\\/\\\/www.pinterest.com\\\/koonings\",\"https:\\\/\\\/www.youtube.com\\\/kooningstheweddingpalace\"]}]}<\/script>\n<!-- \/ Yoast SEO plugin. -->","yoast_head_json":{"title":"Enzoani Blue collection Stasia-L | Koonings","description":"R\u00e9v\u00e9lez l'incarnation de la beaut\u00e9 nuptiale avec notre ravissante robe STASIA, fabriqu\u00e9e \u00e0 partir d'appliques florales Mikado 3D, de dentelle florale brod\u00e9e, de douce dentelle de Chantilly et de tulle moelleux. Le d\u00e9collet\u00e9 classique en c\u0153ur et les d\u00e9licates bretelles amovibles cr\u00e9ent une silhouette enchanteresse, vous donnant l'impression d'\u00eatre une vision d'\u00e9l\u00e9gance le jour de votre mariage.","robots":{"index":"index","follow":"follow","max-snippet":"max-snippet:-1","max-image-preview":"max-image-preview:large","max-video-preview":"max-video-preview:-1"},"canonical":"https:\/\/www.koonings.com\/fr\/product\/enzoani-blue-collection-stasia-l\/","og_locale":"fr_FR","og_type":"article","og_title":"Enzoani Blue collection Stasia-L | Koonings","og_description":"R\u00e9v\u00e9lez l'incarnation de la beaut\u00e9 nuptiale avec notre ravissante robe STASIA, fabriqu\u00e9e \u00e0 partir d'appliques florales Mikado 3D, de dentelle florale brod\u00e9e, de douce dentelle de Chantilly et de tulle moelleux. Le d\u00e9collet\u00e9 classique en c\u0153ur et les d\u00e9licates bretelles amovibles cr\u00e9ent une silhouette enchanteresse, vous donnant l'impression d'\u00eatre une vision d'\u00e9l\u00e9gance le jour de votre mariage.","og_url":"https:\/\/www.koonings.com\/fr\/product\/enzoani-blue-collection-stasia-l\/","og_site_name":"Koonings","article_publisher":"https:\/\/www.facebook.com\/kooningstheweddingpalace","og_image":[{"width":1035,"height":1380,"url":"https:\/\/www.koonings.com\/wp-content\/uploads\/2024\/11\/41174_e200f44cd2710437f28812762652b9ff96bcc0949528134f4e8c7911535628b7dee7b19d.jpeg","type":"image\/jpeg"}],"twitter_card":"summary_large_image","schema":{"@context":"https:\/\/schema.org","@graph":[{"@type":"WebPage","@id":"https:\/\/www.koonings.com\/fr\/product\/enzoani-blue-collection-stasia-l\/","url":"https:\/\/www.koonings.com\/fr\/product\/enzoani-blue-collection-stasia-l\/","name":"Enzoani Blue collection Stasia-L | Koonings","isPartOf":{"@id":"https:\/\/www.koonings.com\/fr\/#website"},"primaryImageOfPage":{"@id":"https:\/\/www.koonings.com\/fr\/product\/enzoani-blue-collection-stasia-l\/#primaryimage"},"image":{"@id":"https:\/\/www.koonings.com\/fr\/product\/enzoani-blue-collection-stasia-l\/#primaryimage"},"thumbnailUrl":"https:\/\/www.koonings.com\/wp-content\/uploads\/2024\/11\/41174_e200f44cd2710437f28812762652b9ff96bcc0949528134f4e8c7911535628b7dee7b19d.jpeg","datePublished":"2026-05-06T13:26:37+00:00","description":"R\u00e9v\u00e9lez l'incarnation de la beaut\u00e9 nuptiale avec notre ravissante robe STASIA, fabriqu\u00e9e \u00e0 partir d'appliques florales Mikado 3D, de dentelle florale brod\u00e9e, de douce dentelle de Chantilly et de tulle moelleux. Le d\u00e9collet\u00e9 classique en c\u0153ur et les d\u00e9licates bretelles amovibles cr\u00e9ent une silhouette enchanteresse, vous donnant l'impression d'\u00eatre une vision d'\u00e9l\u00e9gance le jour de votre mariage.","breadcrumb":{"@id":"https:\/\/www.koonings.com\/fr\/product\/enzoani-blue-collection-stasia-l\/#breadcrumb"},"inLanguage":"fr-FR","potentialAction":[{"@type":"ReadAction","target":["https:\/\/www.koonings.com\/fr\/product\/enzoani-blue-collection-stasia-l\/"]}]},{"@type":"ImageObject","inLanguage":"fr-FR","@id":"https:\/\/www.koonings.com\/fr\/product\/enzoani-blue-collection-stasia-l\/#primaryimage","url":"https:\/\/www.koonings.com\/wp-content\/uploads\/2024\/11\/41174_e200f44cd2710437f28812762652b9ff96bcc0949528134f4e8c7911535628b7dee7b19d.jpeg","contentUrl":"https:\/\/www.koonings.com\/wp-content\/uploads\/2024\/11\/41174_e200f44cd2710437f28812762652b9ff96bcc0949528134f4e8c7911535628b7dee7b19d.jpeg","width":1035,"height":1380},{"@type":"BreadcrumbList","@id":"https:\/\/www.koonings.com\/fr\/product\/enzoani-blue-collection-stasia-l\/#breadcrumb","itemListElement":[{"@type":"ListItem","position":1,"name":"Home","item":"https:\/\/www.koonings.com\/fr\/"},{"@type":"ListItem","position":2,"name":"Enzoani Blue collection Stasia-L"}]},{"@type":"WebSite","@id":"https:\/\/www.koonings.com\/fr\/#website","url":"https:\/\/www.koonings.com\/fr\/","name":"Koonings","description":"De grootste bruidsmodewinkel ter wereld","publisher":{"@id":"https:\/\/www.koonings.com\/fr\/#organization"},"potentialAction":[{"@type":"SearchAction","target":{"@type":"EntryPoint","urlTemplate":"https:\/\/www.koonings.com\/fr\/?s={search_term_string}"},"query-input":{"@type":"PropertyValueSpecification","valueRequired":true,"valueName":"search_term_string"}}],"inLanguage":"fr-FR"},{"@type":"Organization","@id":"https:\/\/www.koonings.com\/fr\/#organization","name":"Koonings","url":"https:\/\/www.koonings.com\/fr\/","logo":{"@type":"ImageObject","inLanguage":"fr-FR","@id":"https:\/\/www.koonings.com\/fr\/#\/schema\/logo\/image\/","url":"https:\/\/www.koonings.com\/wp-content\/uploads\/2024\/07\/logo.png","contentUrl":"https:\/\/www.koonings.com\/wp-content\/uploads\/2024\/07\/logo.png","width":600,"height":428,"caption":"Koonings"},"image":{"@id":"https:\/\/www.koonings.com\/fr\/#\/schema\/logo\/image\/"},"sameAs":["https:\/\/www.facebook.com\/kooningstheweddingpalace","https:\/\/www.instagram.com\/kooningstheweddingpalace","https:\/\/www.pinterest.com\/koonings","https:\/\/www.youtube.com\/kooningstheweddingpalace"]}]}},"_links":{"self":[{"href":"https:\/\/www.koonings.com\/fr\/wp-json\/wp\/v2\/product\/59553","targetHints":{"allow":["GET"]}}],"collection":[{"href":"https:\/\/www.koonings.com\/fr\/wp-json\/wp\/v2\/product"}],"about":[{"href":"https:\/\/www.koonings.com\/fr\/wp-json\/wp\/v2\/types\/product"}],"wp:featuredmedia":[{"embeddable":true,"href":"https:\/\/www.koonings.com\/fr\/wp-json\/wp\/v2\/media\/50938"}],"wp:attachment":[{"href":"https:\/\/www.koonings.com\/fr\/wp-json\/wp\/v2\/media?parent=59553"}],"wp:term":[{"taxonomy":"productdetails","embeddable":true,"href":"https:\/\/www.koonings.com\/fr\/wp-json\/wp\/v2\/productdetails?post=59553"},{"taxonomy":"productneck","embeddable":true,"href":"https:\/\/www.koonings.com\/fr\/wp-json\/wp\/v2\/productneck?post=59553"},{"taxonomy":"productcolor","embeddable":true,"href":"https:\/\/www.koonings.com\/fr\/wp-json\/wp\/v2\/productcolor?post=59553"},{"taxonomy":"maat","embeddable":true,"href":"https:\/\/www.koonings.com\/fr\/wp-json\/wp\/v2\/maat?post=59553"},{"taxonomy":"productsupplier","embeddable":true,"href":"https:\/\/www.koonings.com\/fr\/wp-json\/wp\/v2\/productsupplier?post=59553"},{"taxonomy":"productsleeve","embeddable":true,"href":"https:\/\/www.koonings.com\/fr\/wp-json\/wp\/v2\/productsleeve?post=59553"},{"taxonomy":"productcategory","embeddable":true,"href":"https:\/\/www.koonings.com\/fr\/wp-json\/wp\/v2\/productcategory?post=59553"},{"taxonomy":"productsilhouette","embeddable":true,"href":"https:\/\/www.koonings.com\/fr\/wp-json\/wp\/v2\/productsilhouette?post=59553"},{"taxonomy":"productstyle","embeddable":true,"href":"https:\/\/www.koonings.com\/fr\/wp-json\/wp\/v2\/productstyle?post=59553"}],"curies":[{"name":"wp","href":"https:\/\/api.w.org\/{rel}","templated":true}]}}