{"id":59540,"date":"2026-05-06T15:26:44","date_gmt":"2026-05-06T13:26:44","guid":{"rendered":"https:\/\/www.koonings.com\/product\/elysee-fae\/"},"modified":"2025-06-05T13:22:23","modified_gmt":"2025-06-05T11:22:23","slug":"elysee-fae","status":"publish","type":"product","link":"https:\/\/www.koonings.com\/fr\/product\/elysee-fae\/","title":{"rendered":"Elysee Fae"},"content":{"rendered":"<p>Le mod\u00e8le Fae est parfait pour votre mariage de conte de f\u00e9es ! Cette d\u00e9licate robe en ligne A d\u00e9gage un charme \u00e9th\u00e9r\u00e9 et romantique avec ses bretelles amovibles, sa dentelle brod\u00e9e de fleurs en organza et ses appliqu\u00e9s floraux perl\u00e9s qui courent du corsage \u00e0 la jupe en tulle doux et paillet\u00e9 avec une fente sexy. Le corset de tulle au dos ajoute une touche de f\u00e9minit\u00e9 et de glamour \u00e0 cette superbe robe.  <\/p>\n","protected":false},"featured_media":51084,"template":"","meta":{"_acf_changed":false,"ghostkit_customizer_options":"","ghostkit_custom_css":"","ghostkit_custom_js_head":"","ghostkit_custom_js_foot":"","ghostkit_typography":""},"productdetails":[379,376,378,381],"productneck":[354],"productcolor":[393,392],"maat":[],"productsupplier":[427],"productsleeve":[],"productcategory":[18],"productsilhouette":[389],"productstyle":[366,370],"class_list":["post-59540","product","type-product","status-publish","has-post-thumbnail","hentry","productdetails-379","productdetails-376","productdetails-378","productdetails-381","productneck-354","productcolor-393","productcolor-392","productsupplier-elysee","productcategory-trouwjurken","productsilhouette-389","productstyle-366","productstyle-370"],"acf":[],"yoast_head":"<!-- This site is optimized with the Yoast SEO plugin v27.3 - https:\/\/yoast.com\/product\/yoast-seo-wordpress\/ -->\n<title>Elysee Fae | Koonings<\/title>\n<meta name=\"description\" content=\"Le mod\u00e8le Fae est parfait pour votre mariage de conte de f\u00e9es ! Cette d\u00e9licate robe en ligne A d\u00e9gage un charme \u00e9th\u00e9r\u00e9 et romantique avec ses bretelles amovibles, sa dentelle brod\u00e9e de fleurs en organza et ses appliqu\u00e9s floraux perl\u00e9s qui courent du corsage \u00e0 la jupe en tulle doux et paillet\u00e9 avec une fente sexy. Le corset de tulle au dos ajoute une touche de f\u00e9minit\u00e9 et de glamour \u00e0 cette superbe robe.\" \/>\n<meta name=\"robots\" content=\"index, follow, max-snippet:-1, max-image-preview:large, max-video-preview:-1\" \/>\n<link rel=\"canonical\" href=\"https:\/\/www.koonings.com\/fr\/product\/elysee-fae\/\" \/>\n<meta property=\"og:locale\" content=\"fr_FR\" \/>\n<meta property=\"og:type\" content=\"article\" \/>\n<meta property=\"og:title\" content=\"Elysee Fae | Koonings\" \/>\n<meta property=\"og:description\" content=\"Le mod\u00e8le Fae est parfait pour votre mariage de conte de f\u00e9es ! Cette d\u00e9licate robe en ligne A d\u00e9gage un charme \u00e9th\u00e9r\u00e9 et romantique avec ses bretelles amovibles, sa dentelle brod\u00e9e de fleurs en organza et ses appliqu\u00e9s floraux perl\u00e9s qui courent du corsage \u00e0 la jupe en tulle doux et paillet\u00e9 avec une fente sexy. Le corset de tulle au dos ajoute une touche de f\u00e9minit\u00e9 et de glamour \u00e0 cette superbe robe.\" \/>\n<meta property=\"og:url\" content=\"https:\/\/www.koonings.com\/fr\/product\/elysee-fae\/\" \/>\n<meta property=\"og:site_name\" content=\"Koonings\" \/>\n<meta property=\"article:publisher\" content=\"https:\/\/www.facebook.com\/kooningstheweddingpalace\" \/>\n<meta property=\"og:image\" content=\"https:\/\/www.koonings.com\/wp-content\/uploads\/2024\/11\/41212_899c64e80e4d624a6068ec18460c1249bc30c25474a5e73c0f535960744c02e577604395.jpeg\" \/>\n\t<meta property=\"og:image:width\" content=\"1035\" \/>\n\t<meta property=\"og:image:height\" content=\"1380\" \/>\n\t<meta property=\"og:image:type\" content=\"image\/jpeg\" \/>\n<meta name=\"twitter:card\" content=\"summary_large_image\" \/>\n<script type=\"application\/ld+json\" class=\"yoast-schema-graph\">{\"@context\":\"https:\\\/\\\/schema.org\",\"@graph\":[{\"@type\":\"WebPage\",\"@id\":\"https:\\\/\\\/www.koonings.com\\\/fr\\\/product\\\/elysee-fae\\\/\",\"url\":\"https:\\\/\\\/www.koonings.com\\\/fr\\\/product\\\/elysee-fae\\\/\",\"name\":\"Elysee Fae | Koonings\",\"isPartOf\":{\"@id\":\"https:\\\/\\\/www.koonings.com\\\/fr\\\/#website\"},\"primaryImageOfPage\":{\"@id\":\"https:\\\/\\\/www.koonings.com\\\/fr\\\/product\\\/elysee-fae\\\/#primaryimage\"},\"image\":{\"@id\":\"https:\\\/\\\/www.koonings.com\\\/fr\\\/product\\\/elysee-fae\\\/#primaryimage\"},\"thumbnailUrl\":\"https:\\\/\\\/www.koonings.com\\\/wp-content\\\/uploads\\\/2024\\\/11\\\/41212_899c64e80e4d624a6068ec18460c1249bc30c25474a5e73c0f535960744c02e577604395.jpeg\",\"datePublished\":\"2026-05-06T13:26:44+00:00\",\"description\":\"Le mod\u00e8le Fae est parfait pour votre mariage de conte de f\u00e9es ! Cette d\u00e9licate robe en ligne A d\u00e9gage un charme \u00e9th\u00e9r\u00e9 et romantique avec ses bretelles amovibles, sa dentelle brod\u00e9e de fleurs en organza et ses appliqu\u00e9s floraux perl\u00e9s qui courent du corsage \u00e0 la jupe en tulle doux et paillet\u00e9 avec une fente sexy. Le corset de tulle au dos ajoute une touche de f\u00e9minit\u00e9 et de glamour \u00e0 cette superbe robe.\",\"breadcrumb\":{\"@id\":\"https:\\\/\\\/www.koonings.com\\\/fr\\\/product\\\/elysee-fae\\\/#breadcrumb\"},\"inLanguage\":\"fr-FR\",\"potentialAction\":[{\"@type\":\"ReadAction\",\"target\":[\"https:\\\/\\\/www.koonings.com\\\/fr\\\/product\\\/elysee-fae\\\/\"]}]},{\"@type\":\"ImageObject\",\"inLanguage\":\"fr-FR\",\"@id\":\"https:\\\/\\\/www.koonings.com\\\/fr\\\/product\\\/elysee-fae\\\/#primaryimage\",\"url\":\"https:\\\/\\\/www.koonings.com\\\/wp-content\\\/uploads\\\/2024\\\/11\\\/41212_899c64e80e4d624a6068ec18460c1249bc30c25474a5e73c0f535960744c02e577604395.jpeg\",\"contentUrl\":\"https:\\\/\\\/www.koonings.com\\\/wp-content\\\/uploads\\\/2024\\\/11\\\/41212_899c64e80e4d624a6068ec18460c1249bc30c25474a5e73c0f535960744c02e577604395.jpeg\",\"width\":1035,\"height\":1380},{\"@type\":\"BreadcrumbList\",\"@id\":\"https:\\\/\\\/www.koonings.com\\\/fr\\\/product\\\/elysee-fae\\\/#breadcrumb\",\"itemListElement\":[{\"@type\":\"ListItem\",\"position\":1,\"name\":\"Home\",\"item\":\"https:\\\/\\\/www.koonings.com\\\/fr\\\/\"},{\"@type\":\"ListItem\",\"position\":2,\"name\":\"Elysee Fae\"}]},{\"@type\":\"WebSite\",\"@id\":\"https:\\\/\\\/www.koonings.com\\\/fr\\\/#website\",\"url\":\"https:\\\/\\\/www.koonings.com\\\/fr\\\/\",\"name\":\"Koonings\",\"description\":\"De grootste bruidsmodewinkel ter wereld\",\"publisher\":{\"@id\":\"https:\\\/\\\/www.koonings.com\\\/fr\\\/#organization\"},\"potentialAction\":[{\"@type\":\"SearchAction\",\"target\":{\"@type\":\"EntryPoint\",\"urlTemplate\":\"https:\\\/\\\/www.koonings.com\\\/fr\\\/?s={search_term_string}\"},\"query-input\":{\"@type\":\"PropertyValueSpecification\",\"valueRequired\":true,\"valueName\":\"search_term_string\"}}],\"inLanguage\":\"fr-FR\"},{\"@type\":\"Organization\",\"@id\":\"https:\\\/\\\/www.koonings.com\\\/fr\\\/#organization\",\"name\":\"Koonings\",\"url\":\"https:\\\/\\\/www.koonings.com\\\/fr\\\/\",\"logo\":{\"@type\":\"ImageObject\",\"inLanguage\":\"fr-FR\",\"@id\":\"https:\\\/\\\/www.koonings.com\\\/fr\\\/#\\\/schema\\\/logo\\\/image\\\/\",\"url\":\"https:\\\/\\\/www.koonings.com\\\/wp-content\\\/uploads\\\/2024\\\/07\\\/logo.png\",\"contentUrl\":\"https:\\\/\\\/www.koonings.com\\\/wp-content\\\/uploads\\\/2024\\\/07\\\/logo.png\",\"width\":600,\"height\":428,\"caption\":\"Koonings\"},\"image\":{\"@id\":\"https:\\\/\\\/www.koonings.com\\\/fr\\\/#\\\/schema\\\/logo\\\/image\\\/\"},\"sameAs\":[\"https:\\\/\\\/www.facebook.com\\\/kooningstheweddingpalace\",\"https:\\\/\\\/www.instagram.com\\\/kooningstheweddingpalace\",\"https:\\\/\\\/www.pinterest.com\\\/koonings\",\"https:\\\/\\\/www.youtube.com\\\/kooningstheweddingpalace\"]}]}<\/script>\n<!-- \/ Yoast SEO plugin. -->","yoast_head_json":{"title":"Elysee Fae | Koonings","description":"Le mod\u00e8le Fae est parfait pour votre mariage de conte de f\u00e9es ! Cette d\u00e9licate robe en ligne A d\u00e9gage un charme \u00e9th\u00e9r\u00e9 et romantique avec ses bretelles amovibles, sa dentelle brod\u00e9e de fleurs en organza et ses appliqu\u00e9s floraux perl\u00e9s qui courent du corsage \u00e0 la jupe en tulle doux et paillet\u00e9 avec une fente sexy. Le corset de tulle au dos ajoute une touche de f\u00e9minit\u00e9 et de glamour \u00e0 cette superbe robe.","robots":{"index":"index","follow":"follow","max-snippet":"max-snippet:-1","max-image-preview":"max-image-preview:large","max-video-preview":"max-video-preview:-1"},"canonical":"https:\/\/www.koonings.com\/fr\/product\/elysee-fae\/","og_locale":"fr_FR","og_type":"article","og_title":"Elysee Fae | Koonings","og_description":"Le mod\u00e8le Fae est parfait pour votre mariage de conte de f\u00e9es ! Cette d\u00e9licate robe en ligne A d\u00e9gage un charme \u00e9th\u00e9r\u00e9 et romantique avec ses bretelles amovibles, sa dentelle brod\u00e9e de fleurs en organza et ses appliqu\u00e9s floraux perl\u00e9s qui courent du corsage \u00e0 la jupe en tulle doux et paillet\u00e9 avec une fente sexy. Le corset de tulle au dos ajoute une touche de f\u00e9minit\u00e9 et de glamour \u00e0 cette superbe robe.","og_url":"https:\/\/www.koonings.com\/fr\/product\/elysee-fae\/","og_site_name":"Koonings","article_publisher":"https:\/\/www.facebook.com\/kooningstheweddingpalace","og_image":[{"width":1035,"height":1380,"url":"https:\/\/www.koonings.com\/wp-content\/uploads\/2024\/11\/41212_899c64e80e4d624a6068ec18460c1249bc30c25474a5e73c0f535960744c02e577604395.jpeg","type":"image\/jpeg"}],"twitter_card":"summary_large_image","schema":{"@context":"https:\/\/schema.org","@graph":[{"@type":"WebPage","@id":"https:\/\/www.koonings.com\/fr\/product\/elysee-fae\/","url":"https:\/\/www.koonings.com\/fr\/product\/elysee-fae\/","name":"Elysee Fae | Koonings","isPartOf":{"@id":"https:\/\/www.koonings.com\/fr\/#website"},"primaryImageOfPage":{"@id":"https:\/\/www.koonings.com\/fr\/product\/elysee-fae\/#primaryimage"},"image":{"@id":"https:\/\/www.koonings.com\/fr\/product\/elysee-fae\/#primaryimage"},"thumbnailUrl":"https:\/\/www.koonings.com\/wp-content\/uploads\/2024\/11\/41212_899c64e80e4d624a6068ec18460c1249bc30c25474a5e73c0f535960744c02e577604395.jpeg","datePublished":"2026-05-06T13:26:44+00:00","description":"Le mod\u00e8le Fae est parfait pour votre mariage de conte de f\u00e9es ! Cette d\u00e9licate robe en ligne A d\u00e9gage un charme \u00e9th\u00e9r\u00e9 et romantique avec ses bretelles amovibles, sa dentelle brod\u00e9e de fleurs en organza et ses appliqu\u00e9s floraux perl\u00e9s qui courent du corsage \u00e0 la jupe en tulle doux et paillet\u00e9 avec une fente sexy. Le corset de tulle au dos ajoute une touche de f\u00e9minit\u00e9 et de glamour \u00e0 cette superbe robe.","breadcrumb":{"@id":"https:\/\/www.koonings.com\/fr\/product\/elysee-fae\/#breadcrumb"},"inLanguage":"fr-FR","potentialAction":[{"@type":"ReadAction","target":["https:\/\/www.koonings.com\/fr\/product\/elysee-fae\/"]}]},{"@type":"ImageObject","inLanguage":"fr-FR","@id":"https:\/\/www.koonings.com\/fr\/product\/elysee-fae\/#primaryimage","url":"https:\/\/www.koonings.com\/wp-content\/uploads\/2024\/11\/41212_899c64e80e4d624a6068ec18460c1249bc30c25474a5e73c0f535960744c02e577604395.jpeg","contentUrl":"https:\/\/www.koonings.com\/wp-content\/uploads\/2024\/11\/41212_899c64e80e4d624a6068ec18460c1249bc30c25474a5e73c0f535960744c02e577604395.jpeg","width":1035,"height":1380},{"@type":"BreadcrumbList","@id":"https:\/\/www.koonings.com\/fr\/product\/elysee-fae\/#breadcrumb","itemListElement":[{"@type":"ListItem","position":1,"name":"Home","item":"https:\/\/www.koonings.com\/fr\/"},{"@type":"ListItem","position":2,"name":"Elysee Fae"}]},{"@type":"WebSite","@id":"https:\/\/www.koonings.com\/fr\/#website","url":"https:\/\/www.koonings.com\/fr\/","name":"Koonings","description":"De grootste bruidsmodewinkel ter wereld","publisher":{"@id":"https:\/\/www.koonings.com\/fr\/#organization"},"potentialAction":[{"@type":"SearchAction","target":{"@type":"EntryPoint","urlTemplate":"https:\/\/www.koonings.com\/fr\/?s={search_term_string}"},"query-input":{"@type":"PropertyValueSpecification","valueRequired":true,"valueName":"search_term_string"}}],"inLanguage":"fr-FR"},{"@type":"Organization","@id":"https:\/\/www.koonings.com\/fr\/#organization","name":"Koonings","url":"https:\/\/www.koonings.com\/fr\/","logo":{"@type":"ImageObject","inLanguage":"fr-FR","@id":"https:\/\/www.koonings.com\/fr\/#\/schema\/logo\/image\/","url":"https:\/\/www.koonings.com\/wp-content\/uploads\/2024\/07\/logo.png","contentUrl":"https:\/\/www.koonings.com\/wp-content\/uploads\/2024\/07\/logo.png","width":600,"height":428,"caption":"Koonings"},"image":{"@id":"https:\/\/www.koonings.com\/fr\/#\/schema\/logo\/image\/"},"sameAs":["https:\/\/www.facebook.com\/kooningstheweddingpalace","https:\/\/www.instagram.com\/kooningstheweddingpalace","https:\/\/www.pinterest.com\/koonings","https:\/\/www.youtube.com\/kooningstheweddingpalace"]}]}},"_links":{"self":[{"href":"https:\/\/www.koonings.com\/fr\/wp-json\/wp\/v2\/product\/59540","targetHints":{"allow":["GET"]}}],"collection":[{"href":"https:\/\/www.koonings.com\/fr\/wp-json\/wp\/v2\/product"}],"about":[{"href":"https:\/\/www.koonings.com\/fr\/wp-json\/wp\/v2\/types\/product"}],"wp:featuredmedia":[{"embeddable":true,"href":"https:\/\/www.koonings.com\/fr\/wp-json\/wp\/v2\/media\/51084"}],"wp:attachment":[{"href":"https:\/\/www.koonings.com\/fr\/wp-json\/wp\/v2\/media?parent=59540"}],"wp:term":[{"taxonomy":"productdetails","embeddable":true,"href":"https:\/\/www.koonings.com\/fr\/wp-json\/wp\/v2\/productdetails?post=59540"},{"taxonomy":"productneck","embeddable":true,"href":"https:\/\/www.koonings.com\/fr\/wp-json\/wp\/v2\/productneck?post=59540"},{"taxonomy":"productcolor","embeddable":true,"href":"https:\/\/www.koonings.com\/fr\/wp-json\/wp\/v2\/productcolor?post=59540"},{"taxonomy":"maat","embeddable":true,"href":"https:\/\/www.koonings.com\/fr\/wp-json\/wp\/v2\/maat?post=59540"},{"taxonomy":"productsupplier","embeddable":true,"href":"https:\/\/www.koonings.com\/fr\/wp-json\/wp\/v2\/productsupplier?post=59540"},{"taxonomy":"productsleeve","embeddable":true,"href":"https:\/\/www.koonings.com\/fr\/wp-json\/wp\/v2\/productsleeve?post=59540"},{"taxonomy":"productcategory","embeddable":true,"href":"https:\/\/www.koonings.com\/fr\/wp-json\/wp\/v2\/productcategory?post=59540"},{"taxonomy":"productsilhouette","embeddable":true,"href":"https:\/\/www.koonings.com\/fr\/wp-json\/wp\/v2\/productsilhouette?post=59540"},{"taxonomy":"productstyle","embeddable":true,"href":"https:\/\/www.koonings.com\/fr\/wp-json\/wp\/v2\/productstyle?post=59540"}],"curies":[{"name":"wp","href":"https:\/\/api.w.org\/{rel}","templated":true}]}}