{"id":59533,"date":"2026-04-28T18:26:31","date_gmt":"2026-04-28T16:26:31","guid":{"rendered":"https:\/\/www.koonings.com\/product\/elysee-fairy\/"},"modified":"2026-02-16T14:42:30","modified_gmt":"2026-02-16T13:42:30","slug":"elysee-fairy","status":"publish","type":"product","link":"https:\/\/www.koonings.com\/fr\/product\/elysee-fairy\/","title":{"rendered":"F\u00e9e de l&#8217;Elys\u00e9e"},"content":{"rendered":"<p>Un chef-d&#8217;\u0153uvre \u00e0 couper le souffle ! Model Fairy apporte une allure romantique avec sa dentelle botanique brod\u00e9e unique et complexe, du corsage illusion sexy \u00e0 la tra\u00eene sculpt\u00e9e saisissante. Cette beaut\u00e9 est dot\u00e9e de manches longues amovibles en dentelle botanique pour un look nuptial luxueux et \u00e9l\u00e9gant. Les invit\u00e9s de votre mariage ne manqueront pas d&#8217;en prendre plein les yeux.   <\/p>\n","protected":false},"featured_media":105251,"template":"","meta":{"_acf_changed":false,"ghostkit_customizer_options":"","ghostkit_custom_css":"","ghostkit_custom_js_head":"","ghostkit_custom_js_foot":"","ghostkit_typography":""},"productdetails":[379,376,381],"productneck":[355],"productcolor":[393,392],"maat":[],"productsupplier":[427],"productsleeve":[362],"productcategory":[18],"productsilhouette":[387],"productstyle":[366,370],"class_list":["post-59533","product","type-product","status-publish","has-post-thumbnail","hentry","productdetails-379","productdetails-376","productdetails-381","productneck-355","productcolor-393","productcolor-392","productsupplier-elysee","productsleeve-362","productcategory-trouwjurken","productsilhouette-387","productstyle-366","productstyle-370"],"acf":[],"yoast_head":"<!-- This site is optimized with the Yoast SEO plugin v27.3 - https:\/\/yoast.com\/product\/yoast-seo-wordpress\/ -->\n<title>F\u00e9e de l&#039;Elys\u00e9e | Koonings<\/title>\n<meta name=\"description\" content=\"Un chef-d&#039;\u0153uvre \u00e0 couper le souffle ! Model Fairy apporte une allure romantique avec sa dentelle botanique brod\u00e9e unique et complexe, du corsage illusion sexy \u00e0 la tra\u00eene sculpt\u00e9e saisissante. Cette beaut\u00e9 est dot\u00e9e de manches longues amovibles en dentelle botanique pour un look nuptial luxueux et \u00e9l\u00e9gant. Les invit\u00e9s de votre mariage ne manqueront pas d&#039;en prendre plein les yeux.\" \/>\n<meta name=\"robots\" content=\"index, follow, max-snippet:-1, max-image-preview:large, max-video-preview:-1\" \/>\n<link rel=\"canonical\" href=\"https:\/\/www.koonings.com\/fr\/product\/elysee-fairy\/\" \/>\n<meta property=\"og:locale\" content=\"fr_FR\" \/>\n<meta property=\"og:type\" content=\"article\" \/>\n<meta property=\"og:title\" content=\"F\u00e9e de l&#039;Elys\u00e9e | Koonings\" \/>\n<meta property=\"og:description\" content=\"Un chef-d&#039;\u0153uvre \u00e0 couper le souffle ! Model Fairy apporte une allure romantique avec sa dentelle botanique brod\u00e9e unique et complexe, du corsage illusion sexy \u00e0 la tra\u00eene sculpt\u00e9e saisissante. Cette beaut\u00e9 est dot\u00e9e de manches longues amovibles en dentelle botanique pour un look nuptial luxueux et \u00e9l\u00e9gant. Les invit\u00e9s de votre mariage ne manqueront pas d&#039;en prendre plein les yeux.\" \/>\n<meta property=\"og:url\" content=\"https:\/\/www.koonings.com\/fr\/product\/elysee-fairy\/\" \/>\n<meta property=\"og:site_name\" content=\"Koonings\" \/>\n<meta property=\"article:publisher\" content=\"https:\/\/www.facebook.com\/kooningstheweddingpalace\" \/>\n<meta property=\"og:image\" content=\"https:\/\/www.koonings.com\/wp-content\/uploads\/2025\/11\/41213_f5a4bf2dad4514cb57e8f294338113a4b52bb16de497406541b8c5e6f7157778003e5c2e.jpeg\" \/>\n\t<meta property=\"og:image:width\" content=\"1035\" \/>\n\t<meta property=\"og:image:height\" content=\"1380\" \/>\n\t<meta property=\"og:image:type\" content=\"image\/jpeg\" \/>\n<meta name=\"twitter:card\" content=\"summary_large_image\" \/>\n<script type=\"application\/ld+json\" class=\"yoast-schema-graph\">{\"@context\":\"https:\\\/\\\/schema.org\",\"@graph\":[{\"@type\":\"WebPage\",\"@id\":\"https:\\\/\\\/www.koonings.com\\\/fr\\\/product\\\/elysee-fairy\\\/\",\"url\":\"https:\\\/\\\/www.koonings.com\\\/fr\\\/product\\\/elysee-fairy\\\/\",\"name\":\"F\u00e9e de l'Elys\u00e9e | Koonings\",\"isPartOf\":{\"@id\":\"https:\\\/\\\/www.koonings.com\\\/fr\\\/#website\"},\"primaryImageOfPage\":{\"@id\":\"https:\\\/\\\/www.koonings.com\\\/fr\\\/product\\\/elysee-fairy\\\/#primaryimage\"},\"image\":{\"@id\":\"https:\\\/\\\/www.koonings.com\\\/fr\\\/product\\\/elysee-fairy\\\/#primaryimage\"},\"thumbnailUrl\":\"https:\\\/\\\/www.koonings.com\\\/wp-content\\\/uploads\\\/2025\\\/11\\\/41213_f5a4bf2dad4514cb57e8f294338113a4b52bb16de497406541b8c5e6f7157778003e5c2e.jpeg\",\"datePublished\":\"2026-04-28T16:26:31+00:00\",\"description\":\"Un chef-d'\u0153uvre \u00e0 couper le souffle ! Model Fairy apporte une allure romantique avec sa dentelle botanique brod\u00e9e unique et complexe, du corsage illusion sexy \u00e0 la tra\u00eene sculpt\u00e9e saisissante. Cette beaut\u00e9 est dot\u00e9e de manches longues amovibles en dentelle botanique pour un look nuptial luxueux et \u00e9l\u00e9gant. Les invit\u00e9s de votre mariage ne manqueront pas d'en prendre plein les yeux.\",\"breadcrumb\":{\"@id\":\"https:\\\/\\\/www.koonings.com\\\/fr\\\/product\\\/elysee-fairy\\\/#breadcrumb\"},\"inLanguage\":\"fr-FR\",\"potentialAction\":[{\"@type\":\"ReadAction\",\"target\":[\"https:\\\/\\\/www.koonings.com\\\/fr\\\/product\\\/elysee-fairy\\\/\"]}]},{\"@type\":\"ImageObject\",\"inLanguage\":\"fr-FR\",\"@id\":\"https:\\\/\\\/www.koonings.com\\\/fr\\\/product\\\/elysee-fairy\\\/#primaryimage\",\"url\":\"https:\\\/\\\/www.koonings.com\\\/wp-content\\\/uploads\\\/2025\\\/11\\\/41213_f5a4bf2dad4514cb57e8f294338113a4b52bb16de497406541b8c5e6f7157778003e5c2e.jpeg\",\"contentUrl\":\"https:\\\/\\\/www.koonings.com\\\/wp-content\\\/uploads\\\/2025\\\/11\\\/41213_f5a4bf2dad4514cb57e8f294338113a4b52bb16de497406541b8c5e6f7157778003e5c2e.jpeg\",\"width\":1035,\"height\":1380},{\"@type\":\"BreadcrumbList\",\"@id\":\"https:\\\/\\\/www.koonings.com\\\/fr\\\/product\\\/elysee-fairy\\\/#breadcrumb\",\"itemListElement\":[{\"@type\":\"ListItem\",\"position\":1,\"name\":\"Home\",\"item\":\"https:\\\/\\\/www.koonings.com\\\/fr\\\/\"},{\"@type\":\"ListItem\",\"position\":2,\"name\":\"F\u00e9e de l&rsquo;Elys\u00e9e\"}]},{\"@type\":\"WebSite\",\"@id\":\"https:\\\/\\\/www.koonings.com\\\/fr\\\/#website\",\"url\":\"https:\\\/\\\/www.koonings.com\\\/fr\\\/\",\"name\":\"Koonings\",\"description\":\"De grootste bruidsmodewinkel ter wereld\",\"publisher\":{\"@id\":\"https:\\\/\\\/www.koonings.com\\\/fr\\\/#organization\"},\"potentialAction\":[{\"@type\":\"SearchAction\",\"target\":{\"@type\":\"EntryPoint\",\"urlTemplate\":\"https:\\\/\\\/www.koonings.com\\\/fr\\\/?s={search_term_string}\"},\"query-input\":{\"@type\":\"PropertyValueSpecification\",\"valueRequired\":true,\"valueName\":\"search_term_string\"}}],\"inLanguage\":\"fr-FR\"},{\"@type\":\"Organization\",\"@id\":\"https:\\\/\\\/www.koonings.com\\\/fr\\\/#organization\",\"name\":\"Koonings\",\"url\":\"https:\\\/\\\/www.koonings.com\\\/fr\\\/\",\"logo\":{\"@type\":\"ImageObject\",\"inLanguage\":\"fr-FR\",\"@id\":\"https:\\\/\\\/www.koonings.com\\\/fr\\\/#\\\/schema\\\/logo\\\/image\\\/\",\"url\":\"https:\\\/\\\/www.koonings.com\\\/wp-content\\\/uploads\\\/2024\\\/07\\\/logo.png\",\"contentUrl\":\"https:\\\/\\\/www.koonings.com\\\/wp-content\\\/uploads\\\/2024\\\/07\\\/logo.png\",\"width\":600,\"height\":428,\"caption\":\"Koonings\"},\"image\":{\"@id\":\"https:\\\/\\\/www.koonings.com\\\/fr\\\/#\\\/schema\\\/logo\\\/image\\\/\"},\"sameAs\":[\"https:\\\/\\\/www.facebook.com\\\/kooningstheweddingpalace\",\"https:\\\/\\\/www.instagram.com\\\/kooningstheweddingpalace\",\"https:\\\/\\\/www.pinterest.com\\\/koonings\",\"https:\\\/\\\/www.youtube.com\\\/kooningstheweddingpalace\"]}]}<\/script>\n<!-- \/ Yoast SEO plugin. -->","yoast_head_json":{"title":"F\u00e9e de l'Elys\u00e9e | Koonings","description":"Un chef-d'\u0153uvre \u00e0 couper le souffle ! Model Fairy apporte une allure romantique avec sa dentelle botanique brod\u00e9e unique et complexe, du corsage illusion sexy \u00e0 la tra\u00eene sculpt\u00e9e saisissante. Cette beaut\u00e9 est dot\u00e9e de manches longues amovibles en dentelle botanique pour un look nuptial luxueux et \u00e9l\u00e9gant. Les invit\u00e9s de votre mariage ne manqueront pas d'en prendre plein les yeux.","robots":{"index":"index","follow":"follow","max-snippet":"max-snippet:-1","max-image-preview":"max-image-preview:large","max-video-preview":"max-video-preview:-1"},"canonical":"https:\/\/www.koonings.com\/fr\/product\/elysee-fairy\/","og_locale":"fr_FR","og_type":"article","og_title":"F\u00e9e de l'Elys\u00e9e | Koonings","og_description":"Un chef-d'\u0153uvre \u00e0 couper le souffle ! Model Fairy apporte une allure romantique avec sa dentelle botanique brod\u00e9e unique et complexe, du corsage illusion sexy \u00e0 la tra\u00eene sculpt\u00e9e saisissante. Cette beaut\u00e9 est dot\u00e9e de manches longues amovibles en dentelle botanique pour un look nuptial luxueux et \u00e9l\u00e9gant. Les invit\u00e9s de votre mariage ne manqueront pas d'en prendre plein les yeux.","og_url":"https:\/\/www.koonings.com\/fr\/product\/elysee-fairy\/","og_site_name":"Koonings","article_publisher":"https:\/\/www.facebook.com\/kooningstheweddingpalace","og_image":[{"width":1035,"height":1380,"url":"https:\/\/www.koonings.com\/wp-content\/uploads\/2025\/11\/41213_f5a4bf2dad4514cb57e8f294338113a4b52bb16de497406541b8c5e6f7157778003e5c2e.jpeg","type":"image\/jpeg"}],"twitter_card":"summary_large_image","schema":{"@context":"https:\/\/schema.org","@graph":[{"@type":"WebPage","@id":"https:\/\/www.koonings.com\/fr\/product\/elysee-fairy\/","url":"https:\/\/www.koonings.com\/fr\/product\/elysee-fairy\/","name":"F\u00e9e de l'Elys\u00e9e | Koonings","isPartOf":{"@id":"https:\/\/www.koonings.com\/fr\/#website"},"primaryImageOfPage":{"@id":"https:\/\/www.koonings.com\/fr\/product\/elysee-fairy\/#primaryimage"},"image":{"@id":"https:\/\/www.koonings.com\/fr\/product\/elysee-fairy\/#primaryimage"},"thumbnailUrl":"https:\/\/www.koonings.com\/wp-content\/uploads\/2025\/11\/41213_f5a4bf2dad4514cb57e8f294338113a4b52bb16de497406541b8c5e6f7157778003e5c2e.jpeg","datePublished":"2026-04-28T16:26:31+00:00","description":"Un chef-d'\u0153uvre \u00e0 couper le souffle ! Model Fairy apporte une allure romantique avec sa dentelle botanique brod\u00e9e unique et complexe, du corsage illusion sexy \u00e0 la tra\u00eene sculpt\u00e9e saisissante. Cette beaut\u00e9 est dot\u00e9e de manches longues amovibles en dentelle botanique pour un look nuptial luxueux et \u00e9l\u00e9gant. Les invit\u00e9s de votre mariage ne manqueront pas d'en prendre plein les yeux.","breadcrumb":{"@id":"https:\/\/www.koonings.com\/fr\/product\/elysee-fairy\/#breadcrumb"},"inLanguage":"fr-FR","potentialAction":[{"@type":"ReadAction","target":["https:\/\/www.koonings.com\/fr\/product\/elysee-fairy\/"]}]},{"@type":"ImageObject","inLanguage":"fr-FR","@id":"https:\/\/www.koonings.com\/fr\/product\/elysee-fairy\/#primaryimage","url":"https:\/\/www.koonings.com\/wp-content\/uploads\/2025\/11\/41213_f5a4bf2dad4514cb57e8f294338113a4b52bb16de497406541b8c5e6f7157778003e5c2e.jpeg","contentUrl":"https:\/\/www.koonings.com\/wp-content\/uploads\/2025\/11\/41213_f5a4bf2dad4514cb57e8f294338113a4b52bb16de497406541b8c5e6f7157778003e5c2e.jpeg","width":1035,"height":1380},{"@type":"BreadcrumbList","@id":"https:\/\/www.koonings.com\/fr\/product\/elysee-fairy\/#breadcrumb","itemListElement":[{"@type":"ListItem","position":1,"name":"Home","item":"https:\/\/www.koonings.com\/fr\/"},{"@type":"ListItem","position":2,"name":"F\u00e9e de l&rsquo;Elys\u00e9e"}]},{"@type":"WebSite","@id":"https:\/\/www.koonings.com\/fr\/#website","url":"https:\/\/www.koonings.com\/fr\/","name":"Koonings","description":"De grootste bruidsmodewinkel ter wereld","publisher":{"@id":"https:\/\/www.koonings.com\/fr\/#organization"},"potentialAction":[{"@type":"SearchAction","target":{"@type":"EntryPoint","urlTemplate":"https:\/\/www.koonings.com\/fr\/?s={search_term_string}"},"query-input":{"@type":"PropertyValueSpecification","valueRequired":true,"valueName":"search_term_string"}}],"inLanguage":"fr-FR"},{"@type":"Organization","@id":"https:\/\/www.koonings.com\/fr\/#organization","name":"Koonings","url":"https:\/\/www.koonings.com\/fr\/","logo":{"@type":"ImageObject","inLanguage":"fr-FR","@id":"https:\/\/www.koonings.com\/fr\/#\/schema\/logo\/image\/","url":"https:\/\/www.koonings.com\/wp-content\/uploads\/2024\/07\/logo.png","contentUrl":"https:\/\/www.koonings.com\/wp-content\/uploads\/2024\/07\/logo.png","width":600,"height":428,"caption":"Koonings"},"image":{"@id":"https:\/\/www.koonings.com\/fr\/#\/schema\/logo\/image\/"},"sameAs":["https:\/\/www.facebook.com\/kooningstheweddingpalace","https:\/\/www.instagram.com\/kooningstheweddingpalace","https:\/\/www.pinterest.com\/koonings","https:\/\/www.youtube.com\/kooningstheweddingpalace"]}]}},"_links":{"self":[{"href":"https:\/\/www.koonings.com\/fr\/wp-json\/wp\/v2\/product\/59533","targetHints":{"allow":["GET"]}}],"collection":[{"href":"https:\/\/www.koonings.com\/fr\/wp-json\/wp\/v2\/product"}],"about":[{"href":"https:\/\/www.koonings.com\/fr\/wp-json\/wp\/v2\/types\/product"}],"wp:featuredmedia":[{"embeddable":true,"href":"https:\/\/www.koonings.com\/fr\/wp-json\/wp\/v2\/media\/105251"}],"wp:attachment":[{"href":"https:\/\/www.koonings.com\/fr\/wp-json\/wp\/v2\/media?parent=59533"}],"wp:term":[{"taxonomy":"productdetails","embeddable":true,"href":"https:\/\/www.koonings.com\/fr\/wp-json\/wp\/v2\/productdetails?post=59533"},{"taxonomy":"productneck","embeddable":true,"href":"https:\/\/www.koonings.com\/fr\/wp-json\/wp\/v2\/productneck?post=59533"},{"taxonomy":"productcolor","embeddable":true,"href":"https:\/\/www.koonings.com\/fr\/wp-json\/wp\/v2\/productcolor?post=59533"},{"taxonomy":"maat","embeddable":true,"href":"https:\/\/www.koonings.com\/fr\/wp-json\/wp\/v2\/maat?post=59533"},{"taxonomy":"productsupplier","embeddable":true,"href":"https:\/\/www.koonings.com\/fr\/wp-json\/wp\/v2\/productsupplier?post=59533"},{"taxonomy":"productsleeve","embeddable":true,"href":"https:\/\/www.koonings.com\/fr\/wp-json\/wp\/v2\/productsleeve?post=59533"},{"taxonomy":"productcategory","embeddable":true,"href":"https:\/\/www.koonings.com\/fr\/wp-json\/wp\/v2\/productcategory?post=59533"},{"taxonomy":"productsilhouette","embeddable":true,"href":"https:\/\/www.koonings.com\/fr\/wp-json\/wp\/v2\/productsilhouette?post=59533"},{"taxonomy":"productstyle","embeddable":true,"href":"https:\/\/www.koonings.com\/fr\/wp-json\/wp\/v2\/productstyle?post=59533"}],"curies":[{"name":"wp","href":"https:\/\/api.w.org\/{rel}","templated":true}]}}