{"id":59529,"date":"2026-05-06T15:26:46","date_gmt":"2026-05-06T13:26:46","guid":{"rendered":"https:\/\/www.koonings.com\/product\/elysee-fawne\/"},"modified":"2025-06-05T13:22:29","modified_gmt":"2025-06-05T11:22:29","slug":"elysee-fawne","status":"publish","type":"product","link":"https:\/\/www.koonings.com\/fr\/product\/elysee-fawne\/","title":{"rendered":"Elysee Fawne"},"content":{"rendered":"<p>Faites-vous plaisir en descendant l&#8217;all\u00e9e dans le mod\u00e8le Fawne ! Cette robe sir\u00e8ne fantaisiste pr\u00e9sente d&#8217;adorables volants de tulle sur le haut du corsage avec une encolure en forme de c\u0153ur, des bretelles d\u00e9tachables assorties avec volants, une dentelle perl\u00e9e lin\u00e9aire \u00e9blouissante et un d\u00e9sossage visible sur le corsage en dentelle florale \u00e9tincelante pour un look nuptial unique. Une dentelle picado 3D accrocheuse part du corsage jusqu&#8217;\u00e0 la fabuleuse tra\u00eene de tulle \u00e0 volants, pour un look encore plus glamour.  <\/p>\n","protected":false},"featured_media":51213,"template":"","meta":{"_acf_changed":false,"ghostkit_customizer_options":"","ghostkit_custom_css":"","ghostkit_custom_js_head":"","ghostkit_custom_js_foot":"","ghostkit_typography":""},"productdetails":[379,377,376,381],"productneck":[354,356],"productcolor":[393,392],"maat":[],"productsupplier":[427],"productsleeve":[],"productcategory":[18],"productsilhouette":[387],"productstyle":[369,366],"class_list":["post-59529","product","type-product","status-publish","has-post-thumbnail","hentry","productdetails-379","productdetails-377","productdetails-376","productdetails-381","productneck-354","productneck-356","productcolor-393","productcolor-392","productsupplier-elysee","productcategory-trouwjurken","productsilhouette-387","productstyle-369","productstyle-366"],"acf":[],"yoast_head":"<!-- This site is optimized with the Yoast SEO plugin v27.3 - https:\/\/yoast.com\/product\/yoast-seo-wordpress\/ -->\n<title>Elysee Fawne | Koonings<\/title>\n<meta name=\"description\" content=\"Faites-vous plaisir en descendant l&#039;all\u00e9e dans le mod\u00e8le Fawne ! Cette robe sir\u00e8ne fantaisiste pr\u00e9sente d&#039;adorables volants de tulle sur le haut du corsage avec une encolure en forme de c\u0153ur, des bretelles d\u00e9tachables assorties avec volants, une dentelle perl\u00e9e lin\u00e9aire \u00e9blouissante et un d\u00e9sossage visible sur le corsage en dentelle florale \u00e9tincelante pour un look nuptial unique. Une dentelle picado 3D accrocheuse part du corsage jusqu&#039;\u00e0 la fabuleuse tra\u00eene de tulle \u00e0 volants, pour un look encore plus glamour.\" \/>\n<meta name=\"robots\" content=\"index, follow, max-snippet:-1, max-image-preview:large, max-video-preview:-1\" \/>\n<link rel=\"canonical\" href=\"https:\/\/www.koonings.com\/fr\/product\/elysee-fawne\/\" \/>\n<meta property=\"og:locale\" content=\"fr_FR\" \/>\n<meta property=\"og:type\" content=\"article\" \/>\n<meta property=\"og:title\" content=\"Elysee Fawne | Koonings\" \/>\n<meta property=\"og:description\" content=\"Faites-vous plaisir en descendant l&#039;all\u00e9e dans le mod\u00e8le Fawne ! Cette robe sir\u00e8ne fantaisiste pr\u00e9sente d&#039;adorables volants de tulle sur le haut du corsage avec une encolure en forme de c\u0153ur, des bretelles d\u00e9tachables assorties avec volants, une dentelle perl\u00e9e lin\u00e9aire \u00e9blouissante et un d\u00e9sossage visible sur le corsage en dentelle florale \u00e9tincelante pour un look nuptial unique. Une dentelle picado 3D accrocheuse part du corsage jusqu&#039;\u00e0 la fabuleuse tra\u00eene de tulle \u00e0 volants, pour un look encore plus glamour.\" \/>\n<meta property=\"og:url\" content=\"https:\/\/www.koonings.com\/fr\/product\/elysee-fawne\/\" \/>\n<meta property=\"og:site_name\" content=\"Koonings\" \/>\n<meta property=\"article:publisher\" content=\"https:\/\/www.facebook.com\/kooningstheweddingpalace\" \/>\n<meta property=\"og:image\" content=\"https:\/\/www.koonings.com\/wp-content\/uploads\/2024\/11\/41217_7b42c778970383e4d851bdeca26e8cf06683d9b77fdcf6421274be2712084c394ab31cb1.jpeg\" \/>\n\t<meta property=\"og:image:width\" content=\"1035\" \/>\n\t<meta property=\"og:image:height\" content=\"1380\" \/>\n\t<meta property=\"og:image:type\" content=\"image\/jpeg\" \/>\n<meta name=\"twitter:card\" content=\"summary_large_image\" \/>\n<script type=\"application\/ld+json\" class=\"yoast-schema-graph\">{\"@context\":\"https:\\\/\\\/schema.org\",\"@graph\":[{\"@type\":\"WebPage\",\"@id\":\"https:\\\/\\\/www.koonings.com\\\/fr\\\/product\\\/elysee-fawne\\\/\",\"url\":\"https:\\\/\\\/www.koonings.com\\\/fr\\\/product\\\/elysee-fawne\\\/\",\"name\":\"Elysee Fawne | Koonings\",\"isPartOf\":{\"@id\":\"https:\\\/\\\/www.koonings.com\\\/fr\\\/#website\"},\"primaryImageOfPage\":{\"@id\":\"https:\\\/\\\/www.koonings.com\\\/fr\\\/product\\\/elysee-fawne\\\/#primaryimage\"},\"image\":{\"@id\":\"https:\\\/\\\/www.koonings.com\\\/fr\\\/product\\\/elysee-fawne\\\/#primaryimage\"},\"thumbnailUrl\":\"https:\\\/\\\/www.koonings.com\\\/wp-content\\\/uploads\\\/2024\\\/11\\\/41217_7b42c778970383e4d851bdeca26e8cf06683d9b77fdcf6421274be2712084c394ab31cb1.jpeg\",\"datePublished\":\"2026-05-06T13:26:46+00:00\",\"description\":\"Faites-vous plaisir en descendant l'all\u00e9e dans le mod\u00e8le Fawne ! Cette robe sir\u00e8ne fantaisiste pr\u00e9sente d'adorables volants de tulle sur le haut du corsage avec une encolure en forme de c\u0153ur, des bretelles d\u00e9tachables assorties avec volants, une dentelle perl\u00e9e lin\u00e9aire \u00e9blouissante et un d\u00e9sossage visible sur le corsage en dentelle florale \u00e9tincelante pour un look nuptial unique. Une dentelle picado 3D accrocheuse part du corsage jusqu'\u00e0 la fabuleuse tra\u00eene de tulle \u00e0 volants, pour un look encore plus glamour.\",\"breadcrumb\":{\"@id\":\"https:\\\/\\\/www.koonings.com\\\/fr\\\/product\\\/elysee-fawne\\\/#breadcrumb\"},\"inLanguage\":\"fr-FR\",\"potentialAction\":[{\"@type\":\"ReadAction\",\"target\":[\"https:\\\/\\\/www.koonings.com\\\/fr\\\/product\\\/elysee-fawne\\\/\"]}]},{\"@type\":\"ImageObject\",\"inLanguage\":\"fr-FR\",\"@id\":\"https:\\\/\\\/www.koonings.com\\\/fr\\\/product\\\/elysee-fawne\\\/#primaryimage\",\"url\":\"https:\\\/\\\/www.koonings.com\\\/wp-content\\\/uploads\\\/2024\\\/11\\\/41217_7b42c778970383e4d851bdeca26e8cf06683d9b77fdcf6421274be2712084c394ab31cb1.jpeg\",\"contentUrl\":\"https:\\\/\\\/www.koonings.com\\\/wp-content\\\/uploads\\\/2024\\\/11\\\/41217_7b42c778970383e4d851bdeca26e8cf06683d9b77fdcf6421274be2712084c394ab31cb1.jpeg\",\"width\":1035,\"height\":1380},{\"@type\":\"BreadcrumbList\",\"@id\":\"https:\\\/\\\/www.koonings.com\\\/fr\\\/product\\\/elysee-fawne\\\/#breadcrumb\",\"itemListElement\":[{\"@type\":\"ListItem\",\"position\":1,\"name\":\"Home\",\"item\":\"https:\\\/\\\/www.koonings.com\\\/fr\\\/\"},{\"@type\":\"ListItem\",\"position\":2,\"name\":\"Elysee Fawne\"}]},{\"@type\":\"WebSite\",\"@id\":\"https:\\\/\\\/www.koonings.com\\\/fr\\\/#website\",\"url\":\"https:\\\/\\\/www.koonings.com\\\/fr\\\/\",\"name\":\"Koonings\",\"description\":\"De grootste bruidsmodewinkel ter wereld\",\"publisher\":{\"@id\":\"https:\\\/\\\/www.koonings.com\\\/fr\\\/#organization\"},\"potentialAction\":[{\"@type\":\"SearchAction\",\"target\":{\"@type\":\"EntryPoint\",\"urlTemplate\":\"https:\\\/\\\/www.koonings.com\\\/fr\\\/?s={search_term_string}\"},\"query-input\":{\"@type\":\"PropertyValueSpecification\",\"valueRequired\":true,\"valueName\":\"search_term_string\"}}],\"inLanguage\":\"fr-FR\"},{\"@type\":\"Organization\",\"@id\":\"https:\\\/\\\/www.koonings.com\\\/fr\\\/#organization\",\"name\":\"Koonings\",\"url\":\"https:\\\/\\\/www.koonings.com\\\/fr\\\/\",\"logo\":{\"@type\":\"ImageObject\",\"inLanguage\":\"fr-FR\",\"@id\":\"https:\\\/\\\/www.koonings.com\\\/fr\\\/#\\\/schema\\\/logo\\\/image\\\/\",\"url\":\"https:\\\/\\\/www.koonings.com\\\/wp-content\\\/uploads\\\/2024\\\/07\\\/logo.png\",\"contentUrl\":\"https:\\\/\\\/www.koonings.com\\\/wp-content\\\/uploads\\\/2024\\\/07\\\/logo.png\",\"width\":600,\"height\":428,\"caption\":\"Koonings\"},\"image\":{\"@id\":\"https:\\\/\\\/www.koonings.com\\\/fr\\\/#\\\/schema\\\/logo\\\/image\\\/\"},\"sameAs\":[\"https:\\\/\\\/www.facebook.com\\\/kooningstheweddingpalace\",\"https:\\\/\\\/www.instagram.com\\\/kooningstheweddingpalace\",\"https:\\\/\\\/www.pinterest.com\\\/koonings\",\"https:\\\/\\\/www.youtube.com\\\/kooningstheweddingpalace\"]}]}<\/script>\n<!-- \/ Yoast SEO plugin. -->","yoast_head_json":{"title":"Elysee Fawne | Koonings","description":"Faites-vous plaisir en descendant l'all\u00e9e dans le mod\u00e8le Fawne ! Cette robe sir\u00e8ne fantaisiste pr\u00e9sente d'adorables volants de tulle sur le haut du corsage avec une encolure en forme de c\u0153ur, des bretelles d\u00e9tachables assorties avec volants, une dentelle perl\u00e9e lin\u00e9aire \u00e9blouissante et un d\u00e9sossage visible sur le corsage en dentelle florale \u00e9tincelante pour un look nuptial unique. Une dentelle picado 3D accrocheuse part du corsage jusqu'\u00e0 la fabuleuse tra\u00eene de tulle \u00e0 volants, pour un look encore plus glamour.","robots":{"index":"index","follow":"follow","max-snippet":"max-snippet:-1","max-image-preview":"max-image-preview:large","max-video-preview":"max-video-preview:-1"},"canonical":"https:\/\/www.koonings.com\/fr\/product\/elysee-fawne\/","og_locale":"fr_FR","og_type":"article","og_title":"Elysee Fawne | Koonings","og_description":"Faites-vous plaisir en descendant l'all\u00e9e dans le mod\u00e8le Fawne ! Cette robe sir\u00e8ne fantaisiste pr\u00e9sente d'adorables volants de tulle sur le haut du corsage avec une encolure en forme de c\u0153ur, des bretelles d\u00e9tachables assorties avec volants, une dentelle perl\u00e9e lin\u00e9aire \u00e9blouissante et un d\u00e9sossage visible sur le corsage en dentelle florale \u00e9tincelante pour un look nuptial unique. Une dentelle picado 3D accrocheuse part du corsage jusqu'\u00e0 la fabuleuse tra\u00eene de tulle \u00e0 volants, pour un look encore plus glamour.","og_url":"https:\/\/www.koonings.com\/fr\/product\/elysee-fawne\/","og_site_name":"Koonings","article_publisher":"https:\/\/www.facebook.com\/kooningstheweddingpalace","og_image":[{"width":1035,"height":1380,"url":"https:\/\/www.koonings.com\/wp-content\/uploads\/2024\/11\/41217_7b42c778970383e4d851bdeca26e8cf06683d9b77fdcf6421274be2712084c394ab31cb1.jpeg","type":"image\/jpeg"}],"twitter_card":"summary_large_image","schema":{"@context":"https:\/\/schema.org","@graph":[{"@type":"WebPage","@id":"https:\/\/www.koonings.com\/fr\/product\/elysee-fawne\/","url":"https:\/\/www.koonings.com\/fr\/product\/elysee-fawne\/","name":"Elysee Fawne | Koonings","isPartOf":{"@id":"https:\/\/www.koonings.com\/fr\/#website"},"primaryImageOfPage":{"@id":"https:\/\/www.koonings.com\/fr\/product\/elysee-fawne\/#primaryimage"},"image":{"@id":"https:\/\/www.koonings.com\/fr\/product\/elysee-fawne\/#primaryimage"},"thumbnailUrl":"https:\/\/www.koonings.com\/wp-content\/uploads\/2024\/11\/41217_7b42c778970383e4d851bdeca26e8cf06683d9b77fdcf6421274be2712084c394ab31cb1.jpeg","datePublished":"2026-05-06T13:26:46+00:00","description":"Faites-vous plaisir en descendant l'all\u00e9e dans le mod\u00e8le Fawne ! Cette robe sir\u00e8ne fantaisiste pr\u00e9sente d'adorables volants de tulle sur le haut du corsage avec une encolure en forme de c\u0153ur, des bretelles d\u00e9tachables assorties avec volants, une dentelle perl\u00e9e lin\u00e9aire \u00e9blouissante et un d\u00e9sossage visible sur le corsage en dentelle florale \u00e9tincelante pour un look nuptial unique. Une dentelle picado 3D accrocheuse part du corsage jusqu'\u00e0 la fabuleuse tra\u00eene de tulle \u00e0 volants, pour un look encore plus glamour.","breadcrumb":{"@id":"https:\/\/www.koonings.com\/fr\/product\/elysee-fawne\/#breadcrumb"},"inLanguage":"fr-FR","potentialAction":[{"@type":"ReadAction","target":["https:\/\/www.koonings.com\/fr\/product\/elysee-fawne\/"]}]},{"@type":"ImageObject","inLanguage":"fr-FR","@id":"https:\/\/www.koonings.com\/fr\/product\/elysee-fawne\/#primaryimage","url":"https:\/\/www.koonings.com\/wp-content\/uploads\/2024\/11\/41217_7b42c778970383e4d851bdeca26e8cf06683d9b77fdcf6421274be2712084c394ab31cb1.jpeg","contentUrl":"https:\/\/www.koonings.com\/wp-content\/uploads\/2024\/11\/41217_7b42c778970383e4d851bdeca26e8cf06683d9b77fdcf6421274be2712084c394ab31cb1.jpeg","width":1035,"height":1380},{"@type":"BreadcrumbList","@id":"https:\/\/www.koonings.com\/fr\/product\/elysee-fawne\/#breadcrumb","itemListElement":[{"@type":"ListItem","position":1,"name":"Home","item":"https:\/\/www.koonings.com\/fr\/"},{"@type":"ListItem","position":2,"name":"Elysee Fawne"}]},{"@type":"WebSite","@id":"https:\/\/www.koonings.com\/fr\/#website","url":"https:\/\/www.koonings.com\/fr\/","name":"Koonings","description":"De grootste bruidsmodewinkel ter wereld","publisher":{"@id":"https:\/\/www.koonings.com\/fr\/#organization"},"potentialAction":[{"@type":"SearchAction","target":{"@type":"EntryPoint","urlTemplate":"https:\/\/www.koonings.com\/fr\/?s={search_term_string}"},"query-input":{"@type":"PropertyValueSpecification","valueRequired":true,"valueName":"search_term_string"}}],"inLanguage":"fr-FR"},{"@type":"Organization","@id":"https:\/\/www.koonings.com\/fr\/#organization","name":"Koonings","url":"https:\/\/www.koonings.com\/fr\/","logo":{"@type":"ImageObject","inLanguage":"fr-FR","@id":"https:\/\/www.koonings.com\/fr\/#\/schema\/logo\/image\/","url":"https:\/\/www.koonings.com\/wp-content\/uploads\/2024\/07\/logo.png","contentUrl":"https:\/\/www.koonings.com\/wp-content\/uploads\/2024\/07\/logo.png","width":600,"height":428,"caption":"Koonings"},"image":{"@id":"https:\/\/www.koonings.com\/fr\/#\/schema\/logo\/image\/"},"sameAs":["https:\/\/www.facebook.com\/kooningstheweddingpalace","https:\/\/www.instagram.com\/kooningstheweddingpalace","https:\/\/www.pinterest.com\/koonings","https:\/\/www.youtube.com\/kooningstheweddingpalace"]}]}},"_links":{"self":[{"href":"https:\/\/www.koonings.com\/fr\/wp-json\/wp\/v2\/product\/59529","targetHints":{"allow":["GET"]}}],"collection":[{"href":"https:\/\/www.koonings.com\/fr\/wp-json\/wp\/v2\/product"}],"about":[{"href":"https:\/\/www.koonings.com\/fr\/wp-json\/wp\/v2\/types\/product"}],"wp:featuredmedia":[{"embeddable":true,"href":"https:\/\/www.koonings.com\/fr\/wp-json\/wp\/v2\/media\/51213"}],"wp:attachment":[{"href":"https:\/\/www.koonings.com\/fr\/wp-json\/wp\/v2\/media?parent=59529"}],"wp:term":[{"taxonomy":"productdetails","embeddable":true,"href":"https:\/\/www.koonings.com\/fr\/wp-json\/wp\/v2\/productdetails?post=59529"},{"taxonomy":"productneck","embeddable":true,"href":"https:\/\/www.koonings.com\/fr\/wp-json\/wp\/v2\/productneck?post=59529"},{"taxonomy":"productcolor","embeddable":true,"href":"https:\/\/www.koonings.com\/fr\/wp-json\/wp\/v2\/productcolor?post=59529"},{"taxonomy":"maat","embeddable":true,"href":"https:\/\/www.koonings.com\/fr\/wp-json\/wp\/v2\/maat?post=59529"},{"taxonomy":"productsupplier","embeddable":true,"href":"https:\/\/www.koonings.com\/fr\/wp-json\/wp\/v2\/productsupplier?post=59529"},{"taxonomy":"productsleeve","embeddable":true,"href":"https:\/\/www.koonings.com\/fr\/wp-json\/wp\/v2\/productsleeve?post=59529"},{"taxonomy":"productcategory","embeddable":true,"href":"https:\/\/www.koonings.com\/fr\/wp-json\/wp\/v2\/productcategory?post=59529"},{"taxonomy":"productsilhouette","embeddable":true,"href":"https:\/\/www.koonings.com\/fr\/wp-json\/wp\/v2\/productsilhouette?post=59529"},{"taxonomy":"productstyle","embeddable":true,"href":"https:\/\/www.koonings.com\/fr\/wp-json\/wp\/v2\/productstyle?post=59529"}],"curies":[{"name":"wp","href":"https:\/\/api.w.org\/{rel}","templated":true}]}}