{"id":59517,"date":"2026-04-28T18:26:33","date_gmt":"2026-04-28T16:26:33","guid":{"rendered":"https:\/\/www.koonings.com\/product\/elysee-flora\/"},"modified":"2026-02-16T14:42:38","modified_gmt":"2026-02-16T13:42:38","slug":"elysee-flora","status":"publish","type":"product","link":"https:\/\/www.koonings.com\/fr\/product\/elysee-flora\/","title":{"rendered":"Elysee Flora"},"content":{"rendered":"<p>Le mod\u00e8le Flora exsude la sophistication et l&#8217;\u00e9l\u00e9gance avec son profond d\u00e9collet\u00e9 en V orn\u00e9 de perles et de fleurs et ses manches longues amovibles. Le corsage \u00e9tincelant avec des d\u00e9coupes lat\u00e9rales illusoires donne \u00e0 cette robe la touche parfaite de sophistication sulfureuse \u00e0 la silhouette classique de sir\u00e8ne, ce qui en fait le choix id\u00e9al pour une mari\u00e9e moderne. <\/p>\n","protected":false},"featured_media":51267,"template":"","meta":{"_acf_changed":false,"ghostkit_customizer_options":"","ghostkit_custom_css":"","ghostkit_custom_js_head":"","ghostkit_custom_js_foot":"","ghostkit_typography":""},"productdetails":[379,376,381],"productneck":[356],"productcolor":[393,392],"maat":[],"productsupplier":[427],"productsleeve":[362],"productcategory":[18],"productsilhouette":[387],"productstyle":[371],"class_list":["post-59517","product","type-product","status-publish","has-post-thumbnail","hentry","productdetails-379","productdetails-376","productdetails-381","productneck-356","productcolor-393","productcolor-392","productsupplier-elysee","productsleeve-362","productcategory-trouwjurken","productsilhouette-387","productstyle-371"],"acf":[],"yoast_head":"<!-- This site is optimized with the Yoast SEO plugin v27.3 - https:\/\/yoast.com\/product\/yoast-seo-wordpress\/ -->\n<title>Elysee Flora | Koonings<\/title>\n<meta name=\"description\" content=\"Le mod\u00e8le Flora exsude la sophistication et l&#039;\u00e9l\u00e9gance avec son profond d\u00e9collet\u00e9 en V orn\u00e9 de perles et de fleurs et ses manches longues amovibles. Le corsage \u00e9tincelant avec des d\u00e9coupes lat\u00e9rales illusoires donne \u00e0 cette robe la touche parfaite de sophistication sulfureuse \u00e0 la silhouette classique de sir\u00e8ne, ce qui en fait le choix id\u00e9al pour une mari\u00e9e moderne.\" \/>\n<meta name=\"robots\" content=\"index, follow, max-snippet:-1, max-image-preview:large, max-video-preview:-1\" \/>\n<link rel=\"canonical\" href=\"https:\/\/www.koonings.com\/fr\/product\/elysee-flora\/\" \/>\n<meta property=\"og:locale\" content=\"fr_FR\" \/>\n<meta property=\"og:type\" content=\"article\" \/>\n<meta property=\"og:title\" content=\"Elysee Flora | Koonings\" \/>\n<meta property=\"og:description\" content=\"Le mod\u00e8le Flora exsude la sophistication et l&#039;\u00e9l\u00e9gance avec son profond d\u00e9collet\u00e9 en V orn\u00e9 de perles et de fleurs et ses manches longues amovibles. Le corsage \u00e9tincelant avec des d\u00e9coupes lat\u00e9rales illusoires donne \u00e0 cette robe la touche parfaite de sophistication sulfureuse \u00e0 la silhouette classique de sir\u00e8ne, ce qui en fait le choix id\u00e9al pour une mari\u00e9e moderne.\" \/>\n<meta property=\"og:url\" content=\"https:\/\/www.koonings.com\/fr\/product\/elysee-flora\/\" \/>\n<meta property=\"og:site_name\" content=\"Koonings\" \/>\n<meta property=\"article:publisher\" content=\"https:\/\/www.facebook.com\/kooningstheweddingpalace\" \/>\n<meta property=\"og:image\" content=\"https:\/\/www.koonings.com\/wp-content\/uploads\/2024\/11\/41219_7300688e2bb5ea9d8746995326af6e3a709646a86da39bab2c9701e34bb88aef35db8996.jpeg\" \/>\n\t<meta property=\"og:image:width\" content=\"1035\" \/>\n\t<meta property=\"og:image:height\" content=\"1380\" \/>\n\t<meta property=\"og:image:type\" content=\"image\/jpeg\" \/>\n<meta name=\"twitter:card\" content=\"summary_large_image\" \/>\n<script type=\"application\/ld+json\" class=\"yoast-schema-graph\">{\"@context\":\"https:\\\/\\\/schema.org\",\"@graph\":[{\"@type\":\"WebPage\",\"@id\":\"https:\\\/\\\/www.koonings.com\\\/fr\\\/product\\\/elysee-flora\\\/\",\"url\":\"https:\\\/\\\/www.koonings.com\\\/fr\\\/product\\\/elysee-flora\\\/\",\"name\":\"Elysee Flora | Koonings\",\"isPartOf\":{\"@id\":\"https:\\\/\\\/www.koonings.com\\\/fr\\\/#website\"},\"primaryImageOfPage\":{\"@id\":\"https:\\\/\\\/www.koonings.com\\\/fr\\\/product\\\/elysee-flora\\\/#primaryimage\"},\"image\":{\"@id\":\"https:\\\/\\\/www.koonings.com\\\/fr\\\/product\\\/elysee-flora\\\/#primaryimage\"},\"thumbnailUrl\":\"https:\\\/\\\/www.koonings.com\\\/wp-content\\\/uploads\\\/2024\\\/11\\\/41219_7300688e2bb5ea9d8746995326af6e3a709646a86da39bab2c9701e34bb88aef35db8996.jpeg\",\"datePublished\":\"2026-04-28T16:26:33+00:00\",\"description\":\"Le mod\u00e8le Flora exsude la sophistication et l'\u00e9l\u00e9gance avec son profond d\u00e9collet\u00e9 en V orn\u00e9 de perles et de fleurs et ses manches longues amovibles. Le corsage \u00e9tincelant avec des d\u00e9coupes lat\u00e9rales illusoires donne \u00e0 cette robe la touche parfaite de sophistication sulfureuse \u00e0 la silhouette classique de sir\u00e8ne, ce qui en fait le choix id\u00e9al pour une mari\u00e9e moderne.\",\"breadcrumb\":{\"@id\":\"https:\\\/\\\/www.koonings.com\\\/fr\\\/product\\\/elysee-flora\\\/#breadcrumb\"},\"inLanguage\":\"fr-FR\",\"potentialAction\":[{\"@type\":\"ReadAction\",\"target\":[\"https:\\\/\\\/www.koonings.com\\\/fr\\\/product\\\/elysee-flora\\\/\"]}]},{\"@type\":\"ImageObject\",\"inLanguage\":\"fr-FR\",\"@id\":\"https:\\\/\\\/www.koonings.com\\\/fr\\\/product\\\/elysee-flora\\\/#primaryimage\",\"url\":\"https:\\\/\\\/www.koonings.com\\\/wp-content\\\/uploads\\\/2024\\\/11\\\/41219_7300688e2bb5ea9d8746995326af6e3a709646a86da39bab2c9701e34bb88aef35db8996.jpeg\",\"contentUrl\":\"https:\\\/\\\/www.koonings.com\\\/wp-content\\\/uploads\\\/2024\\\/11\\\/41219_7300688e2bb5ea9d8746995326af6e3a709646a86da39bab2c9701e34bb88aef35db8996.jpeg\",\"width\":1035,\"height\":1380},{\"@type\":\"BreadcrumbList\",\"@id\":\"https:\\\/\\\/www.koonings.com\\\/fr\\\/product\\\/elysee-flora\\\/#breadcrumb\",\"itemListElement\":[{\"@type\":\"ListItem\",\"position\":1,\"name\":\"Home\",\"item\":\"https:\\\/\\\/www.koonings.com\\\/fr\\\/\"},{\"@type\":\"ListItem\",\"position\":2,\"name\":\"Elysee Flora\"}]},{\"@type\":\"WebSite\",\"@id\":\"https:\\\/\\\/www.koonings.com\\\/fr\\\/#website\",\"url\":\"https:\\\/\\\/www.koonings.com\\\/fr\\\/\",\"name\":\"Koonings\",\"description\":\"De grootste bruidsmodewinkel ter wereld\",\"publisher\":{\"@id\":\"https:\\\/\\\/www.koonings.com\\\/fr\\\/#organization\"},\"potentialAction\":[{\"@type\":\"SearchAction\",\"target\":{\"@type\":\"EntryPoint\",\"urlTemplate\":\"https:\\\/\\\/www.koonings.com\\\/fr\\\/?s={search_term_string}\"},\"query-input\":{\"@type\":\"PropertyValueSpecification\",\"valueRequired\":true,\"valueName\":\"search_term_string\"}}],\"inLanguage\":\"fr-FR\"},{\"@type\":\"Organization\",\"@id\":\"https:\\\/\\\/www.koonings.com\\\/fr\\\/#organization\",\"name\":\"Koonings\",\"url\":\"https:\\\/\\\/www.koonings.com\\\/fr\\\/\",\"logo\":{\"@type\":\"ImageObject\",\"inLanguage\":\"fr-FR\",\"@id\":\"https:\\\/\\\/www.koonings.com\\\/fr\\\/#\\\/schema\\\/logo\\\/image\\\/\",\"url\":\"https:\\\/\\\/www.koonings.com\\\/wp-content\\\/uploads\\\/2024\\\/07\\\/logo.png\",\"contentUrl\":\"https:\\\/\\\/www.koonings.com\\\/wp-content\\\/uploads\\\/2024\\\/07\\\/logo.png\",\"width\":600,\"height\":428,\"caption\":\"Koonings\"},\"image\":{\"@id\":\"https:\\\/\\\/www.koonings.com\\\/fr\\\/#\\\/schema\\\/logo\\\/image\\\/\"},\"sameAs\":[\"https:\\\/\\\/www.facebook.com\\\/kooningstheweddingpalace\",\"https:\\\/\\\/www.instagram.com\\\/kooningstheweddingpalace\",\"https:\\\/\\\/www.pinterest.com\\\/koonings\",\"https:\\\/\\\/www.youtube.com\\\/kooningstheweddingpalace\"]}]}<\/script>\n<!-- \/ Yoast SEO plugin. -->","yoast_head_json":{"title":"Elysee Flora | Koonings","description":"Le mod\u00e8le Flora exsude la sophistication et l'\u00e9l\u00e9gance avec son profond d\u00e9collet\u00e9 en V orn\u00e9 de perles et de fleurs et ses manches longues amovibles. Le corsage \u00e9tincelant avec des d\u00e9coupes lat\u00e9rales illusoires donne \u00e0 cette robe la touche parfaite de sophistication sulfureuse \u00e0 la silhouette classique de sir\u00e8ne, ce qui en fait le choix id\u00e9al pour une mari\u00e9e moderne.","robots":{"index":"index","follow":"follow","max-snippet":"max-snippet:-1","max-image-preview":"max-image-preview:large","max-video-preview":"max-video-preview:-1"},"canonical":"https:\/\/www.koonings.com\/fr\/product\/elysee-flora\/","og_locale":"fr_FR","og_type":"article","og_title":"Elysee Flora | Koonings","og_description":"Le mod\u00e8le Flora exsude la sophistication et l'\u00e9l\u00e9gance avec son profond d\u00e9collet\u00e9 en V orn\u00e9 de perles et de fleurs et ses manches longues amovibles. Le corsage \u00e9tincelant avec des d\u00e9coupes lat\u00e9rales illusoires donne \u00e0 cette robe la touche parfaite de sophistication sulfureuse \u00e0 la silhouette classique de sir\u00e8ne, ce qui en fait le choix id\u00e9al pour une mari\u00e9e moderne.","og_url":"https:\/\/www.koonings.com\/fr\/product\/elysee-flora\/","og_site_name":"Koonings","article_publisher":"https:\/\/www.facebook.com\/kooningstheweddingpalace","og_image":[{"width":1035,"height":1380,"url":"https:\/\/www.koonings.com\/wp-content\/uploads\/2024\/11\/41219_7300688e2bb5ea9d8746995326af6e3a709646a86da39bab2c9701e34bb88aef35db8996.jpeg","type":"image\/jpeg"}],"twitter_card":"summary_large_image","schema":{"@context":"https:\/\/schema.org","@graph":[{"@type":"WebPage","@id":"https:\/\/www.koonings.com\/fr\/product\/elysee-flora\/","url":"https:\/\/www.koonings.com\/fr\/product\/elysee-flora\/","name":"Elysee Flora | Koonings","isPartOf":{"@id":"https:\/\/www.koonings.com\/fr\/#website"},"primaryImageOfPage":{"@id":"https:\/\/www.koonings.com\/fr\/product\/elysee-flora\/#primaryimage"},"image":{"@id":"https:\/\/www.koonings.com\/fr\/product\/elysee-flora\/#primaryimage"},"thumbnailUrl":"https:\/\/www.koonings.com\/wp-content\/uploads\/2024\/11\/41219_7300688e2bb5ea9d8746995326af6e3a709646a86da39bab2c9701e34bb88aef35db8996.jpeg","datePublished":"2026-04-28T16:26:33+00:00","description":"Le mod\u00e8le Flora exsude la sophistication et l'\u00e9l\u00e9gance avec son profond d\u00e9collet\u00e9 en V orn\u00e9 de perles et de fleurs et ses manches longues amovibles. Le corsage \u00e9tincelant avec des d\u00e9coupes lat\u00e9rales illusoires donne \u00e0 cette robe la touche parfaite de sophistication sulfureuse \u00e0 la silhouette classique de sir\u00e8ne, ce qui en fait le choix id\u00e9al pour une mari\u00e9e moderne.","breadcrumb":{"@id":"https:\/\/www.koonings.com\/fr\/product\/elysee-flora\/#breadcrumb"},"inLanguage":"fr-FR","potentialAction":[{"@type":"ReadAction","target":["https:\/\/www.koonings.com\/fr\/product\/elysee-flora\/"]}]},{"@type":"ImageObject","inLanguage":"fr-FR","@id":"https:\/\/www.koonings.com\/fr\/product\/elysee-flora\/#primaryimage","url":"https:\/\/www.koonings.com\/wp-content\/uploads\/2024\/11\/41219_7300688e2bb5ea9d8746995326af6e3a709646a86da39bab2c9701e34bb88aef35db8996.jpeg","contentUrl":"https:\/\/www.koonings.com\/wp-content\/uploads\/2024\/11\/41219_7300688e2bb5ea9d8746995326af6e3a709646a86da39bab2c9701e34bb88aef35db8996.jpeg","width":1035,"height":1380},{"@type":"BreadcrumbList","@id":"https:\/\/www.koonings.com\/fr\/product\/elysee-flora\/#breadcrumb","itemListElement":[{"@type":"ListItem","position":1,"name":"Home","item":"https:\/\/www.koonings.com\/fr\/"},{"@type":"ListItem","position":2,"name":"Elysee Flora"}]},{"@type":"WebSite","@id":"https:\/\/www.koonings.com\/fr\/#website","url":"https:\/\/www.koonings.com\/fr\/","name":"Koonings","description":"De grootste bruidsmodewinkel ter wereld","publisher":{"@id":"https:\/\/www.koonings.com\/fr\/#organization"},"potentialAction":[{"@type":"SearchAction","target":{"@type":"EntryPoint","urlTemplate":"https:\/\/www.koonings.com\/fr\/?s={search_term_string}"},"query-input":{"@type":"PropertyValueSpecification","valueRequired":true,"valueName":"search_term_string"}}],"inLanguage":"fr-FR"},{"@type":"Organization","@id":"https:\/\/www.koonings.com\/fr\/#organization","name":"Koonings","url":"https:\/\/www.koonings.com\/fr\/","logo":{"@type":"ImageObject","inLanguage":"fr-FR","@id":"https:\/\/www.koonings.com\/fr\/#\/schema\/logo\/image\/","url":"https:\/\/www.koonings.com\/wp-content\/uploads\/2024\/07\/logo.png","contentUrl":"https:\/\/www.koonings.com\/wp-content\/uploads\/2024\/07\/logo.png","width":600,"height":428,"caption":"Koonings"},"image":{"@id":"https:\/\/www.koonings.com\/fr\/#\/schema\/logo\/image\/"},"sameAs":["https:\/\/www.facebook.com\/kooningstheweddingpalace","https:\/\/www.instagram.com\/kooningstheweddingpalace","https:\/\/www.pinterest.com\/koonings","https:\/\/www.youtube.com\/kooningstheweddingpalace"]}]}},"_links":{"self":[{"href":"https:\/\/www.koonings.com\/fr\/wp-json\/wp\/v2\/product\/59517","targetHints":{"allow":["GET"]}}],"collection":[{"href":"https:\/\/www.koonings.com\/fr\/wp-json\/wp\/v2\/product"}],"about":[{"href":"https:\/\/www.koonings.com\/fr\/wp-json\/wp\/v2\/types\/product"}],"wp:featuredmedia":[{"embeddable":true,"href":"https:\/\/www.koonings.com\/fr\/wp-json\/wp\/v2\/media\/51267"}],"wp:attachment":[{"href":"https:\/\/www.koonings.com\/fr\/wp-json\/wp\/v2\/media?parent=59517"}],"wp:term":[{"taxonomy":"productdetails","embeddable":true,"href":"https:\/\/www.koonings.com\/fr\/wp-json\/wp\/v2\/productdetails?post=59517"},{"taxonomy":"productneck","embeddable":true,"href":"https:\/\/www.koonings.com\/fr\/wp-json\/wp\/v2\/productneck?post=59517"},{"taxonomy":"productcolor","embeddable":true,"href":"https:\/\/www.koonings.com\/fr\/wp-json\/wp\/v2\/productcolor?post=59517"},{"taxonomy":"maat","embeddable":true,"href":"https:\/\/www.koonings.com\/fr\/wp-json\/wp\/v2\/maat?post=59517"},{"taxonomy":"productsupplier","embeddable":true,"href":"https:\/\/www.koonings.com\/fr\/wp-json\/wp\/v2\/productsupplier?post=59517"},{"taxonomy":"productsleeve","embeddable":true,"href":"https:\/\/www.koonings.com\/fr\/wp-json\/wp\/v2\/productsleeve?post=59517"},{"taxonomy":"productcategory","embeddable":true,"href":"https:\/\/www.koonings.com\/fr\/wp-json\/wp\/v2\/productcategory?post=59517"},{"taxonomy":"productsilhouette","embeddable":true,"href":"https:\/\/www.koonings.com\/fr\/wp-json\/wp\/v2\/productsilhouette?post=59517"},{"taxonomy":"productstyle","embeddable":true,"href":"https:\/\/www.koonings.com\/fr\/wp-json\/wp\/v2\/productstyle?post=59517"}],"curies":[{"name":"wp","href":"https:\/\/api.w.org\/{rel}","templated":true}]}}