{"id":59507,"date":"2026-04-28T18:26:35","date_gmt":"2026-04-28T16:26:35","guid":{"rendered":"https:\/\/www.koonings.com\/product\/enzoani-blue-collection-solistice\/"},"modified":"2026-02-16T14:42:45","modified_gmt":"2026-02-16T13:42:45","slug":"enzoani-blue-collection-solistice","status":"publish","type":"product","link":"https:\/\/www.koonings.com\/fr\/product\/enzoani-blue-collection-solistice\/","title":{"rendered":"Enzoani Blue collection Solistice"},"content":{"rendered":"<p>Cette robe de style A-line, avec sa dentelle florale en mousseline brod\u00e9e, son encolure en forme de c\u0153ur et ses bretelles orn\u00e9es d&#8217;un n\u0153ud qui s&#8217;\u00e9panouissent dans le dos, apporte une touche contemporaine \u00e0 la silhouette classique, parfaite pour la mari\u00e9e qui veut se d\u00e9marquer lors de sa journ\u00e9e sp\u00e9ciale. Une magnifique dentelle tourbillonnante avec des perles embellit le haut de la jupe en tulle doux et en tulle paillet\u00e9 pour un \u00e9clat suppl\u00e9mentaire.  <\/p>\n","protected":false},"featured_media":51396,"template":"","meta":{"_acf_changed":false,"ghostkit_customizer_options":"","ghostkit_custom_css":"","ghostkit_custom_js_head":"","ghostkit_custom_js_foot":"","ghostkit_typography":""},"productdetails":[379,376,381],"productneck":[355],"productcolor":[393,392],"maat":[],"productsupplier":[405],"productsleeve":[359],"productcategory":[18],"productsilhouette":[384],"productstyle":[366],"class_list":["post-59507","product","type-product","status-publish","has-post-thumbnail","hentry","productdetails-379","productdetails-376","productdetails-381","productneck-355","productcolor-393","productcolor-392","productsupplier-enzoani-blue-collection","productsleeve-359","productcategory-trouwjurken","productsilhouette-384","productstyle-366"],"acf":[],"yoast_head":"<!-- This site is optimized with the Yoast SEO plugin v27.3 - https:\/\/yoast.com\/product\/yoast-seo-wordpress\/ -->\n<title>Enzoani Blue collection Solistice | Koonings<\/title>\n<meta name=\"description\" content=\"Cette robe de style A-line, avec sa dentelle florale en mousseline brod\u00e9e, son encolure en forme de c\u0153ur et ses bretelles orn\u00e9es d&#039;un n\u0153ud qui s&#039;\u00e9panouissent dans le dos, apporte une touche contemporaine \u00e0 la silhouette classique, parfaite pour la mari\u00e9e qui veut se d\u00e9marquer lors de sa journ\u00e9e sp\u00e9ciale. Une magnifique dentelle tourbillonnante avec des perles embellit le haut de la jupe en tulle doux et en tulle paillet\u00e9 pour un \u00e9clat suppl\u00e9mentaire.\" \/>\n<meta name=\"robots\" content=\"index, follow, max-snippet:-1, max-image-preview:large, max-video-preview:-1\" \/>\n<link rel=\"canonical\" href=\"https:\/\/www.koonings.com\/fr\/product\/enzoani-blue-collection-solistice\/\" \/>\n<meta property=\"og:locale\" content=\"fr_FR\" \/>\n<meta property=\"og:type\" content=\"article\" \/>\n<meta property=\"og:title\" content=\"Enzoani Blue collection Solistice | Koonings\" \/>\n<meta property=\"og:description\" content=\"Cette robe de style A-line, avec sa dentelle florale en mousseline brod\u00e9e, son encolure en forme de c\u0153ur et ses bretelles orn\u00e9es d&#039;un n\u0153ud qui s&#039;\u00e9panouissent dans le dos, apporte une touche contemporaine \u00e0 la silhouette classique, parfaite pour la mari\u00e9e qui veut se d\u00e9marquer lors de sa journ\u00e9e sp\u00e9ciale. Une magnifique dentelle tourbillonnante avec des perles embellit le haut de la jupe en tulle doux et en tulle paillet\u00e9 pour un \u00e9clat suppl\u00e9mentaire.\" \/>\n<meta property=\"og:url\" content=\"https:\/\/www.koonings.com\/fr\/product\/enzoani-blue-collection-solistice\/\" \/>\n<meta property=\"og:site_name\" content=\"Koonings\" \/>\n<meta property=\"article:publisher\" content=\"https:\/\/www.facebook.com\/kooningstheweddingpalace\" \/>\n<meta property=\"og:image\" content=\"https:\/\/www.koonings.com\/wp-content\/uploads\/2024\/11\/41224_8fc99bb9bcbf4032caf2b62e9ce5a591fa61a777a0c417578eaedc082a3075d7457a5edd.jpeg\" \/>\n\t<meta property=\"og:image:width\" content=\"1035\" \/>\n\t<meta property=\"og:image:height\" content=\"1380\" \/>\n\t<meta property=\"og:image:type\" content=\"image\/jpeg\" \/>\n<meta name=\"twitter:card\" content=\"summary_large_image\" \/>\n<script type=\"application\/ld+json\" class=\"yoast-schema-graph\">{\"@context\":\"https:\\\/\\\/schema.org\",\"@graph\":[{\"@type\":\"WebPage\",\"@id\":\"https:\\\/\\\/www.koonings.com\\\/fr\\\/product\\\/enzoani-blue-collection-solistice\\\/\",\"url\":\"https:\\\/\\\/www.koonings.com\\\/fr\\\/product\\\/enzoani-blue-collection-solistice\\\/\",\"name\":\"Enzoani Blue collection Solistice | Koonings\",\"isPartOf\":{\"@id\":\"https:\\\/\\\/www.koonings.com\\\/fr\\\/#website\"},\"primaryImageOfPage\":{\"@id\":\"https:\\\/\\\/www.koonings.com\\\/fr\\\/product\\\/enzoani-blue-collection-solistice\\\/#primaryimage\"},\"image\":{\"@id\":\"https:\\\/\\\/www.koonings.com\\\/fr\\\/product\\\/enzoani-blue-collection-solistice\\\/#primaryimage\"},\"thumbnailUrl\":\"https:\\\/\\\/www.koonings.com\\\/wp-content\\\/uploads\\\/2024\\\/11\\\/41224_8fc99bb9bcbf4032caf2b62e9ce5a591fa61a777a0c417578eaedc082a3075d7457a5edd.jpeg\",\"datePublished\":\"2026-04-28T16:26:35+00:00\",\"description\":\"Cette robe de style A-line, avec sa dentelle florale en mousseline brod\u00e9e, son encolure en forme de c\u0153ur et ses bretelles orn\u00e9es d'un n\u0153ud qui s'\u00e9panouissent dans le dos, apporte une touche contemporaine \u00e0 la silhouette classique, parfaite pour la mari\u00e9e qui veut se d\u00e9marquer lors de sa journ\u00e9e sp\u00e9ciale. Une magnifique dentelle tourbillonnante avec des perles embellit le haut de la jupe en tulle doux et en tulle paillet\u00e9 pour un \u00e9clat suppl\u00e9mentaire.\",\"breadcrumb\":{\"@id\":\"https:\\\/\\\/www.koonings.com\\\/fr\\\/product\\\/enzoani-blue-collection-solistice\\\/#breadcrumb\"},\"inLanguage\":\"fr-FR\",\"potentialAction\":[{\"@type\":\"ReadAction\",\"target\":[\"https:\\\/\\\/www.koonings.com\\\/fr\\\/product\\\/enzoani-blue-collection-solistice\\\/\"]}]},{\"@type\":\"ImageObject\",\"inLanguage\":\"fr-FR\",\"@id\":\"https:\\\/\\\/www.koonings.com\\\/fr\\\/product\\\/enzoani-blue-collection-solistice\\\/#primaryimage\",\"url\":\"https:\\\/\\\/www.koonings.com\\\/wp-content\\\/uploads\\\/2024\\\/11\\\/41224_8fc99bb9bcbf4032caf2b62e9ce5a591fa61a777a0c417578eaedc082a3075d7457a5edd.jpeg\",\"contentUrl\":\"https:\\\/\\\/www.koonings.com\\\/wp-content\\\/uploads\\\/2024\\\/11\\\/41224_8fc99bb9bcbf4032caf2b62e9ce5a591fa61a777a0c417578eaedc082a3075d7457a5edd.jpeg\",\"width\":1035,\"height\":1380},{\"@type\":\"BreadcrumbList\",\"@id\":\"https:\\\/\\\/www.koonings.com\\\/fr\\\/product\\\/enzoani-blue-collection-solistice\\\/#breadcrumb\",\"itemListElement\":[{\"@type\":\"ListItem\",\"position\":1,\"name\":\"Home\",\"item\":\"https:\\\/\\\/www.koonings.com\\\/fr\\\/\"},{\"@type\":\"ListItem\",\"position\":2,\"name\":\"Enzoani Blue collection Solistice\"}]},{\"@type\":\"WebSite\",\"@id\":\"https:\\\/\\\/www.koonings.com\\\/fr\\\/#website\",\"url\":\"https:\\\/\\\/www.koonings.com\\\/fr\\\/\",\"name\":\"Koonings\",\"description\":\"De grootste bruidsmodewinkel ter wereld\",\"publisher\":{\"@id\":\"https:\\\/\\\/www.koonings.com\\\/fr\\\/#organization\"},\"potentialAction\":[{\"@type\":\"SearchAction\",\"target\":{\"@type\":\"EntryPoint\",\"urlTemplate\":\"https:\\\/\\\/www.koonings.com\\\/fr\\\/?s={search_term_string}\"},\"query-input\":{\"@type\":\"PropertyValueSpecification\",\"valueRequired\":true,\"valueName\":\"search_term_string\"}}],\"inLanguage\":\"fr-FR\"},{\"@type\":\"Organization\",\"@id\":\"https:\\\/\\\/www.koonings.com\\\/fr\\\/#organization\",\"name\":\"Koonings\",\"url\":\"https:\\\/\\\/www.koonings.com\\\/fr\\\/\",\"logo\":{\"@type\":\"ImageObject\",\"inLanguage\":\"fr-FR\",\"@id\":\"https:\\\/\\\/www.koonings.com\\\/fr\\\/#\\\/schema\\\/logo\\\/image\\\/\",\"url\":\"https:\\\/\\\/www.koonings.com\\\/wp-content\\\/uploads\\\/2024\\\/07\\\/logo.png\",\"contentUrl\":\"https:\\\/\\\/www.koonings.com\\\/wp-content\\\/uploads\\\/2024\\\/07\\\/logo.png\",\"width\":600,\"height\":428,\"caption\":\"Koonings\"},\"image\":{\"@id\":\"https:\\\/\\\/www.koonings.com\\\/fr\\\/#\\\/schema\\\/logo\\\/image\\\/\"},\"sameAs\":[\"https:\\\/\\\/www.facebook.com\\\/kooningstheweddingpalace\",\"https:\\\/\\\/www.instagram.com\\\/kooningstheweddingpalace\",\"https:\\\/\\\/www.pinterest.com\\\/koonings\",\"https:\\\/\\\/www.youtube.com\\\/kooningstheweddingpalace\"]}]}<\/script>\n<!-- \/ Yoast SEO plugin. -->","yoast_head_json":{"title":"Enzoani Blue collection Solistice | Koonings","description":"Cette robe de style A-line, avec sa dentelle florale en mousseline brod\u00e9e, son encolure en forme de c\u0153ur et ses bretelles orn\u00e9es d'un n\u0153ud qui s'\u00e9panouissent dans le dos, apporte une touche contemporaine \u00e0 la silhouette classique, parfaite pour la mari\u00e9e qui veut se d\u00e9marquer lors de sa journ\u00e9e sp\u00e9ciale. Une magnifique dentelle tourbillonnante avec des perles embellit le haut de la jupe en tulle doux et en tulle paillet\u00e9 pour un \u00e9clat suppl\u00e9mentaire.","robots":{"index":"index","follow":"follow","max-snippet":"max-snippet:-1","max-image-preview":"max-image-preview:large","max-video-preview":"max-video-preview:-1"},"canonical":"https:\/\/www.koonings.com\/fr\/product\/enzoani-blue-collection-solistice\/","og_locale":"fr_FR","og_type":"article","og_title":"Enzoani Blue collection Solistice | Koonings","og_description":"Cette robe de style A-line, avec sa dentelle florale en mousseline brod\u00e9e, son encolure en forme de c\u0153ur et ses bretelles orn\u00e9es d'un n\u0153ud qui s'\u00e9panouissent dans le dos, apporte une touche contemporaine \u00e0 la silhouette classique, parfaite pour la mari\u00e9e qui veut se d\u00e9marquer lors de sa journ\u00e9e sp\u00e9ciale. Une magnifique dentelle tourbillonnante avec des perles embellit le haut de la jupe en tulle doux et en tulle paillet\u00e9 pour un \u00e9clat suppl\u00e9mentaire.","og_url":"https:\/\/www.koonings.com\/fr\/product\/enzoani-blue-collection-solistice\/","og_site_name":"Koonings","article_publisher":"https:\/\/www.facebook.com\/kooningstheweddingpalace","og_image":[{"width":1035,"height":1380,"url":"https:\/\/www.koonings.com\/wp-content\/uploads\/2024\/11\/41224_8fc99bb9bcbf4032caf2b62e9ce5a591fa61a777a0c417578eaedc082a3075d7457a5edd.jpeg","type":"image\/jpeg"}],"twitter_card":"summary_large_image","schema":{"@context":"https:\/\/schema.org","@graph":[{"@type":"WebPage","@id":"https:\/\/www.koonings.com\/fr\/product\/enzoani-blue-collection-solistice\/","url":"https:\/\/www.koonings.com\/fr\/product\/enzoani-blue-collection-solistice\/","name":"Enzoani Blue collection Solistice | Koonings","isPartOf":{"@id":"https:\/\/www.koonings.com\/fr\/#website"},"primaryImageOfPage":{"@id":"https:\/\/www.koonings.com\/fr\/product\/enzoani-blue-collection-solistice\/#primaryimage"},"image":{"@id":"https:\/\/www.koonings.com\/fr\/product\/enzoani-blue-collection-solistice\/#primaryimage"},"thumbnailUrl":"https:\/\/www.koonings.com\/wp-content\/uploads\/2024\/11\/41224_8fc99bb9bcbf4032caf2b62e9ce5a591fa61a777a0c417578eaedc082a3075d7457a5edd.jpeg","datePublished":"2026-04-28T16:26:35+00:00","description":"Cette robe de style A-line, avec sa dentelle florale en mousseline brod\u00e9e, son encolure en forme de c\u0153ur et ses bretelles orn\u00e9es d'un n\u0153ud qui s'\u00e9panouissent dans le dos, apporte une touche contemporaine \u00e0 la silhouette classique, parfaite pour la mari\u00e9e qui veut se d\u00e9marquer lors de sa journ\u00e9e sp\u00e9ciale. Une magnifique dentelle tourbillonnante avec des perles embellit le haut de la jupe en tulle doux et en tulle paillet\u00e9 pour un \u00e9clat suppl\u00e9mentaire.","breadcrumb":{"@id":"https:\/\/www.koonings.com\/fr\/product\/enzoani-blue-collection-solistice\/#breadcrumb"},"inLanguage":"fr-FR","potentialAction":[{"@type":"ReadAction","target":["https:\/\/www.koonings.com\/fr\/product\/enzoani-blue-collection-solistice\/"]}]},{"@type":"ImageObject","inLanguage":"fr-FR","@id":"https:\/\/www.koonings.com\/fr\/product\/enzoani-blue-collection-solistice\/#primaryimage","url":"https:\/\/www.koonings.com\/wp-content\/uploads\/2024\/11\/41224_8fc99bb9bcbf4032caf2b62e9ce5a591fa61a777a0c417578eaedc082a3075d7457a5edd.jpeg","contentUrl":"https:\/\/www.koonings.com\/wp-content\/uploads\/2024\/11\/41224_8fc99bb9bcbf4032caf2b62e9ce5a591fa61a777a0c417578eaedc082a3075d7457a5edd.jpeg","width":1035,"height":1380},{"@type":"BreadcrumbList","@id":"https:\/\/www.koonings.com\/fr\/product\/enzoani-blue-collection-solistice\/#breadcrumb","itemListElement":[{"@type":"ListItem","position":1,"name":"Home","item":"https:\/\/www.koonings.com\/fr\/"},{"@type":"ListItem","position":2,"name":"Enzoani Blue collection Solistice"}]},{"@type":"WebSite","@id":"https:\/\/www.koonings.com\/fr\/#website","url":"https:\/\/www.koonings.com\/fr\/","name":"Koonings","description":"De grootste bruidsmodewinkel ter wereld","publisher":{"@id":"https:\/\/www.koonings.com\/fr\/#organization"},"potentialAction":[{"@type":"SearchAction","target":{"@type":"EntryPoint","urlTemplate":"https:\/\/www.koonings.com\/fr\/?s={search_term_string}"},"query-input":{"@type":"PropertyValueSpecification","valueRequired":true,"valueName":"search_term_string"}}],"inLanguage":"fr-FR"},{"@type":"Organization","@id":"https:\/\/www.koonings.com\/fr\/#organization","name":"Koonings","url":"https:\/\/www.koonings.com\/fr\/","logo":{"@type":"ImageObject","inLanguage":"fr-FR","@id":"https:\/\/www.koonings.com\/fr\/#\/schema\/logo\/image\/","url":"https:\/\/www.koonings.com\/wp-content\/uploads\/2024\/07\/logo.png","contentUrl":"https:\/\/www.koonings.com\/wp-content\/uploads\/2024\/07\/logo.png","width":600,"height":428,"caption":"Koonings"},"image":{"@id":"https:\/\/www.koonings.com\/fr\/#\/schema\/logo\/image\/"},"sameAs":["https:\/\/www.facebook.com\/kooningstheweddingpalace","https:\/\/www.instagram.com\/kooningstheweddingpalace","https:\/\/www.pinterest.com\/koonings","https:\/\/www.youtube.com\/kooningstheweddingpalace"]}]}},"_links":{"self":[{"href":"https:\/\/www.koonings.com\/fr\/wp-json\/wp\/v2\/product\/59507","targetHints":{"allow":["GET"]}}],"collection":[{"href":"https:\/\/www.koonings.com\/fr\/wp-json\/wp\/v2\/product"}],"about":[{"href":"https:\/\/www.koonings.com\/fr\/wp-json\/wp\/v2\/types\/product"}],"wp:featuredmedia":[{"embeddable":true,"href":"https:\/\/www.koonings.com\/fr\/wp-json\/wp\/v2\/media\/51396"}],"wp:attachment":[{"href":"https:\/\/www.koonings.com\/fr\/wp-json\/wp\/v2\/media?parent=59507"}],"wp:term":[{"taxonomy":"productdetails","embeddable":true,"href":"https:\/\/www.koonings.com\/fr\/wp-json\/wp\/v2\/productdetails?post=59507"},{"taxonomy":"productneck","embeddable":true,"href":"https:\/\/www.koonings.com\/fr\/wp-json\/wp\/v2\/productneck?post=59507"},{"taxonomy":"productcolor","embeddable":true,"href":"https:\/\/www.koonings.com\/fr\/wp-json\/wp\/v2\/productcolor?post=59507"},{"taxonomy":"maat","embeddable":true,"href":"https:\/\/www.koonings.com\/fr\/wp-json\/wp\/v2\/maat?post=59507"},{"taxonomy":"productsupplier","embeddable":true,"href":"https:\/\/www.koonings.com\/fr\/wp-json\/wp\/v2\/productsupplier?post=59507"},{"taxonomy":"productsleeve","embeddable":true,"href":"https:\/\/www.koonings.com\/fr\/wp-json\/wp\/v2\/productsleeve?post=59507"},{"taxonomy":"productcategory","embeddable":true,"href":"https:\/\/www.koonings.com\/fr\/wp-json\/wp\/v2\/productcategory?post=59507"},{"taxonomy":"productsilhouette","embeddable":true,"href":"https:\/\/www.koonings.com\/fr\/wp-json\/wp\/v2\/productsilhouette?post=59507"},{"taxonomy":"productstyle","embeddable":true,"href":"https:\/\/www.koonings.com\/fr\/wp-json\/wp\/v2\/productstyle?post=59507"}],"curies":[{"name":"wp","href":"https:\/\/api.w.org\/{rel}","templated":true}]}}