{"id":59503,"date":"2026-04-28T18:26:35","date_gmt":"2026-04-28T16:26:35","guid":{"rendered":"https:\/\/www.koonings.com\/product\/enzoani-blue-collection-suri\/"},"modified":"2026-02-16T14:42:38","modified_gmt":"2026-02-16T13:42:38","slug":"enzoani-blue-collection-suri","status":"publish","type":"product","link":"https:\/\/www.koonings.com\/fr\/product\/enzoani-blue-collection-suri\/","title":{"rendered":"Enzoani Collection bleue Suri"},"content":{"rendered":"<p>Rayonnez de f\u00e9minit\u00e9 dans SURI, une robe de mari\u00e9e romantique de ligne A o\u00f9 la dentelle perl\u00e9e complexe, l&#8217;encolure classique en forme de c\u0153ur et les appliqu\u00e9s floraux Mikado 3D cr\u00e9ent une esth\u00e9tique douce et romantique, tandis que la jupe fluide faite de couches de tulle doux et de tulle paillet\u00e9 apporte mouvement et flair, vous donnant l&#8217;impression d&#8217;\u00eatre une vision de la beaut\u00e9 nuptiale le jour J. Les bretelles amovibles en tulle de r\u00eave rehaussent l&#8217;\u00e9l\u00e9gance du corsage illusion. <\/p>\n","protected":false},"featured_media":51367,"template":"","meta":{"_acf_changed":false,"ghostkit_customizer_options":"","ghostkit_custom_css":"","ghostkit_custom_js_head":"","ghostkit_custom_js_foot":"","ghostkit_typography":""},"productdetails":[379,381],"productneck":[355],"productcolor":[393,392],"maat":[],"productsupplier":[405],"productsleeve":[359],"productcategory":[18],"productsilhouette":[384],"productstyle":[366],"class_list":["post-59503","product","type-product","status-publish","has-post-thumbnail","hentry","productdetails-379","productdetails-381","productneck-355","productcolor-393","productcolor-392","productsupplier-enzoani-blue-collection","productsleeve-359","productcategory-trouwjurken","productsilhouette-384","productstyle-366"],"acf":[],"yoast_head":"<!-- This site is optimized with the Yoast SEO plugin v27.3 - https:\/\/yoast.com\/product\/yoast-seo-wordpress\/ -->\n<title>Enzoani Collection bleue Suri | Koonings<\/title>\n<meta name=\"description\" content=\"Rayonnez de f\u00e9minit\u00e9 dans SURI, une robe de mari\u00e9e romantique de ligne A o\u00f9 la dentelle perl\u00e9e complexe, l&#039;encolure classique en forme de c\u0153ur et les appliqu\u00e9s floraux Mikado 3D cr\u00e9ent une esth\u00e9tique douce et romantique, tandis que la jupe fluide faite de couches de tulle doux et de tulle paillet\u00e9 apporte mouvement et flair, vous donnant l&#039;impression d&#039;\u00eatre une vision de la beaut\u00e9 nuptiale le jour J. Les bretelles amovibles en tulle de r\u00eave rehaussent l&#039;\u00e9l\u00e9gance du corsage illusion.\" \/>\n<meta name=\"robots\" content=\"index, follow, max-snippet:-1, max-image-preview:large, max-video-preview:-1\" \/>\n<link rel=\"canonical\" href=\"https:\/\/www.koonings.com\/fr\/product\/enzoani-blue-collection-suri\/\" \/>\n<meta property=\"og:locale\" content=\"fr_FR\" \/>\n<meta property=\"og:type\" content=\"article\" \/>\n<meta property=\"og:title\" content=\"Enzoani Collection bleue Suri | Koonings\" \/>\n<meta property=\"og:description\" content=\"Rayonnez de f\u00e9minit\u00e9 dans SURI, une robe de mari\u00e9e romantique de ligne A o\u00f9 la dentelle perl\u00e9e complexe, l&#039;encolure classique en forme de c\u0153ur et les appliqu\u00e9s floraux Mikado 3D cr\u00e9ent une esth\u00e9tique douce et romantique, tandis que la jupe fluide faite de couches de tulle doux et de tulle paillet\u00e9 apporte mouvement et flair, vous donnant l&#039;impression d&#039;\u00eatre une vision de la beaut\u00e9 nuptiale le jour J. Les bretelles amovibles en tulle de r\u00eave rehaussent l&#039;\u00e9l\u00e9gance du corsage illusion.\" \/>\n<meta property=\"og:url\" content=\"https:\/\/www.koonings.com\/fr\/product\/enzoani-blue-collection-suri\/\" \/>\n<meta property=\"og:site_name\" content=\"Koonings\" \/>\n<meta property=\"article:publisher\" content=\"https:\/\/www.facebook.com\/kooningstheweddingpalace\" \/>\n<meta property=\"og:image\" content=\"https:\/\/www.koonings.com\/wp-content\/uploads\/2024\/11\/41223_898df389193e2d92ecea02b81927f57a5b92d153cea742e8ffa22942f6ef8b6b0864fa5e.jpeg\" \/>\n\t<meta property=\"og:image:width\" content=\"959\" \/>\n\t<meta property=\"og:image:height\" content=\"1357\" \/>\n\t<meta property=\"og:image:type\" content=\"image\/jpeg\" \/>\n<meta name=\"twitter:card\" content=\"summary_large_image\" \/>\n<script type=\"application\/ld+json\" class=\"yoast-schema-graph\">{\"@context\":\"https:\\\/\\\/schema.org\",\"@graph\":[{\"@type\":\"WebPage\",\"@id\":\"https:\\\/\\\/www.koonings.com\\\/fr\\\/product\\\/enzoani-blue-collection-suri\\\/\",\"url\":\"https:\\\/\\\/www.koonings.com\\\/fr\\\/product\\\/enzoani-blue-collection-suri\\\/\",\"name\":\"Enzoani Collection bleue Suri | Koonings\",\"isPartOf\":{\"@id\":\"https:\\\/\\\/www.koonings.com\\\/fr\\\/#website\"},\"primaryImageOfPage\":{\"@id\":\"https:\\\/\\\/www.koonings.com\\\/fr\\\/product\\\/enzoani-blue-collection-suri\\\/#primaryimage\"},\"image\":{\"@id\":\"https:\\\/\\\/www.koonings.com\\\/fr\\\/product\\\/enzoani-blue-collection-suri\\\/#primaryimage\"},\"thumbnailUrl\":\"https:\\\/\\\/www.koonings.com\\\/wp-content\\\/uploads\\\/2024\\\/11\\\/41223_898df389193e2d92ecea02b81927f57a5b92d153cea742e8ffa22942f6ef8b6b0864fa5e.jpeg\",\"datePublished\":\"2026-04-28T16:26:35+00:00\",\"description\":\"Rayonnez de f\u00e9minit\u00e9 dans SURI, une robe de mari\u00e9e romantique de ligne A o\u00f9 la dentelle perl\u00e9e complexe, l'encolure classique en forme de c\u0153ur et les appliqu\u00e9s floraux Mikado 3D cr\u00e9ent une esth\u00e9tique douce et romantique, tandis que la jupe fluide faite de couches de tulle doux et de tulle paillet\u00e9 apporte mouvement et flair, vous donnant l'impression d'\u00eatre une vision de la beaut\u00e9 nuptiale le jour J. Les bretelles amovibles en tulle de r\u00eave rehaussent l'\u00e9l\u00e9gance du corsage illusion.\",\"breadcrumb\":{\"@id\":\"https:\\\/\\\/www.koonings.com\\\/fr\\\/product\\\/enzoani-blue-collection-suri\\\/#breadcrumb\"},\"inLanguage\":\"fr-FR\",\"potentialAction\":[{\"@type\":\"ReadAction\",\"target\":[\"https:\\\/\\\/www.koonings.com\\\/fr\\\/product\\\/enzoani-blue-collection-suri\\\/\"]}]},{\"@type\":\"ImageObject\",\"inLanguage\":\"fr-FR\",\"@id\":\"https:\\\/\\\/www.koonings.com\\\/fr\\\/product\\\/enzoani-blue-collection-suri\\\/#primaryimage\",\"url\":\"https:\\\/\\\/www.koonings.com\\\/wp-content\\\/uploads\\\/2024\\\/11\\\/41223_898df389193e2d92ecea02b81927f57a5b92d153cea742e8ffa22942f6ef8b6b0864fa5e.jpeg\",\"contentUrl\":\"https:\\\/\\\/www.koonings.com\\\/wp-content\\\/uploads\\\/2024\\\/11\\\/41223_898df389193e2d92ecea02b81927f57a5b92d153cea742e8ffa22942f6ef8b6b0864fa5e.jpeg\",\"width\":959,\"height\":1357},{\"@type\":\"BreadcrumbList\",\"@id\":\"https:\\\/\\\/www.koonings.com\\\/fr\\\/product\\\/enzoani-blue-collection-suri\\\/#breadcrumb\",\"itemListElement\":[{\"@type\":\"ListItem\",\"position\":1,\"name\":\"Home\",\"item\":\"https:\\\/\\\/www.koonings.com\\\/fr\\\/\"},{\"@type\":\"ListItem\",\"position\":2,\"name\":\"Enzoani Collection bleue Suri\"}]},{\"@type\":\"WebSite\",\"@id\":\"https:\\\/\\\/www.koonings.com\\\/fr\\\/#website\",\"url\":\"https:\\\/\\\/www.koonings.com\\\/fr\\\/\",\"name\":\"Koonings\",\"description\":\"De grootste bruidsmodewinkel ter wereld\",\"publisher\":{\"@id\":\"https:\\\/\\\/www.koonings.com\\\/fr\\\/#organization\"},\"potentialAction\":[{\"@type\":\"SearchAction\",\"target\":{\"@type\":\"EntryPoint\",\"urlTemplate\":\"https:\\\/\\\/www.koonings.com\\\/fr\\\/?s={search_term_string}\"},\"query-input\":{\"@type\":\"PropertyValueSpecification\",\"valueRequired\":true,\"valueName\":\"search_term_string\"}}],\"inLanguage\":\"fr-FR\"},{\"@type\":\"Organization\",\"@id\":\"https:\\\/\\\/www.koonings.com\\\/fr\\\/#organization\",\"name\":\"Koonings\",\"url\":\"https:\\\/\\\/www.koonings.com\\\/fr\\\/\",\"logo\":{\"@type\":\"ImageObject\",\"inLanguage\":\"fr-FR\",\"@id\":\"https:\\\/\\\/www.koonings.com\\\/fr\\\/#\\\/schema\\\/logo\\\/image\\\/\",\"url\":\"https:\\\/\\\/www.koonings.com\\\/wp-content\\\/uploads\\\/2024\\\/07\\\/logo.png\",\"contentUrl\":\"https:\\\/\\\/www.koonings.com\\\/wp-content\\\/uploads\\\/2024\\\/07\\\/logo.png\",\"width\":600,\"height\":428,\"caption\":\"Koonings\"},\"image\":{\"@id\":\"https:\\\/\\\/www.koonings.com\\\/fr\\\/#\\\/schema\\\/logo\\\/image\\\/\"},\"sameAs\":[\"https:\\\/\\\/www.facebook.com\\\/kooningstheweddingpalace\",\"https:\\\/\\\/www.instagram.com\\\/kooningstheweddingpalace\",\"https:\\\/\\\/www.pinterest.com\\\/koonings\",\"https:\\\/\\\/www.youtube.com\\\/kooningstheweddingpalace\"]}]}<\/script>\n<!-- \/ Yoast SEO plugin. -->","yoast_head_json":{"title":"Enzoani Collection bleue Suri | Koonings","description":"Rayonnez de f\u00e9minit\u00e9 dans SURI, une robe de mari\u00e9e romantique de ligne A o\u00f9 la dentelle perl\u00e9e complexe, l'encolure classique en forme de c\u0153ur et les appliqu\u00e9s floraux Mikado 3D cr\u00e9ent une esth\u00e9tique douce et romantique, tandis que la jupe fluide faite de couches de tulle doux et de tulle paillet\u00e9 apporte mouvement et flair, vous donnant l'impression d'\u00eatre une vision de la beaut\u00e9 nuptiale le jour J. Les bretelles amovibles en tulle de r\u00eave rehaussent l'\u00e9l\u00e9gance du corsage illusion.","robots":{"index":"index","follow":"follow","max-snippet":"max-snippet:-1","max-image-preview":"max-image-preview:large","max-video-preview":"max-video-preview:-1"},"canonical":"https:\/\/www.koonings.com\/fr\/product\/enzoani-blue-collection-suri\/","og_locale":"fr_FR","og_type":"article","og_title":"Enzoani Collection bleue Suri | Koonings","og_description":"Rayonnez de f\u00e9minit\u00e9 dans SURI, une robe de mari\u00e9e romantique de ligne A o\u00f9 la dentelle perl\u00e9e complexe, l'encolure classique en forme de c\u0153ur et les appliqu\u00e9s floraux Mikado 3D cr\u00e9ent une esth\u00e9tique douce et romantique, tandis que la jupe fluide faite de couches de tulle doux et de tulle paillet\u00e9 apporte mouvement et flair, vous donnant l'impression d'\u00eatre une vision de la beaut\u00e9 nuptiale le jour J. Les bretelles amovibles en tulle de r\u00eave rehaussent l'\u00e9l\u00e9gance du corsage illusion.","og_url":"https:\/\/www.koonings.com\/fr\/product\/enzoani-blue-collection-suri\/","og_site_name":"Koonings","article_publisher":"https:\/\/www.facebook.com\/kooningstheweddingpalace","og_image":[{"width":959,"height":1357,"url":"https:\/\/www.koonings.com\/wp-content\/uploads\/2024\/11\/41223_898df389193e2d92ecea02b81927f57a5b92d153cea742e8ffa22942f6ef8b6b0864fa5e.jpeg","type":"image\/jpeg"}],"twitter_card":"summary_large_image","schema":{"@context":"https:\/\/schema.org","@graph":[{"@type":"WebPage","@id":"https:\/\/www.koonings.com\/fr\/product\/enzoani-blue-collection-suri\/","url":"https:\/\/www.koonings.com\/fr\/product\/enzoani-blue-collection-suri\/","name":"Enzoani Collection bleue Suri | Koonings","isPartOf":{"@id":"https:\/\/www.koonings.com\/fr\/#website"},"primaryImageOfPage":{"@id":"https:\/\/www.koonings.com\/fr\/product\/enzoani-blue-collection-suri\/#primaryimage"},"image":{"@id":"https:\/\/www.koonings.com\/fr\/product\/enzoani-blue-collection-suri\/#primaryimage"},"thumbnailUrl":"https:\/\/www.koonings.com\/wp-content\/uploads\/2024\/11\/41223_898df389193e2d92ecea02b81927f57a5b92d153cea742e8ffa22942f6ef8b6b0864fa5e.jpeg","datePublished":"2026-04-28T16:26:35+00:00","description":"Rayonnez de f\u00e9minit\u00e9 dans SURI, une robe de mari\u00e9e romantique de ligne A o\u00f9 la dentelle perl\u00e9e complexe, l'encolure classique en forme de c\u0153ur et les appliqu\u00e9s floraux Mikado 3D cr\u00e9ent une esth\u00e9tique douce et romantique, tandis que la jupe fluide faite de couches de tulle doux et de tulle paillet\u00e9 apporte mouvement et flair, vous donnant l'impression d'\u00eatre une vision de la beaut\u00e9 nuptiale le jour J. Les bretelles amovibles en tulle de r\u00eave rehaussent l'\u00e9l\u00e9gance du corsage illusion.","breadcrumb":{"@id":"https:\/\/www.koonings.com\/fr\/product\/enzoani-blue-collection-suri\/#breadcrumb"},"inLanguage":"fr-FR","potentialAction":[{"@type":"ReadAction","target":["https:\/\/www.koonings.com\/fr\/product\/enzoani-blue-collection-suri\/"]}]},{"@type":"ImageObject","inLanguage":"fr-FR","@id":"https:\/\/www.koonings.com\/fr\/product\/enzoani-blue-collection-suri\/#primaryimage","url":"https:\/\/www.koonings.com\/wp-content\/uploads\/2024\/11\/41223_898df389193e2d92ecea02b81927f57a5b92d153cea742e8ffa22942f6ef8b6b0864fa5e.jpeg","contentUrl":"https:\/\/www.koonings.com\/wp-content\/uploads\/2024\/11\/41223_898df389193e2d92ecea02b81927f57a5b92d153cea742e8ffa22942f6ef8b6b0864fa5e.jpeg","width":959,"height":1357},{"@type":"BreadcrumbList","@id":"https:\/\/www.koonings.com\/fr\/product\/enzoani-blue-collection-suri\/#breadcrumb","itemListElement":[{"@type":"ListItem","position":1,"name":"Home","item":"https:\/\/www.koonings.com\/fr\/"},{"@type":"ListItem","position":2,"name":"Enzoani Collection bleue Suri"}]},{"@type":"WebSite","@id":"https:\/\/www.koonings.com\/fr\/#website","url":"https:\/\/www.koonings.com\/fr\/","name":"Koonings","description":"De grootste bruidsmodewinkel ter wereld","publisher":{"@id":"https:\/\/www.koonings.com\/fr\/#organization"},"potentialAction":[{"@type":"SearchAction","target":{"@type":"EntryPoint","urlTemplate":"https:\/\/www.koonings.com\/fr\/?s={search_term_string}"},"query-input":{"@type":"PropertyValueSpecification","valueRequired":true,"valueName":"search_term_string"}}],"inLanguage":"fr-FR"},{"@type":"Organization","@id":"https:\/\/www.koonings.com\/fr\/#organization","name":"Koonings","url":"https:\/\/www.koonings.com\/fr\/","logo":{"@type":"ImageObject","inLanguage":"fr-FR","@id":"https:\/\/www.koonings.com\/fr\/#\/schema\/logo\/image\/","url":"https:\/\/www.koonings.com\/wp-content\/uploads\/2024\/07\/logo.png","contentUrl":"https:\/\/www.koonings.com\/wp-content\/uploads\/2024\/07\/logo.png","width":600,"height":428,"caption":"Koonings"},"image":{"@id":"https:\/\/www.koonings.com\/fr\/#\/schema\/logo\/image\/"},"sameAs":["https:\/\/www.facebook.com\/kooningstheweddingpalace","https:\/\/www.instagram.com\/kooningstheweddingpalace","https:\/\/www.pinterest.com\/koonings","https:\/\/www.youtube.com\/kooningstheweddingpalace"]}]}},"_links":{"self":[{"href":"https:\/\/www.koonings.com\/fr\/wp-json\/wp\/v2\/product\/59503","targetHints":{"allow":["GET"]}}],"collection":[{"href":"https:\/\/www.koonings.com\/fr\/wp-json\/wp\/v2\/product"}],"about":[{"href":"https:\/\/www.koonings.com\/fr\/wp-json\/wp\/v2\/types\/product"}],"wp:featuredmedia":[{"embeddable":true,"href":"https:\/\/www.koonings.com\/fr\/wp-json\/wp\/v2\/media\/51367"}],"wp:attachment":[{"href":"https:\/\/www.koonings.com\/fr\/wp-json\/wp\/v2\/media?parent=59503"}],"wp:term":[{"taxonomy":"productdetails","embeddable":true,"href":"https:\/\/www.koonings.com\/fr\/wp-json\/wp\/v2\/productdetails?post=59503"},{"taxonomy":"productneck","embeddable":true,"href":"https:\/\/www.koonings.com\/fr\/wp-json\/wp\/v2\/productneck?post=59503"},{"taxonomy":"productcolor","embeddable":true,"href":"https:\/\/www.koonings.com\/fr\/wp-json\/wp\/v2\/productcolor?post=59503"},{"taxonomy":"maat","embeddable":true,"href":"https:\/\/www.koonings.com\/fr\/wp-json\/wp\/v2\/maat?post=59503"},{"taxonomy":"productsupplier","embeddable":true,"href":"https:\/\/www.koonings.com\/fr\/wp-json\/wp\/v2\/productsupplier?post=59503"},{"taxonomy":"productsleeve","embeddable":true,"href":"https:\/\/www.koonings.com\/fr\/wp-json\/wp\/v2\/productsleeve?post=59503"},{"taxonomy":"productcategory","embeddable":true,"href":"https:\/\/www.koonings.com\/fr\/wp-json\/wp\/v2\/productcategory?post=59503"},{"taxonomy":"productsilhouette","embeddable":true,"href":"https:\/\/www.koonings.com\/fr\/wp-json\/wp\/v2\/productsilhouette?post=59503"},{"taxonomy":"productstyle","embeddable":true,"href":"https:\/\/www.koonings.com\/fr\/wp-json\/wp\/v2\/productstyle?post=59503"}],"curies":[{"name":"wp","href":"https:\/\/api.w.org\/{rel}","templated":true}]}}