{"id":59491,"date":"2026-05-06T15:26:51","date_gmt":"2026-05-06T13:26:51","guid":{"rendered":"https:\/\/www.koonings.com\/product\/enzoani-blue-collection-sloane\/"},"modified":"2025-06-05T13:24:37","modified_gmt":"2025-06-05T11:24:37","slug":"enzoani-blue-collection-sloane","status":"publish","type":"product","link":"https:\/\/www.koonings.com\/fr\/product\/enzoani-blue-collection-sloane\/","title":{"rendered":"Enzoani Blue collection Sloane"},"content":{"rendered":"<p>Laissez-nous vous pr\u00e9senter l&#8217;\u00e9tonnante SLOANE. Cette robe sir\u00e8ne en dentelle florale est une vision de la beaut\u00e9 nuptiale, avec sa dentelle florale brod\u00e9e en mousseline de soie et ses applications florales 3D complexes en mikado et en organza, qui ajoutent texture et dimension \u00e0 la silhouette classique. Le corsage flatteur avec ses bretelles en tulle souple soutient et \u00e9pouse les courbes, tandis que la jupe \u00e9vas\u00e9e en tulle et tulle paillet\u00e9 cr\u00e9e un effet dramatique et romantique. Un corset de r\u00eave dans le dos, avec des n\u0153uds en tulle, est parfaitement assorti aux bretelles et aux tra\u00eenes, pour un look inoubliable le jour du mariage.   <\/p>\n","protected":false},"featured_media":51492,"template":"","meta":{"_acf_changed":false,"ghostkit_customizer_options":"","ghostkit_custom_css":"","ghostkit_custom_js_head":"","ghostkit_custom_js_foot":"","ghostkit_typography":""},"productdetails":[379,376,381],"productneck":[355],"productcolor":[393,392],"maat":[],"productsupplier":[405],"productsleeve":[359],"productcategory":[18],"productsilhouette":[387],"productstyle":[366],"class_list":["post-59491","product","type-product","status-publish","has-post-thumbnail","hentry","productdetails-379","productdetails-376","productdetails-381","productneck-355","productcolor-393","productcolor-392","productsupplier-enzoani-blue-collection","productsleeve-359","productcategory-trouwjurken","productsilhouette-387","productstyle-366"],"acf":[],"yoast_head":"<!-- This site is optimized with the Yoast SEO plugin v27.3 - https:\/\/yoast.com\/product\/yoast-seo-wordpress\/ -->\n<title>Enzoani Blue collection Sloane | Koonings<\/title>\n<meta name=\"description\" content=\"Laissez-nous vous pr\u00e9senter l&#039;\u00e9tonnante SLOANE. Cette robe sir\u00e8ne en dentelle florale est une vision de la beaut\u00e9 nuptiale, avec sa dentelle florale brod\u00e9e en mousseline de soie et ses applications florales 3D complexes en mikado et en organza, qui ajoutent texture et dimension \u00e0 la silhouette classique. Le corsage flatteur avec ses bretelles en tulle souple soutient et \u00e9pouse les courbes, tandis que la jupe \u00e9vas\u00e9e en tulle et tulle paillet\u00e9 cr\u00e9e un effet dramatique et romantique. Un corset de r\u00eave dans le dos, avec des n\u0153uds en tulle, est parfaitement assorti aux bretelles et aux tra\u00eenes, pour un look inoubliable le jour du mariage.\" \/>\n<meta name=\"robots\" content=\"index, follow, max-snippet:-1, max-image-preview:large, max-video-preview:-1\" \/>\n<link rel=\"canonical\" href=\"https:\/\/www.koonings.com\/fr\/product\/enzoani-blue-collection-sloane\/\" \/>\n<meta property=\"og:locale\" content=\"fr_FR\" \/>\n<meta property=\"og:type\" content=\"article\" \/>\n<meta property=\"og:title\" content=\"Enzoani Blue collection Sloane | Koonings\" \/>\n<meta property=\"og:description\" content=\"Laissez-nous vous pr\u00e9senter l&#039;\u00e9tonnante SLOANE. Cette robe sir\u00e8ne en dentelle florale est une vision de la beaut\u00e9 nuptiale, avec sa dentelle florale brod\u00e9e en mousseline de soie et ses applications florales 3D complexes en mikado et en organza, qui ajoutent texture et dimension \u00e0 la silhouette classique. Le corsage flatteur avec ses bretelles en tulle souple soutient et \u00e9pouse les courbes, tandis que la jupe \u00e9vas\u00e9e en tulle et tulle paillet\u00e9 cr\u00e9e un effet dramatique et romantique. Un corset de r\u00eave dans le dos, avec des n\u0153uds en tulle, est parfaitement assorti aux bretelles et aux tra\u00eenes, pour un look inoubliable le jour du mariage.\" \/>\n<meta property=\"og:url\" content=\"https:\/\/www.koonings.com\/fr\/product\/enzoani-blue-collection-sloane\/\" \/>\n<meta property=\"og:site_name\" content=\"Koonings\" \/>\n<meta property=\"article:publisher\" content=\"https:\/\/www.facebook.com\/kooningstheweddingpalace\" \/>\n<meta property=\"og:image\" content=\"https:\/\/www.koonings.com\/wp-content\/uploads\/2024\/11\/41228_a3cb1316e4b9fabe8fd5cf9202c6587d4b40e04bcf06129c48f38610dcac0fd0c6af3495.jpeg\" \/>\n\t<meta property=\"og:image:width\" content=\"1035\" \/>\n\t<meta property=\"og:image:height\" content=\"1380\" \/>\n\t<meta property=\"og:image:type\" content=\"image\/jpeg\" \/>\n<meta name=\"twitter:card\" content=\"summary_large_image\" \/>\n<meta name=\"twitter:label1\" content=\"Dur\u00e9e de lecture estim\u00e9e\" \/>\n\t<meta name=\"twitter:data1\" content=\"1 minute\" \/>\n<script type=\"application\/ld+json\" class=\"yoast-schema-graph\">{\"@context\":\"https:\\\/\\\/schema.org\",\"@graph\":[{\"@type\":\"WebPage\",\"@id\":\"https:\\\/\\\/www.koonings.com\\\/fr\\\/product\\\/enzoani-blue-collection-sloane\\\/\",\"url\":\"https:\\\/\\\/www.koonings.com\\\/fr\\\/product\\\/enzoani-blue-collection-sloane\\\/\",\"name\":\"Enzoani Blue collection Sloane | Koonings\",\"isPartOf\":{\"@id\":\"https:\\\/\\\/www.koonings.com\\\/fr\\\/#website\"},\"primaryImageOfPage\":{\"@id\":\"https:\\\/\\\/www.koonings.com\\\/fr\\\/product\\\/enzoani-blue-collection-sloane\\\/#primaryimage\"},\"image\":{\"@id\":\"https:\\\/\\\/www.koonings.com\\\/fr\\\/product\\\/enzoani-blue-collection-sloane\\\/#primaryimage\"},\"thumbnailUrl\":\"https:\\\/\\\/www.koonings.com\\\/wp-content\\\/uploads\\\/2024\\\/11\\\/41228_a3cb1316e4b9fabe8fd5cf9202c6587d4b40e04bcf06129c48f38610dcac0fd0c6af3495.jpeg\",\"datePublished\":\"2026-05-06T13:26:51+00:00\",\"description\":\"Laissez-nous vous pr\u00e9senter l'\u00e9tonnante SLOANE. Cette robe sir\u00e8ne en dentelle florale est une vision de la beaut\u00e9 nuptiale, avec sa dentelle florale brod\u00e9e en mousseline de soie et ses applications florales 3D complexes en mikado et en organza, qui ajoutent texture et dimension \u00e0 la silhouette classique. Le corsage flatteur avec ses bretelles en tulle souple soutient et \u00e9pouse les courbes, tandis que la jupe \u00e9vas\u00e9e en tulle et tulle paillet\u00e9 cr\u00e9e un effet dramatique et romantique. Un corset de r\u00eave dans le dos, avec des n\u0153uds en tulle, est parfaitement assorti aux bretelles et aux tra\u00eenes, pour un look inoubliable le jour du mariage.\",\"breadcrumb\":{\"@id\":\"https:\\\/\\\/www.koonings.com\\\/fr\\\/product\\\/enzoani-blue-collection-sloane\\\/#breadcrumb\"},\"inLanguage\":\"fr-FR\",\"potentialAction\":[{\"@type\":\"ReadAction\",\"target\":[\"https:\\\/\\\/www.koonings.com\\\/fr\\\/product\\\/enzoani-blue-collection-sloane\\\/\"]}]},{\"@type\":\"ImageObject\",\"inLanguage\":\"fr-FR\",\"@id\":\"https:\\\/\\\/www.koonings.com\\\/fr\\\/product\\\/enzoani-blue-collection-sloane\\\/#primaryimage\",\"url\":\"https:\\\/\\\/www.koonings.com\\\/wp-content\\\/uploads\\\/2024\\\/11\\\/41228_a3cb1316e4b9fabe8fd5cf9202c6587d4b40e04bcf06129c48f38610dcac0fd0c6af3495.jpeg\",\"contentUrl\":\"https:\\\/\\\/www.koonings.com\\\/wp-content\\\/uploads\\\/2024\\\/11\\\/41228_a3cb1316e4b9fabe8fd5cf9202c6587d4b40e04bcf06129c48f38610dcac0fd0c6af3495.jpeg\",\"width\":1035,\"height\":1380},{\"@type\":\"BreadcrumbList\",\"@id\":\"https:\\\/\\\/www.koonings.com\\\/fr\\\/product\\\/enzoani-blue-collection-sloane\\\/#breadcrumb\",\"itemListElement\":[{\"@type\":\"ListItem\",\"position\":1,\"name\":\"Home\",\"item\":\"https:\\\/\\\/www.koonings.com\\\/fr\\\/\"},{\"@type\":\"ListItem\",\"position\":2,\"name\":\"Enzoani Blue collection Sloane\"}]},{\"@type\":\"WebSite\",\"@id\":\"https:\\\/\\\/www.koonings.com\\\/fr\\\/#website\",\"url\":\"https:\\\/\\\/www.koonings.com\\\/fr\\\/\",\"name\":\"Koonings\",\"description\":\"De grootste bruidsmodewinkel ter wereld\",\"publisher\":{\"@id\":\"https:\\\/\\\/www.koonings.com\\\/fr\\\/#organization\"},\"potentialAction\":[{\"@type\":\"SearchAction\",\"target\":{\"@type\":\"EntryPoint\",\"urlTemplate\":\"https:\\\/\\\/www.koonings.com\\\/fr\\\/?s={search_term_string}\"},\"query-input\":{\"@type\":\"PropertyValueSpecification\",\"valueRequired\":true,\"valueName\":\"search_term_string\"}}],\"inLanguage\":\"fr-FR\"},{\"@type\":\"Organization\",\"@id\":\"https:\\\/\\\/www.koonings.com\\\/fr\\\/#organization\",\"name\":\"Koonings\",\"url\":\"https:\\\/\\\/www.koonings.com\\\/fr\\\/\",\"logo\":{\"@type\":\"ImageObject\",\"inLanguage\":\"fr-FR\",\"@id\":\"https:\\\/\\\/www.koonings.com\\\/fr\\\/#\\\/schema\\\/logo\\\/image\\\/\",\"url\":\"https:\\\/\\\/www.koonings.com\\\/wp-content\\\/uploads\\\/2024\\\/07\\\/logo.png\",\"contentUrl\":\"https:\\\/\\\/www.koonings.com\\\/wp-content\\\/uploads\\\/2024\\\/07\\\/logo.png\",\"width\":600,\"height\":428,\"caption\":\"Koonings\"},\"image\":{\"@id\":\"https:\\\/\\\/www.koonings.com\\\/fr\\\/#\\\/schema\\\/logo\\\/image\\\/\"},\"sameAs\":[\"https:\\\/\\\/www.facebook.com\\\/kooningstheweddingpalace\",\"https:\\\/\\\/www.instagram.com\\\/kooningstheweddingpalace\",\"https:\\\/\\\/www.pinterest.com\\\/koonings\",\"https:\\\/\\\/www.youtube.com\\\/kooningstheweddingpalace\"]}]}<\/script>\n<!-- \/ Yoast SEO plugin. -->","yoast_head_json":{"title":"Enzoani Blue collection Sloane | Koonings","description":"Laissez-nous vous pr\u00e9senter l'\u00e9tonnante SLOANE. Cette robe sir\u00e8ne en dentelle florale est une vision de la beaut\u00e9 nuptiale, avec sa dentelle florale brod\u00e9e en mousseline de soie et ses applications florales 3D complexes en mikado et en organza, qui ajoutent texture et dimension \u00e0 la silhouette classique. Le corsage flatteur avec ses bretelles en tulle souple soutient et \u00e9pouse les courbes, tandis que la jupe \u00e9vas\u00e9e en tulle et tulle paillet\u00e9 cr\u00e9e un effet dramatique et romantique. Un corset de r\u00eave dans le dos, avec des n\u0153uds en tulle, est parfaitement assorti aux bretelles et aux tra\u00eenes, pour un look inoubliable le jour du mariage.","robots":{"index":"index","follow":"follow","max-snippet":"max-snippet:-1","max-image-preview":"max-image-preview:large","max-video-preview":"max-video-preview:-1"},"canonical":"https:\/\/www.koonings.com\/fr\/product\/enzoani-blue-collection-sloane\/","og_locale":"fr_FR","og_type":"article","og_title":"Enzoani Blue collection Sloane | Koonings","og_description":"Laissez-nous vous pr\u00e9senter l'\u00e9tonnante SLOANE. Cette robe sir\u00e8ne en dentelle florale est une vision de la beaut\u00e9 nuptiale, avec sa dentelle florale brod\u00e9e en mousseline de soie et ses applications florales 3D complexes en mikado et en organza, qui ajoutent texture et dimension \u00e0 la silhouette classique. Le corsage flatteur avec ses bretelles en tulle souple soutient et \u00e9pouse les courbes, tandis que la jupe \u00e9vas\u00e9e en tulle et tulle paillet\u00e9 cr\u00e9e un effet dramatique et romantique. Un corset de r\u00eave dans le dos, avec des n\u0153uds en tulle, est parfaitement assorti aux bretelles et aux tra\u00eenes, pour un look inoubliable le jour du mariage.","og_url":"https:\/\/www.koonings.com\/fr\/product\/enzoani-blue-collection-sloane\/","og_site_name":"Koonings","article_publisher":"https:\/\/www.facebook.com\/kooningstheweddingpalace","og_image":[{"width":1035,"height":1380,"url":"https:\/\/www.koonings.com\/wp-content\/uploads\/2024\/11\/41228_a3cb1316e4b9fabe8fd5cf9202c6587d4b40e04bcf06129c48f38610dcac0fd0c6af3495.jpeg","type":"image\/jpeg"}],"twitter_card":"summary_large_image","twitter_misc":{"Dur\u00e9e de lecture estim\u00e9e":"1 minute"},"schema":{"@context":"https:\/\/schema.org","@graph":[{"@type":"WebPage","@id":"https:\/\/www.koonings.com\/fr\/product\/enzoani-blue-collection-sloane\/","url":"https:\/\/www.koonings.com\/fr\/product\/enzoani-blue-collection-sloane\/","name":"Enzoani Blue collection Sloane | Koonings","isPartOf":{"@id":"https:\/\/www.koonings.com\/fr\/#website"},"primaryImageOfPage":{"@id":"https:\/\/www.koonings.com\/fr\/product\/enzoani-blue-collection-sloane\/#primaryimage"},"image":{"@id":"https:\/\/www.koonings.com\/fr\/product\/enzoani-blue-collection-sloane\/#primaryimage"},"thumbnailUrl":"https:\/\/www.koonings.com\/wp-content\/uploads\/2024\/11\/41228_a3cb1316e4b9fabe8fd5cf9202c6587d4b40e04bcf06129c48f38610dcac0fd0c6af3495.jpeg","datePublished":"2026-05-06T13:26:51+00:00","description":"Laissez-nous vous pr\u00e9senter l'\u00e9tonnante SLOANE. Cette robe sir\u00e8ne en dentelle florale est une vision de la beaut\u00e9 nuptiale, avec sa dentelle florale brod\u00e9e en mousseline de soie et ses applications florales 3D complexes en mikado et en organza, qui ajoutent texture et dimension \u00e0 la silhouette classique. Le corsage flatteur avec ses bretelles en tulle souple soutient et \u00e9pouse les courbes, tandis que la jupe \u00e9vas\u00e9e en tulle et tulle paillet\u00e9 cr\u00e9e un effet dramatique et romantique. Un corset de r\u00eave dans le dos, avec des n\u0153uds en tulle, est parfaitement assorti aux bretelles et aux tra\u00eenes, pour un look inoubliable le jour du mariage.","breadcrumb":{"@id":"https:\/\/www.koonings.com\/fr\/product\/enzoani-blue-collection-sloane\/#breadcrumb"},"inLanguage":"fr-FR","potentialAction":[{"@type":"ReadAction","target":["https:\/\/www.koonings.com\/fr\/product\/enzoani-blue-collection-sloane\/"]}]},{"@type":"ImageObject","inLanguage":"fr-FR","@id":"https:\/\/www.koonings.com\/fr\/product\/enzoani-blue-collection-sloane\/#primaryimage","url":"https:\/\/www.koonings.com\/wp-content\/uploads\/2024\/11\/41228_a3cb1316e4b9fabe8fd5cf9202c6587d4b40e04bcf06129c48f38610dcac0fd0c6af3495.jpeg","contentUrl":"https:\/\/www.koonings.com\/wp-content\/uploads\/2024\/11\/41228_a3cb1316e4b9fabe8fd5cf9202c6587d4b40e04bcf06129c48f38610dcac0fd0c6af3495.jpeg","width":1035,"height":1380},{"@type":"BreadcrumbList","@id":"https:\/\/www.koonings.com\/fr\/product\/enzoani-blue-collection-sloane\/#breadcrumb","itemListElement":[{"@type":"ListItem","position":1,"name":"Home","item":"https:\/\/www.koonings.com\/fr\/"},{"@type":"ListItem","position":2,"name":"Enzoani Blue collection Sloane"}]},{"@type":"WebSite","@id":"https:\/\/www.koonings.com\/fr\/#website","url":"https:\/\/www.koonings.com\/fr\/","name":"Koonings","description":"De grootste bruidsmodewinkel ter wereld","publisher":{"@id":"https:\/\/www.koonings.com\/fr\/#organization"},"potentialAction":[{"@type":"SearchAction","target":{"@type":"EntryPoint","urlTemplate":"https:\/\/www.koonings.com\/fr\/?s={search_term_string}"},"query-input":{"@type":"PropertyValueSpecification","valueRequired":true,"valueName":"search_term_string"}}],"inLanguage":"fr-FR"},{"@type":"Organization","@id":"https:\/\/www.koonings.com\/fr\/#organization","name":"Koonings","url":"https:\/\/www.koonings.com\/fr\/","logo":{"@type":"ImageObject","inLanguage":"fr-FR","@id":"https:\/\/www.koonings.com\/fr\/#\/schema\/logo\/image\/","url":"https:\/\/www.koonings.com\/wp-content\/uploads\/2024\/07\/logo.png","contentUrl":"https:\/\/www.koonings.com\/wp-content\/uploads\/2024\/07\/logo.png","width":600,"height":428,"caption":"Koonings"},"image":{"@id":"https:\/\/www.koonings.com\/fr\/#\/schema\/logo\/image\/"},"sameAs":["https:\/\/www.facebook.com\/kooningstheweddingpalace","https:\/\/www.instagram.com\/kooningstheweddingpalace","https:\/\/www.pinterest.com\/koonings","https:\/\/www.youtube.com\/kooningstheweddingpalace"]}]}},"_links":{"self":[{"href":"https:\/\/www.koonings.com\/fr\/wp-json\/wp\/v2\/product\/59491","targetHints":{"allow":["GET"]}}],"collection":[{"href":"https:\/\/www.koonings.com\/fr\/wp-json\/wp\/v2\/product"}],"about":[{"href":"https:\/\/www.koonings.com\/fr\/wp-json\/wp\/v2\/types\/product"}],"wp:featuredmedia":[{"embeddable":true,"href":"https:\/\/www.koonings.com\/fr\/wp-json\/wp\/v2\/media\/51492"}],"wp:attachment":[{"href":"https:\/\/www.koonings.com\/fr\/wp-json\/wp\/v2\/media?parent=59491"}],"wp:term":[{"taxonomy":"productdetails","embeddable":true,"href":"https:\/\/www.koonings.com\/fr\/wp-json\/wp\/v2\/productdetails?post=59491"},{"taxonomy":"productneck","embeddable":true,"href":"https:\/\/www.koonings.com\/fr\/wp-json\/wp\/v2\/productneck?post=59491"},{"taxonomy":"productcolor","embeddable":true,"href":"https:\/\/www.koonings.com\/fr\/wp-json\/wp\/v2\/productcolor?post=59491"},{"taxonomy":"maat","embeddable":true,"href":"https:\/\/www.koonings.com\/fr\/wp-json\/wp\/v2\/maat?post=59491"},{"taxonomy":"productsupplier","embeddable":true,"href":"https:\/\/www.koonings.com\/fr\/wp-json\/wp\/v2\/productsupplier?post=59491"},{"taxonomy":"productsleeve","embeddable":true,"href":"https:\/\/www.koonings.com\/fr\/wp-json\/wp\/v2\/productsleeve?post=59491"},{"taxonomy":"productcategory","embeddable":true,"href":"https:\/\/www.koonings.com\/fr\/wp-json\/wp\/v2\/productcategory?post=59491"},{"taxonomy":"productsilhouette","embeddable":true,"href":"https:\/\/www.koonings.com\/fr\/wp-json\/wp\/v2\/productsilhouette?post=59491"},{"taxonomy":"productstyle","embeddable":true,"href":"https:\/\/www.koonings.com\/fr\/wp-json\/wp\/v2\/productstyle?post=59491"}],"curies":[{"name":"wp","href":"https:\/\/api.w.org\/{rel}","templated":true}]}}