{"id":59489,"date":"2025-12-15T00:42:10","date_gmt":"2025-12-14T23:42:10","guid":{"rendered":"https:\/\/www.koonings.com\/product\/enzoani-blue-collection-sequoia-l\/"},"modified":"2026-02-03T18:54:18","modified_gmt":"2026-02-03T17:54:18","slug":"enzoani-blue-collection-sequoia-l","status":"publish","type":"product","link":"https:\/\/www.koonings.com\/fr\/product\/enzoani-blue-collection-sequoia-l\/","title":{"rendered":"Enzoani Collection bleue Sequoia-L"},"content":{"rendered":"<p>Entrez dans le bonheur nuptial avec SEQUOIA. Cette robe de mari\u00e9e ligne A pr\u00e9sente de magnifiques p\u00e9tales avec des paillettes et des perles g\u00e9om\u00e9triques qui ornent le corsage et s&#8217;\u00e9coulent dans le tulle scintillant et la jupe en tulle doux, cr\u00e9ant une \u00e9l\u00e9gance et une gr\u00e2ce intemporelles qui laisseront \u00e0 coup s\u00fbr une impression durable. De superbes bretelles amovibles et une jupe fendue apportent une touche finale \u00e0 la fois douce et sexy.  <\/p>\n","protected":false},"featured_media":51542,"template":"","meta":{"_acf_changed":false,"ghostkit_customizer_options":"","ghostkit_custom_css":"","ghostkit_custom_js_head":"","ghostkit_custom_js_foot":"","ghostkit_typography":""},"productdetails":[378],"productneck":[355],"productcolor":[393,392],"maat":[],"productsupplier":[405],"productsleeve":[],"productcategory":[18],"productsilhouette":[389],"productstyle":[366,370],"class_list":["post-59489","product","type-product","status-publish","has-post-thumbnail","hentry","productdetails-378","productneck-355","productcolor-393","productcolor-392","productsupplier-enzoani-blue-collection","productcategory-trouwjurken","productsilhouette-389","productstyle-366","productstyle-370"],"acf":[],"yoast_head":"<!-- This site is optimized with the Yoast SEO plugin v27.3 - https:\/\/yoast.com\/product\/yoast-seo-wordpress\/ -->\n<title>Enzoani Collection bleue Sequoia-L | Koonings<\/title>\n<meta name=\"description\" content=\"Entrez dans le bonheur nuptial avec SEQUOIA. Cette robe de mari\u00e9e ligne A pr\u00e9sente de magnifiques p\u00e9tales avec des paillettes et des perles g\u00e9om\u00e9triques qui ornent le corsage et s&#039;\u00e9coulent dans le tulle scintillant et la jupe en tulle doux, cr\u00e9ant une \u00e9l\u00e9gance et une gr\u00e2ce intemporelles qui laisseront \u00e0 coup s\u00fbr une impression durable. De superbes bretelles amovibles et une jupe fendue apportent une touche finale \u00e0 la fois douce et sexy.\" \/>\n<meta name=\"robots\" content=\"index, follow, max-snippet:-1, max-image-preview:large, max-video-preview:-1\" \/>\n<link rel=\"canonical\" href=\"https:\/\/www.koonings.com\/fr\/product\/enzoani-blue-collection-sequoia-l\/\" \/>\n<meta property=\"og:locale\" content=\"fr_FR\" \/>\n<meta property=\"og:type\" content=\"article\" \/>\n<meta property=\"og:title\" content=\"Enzoani Collection bleue Sequoia-L | Koonings\" \/>\n<meta property=\"og:description\" content=\"Entrez dans le bonheur nuptial avec SEQUOIA. Cette robe de mari\u00e9e ligne A pr\u00e9sente de magnifiques p\u00e9tales avec des paillettes et des perles g\u00e9om\u00e9triques qui ornent le corsage et s&#039;\u00e9coulent dans le tulle scintillant et la jupe en tulle doux, cr\u00e9ant une \u00e9l\u00e9gance et une gr\u00e2ce intemporelles qui laisseront \u00e0 coup s\u00fbr une impression durable. De superbes bretelles amovibles et une jupe fendue apportent une touche finale \u00e0 la fois douce et sexy.\" \/>\n<meta property=\"og:url\" content=\"https:\/\/www.koonings.com\/fr\/product\/enzoani-blue-collection-sequoia-l\/\" \/>\n<meta property=\"og:site_name\" content=\"Koonings\" \/>\n<meta property=\"article:publisher\" content=\"https:\/\/www.facebook.com\/kooningstheweddingpalace\" \/>\n<meta property=\"article:modified_time\" content=\"2026-02-03T17:54:18+00:00\" \/>\n<meta property=\"og:image\" content=\"https:\/\/www.koonings.com\/wp-content\/uploads\/2024\/11\/41231_12c6762805698be0ca8069e7c42f739c3eafb4bcbf8c9872a0ca2a8e162a89525f01c33c.jpeg\" \/>\n\t<meta property=\"og:image:width\" content=\"1035\" \/>\n\t<meta property=\"og:image:height\" content=\"1380\" \/>\n\t<meta property=\"og:image:type\" content=\"image\/jpeg\" \/>\n<meta name=\"twitter:card\" content=\"summary_large_image\" \/>\n<script type=\"application\/ld+json\" class=\"yoast-schema-graph\">{\"@context\":\"https:\\\/\\\/schema.org\",\"@graph\":[{\"@type\":\"WebPage\",\"@id\":\"https:\\\/\\\/www.koonings.com\\\/fr\\\/product\\\/enzoani-blue-collection-sequoia-l\\\/\",\"url\":\"https:\\\/\\\/www.koonings.com\\\/fr\\\/product\\\/enzoani-blue-collection-sequoia-l\\\/\",\"name\":\"Enzoani Collection bleue Sequoia-L | Koonings\",\"isPartOf\":{\"@id\":\"https:\\\/\\\/www.koonings.com\\\/fr\\\/#website\"},\"primaryImageOfPage\":{\"@id\":\"https:\\\/\\\/www.koonings.com\\\/fr\\\/product\\\/enzoani-blue-collection-sequoia-l\\\/#primaryimage\"},\"image\":{\"@id\":\"https:\\\/\\\/www.koonings.com\\\/fr\\\/product\\\/enzoani-blue-collection-sequoia-l\\\/#primaryimage\"},\"thumbnailUrl\":\"https:\\\/\\\/www.koonings.com\\\/wp-content\\\/uploads\\\/2024\\\/11\\\/41231_12c6762805698be0ca8069e7c42f739c3eafb4bcbf8c9872a0ca2a8e162a89525f01c33c.jpeg\",\"datePublished\":\"2025-12-14T23:42:10+00:00\",\"dateModified\":\"2026-02-03T17:54:18+00:00\",\"description\":\"Entrez dans le bonheur nuptial avec SEQUOIA. Cette robe de mari\u00e9e ligne A pr\u00e9sente de magnifiques p\u00e9tales avec des paillettes et des perles g\u00e9om\u00e9triques qui ornent le corsage et s'\u00e9coulent dans le tulle scintillant et la jupe en tulle doux, cr\u00e9ant une \u00e9l\u00e9gance et une gr\u00e2ce intemporelles qui laisseront \u00e0 coup s\u00fbr une impression durable. De superbes bretelles amovibles et une jupe fendue apportent une touche finale \u00e0 la fois douce et sexy.\",\"breadcrumb\":{\"@id\":\"https:\\\/\\\/www.koonings.com\\\/fr\\\/product\\\/enzoani-blue-collection-sequoia-l\\\/#breadcrumb\"},\"inLanguage\":\"fr-FR\",\"potentialAction\":[{\"@type\":\"ReadAction\",\"target\":[\"https:\\\/\\\/www.koonings.com\\\/fr\\\/product\\\/enzoani-blue-collection-sequoia-l\\\/\"]}]},{\"@type\":\"ImageObject\",\"inLanguage\":\"fr-FR\",\"@id\":\"https:\\\/\\\/www.koonings.com\\\/fr\\\/product\\\/enzoani-blue-collection-sequoia-l\\\/#primaryimage\",\"url\":\"https:\\\/\\\/www.koonings.com\\\/wp-content\\\/uploads\\\/2024\\\/11\\\/41231_12c6762805698be0ca8069e7c42f739c3eafb4bcbf8c9872a0ca2a8e162a89525f01c33c.jpeg\",\"contentUrl\":\"https:\\\/\\\/www.koonings.com\\\/wp-content\\\/uploads\\\/2024\\\/11\\\/41231_12c6762805698be0ca8069e7c42f739c3eafb4bcbf8c9872a0ca2a8e162a89525f01c33c.jpeg\",\"width\":1035,\"height\":1380},{\"@type\":\"BreadcrumbList\",\"@id\":\"https:\\\/\\\/www.koonings.com\\\/fr\\\/product\\\/enzoani-blue-collection-sequoia-l\\\/#breadcrumb\",\"itemListElement\":[{\"@type\":\"ListItem\",\"position\":1,\"name\":\"Home\",\"item\":\"https:\\\/\\\/www.koonings.com\\\/fr\\\/\"},{\"@type\":\"ListItem\",\"position\":2,\"name\":\"Enzoani Collection bleue Sequoia-L\"}]},{\"@type\":\"WebSite\",\"@id\":\"https:\\\/\\\/www.koonings.com\\\/fr\\\/#website\",\"url\":\"https:\\\/\\\/www.koonings.com\\\/fr\\\/\",\"name\":\"Koonings\",\"description\":\"De grootste bruidsmodewinkel ter wereld\",\"publisher\":{\"@id\":\"https:\\\/\\\/www.koonings.com\\\/fr\\\/#organization\"},\"potentialAction\":[{\"@type\":\"SearchAction\",\"target\":{\"@type\":\"EntryPoint\",\"urlTemplate\":\"https:\\\/\\\/www.koonings.com\\\/fr\\\/?s={search_term_string}\"},\"query-input\":{\"@type\":\"PropertyValueSpecification\",\"valueRequired\":true,\"valueName\":\"search_term_string\"}}],\"inLanguage\":\"fr-FR\"},{\"@type\":\"Organization\",\"@id\":\"https:\\\/\\\/www.koonings.com\\\/fr\\\/#organization\",\"name\":\"Koonings\",\"url\":\"https:\\\/\\\/www.koonings.com\\\/fr\\\/\",\"logo\":{\"@type\":\"ImageObject\",\"inLanguage\":\"fr-FR\",\"@id\":\"https:\\\/\\\/www.koonings.com\\\/fr\\\/#\\\/schema\\\/logo\\\/image\\\/\",\"url\":\"https:\\\/\\\/www.koonings.com\\\/wp-content\\\/uploads\\\/2024\\\/07\\\/logo.png\",\"contentUrl\":\"https:\\\/\\\/www.koonings.com\\\/wp-content\\\/uploads\\\/2024\\\/07\\\/logo.png\",\"width\":600,\"height\":428,\"caption\":\"Koonings\"},\"image\":{\"@id\":\"https:\\\/\\\/www.koonings.com\\\/fr\\\/#\\\/schema\\\/logo\\\/image\\\/\"},\"sameAs\":[\"https:\\\/\\\/www.facebook.com\\\/kooningstheweddingpalace\",\"https:\\\/\\\/www.instagram.com\\\/kooningstheweddingpalace\",\"https:\\\/\\\/www.pinterest.com\\\/koonings\",\"https:\\\/\\\/www.youtube.com\\\/kooningstheweddingpalace\"]}]}<\/script>\n<!-- \/ Yoast SEO plugin. -->","yoast_head_json":{"title":"Enzoani Collection bleue Sequoia-L | Koonings","description":"Entrez dans le bonheur nuptial avec SEQUOIA. Cette robe de mari\u00e9e ligne A pr\u00e9sente de magnifiques p\u00e9tales avec des paillettes et des perles g\u00e9om\u00e9triques qui ornent le corsage et s'\u00e9coulent dans le tulle scintillant et la jupe en tulle doux, cr\u00e9ant une \u00e9l\u00e9gance et une gr\u00e2ce intemporelles qui laisseront \u00e0 coup s\u00fbr une impression durable. De superbes bretelles amovibles et une jupe fendue apportent une touche finale \u00e0 la fois douce et sexy.","robots":{"index":"index","follow":"follow","max-snippet":"max-snippet:-1","max-image-preview":"max-image-preview:large","max-video-preview":"max-video-preview:-1"},"canonical":"https:\/\/www.koonings.com\/fr\/product\/enzoani-blue-collection-sequoia-l\/","og_locale":"fr_FR","og_type":"article","og_title":"Enzoani Collection bleue Sequoia-L | Koonings","og_description":"Entrez dans le bonheur nuptial avec SEQUOIA. Cette robe de mari\u00e9e ligne A pr\u00e9sente de magnifiques p\u00e9tales avec des paillettes et des perles g\u00e9om\u00e9triques qui ornent le corsage et s'\u00e9coulent dans le tulle scintillant et la jupe en tulle doux, cr\u00e9ant une \u00e9l\u00e9gance et une gr\u00e2ce intemporelles qui laisseront \u00e0 coup s\u00fbr une impression durable. De superbes bretelles amovibles et une jupe fendue apportent une touche finale \u00e0 la fois douce et sexy.","og_url":"https:\/\/www.koonings.com\/fr\/product\/enzoani-blue-collection-sequoia-l\/","og_site_name":"Koonings","article_publisher":"https:\/\/www.facebook.com\/kooningstheweddingpalace","article_modified_time":"2026-02-03T17:54:18+00:00","og_image":[{"width":1035,"height":1380,"url":"https:\/\/www.koonings.com\/wp-content\/uploads\/2024\/11\/41231_12c6762805698be0ca8069e7c42f739c3eafb4bcbf8c9872a0ca2a8e162a89525f01c33c.jpeg","type":"image\/jpeg"}],"twitter_card":"summary_large_image","schema":{"@context":"https:\/\/schema.org","@graph":[{"@type":"WebPage","@id":"https:\/\/www.koonings.com\/fr\/product\/enzoani-blue-collection-sequoia-l\/","url":"https:\/\/www.koonings.com\/fr\/product\/enzoani-blue-collection-sequoia-l\/","name":"Enzoani Collection bleue Sequoia-L | Koonings","isPartOf":{"@id":"https:\/\/www.koonings.com\/fr\/#website"},"primaryImageOfPage":{"@id":"https:\/\/www.koonings.com\/fr\/product\/enzoani-blue-collection-sequoia-l\/#primaryimage"},"image":{"@id":"https:\/\/www.koonings.com\/fr\/product\/enzoani-blue-collection-sequoia-l\/#primaryimage"},"thumbnailUrl":"https:\/\/www.koonings.com\/wp-content\/uploads\/2024\/11\/41231_12c6762805698be0ca8069e7c42f739c3eafb4bcbf8c9872a0ca2a8e162a89525f01c33c.jpeg","datePublished":"2025-12-14T23:42:10+00:00","dateModified":"2026-02-03T17:54:18+00:00","description":"Entrez dans le bonheur nuptial avec SEQUOIA. Cette robe de mari\u00e9e ligne A pr\u00e9sente de magnifiques p\u00e9tales avec des paillettes et des perles g\u00e9om\u00e9triques qui ornent le corsage et s'\u00e9coulent dans le tulle scintillant et la jupe en tulle doux, cr\u00e9ant une \u00e9l\u00e9gance et une gr\u00e2ce intemporelles qui laisseront \u00e0 coup s\u00fbr une impression durable. De superbes bretelles amovibles et une jupe fendue apportent une touche finale \u00e0 la fois douce et sexy.","breadcrumb":{"@id":"https:\/\/www.koonings.com\/fr\/product\/enzoani-blue-collection-sequoia-l\/#breadcrumb"},"inLanguage":"fr-FR","potentialAction":[{"@type":"ReadAction","target":["https:\/\/www.koonings.com\/fr\/product\/enzoani-blue-collection-sequoia-l\/"]}]},{"@type":"ImageObject","inLanguage":"fr-FR","@id":"https:\/\/www.koonings.com\/fr\/product\/enzoani-blue-collection-sequoia-l\/#primaryimage","url":"https:\/\/www.koonings.com\/wp-content\/uploads\/2024\/11\/41231_12c6762805698be0ca8069e7c42f739c3eafb4bcbf8c9872a0ca2a8e162a89525f01c33c.jpeg","contentUrl":"https:\/\/www.koonings.com\/wp-content\/uploads\/2024\/11\/41231_12c6762805698be0ca8069e7c42f739c3eafb4bcbf8c9872a0ca2a8e162a89525f01c33c.jpeg","width":1035,"height":1380},{"@type":"BreadcrumbList","@id":"https:\/\/www.koonings.com\/fr\/product\/enzoani-blue-collection-sequoia-l\/#breadcrumb","itemListElement":[{"@type":"ListItem","position":1,"name":"Home","item":"https:\/\/www.koonings.com\/fr\/"},{"@type":"ListItem","position":2,"name":"Enzoani Collection bleue Sequoia-L"}]},{"@type":"WebSite","@id":"https:\/\/www.koonings.com\/fr\/#website","url":"https:\/\/www.koonings.com\/fr\/","name":"Koonings","description":"De grootste bruidsmodewinkel ter wereld","publisher":{"@id":"https:\/\/www.koonings.com\/fr\/#organization"},"potentialAction":[{"@type":"SearchAction","target":{"@type":"EntryPoint","urlTemplate":"https:\/\/www.koonings.com\/fr\/?s={search_term_string}"},"query-input":{"@type":"PropertyValueSpecification","valueRequired":true,"valueName":"search_term_string"}}],"inLanguage":"fr-FR"},{"@type":"Organization","@id":"https:\/\/www.koonings.com\/fr\/#organization","name":"Koonings","url":"https:\/\/www.koonings.com\/fr\/","logo":{"@type":"ImageObject","inLanguage":"fr-FR","@id":"https:\/\/www.koonings.com\/fr\/#\/schema\/logo\/image\/","url":"https:\/\/www.koonings.com\/wp-content\/uploads\/2024\/07\/logo.png","contentUrl":"https:\/\/www.koonings.com\/wp-content\/uploads\/2024\/07\/logo.png","width":600,"height":428,"caption":"Koonings"},"image":{"@id":"https:\/\/www.koonings.com\/fr\/#\/schema\/logo\/image\/"},"sameAs":["https:\/\/www.facebook.com\/kooningstheweddingpalace","https:\/\/www.instagram.com\/kooningstheweddingpalace","https:\/\/www.pinterest.com\/koonings","https:\/\/www.youtube.com\/kooningstheweddingpalace"]}]}},"_links":{"self":[{"href":"https:\/\/www.koonings.com\/fr\/wp-json\/wp\/v2\/product\/59489","targetHints":{"allow":["GET"]}}],"collection":[{"href":"https:\/\/www.koonings.com\/fr\/wp-json\/wp\/v2\/product"}],"about":[{"href":"https:\/\/www.koonings.com\/fr\/wp-json\/wp\/v2\/types\/product"}],"wp:featuredmedia":[{"embeddable":true,"href":"https:\/\/www.koonings.com\/fr\/wp-json\/wp\/v2\/media\/51542"}],"wp:attachment":[{"href":"https:\/\/www.koonings.com\/fr\/wp-json\/wp\/v2\/media?parent=59489"}],"wp:term":[{"taxonomy":"productdetails","embeddable":true,"href":"https:\/\/www.koonings.com\/fr\/wp-json\/wp\/v2\/productdetails?post=59489"},{"taxonomy":"productneck","embeddable":true,"href":"https:\/\/www.koonings.com\/fr\/wp-json\/wp\/v2\/productneck?post=59489"},{"taxonomy":"productcolor","embeddable":true,"href":"https:\/\/www.koonings.com\/fr\/wp-json\/wp\/v2\/productcolor?post=59489"},{"taxonomy":"maat","embeddable":true,"href":"https:\/\/www.koonings.com\/fr\/wp-json\/wp\/v2\/maat?post=59489"},{"taxonomy":"productsupplier","embeddable":true,"href":"https:\/\/www.koonings.com\/fr\/wp-json\/wp\/v2\/productsupplier?post=59489"},{"taxonomy":"productsleeve","embeddable":true,"href":"https:\/\/www.koonings.com\/fr\/wp-json\/wp\/v2\/productsleeve?post=59489"},{"taxonomy":"productcategory","embeddable":true,"href":"https:\/\/www.koonings.com\/fr\/wp-json\/wp\/v2\/productcategory?post=59489"},{"taxonomy":"productsilhouette","embeddable":true,"href":"https:\/\/www.koonings.com\/fr\/wp-json\/wp\/v2\/productsilhouette?post=59489"},{"taxonomy":"productstyle","embeddable":true,"href":"https:\/\/www.koonings.com\/fr\/wp-json\/wp\/v2\/productstyle?post=59489"}],"curies":[{"name":"wp","href":"https:\/\/api.w.org\/{rel}","templated":true}]}}