{"id":59483,"date":"2026-04-28T18:26:39","date_gmt":"2026-04-28T16:26:39","guid":{"rendered":"https:\/\/www.koonings.com\/product\/enzoani-blue-collection-sequoia\/"},"modified":"2025-06-05T13:24:32","modified_gmt":"2025-06-05T11:24:32","slug":"enzoani-blue-collection-sequoia","status":"publish","type":"product","link":"https:\/\/www.koonings.com\/fr\/product\/enzoani-blue-collection-sequoia\/","title":{"rendered":"Pronovias Group Sequoia"},"content":{"rendered":"<p>Entrez dans le bonheur nuptial avec SEQUOIA. Cette robe de mari\u00e9e ligne A pr\u00e9sente de magnifiques p\u00e9tales avec des paillettes et des perles g\u00e9om\u00e9triques qui ornent le corsage et s&#8217;\u00e9coulent dans le tulle scintillant et la jupe en tulle doux, cr\u00e9ant un look d&#8217;une \u00e9l\u00e9gance et d&#8217;une gr\u00e2ce intemporelles qui ne manquera pas de laisser un souvenir imp\u00e9rissable. De superbes bretelles amovibles et une jupe fendue apportent une touche finale \u00e0 la fois douce et sexy.  <\/p>\n","protected":false},"featured_media":51567,"template":"","meta":{"_acf_changed":false,"ghostkit_customizer_options":"","ghostkit_custom_css":"","ghostkit_custom_js_head":"","ghostkit_custom_js_foot":"","ghostkit_typography":""},"productdetails":[378],"productneck":[355],"productcolor":[393,392],"maat":[],"productsupplier":[466],"productsleeve":[],"productcategory":[18],"productsilhouette":[389],"productstyle":[366,370],"class_list":["post-59483","product","type-product","status-publish","has-post-thumbnail","hentry","productdetails-378","productneck-355","productcolor-393","productcolor-392","productsupplier-pronovias-group","productcategory-trouwjurken","productsilhouette-389","productstyle-366","productstyle-370"],"acf":[],"yoast_head":"<!-- This site is optimized with the Yoast SEO plugin v27.3 - https:\/\/yoast.com\/product\/yoast-seo-wordpress\/ -->\n<title>Pronovias Group Sequoia | Koonings<\/title>\n<meta name=\"description\" content=\"Entrez dans le bonheur nuptial avec SEQUOIA. Cette robe de mari\u00e9e ligne A pr\u00e9sente de magnifiques p\u00e9tales avec des paillettes et des perles g\u00e9om\u00e9triques qui ornent le corsage et s&#039;\u00e9coulent dans le tulle scintillant et la jupe en tulle doux, cr\u00e9ant un look d&#039;une \u00e9l\u00e9gance et d&#039;une gr\u00e2ce intemporelles qui ne manquera pas de laisser un souvenir imp\u00e9rissable. De superbes bretelles amovibles et une jupe fendue apportent une touche finale \u00e0 la fois douce et sexy.\" \/>\n<meta name=\"robots\" content=\"index, follow, max-snippet:-1, max-image-preview:large, max-video-preview:-1\" \/>\n<link rel=\"canonical\" href=\"https:\/\/www.koonings.com\/fr\/product\/enzoani-blue-collection-sequoia\/\" \/>\n<meta property=\"og:locale\" content=\"fr_FR\" \/>\n<meta property=\"og:type\" content=\"article\" \/>\n<meta property=\"og:title\" content=\"Pronovias Group Sequoia | Koonings\" \/>\n<meta property=\"og:description\" content=\"Entrez dans le bonheur nuptial avec SEQUOIA. Cette robe de mari\u00e9e ligne A pr\u00e9sente de magnifiques p\u00e9tales avec des paillettes et des perles g\u00e9om\u00e9triques qui ornent le corsage et s&#039;\u00e9coulent dans le tulle scintillant et la jupe en tulle doux, cr\u00e9ant un look d&#039;une \u00e9l\u00e9gance et d&#039;une gr\u00e2ce intemporelles qui ne manquera pas de laisser un souvenir imp\u00e9rissable. De superbes bretelles amovibles et une jupe fendue apportent une touche finale \u00e0 la fois douce et sexy.\" \/>\n<meta property=\"og:url\" content=\"https:\/\/www.koonings.com\/fr\/product\/enzoani-blue-collection-sequoia\/\" \/>\n<meta property=\"og:site_name\" content=\"Koonings\" \/>\n<meta property=\"article:publisher\" content=\"https:\/\/www.facebook.com\/kooningstheweddingpalace\" \/>\n<meta property=\"og:image\" content=\"https:\/\/www.koonings.com\/wp-content\/uploads\/2024\/11\/41232_ac92602156c0c0fa0bfa139e561fc1badc534ca18e65de2ceba55053b91bb3cac8268052.jpeg\" \/>\n\t<meta property=\"og:image:width\" content=\"1035\" \/>\n\t<meta property=\"og:image:height\" content=\"1380\" \/>\n\t<meta property=\"og:image:type\" content=\"image\/jpeg\" \/>\n<meta name=\"twitter:card\" content=\"summary_large_image\" \/>\n<script type=\"application\/ld+json\" class=\"yoast-schema-graph\">{\"@context\":\"https:\\\/\\\/schema.org\",\"@graph\":[{\"@type\":\"WebPage\",\"@id\":\"https:\\\/\\\/www.koonings.com\\\/fr\\\/product\\\/enzoani-blue-collection-sequoia\\\/\",\"url\":\"https:\\\/\\\/www.koonings.com\\\/fr\\\/product\\\/enzoani-blue-collection-sequoia\\\/\",\"name\":\"Pronovias Group Sequoia | Koonings\",\"isPartOf\":{\"@id\":\"https:\\\/\\\/www.koonings.com\\\/fr\\\/#website\"},\"primaryImageOfPage\":{\"@id\":\"https:\\\/\\\/www.koonings.com\\\/fr\\\/product\\\/enzoani-blue-collection-sequoia\\\/#primaryimage\"},\"image\":{\"@id\":\"https:\\\/\\\/www.koonings.com\\\/fr\\\/product\\\/enzoani-blue-collection-sequoia\\\/#primaryimage\"},\"thumbnailUrl\":\"https:\\\/\\\/www.koonings.com\\\/wp-content\\\/uploads\\\/2024\\\/11\\\/41232_ac92602156c0c0fa0bfa139e561fc1badc534ca18e65de2ceba55053b91bb3cac8268052.jpeg\",\"datePublished\":\"2026-04-28T16:26:39+00:00\",\"description\":\"Entrez dans le bonheur nuptial avec SEQUOIA. Cette robe de mari\u00e9e ligne A pr\u00e9sente de magnifiques p\u00e9tales avec des paillettes et des perles g\u00e9om\u00e9triques qui ornent le corsage et s'\u00e9coulent dans le tulle scintillant et la jupe en tulle doux, cr\u00e9ant un look d'une \u00e9l\u00e9gance et d'une gr\u00e2ce intemporelles qui ne manquera pas de laisser un souvenir imp\u00e9rissable. De superbes bretelles amovibles et une jupe fendue apportent une touche finale \u00e0 la fois douce et sexy.\",\"breadcrumb\":{\"@id\":\"https:\\\/\\\/www.koonings.com\\\/fr\\\/product\\\/enzoani-blue-collection-sequoia\\\/#breadcrumb\"},\"inLanguage\":\"fr-FR\",\"potentialAction\":[{\"@type\":\"ReadAction\",\"target\":[\"https:\\\/\\\/www.koonings.com\\\/fr\\\/product\\\/enzoani-blue-collection-sequoia\\\/\"]}]},{\"@type\":\"ImageObject\",\"inLanguage\":\"fr-FR\",\"@id\":\"https:\\\/\\\/www.koonings.com\\\/fr\\\/product\\\/enzoani-blue-collection-sequoia\\\/#primaryimage\",\"url\":\"https:\\\/\\\/www.koonings.com\\\/wp-content\\\/uploads\\\/2024\\\/11\\\/41232_ac92602156c0c0fa0bfa139e561fc1badc534ca18e65de2ceba55053b91bb3cac8268052.jpeg\",\"contentUrl\":\"https:\\\/\\\/www.koonings.com\\\/wp-content\\\/uploads\\\/2024\\\/11\\\/41232_ac92602156c0c0fa0bfa139e561fc1badc534ca18e65de2ceba55053b91bb3cac8268052.jpeg\",\"width\":1035,\"height\":1380},{\"@type\":\"BreadcrumbList\",\"@id\":\"https:\\\/\\\/www.koonings.com\\\/fr\\\/product\\\/enzoani-blue-collection-sequoia\\\/#breadcrumb\",\"itemListElement\":[{\"@type\":\"ListItem\",\"position\":1,\"name\":\"Home\",\"item\":\"https:\\\/\\\/www.koonings.com\\\/fr\\\/\"},{\"@type\":\"ListItem\",\"position\":2,\"name\":\"Pronovias Group Sequoia\"}]},{\"@type\":\"WebSite\",\"@id\":\"https:\\\/\\\/www.koonings.com\\\/fr\\\/#website\",\"url\":\"https:\\\/\\\/www.koonings.com\\\/fr\\\/\",\"name\":\"Koonings\",\"description\":\"De grootste bruidsmodewinkel ter wereld\",\"publisher\":{\"@id\":\"https:\\\/\\\/www.koonings.com\\\/fr\\\/#organization\"},\"potentialAction\":[{\"@type\":\"SearchAction\",\"target\":{\"@type\":\"EntryPoint\",\"urlTemplate\":\"https:\\\/\\\/www.koonings.com\\\/fr\\\/?s={search_term_string}\"},\"query-input\":{\"@type\":\"PropertyValueSpecification\",\"valueRequired\":true,\"valueName\":\"search_term_string\"}}],\"inLanguage\":\"fr-FR\"},{\"@type\":\"Organization\",\"@id\":\"https:\\\/\\\/www.koonings.com\\\/fr\\\/#organization\",\"name\":\"Koonings\",\"url\":\"https:\\\/\\\/www.koonings.com\\\/fr\\\/\",\"logo\":{\"@type\":\"ImageObject\",\"inLanguage\":\"fr-FR\",\"@id\":\"https:\\\/\\\/www.koonings.com\\\/fr\\\/#\\\/schema\\\/logo\\\/image\\\/\",\"url\":\"https:\\\/\\\/www.koonings.com\\\/wp-content\\\/uploads\\\/2024\\\/07\\\/logo.png\",\"contentUrl\":\"https:\\\/\\\/www.koonings.com\\\/wp-content\\\/uploads\\\/2024\\\/07\\\/logo.png\",\"width\":600,\"height\":428,\"caption\":\"Koonings\"},\"image\":{\"@id\":\"https:\\\/\\\/www.koonings.com\\\/fr\\\/#\\\/schema\\\/logo\\\/image\\\/\"},\"sameAs\":[\"https:\\\/\\\/www.facebook.com\\\/kooningstheweddingpalace\",\"https:\\\/\\\/www.instagram.com\\\/kooningstheweddingpalace\",\"https:\\\/\\\/www.pinterest.com\\\/koonings\",\"https:\\\/\\\/www.youtube.com\\\/kooningstheweddingpalace\"]}]}<\/script>\n<!-- \/ Yoast SEO plugin. -->","yoast_head_json":{"title":"Pronovias Group Sequoia | Koonings","description":"Entrez dans le bonheur nuptial avec SEQUOIA. Cette robe de mari\u00e9e ligne A pr\u00e9sente de magnifiques p\u00e9tales avec des paillettes et des perles g\u00e9om\u00e9triques qui ornent le corsage et s'\u00e9coulent dans le tulle scintillant et la jupe en tulle doux, cr\u00e9ant un look d'une \u00e9l\u00e9gance et d'une gr\u00e2ce intemporelles qui ne manquera pas de laisser un souvenir imp\u00e9rissable. De superbes bretelles amovibles et une jupe fendue apportent une touche finale \u00e0 la fois douce et sexy.","robots":{"index":"index","follow":"follow","max-snippet":"max-snippet:-1","max-image-preview":"max-image-preview:large","max-video-preview":"max-video-preview:-1"},"canonical":"https:\/\/www.koonings.com\/fr\/product\/enzoani-blue-collection-sequoia\/","og_locale":"fr_FR","og_type":"article","og_title":"Pronovias Group Sequoia | Koonings","og_description":"Entrez dans le bonheur nuptial avec SEQUOIA. Cette robe de mari\u00e9e ligne A pr\u00e9sente de magnifiques p\u00e9tales avec des paillettes et des perles g\u00e9om\u00e9triques qui ornent le corsage et s'\u00e9coulent dans le tulle scintillant et la jupe en tulle doux, cr\u00e9ant un look d'une \u00e9l\u00e9gance et d'une gr\u00e2ce intemporelles qui ne manquera pas de laisser un souvenir imp\u00e9rissable. De superbes bretelles amovibles et une jupe fendue apportent une touche finale \u00e0 la fois douce et sexy.","og_url":"https:\/\/www.koonings.com\/fr\/product\/enzoani-blue-collection-sequoia\/","og_site_name":"Koonings","article_publisher":"https:\/\/www.facebook.com\/kooningstheweddingpalace","og_image":[{"width":1035,"height":1380,"url":"https:\/\/www.koonings.com\/wp-content\/uploads\/2024\/11\/41232_ac92602156c0c0fa0bfa139e561fc1badc534ca18e65de2ceba55053b91bb3cac8268052.jpeg","type":"image\/jpeg"}],"twitter_card":"summary_large_image","schema":{"@context":"https:\/\/schema.org","@graph":[{"@type":"WebPage","@id":"https:\/\/www.koonings.com\/fr\/product\/enzoani-blue-collection-sequoia\/","url":"https:\/\/www.koonings.com\/fr\/product\/enzoani-blue-collection-sequoia\/","name":"Pronovias Group Sequoia | Koonings","isPartOf":{"@id":"https:\/\/www.koonings.com\/fr\/#website"},"primaryImageOfPage":{"@id":"https:\/\/www.koonings.com\/fr\/product\/enzoani-blue-collection-sequoia\/#primaryimage"},"image":{"@id":"https:\/\/www.koonings.com\/fr\/product\/enzoani-blue-collection-sequoia\/#primaryimage"},"thumbnailUrl":"https:\/\/www.koonings.com\/wp-content\/uploads\/2024\/11\/41232_ac92602156c0c0fa0bfa139e561fc1badc534ca18e65de2ceba55053b91bb3cac8268052.jpeg","datePublished":"2026-04-28T16:26:39+00:00","description":"Entrez dans le bonheur nuptial avec SEQUOIA. Cette robe de mari\u00e9e ligne A pr\u00e9sente de magnifiques p\u00e9tales avec des paillettes et des perles g\u00e9om\u00e9triques qui ornent le corsage et s'\u00e9coulent dans le tulle scintillant et la jupe en tulle doux, cr\u00e9ant un look d'une \u00e9l\u00e9gance et d'une gr\u00e2ce intemporelles qui ne manquera pas de laisser un souvenir imp\u00e9rissable. De superbes bretelles amovibles et une jupe fendue apportent une touche finale \u00e0 la fois douce et sexy.","breadcrumb":{"@id":"https:\/\/www.koonings.com\/fr\/product\/enzoani-blue-collection-sequoia\/#breadcrumb"},"inLanguage":"fr-FR","potentialAction":[{"@type":"ReadAction","target":["https:\/\/www.koonings.com\/fr\/product\/enzoani-blue-collection-sequoia\/"]}]},{"@type":"ImageObject","inLanguage":"fr-FR","@id":"https:\/\/www.koonings.com\/fr\/product\/enzoani-blue-collection-sequoia\/#primaryimage","url":"https:\/\/www.koonings.com\/wp-content\/uploads\/2024\/11\/41232_ac92602156c0c0fa0bfa139e561fc1badc534ca18e65de2ceba55053b91bb3cac8268052.jpeg","contentUrl":"https:\/\/www.koonings.com\/wp-content\/uploads\/2024\/11\/41232_ac92602156c0c0fa0bfa139e561fc1badc534ca18e65de2ceba55053b91bb3cac8268052.jpeg","width":1035,"height":1380},{"@type":"BreadcrumbList","@id":"https:\/\/www.koonings.com\/fr\/product\/enzoani-blue-collection-sequoia\/#breadcrumb","itemListElement":[{"@type":"ListItem","position":1,"name":"Home","item":"https:\/\/www.koonings.com\/fr\/"},{"@type":"ListItem","position":2,"name":"Pronovias Group Sequoia"}]},{"@type":"WebSite","@id":"https:\/\/www.koonings.com\/fr\/#website","url":"https:\/\/www.koonings.com\/fr\/","name":"Koonings","description":"De grootste bruidsmodewinkel ter wereld","publisher":{"@id":"https:\/\/www.koonings.com\/fr\/#organization"},"potentialAction":[{"@type":"SearchAction","target":{"@type":"EntryPoint","urlTemplate":"https:\/\/www.koonings.com\/fr\/?s={search_term_string}"},"query-input":{"@type":"PropertyValueSpecification","valueRequired":true,"valueName":"search_term_string"}}],"inLanguage":"fr-FR"},{"@type":"Organization","@id":"https:\/\/www.koonings.com\/fr\/#organization","name":"Koonings","url":"https:\/\/www.koonings.com\/fr\/","logo":{"@type":"ImageObject","inLanguage":"fr-FR","@id":"https:\/\/www.koonings.com\/fr\/#\/schema\/logo\/image\/","url":"https:\/\/www.koonings.com\/wp-content\/uploads\/2024\/07\/logo.png","contentUrl":"https:\/\/www.koonings.com\/wp-content\/uploads\/2024\/07\/logo.png","width":600,"height":428,"caption":"Koonings"},"image":{"@id":"https:\/\/www.koonings.com\/fr\/#\/schema\/logo\/image\/"},"sameAs":["https:\/\/www.facebook.com\/kooningstheweddingpalace","https:\/\/www.instagram.com\/kooningstheweddingpalace","https:\/\/www.pinterest.com\/koonings","https:\/\/www.youtube.com\/kooningstheweddingpalace"]}]}},"_links":{"self":[{"href":"https:\/\/www.koonings.com\/fr\/wp-json\/wp\/v2\/product\/59483","targetHints":{"allow":["GET"]}}],"collection":[{"href":"https:\/\/www.koonings.com\/fr\/wp-json\/wp\/v2\/product"}],"about":[{"href":"https:\/\/www.koonings.com\/fr\/wp-json\/wp\/v2\/types\/product"}],"wp:featuredmedia":[{"embeddable":true,"href":"https:\/\/www.koonings.com\/fr\/wp-json\/wp\/v2\/media\/51567"}],"wp:attachment":[{"href":"https:\/\/www.koonings.com\/fr\/wp-json\/wp\/v2\/media?parent=59483"}],"wp:term":[{"taxonomy":"productdetails","embeddable":true,"href":"https:\/\/www.koonings.com\/fr\/wp-json\/wp\/v2\/productdetails?post=59483"},{"taxonomy":"productneck","embeddable":true,"href":"https:\/\/www.koonings.com\/fr\/wp-json\/wp\/v2\/productneck?post=59483"},{"taxonomy":"productcolor","embeddable":true,"href":"https:\/\/www.koonings.com\/fr\/wp-json\/wp\/v2\/productcolor?post=59483"},{"taxonomy":"maat","embeddable":true,"href":"https:\/\/www.koonings.com\/fr\/wp-json\/wp\/v2\/maat?post=59483"},{"taxonomy":"productsupplier","embeddable":true,"href":"https:\/\/www.koonings.com\/fr\/wp-json\/wp\/v2\/productsupplier?post=59483"},{"taxonomy":"productsleeve","embeddable":true,"href":"https:\/\/www.koonings.com\/fr\/wp-json\/wp\/v2\/productsleeve?post=59483"},{"taxonomy":"productcategory","embeddable":true,"href":"https:\/\/www.koonings.com\/fr\/wp-json\/wp\/v2\/productcategory?post=59483"},{"taxonomy":"productsilhouette","embeddable":true,"href":"https:\/\/www.koonings.com\/fr\/wp-json\/wp\/v2\/productsilhouette?post=59483"},{"taxonomy":"productstyle","embeddable":true,"href":"https:\/\/www.koonings.com\/fr\/wp-json\/wp\/v2\/productstyle?post=59483"}],"curies":[{"name":"wp","href":"https:\/\/api.w.org\/{rel}","templated":true}]}}