{"id":59477,"date":"2026-04-14T16:28:25","date_gmt":"2026-04-14T14:28:25","guid":{"rendered":"https:\/\/www.koonings.com\/product\/enzoani-blue-collection-sienna-s\/"},"modified":"2025-06-05T13:16:08","modified_gmt":"2025-06-05T11:16:08","slug":"enzoani-blue-collection-sienna-s","status":"publish","type":"product","link":"https:\/\/www.koonings.com\/fr\/product\/enzoani-blue-collection-sienna-s\/","title":{"rendered":"Enzoani Blue collection Sienna-S"},"content":{"rendered":"<p>La robe SIENNA respire l&#8217;\u00e9l\u00e9gance discr\u00e8te, avec sa silhouette \u00e9pur\u00e9e et son design minimaliste. L&#8217;ajout d&#8217;une surjupe d\u00e9tachable et spectaculaire, orn\u00e9e d&#8217;appliques florales Mikado 3D et d&#8217;une dentelle unique avec des perles tourbillonnantes, ajoute une touche de glamour et de sophistication, parfaite pour la mari\u00e9e moderne \u00e0 la recherche d&#8217;une extravagance polyvalente pour le grand jour. De belles bretelles perl\u00e9es soutiennent le corsage soigneusement pliss\u00e9 et l&#8217;encolure flatteuse, tandis que des d\u00e9coupes lat\u00e9rales illusoires compl\u00e8tent l&#8217;aspect sexy du dos ouvert.  <\/p>\n","protected":false},"featured_media":51592,"template":"","meta":{"_acf_changed":false,"ghostkit_customizer_options":"","ghostkit_custom_css":"","ghostkit_custom_js_head":"","ghostkit_custom_js_foot":"","ghostkit_typography":""},"productdetails":[378],"productneck":[352],"productcolor":[392],"maat":[],"productsupplier":[405],"productsleeve":[359],"productcategory":[18],"productsilhouette":[384],"productstyle":[370],"class_list":["post-59477","product","type-product","status-publish","has-post-thumbnail","hentry","productdetails-378","productneck-352","productcolor-392","productsupplier-enzoani-blue-collection","productsleeve-359","productcategory-trouwjurken","productsilhouette-384","productstyle-370"],"acf":[],"yoast_head":"<!-- This site is optimized with the Yoast SEO plugin v27.3 - https:\/\/yoast.com\/product\/yoast-seo-wordpress\/ -->\n<title>Enzoani Blue collection Sienna-S | Koonings<\/title>\n<meta name=\"description\" content=\"La robe SIENNA respire l&#039;\u00e9l\u00e9gance discr\u00e8te, avec sa silhouette \u00e9pur\u00e9e et son design minimaliste. L&#039;ajout d&#039;une surjupe d\u00e9tachable et spectaculaire, orn\u00e9e d&#039;appliques florales Mikado 3D et d&#039;une dentelle unique avec des perles tourbillonnantes, ajoute une touche de glamour et de sophistication, parfaite pour la mari\u00e9e moderne \u00e0 la recherche d&#039;une extravagance polyvalente pour le grand jour. De belles bretelles perl\u00e9es soutiennent le corsage soigneusement pliss\u00e9 et l&#039;encolure flatteuse, tandis que des d\u00e9coupes lat\u00e9rales illusoires compl\u00e8tent l&#039;aspect sexy du dos ouvert.\" \/>\n<meta name=\"robots\" content=\"index, follow, max-snippet:-1, max-image-preview:large, max-video-preview:-1\" \/>\n<link rel=\"canonical\" href=\"https:\/\/www.koonings.com\/fr\/product\/enzoani-blue-collection-sienna-s\/\" \/>\n<meta property=\"og:locale\" content=\"fr_FR\" \/>\n<meta property=\"og:type\" content=\"article\" \/>\n<meta property=\"og:title\" content=\"Enzoani Blue collection Sienna-S | Koonings\" \/>\n<meta property=\"og:description\" content=\"La robe SIENNA respire l&#039;\u00e9l\u00e9gance discr\u00e8te, avec sa silhouette \u00e9pur\u00e9e et son design minimaliste. L&#039;ajout d&#039;une surjupe d\u00e9tachable et spectaculaire, orn\u00e9e d&#039;appliques florales Mikado 3D et d&#039;une dentelle unique avec des perles tourbillonnantes, ajoute une touche de glamour et de sophistication, parfaite pour la mari\u00e9e moderne \u00e0 la recherche d&#039;une extravagance polyvalente pour le grand jour. De belles bretelles perl\u00e9es soutiennent le corsage soigneusement pliss\u00e9 et l&#039;encolure flatteuse, tandis que des d\u00e9coupes lat\u00e9rales illusoires compl\u00e8tent l&#039;aspect sexy du dos ouvert.\" \/>\n<meta property=\"og:url\" content=\"https:\/\/www.koonings.com\/fr\/product\/enzoani-blue-collection-sienna-s\/\" \/>\n<meta property=\"og:site_name\" content=\"Koonings\" \/>\n<meta property=\"article:publisher\" content=\"https:\/\/www.facebook.com\/kooningstheweddingpalace\" \/>\n<meta property=\"og:image\" content=\"https:\/\/www.koonings.com\/wp-content\/uploads\/2024\/11\/41233_644f1153fc9456e050e9a649534c5e32050f02813710078175f2fc9288965d374b0f37ef.jpeg\" \/>\n\t<meta property=\"og:image:width\" content=\"1035\" \/>\n\t<meta property=\"og:image:height\" content=\"1380\" \/>\n\t<meta property=\"og:image:type\" content=\"image\/jpeg\" \/>\n<meta name=\"twitter:card\" content=\"summary_large_image\" \/>\n<script type=\"application\/ld+json\" class=\"yoast-schema-graph\">{\"@context\":\"https:\\\/\\\/schema.org\",\"@graph\":[{\"@type\":\"WebPage\",\"@id\":\"https:\\\/\\\/www.koonings.com\\\/fr\\\/product\\\/enzoani-blue-collection-sienna-s\\\/\",\"url\":\"https:\\\/\\\/www.koonings.com\\\/fr\\\/product\\\/enzoani-blue-collection-sienna-s\\\/\",\"name\":\"Enzoani Blue collection Sienna-S | Koonings\",\"isPartOf\":{\"@id\":\"https:\\\/\\\/www.koonings.com\\\/fr\\\/#website\"},\"primaryImageOfPage\":{\"@id\":\"https:\\\/\\\/www.koonings.com\\\/fr\\\/product\\\/enzoani-blue-collection-sienna-s\\\/#primaryimage\"},\"image\":{\"@id\":\"https:\\\/\\\/www.koonings.com\\\/fr\\\/product\\\/enzoani-blue-collection-sienna-s\\\/#primaryimage\"},\"thumbnailUrl\":\"https:\\\/\\\/www.koonings.com\\\/wp-content\\\/uploads\\\/2024\\\/11\\\/41233_644f1153fc9456e050e9a649534c5e32050f02813710078175f2fc9288965d374b0f37ef.jpeg\",\"datePublished\":\"2026-04-14T14:28:25+00:00\",\"description\":\"La robe SIENNA respire l'\u00e9l\u00e9gance discr\u00e8te, avec sa silhouette \u00e9pur\u00e9e et son design minimaliste. L'ajout d'une surjupe d\u00e9tachable et spectaculaire, orn\u00e9e d'appliques florales Mikado 3D et d'une dentelle unique avec des perles tourbillonnantes, ajoute une touche de glamour et de sophistication, parfaite pour la mari\u00e9e moderne \u00e0 la recherche d'une extravagance polyvalente pour le grand jour. De belles bretelles perl\u00e9es soutiennent le corsage soigneusement pliss\u00e9 et l'encolure flatteuse, tandis que des d\u00e9coupes lat\u00e9rales illusoires compl\u00e8tent l'aspect sexy du dos ouvert.\",\"breadcrumb\":{\"@id\":\"https:\\\/\\\/www.koonings.com\\\/fr\\\/product\\\/enzoani-blue-collection-sienna-s\\\/#breadcrumb\"},\"inLanguage\":\"fr-FR\",\"potentialAction\":[{\"@type\":\"ReadAction\",\"target\":[\"https:\\\/\\\/www.koonings.com\\\/fr\\\/product\\\/enzoani-blue-collection-sienna-s\\\/\"]}]},{\"@type\":\"ImageObject\",\"inLanguage\":\"fr-FR\",\"@id\":\"https:\\\/\\\/www.koonings.com\\\/fr\\\/product\\\/enzoani-blue-collection-sienna-s\\\/#primaryimage\",\"url\":\"https:\\\/\\\/www.koonings.com\\\/wp-content\\\/uploads\\\/2024\\\/11\\\/41233_644f1153fc9456e050e9a649534c5e32050f02813710078175f2fc9288965d374b0f37ef.jpeg\",\"contentUrl\":\"https:\\\/\\\/www.koonings.com\\\/wp-content\\\/uploads\\\/2024\\\/11\\\/41233_644f1153fc9456e050e9a649534c5e32050f02813710078175f2fc9288965d374b0f37ef.jpeg\",\"width\":1035,\"height\":1380},{\"@type\":\"BreadcrumbList\",\"@id\":\"https:\\\/\\\/www.koonings.com\\\/fr\\\/product\\\/enzoani-blue-collection-sienna-s\\\/#breadcrumb\",\"itemListElement\":[{\"@type\":\"ListItem\",\"position\":1,\"name\":\"Home\",\"item\":\"https:\\\/\\\/www.koonings.com\\\/fr\\\/\"},{\"@type\":\"ListItem\",\"position\":2,\"name\":\"Enzoani Blue collection Sienna-S\"}]},{\"@type\":\"WebSite\",\"@id\":\"https:\\\/\\\/www.koonings.com\\\/fr\\\/#website\",\"url\":\"https:\\\/\\\/www.koonings.com\\\/fr\\\/\",\"name\":\"Koonings\",\"description\":\"De grootste bruidsmodewinkel ter wereld\",\"publisher\":{\"@id\":\"https:\\\/\\\/www.koonings.com\\\/fr\\\/#organization\"},\"potentialAction\":[{\"@type\":\"SearchAction\",\"target\":{\"@type\":\"EntryPoint\",\"urlTemplate\":\"https:\\\/\\\/www.koonings.com\\\/fr\\\/?s={search_term_string}\"},\"query-input\":{\"@type\":\"PropertyValueSpecification\",\"valueRequired\":true,\"valueName\":\"search_term_string\"}}],\"inLanguage\":\"fr-FR\"},{\"@type\":\"Organization\",\"@id\":\"https:\\\/\\\/www.koonings.com\\\/fr\\\/#organization\",\"name\":\"Koonings\",\"url\":\"https:\\\/\\\/www.koonings.com\\\/fr\\\/\",\"logo\":{\"@type\":\"ImageObject\",\"inLanguage\":\"fr-FR\",\"@id\":\"https:\\\/\\\/www.koonings.com\\\/fr\\\/#\\\/schema\\\/logo\\\/image\\\/\",\"url\":\"https:\\\/\\\/www.koonings.com\\\/wp-content\\\/uploads\\\/2024\\\/07\\\/logo.png\",\"contentUrl\":\"https:\\\/\\\/www.koonings.com\\\/wp-content\\\/uploads\\\/2024\\\/07\\\/logo.png\",\"width\":600,\"height\":428,\"caption\":\"Koonings\"},\"image\":{\"@id\":\"https:\\\/\\\/www.koonings.com\\\/fr\\\/#\\\/schema\\\/logo\\\/image\\\/\"},\"sameAs\":[\"https:\\\/\\\/www.facebook.com\\\/kooningstheweddingpalace\",\"https:\\\/\\\/www.instagram.com\\\/kooningstheweddingpalace\",\"https:\\\/\\\/www.pinterest.com\\\/koonings\",\"https:\\\/\\\/www.youtube.com\\\/kooningstheweddingpalace\"]}]}<\/script>\n<!-- \/ Yoast SEO plugin. -->","yoast_head_json":{"title":"Enzoani Blue collection Sienna-S | Koonings","description":"La robe SIENNA respire l'\u00e9l\u00e9gance discr\u00e8te, avec sa silhouette \u00e9pur\u00e9e et son design minimaliste. L'ajout d'une surjupe d\u00e9tachable et spectaculaire, orn\u00e9e d'appliques florales Mikado 3D et d'une dentelle unique avec des perles tourbillonnantes, ajoute une touche de glamour et de sophistication, parfaite pour la mari\u00e9e moderne \u00e0 la recherche d'une extravagance polyvalente pour le grand jour. De belles bretelles perl\u00e9es soutiennent le corsage soigneusement pliss\u00e9 et l'encolure flatteuse, tandis que des d\u00e9coupes lat\u00e9rales illusoires compl\u00e8tent l'aspect sexy du dos ouvert.","robots":{"index":"index","follow":"follow","max-snippet":"max-snippet:-1","max-image-preview":"max-image-preview:large","max-video-preview":"max-video-preview:-1"},"canonical":"https:\/\/www.koonings.com\/fr\/product\/enzoani-blue-collection-sienna-s\/","og_locale":"fr_FR","og_type":"article","og_title":"Enzoani Blue collection Sienna-S | Koonings","og_description":"La robe SIENNA respire l'\u00e9l\u00e9gance discr\u00e8te, avec sa silhouette \u00e9pur\u00e9e et son design minimaliste. L'ajout d'une surjupe d\u00e9tachable et spectaculaire, orn\u00e9e d'appliques florales Mikado 3D et d'une dentelle unique avec des perles tourbillonnantes, ajoute une touche de glamour et de sophistication, parfaite pour la mari\u00e9e moderne \u00e0 la recherche d'une extravagance polyvalente pour le grand jour. De belles bretelles perl\u00e9es soutiennent le corsage soigneusement pliss\u00e9 et l'encolure flatteuse, tandis que des d\u00e9coupes lat\u00e9rales illusoires compl\u00e8tent l'aspect sexy du dos ouvert.","og_url":"https:\/\/www.koonings.com\/fr\/product\/enzoani-blue-collection-sienna-s\/","og_site_name":"Koonings","article_publisher":"https:\/\/www.facebook.com\/kooningstheweddingpalace","og_image":[{"width":1035,"height":1380,"url":"https:\/\/www.koonings.com\/wp-content\/uploads\/2024\/11\/41233_644f1153fc9456e050e9a649534c5e32050f02813710078175f2fc9288965d374b0f37ef.jpeg","type":"image\/jpeg"}],"twitter_card":"summary_large_image","schema":{"@context":"https:\/\/schema.org","@graph":[{"@type":"WebPage","@id":"https:\/\/www.koonings.com\/fr\/product\/enzoani-blue-collection-sienna-s\/","url":"https:\/\/www.koonings.com\/fr\/product\/enzoani-blue-collection-sienna-s\/","name":"Enzoani Blue collection Sienna-S | Koonings","isPartOf":{"@id":"https:\/\/www.koonings.com\/fr\/#website"},"primaryImageOfPage":{"@id":"https:\/\/www.koonings.com\/fr\/product\/enzoani-blue-collection-sienna-s\/#primaryimage"},"image":{"@id":"https:\/\/www.koonings.com\/fr\/product\/enzoani-blue-collection-sienna-s\/#primaryimage"},"thumbnailUrl":"https:\/\/www.koonings.com\/wp-content\/uploads\/2024\/11\/41233_644f1153fc9456e050e9a649534c5e32050f02813710078175f2fc9288965d374b0f37ef.jpeg","datePublished":"2026-04-14T14:28:25+00:00","description":"La robe SIENNA respire l'\u00e9l\u00e9gance discr\u00e8te, avec sa silhouette \u00e9pur\u00e9e et son design minimaliste. L'ajout d'une surjupe d\u00e9tachable et spectaculaire, orn\u00e9e d'appliques florales Mikado 3D et d'une dentelle unique avec des perles tourbillonnantes, ajoute une touche de glamour et de sophistication, parfaite pour la mari\u00e9e moderne \u00e0 la recherche d'une extravagance polyvalente pour le grand jour. De belles bretelles perl\u00e9es soutiennent le corsage soigneusement pliss\u00e9 et l'encolure flatteuse, tandis que des d\u00e9coupes lat\u00e9rales illusoires compl\u00e8tent l'aspect sexy du dos ouvert.","breadcrumb":{"@id":"https:\/\/www.koonings.com\/fr\/product\/enzoani-blue-collection-sienna-s\/#breadcrumb"},"inLanguage":"fr-FR","potentialAction":[{"@type":"ReadAction","target":["https:\/\/www.koonings.com\/fr\/product\/enzoani-blue-collection-sienna-s\/"]}]},{"@type":"ImageObject","inLanguage":"fr-FR","@id":"https:\/\/www.koonings.com\/fr\/product\/enzoani-blue-collection-sienna-s\/#primaryimage","url":"https:\/\/www.koonings.com\/wp-content\/uploads\/2024\/11\/41233_644f1153fc9456e050e9a649534c5e32050f02813710078175f2fc9288965d374b0f37ef.jpeg","contentUrl":"https:\/\/www.koonings.com\/wp-content\/uploads\/2024\/11\/41233_644f1153fc9456e050e9a649534c5e32050f02813710078175f2fc9288965d374b0f37ef.jpeg","width":1035,"height":1380},{"@type":"BreadcrumbList","@id":"https:\/\/www.koonings.com\/fr\/product\/enzoani-blue-collection-sienna-s\/#breadcrumb","itemListElement":[{"@type":"ListItem","position":1,"name":"Home","item":"https:\/\/www.koonings.com\/fr\/"},{"@type":"ListItem","position":2,"name":"Enzoani Blue collection Sienna-S"}]},{"@type":"WebSite","@id":"https:\/\/www.koonings.com\/fr\/#website","url":"https:\/\/www.koonings.com\/fr\/","name":"Koonings","description":"De grootste bruidsmodewinkel ter wereld","publisher":{"@id":"https:\/\/www.koonings.com\/fr\/#organization"},"potentialAction":[{"@type":"SearchAction","target":{"@type":"EntryPoint","urlTemplate":"https:\/\/www.koonings.com\/fr\/?s={search_term_string}"},"query-input":{"@type":"PropertyValueSpecification","valueRequired":true,"valueName":"search_term_string"}}],"inLanguage":"fr-FR"},{"@type":"Organization","@id":"https:\/\/www.koonings.com\/fr\/#organization","name":"Koonings","url":"https:\/\/www.koonings.com\/fr\/","logo":{"@type":"ImageObject","inLanguage":"fr-FR","@id":"https:\/\/www.koonings.com\/fr\/#\/schema\/logo\/image\/","url":"https:\/\/www.koonings.com\/wp-content\/uploads\/2024\/07\/logo.png","contentUrl":"https:\/\/www.koonings.com\/wp-content\/uploads\/2024\/07\/logo.png","width":600,"height":428,"caption":"Koonings"},"image":{"@id":"https:\/\/www.koonings.com\/fr\/#\/schema\/logo\/image\/"},"sameAs":["https:\/\/www.facebook.com\/kooningstheweddingpalace","https:\/\/www.instagram.com\/kooningstheweddingpalace","https:\/\/www.pinterest.com\/koonings","https:\/\/www.youtube.com\/kooningstheweddingpalace"]}]}},"_links":{"self":[{"href":"https:\/\/www.koonings.com\/fr\/wp-json\/wp\/v2\/product\/59477","targetHints":{"allow":["GET"]}}],"collection":[{"href":"https:\/\/www.koonings.com\/fr\/wp-json\/wp\/v2\/product"}],"about":[{"href":"https:\/\/www.koonings.com\/fr\/wp-json\/wp\/v2\/types\/product"}],"wp:featuredmedia":[{"embeddable":true,"href":"https:\/\/www.koonings.com\/fr\/wp-json\/wp\/v2\/media\/51592"}],"wp:attachment":[{"href":"https:\/\/www.koonings.com\/fr\/wp-json\/wp\/v2\/media?parent=59477"}],"wp:term":[{"taxonomy":"productdetails","embeddable":true,"href":"https:\/\/www.koonings.com\/fr\/wp-json\/wp\/v2\/productdetails?post=59477"},{"taxonomy":"productneck","embeddable":true,"href":"https:\/\/www.koonings.com\/fr\/wp-json\/wp\/v2\/productneck?post=59477"},{"taxonomy":"productcolor","embeddable":true,"href":"https:\/\/www.koonings.com\/fr\/wp-json\/wp\/v2\/productcolor?post=59477"},{"taxonomy":"maat","embeddable":true,"href":"https:\/\/www.koonings.com\/fr\/wp-json\/wp\/v2\/maat?post=59477"},{"taxonomy":"productsupplier","embeddable":true,"href":"https:\/\/www.koonings.com\/fr\/wp-json\/wp\/v2\/productsupplier?post=59477"},{"taxonomy":"productsleeve","embeddable":true,"href":"https:\/\/www.koonings.com\/fr\/wp-json\/wp\/v2\/productsleeve?post=59477"},{"taxonomy":"productcategory","embeddable":true,"href":"https:\/\/www.koonings.com\/fr\/wp-json\/wp\/v2\/productcategory?post=59477"},{"taxonomy":"productsilhouette","embeddable":true,"href":"https:\/\/www.koonings.com\/fr\/wp-json\/wp\/v2\/productsilhouette?post=59477"},{"taxonomy":"productstyle","embeddable":true,"href":"https:\/\/www.koonings.com\/fr\/wp-json\/wp\/v2\/productstyle?post=59477"}],"curies":[{"name":"wp","href":"https:\/\/api.w.org\/{rel}","templated":true}]}}