{"id":59476,"date":"2025-12-15T00:42:16","date_gmt":"2025-12-14T23:42:16","guid":{"rendered":"https:\/\/www.koonings.com\/product\/enzoani-uliana\/"},"modified":"2026-02-03T18:54:26","modified_gmt":"2026-02-03T17:54:26","slug":"enzoani-uliana","status":"publish","type":"product","link":"https:\/\/www.koonings.com\/fr\/product\/enzoani-uliana\/","title":{"rendered":"Enzoani Uliana"},"content":{"rendered":"<p>Faites preuve de sophistication avec cette robe de bal de r\u00eave de Mikado, Uliana. Cette beaut\u00e9 nuptiale pr\u00e9sente un d\u00e9collet\u00e9 romantique en c\u0153ur avec des bretelles amovibles et une jupe volumineuse rehauss\u00e9e de fleurs en 3D \u00e0 la taille. Le magnifique drap\u00e9 du corsage se fond dans les plis de la jupe pour un effet f\u00e9erique.  <\/p>\n","protected":false},"featured_media":51634,"template":"","meta":{"_acf_changed":false,"ghostkit_customizer_options":"","ghostkit_custom_css":"","ghostkit_custom_js_head":"","ghostkit_custom_js_foot":"","ghostkit_typography":""},"productdetails":[379],"productneck":[354,355],"productcolor":[392],"maat":[],"productsupplier":[406],"productsleeve":[363],"productcategory":[18],"productsilhouette":[388],"productstyle":[372],"class_list":["post-59476","product","type-product","status-publish","has-post-thumbnail","hentry","productdetails-379","productneck-354","productneck-355","productcolor-392","productsupplier-enzoani","productsleeve-363","productcategory-trouwjurken","productsilhouette-388","productstyle-372"],"acf":[],"yoast_head":"<!-- This site is optimized with the Yoast SEO plugin v27.3 - https:\/\/yoast.com\/product\/yoast-seo-wordpress\/ -->\n<title>Enzoani Uliana | Koonings<\/title>\n<meta name=\"description\" content=\"Faites preuve de sophistication avec cette robe de bal de r\u00eave de Mikado, Uliana. Cette beaut\u00e9 nuptiale pr\u00e9sente un d\u00e9collet\u00e9 romantique en c\u0153ur avec des bretelles amovibles et une jupe volumineuse rehauss\u00e9e de fleurs en 3D \u00e0 la taille. Le magnifique drap\u00e9 du corsage se fond dans les plis de la jupe pour un effet f\u00e9erique.\" \/>\n<meta name=\"robots\" content=\"index, follow, max-snippet:-1, max-image-preview:large, max-video-preview:-1\" \/>\n<link rel=\"canonical\" href=\"https:\/\/www.koonings.com\/fr\/product\/enzoani-uliana\/\" \/>\n<meta property=\"og:locale\" content=\"fr_FR\" \/>\n<meta property=\"og:type\" content=\"article\" \/>\n<meta property=\"og:title\" content=\"Enzoani Uliana | Koonings\" \/>\n<meta property=\"og:description\" content=\"Faites preuve de sophistication avec cette robe de bal de r\u00eave de Mikado, Uliana. Cette beaut\u00e9 nuptiale pr\u00e9sente un d\u00e9collet\u00e9 romantique en c\u0153ur avec des bretelles amovibles et une jupe volumineuse rehauss\u00e9e de fleurs en 3D \u00e0 la taille. Le magnifique drap\u00e9 du corsage se fond dans les plis de la jupe pour un effet f\u00e9erique.\" \/>\n<meta property=\"og:url\" content=\"https:\/\/www.koonings.com\/fr\/product\/enzoani-uliana\/\" \/>\n<meta property=\"og:site_name\" content=\"Koonings\" \/>\n<meta property=\"article:publisher\" content=\"https:\/\/www.facebook.com\/kooningstheweddingpalace\" \/>\n<meta property=\"article:modified_time\" content=\"2026-02-03T17:54:26+00:00\" \/>\n<meta property=\"og:image\" content=\"https:\/\/www.koonings.com\/wp-content\/uploads\/2024\/11\/41257_fcef04de8a0d701d3d32f501407de6c3bfd5317dde89b2d24e76ab39cea3f9b78925da6e.jpeg\" \/>\n\t<meta property=\"og:image:width\" content=\"1035\" \/>\n\t<meta property=\"og:image:height\" content=\"1380\" \/>\n\t<meta property=\"og:image:type\" content=\"image\/jpeg\" \/>\n<meta name=\"twitter:card\" content=\"summary_large_image\" \/>\n<script type=\"application\/ld+json\" class=\"yoast-schema-graph\">{\"@context\":\"https:\\\/\\\/schema.org\",\"@graph\":[{\"@type\":\"WebPage\",\"@id\":\"https:\\\/\\\/www.koonings.com\\\/fr\\\/product\\\/enzoani-uliana\\\/\",\"url\":\"https:\\\/\\\/www.koonings.com\\\/fr\\\/product\\\/enzoani-uliana\\\/\",\"name\":\"Enzoani Uliana | Koonings\",\"isPartOf\":{\"@id\":\"https:\\\/\\\/www.koonings.com\\\/fr\\\/#website\"},\"primaryImageOfPage\":{\"@id\":\"https:\\\/\\\/www.koonings.com\\\/fr\\\/product\\\/enzoani-uliana\\\/#primaryimage\"},\"image\":{\"@id\":\"https:\\\/\\\/www.koonings.com\\\/fr\\\/product\\\/enzoani-uliana\\\/#primaryimage\"},\"thumbnailUrl\":\"https:\\\/\\\/www.koonings.com\\\/wp-content\\\/uploads\\\/2024\\\/11\\\/41257_fcef04de8a0d701d3d32f501407de6c3bfd5317dde89b2d24e76ab39cea3f9b78925da6e.jpeg\",\"datePublished\":\"2025-12-14T23:42:16+00:00\",\"dateModified\":\"2026-02-03T17:54:26+00:00\",\"description\":\"Faites preuve de sophistication avec cette robe de bal de r\u00eave de Mikado, Uliana. Cette beaut\u00e9 nuptiale pr\u00e9sente un d\u00e9collet\u00e9 romantique en c\u0153ur avec des bretelles amovibles et une jupe volumineuse rehauss\u00e9e de fleurs en 3D \u00e0 la taille. Le magnifique drap\u00e9 du corsage se fond dans les plis de la jupe pour un effet f\u00e9erique.\",\"breadcrumb\":{\"@id\":\"https:\\\/\\\/www.koonings.com\\\/fr\\\/product\\\/enzoani-uliana\\\/#breadcrumb\"},\"inLanguage\":\"fr-FR\",\"potentialAction\":[{\"@type\":\"ReadAction\",\"target\":[\"https:\\\/\\\/www.koonings.com\\\/fr\\\/product\\\/enzoani-uliana\\\/\"]}]},{\"@type\":\"ImageObject\",\"inLanguage\":\"fr-FR\",\"@id\":\"https:\\\/\\\/www.koonings.com\\\/fr\\\/product\\\/enzoani-uliana\\\/#primaryimage\",\"url\":\"https:\\\/\\\/www.koonings.com\\\/wp-content\\\/uploads\\\/2024\\\/11\\\/41257_fcef04de8a0d701d3d32f501407de6c3bfd5317dde89b2d24e76ab39cea3f9b78925da6e.jpeg\",\"contentUrl\":\"https:\\\/\\\/www.koonings.com\\\/wp-content\\\/uploads\\\/2024\\\/11\\\/41257_fcef04de8a0d701d3d32f501407de6c3bfd5317dde89b2d24e76ab39cea3f9b78925da6e.jpeg\",\"width\":1035,\"height\":1380},{\"@type\":\"BreadcrumbList\",\"@id\":\"https:\\\/\\\/www.koonings.com\\\/fr\\\/product\\\/enzoani-uliana\\\/#breadcrumb\",\"itemListElement\":[{\"@type\":\"ListItem\",\"position\":1,\"name\":\"Home\",\"item\":\"https:\\\/\\\/www.koonings.com\\\/fr\\\/\"},{\"@type\":\"ListItem\",\"position\":2,\"name\":\"Enzoani Uliana\"}]},{\"@type\":\"WebSite\",\"@id\":\"https:\\\/\\\/www.koonings.com\\\/fr\\\/#website\",\"url\":\"https:\\\/\\\/www.koonings.com\\\/fr\\\/\",\"name\":\"Koonings\",\"description\":\"De grootste bruidsmodewinkel ter wereld\",\"publisher\":{\"@id\":\"https:\\\/\\\/www.koonings.com\\\/fr\\\/#organization\"},\"potentialAction\":[{\"@type\":\"SearchAction\",\"target\":{\"@type\":\"EntryPoint\",\"urlTemplate\":\"https:\\\/\\\/www.koonings.com\\\/fr\\\/?s={search_term_string}\"},\"query-input\":{\"@type\":\"PropertyValueSpecification\",\"valueRequired\":true,\"valueName\":\"search_term_string\"}}],\"inLanguage\":\"fr-FR\"},{\"@type\":\"Organization\",\"@id\":\"https:\\\/\\\/www.koonings.com\\\/fr\\\/#organization\",\"name\":\"Koonings\",\"url\":\"https:\\\/\\\/www.koonings.com\\\/fr\\\/\",\"logo\":{\"@type\":\"ImageObject\",\"inLanguage\":\"fr-FR\",\"@id\":\"https:\\\/\\\/www.koonings.com\\\/fr\\\/#\\\/schema\\\/logo\\\/image\\\/\",\"url\":\"https:\\\/\\\/www.koonings.com\\\/wp-content\\\/uploads\\\/2024\\\/07\\\/logo.png\",\"contentUrl\":\"https:\\\/\\\/www.koonings.com\\\/wp-content\\\/uploads\\\/2024\\\/07\\\/logo.png\",\"width\":600,\"height\":428,\"caption\":\"Koonings\"},\"image\":{\"@id\":\"https:\\\/\\\/www.koonings.com\\\/fr\\\/#\\\/schema\\\/logo\\\/image\\\/\"},\"sameAs\":[\"https:\\\/\\\/www.facebook.com\\\/kooningstheweddingpalace\",\"https:\\\/\\\/www.instagram.com\\\/kooningstheweddingpalace\",\"https:\\\/\\\/www.pinterest.com\\\/koonings\",\"https:\\\/\\\/www.youtube.com\\\/kooningstheweddingpalace\"]}]}<\/script>\n<!-- \/ Yoast SEO plugin. -->","yoast_head_json":{"title":"Enzoani Uliana | Koonings","description":"Faites preuve de sophistication avec cette robe de bal de r\u00eave de Mikado, Uliana. Cette beaut\u00e9 nuptiale pr\u00e9sente un d\u00e9collet\u00e9 romantique en c\u0153ur avec des bretelles amovibles et une jupe volumineuse rehauss\u00e9e de fleurs en 3D \u00e0 la taille. Le magnifique drap\u00e9 du corsage se fond dans les plis de la jupe pour un effet f\u00e9erique.","robots":{"index":"index","follow":"follow","max-snippet":"max-snippet:-1","max-image-preview":"max-image-preview:large","max-video-preview":"max-video-preview:-1"},"canonical":"https:\/\/www.koonings.com\/fr\/product\/enzoani-uliana\/","og_locale":"fr_FR","og_type":"article","og_title":"Enzoani Uliana | Koonings","og_description":"Faites preuve de sophistication avec cette robe de bal de r\u00eave de Mikado, Uliana. Cette beaut\u00e9 nuptiale pr\u00e9sente un d\u00e9collet\u00e9 romantique en c\u0153ur avec des bretelles amovibles et une jupe volumineuse rehauss\u00e9e de fleurs en 3D \u00e0 la taille. Le magnifique drap\u00e9 du corsage se fond dans les plis de la jupe pour un effet f\u00e9erique.","og_url":"https:\/\/www.koonings.com\/fr\/product\/enzoani-uliana\/","og_site_name":"Koonings","article_publisher":"https:\/\/www.facebook.com\/kooningstheweddingpalace","article_modified_time":"2026-02-03T17:54:26+00:00","og_image":[{"width":1035,"height":1380,"url":"https:\/\/www.koonings.com\/wp-content\/uploads\/2024\/11\/41257_fcef04de8a0d701d3d32f501407de6c3bfd5317dde89b2d24e76ab39cea3f9b78925da6e.jpeg","type":"image\/jpeg"}],"twitter_card":"summary_large_image","schema":{"@context":"https:\/\/schema.org","@graph":[{"@type":"WebPage","@id":"https:\/\/www.koonings.com\/fr\/product\/enzoani-uliana\/","url":"https:\/\/www.koonings.com\/fr\/product\/enzoani-uliana\/","name":"Enzoani Uliana | Koonings","isPartOf":{"@id":"https:\/\/www.koonings.com\/fr\/#website"},"primaryImageOfPage":{"@id":"https:\/\/www.koonings.com\/fr\/product\/enzoani-uliana\/#primaryimage"},"image":{"@id":"https:\/\/www.koonings.com\/fr\/product\/enzoani-uliana\/#primaryimage"},"thumbnailUrl":"https:\/\/www.koonings.com\/wp-content\/uploads\/2024\/11\/41257_fcef04de8a0d701d3d32f501407de6c3bfd5317dde89b2d24e76ab39cea3f9b78925da6e.jpeg","datePublished":"2025-12-14T23:42:16+00:00","dateModified":"2026-02-03T17:54:26+00:00","description":"Faites preuve de sophistication avec cette robe de bal de r\u00eave de Mikado, Uliana. Cette beaut\u00e9 nuptiale pr\u00e9sente un d\u00e9collet\u00e9 romantique en c\u0153ur avec des bretelles amovibles et une jupe volumineuse rehauss\u00e9e de fleurs en 3D \u00e0 la taille. Le magnifique drap\u00e9 du corsage se fond dans les plis de la jupe pour un effet f\u00e9erique.","breadcrumb":{"@id":"https:\/\/www.koonings.com\/fr\/product\/enzoani-uliana\/#breadcrumb"},"inLanguage":"fr-FR","potentialAction":[{"@type":"ReadAction","target":["https:\/\/www.koonings.com\/fr\/product\/enzoani-uliana\/"]}]},{"@type":"ImageObject","inLanguage":"fr-FR","@id":"https:\/\/www.koonings.com\/fr\/product\/enzoani-uliana\/#primaryimage","url":"https:\/\/www.koonings.com\/wp-content\/uploads\/2024\/11\/41257_fcef04de8a0d701d3d32f501407de6c3bfd5317dde89b2d24e76ab39cea3f9b78925da6e.jpeg","contentUrl":"https:\/\/www.koonings.com\/wp-content\/uploads\/2024\/11\/41257_fcef04de8a0d701d3d32f501407de6c3bfd5317dde89b2d24e76ab39cea3f9b78925da6e.jpeg","width":1035,"height":1380},{"@type":"BreadcrumbList","@id":"https:\/\/www.koonings.com\/fr\/product\/enzoani-uliana\/#breadcrumb","itemListElement":[{"@type":"ListItem","position":1,"name":"Home","item":"https:\/\/www.koonings.com\/fr\/"},{"@type":"ListItem","position":2,"name":"Enzoani Uliana"}]},{"@type":"WebSite","@id":"https:\/\/www.koonings.com\/fr\/#website","url":"https:\/\/www.koonings.com\/fr\/","name":"Koonings","description":"De grootste bruidsmodewinkel ter wereld","publisher":{"@id":"https:\/\/www.koonings.com\/fr\/#organization"},"potentialAction":[{"@type":"SearchAction","target":{"@type":"EntryPoint","urlTemplate":"https:\/\/www.koonings.com\/fr\/?s={search_term_string}"},"query-input":{"@type":"PropertyValueSpecification","valueRequired":true,"valueName":"search_term_string"}}],"inLanguage":"fr-FR"},{"@type":"Organization","@id":"https:\/\/www.koonings.com\/fr\/#organization","name":"Koonings","url":"https:\/\/www.koonings.com\/fr\/","logo":{"@type":"ImageObject","inLanguage":"fr-FR","@id":"https:\/\/www.koonings.com\/fr\/#\/schema\/logo\/image\/","url":"https:\/\/www.koonings.com\/wp-content\/uploads\/2024\/07\/logo.png","contentUrl":"https:\/\/www.koonings.com\/wp-content\/uploads\/2024\/07\/logo.png","width":600,"height":428,"caption":"Koonings"},"image":{"@id":"https:\/\/www.koonings.com\/fr\/#\/schema\/logo\/image\/"},"sameAs":["https:\/\/www.facebook.com\/kooningstheweddingpalace","https:\/\/www.instagram.com\/kooningstheweddingpalace","https:\/\/www.pinterest.com\/koonings","https:\/\/www.youtube.com\/kooningstheweddingpalace"]}]}},"_links":{"self":[{"href":"https:\/\/www.koonings.com\/fr\/wp-json\/wp\/v2\/product\/59476","targetHints":{"allow":["GET"]}}],"collection":[{"href":"https:\/\/www.koonings.com\/fr\/wp-json\/wp\/v2\/product"}],"about":[{"href":"https:\/\/www.koonings.com\/fr\/wp-json\/wp\/v2\/types\/product"}],"wp:featuredmedia":[{"embeddable":true,"href":"https:\/\/www.koonings.com\/fr\/wp-json\/wp\/v2\/media\/51634"}],"wp:attachment":[{"href":"https:\/\/www.koonings.com\/fr\/wp-json\/wp\/v2\/media?parent=59476"}],"wp:term":[{"taxonomy":"productdetails","embeddable":true,"href":"https:\/\/www.koonings.com\/fr\/wp-json\/wp\/v2\/productdetails?post=59476"},{"taxonomy":"productneck","embeddable":true,"href":"https:\/\/www.koonings.com\/fr\/wp-json\/wp\/v2\/productneck?post=59476"},{"taxonomy":"productcolor","embeddable":true,"href":"https:\/\/www.koonings.com\/fr\/wp-json\/wp\/v2\/productcolor?post=59476"},{"taxonomy":"maat","embeddable":true,"href":"https:\/\/www.koonings.com\/fr\/wp-json\/wp\/v2\/maat?post=59476"},{"taxonomy":"productsupplier","embeddable":true,"href":"https:\/\/www.koonings.com\/fr\/wp-json\/wp\/v2\/productsupplier?post=59476"},{"taxonomy":"productsleeve","embeddable":true,"href":"https:\/\/www.koonings.com\/fr\/wp-json\/wp\/v2\/productsleeve?post=59476"},{"taxonomy":"productcategory","embeddable":true,"href":"https:\/\/www.koonings.com\/fr\/wp-json\/wp\/v2\/productcategory?post=59476"},{"taxonomy":"productsilhouette","embeddable":true,"href":"https:\/\/www.koonings.com\/fr\/wp-json\/wp\/v2\/productsilhouette?post=59476"},{"taxonomy":"productstyle","embeddable":true,"href":"https:\/\/www.koonings.com\/fr\/wp-json\/wp\/v2\/productstyle?post=59476"}],"curies":[{"name":"wp","href":"https:\/\/api.w.org\/{rel}","templated":true}]}}