{"id":59471,"date":"2026-04-28T18:26:44","date_gmt":"2026-04-28T16:26:44","guid":{"rendered":"https:\/\/www.koonings.com\/product\/enzoani-udelia-2\/"},"modified":"2026-02-16T14:42:55","modified_gmt":"2026-02-16T13:42:55","slug":"enzoani-udelia-2","status":"publish","type":"product","link":"https:\/\/www.koonings.com\/fr\/product\/enzoani-udelia-2\/","title":{"rendered":"Enzoani Udelia"},"content":{"rendered":"<p>Entrez dans l&#8217;\u00e9l\u00e9gance intemporelle avec cette robe de bal \u00e9th\u00e9r\u00e9e transform\u00e9e en robe fourreau, orn\u00e9e de fleurs 3D \u00e9poustouflantes et d&#8217;un d\u00e9collet\u00e9 magnifiquement dessin\u00e9. Elle \u00e9voque une aura de romantisme digne d&#8217;un mariage de conte de f\u00e9es, vous faisant vous sentir royale. L&#8217;extravagante surjupe amovible qui coiffe la fine silhouette de sir\u00e8ne cr\u00e9e deux looks \u00e9poustouflants en un, et une transition parfaite entre la c\u00e9r\u00e9monie et la r\u00e9ception.  <\/p>\n","protected":false},"featured_media":51601,"template":"","meta":{"_acf_changed":false,"ghostkit_customizer_options":"","ghostkit_custom_css":"","ghostkit_custom_js_head":"","ghostkit_custom_js_foot":"","ghostkit_typography":""},"productdetails":[379],"productneck":[354],"productcolor":[392],"maat":[],"productsupplier":[406],"productsleeve":[358],"productcategory":[18],"productsilhouette":[387],"productstyle":[372],"class_list":["post-59471","product","type-product","status-publish","has-post-thumbnail","hentry","productdetails-379","productneck-354","productcolor-392","productsupplier-enzoani","productsleeve-358","productcategory-trouwjurken","productsilhouette-387","productstyle-372"],"acf":[],"yoast_head":"<!-- This site is optimized with the Yoast SEO plugin v27.3 - https:\/\/yoast.com\/product\/yoast-seo-wordpress\/ -->\n<title>Enzoani Udelia | Koonings<\/title>\n<meta name=\"description\" content=\"Entrez dans l&#039;\u00e9l\u00e9gance intemporelle avec cette robe de bal \u00e9th\u00e9r\u00e9e transform\u00e9e en robe fourreau, orn\u00e9e de fleurs 3D \u00e9poustouflantes et d&#039;un d\u00e9collet\u00e9 magnifiquement dessin\u00e9. Elle \u00e9voque une aura de romantisme digne d&#039;un mariage de conte de f\u00e9es, vous faisant vous sentir royale. L&#039;extravagante surjupe amovible qui coiffe la fine silhouette de sir\u00e8ne cr\u00e9e deux looks \u00e9poustouflants en un, et une transition parfaite entre la c\u00e9r\u00e9monie et la r\u00e9ception.\" \/>\n<meta name=\"robots\" content=\"index, follow, max-snippet:-1, max-image-preview:large, max-video-preview:-1\" \/>\n<link rel=\"canonical\" href=\"https:\/\/www.koonings.com\/fr\/product\/enzoani-udelia-2\/\" \/>\n<meta property=\"og:locale\" content=\"fr_FR\" \/>\n<meta property=\"og:type\" content=\"article\" \/>\n<meta property=\"og:title\" content=\"Enzoani Udelia | Koonings\" \/>\n<meta property=\"og:description\" content=\"Entrez dans l&#039;\u00e9l\u00e9gance intemporelle avec cette robe de bal \u00e9th\u00e9r\u00e9e transform\u00e9e en robe fourreau, orn\u00e9e de fleurs 3D \u00e9poustouflantes et d&#039;un d\u00e9collet\u00e9 magnifiquement dessin\u00e9. Elle \u00e9voque une aura de romantisme digne d&#039;un mariage de conte de f\u00e9es, vous faisant vous sentir royale. L&#039;extravagante surjupe amovible qui coiffe la fine silhouette de sir\u00e8ne cr\u00e9e deux looks \u00e9poustouflants en un, et une transition parfaite entre la c\u00e9r\u00e9monie et la r\u00e9ception.\" \/>\n<meta property=\"og:url\" content=\"https:\/\/www.koonings.com\/fr\/product\/enzoani-udelia-2\/\" \/>\n<meta property=\"og:site_name\" content=\"Koonings\" \/>\n<meta property=\"article:publisher\" content=\"https:\/\/www.facebook.com\/kooningstheweddingpalace\" \/>\n<meta property=\"og:image\" content=\"https:\/\/www.koonings.com\/wp-content\/uploads\/2024\/11\/41255_c59449d5b6120b18d8992e404c634765670622018ec6f66b3f73fabed48ff4b0efb1b953.jpeg\" \/>\n\t<meta property=\"og:image:width\" content=\"1035\" \/>\n\t<meta property=\"og:image:height\" content=\"1380\" \/>\n\t<meta property=\"og:image:type\" content=\"image\/jpeg\" \/>\n<meta name=\"twitter:card\" content=\"summary_large_image\" \/>\n<script type=\"application\/ld+json\" class=\"yoast-schema-graph\">{\"@context\":\"https:\\\/\\\/schema.org\",\"@graph\":[{\"@type\":\"WebPage\",\"@id\":\"https:\\\/\\\/www.koonings.com\\\/fr\\\/product\\\/enzoani-udelia-2\\\/\",\"url\":\"https:\\\/\\\/www.koonings.com\\\/fr\\\/product\\\/enzoani-udelia-2\\\/\",\"name\":\"Enzoani Udelia | Koonings\",\"isPartOf\":{\"@id\":\"https:\\\/\\\/www.koonings.com\\\/fr\\\/#website\"},\"primaryImageOfPage\":{\"@id\":\"https:\\\/\\\/www.koonings.com\\\/fr\\\/product\\\/enzoani-udelia-2\\\/#primaryimage\"},\"image\":{\"@id\":\"https:\\\/\\\/www.koonings.com\\\/fr\\\/product\\\/enzoani-udelia-2\\\/#primaryimage\"},\"thumbnailUrl\":\"https:\\\/\\\/www.koonings.com\\\/wp-content\\\/uploads\\\/2024\\\/11\\\/41255_c59449d5b6120b18d8992e404c634765670622018ec6f66b3f73fabed48ff4b0efb1b953.jpeg\",\"datePublished\":\"2026-04-28T16:26:44+00:00\",\"description\":\"Entrez dans l'\u00e9l\u00e9gance intemporelle avec cette robe de bal \u00e9th\u00e9r\u00e9e transform\u00e9e en robe fourreau, orn\u00e9e de fleurs 3D \u00e9poustouflantes et d'un d\u00e9collet\u00e9 magnifiquement dessin\u00e9. Elle \u00e9voque une aura de romantisme digne d'un mariage de conte de f\u00e9es, vous faisant vous sentir royale. L'extravagante surjupe amovible qui coiffe la fine silhouette de sir\u00e8ne cr\u00e9e deux looks \u00e9poustouflants en un, et une transition parfaite entre la c\u00e9r\u00e9monie et la r\u00e9ception.\",\"breadcrumb\":{\"@id\":\"https:\\\/\\\/www.koonings.com\\\/fr\\\/product\\\/enzoani-udelia-2\\\/#breadcrumb\"},\"inLanguage\":\"fr-FR\",\"potentialAction\":[{\"@type\":\"ReadAction\",\"target\":[\"https:\\\/\\\/www.koonings.com\\\/fr\\\/product\\\/enzoani-udelia-2\\\/\"]}]},{\"@type\":\"ImageObject\",\"inLanguage\":\"fr-FR\",\"@id\":\"https:\\\/\\\/www.koonings.com\\\/fr\\\/product\\\/enzoani-udelia-2\\\/#primaryimage\",\"url\":\"https:\\\/\\\/www.koonings.com\\\/wp-content\\\/uploads\\\/2024\\\/11\\\/41255_c59449d5b6120b18d8992e404c634765670622018ec6f66b3f73fabed48ff4b0efb1b953.jpeg\",\"contentUrl\":\"https:\\\/\\\/www.koonings.com\\\/wp-content\\\/uploads\\\/2024\\\/11\\\/41255_c59449d5b6120b18d8992e404c634765670622018ec6f66b3f73fabed48ff4b0efb1b953.jpeg\",\"width\":1035,\"height\":1380},{\"@type\":\"BreadcrumbList\",\"@id\":\"https:\\\/\\\/www.koonings.com\\\/fr\\\/product\\\/enzoani-udelia-2\\\/#breadcrumb\",\"itemListElement\":[{\"@type\":\"ListItem\",\"position\":1,\"name\":\"Home\",\"item\":\"https:\\\/\\\/www.koonings.com\\\/fr\\\/\"},{\"@type\":\"ListItem\",\"position\":2,\"name\":\"Enzoani Udelia\"}]},{\"@type\":\"WebSite\",\"@id\":\"https:\\\/\\\/www.koonings.com\\\/fr\\\/#website\",\"url\":\"https:\\\/\\\/www.koonings.com\\\/fr\\\/\",\"name\":\"Koonings\",\"description\":\"De grootste bruidsmodewinkel ter wereld\",\"publisher\":{\"@id\":\"https:\\\/\\\/www.koonings.com\\\/fr\\\/#organization\"},\"potentialAction\":[{\"@type\":\"SearchAction\",\"target\":{\"@type\":\"EntryPoint\",\"urlTemplate\":\"https:\\\/\\\/www.koonings.com\\\/fr\\\/?s={search_term_string}\"},\"query-input\":{\"@type\":\"PropertyValueSpecification\",\"valueRequired\":true,\"valueName\":\"search_term_string\"}}],\"inLanguage\":\"fr-FR\"},{\"@type\":\"Organization\",\"@id\":\"https:\\\/\\\/www.koonings.com\\\/fr\\\/#organization\",\"name\":\"Koonings\",\"url\":\"https:\\\/\\\/www.koonings.com\\\/fr\\\/\",\"logo\":{\"@type\":\"ImageObject\",\"inLanguage\":\"fr-FR\",\"@id\":\"https:\\\/\\\/www.koonings.com\\\/fr\\\/#\\\/schema\\\/logo\\\/image\\\/\",\"url\":\"https:\\\/\\\/www.koonings.com\\\/wp-content\\\/uploads\\\/2024\\\/07\\\/logo.png\",\"contentUrl\":\"https:\\\/\\\/www.koonings.com\\\/wp-content\\\/uploads\\\/2024\\\/07\\\/logo.png\",\"width\":600,\"height\":428,\"caption\":\"Koonings\"},\"image\":{\"@id\":\"https:\\\/\\\/www.koonings.com\\\/fr\\\/#\\\/schema\\\/logo\\\/image\\\/\"},\"sameAs\":[\"https:\\\/\\\/www.facebook.com\\\/kooningstheweddingpalace\",\"https:\\\/\\\/www.instagram.com\\\/kooningstheweddingpalace\",\"https:\\\/\\\/www.pinterest.com\\\/koonings\",\"https:\\\/\\\/www.youtube.com\\\/kooningstheweddingpalace\"]}]}<\/script>\n<!-- \/ Yoast SEO plugin. -->","yoast_head_json":{"title":"Enzoani Udelia | Koonings","description":"Entrez dans l'\u00e9l\u00e9gance intemporelle avec cette robe de bal \u00e9th\u00e9r\u00e9e transform\u00e9e en robe fourreau, orn\u00e9e de fleurs 3D \u00e9poustouflantes et d'un d\u00e9collet\u00e9 magnifiquement dessin\u00e9. Elle \u00e9voque une aura de romantisme digne d'un mariage de conte de f\u00e9es, vous faisant vous sentir royale. L'extravagante surjupe amovible qui coiffe la fine silhouette de sir\u00e8ne cr\u00e9e deux looks \u00e9poustouflants en un, et une transition parfaite entre la c\u00e9r\u00e9monie et la r\u00e9ception.","robots":{"index":"index","follow":"follow","max-snippet":"max-snippet:-1","max-image-preview":"max-image-preview:large","max-video-preview":"max-video-preview:-1"},"canonical":"https:\/\/www.koonings.com\/fr\/product\/enzoani-udelia-2\/","og_locale":"fr_FR","og_type":"article","og_title":"Enzoani Udelia | Koonings","og_description":"Entrez dans l'\u00e9l\u00e9gance intemporelle avec cette robe de bal \u00e9th\u00e9r\u00e9e transform\u00e9e en robe fourreau, orn\u00e9e de fleurs 3D \u00e9poustouflantes et d'un d\u00e9collet\u00e9 magnifiquement dessin\u00e9. Elle \u00e9voque une aura de romantisme digne d'un mariage de conte de f\u00e9es, vous faisant vous sentir royale. L'extravagante surjupe amovible qui coiffe la fine silhouette de sir\u00e8ne cr\u00e9e deux looks \u00e9poustouflants en un, et une transition parfaite entre la c\u00e9r\u00e9monie et la r\u00e9ception.","og_url":"https:\/\/www.koonings.com\/fr\/product\/enzoani-udelia-2\/","og_site_name":"Koonings","article_publisher":"https:\/\/www.facebook.com\/kooningstheweddingpalace","og_image":[{"width":1035,"height":1380,"url":"https:\/\/www.koonings.com\/wp-content\/uploads\/2024\/11\/41255_c59449d5b6120b18d8992e404c634765670622018ec6f66b3f73fabed48ff4b0efb1b953.jpeg","type":"image\/jpeg"}],"twitter_card":"summary_large_image","schema":{"@context":"https:\/\/schema.org","@graph":[{"@type":"WebPage","@id":"https:\/\/www.koonings.com\/fr\/product\/enzoani-udelia-2\/","url":"https:\/\/www.koonings.com\/fr\/product\/enzoani-udelia-2\/","name":"Enzoani Udelia | Koonings","isPartOf":{"@id":"https:\/\/www.koonings.com\/fr\/#website"},"primaryImageOfPage":{"@id":"https:\/\/www.koonings.com\/fr\/product\/enzoani-udelia-2\/#primaryimage"},"image":{"@id":"https:\/\/www.koonings.com\/fr\/product\/enzoani-udelia-2\/#primaryimage"},"thumbnailUrl":"https:\/\/www.koonings.com\/wp-content\/uploads\/2024\/11\/41255_c59449d5b6120b18d8992e404c634765670622018ec6f66b3f73fabed48ff4b0efb1b953.jpeg","datePublished":"2026-04-28T16:26:44+00:00","description":"Entrez dans l'\u00e9l\u00e9gance intemporelle avec cette robe de bal \u00e9th\u00e9r\u00e9e transform\u00e9e en robe fourreau, orn\u00e9e de fleurs 3D \u00e9poustouflantes et d'un d\u00e9collet\u00e9 magnifiquement dessin\u00e9. Elle \u00e9voque une aura de romantisme digne d'un mariage de conte de f\u00e9es, vous faisant vous sentir royale. L'extravagante surjupe amovible qui coiffe la fine silhouette de sir\u00e8ne cr\u00e9e deux looks \u00e9poustouflants en un, et une transition parfaite entre la c\u00e9r\u00e9monie et la r\u00e9ception.","breadcrumb":{"@id":"https:\/\/www.koonings.com\/fr\/product\/enzoani-udelia-2\/#breadcrumb"},"inLanguage":"fr-FR","potentialAction":[{"@type":"ReadAction","target":["https:\/\/www.koonings.com\/fr\/product\/enzoani-udelia-2\/"]}]},{"@type":"ImageObject","inLanguage":"fr-FR","@id":"https:\/\/www.koonings.com\/fr\/product\/enzoani-udelia-2\/#primaryimage","url":"https:\/\/www.koonings.com\/wp-content\/uploads\/2024\/11\/41255_c59449d5b6120b18d8992e404c634765670622018ec6f66b3f73fabed48ff4b0efb1b953.jpeg","contentUrl":"https:\/\/www.koonings.com\/wp-content\/uploads\/2024\/11\/41255_c59449d5b6120b18d8992e404c634765670622018ec6f66b3f73fabed48ff4b0efb1b953.jpeg","width":1035,"height":1380},{"@type":"BreadcrumbList","@id":"https:\/\/www.koonings.com\/fr\/product\/enzoani-udelia-2\/#breadcrumb","itemListElement":[{"@type":"ListItem","position":1,"name":"Home","item":"https:\/\/www.koonings.com\/fr\/"},{"@type":"ListItem","position":2,"name":"Enzoani Udelia"}]},{"@type":"WebSite","@id":"https:\/\/www.koonings.com\/fr\/#website","url":"https:\/\/www.koonings.com\/fr\/","name":"Koonings","description":"De grootste bruidsmodewinkel ter wereld","publisher":{"@id":"https:\/\/www.koonings.com\/fr\/#organization"},"potentialAction":[{"@type":"SearchAction","target":{"@type":"EntryPoint","urlTemplate":"https:\/\/www.koonings.com\/fr\/?s={search_term_string}"},"query-input":{"@type":"PropertyValueSpecification","valueRequired":true,"valueName":"search_term_string"}}],"inLanguage":"fr-FR"},{"@type":"Organization","@id":"https:\/\/www.koonings.com\/fr\/#organization","name":"Koonings","url":"https:\/\/www.koonings.com\/fr\/","logo":{"@type":"ImageObject","inLanguage":"fr-FR","@id":"https:\/\/www.koonings.com\/fr\/#\/schema\/logo\/image\/","url":"https:\/\/www.koonings.com\/wp-content\/uploads\/2024\/07\/logo.png","contentUrl":"https:\/\/www.koonings.com\/wp-content\/uploads\/2024\/07\/logo.png","width":600,"height":428,"caption":"Koonings"},"image":{"@id":"https:\/\/www.koonings.com\/fr\/#\/schema\/logo\/image\/"},"sameAs":["https:\/\/www.facebook.com\/kooningstheweddingpalace","https:\/\/www.instagram.com\/kooningstheweddingpalace","https:\/\/www.pinterest.com\/koonings","https:\/\/www.youtube.com\/kooningstheweddingpalace"]}]}},"_links":{"self":[{"href":"https:\/\/www.koonings.com\/fr\/wp-json\/wp\/v2\/product\/59471","targetHints":{"allow":["GET"]}}],"collection":[{"href":"https:\/\/www.koonings.com\/fr\/wp-json\/wp\/v2\/product"}],"about":[{"href":"https:\/\/www.koonings.com\/fr\/wp-json\/wp\/v2\/types\/product"}],"wp:featuredmedia":[{"embeddable":true,"href":"https:\/\/www.koonings.com\/fr\/wp-json\/wp\/v2\/media\/51601"}],"wp:attachment":[{"href":"https:\/\/www.koonings.com\/fr\/wp-json\/wp\/v2\/media?parent=59471"}],"wp:term":[{"taxonomy":"productdetails","embeddable":true,"href":"https:\/\/www.koonings.com\/fr\/wp-json\/wp\/v2\/productdetails?post=59471"},{"taxonomy":"productneck","embeddable":true,"href":"https:\/\/www.koonings.com\/fr\/wp-json\/wp\/v2\/productneck?post=59471"},{"taxonomy":"productcolor","embeddable":true,"href":"https:\/\/www.koonings.com\/fr\/wp-json\/wp\/v2\/productcolor?post=59471"},{"taxonomy":"maat","embeddable":true,"href":"https:\/\/www.koonings.com\/fr\/wp-json\/wp\/v2\/maat?post=59471"},{"taxonomy":"productsupplier","embeddable":true,"href":"https:\/\/www.koonings.com\/fr\/wp-json\/wp\/v2\/productsupplier?post=59471"},{"taxonomy":"productsleeve","embeddable":true,"href":"https:\/\/www.koonings.com\/fr\/wp-json\/wp\/v2\/productsleeve?post=59471"},{"taxonomy":"productcategory","embeddable":true,"href":"https:\/\/www.koonings.com\/fr\/wp-json\/wp\/v2\/productcategory?post=59471"},{"taxonomy":"productsilhouette","embeddable":true,"href":"https:\/\/www.koonings.com\/fr\/wp-json\/wp\/v2\/productsilhouette?post=59471"},{"taxonomy":"productstyle","embeddable":true,"href":"https:\/\/www.koonings.com\/fr\/wp-json\/wp\/v2\/productstyle?post=59471"}],"curies":[{"name":"wp","href":"https:\/\/api.w.org\/{rel}","templated":true}]}}