{"id":59469,"date":"2026-04-21T18:28:29","date_gmt":"2026-04-21T16:28:29","guid":{"rendered":"https:\/\/www.koonings.com\/product\/rembo-styling-olave-1\/"},"modified":"2025-06-05T13:23:43","modified_gmt":"2025-06-05T11:23:43","slug":"rembo-styling-olave-1","status":"publish","type":"product","link":"https:\/\/www.koonings.com\/fr\/product\/rembo-styling-olave-1\/","title":{"rendered":"Rembo Styling Olave\/1"},"content":{"rendered":"<p>Gracieuse et confortable : Olave est une robe minimaliste en cr\u00eape. Les manches courtes et le dos ouvert en V sont en tulle brod\u00e9 transparent \u00e0 motif de feuilles. Le devant pr\u00e9sente une encolure orn\u00e9e de bijoux et une taille accentu\u00e9e par une ceinture en cr\u00eape. La jupe pr\u00e9sente une coupe droite et une petite tra\u00eene.   <\/p>\n","protected":false},"featured_media":51697,"template":"","meta":{"_acf_changed":false,"ghostkit_customizer_options":"","ghostkit_custom_css":"","ghostkit_custom_js_head":"","ghostkit_custom_js_foot":"","ghostkit_typography":""},"productdetails":[],"productneck":[350],"productcolor":[392],"maat":[],"productsupplier":[414],"productsleeve":[361],"productcategory":[18],"productsilhouette":[389],"productstyle":[364],"class_list":["post-59469","product","type-product","status-publish","has-post-thumbnail","hentry","productneck-350","productcolor-392","productsupplier-rembo-styling","productsleeve-361","productcategory-trouwjurken","productsilhouette-389","productstyle-364"],"acf":[],"yoast_head":"<!-- This site is optimized with the Yoast SEO plugin v27.3 - https:\/\/yoast.com\/product\/yoast-seo-wordpress\/ -->\n<title>Rembo Styling Olave\/1 | Koonings<\/title>\n<meta name=\"description\" content=\"Gracieuse et confortable : Olave est une robe minimaliste en cr\u00eape. Les manches courtes et le dos ouvert en V sont en tulle brod\u00e9 transparent \u00e0 motif de feuilles. Le devant pr\u00e9sente une encolure orn\u00e9e de bijoux et une taille accentu\u00e9e par une ceinture en cr\u00eape. La jupe pr\u00e9sente une coupe droite et une petite tra\u00eene.\" \/>\n<meta name=\"robots\" content=\"index, follow, max-snippet:-1, max-image-preview:large, max-video-preview:-1\" \/>\n<link rel=\"canonical\" href=\"https:\/\/www.koonings.com\/fr\/product\/rembo-styling-olave-1\/\" \/>\n<meta property=\"og:locale\" content=\"fr_FR\" \/>\n<meta property=\"og:type\" content=\"article\" \/>\n<meta property=\"og:title\" content=\"Rembo Styling Olave\/1 | Koonings\" \/>\n<meta property=\"og:description\" content=\"Gracieuse et confortable : Olave est une robe minimaliste en cr\u00eape. Les manches courtes et le dos ouvert en V sont en tulle brod\u00e9 transparent \u00e0 motif de feuilles. Le devant pr\u00e9sente une encolure orn\u00e9e de bijoux et une taille accentu\u00e9e par une ceinture en cr\u00eape. La jupe pr\u00e9sente une coupe droite et une petite tra\u00eene.\" \/>\n<meta property=\"og:url\" content=\"https:\/\/www.koonings.com\/fr\/product\/rembo-styling-olave-1\/\" \/>\n<meta property=\"og:site_name\" content=\"Koonings\" \/>\n<meta property=\"article:publisher\" content=\"https:\/\/www.facebook.com\/kooningstheweddingpalace\" \/>\n<meta property=\"og:image\" content=\"https:\/\/www.koonings.com\/wp-content\/uploads\/2024\/11\/41263_1700705df12a9db67463f645eca123350c1dfcb25903175a5d3e39ce35dc8e5b621dbc7c-scaled.jpeg\" \/>\n\t<meta property=\"og:image:width\" content=\"1813\" \/>\n\t<meta property=\"og:image:height\" content=\"2560\" \/>\n\t<meta property=\"og:image:type\" content=\"image\/jpeg\" \/>\n<meta name=\"twitter:card\" content=\"summary_large_image\" \/>\n<script type=\"application\/ld+json\" class=\"yoast-schema-graph\">{\"@context\":\"https:\\\/\\\/schema.org\",\"@graph\":[{\"@type\":\"WebPage\",\"@id\":\"https:\\\/\\\/www.koonings.com\\\/fr\\\/product\\\/rembo-styling-olave-1\\\/\",\"url\":\"https:\\\/\\\/www.koonings.com\\\/fr\\\/product\\\/rembo-styling-olave-1\\\/\",\"name\":\"Rembo Styling Olave\\\/1 | Koonings\",\"isPartOf\":{\"@id\":\"https:\\\/\\\/www.koonings.com\\\/fr\\\/#website\"},\"primaryImageOfPage\":{\"@id\":\"https:\\\/\\\/www.koonings.com\\\/fr\\\/product\\\/rembo-styling-olave-1\\\/#primaryimage\"},\"image\":{\"@id\":\"https:\\\/\\\/www.koonings.com\\\/fr\\\/product\\\/rembo-styling-olave-1\\\/#primaryimage\"},\"thumbnailUrl\":\"https:\\\/\\\/www.koonings.com\\\/wp-content\\\/uploads\\\/2024\\\/11\\\/41263_1700705df12a9db67463f645eca123350c1dfcb25903175a5d3e39ce35dc8e5b621dbc7c-scaled.jpeg\",\"datePublished\":\"2026-04-21T16:28:29+00:00\",\"description\":\"Gracieuse et confortable : Olave est une robe minimaliste en cr\u00eape. Les manches courtes et le dos ouvert en V sont en tulle brod\u00e9 transparent \u00e0 motif de feuilles. Le devant pr\u00e9sente une encolure orn\u00e9e de bijoux et une taille accentu\u00e9e par une ceinture en cr\u00eape. La jupe pr\u00e9sente une coupe droite et une petite tra\u00eene.\",\"breadcrumb\":{\"@id\":\"https:\\\/\\\/www.koonings.com\\\/fr\\\/product\\\/rembo-styling-olave-1\\\/#breadcrumb\"},\"inLanguage\":\"fr-FR\",\"potentialAction\":[{\"@type\":\"ReadAction\",\"target\":[\"https:\\\/\\\/www.koonings.com\\\/fr\\\/product\\\/rembo-styling-olave-1\\\/\"]}]},{\"@type\":\"ImageObject\",\"inLanguage\":\"fr-FR\",\"@id\":\"https:\\\/\\\/www.koonings.com\\\/fr\\\/product\\\/rembo-styling-olave-1\\\/#primaryimage\",\"url\":\"https:\\\/\\\/www.koonings.com\\\/wp-content\\\/uploads\\\/2024\\\/11\\\/41263_1700705df12a9db67463f645eca123350c1dfcb25903175a5d3e39ce35dc8e5b621dbc7c-scaled.jpeg\",\"contentUrl\":\"https:\\\/\\\/www.koonings.com\\\/wp-content\\\/uploads\\\/2024\\\/11\\\/41263_1700705df12a9db67463f645eca123350c1dfcb25903175a5d3e39ce35dc8e5b621dbc7c-scaled.jpeg\",\"width\":1813,\"height\":2560},{\"@type\":\"BreadcrumbList\",\"@id\":\"https:\\\/\\\/www.koonings.com\\\/fr\\\/product\\\/rembo-styling-olave-1\\\/#breadcrumb\",\"itemListElement\":[{\"@type\":\"ListItem\",\"position\":1,\"name\":\"Home\",\"item\":\"https:\\\/\\\/www.koonings.com\\\/fr\\\/\"},{\"@type\":\"ListItem\",\"position\":2,\"name\":\"Rembo Styling Olave\\\/1\"}]},{\"@type\":\"WebSite\",\"@id\":\"https:\\\/\\\/www.koonings.com\\\/fr\\\/#website\",\"url\":\"https:\\\/\\\/www.koonings.com\\\/fr\\\/\",\"name\":\"Koonings\",\"description\":\"De grootste bruidsmodewinkel ter wereld\",\"publisher\":{\"@id\":\"https:\\\/\\\/www.koonings.com\\\/fr\\\/#organization\"},\"potentialAction\":[{\"@type\":\"SearchAction\",\"target\":{\"@type\":\"EntryPoint\",\"urlTemplate\":\"https:\\\/\\\/www.koonings.com\\\/fr\\\/?s={search_term_string}\"},\"query-input\":{\"@type\":\"PropertyValueSpecification\",\"valueRequired\":true,\"valueName\":\"search_term_string\"}}],\"inLanguage\":\"fr-FR\"},{\"@type\":\"Organization\",\"@id\":\"https:\\\/\\\/www.koonings.com\\\/fr\\\/#organization\",\"name\":\"Koonings\",\"url\":\"https:\\\/\\\/www.koonings.com\\\/fr\\\/\",\"logo\":{\"@type\":\"ImageObject\",\"inLanguage\":\"fr-FR\",\"@id\":\"https:\\\/\\\/www.koonings.com\\\/fr\\\/#\\\/schema\\\/logo\\\/image\\\/\",\"url\":\"https:\\\/\\\/www.koonings.com\\\/wp-content\\\/uploads\\\/2024\\\/07\\\/logo.png\",\"contentUrl\":\"https:\\\/\\\/www.koonings.com\\\/wp-content\\\/uploads\\\/2024\\\/07\\\/logo.png\",\"width\":600,\"height\":428,\"caption\":\"Koonings\"},\"image\":{\"@id\":\"https:\\\/\\\/www.koonings.com\\\/fr\\\/#\\\/schema\\\/logo\\\/image\\\/\"},\"sameAs\":[\"https:\\\/\\\/www.facebook.com\\\/kooningstheweddingpalace\",\"https:\\\/\\\/www.instagram.com\\\/kooningstheweddingpalace\",\"https:\\\/\\\/www.pinterest.com\\\/koonings\",\"https:\\\/\\\/www.youtube.com\\\/kooningstheweddingpalace\"]}]}<\/script>\n<!-- \/ Yoast SEO plugin. -->","yoast_head_json":{"title":"Rembo Styling Olave\/1 | Koonings","description":"Gracieuse et confortable : Olave est une robe minimaliste en cr\u00eape. Les manches courtes et le dos ouvert en V sont en tulle brod\u00e9 transparent \u00e0 motif de feuilles. Le devant pr\u00e9sente une encolure orn\u00e9e de bijoux et une taille accentu\u00e9e par une ceinture en cr\u00eape. La jupe pr\u00e9sente une coupe droite et une petite tra\u00eene.","robots":{"index":"index","follow":"follow","max-snippet":"max-snippet:-1","max-image-preview":"max-image-preview:large","max-video-preview":"max-video-preview:-1"},"canonical":"https:\/\/www.koonings.com\/fr\/product\/rembo-styling-olave-1\/","og_locale":"fr_FR","og_type":"article","og_title":"Rembo Styling Olave\/1 | Koonings","og_description":"Gracieuse et confortable : Olave est une robe minimaliste en cr\u00eape. Les manches courtes et le dos ouvert en V sont en tulle brod\u00e9 transparent \u00e0 motif de feuilles. Le devant pr\u00e9sente une encolure orn\u00e9e de bijoux et une taille accentu\u00e9e par une ceinture en cr\u00eape. La jupe pr\u00e9sente une coupe droite et une petite tra\u00eene.","og_url":"https:\/\/www.koonings.com\/fr\/product\/rembo-styling-olave-1\/","og_site_name":"Koonings","article_publisher":"https:\/\/www.facebook.com\/kooningstheweddingpalace","og_image":[{"width":1813,"height":2560,"url":"https:\/\/www.koonings.com\/wp-content\/uploads\/2024\/11\/41263_1700705df12a9db67463f645eca123350c1dfcb25903175a5d3e39ce35dc8e5b621dbc7c-scaled.jpeg","type":"image\/jpeg"}],"twitter_card":"summary_large_image","schema":{"@context":"https:\/\/schema.org","@graph":[{"@type":"WebPage","@id":"https:\/\/www.koonings.com\/fr\/product\/rembo-styling-olave-1\/","url":"https:\/\/www.koonings.com\/fr\/product\/rembo-styling-olave-1\/","name":"Rembo Styling Olave\/1 | Koonings","isPartOf":{"@id":"https:\/\/www.koonings.com\/fr\/#website"},"primaryImageOfPage":{"@id":"https:\/\/www.koonings.com\/fr\/product\/rembo-styling-olave-1\/#primaryimage"},"image":{"@id":"https:\/\/www.koonings.com\/fr\/product\/rembo-styling-olave-1\/#primaryimage"},"thumbnailUrl":"https:\/\/www.koonings.com\/wp-content\/uploads\/2024\/11\/41263_1700705df12a9db67463f645eca123350c1dfcb25903175a5d3e39ce35dc8e5b621dbc7c-scaled.jpeg","datePublished":"2026-04-21T16:28:29+00:00","description":"Gracieuse et confortable : Olave est une robe minimaliste en cr\u00eape. Les manches courtes et le dos ouvert en V sont en tulle brod\u00e9 transparent \u00e0 motif de feuilles. Le devant pr\u00e9sente une encolure orn\u00e9e de bijoux et une taille accentu\u00e9e par une ceinture en cr\u00eape. La jupe pr\u00e9sente une coupe droite et une petite tra\u00eene.","breadcrumb":{"@id":"https:\/\/www.koonings.com\/fr\/product\/rembo-styling-olave-1\/#breadcrumb"},"inLanguage":"fr-FR","potentialAction":[{"@type":"ReadAction","target":["https:\/\/www.koonings.com\/fr\/product\/rembo-styling-olave-1\/"]}]},{"@type":"ImageObject","inLanguage":"fr-FR","@id":"https:\/\/www.koonings.com\/fr\/product\/rembo-styling-olave-1\/#primaryimage","url":"https:\/\/www.koonings.com\/wp-content\/uploads\/2024\/11\/41263_1700705df12a9db67463f645eca123350c1dfcb25903175a5d3e39ce35dc8e5b621dbc7c-scaled.jpeg","contentUrl":"https:\/\/www.koonings.com\/wp-content\/uploads\/2024\/11\/41263_1700705df12a9db67463f645eca123350c1dfcb25903175a5d3e39ce35dc8e5b621dbc7c-scaled.jpeg","width":1813,"height":2560},{"@type":"BreadcrumbList","@id":"https:\/\/www.koonings.com\/fr\/product\/rembo-styling-olave-1\/#breadcrumb","itemListElement":[{"@type":"ListItem","position":1,"name":"Home","item":"https:\/\/www.koonings.com\/fr\/"},{"@type":"ListItem","position":2,"name":"Rembo Styling Olave\/1"}]},{"@type":"WebSite","@id":"https:\/\/www.koonings.com\/fr\/#website","url":"https:\/\/www.koonings.com\/fr\/","name":"Koonings","description":"De grootste bruidsmodewinkel ter wereld","publisher":{"@id":"https:\/\/www.koonings.com\/fr\/#organization"},"potentialAction":[{"@type":"SearchAction","target":{"@type":"EntryPoint","urlTemplate":"https:\/\/www.koonings.com\/fr\/?s={search_term_string}"},"query-input":{"@type":"PropertyValueSpecification","valueRequired":true,"valueName":"search_term_string"}}],"inLanguage":"fr-FR"},{"@type":"Organization","@id":"https:\/\/www.koonings.com\/fr\/#organization","name":"Koonings","url":"https:\/\/www.koonings.com\/fr\/","logo":{"@type":"ImageObject","inLanguage":"fr-FR","@id":"https:\/\/www.koonings.com\/fr\/#\/schema\/logo\/image\/","url":"https:\/\/www.koonings.com\/wp-content\/uploads\/2024\/07\/logo.png","contentUrl":"https:\/\/www.koonings.com\/wp-content\/uploads\/2024\/07\/logo.png","width":600,"height":428,"caption":"Koonings"},"image":{"@id":"https:\/\/www.koonings.com\/fr\/#\/schema\/logo\/image\/"},"sameAs":["https:\/\/www.facebook.com\/kooningstheweddingpalace","https:\/\/www.instagram.com\/kooningstheweddingpalace","https:\/\/www.pinterest.com\/koonings","https:\/\/www.youtube.com\/kooningstheweddingpalace"]}]}},"_links":{"self":[{"href":"https:\/\/www.koonings.com\/fr\/wp-json\/wp\/v2\/product\/59469","targetHints":{"allow":["GET"]}}],"collection":[{"href":"https:\/\/www.koonings.com\/fr\/wp-json\/wp\/v2\/product"}],"about":[{"href":"https:\/\/www.koonings.com\/fr\/wp-json\/wp\/v2\/types\/product"}],"wp:featuredmedia":[{"embeddable":true,"href":"https:\/\/www.koonings.com\/fr\/wp-json\/wp\/v2\/media\/51697"}],"wp:attachment":[{"href":"https:\/\/www.koonings.com\/fr\/wp-json\/wp\/v2\/media?parent=59469"}],"wp:term":[{"taxonomy":"productdetails","embeddable":true,"href":"https:\/\/www.koonings.com\/fr\/wp-json\/wp\/v2\/productdetails?post=59469"},{"taxonomy":"productneck","embeddable":true,"href":"https:\/\/www.koonings.com\/fr\/wp-json\/wp\/v2\/productneck?post=59469"},{"taxonomy":"productcolor","embeddable":true,"href":"https:\/\/www.koonings.com\/fr\/wp-json\/wp\/v2\/productcolor?post=59469"},{"taxonomy":"maat","embeddable":true,"href":"https:\/\/www.koonings.com\/fr\/wp-json\/wp\/v2\/maat?post=59469"},{"taxonomy":"productsupplier","embeddable":true,"href":"https:\/\/www.koonings.com\/fr\/wp-json\/wp\/v2\/productsupplier?post=59469"},{"taxonomy":"productsleeve","embeddable":true,"href":"https:\/\/www.koonings.com\/fr\/wp-json\/wp\/v2\/productsleeve?post=59469"},{"taxonomy":"productcategory","embeddable":true,"href":"https:\/\/www.koonings.com\/fr\/wp-json\/wp\/v2\/productcategory?post=59469"},{"taxonomy":"productsilhouette","embeddable":true,"href":"https:\/\/www.koonings.com\/fr\/wp-json\/wp\/v2\/productsilhouette?post=59469"},{"taxonomy":"productstyle","embeddable":true,"href":"https:\/\/www.koonings.com\/fr\/wp-json\/wp\/v2\/productstyle?post=59469"}],"curies":[{"name":"wp","href":"https:\/\/api.w.org\/{rel}","templated":true}]}}