{"id":59445,"date":"2026-05-06T15:28:05","date_gmt":"2026-05-06T13:28:05","guid":{"rendered":"https:\/\/www.koonings.com\/product\/rembo-styling-orchidee-1\/"},"modified":"2025-06-05T13:23:42","modified_gmt":"2025-06-05T11:23:42","slug":"rembo-styling-orchidee-1","status":"publish","type":"product","link":"https:\/\/www.koonings.com\/fr\/product\/rembo-styling-orchidee-1\/","title":{"rendered":"Rembo Styling Orchidee\/1"},"content":{"rendered":"<p>Orchid\u00e9e est une \u00e9l\u00e9gante robe en cr\u00eape. Le haut est d\u00e9collet\u00e9 en V avec une pi\u00e8ce de tissu transparent au milieu. Il a des manches trois-quarts avec des fleurs de tulle brod\u00e9es aux extr\u00e9mit\u00e9s. La taille est entour\u00e9e d&#8217;une bande de tulle ivoire qui flatte la silhouette. Le dos ouvert est fait du m\u00eame tulle brod\u00e9 que les manches et se ferme au milieu par des boutons. La jupe est fendue au milieu et comporte une tra\u00eene.     <\/p>\n","protected":false},"featured_media":51875,"template":"","meta":{"_acf_changed":false,"ghostkit_customizer_options":"","ghostkit_custom_css":"","ghostkit_custom_js_head":"","ghostkit_custom_js_foot":"","ghostkit_typography":""},"productdetails":[378],"productneck":[356],"productcolor":[392],"maat":[],"productsupplier":[414],"productsleeve":[362],"productcategory":[18],"productsilhouette":[389],"productstyle":[364],"class_list":["post-59445","product","type-product","status-publish","has-post-thumbnail","hentry","productdetails-378","productneck-356","productcolor-392","productsupplier-rembo-styling","productsleeve-362","productcategory-trouwjurken","productsilhouette-389","productstyle-364"],"acf":[],"yoast_head":"<!-- This site is optimized with the Yoast SEO plugin v27.3 - https:\/\/yoast.com\/product\/yoast-seo-wordpress\/ -->\n<title>Rembo Styling Orchidee\/1 | Koonings<\/title>\n<meta name=\"description\" content=\"Orchid\u00e9e est une \u00e9l\u00e9gante robe en cr\u00eape. Le haut est d\u00e9collet\u00e9 en V avec une pi\u00e8ce de tissu transparent au milieu. Il a des manches trois-quarts avec des fleurs de tulle brod\u00e9es aux extr\u00e9mit\u00e9s. La taille est entour\u00e9e d&#039;une bande de tulle ivoire qui flatte la silhouette. Le dos ouvert est fait du m\u00eame tulle brod\u00e9 que les manches et se ferme au milieu par des boutons. La jupe est fendue au milieu et comporte une tra\u00eene.\" \/>\n<meta name=\"robots\" content=\"index, follow, max-snippet:-1, max-image-preview:large, max-video-preview:-1\" \/>\n<link rel=\"canonical\" href=\"https:\/\/www.koonings.com\/fr\/product\/rembo-styling-orchidee-1\/\" \/>\n<meta property=\"og:locale\" content=\"fr_FR\" \/>\n<meta property=\"og:type\" content=\"article\" \/>\n<meta property=\"og:title\" content=\"Rembo Styling Orchidee\/1 | Koonings\" \/>\n<meta property=\"og:description\" content=\"Orchid\u00e9e est une \u00e9l\u00e9gante robe en cr\u00eape. Le haut est d\u00e9collet\u00e9 en V avec une pi\u00e8ce de tissu transparent au milieu. Il a des manches trois-quarts avec des fleurs de tulle brod\u00e9es aux extr\u00e9mit\u00e9s. La taille est entour\u00e9e d&#039;une bande de tulle ivoire qui flatte la silhouette. Le dos ouvert est fait du m\u00eame tulle brod\u00e9 que les manches et se ferme au milieu par des boutons. La jupe est fendue au milieu et comporte une tra\u00eene.\" \/>\n<meta property=\"og:url\" content=\"https:\/\/www.koonings.com\/fr\/product\/rembo-styling-orchidee-1\/\" \/>\n<meta property=\"og:site_name\" content=\"Koonings\" \/>\n<meta property=\"article:publisher\" content=\"https:\/\/www.facebook.com\/kooningstheweddingpalace\" \/>\n<meta property=\"og:image\" content=\"https:\/\/www.koonings.com\/wp-content\/uploads\/2024\/11\/41269_afd7b162a14761da66497efc0f0fbbf9f9ef53668948c03124347236ce11d27724965c82-scaled.jpeg\" \/>\n\t<meta property=\"og:image:width\" content=\"1814\" \/>\n\t<meta property=\"og:image:height\" content=\"2560\" \/>\n\t<meta property=\"og:image:type\" content=\"image\/jpeg\" \/>\n<meta name=\"twitter:card\" content=\"summary_large_image\" \/>\n<script type=\"application\/ld+json\" class=\"yoast-schema-graph\">{\"@context\":\"https:\\\/\\\/schema.org\",\"@graph\":[{\"@type\":\"WebPage\",\"@id\":\"https:\\\/\\\/www.koonings.com\\\/fr\\\/product\\\/rembo-styling-orchidee-1\\\/\",\"url\":\"https:\\\/\\\/www.koonings.com\\\/fr\\\/product\\\/rembo-styling-orchidee-1\\\/\",\"name\":\"Rembo Styling Orchidee\\\/1 | Koonings\",\"isPartOf\":{\"@id\":\"https:\\\/\\\/www.koonings.com\\\/fr\\\/#website\"},\"primaryImageOfPage\":{\"@id\":\"https:\\\/\\\/www.koonings.com\\\/fr\\\/product\\\/rembo-styling-orchidee-1\\\/#primaryimage\"},\"image\":{\"@id\":\"https:\\\/\\\/www.koonings.com\\\/fr\\\/product\\\/rembo-styling-orchidee-1\\\/#primaryimage\"},\"thumbnailUrl\":\"https:\\\/\\\/www.koonings.com\\\/wp-content\\\/uploads\\\/2024\\\/11\\\/41269_afd7b162a14761da66497efc0f0fbbf9f9ef53668948c03124347236ce11d27724965c82-scaled.jpeg\",\"datePublished\":\"2026-05-06T13:28:05+00:00\",\"description\":\"Orchid\u00e9e est une \u00e9l\u00e9gante robe en cr\u00eape. Le haut est d\u00e9collet\u00e9 en V avec une pi\u00e8ce de tissu transparent au milieu. Il a des manches trois-quarts avec des fleurs de tulle brod\u00e9es aux extr\u00e9mit\u00e9s. La taille est entour\u00e9e d'une bande de tulle ivoire qui flatte la silhouette. Le dos ouvert est fait du m\u00eame tulle brod\u00e9 que les manches et se ferme au milieu par des boutons. La jupe est fendue au milieu et comporte une tra\u00eene.\",\"breadcrumb\":{\"@id\":\"https:\\\/\\\/www.koonings.com\\\/fr\\\/product\\\/rembo-styling-orchidee-1\\\/#breadcrumb\"},\"inLanguage\":\"fr-FR\",\"potentialAction\":[{\"@type\":\"ReadAction\",\"target\":[\"https:\\\/\\\/www.koonings.com\\\/fr\\\/product\\\/rembo-styling-orchidee-1\\\/\"]}]},{\"@type\":\"ImageObject\",\"inLanguage\":\"fr-FR\",\"@id\":\"https:\\\/\\\/www.koonings.com\\\/fr\\\/product\\\/rembo-styling-orchidee-1\\\/#primaryimage\",\"url\":\"https:\\\/\\\/www.koonings.com\\\/wp-content\\\/uploads\\\/2024\\\/11\\\/41269_afd7b162a14761da66497efc0f0fbbf9f9ef53668948c03124347236ce11d27724965c82-scaled.jpeg\",\"contentUrl\":\"https:\\\/\\\/www.koonings.com\\\/wp-content\\\/uploads\\\/2024\\\/11\\\/41269_afd7b162a14761da66497efc0f0fbbf9f9ef53668948c03124347236ce11d27724965c82-scaled.jpeg\",\"width\":1814,\"height\":2560},{\"@type\":\"BreadcrumbList\",\"@id\":\"https:\\\/\\\/www.koonings.com\\\/fr\\\/product\\\/rembo-styling-orchidee-1\\\/#breadcrumb\",\"itemListElement\":[{\"@type\":\"ListItem\",\"position\":1,\"name\":\"Home\",\"item\":\"https:\\\/\\\/www.koonings.com\\\/fr\\\/\"},{\"@type\":\"ListItem\",\"position\":2,\"name\":\"Rembo Styling Orchidee\\\/1\"}]},{\"@type\":\"WebSite\",\"@id\":\"https:\\\/\\\/www.koonings.com\\\/fr\\\/#website\",\"url\":\"https:\\\/\\\/www.koonings.com\\\/fr\\\/\",\"name\":\"Koonings\",\"description\":\"De grootste bruidsmodewinkel ter wereld\",\"publisher\":{\"@id\":\"https:\\\/\\\/www.koonings.com\\\/fr\\\/#organization\"},\"potentialAction\":[{\"@type\":\"SearchAction\",\"target\":{\"@type\":\"EntryPoint\",\"urlTemplate\":\"https:\\\/\\\/www.koonings.com\\\/fr\\\/?s={search_term_string}\"},\"query-input\":{\"@type\":\"PropertyValueSpecification\",\"valueRequired\":true,\"valueName\":\"search_term_string\"}}],\"inLanguage\":\"fr-FR\"},{\"@type\":\"Organization\",\"@id\":\"https:\\\/\\\/www.koonings.com\\\/fr\\\/#organization\",\"name\":\"Koonings\",\"url\":\"https:\\\/\\\/www.koonings.com\\\/fr\\\/\",\"logo\":{\"@type\":\"ImageObject\",\"inLanguage\":\"fr-FR\",\"@id\":\"https:\\\/\\\/www.koonings.com\\\/fr\\\/#\\\/schema\\\/logo\\\/image\\\/\",\"url\":\"https:\\\/\\\/www.koonings.com\\\/wp-content\\\/uploads\\\/2024\\\/07\\\/logo.png\",\"contentUrl\":\"https:\\\/\\\/www.koonings.com\\\/wp-content\\\/uploads\\\/2024\\\/07\\\/logo.png\",\"width\":600,\"height\":428,\"caption\":\"Koonings\"},\"image\":{\"@id\":\"https:\\\/\\\/www.koonings.com\\\/fr\\\/#\\\/schema\\\/logo\\\/image\\\/\"},\"sameAs\":[\"https:\\\/\\\/www.facebook.com\\\/kooningstheweddingpalace\",\"https:\\\/\\\/www.instagram.com\\\/kooningstheweddingpalace\",\"https:\\\/\\\/www.pinterest.com\\\/koonings\",\"https:\\\/\\\/www.youtube.com\\\/kooningstheweddingpalace\"]}]}<\/script>\n<!-- \/ Yoast SEO plugin. -->","yoast_head_json":{"title":"Rembo Styling Orchidee\/1 | Koonings","description":"Orchid\u00e9e est une \u00e9l\u00e9gante robe en cr\u00eape. Le haut est d\u00e9collet\u00e9 en V avec une pi\u00e8ce de tissu transparent au milieu. Il a des manches trois-quarts avec des fleurs de tulle brod\u00e9es aux extr\u00e9mit\u00e9s. La taille est entour\u00e9e d'une bande de tulle ivoire qui flatte la silhouette. Le dos ouvert est fait du m\u00eame tulle brod\u00e9 que les manches et se ferme au milieu par des boutons. La jupe est fendue au milieu et comporte une tra\u00eene.","robots":{"index":"index","follow":"follow","max-snippet":"max-snippet:-1","max-image-preview":"max-image-preview:large","max-video-preview":"max-video-preview:-1"},"canonical":"https:\/\/www.koonings.com\/fr\/product\/rembo-styling-orchidee-1\/","og_locale":"fr_FR","og_type":"article","og_title":"Rembo Styling Orchidee\/1 | Koonings","og_description":"Orchid\u00e9e est une \u00e9l\u00e9gante robe en cr\u00eape. Le haut est d\u00e9collet\u00e9 en V avec une pi\u00e8ce de tissu transparent au milieu. Il a des manches trois-quarts avec des fleurs de tulle brod\u00e9es aux extr\u00e9mit\u00e9s. La taille est entour\u00e9e d'une bande de tulle ivoire qui flatte la silhouette. Le dos ouvert est fait du m\u00eame tulle brod\u00e9 que les manches et se ferme au milieu par des boutons. La jupe est fendue au milieu et comporte une tra\u00eene.","og_url":"https:\/\/www.koonings.com\/fr\/product\/rembo-styling-orchidee-1\/","og_site_name":"Koonings","article_publisher":"https:\/\/www.facebook.com\/kooningstheweddingpalace","og_image":[{"width":1814,"height":2560,"url":"https:\/\/www.koonings.com\/wp-content\/uploads\/2024\/11\/41269_afd7b162a14761da66497efc0f0fbbf9f9ef53668948c03124347236ce11d27724965c82-scaled.jpeg","type":"image\/jpeg"}],"twitter_card":"summary_large_image","schema":{"@context":"https:\/\/schema.org","@graph":[{"@type":"WebPage","@id":"https:\/\/www.koonings.com\/fr\/product\/rembo-styling-orchidee-1\/","url":"https:\/\/www.koonings.com\/fr\/product\/rembo-styling-orchidee-1\/","name":"Rembo Styling Orchidee\/1 | Koonings","isPartOf":{"@id":"https:\/\/www.koonings.com\/fr\/#website"},"primaryImageOfPage":{"@id":"https:\/\/www.koonings.com\/fr\/product\/rembo-styling-orchidee-1\/#primaryimage"},"image":{"@id":"https:\/\/www.koonings.com\/fr\/product\/rembo-styling-orchidee-1\/#primaryimage"},"thumbnailUrl":"https:\/\/www.koonings.com\/wp-content\/uploads\/2024\/11\/41269_afd7b162a14761da66497efc0f0fbbf9f9ef53668948c03124347236ce11d27724965c82-scaled.jpeg","datePublished":"2026-05-06T13:28:05+00:00","description":"Orchid\u00e9e est une \u00e9l\u00e9gante robe en cr\u00eape. Le haut est d\u00e9collet\u00e9 en V avec une pi\u00e8ce de tissu transparent au milieu. Il a des manches trois-quarts avec des fleurs de tulle brod\u00e9es aux extr\u00e9mit\u00e9s. La taille est entour\u00e9e d'une bande de tulle ivoire qui flatte la silhouette. Le dos ouvert est fait du m\u00eame tulle brod\u00e9 que les manches et se ferme au milieu par des boutons. La jupe est fendue au milieu et comporte une tra\u00eene.","breadcrumb":{"@id":"https:\/\/www.koonings.com\/fr\/product\/rembo-styling-orchidee-1\/#breadcrumb"},"inLanguage":"fr-FR","potentialAction":[{"@type":"ReadAction","target":["https:\/\/www.koonings.com\/fr\/product\/rembo-styling-orchidee-1\/"]}]},{"@type":"ImageObject","inLanguage":"fr-FR","@id":"https:\/\/www.koonings.com\/fr\/product\/rembo-styling-orchidee-1\/#primaryimage","url":"https:\/\/www.koonings.com\/wp-content\/uploads\/2024\/11\/41269_afd7b162a14761da66497efc0f0fbbf9f9ef53668948c03124347236ce11d27724965c82-scaled.jpeg","contentUrl":"https:\/\/www.koonings.com\/wp-content\/uploads\/2024\/11\/41269_afd7b162a14761da66497efc0f0fbbf9f9ef53668948c03124347236ce11d27724965c82-scaled.jpeg","width":1814,"height":2560},{"@type":"BreadcrumbList","@id":"https:\/\/www.koonings.com\/fr\/product\/rembo-styling-orchidee-1\/#breadcrumb","itemListElement":[{"@type":"ListItem","position":1,"name":"Home","item":"https:\/\/www.koonings.com\/fr\/"},{"@type":"ListItem","position":2,"name":"Rembo Styling Orchidee\/1"}]},{"@type":"WebSite","@id":"https:\/\/www.koonings.com\/fr\/#website","url":"https:\/\/www.koonings.com\/fr\/","name":"Koonings","description":"De grootste bruidsmodewinkel ter wereld","publisher":{"@id":"https:\/\/www.koonings.com\/fr\/#organization"},"potentialAction":[{"@type":"SearchAction","target":{"@type":"EntryPoint","urlTemplate":"https:\/\/www.koonings.com\/fr\/?s={search_term_string}"},"query-input":{"@type":"PropertyValueSpecification","valueRequired":true,"valueName":"search_term_string"}}],"inLanguage":"fr-FR"},{"@type":"Organization","@id":"https:\/\/www.koonings.com\/fr\/#organization","name":"Koonings","url":"https:\/\/www.koonings.com\/fr\/","logo":{"@type":"ImageObject","inLanguage":"fr-FR","@id":"https:\/\/www.koonings.com\/fr\/#\/schema\/logo\/image\/","url":"https:\/\/www.koonings.com\/wp-content\/uploads\/2024\/07\/logo.png","contentUrl":"https:\/\/www.koonings.com\/wp-content\/uploads\/2024\/07\/logo.png","width":600,"height":428,"caption":"Koonings"},"image":{"@id":"https:\/\/www.koonings.com\/fr\/#\/schema\/logo\/image\/"},"sameAs":["https:\/\/www.facebook.com\/kooningstheweddingpalace","https:\/\/www.instagram.com\/kooningstheweddingpalace","https:\/\/www.pinterest.com\/koonings","https:\/\/www.youtube.com\/kooningstheweddingpalace"]}]}},"_links":{"self":[{"href":"https:\/\/www.koonings.com\/fr\/wp-json\/wp\/v2\/product\/59445","targetHints":{"allow":["GET"]}}],"collection":[{"href":"https:\/\/www.koonings.com\/fr\/wp-json\/wp\/v2\/product"}],"about":[{"href":"https:\/\/www.koonings.com\/fr\/wp-json\/wp\/v2\/types\/product"}],"wp:featuredmedia":[{"embeddable":true,"href":"https:\/\/www.koonings.com\/fr\/wp-json\/wp\/v2\/media\/51875"}],"wp:attachment":[{"href":"https:\/\/www.koonings.com\/fr\/wp-json\/wp\/v2\/media?parent=59445"}],"wp:term":[{"taxonomy":"productdetails","embeddable":true,"href":"https:\/\/www.koonings.com\/fr\/wp-json\/wp\/v2\/productdetails?post=59445"},{"taxonomy":"productneck","embeddable":true,"href":"https:\/\/www.koonings.com\/fr\/wp-json\/wp\/v2\/productneck?post=59445"},{"taxonomy":"productcolor","embeddable":true,"href":"https:\/\/www.koonings.com\/fr\/wp-json\/wp\/v2\/productcolor?post=59445"},{"taxonomy":"maat","embeddable":true,"href":"https:\/\/www.koonings.com\/fr\/wp-json\/wp\/v2\/maat?post=59445"},{"taxonomy":"productsupplier","embeddable":true,"href":"https:\/\/www.koonings.com\/fr\/wp-json\/wp\/v2\/productsupplier?post=59445"},{"taxonomy":"productsleeve","embeddable":true,"href":"https:\/\/www.koonings.com\/fr\/wp-json\/wp\/v2\/productsleeve?post=59445"},{"taxonomy":"productcategory","embeddable":true,"href":"https:\/\/www.koonings.com\/fr\/wp-json\/wp\/v2\/productcategory?post=59445"},{"taxonomy":"productsilhouette","embeddable":true,"href":"https:\/\/www.koonings.com\/fr\/wp-json\/wp\/v2\/productsilhouette?post=59445"},{"taxonomy":"productstyle","embeddable":true,"href":"https:\/\/www.koonings.com\/fr\/wp-json\/wp\/v2\/productstyle?post=59445"}],"curies":[{"name":"wp","href":"https:\/\/api.w.org\/{rel}","templated":true}]}}