{"id":59443,"date":"2026-05-06T15:28:06","date_gmt":"2026-05-06T13:28:06","guid":{"rendered":"https:\/\/www.koonings.com\/product\/marylise-la-rosiere-1\/"},"modified":"2025-06-05T13:16:15","modified_gmt":"2025-06-05T11:16:15","slug":"marylise-la-rosiere-1","status":"publish","type":"product","link":"https:\/\/www.koonings.com\/fr\/product\/marylise-la-rosiere-1\/","title":{"rendered":"Marylise La Rosiere\/1"},"content":{"rendered":"<p>Cette robe de mari\u00e9e minimaliste en cr\u00eape pr\u00e9sente un haut sans manches avec une encolure orn\u00e9e de bijoux.<br \/>\nLa Rosi\u00e8re a un dos en V ouvert en tulle brod\u00e9 qui appara\u00eet \u00e9galement au centre de la tra\u00eene. Combin\u00e9e avec le minime Piping Blusher. Ce voile de tulle ivoire \u00e0 la taille est orn\u00e9 d&#8217;un \u00e9l\u00e9gant ruban ivoire aux extr\u00e9mit\u00e9s.<br \/>\n&#8212;<\/p>\n","protected":false},"featured_media":51937,"template":"","meta":{"_acf_changed":false,"ghostkit_customizer_options":"","ghostkit_custom_css":"","ghostkit_custom_js_head":"","ghostkit_custom_js_foot":"","ghostkit_typography":""},"productdetails":[],"productneck":[],"productcolor":[],"maat":[],"productsupplier":[410],"productsleeve":[],"productcategory":[18],"productsilhouette":[],"productstyle":[364],"class_list":["post-59443","product","type-product","status-publish","has-post-thumbnail","hentry","productsupplier-marylise","productcategory-trouwjurken","productstyle-364"],"acf":[],"yoast_head":"<!-- This site is optimized with the Yoast SEO plugin v27.3 - https:\/\/yoast.com\/product\/yoast-seo-wordpress\/ -->\n<title>Marylise La Rosiere\/1 | Koonings<\/title>\n<meta name=\"description\" content=\"Cette robe de mari\u00e9e minimaliste en cr\u00eape pr\u00e9sente un haut sans manches avec une encolure orn\u00e9e de bijoux. La Rosi\u00e8re a un dos en V ouvert en tulle brod\u00e9 qui appara\u00eet \u00e9galement au centre de la tra\u00eene. Combin\u00e9e avec le minime Piping Blusher. Ce voile de tulle ivoire \u00e0 la taille est orn\u00e9 d&#039;un \u00e9l\u00e9gant ruban ivoire aux extr\u00e9mit\u00e9s. ---\" \/>\n<meta name=\"robots\" content=\"index, follow, max-snippet:-1, max-image-preview:large, max-video-preview:-1\" \/>\n<link rel=\"canonical\" href=\"https:\/\/www.koonings.com\/fr\/product\/marylise-la-rosiere-1\/\" \/>\n<meta property=\"og:locale\" content=\"fr_FR\" \/>\n<meta property=\"og:type\" content=\"article\" \/>\n<meta property=\"og:title\" content=\"Marylise La Rosiere\/1 | Koonings\" \/>\n<meta property=\"og:description\" content=\"Cette robe de mari\u00e9e minimaliste en cr\u00eape pr\u00e9sente un haut sans manches avec une encolure orn\u00e9e de bijoux. La Rosi\u00e8re a un dos en V ouvert en tulle brod\u00e9 qui appara\u00eet \u00e9galement au centre de la tra\u00eene. Combin\u00e9e avec le minime Piping Blusher. Ce voile de tulle ivoire \u00e0 la taille est orn\u00e9 d&#039;un \u00e9l\u00e9gant ruban ivoire aux extr\u00e9mit\u00e9s. ---\" \/>\n<meta property=\"og:url\" content=\"https:\/\/www.koonings.com\/fr\/product\/marylise-la-rosiere-1\/\" \/>\n<meta property=\"og:site_name\" content=\"Koonings\" \/>\n<meta property=\"article:publisher\" content=\"https:\/\/www.facebook.com\/kooningstheweddingpalace\" \/>\n<meta property=\"og:image\" content=\"https:\/\/www.koonings.com\/wp-content\/uploads\/2024\/11\/41271_024343c625d38019259d1ff6764b5767c3364b79dd1b3091fcc02176885cd9cb4ff9e363-scaled.jpeg\" \/>\n\t<meta property=\"og:image:width\" content=\"1746\" \/>\n\t<meta property=\"og:image:height\" content=\"2560\" \/>\n\t<meta property=\"og:image:type\" content=\"image\/jpeg\" \/>\n<meta name=\"twitter:card\" content=\"summary_large_image\" \/>\n<script type=\"application\/ld+json\" class=\"yoast-schema-graph\">{\"@context\":\"https:\\\/\\\/schema.org\",\"@graph\":[{\"@type\":\"WebPage\",\"@id\":\"https:\\\/\\\/www.koonings.com\\\/fr\\\/product\\\/marylise-la-rosiere-1\\\/\",\"url\":\"https:\\\/\\\/www.koonings.com\\\/fr\\\/product\\\/marylise-la-rosiere-1\\\/\",\"name\":\"Marylise La Rosiere\\\/1 | Koonings\",\"isPartOf\":{\"@id\":\"https:\\\/\\\/www.koonings.com\\\/fr\\\/#website\"},\"primaryImageOfPage\":{\"@id\":\"https:\\\/\\\/www.koonings.com\\\/fr\\\/product\\\/marylise-la-rosiere-1\\\/#primaryimage\"},\"image\":{\"@id\":\"https:\\\/\\\/www.koonings.com\\\/fr\\\/product\\\/marylise-la-rosiere-1\\\/#primaryimage\"},\"thumbnailUrl\":\"https:\\\/\\\/www.koonings.com\\\/wp-content\\\/uploads\\\/2024\\\/11\\\/41271_024343c625d38019259d1ff6764b5767c3364b79dd1b3091fcc02176885cd9cb4ff9e363-scaled.jpeg\",\"datePublished\":\"2026-05-06T13:28:06+00:00\",\"description\":\"Cette robe de mari\u00e9e minimaliste en cr\u00eape pr\u00e9sente un haut sans manches avec une encolure orn\u00e9e de bijoux. La Rosi\u00e8re a un dos en V ouvert en tulle brod\u00e9 qui appara\u00eet \u00e9galement au centre de la tra\u00eene. Combin\u00e9e avec le minime Piping Blusher. Ce voile de tulle ivoire \u00e0 la taille est orn\u00e9 d'un \u00e9l\u00e9gant ruban ivoire aux extr\u00e9mit\u00e9s. ---\",\"breadcrumb\":{\"@id\":\"https:\\\/\\\/www.koonings.com\\\/fr\\\/product\\\/marylise-la-rosiere-1\\\/#breadcrumb\"},\"inLanguage\":\"fr-FR\",\"potentialAction\":[{\"@type\":\"ReadAction\",\"target\":[\"https:\\\/\\\/www.koonings.com\\\/fr\\\/product\\\/marylise-la-rosiere-1\\\/\"]}]},{\"@type\":\"ImageObject\",\"inLanguage\":\"fr-FR\",\"@id\":\"https:\\\/\\\/www.koonings.com\\\/fr\\\/product\\\/marylise-la-rosiere-1\\\/#primaryimage\",\"url\":\"https:\\\/\\\/www.koonings.com\\\/wp-content\\\/uploads\\\/2024\\\/11\\\/41271_024343c625d38019259d1ff6764b5767c3364b79dd1b3091fcc02176885cd9cb4ff9e363-scaled.jpeg\",\"contentUrl\":\"https:\\\/\\\/www.koonings.com\\\/wp-content\\\/uploads\\\/2024\\\/11\\\/41271_024343c625d38019259d1ff6764b5767c3364b79dd1b3091fcc02176885cd9cb4ff9e363-scaled.jpeg\",\"width\":1746,\"height\":2560},{\"@type\":\"BreadcrumbList\",\"@id\":\"https:\\\/\\\/www.koonings.com\\\/fr\\\/product\\\/marylise-la-rosiere-1\\\/#breadcrumb\",\"itemListElement\":[{\"@type\":\"ListItem\",\"position\":1,\"name\":\"Home\",\"item\":\"https:\\\/\\\/www.koonings.com\\\/fr\\\/\"},{\"@type\":\"ListItem\",\"position\":2,\"name\":\"Marylise La Rosiere\\\/1\"}]},{\"@type\":\"WebSite\",\"@id\":\"https:\\\/\\\/www.koonings.com\\\/fr\\\/#website\",\"url\":\"https:\\\/\\\/www.koonings.com\\\/fr\\\/\",\"name\":\"Koonings\",\"description\":\"De grootste bruidsmodewinkel ter wereld\",\"publisher\":{\"@id\":\"https:\\\/\\\/www.koonings.com\\\/fr\\\/#organization\"},\"potentialAction\":[{\"@type\":\"SearchAction\",\"target\":{\"@type\":\"EntryPoint\",\"urlTemplate\":\"https:\\\/\\\/www.koonings.com\\\/fr\\\/?s={search_term_string}\"},\"query-input\":{\"@type\":\"PropertyValueSpecification\",\"valueRequired\":true,\"valueName\":\"search_term_string\"}}],\"inLanguage\":\"fr-FR\"},{\"@type\":\"Organization\",\"@id\":\"https:\\\/\\\/www.koonings.com\\\/fr\\\/#organization\",\"name\":\"Koonings\",\"url\":\"https:\\\/\\\/www.koonings.com\\\/fr\\\/\",\"logo\":{\"@type\":\"ImageObject\",\"inLanguage\":\"fr-FR\",\"@id\":\"https:\\\/\\\/www.koonings.com\\\/fr\\\/#\\\/schema\\\/logo\\\/image\\\/\",\"url\":\"https:\\\/\\\/www.koonings.com\\\/wp-content\\\/uploads\\\/2024\\\/07\\\/logo.png\",\"contentUrl\":\"https:\\\/\\\/www.koonings.com\\\/wp-content\\\/uploads\\\/2024\\\/07\\\/logo.png\",\"width\":600,\"height\":428,\"caption\":\"Koonings\"},\"image\":{\"@id\":\"https:\\\/\\\/www.koonings.com\\\/fr\\\/#\\\/schema\\\/logo\\\/image\\\/\"},\"sameAs\":[\"https:\\\/\\\/www.facebook.com\\\/kooningstheweddingpalace\",\"https:\\\/\\\/www.instagram.com\\\/kooningstheweddingpalace\",\"https:\\\/\\\/www.pinterest.com\\\/koonings\",\"https:\\\/\\\/www.youtube.com\\\/kooningstheweddingpalace\"]}]}<\/script>\n<!-- \/ Yoast SEO plugin. -->","yoast_head_json":{"title":"Marylise La Rosiere\/1 | Koonings","description":"Cette robe de mari\u00e9e minimaliste en cr\u00eape pr\u00e9sente un haut sans manches avec une encolure orn\u00e9e de bijoux. La Rosi\u00e8re a un dos en V ouvert en tulle brod\u00e9 qui appara\u00eet \u00e9galement au centre de la tra\u00eene. Combin\u00e9e avec le minime Piping Blusher. Ce voile de tulle ivoire \u00e0 la taille est orn\u00e9 d'un \u00e9l\u00e9gant ruban ivoire aux extr\u00e9mit\u00e9s. ---","robots":{"index":"index","follow":"follow","max-snippet":"max-snippet:-1","max-image-preview":"max-image-preview:large","max-video-preview":"max-video-preview:-1"},"canonical":"https:\/\/www.koonings.com\/fr\/product\/marylise-la-rosiere-1\/","og_locale":"fr_FR","og_type":"article","og_title":"Marylise La Rosiere\/1 | Koonings","og_description":"Cette robe de mari\u00e9e minimaliste en cr\u00eape pr\u00e9sente un haut sans manches avec une encolure orn\u00e9e de bijoux. La Rosi\u00e8re a un dos en V ouvert en tulle brod\u00e9 qui appara\u00eet \u00e9galement au centre de la tra\u00eene. Combin\u00e9e avec le minime Piping Blusher. Ce voile de tulle ivoire \u00e0 la taille est orn\u00e9 d'un \u00e9l\u00e9gant ruban ivoire aux extr\u00e9mit\u00e9s. ---","og_url":"https:\/\/www.koonings.com\/fr\/product\/marylise-la-rosiere-1\/","og_site_name":"Koonings","article_publisher":"https:\/\/www.facebook.com\/kooningstheweddingpalace","og_image":[{"width":1746,"height":2560,"url":"https:\/\/www.koonings.com\/wp-content\/uploads\/2024\/11\/41271_024343c625d38019259d1ff6764b5767c3364b79dd1b3091fcc02176885cd9cb4ff9e363-scaled.jpeg","type":"image\/jpeg"}],"twitter_card":"summary_large_image","schema":{"@context":"https:\/\/schema.org","@graph":[{"@type":"WebPage","@id":"https:\/\/www.koonings.com\/fr\/product\/marylise-la-rosiere-1\/","url":"https:\/\/www.koonings.com\/fr\/product\/marylise-la-rosiere-1\/","name":"Marylise La Rosiere\/1 | Koonings","isPartOf":{"@id":"https:\/\/www.koonings.com\/fr\/#website"},"primaryImageOfPage":{"@id":"https:\/\/www.koonings.com\/fr\/product\/marylise-la-rosiere-1\/#primaryimage"},"image":{"@id":"https:\/\/www.koonings.com\/fr\/product\/marylise-la-rosiere-1\/#primaryimage"},"thumbnailUrl":"https:\/\/www.koonings.com\/wp-content\/uploads\/2024\/11\/41271_024343c625d38019259d1ff6764b5767c3364b79dd1b3091fcc02176885cd9cb4ff9e363-scaled.jpeg","datePublished":"2026-05-06T13:28:06+00:00","description":"Cette robe de mari\u00e9e minimaliste en cr\u00eape pr\u00e9sente un haut sans manches avec une encolure orn\u00e9e de bijoux. La Rosi\u00e8re a un dos en V ouvert en tulle brod\u00e9 qui appara\u00eet \u00e9galement au centre de la tra\u00eene. Combin\u00e9e avec le minime Piping Blusher. Ce voile de tulle ivoire \u00e0 la taille est orn\u00e9 d'un \u00e9l\u00e9gant ruban ivoire aux extr\u00e9mit\u00e9s. ---","breadcrumb":{"@id":"https:\/\/www.koonings.com\/fr\/product\/marylise-la-rosiere-1\/#breadcrumb"},"inLanguage":"fr-FR","potentialAction":[{"@type":"ReadAction","target":["https:\/\/www.koonings.com\/fr\/product\/marylise-la-rosiere-1\/"]}]},{"@type":"ImageObject","inLanguage":"fr-FR","@id":"https:\/\/www.koonings.com\/fr\/product\/marylise-la-rosiere-1\/#primaryimage","url":"https:\/\/www.koonings.com\/wp-content\/uploads\/2024\/11\/41271_024343c625d38019259d1ff6764b5767c3364b79dd1b3091fcc02176885cd9cb4ff9e363-scaled.jpeg","contentUrl":"https:\/\/www.koonings.com\/wp-content\/uploads\/2024\/11\/41271_024343c625d38019259d1ff6764b5767c3364b79dd1b3091fcc02176885cd9cb4ff9e363-scaled.jpeg","width":1746,"height":2560},{"@type":"BreadcrumbList","@id":"https:\/\/www.koonings.com\/fr\/product\/marylise-la-rosiere-1\/#breadcrumb","itemListElement":[{"@type":"ListItem","position":1,"name":"Home","item":"https:\/\/www.koonings.com\/fr\/"},{"@type":"ListItem","position":2,"name":"Marylise La Rosiere\/1"}]},{"@type":"WebSite","@id":"https:\/\/www.koonings.com\/fr\/#website","url":"https:\/\/www.koonings.com\/fr\/","name":"Koonings","description":"De grootste bruidsmodewinkel ter wereld","publisher":{"@id":"https:\/\/www.koonings.com\/fr\/#organization"},"potentialAction":[{"@type":"SearchAction","target":{"@type":"EntryPoint","urlTemplate":"https:\/\/www.koonings.com\/fr\/?s={search_term_string}"},"query-input":{"@type":"PropertyValueSpecification","valueRequired":true,"valueName":"search_term_string"}}],"inLanguage":"fr-FR"},{"@type":"Organization","@id":"https:\/\/www.koonings.com\/fr\/#organization","name":"Koonings","url":"https:\/\/www.koonings.com\/fr\/","logo":{"@type":"ImageObject","inLanguage":"fr-FR","@id":"https:\/\/www.koonings.com\/fr\/#\/schema\/logo\/image\/","url":"https:\/\/www.koonings.com\/wp-content\/uploads\/2024\/07\/logo.png","contentUrl":"https:\/\/www.koonings.com\/wp-content\/uploads\/2024\/07\/logo.png","width":600,"height":428,"caption":"Koonings"},"image":{"@id":"https:\/\/www.koonings.com\/fr\/#\/schema\/logo\/image\/"},"sameAs":["https:\/\/www.facebook.com\/kooningstheweddingpalace","https:\/\/www.instagram.com\/kooningstheweddingpalace","https:\/\/www.pinterest.com\/koonings","https:\/\/www.youtube.com\/kooningstheweddingpalace"]}]}},"_links":{"self":[{"href":"https:\/\/www.koonings.com\/fr\/wp-json\/wp\/v2\/product\/59443","targetHints":{"allow":["GET"]}}],"collection":[{"href":"https:\/\/www.koonings.com\/fr\/wp-json\/wp\/v2\/product"}],"about":[{"href":"https:\/\/www.koonings.com\/fr\/wp-json\/wp\/v2\/types\/product"}],"wp:featuredmedia":[{"embeddable":true,"href":"https:\/\/www.koonings.com\/fr\/wp-json\/wp\/v2\/media\/51937"}],"wp:attachment":[{"href":"https:\/\/www.koonings.com\/fr\/wp-json\/wp\/v2\/media?parent=59443"}],"wp:term":[{"taxonomy":"productdetails","embeddable":true,"href":"https:\/\/www.koonings.com\/fr\/wp-json\/wp\/v2\/productdetails?post=59443"},{"taxonomy":"productneck","embeddable":true,"href":"https:\/\/www.koonings.com\/fr\/wp-json\/wp\/v2\/productneck?post=59443"},{"taxonomy":"productcolor","embeddable":true,"href":"https:\/\/www.koonings.com\/fr\/wp-json\/wp\/v2\/productcolor?post=59443"},{"taxonomy":"maat","embeddable":true,"href":"https:\/\/www.koonings.com\/fr\/wp-json\/wp\/v2\/maat?post=59443"},{"taxonomy":"productsupplier","embeddable":true,"href":"https:\/\/www.koonings.com\/fr\/wp-json\/wp\/v2\/productsupplier?post=59443"},{"taxonomy":"productsleeve","embeddable":true,"href":"https:\/\/www.koonings.com\/fr\/wp-json\/wp\/v2\/productsleeve?post=59443"},{"taxonomy":"productcategory","embeddable":true,"href":"https:\/\/www.koonings.com\/fr\/wp-json\/wp\/v2\/productcategory?post=59443"},{"taxonomy":"productsilhouette","embeddable":true,"href":"https:\/\/www.koonings.com\/fr\/wp-json\/wp\/v2\/productsilhouette?post=59443"},{"taxonomy":"productstyle","embeddable":true,"href":"https:\/\/www.koonings.com\/fr\/wp-json\/wp\/v2\/productstyle?post=59443"}],"curies":[{"name":"wp","href":"https:\/\/api.w.org\/{rel}","templated":true}]}}