{"id":59412,"date":"2026-03-27T16:25:01","date_gmt":"2026-03-27T15:25:01","guid":{"rendered":"https:\/\/www.koonings.com\/product\/milla-nova-yuna\/"},"modified":"2026-02-16T14:43:09","modified_gmt":"2026-02-16T13:43:09","slug":"milla-nova-yuna","status":"publish","type":"product","link":"https:\/\/www.koonings.com\/fr\/product\/milla-nova-yuna\/","title":{"rendered":"Milla Nova Yuna"},"content":{"rendered":"<p>Mini robe de mari\u00e9e \u00e0 manches longues en dentelle chantilly. Le col roul\u00e9 se distingue par une silhouette bodycon, une fermeture boutonn\u00e9e au dos et une mini-jupe ajust\u00e9e. Elle peut \u00eatre rehauss\u00e9e d&#8217;une tra\u00eene lat\u00e9rale amovible en dentelle chantilly jusqu&#8217;au sol.  <\/p>\n","protected":false},"featured_media":52132,"template":"","meta":{"_acf_changed":false,"ghostkit_customizer_options":"","ghostkit_custom_css":"","ghostkit_custom_js_head":"","ghostkit_custom_js_foot":"","ghostkit_typography":""},"productdetails":[376],"productneck":[350],"productcolor":[393,392],"maat":[],"productsupplier":[446],"productsleeve":[362],"productcategory":[18],"productsilhouette":[386],"productstyle":[370,373],"class_list":["post-59412","product","type-product","status-publish","has-post-thumbnail","hentry","productdetails-376","productneck-350","productcolor-393","productcolor-392","productsupplier-milla-nova","productsleeve-362","productcategory-trouwjurken","productsilhouette-386","productstyle-370","productstyle-373"],"acf":[],"yoast_head":"<!-- This site is optimized with the Yoast SEO plugin v26.8 - https:\/\/yoast.com\/product\/yoast-seo-wordpress\/ -->\n<title>Milla Nova Yuna | Koonings<\/title>\n<meta name=\"description\" content=\"Mini robe de mari\u00e9e \u00e0 manches longues en dentelle chantilly. Le col roul\u00e9 se distingue par une silhouette bodycon, une fermeture boutonn\u00e9e au dos et une mini-jupe ajust\u00e9e. Elle peut \u00eatre rehauss\u00e9e d&#039;une tra\u00eene lat\u00e9rale amovible en dentelle chantilly jusqu&#039;au sol.\" \/>\n<meta name=\"robots\" content=\"index, follow, max-snippet:-1, max-image-preview:large, max-video-preview:-1\" \/>\n<link rel=\"canonical\" href=\"https:\/\/www.koonings.com\/fr\/product\/milla-nova-yuna\/\" \/>\n<meta property=\"og:locale\" content=\"fr_FR\" \/>\n<meta property=\"og:type\" content=\"article\" \/>\n<meta property=\"og:title\" content=\"Milla Nova Yuna | Koonings\" \/>\n<meta property=\"og:description\" content=\"Mini robe de mari\u00e9e \u00e0 manches longues en dentelle chantilly. Le col roul\u00e9 se distingue par une silhouette bodycon, une fermeture boutonn\u00e9e au dos et une mini-jupe ajust\u00e9e. Elle peut \u00eatre rehauss\u00e9e d&#039;une tra\u00eene lat\u00e9rale amovible en dentelle chantilly jusqu&#039;au sol.\" \/>\n<meta property=\"og:url\" content=\"https:\/\/www.koonings.com\/fr\/product\/milla-nova-yuna\/\" \/>\n<meta property=\"og:site_name\" content=\"Koonings\" \/>\n<meta property=\"article:publisher\" content=\"https:\/\/www.facebook.com\/kooningstheweddingpalace\" \/>\n<meta property=\"og:image\" content=\"https:\/\/www.koonings.com\/wp-content\/uploads\/2024\/11\/41301_de01829b18e364297b149d5adc24090c8f91563c0de2597ee7ca369c4f49380db5444bc4-scaled.jpeg\" \/>\n\t<meta property=\"og:image:width\" content=\"1811\" \/>\n\t<meta property=\"og:image:height\" content=\"2560\" \/>\n\t<meta property=\"og:image:type\" content=\"image\/jpeg\" \/>\n<meta name=\"twitter:card\" content=\"summary_large_image\" \/>\n<script type=\"application\/ld+json\" class=\"yoast-schema-graph\">{\"@context\":\"https:\/\/schema.org\",\"@graph\":[{\"@type\":\"WebPage\",\"@id\":\"https:\/\/www.koonings.com\/fr\/product\/milla-nova-yuna\/\",\"url\":\"https:\/\/www.koonings.com\/fr\/product\/milla-nova-yuna\/\",\"name\":\"Milla Nova Yuna | Koonings\",\"isPartOf\":{\"@id\":\"https:\/\/www.koonings.com\/fr\/#website\"},\"primaryImageOfPage\":{\"@id\":\"https:\/\/www.koonings.com\/fr\/product\/milla-nova-yuna\/#primaryimage\"},\"image\":{\"@id\":\"https:\/\/www.koonings.com\/fr\/product\/milla-nova-yuna\/#primaryimage\"},\"thumbnailUrl\":\"https:\/\/www.koonings.com\/wp-content\/uploads\/2024\/11\/41301_de01829b18e364297b149d5adc24090c8f91563c0de2597ee7ca369c4f49380db5444bc4-scaled.jpeg\",\"datePublished\":\"2026-03-27T15:25:01+00:00\",\"description\":\"Mini robe de mari\u00e9e \u00e0 manches longues en dentelle chantilly. Le col roul\u00e9 se distingue par une silhouette bodycon, une fermeture boutonn\u00e9e au dos et une mini-jupe ajust\u00e9e. Elle peut \u00eatre rehauss\u00e9e d'une tra\u00eene lat\u00e9rale amovible en dentelle chantilly jusqu'au sol.\",\"breadcrumb\":{\"@id\":\"https:\/\/www.koonings.com\/fr\/product\/milla-nova-yuna\/#breadcrumb\"},\"inLanguage\":\"fr-FR\",\"potentialAction\":[{\"@type\":\"ReadAction\",\"target\":[\"https:\/\/www.koonings.com\/fr\/product\/milla-nova-yuna\/\"]}]},{\"@type\":\"ImageObject\",\"inLanguage\":\"fr-FR\",\"@id\":\"https:\/\/www.koonings.com\/fr\/product\/milla-nova-yuna\/#primaryimage\",\"url\":\"https:\/\/www.koonings.com\/wp-content\/uploads\/2024\/11\/41301_de01829b18e364297b149d5adc24090c8f91563c0de2597ee7ca369c4f49380db5444bc4-scaled.jpeg\",\"contentUrl\":\"https:\/\/www.koonings.com\/wp-content\/uploads\/2024\/11\/41301_de01829b18e364297b149d5adc24090c8f91563c0de2597ee7ca369c4f49380db5444bc4-scaled.jpeg\",\"width\":1811,\"height\":2560},{\"@type\":\"BreadcrumbList\",\"@id\":\"https:\/\/www.koonings.com\/fr\/product\/milla-nova-yuna\/#breadcrumb\",\"itemListElement\":[{\"@type\":\"ListItem\",\"position\":1,\"name\":\"Home\",\"item\":\"https:\/\/www.koonings.com\/fr\/\"},{\"@type\":\"ListItem\",\"position\":2,\"name\":\"Milla Nova Yuna\"}]},{\"@type\":\"WebSite\",\"@id\":\"https:\/\/www.koonings.com\/fr\/#website\",\"url\":\"https:\/\/www.koonings.com\/fr\/\",\"name\":\"Koonings\",\"description\":\"De grootste bruidsmodewinkel ter wereld\",\"publisher\":{\"@id\":\"https:\/\/www.koonings.com\/fr\/#organization\"},\"potentialAction\":[{\"@type\":\"SearchAction\",\"target\":{\"@type\":\"EntryPoint\",\"urlTemplate\":\"https:\/\/www.koonings.com\/fr\/?s={search_term_string}\"},\"query-input\":{\"@type\":\"PropertyValueSpecification\",\"valueRequired\":true,\"valueName\":\"search_term_string\"}}],\"inLanguage\":\"fr-FR\"},{\"@type\":\"Organization\",\"@id\":\"https:\/\/www.koonings.com\/fr\/#organization\",\"name\":\"Koonings\",\"url\":\"https:\/\/www.koonings.com\/fr\/\",\"logo\":{\"@type\":\"ImageObject\",\"inLanguage\":\"fr-FR\",\"@id\":\"https:\/\/www.koonings.com\/fr\/#\/schema\/logo\/image\/\",\"url\":\"https:\/\/www.koonings.com\/wp-content\/uploads\/2024\/07\/logo.png\",\"contentUrl\":\"https:\/\/www.koonings.com\/wp-content\/uploads\/2024\/07\/logo.png\",\"width\":600,\"height\":428,\"caption\":\"Koonings\"},\"image\":{\"@id\":\"https:\/\/www.koonings.com\/fr\/#\/schema\/logo\/image\/\"},\"sameAs\":[\"https:\/\/www.facebook.com\/kooningstheweddingpalace\",\"https:\/\/www.instagram.com\/kooningstheweddingpalace\",\"https:\/\/www.pinterest.com\/koonings\",\"https:\/\/www.youtube.com\/kooningstheweddingpalace\"]}]}<\/script>\n<!-- \/ Yoast SEO plugin. -->","yoast_head_json":{"title":"Milla Nova Yuna | Koonings","description":"Mini robe de mari\u00e9e \u00e0 manches longues en dentelle chantilly. Le col roul\u00e9 se distingue par une silhouette bodycon, une fermeture boutonn\u00e9e au dos et une mini-jupe ajust\u00e9e. Elle peut \u00eatre rehauss\u00e9e d'une tra\u00eene lat\u00e9rale amovible en dentelle chantilly jusqu'au sol.","robots":{"index":"index","follow":"follow","max-snippet":"max-snippet:-1","max-image-preview":"max-image-preview:large","max-video-preview":"max-video-preview:-1"},"canonical":"https:\/\/www.koonings.com\/fr\/product\/milla-nova-yuna\/","og_locale":"fr_FR","og_type":"article","og_title":"Milla Nova Yuna | Koonings","og_description":"Mini robe de mari\u00e9e \u00e0 manches longues en dentelle chantilly. Le col roul\u00e9 se distingue par une silhouette bodycon, une fermeture boutonn\u00e9e au dos et une mini-jupe ajust\u00e9e. Elle peut \u00eatre rehauss\u00e9e d'une tra\u00eene lat\u00e9rale amovible en dentelle chantilly jusqu'au sol.","og_url":"https:\/\/www.koonings.com\/fr\/product\/milla-nova-yuna\/","og_site_name":"Koonings","article_publisher":"https:\/\/www.facebook.com\/kooningstheweddingpalace","og_image":[{"width":1811,"height":2560,"url":"https:\/\/www.koonings.com\/wp-content\/uploads\/2024\/11\/41301_de01829b18e364297b149d5adc24090c8f91563c0de2597ee7ca369c4f49380db5444bc4-scaled.jpeg","type":"image\/jpeg"}],"twitter_card":"summary_large_image","schema":{"@context":"https:\/\/schema.org","@graph":[{"@type":"WebPage","@id":"https:\/\/www.koonings.com\/fr\/product\/milla-nova-yuna\/","url":"https:\/\/www.koonings.com\/fr\/product\/milla-nova-yuna\/","name":"Milla Nova Yuna | Koonings","isPartOf":{"@id":"https:\/\/www.koonings.com\/fr\/#website"},"primaryImageOfPage":{"@id":"https:\/\/www.koonings.com\/fr\/product\/milla-nova-yuna\/#primaryimage"},"image":{"@id":"https:\/\/www.koonings.com\/fr\/product\/milla-nova-yuna\/#primaryimage"},"thumbnailUrl":"https:\/\/www.koonings.com\/wp-content\/uploads\/2024\/11\/41301_de01829b18e364297b149d5adc24090c8f91563c0de2597ee7ca369c4f49380db5444bc4-scaled.jpeg","datePublished":"2026-03-27T15:25:01+00:00","description":"Mini robe de mari\u00e9e \u00e0 manches longues en dentelle chantilly. Le col roul\u00e9 se distingue par une silhouette bodycon, une fermeture boutonn\u00e9e au dos et une mini-jupe ajust\u00e9e. Elle peut \u00eatre rehauss\u00e9e d'une tra\u00eene lat\u00e9rale amovible en dentelle chantilly jusqu'au sol.","breadcrumb":{"@id":"https:\/\/www.koonings.com\/fr\/product\/milla-nova-yuna\/#breadcrumb"},"inLanguage":"fr-FR","potentialAction":[{"@type":"ReadAction","target":["https:\/\/www.koonings.com\/fr\/product\/milla-nova-yuna\/"]}]},{"@type":"ImageObject","inLanguage":"fr-FR","@id":"https:\/\/www.koonings.com\/fr\/product\/milla-nova-yuna\/#primaryimage","url":"https:\/\/www.koonings.com\/wp-content\/uploads\/2024\/11\/41301_de01829b18e364297b149d5adc24090c8f91563c0de2597ee7ca369c4f49380db5444bc4-scaled.jpeg","contentUrl":"https:\/\/www.koonings.com\/wp-content\/uploads\/2024\/11\/41301_de01829b18e364297b149d5adc24090c8f91563c0de2597ee7ca369c4f49380db5444bc4-scaled.jpeg","width":1811,"height":2560},{"@type":"BreadcrumbList","@id":"https:\/\/www.koonings.com\/fr\/product\/milla-nova-yuna\/#breadcrumb","itemListElement":[{"@type":"ListItem","position":1,"name":"Home","item":"https:\/\/www.koonings.com\/fr\/"},{"@type":"ListItem","position":2,"name":"Milla Nova Yuna"}]},{"@type":"WebSite","@id":"https:\/\/www.koonings.com\/fr\/#website","url":"https:\/\/www.koonings.com\/fr\/","name":"Koonings","description":"De grootste bruidsmodewinkel ter wereld","publisher":{"@id":"https:\/\/www.koonings.com\/fr\/#organization"},"potentialAction":[{"@type":"SearchAction","target":{"@type":"EntryPoint","urlTemplate":"https:\/\/www.koonings.com\/fr\/?s={search_term_string}"},"query-input":{"@type":"PropertyValueSpecification","valueRequired":true,"valueName":"search_term_string"}}],"inLanguage":"fr-FR"},{"@type":"Organization","@id":"https:\/\/www.koonings.com\/fr\/#organization","name":"Koonings","url":"https:\/\/www.koonings.com\/fr\/","logo":{"@type":"ImageObject","inLanguage":"fr-FR","@id":"https:\/\/www.koonings.com\/fr\/#\/schema\/logo\/image\/","url":"https:\/\/www.koonings.com\/wp-content\/uploads\/2024\/07\/logo.png","contentUrl":"https:\/\/www.koonings.com\/wp-content\/uploads\/2024\/07\/logo.png","width":600,"height":428,"caption":"Koonings"},"image":{"@id":"https:\/\/www.koonings.com\/fr\/#\/schema\/logo\/image\/"},"sameAs":["https:\/\/www.facebook.com\/kooningstheweddingpalace","https:\/\/www.instagram.com\/kooningstheweddingpalace","https:\/\/www.pinterest.com\/koonings","https:\/\/www.youtube.com\/kooningstheweddingpalace"]}]}},"_links":{"self":[{"href":"https:\/\/www.koonings.com\/fr\/wp-json\/wp\/v2\/product\/59412","targetHints":{"allow":["GET"]}}],"collection":[{"href":"https:\/\/www.koonings.com\/fr\/wp-json\/wp\/v2\/product"}],"about":[{"href":"https:\/\/www.koonings.com\/fr\/wp-json\/wp\/v2\/types\/product"}],"wp:featuredmedia":[{"embeddable":true,"href":"https:\/\/www.koonings.com\/fr\/wp-json\/wp\/v2\/media\/52132"}],"wp:attachment":[{"href":"https:\/\/www.koonings.com\/fr\/wp-json\/wp\/v2\/media?parent=59412"}],"wp:term":[{"taxonomy":"productdetails","embeddable":true,"href":"https:\/\/www.koonings.com\/fr\/wp-json\/wp\/v2\/productdetails?post=59412"},{"taxonomy":"productneck","embeddable":true,"href":"https:\/\/www.koonings.com\/fr\/wp-json\/wp\/v2\/productneck?post=59412"},{"taxonomy":"productcolor","embeddable":true,"href":"https:\/\/www.koonings.com\/fr\/wp-json\/wp\/v2\/productcolor?post=59412"},{"taxonomy":"maat","embeddable":true,"href":"https:\/\/www.koonings.com\/fr\/wp-json\/wp\/v2\/maat?post=59412"},{"taxonomy":"productsupplier","embeddable":true,"href":"https:\/\/www.koonings.com\/fr\/wp-json\/wp\/v2\/productsupplier?post=59412"},{"taxonomy":"productsleeve","embeddable":true,"href":"https:\/\/www.koonings.com\/fr\/wp-json\/wp\/v2\/productsleeve?post=59412"},{"taxonomy":"productcategory","embeddable":true,"href":"https:\/\/www.koonings.com\/fr\/wp-json\/wp\/v2\/productcategory?post=59412"},{"taxonomy":"productsilhouette","embeddable":true,"href":"https:\/\/www.koonings.com\/fr\/wp-json\/wp\/v2\/productsilhouette?post=59412"},{"taxonomy":"productstyle","embeddable":true,"href":"https:\/\/www.koonings.com\/fr\/wp-json\/wp\/v2\/productstyle?post=59412"}],"curies":[{"name":"wp","href":"https:\/\/api.w.org\/{rel}","templated":true}]}}