{"id":59411,"date":"2026-05-06T15:28:12","date_gmt":"2026-05-06T13:28:12","guid":{"rendered":"https:\/\/www.koonings.com\/product\/milla-nova-giacoma\/"},"modified":"2025-06-05T13:23:19","modified_gmt":"2025-06-05T11:23:19","slug":"milla-nova-giacoma","status":"publish","type":"product","link":"https:\/\/www.koonings.com\/fr\/product\/milla-nova-giacoma\/","title":{"rendered":"Milla Nova Giacoma"},"content":{"rendered":"<p>Captivante robe fourreau en dentelle, enti\u00e8rement d\u00e9cor\u00e9e \u00e0 la main d&#8217;appliques florales et de paillettes. Elle pr\u00e9sente un d\u00e9collet\u00e9 en forme de c\u0153ur avec des bretelles spaghetti, un corsage semi-transparent avec une armature et des bonnets int\u00e9gr\u00e9s, un dos transparent ferm\u00e9 par une fermeture \u00e0 glissi\u00e8re et une jupe ajust\u00e9e avec une courte tra\u00eene. Le look peut \u00eatre compl\u00e9t\u00e9 par des manches amovibles \u00e0 \u00e9paules d\u00e9couvertes.  <\/p>\n","protected":false},"featured_media":52094,"template":"","meta":{"_acf_changed":false,"ghostkit_customizer_options":"","ghostkit_custom_css":"","ghostkit_custom_js_head":"","ghostkit_custom_js_foot":"","ghostkit_typography":""},"productdetails":[],"productneck":[355],"productcolor":[393,392],"maat":[],"productsupplier":[446],"productsleeve":[359],"productcategory":[18],"productsilhouette":[387],"productstyle":[366],"class_list":["post-59411","product","type-product","status-publish","has-post-thumbnail","hentry","productneck-355","productcolor-393","productcolor-392","productsupplier-milla-nova","productsleeve-359","productcategory-trouwjurken","productsilhouette-387","productstyle-366"],"acf":[],"yoast_head":"<!-- This site is optimized with the Yoast SEO plugin v27.3 - https:\/\/yoast.com\/product\/yoast-seo-wordpress\/ -->\n<title>Milla Nova Giacoma | Koonings<\/title>\n<meta name=\"description\" content=\"Captivante robe fourreau en dentelle, enti\u00e8rement d\u00e9cor\u00e9e \u00e0 la main d&#039;appliques florales et de paillettes. Elle pr\u00e9sente un d\u00e9collet\u00e9 en forme de c\u0153ur avec des bretelles spaghetti, un corsage semi-transparent avec une armature et des bonnets int\u00e9gr\u00e9s, un dos transparent ferm\u00e9 par une fermeture \u00e0 glissi\u00e8re et une jupe ajust\u00e9e avec une courte tra\u00eene. Le look peut \u00eatre compl\u00e9t\u00e9 par des manches amovibles \u00e0 \u00e9paules d\u00e9couvertes.\" \/>\n<meta name=\"robots\" content=\"index, follow, max-snippet:-1, max-image-preview:large, max-video-preview:-1\" \/>\n<link rel=\"canonical\" href=\"https:\/\/www.koonings.com\/fr\/product\/milla-nova-giacoma\/\" \/>\n<meta property=\"og:locale\" content=\"fr_FR\" \/>\n<meta property=\"og:type\" content=\"article\" \/>\n<meta property=\"og:title\" content=\"Milla Nova Giacoma | Koonings\" \/>\n<meta property=\"og:description\" content=\"Captivante robe fourreau en dentelle, enti\u00e8rement d\u00e9cor\u00e9e \u00e0 la main d&#039;appliques florales et de paillettes. Elle pr\u00e9sente un d\u00e9collet\u00e9 en forme de c\u0153ur avec des bretelles spaghetti, un corsage semi-transparent avec une armature et des bonnets int\u00e9gr\u00e9s, un dos transparent ferm\u00e9 par une fermeture \u00e0 glissi\u00e8re et une jupe ajust\u00e9e avec une courte tra\u00eene. Le look peut \u00eatre compl\u00e9t\u00e9 par des manches amovibles \u00e0 \u00e9paules d\u00e9couvertes.\" \/>\n<meta property=\"og:url\" content=\"https:\/\/www.koonings.com\/fr\/product\/milla-nova-giacoma\/\" \/>\n<meta property=\"og:site_name\" content=\"Koonings\" \/>\n<meta property=\"article:publisher\" content=\"https:\/\/www.facebook.com\/kooningstheweddingpalace\" \/>\n<meta property=\"og:image\" content=\"https:\/\/www.koonings.com\/wp-content\/uploads\/2024\/11\/41299_d5d798dde2ae961c55262f21d139984554e0c88169c4cc0c85254a760415a4ac8aa0bd57-scaled.jpeg\" \/>\n\t<meta property=\"og:image:width\" content=\"1808\" \/>\n\t<meta property=\"og:image:height\" content=\"2560\" \/>\n\t<meta property=\"og:image:type\" content=\"image\/jpeg\" \/>\n<meta name=\"twitter:card\" content=\"summary_large_image\" \/>\n<script type=\"application\/ld+json\" class=\"yoast-schema-graph\">{\"@context\":\"https:\\\/\\\/schema.org\",\"@graph\":[{\"@type\":\"WebPage\",\"@id\":\"https:\\\/\\\/www.koonings.com\\\/fr\\\/product\\\/milla-nova-giacoma\\\/\",\"url\":\"https:\\\/\\\/www.koonings.com\\\/fr\\\/product\\\/milla-nova-giacoma\\\/\",\"name\":\"Milla Nova Giacoma | Koonings\",\"isPartOf\":{\"@id\":\"https:\\\/\\\/www.koonings.com\\\/fr\\\/#website\"},\"primaryImageOfPage\":{\"@id\":\"https:\\\/\\\/www.koonings.com\\\/fr\\\/product\\\/milla-nova-giacoma\\\/#primaryimage\"},\"image\":{\"@id\":\"https:\\\/\\\/www.koonings.com\\\/fr\\\/product\\\/milla-nova-giacoma\\\/#primaryimage\"},\"thumbnailUrl\":\"https:\\\/\\\/www.koonings.com\\\/wp-content\\\/uploads\\\/2024\\\/11\\\/41299_d5d798dde2ae961c55262f21d139984554e0c88169c4cc0c85254a760415a4ac8aa0bd57-scaled.jpeg\",\"datePublished\":\"2026-05-06T13:28:12+00:00\",\"description\":\"Captivante robe fourreau en dentelle, enti\u00e8rement d\u00e9cor\u00e9e \u00e0 la main d'appliques florales et de paillettes. Elle pr\u00e9sente un d\u00e9collet\u00e9 en forme de c\u0153ur avec des bretelles spaghetti, un corsage semi-transparent avec une armature et des bonnets int\u00e9gr\u00e9s, un dos transparent ferm\u00e9 par une fermeture \u00e0 glissi\u00e8re et une jupe ajust\u00e9e avec une courte tra\u00eene. Le look peut \u00eatre compl\u00e9t\u00e9 par des manches amovibles \u00e0 \u00e9paules d\u00e9couvertes.\",\"breadcrumb\":{\"@id\":\"https:\\\/\\\/www.koonings.com\\\/fr\\\/product\\\/milla-nova-giacoma\\\/#breadcrumb\"},\"inLanguage\":\"fr-FR\",\"potentialAction\":[{\"@type\":\"ReadAction\",\"target\":[\"https:\\\/\\\/www.koonings.com\\\/fr\\\/product\\\/milla-nova-giacoma\\\/\"]}]},{\"@type\":\"ImageObject\",\"inLanguage\":\"fr-FR\",\"@id\":\"https:\\\/\\\/www.koonings.com\\\/fr\\\/product\\\/milla-nova-giacoma\\\/#primaryimage\",\"url\":\"https:\\\/\\\/www.koonings.com\\\/wp-content\\\/uploads\\\/2024\\\/11\\\/41299_d5d798dde2ae961c55262f21d139984554e0c88169c4cc0c85254a760415a4ac8aa0bd57-scaled.jpeg\",\"contentUrl\":\"https:\\\/\\\/www.koonings.com\\\/wp-content\\\/uploads\\\/2024\\\/11\\\/41299_d5d798dde2ae961c55262f21d139984554e0c88169c4cc0c85254a760415a4ac8aa0bd57-scaled.jpeg\",\"width\":1808,\"height\":2560},{\"@type\":\"BreadcrumbList\",\"@id\":\"https:\\\/\\\/www.koonings.com\\\/fr\\\/product\\\/milla-nova-giacoma\\\/#breadcrumb\",\"itemListElement\":[{\"@type\":\"ListItem\",\"position\":1,\"name\":\"Home\",\"item\":\"https:\\\/\\\/www.koonings.com\\\/fr\\\/\"},{\"@type\":\"ListItem\",\"position\":2,\"name\":\"Milla Nova Giacoma\"}]},{\"@type\":\"WebSite\",\"@id\":\"https:\\\/\\\/www.koonings.com\\\/fr\\\/#website\",\"url\":\"https:\\\/\\\/www.koonings.com\\\/fr\\\/\",\"name\":\"Koonings\",\"description\":\"De grootste bruidsmodewinkel ter wereld\",\"publisher\":{\"@id\":\"https:\\\/\\\/www.koonings.com\\\/fr\\\/#organization\"},\"potentialAction\":[{\"@type\":\"SearchAction\",\"target\":{\"@type\":\"EntryPoint\",\"urlTemplate\":\"https:\\\/\\\/www.koonings.com\\\/fr\\\/?s={search_term_string}\"},\"query-input\":{\"@type\":\"PropertyValueSpecification\",\"valueRequired\":true,\"valueName\":\"search_term_string\"}}],\"inLanguage\":\"fr-FR\"},{\"@type\":\"Organization\",\"@id\":\"https:\\\/\\\/www.koonings.com\\\/fr\\\/#organization\",\"name\":\"Koonings\",\"url\":\"https:\\\/\\\/www.koonings.com\\\/fr\\\/\",\"logo\":{\"@type\":\"ImageObject\",\"inLanguage\":\"fr-FR\",\"@id\":\"https:\\\/\\\/www.koonings.com\\\/fr\\\/#\\\/schema\\\/logo\\\/image\\\/\",\"url\":\"https:\\\/\\\/www.koonings.com\\\/wp-content\\\/uploads\\\/2024\\\/07\\\/logo.png\",\"contentUrl\":\"https:\\\/\\\/www.koonings.com\\\/wp-content\\\/uploads\\\/2024\\\/07\\\/logo.png\",\"width\":600,\"height\":428,\"caption\":\"Koonings\"},\"image\":{\"@id\":\"https:\\\/\\\/www.koonings.com\\\/fr\\\/#\\\/schema\\\/logo\\\/image\\\/\"},\"sameAs\":[\"https:\\\/\\\/www.facebook.com\\\/kooningstheweddingpalace\",\"https:\\\/\\\/www.instagram.com\\\/kooningstheweddingpalace\",\"https:\\\/\\\/www.pinterest.com\\\/koonings\",\"https:\\\/\\\/www.youtube.com\\\/kooningstheweddingpalace\"]}]}<\/script>\n<!-- \/ Yoast SEO plugin. -->","yoast_head_json":{"title":"Milla Nova Giacoma | Koonings","description":"Captivante robe fourreau en dentelle, enti\u00e8rement d\u00e9cor\u00e9e \u00e0 la main d'appliques florales et de paillettes. Elle pr\u00e9sente un d\u00e9collet\u00e9 en forme de c\u0153ur avec des bretelles spaghetti, un corsage semi-transparent avec une armature et des bonnets int\u00e9gr\u00e9s, un dos transparent ferm\u00e9 par une fermeture \u00e0 glissi\u00e8re et une jupe ajust\u00e9e avec une courte tra\u00eene. Le look peut \u00eatre compl\u00e9t\u00e9 par des manches amovibles \u00e0 \u00e9paules d\u00e9couvertes.","robots":{"index":"index","follow":"follow","max-snippet":"max-snippet:-1","max-image-preview":"max-image-preview:large","max-video-preview":"max-video-preview:-1"},"canonical":"https:\/\/www.koonings.com\/fr\/product\/milla-nova-giacoma\/","og_locale":"fr_FR","og_type":"article","og_title":"Milla Nova Giacoma | Koonings","og_description":"Captivante robe fourreau en dentelle, enti\u00e8rement d\u00e9cor\u00e9e \u00e0 la main d'appliques florales et de paillettes. Elle pr\u00e9sente un d\u00e9collet\u00e9 en forme de c\u0153ur avec des bretelles spaghetti, un corsage semi-transparent avec une armature et des bonnets int\u00e9gr\u00e9s, un dos transparent ferm\u00e9 par une fermeture \u00e0 glissi\u00e8re et une jupe ajust\u00e9e avec une courte tra\u00eene. Le look peut \u00eatre compl\u00e9t\u00e9 par des manches amovibles \u00e0 \u00e9paules d\u00e9couvertes.","og_url":"https:\/\/www.koonings.com\/fr\/product\/milla-nova-giacoma\/","og_site_name":"Koonings","article_publisher":"https:\/\/www.facebook.com\/kooningstheweddingpalace","og_image":[{"width":1808,"height":2560,"url":"https:\/\/www.koonings.com\/wp-content\/uploads\/2024\/11\/41299_d5d798dde2ae961c55262f21d139984554e0c88169c4cc0c85254a760415a4ac8aa0bd57-scaled.jpeg","type":"image\/jpeg"}],"twitter_card":"summary_large_image","schema":{"@context":"https:\/\/schema.org","@graph":[{"@type":"WebPage","@id":"https:\/\/www.koonings.com\/fr\/product\/milla-nova-giacoma\/","url":"https:\/\/www.koonings.com\/fr\/product\/milla-nova-giacoma\/","name":"Milla Nova Giacoma | Koonings","isPartOf":{"@id":"https:\/\/www.koonings.com\/fr\/#website"},"primaryImageOfPage":{"@id":"https:\/\/www.koonings.com\/fr\/product\/milla-nova-giacoma\/#primaryimage"},"image":{"@id":"https:\/\/www.koonings.com\/fr\/product\/milla-nova-giacoma\/#primaryimage"},"thumbnailUrl":"https:\/\/www.koonings.com\/wp-content\/uploads\/2024\/11\/41299_d5d798dde2ae961c55262f21d139984554e0c88169c4cc0c85254a760415a4ac8aa0bd57-scaled.jpeg","datePublished":"2026-05-06T13:28:12+00:00","description":"Captivante robe fourreau en dentelle, enti\u00e8rement d\u00e9cor\u00e9e \u00e0 la main d'appliques florales et de paillettes. Elle pr\u00e9sente un d\u00e9collet\u00e9 en forme de c\u0153ur avec des bretelles spaghetti, un corsage semi-transparent avec une armature et des bonnets int\u00e9gr\u00e9s, un dos transparent ferm\u00e9 par une fermeture \u00e0 glissi\u00e8re et une jupe ajust\u00e9e avec une courte tra\u00eene. Le look peut \u00eatre compl\u00e9t\u00e9 par des manches amovibles \u00e0 \u00e9paules d\u00e9couvertes.","breadcrumb":{"@id":"https:\/\/www.koonings.com\/fr\/product\/milla-nova-giacoma\/#breadcrumb"},"inLanguage":"fr-FR","potentialAction":[{"@type":"ReadAction","target":["https:\/\/www.koonings.com\/fr\/product\/milla-nova-giacoma\/"]}]},{"@type":"ImageObject","inLanguage":"fr-FR","@id":"https:\/\/www.koonings.com\/fr\/product\/milla-nova-giacoma\/#primaryimage","url":"https:\/\/www.koonings.com\/wp-content\/uploads\/2024\/11\/41299_d5d798dde2ae961c55262f21d139984554e0c88169c4cc0c85254a760415a4ac8aa0bd57-scaled.jpeg","contentUrl":"https:\/\/www.koonings.com\/wp-content\/uploads\/2024\/11\/41299_d5d798dde2ae961c55262f21d139984554e0c88169c4cc0c85254a760415a4ac8aa0bd57-scaled.jpeg","width":1808,"height":2560},{"@type":"BreadcrumbList","@id":"https:\/\/www.koonings.com\/fr\/product\/milla-nova-giacoma\/#breadcrumb","itemListElement":[{"@type":"ListItem","position":1,"name":"Home","item":"https:\/\/www.koonings.com\/fr\/"},{"@type":"ListItem","position":2,"name":"Milla Nova Giacoma"}]},{"@type":"WebSite","@id":"https:\/\/www.koonings.com\/fr\/#website","url":"https:\/\/www.koonings.com\/fr\/","name":"Koonings","description":"De grootste bruidsmodewinkel ter wereld","publisher":{"@id":"https:\/\/www.koonings.com\/fr\/#organization"},"potentialAction":[{"@type":"SearchAction","target":{"@type":"EntryPoint","urlTemplate":"https:\/\/www.koonings.com\/fr\/?s={search_term_string}"},"query-input":{"@type":"PropertyValueSpecification","valueRequired":true,"valueName":"search_term_string"}}],"inLanguage":"fr-FR"},{"@type":"Organization","@id":"https:\/\/www.koonings.com\/fr\/#organization","name":"Koonings","url":"https:\/\/www.koonings.com\/fr\/","logo":{"@type":"ImageObject","inLanguage":"fr-FR","@id":"https:\/\/www.koonings.com\/fr\/#\/schema\/logo\/image\/","url":"https:\/\/www.koonings.com\/wp-content\/uploads\/2024\/07\/logo.png","contentUrl":"https:\/\/www.koonings.com\/wp-content\/uploads\/2024\/07\/logo.png","width":600,"height":428,"caption":"Koonings"},"image":{"@id":"https:\/\/www.koonings.com\/fr\/#\/schema\/logo\/image\/"},"sameAs":["https:\/\/www.facebook.com\/kooningstheweddingpalace","https:\/\/www.instagram.com\/kooningstheweddingpalace","https:\/\/www.pinterest.com\/koonings","https:\/\/www.youtube.com\/kooningstheweddingpalace"]}]}},"_links":{"self":[{"href":"https:\/\/www.koonings.com\/fr\/wp-json\/wp\/v2\/product\/59411","targetHints":{"allow":["GET"]}}],"collection":[{"href":"https:\/\/www.koonings.com\/fr\/wp-json\/wp\/v2\/product"}],"about":[{"href":"https:\/\/www.koonings.com\/fr\/wp-json\/wp\/v2\/types\/product"}],"wp:featuredmedia":[{"embeddable":true,"href":"https:\/\/www.koonings.com\/fr\/wp-json\/wp\/v2\/media\/52094"}],"wp:attachment":[{"href":"https:\/\/www.koonings.com\/fr\/wp-json\/wp\/v2\/media?parent=59411"}],"wp:term":[{"taxonomy":"productdetails","embeddable":true,"href":"https:\/\/www.koonings.com\/fr\/wp-json\/wp\/v2\/productdetails?post=59411"},{"taxonomy":"productneck","embeddable":true,"href":"https:\/\/www.koonings.com\/fr\/wp-json\/wp\/v2\/productneck?post=59411"},{"taxonomy":"productcolor","embeddable":true,"href":"https:\/\/www.koonings.com\/fr\/wp-json\/wp\/v2\/productcolor?post=59411"},{"taxonomy":"maat","embeddable":true,"href":"https:\/\/www.koonings.com\/fr\/wp-json\/wp\/v2\/maat?post=59411"},{"taxonomy":"productsupplier","embeddable":true,"href":"https:\/\/www.koonings.com\/fr\/wp-json\/wp\/v2\/productsupplier?post=59411"},{"taxonomy":"productsleeve","embeddable":true,"href":"https:\/\/www.koonings.com\/fr\/wp-json\/wp\/v2\/productsleeve?post=59411"},{"taxonomy":"productcategory","embeddable":true,"href":"https:\/\/www.koonings.com\/fr\/wp-json\/wp\/v2\/productcategory?post=59411"},{"taxonomy":"productsilhouette","embeddable":true,"href":"https:\/\/www.koonings.com\/fr\/wp-json\/wp\/v2\/productsilhouette?post=59411"},{"taxonomy":"productstyle","embeddable":true,"href":"https:\/\/www.koonings.com\/fr\/wp-json\/wp\/v2\/productstyle?post=59411"}],"curies":[{"name":"wp","href":"https:\/\/api.w.org\/{rel}","templated":true}]}}