{"id":59395,"date":"2025-12-15T00:42:38","date_gmt":"2025-12-14T23:42:38","guid":{"rendered":"https:\/\/www.koonings.com\/product\/elysee-circe\/"},"modified":"2026-02-03T18:56:12","modified_gmt":"2026-02-03T17:56:12","slug":"elysee-circe","status":"publish","type":"product","link":"https:\/\/www.koonings.com\/fr\/product\/elysee-circe\/","title":{"rendered":"Elysee Circe"},"content":{"rendered":"<p>Ce charme \u00e9blouissant se caract\u00e9rise par une nouvelle dentelle unique de style Art d\u00e9co et une \u00e9tincelante dentelle de Chantilly incorpor\u00e9e au centre du devant et du dos de la robe. La silhouette sir\u00e8ne de CIRCE, qui flatte la silhouette, allonge et galbe le corps tout en cr\u00e9ant beaucoup d&#8217;\u00e9clat et de brillance, avec l&#8217;ourlet double en forme d&#8217;\u00c9LYS\u00c9E comme belle cerise sur le g\u00e2teau. <\/p>\n","protected":false},"featured_media":5206,"template":"","meta":{"_acf_changed":false,"ghostkit_customizer_options":"","ghostkit_custom_css":"","ghostkit_custom_js_head":"","ghostkit_custom_js_foot":"","ghostkit_typography":""},"productdetails":[379,376,381],"productneck":[356],"productcolor":[393,392],"maat":[],"productsupplier":[427],"productsleeve":[359],"productcategory":[18],"productsilhouette":[387],"productstyle":[366],"class_list":["post-59395","product","type-product","status-publish","has-post-thumbnail","hentry","productdetails-379","productdetails-376","productdetails-381","productneck-356","productcolor-393","productcolor-392","productsupplier-elysee","productsleeve-359","productcategory-trouwjurken","productsilhouette-387","productstyle-366"],"acf":[],"yoast_head":"<!-- This site is optimized with the Yoast SEO plugin v27.3 - https:\/\/yoast.com\/product\/yoast-seo-wordpress\/ -->\n<title>Elysee Circe | Koonings<\/title>\n<meta name=\"description\" content=\"Ce charme \u00e9blouissant se caract\u00e9rise par une nouvelle dentelle unique de style Art d\u00e9co et une \u00e9tincelante dentelle de Chantilly incorpor\u00e9e au centre de la robe, \u00e0 l&#039;avant et \u00e0 l&#039;arri\u00e8re. La silhouette sir\u00e8ne de CIRCE, qui flatte la silhouette, allonge et galbe le corps tout en cr\u00e9ant beaucoup d&#039;\u00e9clat et de brillance, avec l&#039;ourlet double en forme d&#039;\u00c9LYS\u00c9E comme belle cerise sur le g\u00e2teau.\" \/>\n<meta name=\"robots\" content=\"index, follow, max-snippet:-1, max-image-preview:large, max-video-preview:-1\" \/>\n<link rel=\"canonical\" href=\"https:\/\/www.koonings.com\/fr\/product\/elysee-circe\/\" \/>\n<meta property=\"og:locale\" content=\"fr_FR\" \/>\n<meta property=\"og:type\" content=\"article\" \/>\n<meta property=\"og:title\" content=\"Elysee Circe | Koonings\" \/>\n<meta property=\"og:description\" content=\"Ce charme \u00e9blouissant se caract\u00e9rise par une nouvelle dentelle unique de style Art d\u00e9co et une \u00e9tincelante dentelle de Chantilly incorpor\u00e9e au centre de la robe, \u00e0 l&#039;avant et \u00e0 l&#039;arri\u00e8re. La silhouette sir\u00e8ne de CIRCE, qui flatte la silhouette, allonge et galbe le corps tout en cr\u00e9ant beaucoup d&#039;\u00e9clat et de brillance, avec l&#039;ourlet double en forme d&#039;\u00c9LYS\u00c9E comme belle cerise sur le g\u00e2teau.\" \/>\n<meta property=\"og:url\" content=\"https:\/\/www.koonings.com\/fr\/product\/elysee-circe\/\" \/>\n<meta property=\"og:site_name\" content=\"Koonings\" \/>\n<meta property=\"article:publisher\" content=\"https:\/\/www.facebook.com\/kooningstheweddingpalace\" \/>\n<meta property=\"article:modified_time\" content=\"2026-02-03T17:56:12+00:00\" \/>\n<meta property=\"og:image\" content=\"https:\/\/www.koonings.com\/wp-content\/uploads\/2024\/08\/38825_44548cca66f694ba7669c3fa9a32b4e16e7fbac7ffbd5dbbf94e88971e0d7d17353fb2f3.jpeg\" \/>\n\t<meta property=\"og:image:width\" content=\"398\" \/>\n\t<meta property=\"og:image:height\" content=\"708\" \/>\n\t<meta property=\"og:image:type\" content=\"image\/jpeg\" \/>\n<meta name=\"twitter:card\" content=\"summary_large_image\" \/>\n<script type=\"application\/ld+json\" class=\"yoast-schema-graph\">{\"@context\":\"https:\\\/\\\/schema.org\",\"@graph\":[{\"@type\":\"WebPage\",\"@id\":\"https:\\\/\\\/www.koonings.com\\\/fr\\\/product\\\/elysee-circe\\\/\",\"url\":\"https:\\\/\\\/www.koonings.com\\\/fr\\\/product\\\/elysee-circe\\\/\",\"name\":\"Elysee Circe | Koonings\",\"isPartOf\":{\"@id\":\"https:\\\/\\\/www.koonings.com\\\/fr\\\/#website\"},\"primaryImageOfPage\":{\"@id\":\"https:\\\/\\\/www.koonings.com\\\/fr\\\/product\\\/elysee-circe\\\/#primaryimage\"},\"image\":{\"@id\":\"https:\\\/\\\/www.koonings.com\\\/fr\\\/product\\\/elysee-circe\\\/#primaryimage\"},\"thumbnailUrl\":\"https:\\\/\\\/www.koonings.com\\\/wp-content\\\/uploads\\\/2024\\\/08\\\/38825_44548cca66f694ba7669c3fa9a32b4e16e7fbac7ffbd5dbbf94e88971e0d7d17353fb2f3.jpeg\",\"datePublished\":\"2025-12-14T23:42:38+00:00\",\"dateModified\":\"2026-02-03T17:56:12+00:00\",\"description\":\"Ce charme \u00e9blouissant se caract\u00e9rise par une nouvelle dentelle unique de style Art d\u00e9co et une \u00e9tincelante dentelle de Chantilly incorpor\u00e9e au centre de la robe, \u00e0 l'avant et \u00e0 l'arri\u00e8re. La silhouette sir\u00e8ne de CIRCE, qui flatte la silhouette, allonge et galbe le corps tout en cr\u00e9ant beaucoup d'\u00e9clat et de brillance, avec l'ourlet double en forme d'\u00c9LYS\u00c9E comme belle cerise sur le g\u00e2teau.\",\"breadcrumb\":{\"@id\":\"https:\\\/\\\/www.koonings.com\\\/fr\\\/product\\\/elysee-circe\\\/#breadcrumb\"},\"inLanguage\":\"fr-FR\",\"potentialAction\":[{\"@type\":\"ReadAction\",\"target\":[\"https:\\\/\\\/www.koonings.com\\\/fr\\\/product\\\/elysee-circe\\\/\"]}]},{\"@type\":\"ImageObject\",\"inLanguage\":\"fr-FR\",\"@id\":\"https:\\\/\\\/www.koonings.com\\\/fr\\\/product\\\/elysee-circe\\\/#primaryimage\",\"url\":\"https:\\\/\\\/www.koonings.com\\\/wp-content\\\/uploads\\\/2024\\\/08\\\/38825_44548cca66f694ba7669c3fa9a32b4e16e7fbac7ffbd5dbbf94e88971e0d7d17353fb2f3.jpeg\",\"contentUrl\":\"https:\\\/\\\/www.koonings.com\\\/wp-content\\\/uploads\\\/2024\\\/08\\\/38825_44548cca66f694ba7669c3fa9a32b4e16e7fbac7ffbd5dbbf94e88971e0d7d17353fb2f3.jpeg\",\"width\":398,\"height\":708},{\"@type\":\"BreadcrumbList\",\"@id\":\"https:\\\/\\\/www.koonings.com\\\/fr\\\/product\\\/elysee-circe\\\/#breadcrumb\",\"itemListElement\":[{\"@type\":\"ListItem\",\"position\":1,\"name\":\"Home\",\"item\":\"https:\\\/\\\/www.koonings.com\\\/fr\\\/\"},{\"@type\":\"ListItem\",\"position\":2,\"name\":\"Elysee Circe\"}]},{\"@type\":\"WebSite\",\"@id\":\"https:\\\/\\\/www.koonings.com\\\/fr\\\/#website\",\"url\":\"https:\\\/\\\/www.koonings.com\\\/fr\\\/\",\"name\":\"Koonings\",\"description\":\"De grootste bruidsmodewinkel ter wereld\",\"publisher\":{\"@id\":\"https:\\\/\\\/www.koonings.com\\\/fr\\\/#organization\"},\"potentialAction\":[{\"@type\":\"SearchAction\",\"target\":{\"@type\":\"EntryPoint\",\"urlTemplate\":\"https:\\\/\\\/www.koonings.com\\\/fr\\\/?s={search_term_string}\"},\"query-input\":{\"@type\":\"PropertyValueSpecification\",\"valueRequired\":true,\"valueName\":\"search_term_string\"}}],\"inLanguage\":\"fr-FR\"},{\"@type\":\"Organization\",\"@id\":\"https:\\\/\\\/www.koonings.com\\\/fr\\\/#organization\",\"name\":\"Koonings\",\"url\":\"https:\\\/\\\/www.koonings.com\\\/fr\\\/\",\"logo\":{\"@type\":\"ImageObject\",\"inLanguage\":\"fr-FR\",\"@id\":\"https:\\\/\\\/www.koonings.com\\\/fr\\\/#\\\/schema\\\/logo\\\/image\\\/\",\"url\":\"https:\\\/\\\/www.koonings.com\\\/wp-content\\\/uploads\\\/2024\\\/07\\\/logo.png\",\"contentUrl\":\"https:\\\/\\\/www.koonings.com\\\/wp-content\\\/uploads\\\/2024\\\/07\\\/logo.png\",\"width\":600,\"height\":428,\"caption\":\"Koonings\"},\"image\":{\"@id\":\"https:\\\/\\\/www.koonings.com\\\/fr\\\/#\\\/schema\\\/logo\\\/image\\\/\"},\"sameAs\":[\"https:\\\/\\\/www.facebook.com\\\/kooningstheweddingpalace\",\"https:\\\/\\\/www.instagram.com\\\/kooningstheweddingpalace\",\"https:\\\/\\\/www.pinterest.com\\\/koonings\",\"https:\\\/\\\/www.youtube.com\\\/kooningstheweddingpalace\"]}]}<\/script>\n<!-- \/ Yoast SEO plugin. -->","yoast_head_json":{"title":"Elysee Circe | Koonings","description":"Ce charme \u00e9blouissant se caract\u00e9rise par une nouvelle dentelle unique de style Art d\u00e9co et une \u00e9tincelante dentelle de Chantilly incorpor\u00e9e au centre de la robe, \u00e0 l'avant et \u00e0 l'arri\u00e8re. La silhouette sir\u00e8ne de CIRCE, qui flatte la silhouette, allonge et galbe le corps tout en cr\u00e9ant beaucoup d'\u00e9clat et de brillance, avec l'ourlet double en forme d'\u00c9LYS\u00c9E comme belle cerise sur le g\u00e2teau.","robots":{"index":"index","follow":"follow","max-snippet":"max-snippet:-1","max-image-preview":"max-image-preview:large","max-video-preview":"max-video-preview:-1"},"canonical":"https:\/\/www.koonings.com\/fr\/product\/elysee-circe\/","og_locale":"fr_FR","og_type":"article","og_title":"Elysee Circe | Koonings","og_description":"Ce charme \u00e9blouissant se caract\u00e9rise par une nouvelle dentelle unique de style Art d\u00e9co et une \u00e9tincelante dentelle de Chantilly incorpor\u00e9e au centre de la robe, \u00e0 l'avant et \u00e0 l'arri\u00e8re. La silhouette sir\u00e8ne de CIRCE, qui flatte la silhouette, allonge et galbe le corps tout en cr\u00e9ant beaucoup d'\u00e9clat et de brillance, avec l'ourlet double en forme d'\u00c9LYS\u00c9E comme belle cerise sur le g\u00e2teau.","og_url":"https:\/\/www.koonings.com\/fr\/product\/elysee-circe\/","og_site_name":"Koonings","article_publisher":"https:\/\/www.facebook.com\/kooningstheweddingpalace","article_modified_time":"2026-02-03T17:56:12+00:00","og_image":[{"width":398,"height":708,"url":"https:\/\/www.koonings.com\/wp-content\/uploads\/2024\/08\/38825_44548cca66f694ba7669c3fa9a32b4e16e7fbac7ffbd5dbbf94e88971e0d7d17353fb2f3.jpeg","type":"image\/jpeg"}],"twitter_card":"summary_large_image","schema":{"@context":"https:\/\/schema.org","@graph":[{"@type":"WebPage","@id":"https:\/\/www.koonings.com\/fr\/product\/elysee-circe\/","url":"https:\/\/www.koonings.com\/fr\/product\/elysee-circe\/","name":"Elysee Circe | Koonings","isPartOf":{"@id":"https:\/\/www.koonings.com\/fr\/#website"},"primaryImageOfPage":{"@id":"https:\/\/www.koonings.com\/fr\/product\/elysee-circe\/#primaryimage"},"image":{"@id":"https:\/\/www.koonings.com\/fr\/product\/elysee-circe\/#primaryimage"},"thumbnailUrl":"https:\/\/www.koonings.com\/wp-content\/uploads\/2024\/08\/38825_44548cca66f694ba7669c3fa9a32b4e16e7fbac7ffbd5dbbf94e88971e0d7d17353fb2f3.jpeg","datePublished":"2025-12-14T23:42:38+00:00","dateModified":"2026-02-03T17:56:12+00:00","description":"Ce charme \u00e9blouissant se caract\u00e9rise par une nouvelle dentelle unique de style Art d\u00e9co et une \u00e9tincelante dentelle de Chantilly incorpor\u00e9e au centre de la robe, \u00e0 l'avant et \u00e0 l'arri\u00e8re. La silhouette sir\u00e8ne de CIRCE, qui flatte la silhouette, allonge et galbe le corps tout en cr\u00e9ant beaucoup d'\u00e9clat et de brillance, avec l'ourlet double en forme d'\u00c9LYS\u00c9E comme belle cerise sur le g\u00e2teau.","breadcrumb":{"@id":"https:\/\/www.koonings.com\/fr\/product\/elysee-circe\/#breadcrumb"},"inLanguage":"fr-FR","potentialAction":[{"@type":"ReadAction","target":["https:\/\/www.koonings.com\/fr\/product\/elysee-circe\/"]}]},{"@type":"ImageObject","inLanguage":"fr-FR","@id":"https:\/\/www.koonings.com\/fr\/product\/elysee-circe\/#primaryimage","url":"https:\/\/www.koonings.com\/wp-content\/uploads\/2024\/08\/38825_44548cca66f694ba7669c3fa9a32b4e16e7fbac7ffbd5dbbf94e88971e0d7d17353fb2f3.jpeg","contentUrl":"https:\/\/www.koonings.com\/wp-content\/uploads\/2024\/08\/38825_44548cca66f694ba7669c3fa9a32b4e16e7fbac7ffbd5dbbf94e88971e0d7d17353fb2f3.jpeg","width":398,"height":708},{"@type":"BreadcrumbList","@id":"https:\/\/www.koonings.com\/fr\/product\/elysee-circe\/#breadcrumb","itemListElement":[{"@type":"ListItem","position":1,"name":"Home","item":"https:\/\/www.koonings.com\/fr\/"},{"@type":"ListItem","position":2,"name":"Elysee Circe"}]},{"@type":"WebSite","@id":"https:\/\/www.koonings.com\/fr\/#website","url":"https:\/\/www.koonings.com\/fr\/","name":"Koonings","description":"De grootste bruidsmodewinkel ter wereld","publisher":{"@id":"https:\/\/www.koonings.com\/fr\/#organization"},"potentialAction":[{"@type":"SearchAction","target":{"@type":"EntryPoint","urlTemplate":"https:\/\/www.koonings.com\/fr\/?s={search_term_string}"},"query-input":{"@type":"PropertyValueSpecification","valueRequired":true,"valueName":"search_term_string"}}],"inLanguage":"fr-FR"},{"@type":"Organization","@id":"https:\/\/www.koonings.com\/fr\/#organization","name":"Koonings","url":"https:\/\/www.koonings.com\/fr\/","logo":{"@type":"ImageObject","inLanguage":"fr-FR","@id":"https:\/\/www.koonings.com\/fr\/#\/schema\/logo\/image\/","url":"https:\/\/www.koonings.com\/wp-content\/uploads\/2024\/07\/logo.png","contentUrl":"https:\/\/www.koonings.com\/wp-content\/uploads\/2024\/07\/logo.png","width":600,"height":428,"caption":"Koonings"},"image":{"@id":"https:\/\/www.koonings.com\/fr\/#\/schema\/logo\/image\/"},"sameAs":["https:\/\/www.facebook.com\/kooningstheweddingpalace","https:\/\/www.instagram.com\/kooningstheweddingpalace","https:\/\/www.pinterest.com\/koonings","https:\/\/www.youtube.com\/kooningstheweddingpalace"]}]}},"_links":{"self":[{"href":"https:\/\/www.koonings.com\/fr\/wp-json\/wp\/v2\/product\/59395","targetHints":{"allow":["GET"]}}],"collection":[{"href":"https:\/\/www.koonings.com\/fr\/wp-json\/wp\/v2\/product"}],"about":[{"href":"https:\/\/www.koonings.com\/fr\/wp-json\/wp\/v2\/types\/product"}],"wp:featuredmedia":[{"embeddable":true,"href":"https:\/\/www.koonings.com\/fr\/wp-json\/wp\/v2\/media\/5206"}],"wp:attachment":[{"href":"https:\/\/www.koonings.com\/fr\/wp-json\/wp\/v2\/media?parent=59395"}],"wp:term":[{"taxonomy":"productdetails","embeddable":true,"href":"https:\/\/www.koonings.com\/fr\/wp-json\/wp\/v2\/productdetails?post=59395"},{"taxonomy":"productneck","embeddable":true,"href":"https:\/\/www.koonings.com\/fr\/wp-json\/wp\/v2\/productneck?post=59395"},{"taxonomy":"productcolor","embeddable":true,"href":"https:\/\/www.koonings.com\/fr\/wp-json\/wp\/v2\/productcolor?post=59395"},{"taxonomy":"maat","embeddable":true,"href":"https:\/\/www.koonings.com\/fr\/wp-json\/wp\/v2\/maat?post=59395"},{"taxonomy":"productsupplier","embeddable":true,"href":"https:\/\/www.koonings.com\/fr\/wp-json\/wp\/v2\/productsupplier?post=59395"},{"taxonomy":"productsleeve","embeddable":true,"href":"https:\/\/www.koonings.com\/fr\/wp-json\/wp\/v2\/productsleeve?post=59395"},{"taxonomy":"productcategory","embeddable":true,"href":"https:\/\/www.koonings.com\/fr\/wp-json\/wp\/v2\/productcategory?post=59395"},{"taxonomy":"productsilhouette","embeddable":true,"href":"https:\/\/www.koonings.com\/fr\/wp-json\/wp\/v2\/productsilhouette?post=59395"},{"taxonomy":"productstyle","embeddable":true,"href":"https:\/\/www.koonings.com\/fr\/wp-json\/wp\/v2\/productstyle?post=59395"}],"curies":[{"name":"wp","href":"https:\/\/api.w.org\/{rel}","templated":true}]}}