{"id":59392,"date":"2025-12-15T00:42:37","date_gmt":"2025-12-14T23:42:37","guid":{"rendered":"https:\/\/www.koonings.com\/product\/elysee-calliope-2\/"},"modified":"2026-02-03T18:56:04","modified_gmt":"2026-02-03T17:56:04","slug":"elysee-calliope-2","status":"publish","type":"product","link":"https:\/\/www.koonings.com\/fr\/product\/elysee-calliope-2\/","title":{"rendered":"Elysee Calliope"},"content":{"rendered":"<p>Laissez le drame commencer avec cette robe de mari\u00e9e de conte de f\u00e9es. Le mod\u00e8le CalliopeE est une charmante robe de mari\u00e9e taille basse \u00e0 ligne A, orn\u00e9e de fleurs \u00e9tincelantes, de dentelle de Chantilly et de d\u00e9licats d\u00e9tails floraux en 3D sur le corsage, avec un profond d\u00e9collet\u00e9 en forme de c\u0153ur et de jolies manches amovibles en tulle \u00e0 \u00e9paules tombantes. Son corset illusion dans le dos et sa jupe volumineuse apportent la dose parfaite de drame \u00e0 cette robe royale de r\u00eave.  <\/p>\n","protected":false},"featured_media":52225,"template":"","meta":{"_acf_changed":false,"ghostkit_customizer_options":"","ghostkit_custom_css":"","ghostkit_custom_js_head":"","ghostkit_custom_js_foot":"","ghostkit_typography":""},"productdetails":[379,376,381],"productneck":[354,355],"productcolor":[393,392],"maat":[],"productsupplier":[427],"productsleeve":[],"productcategory":[18],"productsilhouette":[384],"productstyle":[366],"class_list":["post-59392","product","type-product","status-publish","has-post-thumbnail","hentry","productdetails-379","productdetails-376","productdetails-381","productneck-354","productneck-355","productcolor-393","productcolor-392","productsupplier-elysee","productcategory-trouwjurken","productsilhouette-384","productstyle-366"],"acf":[],"yoast_head":"<!-- This site is optimized with the Yoast SEO plugin v27.3 - https:\/\/yoast.com\/product\/yoast-seo-wordpress\/ -->\n<title>Elysee Calliope | Koonings<\/title>\n<meta name=\"description\" content=\"Laissez le drame commencer avec cette robe de mari\u00e9e de conte de f\u00e9es. Le mod\u00e8le CalliopeE est une charmante robe de mari\u00e9e taille basse \u00e0 ligne A, orn\u00e9e de fleurs \u00e9tincelantes, de dentelle de Chantilly et de d\u00e9licats d\u00e9tails floraux en 3D sur le corsage, avec un profond d\u00e9collet\u00e9 en forme de c\u0153ur et de jolies manches amovibles en tulle \u00e0 \u00e9paules tombantes. Son corset illusion dans le dos et sa jupe volumineuse apportent la dose parfaite de drame \u00e0 cette robe royale de r\u00eave.\" \/>\n<meta name=\"robots\" content=\"index, follow, max-snippet:-1, max-image-preview:large, max-video-preview:-1\" \/>\n<link rel=\"canonical\" href=\"https:\/\/www.koonings.com\/fr\/product\/elysee-calliope-2\/\" \/>\n<meta property=\"og:locale\" content=\"fr_FR\" \/>\n<meta property=\"og:type\" content=\"article\" \/>\n<meta property=\"og:title\" content=\"Elysee Calliope | Koonings\" \/>\n<meta property=\"og:description\" content=\"Laissez le drame commencer avec cette robe de mari\u00e9e de conte de f\u00e9es. Le mod\u00e8le CalliopeE est une charmante robe de mari\u00e9e taille basse \u00e0 ligne A, orn\u00e9e de fleurs \u00e9tincelantes, de dentelle de Chantilly et de d\u00e9licats d\u00e9tails floraux en 3D sur le corsage, avec un profond d\u00e9collet\u00e9 en forme de c\u0153ur et de jolies manches amovibles en tulle \u00e0 \u00e9paules tombantes. Son corset illusion dans le dos et sa jupe volumineuse apportent la dose parfaite de drame \u00e0 cette robe royale de r\u00eave.\" \/>\n<meta property=\"og:url\" content=\"https:\/\/www.koonings.com\/fr\/product\/elysee-calliope-2\/\" \/>\n<meta property=\"og:site_name\" content=\"Koonings\" \/>\n<meta property=\"article:publisher\" content=\"https:\/\/www.facebook.com\/kooningstheweddingpalace\" \/>\n<meta property=\"article:modified_time\" content=\"2026-02-03T17:56:04+00:00\" \/>\n<meta property=\"og:image\" content=\"https:\/\/www.koonings.com\/wp-content\/uploads\/2024\/11\/48824_c8b62a8a8df52d88640ad54888422e4e68f855fa2322ccc301740c69ac7ba7a25ea1cfa4.jpeg\" \/>\n\t<meta property=\"og:image:width\" content=\"952\" \/>\n\t<meta property=\"og:image:height\" content=\"1349\" \/>\n\t<meta property=\"og:image:type\" content=\"image\/jpeg\" \/>\n<meta name=\"twitter:card\" content=\"summary_large_image\" \/>\n<script type=\"application\/ld+json\" class=\"yoast-schema-graph\">{\"@context\":\"https:\\\/\\\/schema.org\",\"@graph\":[{\"@type\":\"WebPage\",\"@id\":\"https:\\\/\\\/www.koonings.com\\\/fr\\\/product\\\/elysee-calliope-2\\\/\",\"url\":\"https:\\\/\\\/www.koonings.com\\\/fr\\\/product\\\/elysee-calliope-2\\\/\",\"name\":\"Elysee Calliope | Koonings\",\"isPartOf\":{\"@id\":\"https:\\\/\\\/www.koonings.com\\\/fr\\\/#website\"},\"primaryImageOfPage\":{\"@id\":\"https:\\\/\\\/www.koonings.com\\\/fr\\\/product\\\/elysee-calliope-2\\\/#primaryimage\"},\"image\":{\"@id\":\"https:\\\/\\\/www.koonings.com\\\/fr\\\/product\\\/elysee-calliope-2\\\/#primaryimage\"},\"thumbnailUrl\":\"https:\\\/\\\/www.koonings.com\\\/wp-content\\\/uploads\\\/2024\\\/11\\\/48824_c8b62a8a8df52d88640ad54888422e4e68f855fa2322ccc301740c69ac7ba7a25ea1cfa4.jpeg\",\"datePublished\":\"2025-12-14T23:42:37+00:00\",\"dateModified\":\"2026-02-03T17:56:04+00:00\",\"description\":\"Laissez le drame commencer avec cette robe de mari\u00e9e de conte de f\u00e9es. Le mod\u00e8le CalliopeE est une charmante robe de mari\u00e9e taille basse \u00e0 ligne A, orn\u00e9e de fleurs \u00e9tincelantes, de dentelle de Chantilly et de d\u00e9licats d\u00e9tails floraux en 3D sur le corsage, avec un profond d\u00e9collet\u00e9 en forme de c\u0153ur et de jolies manches amovibles en tulle \u00e0 \u00e9paules tombantes. Son corset illusion dans le dos et sa jupe volumineuse apportent la dose parfaite de drame \u00e0 cette robe royale de r\u00eave.\",\"breadcrumb\":{\"@id\":\"https:\\\/\\\/www.koonings.com\\\/fr\\\/product\\\/elysee-calliope-2\\\/#breadcrumb\"},\"inLanguage\":\"fr-FR\",\"potentialAction\":[{\"@type\":\"ReadAction\",\"target\":[\"https:\\\/\\\/www.koonings.com\\\/fr\\\/product\\\/elysee-calliope-2\\\/\"]}]},{\"@type\":\"ImageObject\",\"inLanguage\":\"fr-FR\",\"@id\":\"https:\\\/\\\/www.koonings.com\\\/fr\\\/product\\\/elysee-calliope-2\\\/#primaryimage\",\"url\":\"https:\\\/\\\/www.koonings.com\\\/wp-content\\\/uploads\\\/2024\\\/11\\\/48824_c8b62a8a8df52d88640ad54888422e4e68f855fa2322ccc301740c69ac7ba7a25ea1cfa4.jpeg\",\"contentUrl\":\"https:\\\/\\\/www.koonings.com\\\/wp-content\\\/uploads\\\/2024\\\/11\\\/48824_c8b62a8a8df52d88640ad54888422e4e68f855fa2322ccc301740c69ac7ba7a25ea1cfa4.jpeg\",\"width\":952,\"height\":1349},{\"@type\":\"BreadcrumbList\",\"@id\":\"https:\\\/\\\/www.koonings.com\\\/fr\\\/product\\\/elysee-calliope-2\\\/#breadcrumb\",\"itemListElement\":[{\"@type\":\"ListItem\",\"position\":1,\"name\":\"Home\",\"item\":\"https:\\\/\\\/www.koonings.com\\\/fr\\\/\"},{\"@type\":\"ListItem\",\"position\":2,\"name\":\"Elysee Calliope\"}]},{\"@type\":\"WebSite\",\"@id\":\"https:\\\/\\\/www.koonings.com\\\/fr\\\/#website\",\"url\":\"https:\\\/\\\/www.koonings.com\\\/fr\\\/\",\"name\":\"Koonings\",\"description\":\"De grootste bruidsmodewinkel ter wereld\",\"publisher\":{\"@id\":\"https:\\\/\\\/www.koonings.com\\\/fr\\\/#organization\"},\"potentialAction\":[{\"@type\":\"SearchAction\",\"target\":{\"@type\":\"EntryPoint\",\"urlTemplate\":\"https:\\\/\\\/www.koonings.com\\\/fr\\\/?s={search_term_string}\"},\"query-input\":{\"@type\":\"PropertyValueSpecification\",\"valueRequired\":true,\"valueName\":\"search_term_string\"}}],\"inLanguage\":\"fr-FR\"},{\"@type\":\"Organization\",\"@id\":\"https:\\\/\\\/www.koonings.com\\\/fr\\\/#organization\",\"name\":\"Koonings\",\"url\":\"https:\\\/\\\/www.koonings.com\\\/fr\\\/\",\"logo\":{\"@type\":\"ImageObject\",\"inLanguage\":\"fr-FR\",\"@id\":\"https:\\\/\\\/www.koonings.com\\\/fr\\\/#\\\/schema\\\/logo\\\/image\\\/\",\"url\":\"https:\\\/\\\/www.koonings.com\\\/wp-content\\\/uploads\\\/2024\\\/07\\\/logo.png\",\"contentUrl\":\"https:\\\/\\\/www.koonings.com\\\/wp-content\\\/uploads\\\/2024\\\/07\\\/logo.png\",\"width\":600,\"height\":428,\"caption\":\"Koonings\"},\"image\":{\"@id\":\"https:\\\/\\\/www.koonings.com\\\/fr\\\/#\\\/schema\\\/logo\\\/image\\\/\"},\"sameAs\":[\"https:\\\/\\\/www.facebook.com\\\/kooningstheweddingpalace\",\"https:\\\/\\\/www.instagram.com\\\/kooningstheweddingpalace\",\"https:\\\/\\\/www.pinterest.com\\\/koonings\",\"https:\\\/\\\/www.youtube.com\\\/kooningstheweddingpalace\"]}]}<\/script>\n<!-- \/ Yoast SEO plugin. -->","yoast_head_json":{"title":"Elysee Calliope | Koonings","description":"Laissez le drame commencer avec cette robe de mari\u00e9e de conte de f\u00e9es. Le mod\u00e8le CalliopeE est une charmante robe de mari\u00e9e taille basse \u00e0 ligne A, orn\u00e9e de fleurs \u00e9tincelantes, de dentelle de Chantilly et de d\u00e9licats d\u00e9tails floraux en 3D sur le corsage, avec un profond d\u00e9collet\u00e9 en forme de c\u0153ur et de jolies manches amovibles en tulle \u00e0 \u00e9paules tombantes. Son corset illusion dans le dos et sa jupe volumineuse apportent la dose parfaite de drame \u00e0 cette robe royale de r\u00eave.","robots":{"index":"index","follow":"follow","max-snippet":"max-snippet:-1","max-image-preview":"max-image-preview:large","max-video-preview":"max-video-preview:-1"},"canonical":"https:\/\/www.koonings.com\/fr\/product\/elysee-calliope-2\/","og_locale":"fr_FR","og_type":"article","og_title":"Elysee Calliope | Koonings","og_description":"Laissez le drame commencer avec cette robe de mari\u00e9e de conte de f\u00e9es. Le mod\u00e8le CalliopeE est une charmante robe de mari\u00e9e taille basse \u00e0 ligne A, orn\u00e9e de fleurs \u00e9tincelantes, de dentelle de Chantilly et de d\u00e9licats d\u00e9tails floraux en 3D sur le corsage, avec un profond d\u00e9collet\u00e9 en forme de c\u0153ur et de jolies manches amovibles en tulle \u00e0 \u00e9paules tombantes. Son corset illusion dans le dos et sa jupe volumineuse apportent la dose parfaite de drame \u00e0 cette robe royale de r\u00eave.","og_url":"https:\/\/www.koonings.com\/fr\/product\/elysee-calliope-2\/","og_site_name":"Koonings","article_publisher":"https:\/\/www.facebook.com\/kooningstheweddingpalace","article_modified_time":"2026-02-03T17:56:04+00:00","og_image":[{"width":952,"height":1349,"url":"https:\/\/www.koonings.com\/wp-content\/uploads\/2024\/11\/48824_c8b62a8a8df52d88640ad54888422e4e68f855fa2322ccc301740c69ac7ba7a25ea1cfa4.jpeg","type":"image\/jpeg"}],"twitter_card":"summary_large_image","schema":{"@context":"https:\/\/schema.org","@graph":[{"@type":"WebPage","@id":"https:\/\/www.koonings.com\/fr\/product\/elysee-calliope-2\/","url":"https:\/\/www.koonings.com\/fr\/product\/elysee-calliope-2\/","name":"Elysee Calliope | Koonings","isPartOf":{"@id":"https:\/\/www.koonings.com\/fr\/#website"},"primaryImageOfPage":{"@id":"https:\/\/www.koonings.com\/fr\/product\/elysee-calliope-2\/#primaryimage"},"image":{"@id":"https:\/\/www.koonings.com\/fr\/product\/elysee-calliope-2\/#primaryimage"},"thumbnailUrl":"https:\/\/www.koonings.com\/wp-content\/uploads\/2024\/11\/48824_c8b62a8a8df52d88640ad54888422e4e68f855fa2322ccc301740c69ac7ba7a25ea1cfa4.jpeg","datePublished":"2025-12-14T23:42:37+00:00","dateModified":"2026-02-03T17:56:04+00:00","description":"Laissez le drame commencer avec cette robe de mari\u00e9e de conte de f\u00e9es. Le mod\u00e8le CalliopeE est une charmante robe de mari\u00e9e taille basse \u00e0 ligne A, orn\u00e9e de fleurs \u00e9tincelantes, de dentelle de Chantilly et de d\u00e9licats d\u00e9tails floraux en 3D sur le corsage, avec un profond d\u00e9collet\u00e9 en forme de c\u0153ur et de jolies manches amovibles en tulle \u00e0 \u00e9paules tombantes. Son corset illusion dans le dos et sa jupe volumineuse apportent la dose parfaite de drame \u00e0 cette robe royale de r\u00eave.","breadcrumb":{"@id":"https:\/\/www.koonings.com\/fr\/product\/elysee-calliope-2\/#breadcrumb"},"inLanguage":"fr-FR","potentialAction":[{"@type":"ReadAction","target":["https:\/\/www.koonings.com\/fr\/product\/elysee-calliope-2\/"]}]},{"@type":"ImageObject","inLanguage":"fr-FR","@id":"https:\/\/www.koonings.com\/fr\/product\/elysee-calliope-2\/#primaryimage","url":"https:\/\/www.koonings.com\/wp-content\/uploads\/2024\/11\/48824_c8b62a8a8df52d88640ad54888422e4e68f855fa2322ccc301740c69ac7ba7a25ea1cfa4.jpeg","contentUrl":"https:\/\/www.koonings.com\/wp-content\/uploads\/2024\/11\/48824_c8b62a8a8df52d88640ad54888422e4e68f855fa2322ccc301740c69ac7ba7a25ea1cfa4.jpeg","width":952,"height":1349},{"@type":"BreadcrumbList","@id":"https:\/\/www.koonings.com\/fr\/product\/elysee-calliope-2\/#breadcrumb","itemListElement":[{"@type":"ListItem","position":1,"name":"Home","item":"https:\/\/www.koonings.com\/fr\/"},{"@type":"ListItem","position":2,"name":"Elysee Calliope"}]},{"@type":"WebSite","@id":"https:\/\/www.koonings.com\/fr\/#website","url":"https:\/\/www.koonings.com\/fr\/","name":"Koonings","description":"De grootste bruidsmodewinkel ter wereld","publisher":{"@id":"https:\/\/www.koonings.com\/fr\/#organization"},"potentialAction":[{"@type":"SearchAction","target":{"@type":"EntryPoint","urlTemplate":"https:\/\/www.koonings.com\/fr\/?s={search_term_string}"},"query-input":{"@type":"PropertyValueSpecification","valueRequired":true,"valueName":"search_term_string"}}],"inLanguage":"fr-FR"},{"@type":"Organization","@id":"https:\/\/www.koonings.com\/fr\/#organization","name":"Koonings","url":"https:\/\/www.koonings.com\/fr\/","logo":{"@type":"ImageObject","inLanguage":"fr-FR","@id":"https:\/\/www.koonings.com\/fr\/#\/schema\/logo\/image\/","url":"https:\/\/www.koonings.com\/wp-content\/uploads\/2024\/07\/logo.png","contentUrl":"https:\/\/www.koonings.com\/wp-content\/uploads\/2024\/07\/logo.png","width":600,"height":428,"caption":"Koonings"},"image":{"@id":"https:\/\/www.koonings.com\/fr\/#\/schema\/logo\/image\/"},"sameAs":["https:\/\/www.facebook.com\/kooningstheweddingpalace","https:\/\/www.instagram.com\/kooningstheweddingpalace","https:\/\/www.pinterest.com\/koonings","https:\/\/www.youtube.com\/kooningstheweddingpalace"]}]}},"_links":{"self":[{"href":"https:\/\/www.koonings.com\/fr\/wp-json\/wp\/v2\/product\/59392","targetHints":{"allow":["GET"]}}],"collection":[{"href":"https:\/\/www.koonings.com\/fr\/wp-json\/wp\/v2\/product"}],"about":[{"href":"https:\/\/www.koonings.com\/fr\/wp-json\/wp\/v2\/types\/product"}],"wp:featuredmedia":[{"embeddable":true,"href":"https:\/\/www.koonings.com\/fr\/wp-json\/wp\/v2\/media\/52225"}],"wp:attachment":[{"href":"https:\/\/www.koonings.com\/fr\/wp-json\/wp\/v2\/media?parent=59392"}],"wp:term":[{"taxonomy":"productdetails","embeddable":true,"href":"https:\/\/www.koonings.com\/fr\/wp-json\/wp\/v2\/productdetails?post=59392"},{"taxonomy":"productneck","embeddable":true,"href":"https:\/\/www.koonings.com\/fr\/wp-json\/wp\/v2\/productneck?post=59392"},{"taxonomy":"productcolor","embeddable":true,"href":"https:\/\/www.koonings.com\/fr\/wp-json\/wp\/v2\/productcolor?post=59392"},{"taxonomy":"maat","embeddable":true,"href":"https:\/\/www.koonings.com\/fr\/wp-json\/wp\/v2\/maat?post=59392"},{"taxonomy":"productsupplier","embeddable":true,"href":"https:\/\/www.koonings.com\/fr\/wp-json\/wp\/v2\/productsupplier?post=59392"},{"taxonomy":"productsleeve","embeddable":true,"href":"https:\/\/www.koonings.com\/fr\/wp-json\/wp\/v2\/productsleeve?post=59392"},{"taxonomy":"productcategory","embeddable":true,"href":"https:\/\/www.koonings.com\/fr\/wp-json\/wp\/v2\/productcategory?post=59392"},{"taxonomy":"productsilhouette","embeddable":true,"href":"https:\/\/www.koonings.com\/fr\/wp-json\/wp\/v2\/productsilhouette?post=59392"},{"taxonomy":"productstyle","embeddable":true,"href":"https:\/\/www.koonings.com\/fr\/wp-json\/wp\/v2\/productstyle?post=59392"}],"curies":[{"name":"wp","href":"https:\/\/api.w.org\/{rel}","templated":true}]}}