{"id":59389,"date":"2024-11-18T15:46:21","date_gmt":"2024-11-18T14:46:21","guid":{"rendered":"https:\/\/www.koonings.com\/product\/elysee-azzurra\/"},"modified":"2026-02-03T18:56:20","modified_gmt":"2026-02-03T17:56:20","slug":"elysee-azzurra","status":"publish","type":"product","link":"https:\/\/www.koonings.com\/fr\/product\/elysee-azzurra\/","title":{"rendered":"Elysee Azzurra"},"content":{"rendered":"<p>Cette magnifique robe de mari\u00e9e sir\u00e8ne en georgette extensible est orn\u00e9e d&#8217;une \u00e9tincelante dentelle florale perl\u00e9e, d&#8217;une dentelle baroque et d&#8217;une \u00e9tincelante dentelle de Chantilly sur le corsage illusion classique qui m\u00e8ne aux superbes d\u00e9coupes lat\u00e9rales qui descendent jusqu&#8217;\u00e0 une jupe sulfureuse dot\u00e9e d&#8217;une tra\u00eene d\u00e9coup\u00e9e caract\u00e9ristique d&#8217;\u00c9LYS\u00c9E et d&#8217;un ourlet sculpt\u00e9.<\/p>\n","protected":false},"featured_media":52243,"template":"","meta":{"_acf_changed":false,"ghostkit_customizer_options":"","ghostkit_custom_css":"","ghostkit_custom_js_head":"","ghostkit_custom_js_foot":"","ghostkit_typography":""},"productdetails":[379,376],"productneck":[356],"productcolor":[392],"maat":[],"productsupplier":[427],"productsleeve":[359],"productcategory":[18],"productsilhouette":[387],"productstyle":[366,370],"class_list":["post-59389","product","type-product","status-publish","has-post-thumbnail","hentry","productdetails-379","productdetails-376","productneck-356","productcolor-392","productsupplier-elysee","productsleeve-359","productcategory-trouwjurken","productsilhouette-387","productstyle-366","productstyle-370"],"acf":[],"yoast_head":"<!-- This site is optimized with the Yoast SEO plugin v27.3 - https:\/\/yoast.com\/product\/yoast-seo-wordpress\/ -->\n<title>Elysee Azzurra | Koonings<\/title>\n<meta name=\"description\" content=\"Cette magnifique robe de mari\u00e9e sir\u00e8ne en georgette extensible est orn\u00e9e d&#039;une \u00e9tincelante dentelle florale perl\u00e9e, d&#039;une dentelle baroque et d&#039;une \u00e9tincelante dentelle de Chantilly sur le corsage illusion classique qui m\u00e8ne aux superbes d\u00e9coupes lat\u00e9rales qui descendent jusqu&#039;\u00e0 une jupe sulfureuse dot\u00e9e d&#039;une tra\u00eene d\u00e9coup\u00e9e caract\u00e9ristique d&#039;\u00c9LYS\u00c9E et d&#039;un ourlet sculpt\u00e9.\" \/>\n<meta name=\"robots\" content=\"index, follow, max-snippet:-1, max-image-preview:large, max-video-preview:-1\" \/>\n<link rel=\"canonical\" href=\"https:\/\/www.koonings.com\/fr\/product\/elysee-azzurra\/\" \/>\n<meta property=\"og:locale\" content=\"fr_FR\" \/>\n<meta property=\"og:type\" content=\"article\" \/>\n<meta property=\"og:title\" content=\"Elysee Azzurra | Koonings\" \/>\n<meta property=\"og:description\" content=\"Cette magnifique robe de mari\u00e9e sir\u00e8ne en georgette extensible est orn\u00e9e d&#039;une \u00e9tincelante dentelle florale perl\u00e9e, d&#039;une dentelle baroque et d&#039;une \u00e9tincelante dentelle de Chantilly sur le corsage illusion classique qui m\u00e8ne aux superbes d\u00e9coupes lat\u00e9rales qui descendent jusqu&#039;\u00e0 une jupe sulfureuse dot\u00e9e d&#039;une tra\u00eene d\u00e9coup\u00e9e caract\u00e9ristique d&#039;\u00c9LYS\u00c9E et d&#039;un ourlet sculpt\u00e9.\" \/>\n<meta property=\"og:url\" content=\"https:\/\/www.koonings.com\/fr\/product\/elysee-azzurra\/\" \/>\n<meta property=\"og:site_name\" content=\"Koonings\" \/>\n<meta property=\"article:publisher\" content=\"https:\/\/www.facebook.com\/kooningstheweddingpalace\" \/>\n<meta property=\"article:modified_time\" content=\"2026-02-03T17:56:20+00:00\" \/>\n<meta property=\"og:image\" content=\"https:\/\/www.koonings.com\/wp-content\/uploads\/2024\/11\/48827_9034a461eb43e008f81dd827a1e5715711520189057ac43470aaebb0526fd681f6b17109.jpeg\" \/>\n\t<meta property=\"og:image:width\" content=\"942\" \/>\n\t<meta property=\"og:image:height\" content=\"1332\" \/>\n\t<meta property=\"og:image:type\" content=\"image\/jpeg\" \/>\n<meta name=\"twitter:card\" content=\"summary_large_image\" \/>\n<script type=\"application\/ld+json\" class=\"yoast-schema-graph\">{\"@context\":\"https:\\\/\\\/schema.org\",\"@graph\":[{\"@type\":\"WebPage\",\"@id\":\"https:\\\/\\\/www.koonings.com\\\/fr\\\/product\\\/elysee-azzurra\\\/\",\"url\":\"https:\\\/\\\/www.koonings.com\\\/fr\\\/product\\\/elysee-azzurra\\\/\",\"name\":\"Elysee Azzurra | Koonings\",\"isPartOf\":{\"@id\":\"https:\\\/\\\/www.koonings.com\\\/fr\\\/#website\"},\"primaryImageOfPage\":{\"@id\":\"https:\\\/\\\/www.koonings.com\\\/fr\\\/product\\\/elysee-azzurra\\\/#primaryimage\"},\"image\":{\"@id\":\"https:\\\/\\\/www.koonings.com\\\/fr\\\/product\\\/elysee-azzurra\\\/#primaryimage\"},\"thumbnailUrl\":\"https:\\\/\\\/www.koonings.com\\\/wp-content\\\/uploads\\\/2024\\\/11\\\/48827_9034a461eb43e008f81dd827a1e5715711520189057ac43470aaebb0526fd681f6b17109.jpeg\",\"datePublished\":\"2024-11-18T14:46:21+00:00\",\"dateModified\":\"2026-02-03T17:56:20+00:00\",\"description\":\"Cette magnifique robe de mari\u00e9e sir\u00e8ne en georgette extensible est orn\u00e9e d'une \u00e9tincelante dentelle florale perl\u00e9e, d'une dentelle baroque et d'une \u00e9tincelante dentelle de Chantilly sur le corsage illusion classique qui m\u00e8ne aux superbes d\u00e9coupes lat\u00e9rales qui descendent jusqu'\u00e0 une jupe sulfureuse dot\u00e9e d'une tra\u00eene d\u00e9coup\u00e9e caract\u00e9ristique d'\u00c9LYS\u00c9E et d'un ourlet sculpt\u00e9.\",\"breadcrumb\":{\"@id\":\"https:\\\/\\\/www.koonings.com\\\/fr\\\/product\\\/elysee-azzurra\\\/#breadcrumb\"},\"inLanguage\":\"fr-FR\",\"potentialAction\":[{\"@type\":\"ReadAction\",\"target\":[\"https:\\\/\\\/www.koonings.com\\\/fr\\\/product\\\/elysee-azzurra\\\/\"]}]},{\"@type\":\"ImageObject\",\"inLanguage\":\"fr-FR\",\"@id\":\"https:\\\/\\\/www.koonings.com\\\/fr\\\/product\\\/elysee-azzurra\\\/#primaryimage\",\"url\":\"https:\\\/\\\/www.koonings.com\\\/wp-content\\\/uploads\\\/2024\\\/11\\\/48827_9034a461eb43e008f81dd827a1e5715711520189057ac43470aaebb0526fd681f6b17109.jpeg\",\"contentUrl\":\"https:\\\/\\\/www.koonings.com\\\/wp-content\\\/uploads\\\/2024\\\/11\\\/48827_9034a461eb43e008f81dd827a1e5715711520189057ac43470aaebb0526fd681f6b17109.jpeg\",\"width\":942,\"height\":1332},{\"@type\":\"BreadcrumbList\",\"@id\":\"https:\\\/\\\/www.koonings.com\\\/fr\\\/product\\\/elysee-azzurra\\\/#breadcrumb\",\"itemListElement\":[{\"@type\":\"ListItem\",\"position\":1,\"name\":\"Home\",\"item\":\"https:\\\/\\\/www.koonings.com\\\/fr\\\/\"},{\"@type\":\"ListItem\",\"position\":2,\"name\":\"Elysee Azzurra\"}]},{\"@type\":\"WebSite\",\"@id\":\"https:\\\/\\\/www.koonings.com\\\/fr\\\/#website\",\"url\":\"https:\\\/\\\/www.koonings.com\\\/fr\\\/\",\"name\":\"Koonings\",\"description\":\"De grootste bruidsmodewinkel ter wereld\",\"publisher\":{\"@id\":\"https:\\\/\\\/www.koonings.com\\\/fr\\\/#organization\"},\"potentialAction\":[{\"@type\":\"SearchAction\",\"target\":{\"@type\":\"EntryPoint\",\"urlTemplate\":\"https:\\\/\\\/www.koonings.com\\\/fr\\\/?s={search_term_string}\"},\"query-input\":{\"@type\":\"PropertyValueSpecification\",\"valueRequired\":true,\"valueName\":\"search_term_string\"}}],\"inLanguage\":\"fr-FR\"},{\"@type\":\"Organization\",\"@id\":\"https:\\\/\\\/www.koonings.com\\\/fr\\\/#organization\",\"name\":\"Koonings\",\"url\":\"https:\\\/\\\/www.koonings.com\\\/fr\\\/\",\"logo\":{\"@type\":\"ImageObject\",\"inLanguage\":\"fr-FR\",\"@id\":\"https:\\\/\\\/www.koonings.com\\\/fr\\\/#\\\/schema\\\/logo\\\/image\\\/\",\"url\":\"https:\\\/\\\/www.koonings.com\\\/wp-content\\\/uploads\\\/2024\\\/07\\\/logo.png\",\"contentUrl\":\"https:\\\/\\\/www.koonings.com\\\/wp-content\\\/uploads\\\/2024\\\/07\\\/logo.png\",\"width\":600,\"height\":428,\"caption\":\"Koonings\"},\"image\":{\"@id\":\"https:\\\/\\\/www.koonings.com\\\/fr\\\/#\\\/schema\\\/logo\\\/image\\\/\"},\"sameAs\":[\"https:\\\/\\\/www.facebook.com\\\/kooningstheweddingpalace\",\"https:\\\/\\\/www.instagram.com\\\/kooningstheweddingpalace\",\"https:\\\/\\\/www.pinterest.com\\\/koonings\",\"https:\\\/\\\/www.youtube.com\\\/kooningstheweddingpalace\"]}]}<\/script>\n<!-- \/ Yoast SEO plugin. -->","yoast_head_json":{"title":"Elysee Azzurra | Koonings","description":"Cette magnifique robe de mari\u00e9e sir\u00e8ne en georgette extensible est orn\u00e9e d'une \u00e9tincelante dentelle florale perl\u00e9e, d'une dentelle baroque et d'une \u00e9tincelante dentelle de Chantilly sur le corsage illusion classique qui m\u00e8ne aux superbes d\u00e9coupes lat\u00e9rales qui descendent jusqu'\u00e0 une jupe sulfureuse dot\u00e9e d'une tra\u00eene d\u00e9coup\u00e9e caract\u00e9ristique d'\u00c9LYS\u00c9E et d'un ourlet sculpt\u00e9.","robots":{"index":"index","follow":"follow","max-snippet":"max-snippet:-1","max-image-preview":"max-image-preview:large","max-video-preview":"max-video-preview:-1"},"canonical":"https:\/\/www.koonings.com\/fr\/product\/elysee-azzurra\/","og_locale":"fr_FR","og_type":"article","og_title":"Elysee Azzurra | Koonings","og_description":"Cette magnifique robe de mari\u00e9e sir\u00e8ne en georgette extensible est orn\u00e9e d'une \u00e9tincelante dentelle florale perl\u00e9e, d'une dentelle baroque et d'une \u00e9tincelante dentelle de Chantilly sur le corsage illusion classique qui m\u00e8ne aux superbes d\u00e9coupes lat\u00e9rales qui descendent jusqu'\u00e0 une jupe sulfureuse dot\u00e9e d'une tra\u00eene d\u00e9coup\u00e9e caract\u00e9ristique d'\u00c9LYS\u00c9E et d'un ourlet sculpt\u00e9.","og_url":"https:\/\/www.koonings.com\/fr\/product\/elysee-azzurra\/","og_site_name":"Koonings","article_publisher":"https:\/\/www.facebook.com\/kooningstheweddingpalace","article_modified_time":"2026-02-03T17:56:20+00:00","og_image":[{"width":942,"height":1332,"url":"https:\/\/www.koonings.com\/wp-content\/uploads\/2024\/11\/48827_9034a461eb43e008f81dd827a1e5715711520189057ac43470aaebb0526fd681f6b17109.jpeg","type":"image\/jpeg"}],"twitter_card":"summary_large_image","schema":{"@context":"https:\/\/schema.org","@graph":[{"@type":"WebPage","@id":"https:\/\/www.koonings.com\/fr\/product\/elysee-azzurra\/","url":"https:\/\/www.koonings.com\/fr\/product\/elysee-azzurra\/","name":"Elysee Azzurra | Koonings","isPartOf":{"@id":"https:\/\/www.koonings.com\/fr\/#website"},"primaryImageOfPage":{"@id":"https:\/\/www.koonings.com\/fr\/product\/elysee-azzurra\/#primaryimage"},"image":{"@id":"https:\/\/www.koonings.com\/fr\/product\/elysee-azzurra\/#primaryimage"},"thumbnailUrl":"https:\/\/www.koonings.com\/wp-content\/uploads\/2024\/11\/48827_9034a461eb43e008f81dd827a1e5715711520189057ac43470aaebb0526fd681f6b17109.jpeg","datePublished":"2024-11-18T14:46:21+00:00","dateModified":"2026-02-03T17:56:20+00:00","description":"Cette magnifique robe de mari\u00e9e sir\u00e8ne en georgette extensible est orn\u00e9e d'une \u00e9tincelante dentelle florale perl\u00e9e, d'une dentelle baroque et d'une \u00e9tincelante dentelle de Chantilly sur le corsage illusion classique qui m\u00e8ne aux superbes d\u00e9coupes lat\u00e9rales qui descendent jusqu'\u00e0 une jupe sulfureuse dot\u00e9e d'une tra\u00eene d\u00e9coup\u00e9e caract\u00e9ristique d'\u00c9LYS\u00c9E et d'un ourlet sculpt\u00e9.","breadcrumb":{"@id":"https:\/\/www.koonings.com\/fr\/product\/elysee-azzurra\/#breadcrumb"},"inLanguage":"fr-FR","potentialAction":[{"@type":"ReadAction","target":["https:\/\/www.koonings.com\/fr\/product\/elysee-azzurra\/"]}]},{"@type":"ImageObject","inLanguage":"fr-FR","@id":"https:\/\/www.koonings.com\/fr\/product\/elysee-azzurra\/#primaryimage","url":"https:\/\/www.koonings.com\/wp-content\/uploads\/2024\/11\/48827_9034a461eb43e008f81dd827a1e5715711520189057ac43470aaebb0526fd681f6b17109.jpeg","contentUrl":"https:\/\/www.koonings.com\/wp-content\/uploads\/2024\/11\/48827_9034a461eb43e008f81dd827a1e5715711520189057ac43470aaebb0526fd681f6b17109.jpeg","width":942,"height":1332},{"@type":"BreadcrumbList","@id":"https:\/\/www.koonings.com\/fr\/product\/elysee-azzurra\/#breadcrumb","itemListElement":[{"@type":"ListItem","position":1,"name":"Home","item":"https:\/\/www.koonings.com\/fr\/"},{"@type":"ListItem","position":2,"name":"Elysee Azzurra"}]},{"@type":"WebSite","@id":"https:\/\/www.koonings.com\/fr\/#website","url":"https:\/\/www.koonings.com\/fr\/","name":"Koonings","description":"De grootste bruidsmodewinkel ter wereld","publisher":{"@id":"https:\/\/www.koonings.com\/fr\/#organization"},"potentialAction":[{"@type":"SearchAction","target":{"@type":"EntryPoint","urlTemplate":"https:\/\/www.koonings.com\/fr\/?s={search_term_string}"},"query-input":{"@type":"PropertyValueSpecification","valueRequired":true,"valueName":"search_term_string"}}],"inLanguage":"fr-FR"},{"@type":"Organization","@id":"https:\/\/www.koonings.com\/fr\/#organization","name":"Koonings","url":"https:\/\/www.koonings.com\/fr\/","logo":{"@type":"ImageObject","inLanguage":"fr-FR","@id":"https:\/\/www.koonings.com\/fr\/#\/schema\/logo\/image\/","url":"https:\/\/www.koonings.com\/wp-content\/uploads\/2024\/07\/logo.png","contentUrl":"https:\/\/www.koonings.com\/wp-content\/uploads\/2024\/07\/logo.png","width":600,"height":428,"caption":"Koonings"},"image":{"@id":"https:\/\/www.koonings.com\/fr\/#\/schema\/logo\/image\/"},"sameAs":["https:\/\/www.facebook.com\/kooningstheweddingpalace","https:\/\/www.instagram.com\/kooningstheweddingpalace","https:\/\/www.pinterest.com\/koonings","https:\/\/www.youtube.com\/kooningstheweddingpalace"]}]}},"_links":{"self":[{"href":"https:\/\/www.koonings.com\/fr\/wp-json\/wp\/v2\/product\/59389","targetHints":{"allow":["GET"]}}],"collection":[{"href":"https:\/\/www.koonings.com\/fr\/wp-json\/wp\/v2\/product"}],"about":[{"href":"https:\/\/www.koonings.com\/fr\/wp-json\/wp\/v2\/types\/product"}],"wp:featuredmedia":[{"embeddable":true,"href":"https:\/\/www.koonings.com\/fr\/wp-json\/wp\/v2\/media\/52243"}],"wp:attachment":[{"href":"https:\/\/www.koonings.com\/fr\/wp-json\/wp\/v2\/media?parent=59389"}],"wp:term":[{"taxonomy":"productdetails","embeddable":true,"href":"https:\/\/www.koonings.com\/fr\/wp-json\/wp\/v2\/productdetails?post=59389"},{"taxonomy":"productneck","embeddable":true,"href":"https:\/\/www.koonings.com\/fr\/wp-json\/wp\/v2\/productneck?post=59389"},{"taxonomy":"productcolor","embeddable":true,"href":"https:\/\/www.koonings.com\/fr\/wp-json\/wp\/v2\/productcolor?post=59389"},{"taxonomy":"maat","embeddable":true,"href":"https:\/\/www.koonings.com\/fr\/wp-json\/wp\/v2\/maat?post=59389"},{"taxonomy":"productsupplier","embeddable":true,"href":"https:\/\/www.koonings.com\/fr\/wp-json\/wp\/v2\/productsupplier?post=59389"},{"taxonomy":"productsleeve","embeddable":true,"href":"https:\/\/www.koonings.com\/fr\/wp-json\/wp\/v2\/productsleeve?post=59389"},{"taxonomy":"productcategory","embeddable":true,"href":"https:\/\/www.koonings.com\/fr\/wp-json\/wp\/v2\/productcategory?post=59389"},{"taxonomy":"productsilhouette","embeddable":true,"href":"https:\/\/www.koonings.com\/fr\/wp-json\/wp\/v2\/productsilhouette?post=59389"},{"taxonomy":"productstyle","embeddable":true,"href":"https:\/\/www.koonings.com\/fr\/wp-json\/wp\/v2\/productstyle?post=59389"}],"curies":[{"name":"wp","href":"https:\/\/api.w.org\/{rel}","templated":true}]}}