{"id":59376,"date":"2024-11-18T15:46:24","date_gmt":"2024-11-18T14:46:24","guid":{"rendered":"https:\/\/www.koonings.com\/product\/libelle-kiara-2\/"},"modified":"2026-02-03T18:56:43","modified_gmt":"2026-02-03T17:56:43","slug":"libelle-kiara-2","status":"publish","type":"product","link":"https:\/\/www.koonings.com\/fr\/product\/libelle-kiara-2\/","title":{"rendered":"Libelle Kiara"},"content":{"rendered":"<p>Kiara est une magnifique robe de bal mikado qui incarne l&#8217;\u00e9l\u00e9gance intemporelle et la sophistication moderne. Elle pr\u00e9sente une encolure ronde classique et un charmant n\u0153ud \u00e0 la taille, qui ajoute une touche de romantisme ludique \u00e0 ce look de mari\u00e9e. Pour faire passer le glamour au niveau sup\u00e9rieur, Kiara est dot\u00e9e d&#8217;une fente haute qui vous permet de montrer encore plus de peau.  <\/p>\n","protected":false},"featured_media":52331,"template":"","meta":{"_acf_changed":false,"ghostkit_customizer_options":"","ghostkit_custom_css":"","ghostkit_custom_js_head":"","ghostkit_custom_js_foot":"","ghostkit_typography":""},"productdetails":[378],"productneck":[352],"productcolor":[393,392],"maat":[],"productsupplier":[428],"productsleeve":[359],"productcategory":[18],"productsilhouette":[384],"productstyle":[371,366],"class_list":["post-59376","product","type-product","status-publish","has-post-thumbnail","hentry","productdetails-378","productneck-352","productcolor-393","productcolor-392","productsupplier-libelle","productsleeve-359","productcategory-trouwjurken","productsilhouette-384","productstyle-371","productstyle-366"],"acf":[],"yoast_head":"<!-- This site is optimized with the Yoast SEO plugin v27.3 - https:\/\/yoast.com\/product\/yoast-seo-wordpress\/ -->\n<title>Libelle Kiara | Koonings<\/title>\n<meta name=\"description\" content=\"Kiara est une magnifique robe de bal mikado qui incarne l&#039;\u00e9l\u00e9gance intemporelle et la sophistication moderne. Elle pr\u00e9sente une encolure ronde classique et un charmant n\u0153ud \u00e0 la taille, qui ajoute une touche de romantisme ludique \u00e0 ce look de mari\u00e9e. Pour faire passer le glamour au niveau sup\u00e9rieur, Kiara est dot\u00e9e d&#039;une fente haute, qui vous permet de montrer encore plus de peau.\" \/>\n<meta name=\"robots\" content=\"index, follow, max-snippet:-1, max-image-preview:large, max-video-preview:-1\" \/>\n<link rel=\"canonical\" href=\"https:\/\/www.koonings.com\/fr\/product\/libelle-kiara-2\/\" \/>\n<meta property=\"og:locale\" content=\"fr_FR\" \/>\n<meta property=\"og:type\" content=\"article\" \/>\n<meta property=\"og:title\" content=\"Libelle Kiara | Koonings\" \/>\n<meta property=\"og:description\" content=\"Kiara est une magnifique robe de bal mikado qui incarne l&#039;\u00e9l\u00e9gance intemporelle et la sophistication moderne. Elle pr\u00e9sente une encolure ronde classique et un charmant n\u0153ud \u00e0 la taille, qui ajoute une touche de romantisme ludique \u00e0 ce look de mari\u00e9e. Pour faire passer le glamour au niveau sup\u00e9rieur, Kiara est dot\u00e9e d&#039;une fente haute, qui vous permet de montrer encore plus de peau.\" \/>\n<meta property=\"og:url\" content=\"https:\/\/www.koonings.com\/fr\/product\/libelle-kiara-2\/\" \/>\n<meta property=\"og:site_name\" content=\"Koonings\" \/>\n<meta property=\"article:publisher\" content=\"https:\/\/www.facebook.com\/kooningstheweddingpalace\" \/>\n<meta property=\"article:modified_time\" content=\"2026-02-03T17:56:43+00:00\" \/>\n<meta property=\"og:image\" content=\"https:\/\/www.koonings.com\/wp-content\/uploads\/2024\/11\/48847_6ed1db0bfcfbe9802ded1fe72ba744b6a098efd06045a16c76017f66034eeebd2c3180a9.jpeg\" \/>\n\t<meta property=\"og:image:width\" content=\"1731\" \/>\n\t<meta property=\"og:image:height\" content=\"2449\" \/>\n\t<meta property=\"og:image:type\" content=\"image\/jpeg\" \/>\n<meta name=\"twitter:card\" content=\"summary_large_image\" \/>\n<script type=\"application\/ld+json\" class=\"yoast-schema-graph\">{\"@context\":\"https:\\\/\\\/schema.org\",\"@graph\":[{\"@type\":\"WebPage\",\"@id\":\"https:\\\/\\\/www.koonings.com\\\/fr\\\/product\\\/libelle-kiara-2\\\/\",\"url\":\"https:\\\/\\\/www.koonings.com\\\/fr\\\/product\\\/libelle-kiara-2\\\/\",\"name\":\"Libelle Kiara | Koonings\",\"isPartOf\":{\"@id\":\"https:\\\/\\\/www.koonings.com\\\/fr\\\/#website\"},\"primaryImageOfPage\":{\"@id\":\"https:\\\/\\\/www.koonings.com\\\/fr\\\/product\\\/libelle-kiara-2\\\/#primaryimage\"},\"image\":{\"@id\":\"https:\\\/\\\/www.koonings.com\\\/fr\\\/product\\\/libelle-kiara-2\\\/#primaryimage\"},\"thumbnailUrl\":\"https:\\\/\\\/www.koonings.com\\\/wp-content\\\/uploads\\\/2024\\\/11\\\/48847_6ed1db0bfcfbe9802ded1fe72ba744b6a098efd06045a16c76017f66034eeebd2c3180a9.jpeg\",\"datePublished\":\"2024-11-18T14:46:24+00:00\",\"dateModified\":\"2026-02-03T17:56:43+00:00\",\"description\":\"Kiara est une magnifique robe de bal mikado qui incarne l'\u00e9l\u00e9gance intemporelle et la sophistication moderne. Elle pr\u00e9sente une encolure ronde classique et un charmant n\u0153ud \u00e0 la taille, qui ajoute une touche de romantisme ludique \u00e0 ce look de mari\u00e9e. Pour faire passer le glamour au niveau sup\u00e9rieur, Kiara est dot\u00e9e d'une fente haute, qui vous permet de montrer encore plus de peau.\",\"breadcrumb\":{\"@id\":\"https:\\\/\\\/www.koonings.com\\\/fr\\\/product\\\/libelle-kiara-2\\\/#breadcrumb\"},\"inLanguage\":\"fr-FR\",\"potentialAction\":[{\"@type\":\"ReadAction\",\"target\":[\"https:\\\/\\\/www.koonings.com\\\/fr\\\/product\\\/libelle-kiara-2\\\/\"]}]},{\"@type\":\"ImageObject\",\"inLanguage\":\"fr-FR\",\"@id\":\"https:\\\/\\\/www.koonings.com\\\/fr\\\/product\\\/libelle-kiara-2\\\/#primaryimage\",\"url\":\"https:\\\/\\\/www.koonings.com\\\/wp-content\\\/uploads\\\/2024\\\/11\\\/48847_6ed1db0bfcfbe9802ded1fe72ba744b6a098efd06045a16c76017f66034eeebd2c3180a9.jpeg\",\"contentUrl\":\"https:\\\/\\\/www.koonings.com\\\/wp-content\\\/uploads\\\/2024\\\/11\\\/48847_6ed1db0bfcfbe9802ded1fe72ba744b6a098efd06045a16c76017f66034eeebd2c3180a9.jpeg\",\"width\":1731,\"height\":2449},{\"@type\":\"BreadcrumbList\",\"@id\":\"https:\\\/\\\/www.koonings.com\\\/fr\\\/product\\\/libelle-kiara-2\\\/#breadcrumb\",\"itemListElement\":[{\"@type\":\"ListItem\",\"position\":1,\"name\":\"Home\",\"item\":\"https:\\\/\\\/www.koonings.com\\\/fr\\\/\"},{\"@type\":\"ListItem\",\"position\":2,\"name\":\"Libelle Kiara\"}]},{\"@type\":\"WebSite\",\"@id\":\"https:\\\/\\\/www.koonings.com\\\/fr\\\/#website\",\"url\":\"https:\\\/\\\/www.koonings.com\\\/fr\\\/\",\"name\":\"Koonings\",\"description\":\"De grootste bruidsmodewinkel ter wereld\",\"publisher\":{\"@id\":\"https:\\\/\\\/www.koonings.com\\\/fr\\\/#organization\"},\"potentialAction\":[{\"@type\":\"SearchAction\",\"target\":{\"@type\":\"EntryPoint\",\"urlTemplate\":\"https:\\\/\\\/www.koonings.com\\\/fr\\\/?s={search_term_string}\"},\"query-input\":{\"@type\":\"PropertyValueSpecification\",\"valueRequired\":true,\"valueName\":\"search_term_string\"}}],\"inLanguage\":\"fr-FR\"},{\"@type\":\"Organization\",\"@id\":\"https:\\\/\\\/www.koonings.com\\\/fr\\\/#organization\",\"name\":\"Koonings\",\"url\":\"https:\\\/\\\/www.koonings.com\\\/fr\\\/\",\"logo\":{\"@type\":\"ImageObject\",\"inLanguage\":\"fr-FR\",\"@id\":\"https:\\\/\\\/www.koonings.com\\\/fr\\\/#\\\/schema\\\/logo\\\/image\\\/\",\"url\":\"https:\\\/\\\/www.koonings.com\\\/wp-content\\\/uploads\\\/2024\\\/07\\\/logo.png\",\"contentUrl\":\"https:\\\/\\\/www.koonings.com\\\/wp-content\\\/uploads\\\/2024\\\/07\\\/logo.png\",\"width\":600,\"height\":428,\"caption\":\"Koonings\"},\"image\":{\"@id\":\"https:\\\/\\\/www.koonings.com\\\/fr\\\/#\\\/schema\\\/logo\\\/image\\\/\"},\"sameAs\":[\"https:\\\/\\\/www.facebook.com\\\/kooningstheweddingpalace\",\"https:\\\/\\\/www.instagram.com\\\/kooningstheweddingpalace\",\"https:\\\/\\\/www.pinterest.com\\\/koonings\",\"https:\\\/\\\/www.youtube.com\\\/kooningstheweddingpalace\"]}]}<\/script>\n<!-- \/ Yoast SEO plugin. -->","yoast_head_json":{"title":"Libelle Kiara | Koonings","description":"Kiara est une magnifique robe de bal mikado qui incarne l'\u00e9l\u00e9gance intemporelle et la sophistication moderne. Elle pr\u00e9sente une encolure ronde classique et un charmant n\u0153ud \u00e0 la taille, qui ajoute une touche de romantisme ludique \u00e0 ce look de mari\u00e9e. Pour faire passer le glamour au niveau sup\u00e9rieur, Kiara est dot\u00e9e d'une fente haute, qui vous permet de montrer encore plus de peau.","robots":{"index":"index","follow":"follow","max-snippet":"max-snippet:-1","max-image-preview":"max-image-preview:large","max-video-preview":"max-video-preview:-1"},"canonical":"https:\/\/www.koonings.com\/fr\/product\/libelle-kiara-2\/","og_locale":"fr_FR","og_type":"article","og_title":"Libelle Kiara | Koonings","og_description":"Kiara est une magnifique robe de bal mikado qui incarne l'\u00e9l\u00e9gance intemporelle et la sophistication moderne. Elle pr\u00e9sente une encolure ronde classique et un charmant n\u0153ud \u00e0 la taille, qui ajoute une touche de romantisme ludique \u00e0 ce look de mari\u00e9e. Pour faire passer le glamour au niveau sup\u00e9rieur, Kiara est dot\u00e9e d'une fente haute, qui vous permet de montrer encore plus de peau.","og_url":"https:\/\/www.koonings.com\/fr\/product\/libelle-kiara-2\/","og_site_name":"Koonings","article_publisher":"https:\/\/www.facebook.com\/kooningstheweddingpalace","article_modified_time":"2026-02-03T17:56:43+00:00","og_image":[{"width":1731,"height":2449,"url":"https:\/\/www.koonings.com\/wp-content\/uploads\/2024\/11\/48847_6ed1db0bfcfbe9802ded1fe72ba744b6a098efd06045a16c76017f66034eeebd2c3180a9.jpeg","type":"image\/jpeg"}],"twitter_card":"summary_large_image","schema":{"@context":"https:\/\/schema.org","@graph":[{"@type":"WebPage","@id":"https:\/\/www.koonings.com\/fr\/product\/libelle-kiara-2\/","url":"https:\/\/www.koonings.com\/fr\/product\/libelle-kiara-2\/","name":"Libelle Kiara | Koonings","isPartOf":{"@id":"https:\/\/www.koonings.com\/fr\/#website"},"primaryImageOfPage":{"@id":"https:\/\/www.koonings.com\/fr\/product\/libelle-kiara-2\/#primaryimage"},"image":{"@id":"https:\/\/www.koonings.com\/fr\/product\/libelle-kiara-2\/#primaryimage"},"thumbnailUrl":"https:\/\/www.koonings.com\/wp-content\/uploads\/2024\/11\/48847_6ed1db0bfcfbe9802ded1fe72ba744b6a098efd06045a16c76017f66034eeebd2c3180a9.jpeg","datePublished":"2024-11-18T14:46:24+00:00","dateModified":"2026-02-03T17:56:43+00:00","description":"Kiara est une magnifique robe de bal mikado qui incarne l'\u00e9l\u00e9gance intemporelle et la sophistication moderne. Elle pr\u00e9sente une encolure ronde classique et un charmant n\u0153ud \u00e0 la taille, qui ajoute une touche de romantisme ludique \u00e0 ce look de mari\u00e9e. Pour faire passer le glamour au niveau sup\u00e9rieur, Kiara est dot\u00e9e d'une fente haute, qui vous permet de montrer encore plus de peau.","breadcrumb":{"@id":"https:\/\/www.koonings.com\/fr\/product\/libelle-kiara-2\/#breadcrumb"},"inLanguage":"fr-FR","potentialAction":[{"@type":"ReadAction","target":["https:\/\/www.koonings.com\/fr\/product\/libelle-kiara-2\/"]}]},{"@type":"ImageObject","inLanguage":"fr-FR","@id":"https:\/\/www.koonings.com\/fr\/product\/libelle-kiara-2\/#primaryimage","url":"https:\/\/www.koonings.com\/wp-content\/uploads\/2024\/11\/48847_6ed1db0bfcfbe9802ded1fe72ba744b6a098efd06045a16c76017f66034eeebd2c3180a9.jpeg","contentUrl":"https:\/\/www.koonings.com\/wp-content\/uploads\/2024\/11\/48847_6ed1db0bfcfbe9802ded1fe72ba744b6a098efd06045a16c76017f66034eeebd2c3180a9.jpeg","width":1731,"height":2449},{"@type":"BreadcrumbList","@id":"https:\/\/www.koonings.com\/fr\/product\/libelle-kiara-2\/#breadcrumb","itemListElement":[{"@type":"ListItem","position":1,"name":"Home","item":"https:\/\/www.koonings.com\/fr\/"},{"@type":"ListItem","position":2,"name":"Libelle Kiara"}]},{"@type":"WebSite","@id":"https:\/\/www.koonings.com\/fr\/#website","url":"https:\/\/www.koonings.com\/fr\/","name":"Koonings","description":"De grootste bruidsmodewinkel ter wereld","publisher":{"@id":"https:\/\/www.koonings.com\/fr\/#organization"},"potentialAction":[{"@type":"SearchAction","target":{"@type":"EntryPoint","urlTemplate":"https:\/\/www.koonings.com\/fr\/?s={search_term_string}"},"query-input":{"@type":"PropertyValueSpecification","valueRequired":true,"valueName":"search_term_string"}}],"inLanguage":"fr-FR"},{"@type":"Organization","@id":"https:\/\/www.koonings.com\/fr\/#organization","name":"Koonings","url":"https:\/\/www.koonings.com\/fr\/","logo":{"@type":"ImageObject","inLanguage":"fr-FR","@id":"https:\/\/www.koonings.com\/fr\/#\/schema\/logo\/image\/","url":"https:\/\/www.koonings.com\/wp-content\/uploads\/2024\/07\/logo.png","contentUrl":"https:\/\/www.koonings.com\/wp-content\/uploads\/2024\/07\/logo.png","width":600,"height":428,"caption":"Koonings"},"image":{"@id":"https:\/\/www.koonings.com\/fr\/#\/schema\/logo\/image\/"},"sameAs":["https:\/\/www.facebook.com\/kooningstheweddingpalace","https:\/\/www.instagram.com\/kooningstheweddingpalace","https:\/\/www.pinterest.com\/koonings","https:\/\/www.youtube.com\/kooningstheweddingpalace"]}]}},"_links":{"self":[{"href":"https:\/\/www.koonings.com\/fr\/wp-json\/wp\/v2\/product\/59376","targetHints":{"allow":["GET"]}}],"collection":[{"href":"https:\/\/www.koonings.com\/fr\/wp-json\/wp\/v2\/product"}],"about":[{"href":"https:\/\/www.koonings.com\/fr\/wp-json\/wp\/v2\/types\/product"}],"wp:featuredmedia":[{"embeddable":true,"href":"https:\/\/www.koonings.com\/fr\/wp-json\/wp\/v2\/media\/52331"}],"wp:attachment":[{"href":"https:\/\/www.koonings.com\/fr\/wp-json\/wp\/v2\/media?parent=59376"}],"wp:term":[{"taxonomy":"productdetails","embeddable":true,"href":"https:\/\/www.koonings.com\/fr\/wp-json\/wp\/v2\/productdetails?post=59376"},{"taxonomy":"productneck","embeddable":true,"href":"https:\/\/www.koonings.com\/fr\/wp-json\/wp\/v2\/productneck?post=59376"},{"taxonomy":"productcolor","embeddable":true,"href":"https:\/\/www.koonings.com\/fr\/wp-json\/wp\/v2\/productcolor?post=59376"},{"taxonomy":"maat","embeddable":true,"href":"https:\/\/www.koonings.com\/fr\/wp-json\/wp\/v2\/maat?post=59376"},{"taxonomy":"productsupplier","embeddable":true,"href":"https:\/\/www.koonings.com\/fr\/wp-json\/wp\/v2\/productsupplier?post=59376"},{"taxonomy":"productsleeve","embeddable":true,"href":"https:\/\/www.koonings.com\/fr\/wp-json\/wp\/v2\/productsleeve?post=59376"},{"taxonomy":"productcategory","embeddable":true,"href":"https:\/\/www.koonings.com\/fr\/wp-json\/wp\/v2\/productcategory?post=59376"},{"taxonomy":"productsilhouette","embeddable":true,"href":"https:\/\/www.koonings.com\/fr\/wp-json\/wp\/v2\/productsilhouette?post=59376"},{"taxonomy":"productstyle","embeddable":true,"href":"https:\/\/www.koonings.com\/fr\/wp-json\/wp\/v2\/productstyle?post=59376"}],"curies":[{"name":"wp","href":"https:\/\/api.w.org\/{rel}","templated":true}]}}