{"id":59358,"date":"2024-11-18T15:46:32","date_gmt":"2024-11-18T14:46:32","guid":{"rendered":"https:\/\/www.koonings.com\/product\/ladybird-euthalia-lb125ag1-2\/"},"modified":"2026-02-03T18:57:42","modified_gmt":"2026-02-03T17:57:42","slug":"ladybird-euthalia-lb125ag1-2","status":"publish","type":"product","link":"https:\/\/www.koonings.com\/fr\/product\/ladybird-euthalia-lb125ag1-2\/","title":{"rendered":"Coccinelle Euthalia LB125AG1"},"content":{"rendered":"<p>Jouez avec les transparences du tulle dans ce mod\u00e8le long et souple de type A-line. Le corsage pr\u00e9sente un d\u00e9collet\u00e9 en V et des broderies de dentelle et de perles sur les bretelles avec un fond transparent. Le dos est plus transparent et s&#8217;\u00e9vase en un d\u00e9collet\u00e9 en V prononc\u00e9.  <\/p>\n","protected":false},"featured_media":52503,"template":"","meta":{"_acf_changed":false,"ghostkit_customizer_options":"","ghostkit_custom_css":"","ghostkit_custom_js_head":"","ghostkit_custom_js_foot":"","ghostkit_typography":""},"productdetails":[376],"productneck":[356],"productcolor":[392],"maat":[],"productsupplier":[437],"productsleeve":[359],"productcategory":[18],"productsilhouette":[384,389],"productstyle":[366],"class_list":["post-59358","product","type-product","status-publish","has-post-thumbnail","hentry","productdetails-376","productneck-356","productcolor-392","productsupplier-ladybird","productsleeve-359","productcategory-trouwjurken","productsilhouette-384","productsilhouette-389","productstyle-366"],"acf":[],"yoast_head":"<!-- This site is optimized with the Yoast SEO plugin v27.3 - https:\/\/yoast.com\/product\/yoast-seo-wordpress\/ -->\n<title>Coccinelle Euthalia LB125AG1 | Koonings<\/title>\n<meta name=\"description\" content=\"Jouez avec les transparences du tulle dans ce mod\u00e8le long et souple de type A-line. Le corsage pr\u00e9sente un d\u00e9collet\u00e9 en V et des broderies de dentelle et de perles sur les bretelles avec un fond transparent. Le dos est plus transparent et s&#039;\u00e9vase en un d\u00e9collet\u00e9 en V prononc\u00e9.\" \/>\n<meta name=\"robots\" content=\"index, follow, max-snippet:-1, max-image-preview:large, max-video-preview:-1\" \/>\n<link rel=\"canonical\" href=\"https:\/\/www.koonings.com\/fr\/product\/ladybird-euthalia-lb125ag1-2\/\" \/>\n<meta property=\"og:locale\" content=\"fr_FR\" \/>\n<meta property=\"og:type\" content=\"article\" \/>\n<meta property=\"og:title\" content=\"Coccinelle Euthalia LB125AG1 | Koonings\" \/>\n<meta property=\"og:description\" content=\"Jouez avec les transparences du tulle dans ce mod\u00e8le long et souple de type A-line. Le corsage pr\u00e9sente un d\u00e9collet\u00e9 en V et des broderies de dentelle et de perles sur les bretelles avec un fond transparent. Le dos est plus transparent et s&#039;\u00e9vase en un d\u00e9collet\u00e9 en V prononc\u00e9.\" \/>\n<meta property=\"og:url\" content=\"https:\/\/www.koonings.com\/fr\/product\/ladybird-euthalia-lb125ag1-2\/\" \/>\n<meta property=\"og:site_name\" content=\"Koonings\" \/>\n<meta property=\"article:publisher\" content=\"https:\/\/www.facebook.com\/kooningstheweddingpalace\" \/>\n<meta property=\"article:modified_time\" content=\"2026-02-03T17:57:42+00:00\" \/>\n<meta property=\"og:image\" content=\"https:\/\/www.koonings.com\/wp-content\/uploads\/2024\/11\/48871_b25d95fc7bdcba3a93bf87dd7e80827c439087209bf938242e17dd3ebccfa6c87702bf9a-scaled.jpeg\" \/>\n\t<meta property=\"og:image:width\" content=\"1810\" \/>\n\t<meta property=\"og:image:height\" content=\"2560\" \/>\n\t<meta property=\"og:image:type\" content=\"image\/jpeg\" \/>\n<meta name=\"twitter:card\" content=\"summary_large_image\" \/>\n<script type=\"application\/ld+json\" class=\"yoast-schema-graph\">{\"@context\":\"https:\\\/\\\/schema.org\",\"@graph\":[{\"@type\":\"WebPage\",\"@id\":\"https:\\\/\\\/www.koonings.com\\\/fr\\\/product\\\/ladybird-euthalia-lb125ag1-2\\\/\",\"url\":\"https:\\\/\\\/www.koonings.com\\\/fr\\\/product\\\/ladybird-euthalia-lb125ag1-2\\\/\",\"name\":\"Coccinelle Euthalia LB125AG1 | Koonings\",\"isPartOf\":{\"@id\":\"https:\\\/\\\/www.koonings.com\\\/fr\\\/#website\"},\"primaryImageOfPage\":{\"@id\":\"https:\\\/\\\/www.koonings.com\\\/fr\\\/product\\\/ladybird-euthalia-lb125ag1-2\\\/#primaryimage\"},\"image\":{\"@id\":\"https:\\\/\\\/www.koonings.com\\\/fr\\\/product\\\/ladybird-euthalia-lb125ag1-2\\\/#primaryimage\"},\"thumbnailUrl\":\"https:\\\/\\\/www.koonings.com\\\/wp-content\\\/uploads\\\/2024\\\/11\\\/48871_b25d95fc7bdcba3a93bf87dd7e80827c439087209bf938242e17dd3ebccfa6c87702bf9a-scaled.jpeg\",\"datePublished\":\"2024-11-18T14:46:32+00:00\",\"dateModified\":\"2026-02-03T17:57:42+00:00\",\"description\":\"Jouez avec les transparences du tulle dans ce mod\u00e8le long et souple de type A-line. Le corsage pr\u00e9sente un d\u00e9collet\u00e9 en V et des broderies de dentelle et de perles sur les bretelles avec un fond transparent. Le dos est plus transparent et s'\u00e9vase en un d\u00e9collet\u00e9 en V prononc\u00e9.\",\"breadcrumb\":{\"@id\":\"https:\\\/\\\/www.koonings.com\\\/fr\\\/product\\\/ladybird-euthalia-lb125ag1-2\\\/#breadcrumb\"},\"inLanguage\":\"fr-FR\",\"potentialAction\":[{\"@type\":\"ReadAction\",\"target\":[\"https:\\\/\\\/www.koonings.com\\\/fr\\\/product\\\/ladybird-euthalia-lb125ag1-2\\\/\"]}]},{\"@type\":\"ImageObject\",\"inLanguage\":\"fr-FR\",\"@id\":\"https:\\\/\\\/www.koonings.com\\\/fr\\\/product\\\/ladybird-euthalia-lb125ag1-2\\\/#primaryimage\",\"url\":\"https:\\\/\\\/www.koonings.com\\\/wp-content\\\/uploads\\\/2024\\\/11\\\/48871_b25d95fc7bdcba3a93bf87dd7e80827c439087209bf938242e17dd3ebccfa6c87702bf9a-scaled.jpeg\",\"contentUrl\":\"https:\\\/\\\/www.koonings.com\\\/wp-content\\\/uploads\\\/2024\\\/11\\\/48871_b25d95fc7bdcba3a93bf87dd7e80827c439087209bf938242e17dd3ebccfa6c87702bf9a-scaled.jpeg\",\"width\":1810,\"height\":2560},{\"@type\":\"BreadcrumbList\",\"@id\":\"https:\\\/\\\/www.koonings.com\\\/fr\\\/product\\\/ladybird-euthalia-lb125ag1-2\\\/#breadcrumb\",\"itemListElement\":[{\"@type\":\"ListItem\",\"position\":1,\"name\":\"Home\",\"item\":\"https:\\\/\\\/www.koonings.com\\\/fr\\\/\"},{\"@type\":\"ListItem\",\"position\":2,\"name\":\"Coccinelle Euthalia LB125AG1\"}]},{\"@type\":\"WebSite\",\"@id\":\"https:\\\/\\\/www.koonings.com\\\/fr\\\/#website\",\"url\":\"https:\\\/\\\/www.koonings.com\\\/fr\\\/\",\"name\":\"Koonings\",\"description\":\"De grootste bruidsmodewinkel ter wereld\",\"publisher\":{\"@id\":\"https:\\\/\\\/www.koonings.com\\\/fr\\\/#organization\"},\"potentialAction\":[{\"@type\":\"SearchAction\",\"target\":{\"@type\":\"EntryPoint\",\"urlTemplate\":\"https:\\\/\\\/www.koonings.com\\\/fr\\\/?s={search_term_string}\"},\"query-input\":{\"@type\":\"PropertyValueSpecification\",\"valueRequired\":true,\"valueName\":\"search_term_string\"}}],\"inLanguage\":\"fr-FR\"},{\"@type\":\"Organization\",\"@id\":\"https:\\\/\\\/www.koonings.com\\\/fr\\\/#organization\",\"name\":\"Koonings\",\"url\":\"https:\\\/\\\/www.koonings.com\\\/fr\\\/\",\"logo\":{\"@type\":\"ImageObject\",\"inLanguage\":\"fr-FR\",\"@id\":\"https:\\\/\\\/www.koonings.com\\\/fr\\\/#\\\/schema\\\/logo\\\/image\\\/\",\"url\":\"https:\\\/\\\/www.koonings.com\\\/wp-content\\\/uploads\\\/2024\\\/07\\\/logo.png\",\"contentUrl\":\"https:\\\/\\\/www.koonings.com\\\/wp-content\\\/uploads\\\/2024\\\/07\\\/logo.png\",\"width\":600,\"height\":428,\"caption\":\"Koonings\"},\"image\":{\"@id\":\"https:\\\/\\\/www.koonings.com\\\/fr\\\/#\\\/schema\\\/logo\\\/image\\\/\"},\"sameAs\":[\"https:\\\/\\\/www.facebook.com\\\/kooningstheweddingpalace\",\"https:\\\/\\\/www.instagram.com\\\/kooningstheweddingpalace\",\"https:\\\/\\\/www.pinterest.com\\\/koonings\",\"https:\\\/\\\/www.youtube.com\\\/kooningstheweddingpalace\"]}]}<\/script>\n<!-- \/ Yoast SEO plugin. -->","yoast_head_json":{"title":"Coccinelle Euthalia LB125AG1 | Koonings","description":"Jouez avec les transparences du tulle dans ce mod\u00e8le long et souple de type A-line. Le corsage pr\u00e9sente un d\u00e9collet\u00e9 en V et des broderies de dentelle et de perles sur les bretelles avec un fond transparent. Le dos est plus transparent et s'\u00e9vase en un d\u00e9collet\u00e9 en V prononc\u00e9.","robots":{"index":"index","follow":"follow","max-snippet":"max-snippet:-1","max-image-preview":"max-image-preview:large","max-video-preview":"max-video-preview:-1"},"canonical":"https:\/\/www.koonings.com\/fr\/product\/ladybird-euthalia-lb125ag1-2\/","og_locale":"fr_FR","og_type":"article","og_title":"Coccinelle Euthalia LB125AG1 | Koonings","og_description":"Jouez avec les transparences du tulle dans ce mod\u00e8le long et souple de type A-line. Le corsage pr\u00e9sente un d\u00e9collet\u00e9 en V et des broderies de dentelle et de perles sur les bretelles avec un fond transparent. Le dos est plus transparent et s'\u00e9vase en un d\u00e9collet\u00e9 en V prononc\u00e9.","og_url":"https:\/\/www.koonings.com\/fr\/product\/ladybird-euthalia-lb125ag1-2\/","og_site_name":"Koonings","article_publisher":"https:\/\/www.facebook.com\/kooningstheweddingpalace","article_modified_time":"2026-02-03T17:57:42+00:00","og_image":[{"width":1810,"height":2560,"url":"https:\/\/www.koonings.com\/wp-content\/uploads\/2024\/11\/48871_b25d95fc7bdcba3a93bf87dd7e80827c439087209bf938242e17dd3ebccfa6c87702bf9a-scaled.jpeg","type":"image\/jpeg"}],"twitter_card":"summary_large_image","schema":{"@context":"https:\/\/schema.org","@graph":[{"@type":"WebPage","@id":"https:\/\/www.koonings.com\/fr\/product\/ladybird-euthalia-lb125ag1-2\/","url":"https:\/\/www.koonings.com\/fr\/product\/ladybird-euthalia-lb125ag1-2\/","name":"Coccinelle Euthalia LB125AG1 | Koonings","isPartOf":{"@id":"https:\/\/www.koonings.com\/fr\/#website"},"primaryImageOfPage":{"@id":"https:\/\/www.koonings.com\/fr\/product\/ladybird-euthalia-lb125ag1-2\/#primaryimage"},"image":{"@id":"https:\/\/www.koonings.com\/fr\/product\/ladybird-euthalia-lb125ag1-2\/#primaryimage"},"thumbnailUrl":"https:\/\/www.koonings.com\/wp-content\/uploads\/2024\/11\/48871_b25d95fc7bdcba3a93bf87dd7e80827c439087209bf938242e17dd3ebccfa6c87702bf9a-scaled.jpeg","datePublished":"2024-11-18T14:46:32+00:00","dateModified":"2026-02-03T17:57:42+00:00","description":"Jouez avec les transparences du tulle dans ce mod\u00e8le long et souple de type A-line. Le corsage pr\u00e9sente un d\u00e9collet\u00e9 en V et des broderies de dentelle et de perles sur les bretelles avec un fond transparent. Le dos est plus transparent et s'\u00e9vase en un d\u00e9collet\u00e9 en V prononc\u00e9.","breadcrumb":{"@id":"https:\/\/www.koonings.com\/fr\/product\/ladybird-euthalia-lb125ag1-2\/#breadcrumb"},"inLanguage":"fr-FR","potentialAction":[{"@type":"ReadAction","target":["https:\/\/www.koonings.com\/fr\/product\/ladybird-euthalia-lb125ag1-2\/"]}]},{"@type":"ImageObject","inLanguage":"fr-FR","@id":"https:\/\/www.koonings.com\/fr\/product\/ladybird-euthalia-lb125ag1-2\/#primaryimage","url":"https:\/\/www.koonings.com\/wp-content\/uploads\/2024\/11\/48871_b25d95fc7bdcba3a93bf87dd7e80827c439087209bf938242e17dd3ebccfa6c87702bf9a-scaled.jpeg","contentUrl":"https:\/\/www.koonings.com\/wp-content\/uploads\/2024\/11\/48871_b25d95fc7bdcba3a93bf87dd7e80827c439087209bf938242e17dd3ebccfa6c87702bf9a-scaled.jpeg","width":1810,"height":2560},{"@type":"BreadcrumbList","@id":"https:\/\/www.koonings.com\/fr\/product\/ladybird-euthalia-lb125ag1-2\/#breadcrumb","itemListElement":[{"@type":"ListItem","position":1,"name":"Home","item":"https:\/\/www.koonings.com\/fr\/"},{"@type":"ListItem","position":2,"name":"Coccinelle Euthalia LB125AG1"}]},{"@type":"WebSite","@id":"https:\/\/www.koonings.com\/fr\/#website","url":"https:\/\/www.koonings.com\/fr\/","name":"Koonings","description":"De grootste bruidsmodewinkel ter wereld","publisher":{"@id":"https:\/\/www.koonings.com\/fr\/#organization"},"potentialAction":[{"@type":"SearchAction","target":{"@type":"EntryPoint","urlTemplate":"https:\/\/www.koonings.com\/fr\/?s={search_term_string}"},"query-input":{"@type":"PropertyValueSpecification","valueRequired":true,"valueName":"search_term_string"}}],"inLanguage":"fr-FR"},{"@type":"Organization","@id":"https:\/\/www.koonings.com\/fr\/#organization","name":"Koonings","url":"https:\/\/www.koonings.com\/fr\/","logo":{"@type":"ImageObject","inLanguage":"fr-FR","@id":"https:\/\/www.koonings.com\/fr\/#\/schema\/logo\/image\/","url":"https:\/\/www.koonings.com\/wp-content\/uploads\/2024\/07\/logo.png","contentUrl":"https:\/\/www.koonings.com\/wp-content\/uploads\/2024\/07\/logo.png","width":600,"height":428,"caption":"Koonings"},"image":{"@id":"https:\/\/www.koonings.com\/fr\/#\/schema\/logo\/image\/"},"sameAs":["https:\/\/www.facebook.com\/kooningstheweddingpalace","https:\/\/www.instagram.com\/kooningstheweddingpalace","https:\/\/www.pinterest.com\/koonings","https:\/\/www.youtube.com\/kooningstheweddingpalace"]}]}},"_links":{"self":[{"href":"https:\/\/www.koonings.com\/fr\/wp-json\/wp\/v2\/product\/59358","targetHints":{"allow":["GET"]}}],"collection":[{"href":"https:\/\/www.koonings.com\/fr\/wp-json\/wp\/v2\/product"}],"about":[{"href":"https:\/\/www.koonings.com\/fr\/wp-json\/wp\/v2\/types\/product"}],"wp:featuredmedia":[{"embeddable":true,"href":"https:\/\/www.koonings.com\/fr\/wp-json\/wp\/v2\/media\/52503"}],"wp:attachment":[{"href":"https:\/\/www.koonings.com\/fr\/wp-json\/wp\/v2\/media?parent=59358"}],"wp:term":[{"taxonomy":"productdetails","embeddable":true,"href":"https:\/\/www.koonings.com\/fr\/wp-json\/wp\/v2\/productdetails?post=59358"},{"taxonomy":"productneck","embeddable":true,"href":"https:\/\/www.koonings.com\/fr\/wp-json\/wp\/v2\/productneck?post=59358"},{"taxonomy":"productcolor","embeddable":true,"href":"https:\/\/www.koonings.com\/fr\/wp-json\/wp\/v2\/productcolor?post=59358"},{"taxonomy":"maat","embeddable":true,"href":"https:\/\/www.koonings.com\/fr\/wp-json\/wp\/v2\/maat?post=59358"},{"taxonomy":"productsupplier","embeddable":true,"href":"https:\/\/www.koonings.com\/fr\/wp-json\/wp\/v2\/productsupplier?post=59358"},{"taxonomy":"productsleeve","embeddable":true,"href":"https:\/\/www.koonings.com\/fr\/wp-json\/wp\/v2\/productsleeve?post=59358"},{"taxonomy":"productcategory","embeddable":true,"href":"https:\/\/www.koonings.com\/fr\/wp-json\/wp\/v2\/productcategory?post=59358"},{"taxonomy":"productsilhouette","embeddable":true,"href":"https:\/\/www.koonings.com\/fr\/wp-json\/wp\/v2\/productsilhouette?post=59358"},{"taxonomy":"productstyle","embeddable":true,"href":"https:\/\/www.koonings.com\/fr\/wp-json\/wp\/v2\/productstyle?post=59358"}],"curies":[{"name":"wp","href":"https:\/\/api.w.org\/{rel}","templated":true}]}}