{"id":59349,"date":"2024-11-18T15:46:34","date_gmt":"2024-11-18T14:46:34","guid":{"rendered":"https:\/\/www.koonings.com\/product\/enzoani-unique-2\/"},"modified":"2026-02-03T18:57:56","modified_gmt":"2026-02-03T17:57:56","slug":"enzoani-unique-2","status":"publish","type":"product","link":"https:\/\/www.koonings.com\/fr\/product\/enzoani-unique-2\/","title":{"rendered":"Enzoani Unique"},"content":{"rendered":"<p>D\u00e9couvrez UNIQUE, une robe crayon spectaculaire qui allie harmonieusement sophistication moderne et romantisme intemporel. Les appliques florales en mousseline de soie 3D sur le corsage en dentelle brod\u00e9e de fleurs \u00e9tincelantes offrent des d\u00e9tails d\u00e9licats, tandis que la jupe en georgette souple et extensible assure confort et gr\u00e2ce. Avec son dos illusionnant, Unique s\u00e9duit par son \u00e9l\u00e9gance et son allure, parfaite pour la mari\u00e9e qui recherche un look \u00e9l\u00e9gant et intemporel.<\/p>\n","protected":false},"featured_media":52545,"template":"","meta":{"_acf_changed":false,"ghostkit_customizer_options":"","ghostkit_custom_css":"","ghostkit_custom_js_head":"","ghostkit_custom_js_foot":"","ghostkit_typography":""},"productdetails":[379,376,381],"productneck":[352],"productcolor":[393,392],"maat":[],"productsupplier":[406],"productsleeve":[359],"productcategory":[18],"productsilhouette":[387],"productstyle":[371],"class_list":["post-59349","product","type-product","status-publish","has-post-thumbnail","hentry","productdetails-379","productdetails-376","productdetails-381","productneck-352","productcolor-393","productcolor-392","productsupplier-enzoani","productsleeve-359","productcategory-trouwjurken","productsilhouette-387","productstyle-371"],"acf":[],"yoast_head":"<!-- This site is optimized with the Yoast SEO plugin v27.3 - https:\/\/yoast.com\/product\/yoast-seo-wordpress\/ -->\n<title>Enzoani Unique | Koonings<\/title>\n<meta name=\"description\" content=\"D\u00e9couvrez UNIQUE, une robe crayon spectaculaire qui allie harmonieusement sophistication moderne et romantisme intemporel. Les appliques florales en mousseline de soie 3D sur le corsage en dentelle brod\u00e9e de fleurs \u00e9tincelantes offrent des d\u00e9tails d\u00e9licats, tandis que la jupe en georgette souple et extensible assure confort et gr\u00e2ce. Avec son dos illusionnant, Unique s\u00e9duit par son \u00e9l\u00e9gance et son allure, parfaite pour la mari\u00e9e qui recherche un look \u00e9l\u00e9gant et intemporel.\" \/>\n<meta name=\"robots\" content=\"index, follow, max-snippet:-1, max-image-preview:large, max-video-preview:-1\" \/>\n<link rel=\"canonical\" href=\"https:\/\/www.koonings.com\/fr\/product\/enzoani-unique-2\/\" \/>\n<meta property=\"og:locale\" content=\"fr_FR\" \/>\n<meta property=\"og:type\" content=\"article\" \/>\n<meta property=\"og:title\" content=\"Enzoani Unique | Koonings\" \/>\n<meta property=\"og:description\" content=\"D\u00e9couvrez UNIQUE, une robe crayon spectaculaire qui allie harmonieusement sophistication moderne et romantisme intemporel. Les appliques florales en mousseline de soie 3D sur le corsage en dentelle brod\u00e9e de fleurs \u00e9tincelantes offrent des d\u00e9tails d\u00e9licats, tandis que la jupe en georgette souple et extensible assure confort et gr\u00e2ce. Avec son dos illusionnant, Unique s\u00e9duit par son \u00e9l\u00e9gance et son allure, parfaite pour la mari\u00e9e qui recherche un look \u00e9l\u00e9gant et intemporel.\" \/>\n<meta property=\"og:url\" content=\"https:\/\/www.koonings.com\/fr\/product\/enzoani-unique-2\/\" \/>\n<meta property=\"og:site_name\" content=\"Koonings\" \/>\n<meta property=\"article:publisher\" content=\"https:\/\/www.facebook.com\/kooningstheweddingpalace\" \/>\n<meta property=\"article:modified_time\" content=\"2026-02-03T17:57:56+00:00\" \/>\n<meta property=\"og:image\" content=\"https:\/\/www.koonings.com\/wp-content\/uploads\/2024\/11\/48874_4267b99675b97b48b1659ae6420b7c19c59eb6abfb9dd6749f5b9849723b6e516bd5d22c.jpeg\" \/>\n\t<meta property=\"og:image:width\" content=\"1035\" \/>\n\t<meta property=\"og:image:height\" content=\"1380\" \/>\n\t<meta property=\"og:image:type\" content=\"image\/jpeg\" \/>\n<meta name=\"twitter:card\" content=\"summary_large_image\" \/>\n<script type=\"application\/ld+json\" class=\"yoast-schema-graph\">{\"@context\":\"https:\\\/\\\/schema.org\",\"@graph\":[{\"@type\":\"WebPage\",\"@id\":\"https:\\\/\\\/www.koonings.com\\\/fr\\\/product\\\/enzoani-unique-2\\\/\",\"url\":\"https:\\\/\\\/www.koonings.com\\\/fr\\\/product\\\/enzoani-unique-2\\\/\",\"name\":\"Enzoani Unique | Koonings\",\"isPartOf\":{\"@id\":\"https:\\\/\\\/www.koonings.com\\\/fr\\\/#website\"},\"primaryImageOfPage\":{\"@id\":\"https:\\\/\\\/www.koonings.com\\\/fr\\\/product\\\/enzoani-unique-2\\\/#primaryimage\"},\"image\":{\"@id\":\"https:\\\/\\\/www.koonings.com\\\/fr\\\/product\\\/enzoani-unique-2\\\/#primaryimage\"},\"thumbnailUrl\":\"https:\\\/\\\/www.koonings.com\\\/wp-content\\\/uploads\\\/2024\\\/11\\\/48874_4267b99675b97b48b1659ae6420b7c19c59eb6abfb9dd6749f5b9849723b6e516bd5d22c.jpeg\",\"datePublished\":\"2024-11-18T14:46:34+00:00\",\"dateModified\":\"2026-02-03T17:57:56+00:00\",\"description\":\"D\u00e9couvrez UNIQUE, une robe crayon spectaculaire qui allie harmonieusement sophistication moderne et romantisme intemporel. Les appliques florales en mousseline de soie 3D sur le corsage en dentelle brod\u00e9e de fleurs \u00e9tincelantes offrent des d\u00e9tails d\u00e9licats, tandis que la jupe en georgette souple et extensible assure confort et gr\u00e2ce. Avec son dos illusionnant, Unique s\u00e9duit par son \u00e9l\u00e9gance et son allure, parfaite pour la mari\u00e9e qui recherche un look \u00e9l\u00e9gant et intemporel.\",\"breadcrumb\":{\"@id\":\"https:\\\/\\\/www.koonings.com\\\/fr\\\/product\\\/enzoani-unique-2\\\/#breadcrumb\"},\"inLanguage\":\"fr-FR\",\"potentialAction\":[{\"@type\":\"ReadAction\",\"target\":[\"https:\\\/\\\/www.koonings.com\\\/fr\\\/product\\\/enzoani-unique-2\\\/\"]}]},{\"@type\":\"ImageObject\",\"inLanguage\":\"fr-FR\",\"@id\":\"https:\\\/\\\/www.koonings.com\\\/fr\\\/product\\\/enzoani-unique-2\\\/#primaryimage\",\"url\":\"https:\\\/\\\/www.koonings.com\\\/wp-content\\\/uploads\\\/2024\\\/11\\\/48874_4267b99675b97b48b1659ae6420b7c19c59eb6abfb9dd6749f5b9849723b6e516bd5d22c.jpeg\",\"contentUrl\":\"https:\\\/\\\/www.koonings.com\\\/wp-content\\\/uploads\\\/2024\\\/11\\\/48874_4267b99675b97b48b1659ae6420b7c19c59eb6abfb9dd6749f5b9849723b6e516bd5d22c.jpeg\",\"width\":1035,\"height\":1380},{\"@type\":\"BreadcrumbList\",\"@id\":\"https:\\\/\\\/www.koonings.com\\\/fr\\\/product\\\/enzoani-unique-2\\\/#breadcrumb\",\"itemListElement\":[{\"@type\":\"ListItem\",\"position\":1,\"name\":\"Home\",\"item\":\"https:\\\/\\\/www.koonings.com\\\/fr\\\/\"},{\"@type\":\"ListItem\",\"position\":2,\"name\":\"Enzoani Unique\"}]},{\"@type\":\"WebSite\",\"@id\":\"https:\\\/\\\/www.koonings.com\\\/fr\\\/#website\",\"url\":\"https:\\\/\\\/www.koonings.com\\\/fr\\\/\",\"name\":\"Koonings\",\"description\":\"De grootste bruidsmodewinkel ter wereld\",\"publisher\":{\"@id\":\"https:\\\/\\\/www.koonings.com\\\/fr\\\/#organization\"},\"potentialAction\":[{\"@type\":\"SearchAction\",\"target\":{\"@type\":\"EntryPoint\",\"urlTemplate\":\"https:\\\/\\\/www.koonings.com\\\/fr\\\/?s={search_term_string}\"},\"query-input\":{\"@type\":\"PropertyValueSpecification\",\"valueRequired\":true,\"valueName\":\"search_term_string\"}}],\"inLanguage\":\"fr-FR\"},{\"@type\":\"Organization\",\"@id\":\"https:\\\/\\\/www.koonings.com\\\/fr\\\/#organization\",\"name\":\"Koonings\",\"url\":\"https:\\\/\\\/www.koonings.com\\\/fr\\\/\",\"logo\":{\"@type\":\"ImageObject\",\"inLanguage\":\"fr-FR\",\"@id\":\"https:\\\/\\\/www.koonings.com\\\/fr\\\/#\\\/schema\\\/logo\\\/image\\\/\",\"url\":\"https:\\\/\\\/www.koonings.com\\\/wp-content\\\/uploads\\\/2024\\\/07\\\/logo.png\",\"contentUrl\":\"https:\\\/\\\/www.koonings.com\\\/wp-content\\\/uploads\\\/2024\\\/07\\\/logo.png\",\"width\":600,\"height\":428,\"caption\":\"Koonings\"},\"image\":{\"@id\":\"https:\\\/\\\/www.koonings.com\\\/fr\\\/#\\\/schema\\\/logo\\\/image\\\/\"},\"sameAs\":[\"https:\\\/\\\/www.facebook.com\\\/kooningstheweddingpalace\",\"https:\\\/\\\/www.instagram.com\\\/kooningstheweddingpalace\",\"https:\\\/\\\/www.pinterest.com\\\/koonings\",\"https:\\\/\\\/www.youtube.com\\\/kooningstheweddingpalace\"]}]}<\/script>\n<!-- \/ Yoast SEO plugin. -->","yoast_head_json":{"title":"Enzoani Unique | Koonings","description":"D\u00e9couvrez UNIQUE, une robe crayon spectaculaire qui allie harmonieusement sophistication moderne et romantisme intemporel. Les appliques florales en mousseline de soie 3D sur le corsage en dentelle brod\u00e9e de fleurs \u00e9tincelantes offrent des d\u00e9tails d\u00e9licats, tandis que la jupe en georgette souple et extensible assure confort et gr\u00e2ce. Avec son dos illusionnant, Unique s\u00e9duit par son \u00e9l\u00e9gance et son allure, parfaite pour la mari\u00e9e qui recherche un look \u00e9l\u00e9gant et intemporel.","robots":{"index":"index","follow":"follow","max-snippet":"max-snippet:-1","max-image-preview":"max-image-preview:large","max-video-preview":"max-video-preview:-1"},"canonical":"https:\/\/www.koonings.com\/fr\/product\/enzoani-unique-2\/","og_locale":"fr_FR","og_type":"article","og_title":"Enzoani Unique | Koonings","og_description":"D\u00e9couvrez UNIQUE, une robe crayon spectaculaire qui allie harmonieusement sophistication moderne et romantisme intemporel. Les appliques florales en mousseline de soie 3D sur le corsage en dentelle brod\u00e9e de fleurs \u00e9tincelantes offrent des d\u00e9tails d\u00e9licats, tandis que la jupe en georgette souple et extensible assure confort et gr\u00e2ce. Avec son dos illusionnant, Unique s\u00e9duit par son \u00e9l\u00e9gance et son allure, parfaite pour la mari\u00e9e qui recherche un look \u00e9l\u00e9gant et intemporel.","og_url":"https:\/\/www.koonings.com\/fr\/product\/enzoani-unique-2\/","og_site_name":"Koonings","article_publisher":"https:\/\/www.facebook.com\/kooningstheweddingpalace","article_modified_time":"2026-02-03T17:57:56+00:00","og_image":[{"width":1035,"height":1380,"url":"https:\/\/www.koonings.com\/wp-content\/uploads\/2024\/11\/48874_4267b99675b97b48b1659ae6420b7c19c59eb6abfb9dd6749f5b9849723b6e516bd5d22c.jpeg","type":"image\/jpeg"}],"twitter_card":"summary_large_image","schema":{"@context":"https:\/\/schema.org","@graph":[{"@type":"WebPage","@id":"https:\/\/www.koonings.com\/fr\/product\/enzoani-unique-2\/","url":"https:\/\/www.koonings.com\/fr\/product\/enzoani-unique-2\/","name":"Enzoani Unique | Koonings","isPartOf":{"@id":"https:\/\/www.koonings.com\/fr\/#website"},"primaryImageOfPage":{"@id":"https:\/\/www.koonings.com\/fr\/product\/enzoani-unique-2\/#primaryimage"},"image":{"@id":"https:\/\/www.koonings.com\/fr\/product\/enzoani-unique-2\/#primaryimage"},"thumbnailUrl":"https:\/\/www.koonings.com\/wp-content\/uploads\/2024\/11\/48874_4267b99675b97b48b1659ae6420b7c19c59eb6abfb9dd6749f5b9849723b6e516bd5d22c.jpeg","datePublished":"2024-11-18T14:46:34+00:00","dateModified":"2026-02-03T17:57:56+00:00","description":"D\u00e9couvrez UNIQUE, une robe crayon spectaculaire qui allie harmonieusement sophistication moderne et romantisme intemporel. Les appliques florales en mousseline de soie 3D sur le corsage en dentelle brod\u00e9e de fleurs \u00e9tincelantes offrent des d\u00e9tails d\u00e9licats, tandis que la jupe en georgette souple et extensible assure confort et gr\u00e2ce. Avec son dos illusionnant, Unique s\u00e9duit par son \u00e9l\u00e9gance et son allure, parfaite pour la mari\u00e9e qui recherche un look \u00e9l\u00e9gant et intemporel.","breadcrumb":{"@id":"https:\/\/www.koonings.com\/fr\/product\/enzoani-unique-2\/#breadcrumb"},"inLanguage":"fr-FR","potentialAction":[{"@type":"ReadAction","target":["https:\/\/www.koonings.com\/fr\/product\/enzoani-unique-2\/"]}]},{"@type":"ImageObject","inLanguage":"fr-FR","@id":"https:\/\/www.koonings.com\/fr\/product\/enzoani-unique-2\/#primaryimage","url":"https:\/\/www.koonings.com\/wp-content\/uploads\/2024\/11\/48874_4267b99675b97b48b1659ae6420b7c19c59eb6abfb9dd6749f5b9849723b6e516bd5d22c.jpeg","contentUrl":"https:\/\/www.koonings.com\/wp-content\/uploads\/2024\/11\/48874_4267b99675b97b48b1659ae6420b7c19c59eb6abfb9dd6749f5b9849723b6e516bd5d22c.jpeg","width":1035,"height":1380},{"@type":"BreadcrumbList","@id":"https:\/\/www.koonings.com\/fr\/product\/enzoani-unique-2\/#breadcrumb","itemListElement":[{"@type":"ListItem","position":1,"name":"Home","item":"https:\/\/www.koonings.com\/fr\/"},{"@type":"ListItem","position":2,"name":"Enzoani Unique"}]},{"@type":"WebSite","@id":"https:\/\/www.koonings.com\/fr\/#website","url":"https:\/\/www.koonings.com\/fr\/","name":"Koonings","description":"De grootste bruidsmodewinkel ter wereld","publisher":{"@id":"https:\/\/www.koonings.com\/fr\/#organization"},"potentialAction":[{"@type":"SearchAction","target":{"@type":"EntryPoint","urlTemplate":"https:\/\/www.koonings.com\/fr\/?s={search_term_string}"},"query-input":{"@type":"PropertyValueSpecification","valueRequired":true,"valueName":"search_term_string"}}],"inLanguage":"fr-FR"},{"@type":"Organization","@id":"https:\/\/www.koonings.com\/fr\/#organization","name":"Koonings","url":"https:\/\/www.koonings.com\/fr\/","logo":{"@type":"ImageObject","inLanguage":"fr-FR","@id":"https:\/\/www.koonings.com\/fr\/#\/schema\/logo\/image\/","url":"https:\/\/www.koonings.com\/wp-content\/uploads\/2024\/07\/logo.png","contentUrl":"https:\/\/www.koonings.com\/wp-content\/uploads\/2024\/07\/logo.png","width":600,"height":428,"caption":"Koonings"},"image":{"@id":"https:\/\/www.koonings.com\/fr\/#\/schema\/logo\/image\/"},"sameAs":["https:\/\/www.facebook.com\/kooningstheweddingpalace","https:\/\/www.instagram.com\/kooningstheweddingpalace","https:\/\/www.pinterest.com\/koonings","https:\/\/www.youtube.com\/kooningstheweddingpalace"]}]}},"_links":{"self":[{"href":"https:\/\/www.koonings.com\/fr\/wp-json\/wp\/v2\/product\/59349","targetHints":{"allow":["GET"]}}],"collection":[{"href":"https:\/\/www.koonings.com\/fr\/wp-json\/wp\/v2\/product"}],"about":[{"href":"https:\/\/www.koonings.com\/fr\/wp-json\/wp\/v2\/types\/product"}],"wp:featuredmedia":[{"embeddable":true,"href":"https:\/\/www.koonings.com\/fr\/wp-json\/wp\/v2\/media\/52545"}],"wp:attachment":[{"href":"https:\/\/www.koonings.com\/fr\/wp-json\/wp\/v2\/media?parent=59349"}],"wp:term":[{"taxonomy":"productdetails","embeddable":true,"href":"https:\/\/www.koonings.com\/fr\/wp-json\/wp\/v2\/productdetails?post=59349"},{"taxonomy":"productneck","embeddable":true,"href":"https:\/\/www.koonings.com\/fr\/wp-json\/wp\/v2\/productneck?post=59349"},{"taxonomy":"productcolor","embeddable":true,"href":"https:\/\/www.koonings.com\/fr\/wp-json\/wp\/v2\/productcolor?post=59349"},{"taxonomy":"maat","embeddable":true,"href":"https:\/\/www.koonings.com\/fr\/wp-json\/wp\/v2\/maat?post=59349"},{"taxonomy":"productsupplier","embeddable":true,"href":"https:\/\/www.koonings.com\/fr\/wp-json\/wp\/v2\/productsupplier?post=59349"},{"taxonomy":"productsleeve","embeddable":true,"href":"https:\/\/www.koonings.com\/fr\/wp-json\/wp\/v2\/productsleeve?post=59349"},{"taxonomy":"productcategory","embeddable":true,"href":"https:\/\/www.koonings.com\/fr\/wp-json\/wp\/v2\/productcategory?post=59349"},{"taxonomy":"productsilhouette","embeddable":true,"href":"https:\/\/www.koonings.com\/fr\/wp-json\/wp\/v2\/productsilhouette?post=59349"},{"taxonomy":"productstyle","embeddable":true,"href":"https:\/\/www.koonings.com\/fr\/wp-json\/wp\/v2\/productstyle?post=59349"}],"curies":[{"name":"wp","href":"https:\/\/api.w.org\/{rel}","templated":true}]}}